{"id":599,"date":"2024-12-23T10:06:57","date_gmt":"2024-12-23T09:06:57","guid":{"rendered":"https:\/\/evocert.pl\/?page_id=599"},"modified":"2025-08-05T10:14:41","modified_gmt":"2025-08-05T08:14:41","slug":"re_pl_znakowanie","status":"publish","type":"page","link":"https:\/\/evocert.pl\/zh\/re_pl_znakowanie\/","title":{"rendered":"\u6ce2\u5170\u6709\u673a\u519c\u4e1a - \u6807\u8bc6\/\u6807\u6ce8"},"content":{"rendered":"<div class=\"wp-block-group has-heading-color has-text-color has-link-color has-small-font-size wp-elements-133d408d11260cf31aa3361f3324e693 is-vertical is-content-justification-stretch is-layout-flex wp-container-core-group-is-layout-5a9cc5d4 wp-block-group-is-layout-flex\" style=\"padding-right:var(--wp--preset--spacing--50);padding-left:var(--wp--preset--spacing--30);line-height:1.6\">\n<p>\u6b27\u76df\u6709\u673a\u751f\u4ea7\u6807\u5fd7\u65e8\u5728\u4e3a\u6709\u673a\u4ea7\u54c1\u8d4b\u4e88\u7edf \u4e00 \u7684\u89c6\u89c9\u5f62\u8c61\uff0c\u5e2e\u52a9\u6d88\u8d39\u8005\u66f4\u5bb9\u6613\u8bc6\u522b\u6709\u673a\u4ea7\u54c1\uff0c\u5e76\u534f\u52a9\u519c\u6c11\u5728\u6574\u4e2a\u6b27\u76df\u8303\u56f4\u5185\u5c06\u5176\u6295\u653e\u5e02\u573a\u3002<\/p>\n\n\n\n<hr class=\"wp-block-separator has-text-color has-custom-logo-color has-alpha-channel-opacity has-custom-logo-background-color has-background is-style-wide\" style=\"margin-top:var(--wp--preset--spacing--40);margin-bottom:var(--wp--preset--spacing--40)\"\/>\n\n\n\n<div class=\"wp-block-group is-vertical is-layout-flex wp-container-core-group-is-layout-d644fc7a wp-block-group-is-layout-flex\" style=\"margin-top:0\">\n<h5 class=\"wp-block-heading has-custom-logo-color has-text-color has-link-color wp-elements-de5937a0fd304c5712904d828aa9cccf\">\u4f55\u65f6\u53ef\u4ee5\u4f7f\u7528\u8be5\u6807\u5fd7\uff1f<\/h5>\n\n\n\n<p>\u53ea\u6709\u83b7\u5f97\u6388\u6743\u8ba4\u8bc1\u673a\u6784\u9881\u53d1\u7684\u6709\u673a\u751f\u4ea7\u8ba4\u8bc1\u7684\u4ea7\u54c1\uff0c\u65b9\u53ef\u4f7f\u7528\u6709\u673a\u751f\u4ea7\u6807\u5fd7 <\/p>\n\n\n\n<p class=\"translation-block\">\u5728\u6b27\u76df\u5883\u5185\u751f\u4ea7\u5e76\u4f5c\u4e3a\u6709\u673a\u4ea7\u54c1\u9500\u552e\u7684\u6240\u6709\u9884\u5305\u88c5\u6709\u673a\u4ea7\u54c1\uff0c<strong>\u5fc5\u987b<\/strong> \u4f7f\u7528\u8be5\u6807\u5fd7\u3002<\/p>\n\n\n\n<p class=\"translation-block\">\u8be5\u6807\u5fd7 <strong>\u53ef\u4ee5<\/strong> \u7528\u4e8e\u4ee5\u4e0b\u60c5\u5f62\uff1a<\/p>\n\n\n\n<p>\u2013 \u8fdb\u53e3\u81f3\u6b27\u76df\u7684\u4ea7\u54c1\uff0c\u524d\u63d0\u662f\u5176\u7b26\u5408\u6b27\u76df\u5173\u4e8e\u8fdb\u53e3\u7684\u76f8\u5173\u6cd5\u89c4\uff1b<br>\u2013 \u975e\u5305\u88c5\u7684\u6709\u673a\u4ea7\u54c1\uff1b<br>\u2013 \u4ece\u6b27\u76df\u51fa\u53e3\u81f3\u7b2c\u4e09\u56fd\u7684\u4ea7\u54c1\uff1b<br>\u2013 \u7528\u4e8e\u63a8\u5e7f\u6709\u673a\u519c\u4e1a\u7684\u5ba3\u4f20\u8d44\u6599\u548c\u6559\u80b2\u6d3b\u52a8\uff0c\u524d\u63d0\u662f\u5176\u4f7f\u7528\u4e0d\u5f97\u9020\u6210\u8bef\u5bfc\u3002<\/p>\n\n\n\n<p class=\"translation-block\">\u4ee5\u4e0b\u60c5\u5f62 <strong>\u4e0d\u5f97<\/strong> \u4f7f\u7528\u8be5\u6807\u5fd7\uff1a<\/p>\n\n\n\n<p>\u2013 \u542b\u6709 \u5c11\u4e8e 95% \u6709\u673a\u6210\u5206 \u7684\u4ea7\u54c1\uff1b<br>\u2013 \u7528\u4e8e \u96c6\u4f53\u9910\u996e \u7684\u4ea7\u54c1\uff08\u5982\u9910\u5385\u3001\u98df\u5802\u3001\u533b\u9662\u7b49)\uff1b<br>\u2013 \u4e0d\u53d7\u6709\u673a\u519c\u4e1a\u6cd5\u89c4\u7ea6\u675f \u7684\u4ea7\u54c1;<br>\u2013 \u5904\u4e8e\u8f6c\u6362\u671f \u7684\u4ea7\u54c1\u3002<\/p>\n<\/div>\n\n\n\n<hr class=\"wp-block-separator has-text-color has-custom-logo-color has-alpha-channel-opacity has-custom-logo-background-color has-background is-style-wide\" style=\"margin-top:var(--wp--preset--spacing--40);margin-bottom:var(--wp--preset--spacing--40)\"\/>\n\n\n\n<div class=\"wp-block-group is-vertical is-layout-flex wp-container-core-group-is-layout-4515a946 wp-block-group-is-layout-flex\" style=\"margin-top:0;margin-bottom:var(--wp--preset--spacing--30)\">\n<h5 class=\"wp-block-heading has-custom-logo-color has-text-color has-link-color wp-elements-abe6b0048f43d3bff08e903b095ddc14\">\u5982\u4f55\u4f7f\u7528\u8be5\u6807\u5fd7\uff1f<\/h5>\n\n\n\n<p>\u5728\u4f7f\u7528\u6b27\u76df\u6709\u673a\u751f\u4ea7\u6807\u5fd7\u65f6\uff0c\u5fc5\u987b\u786e\u4fdd\uff1a<\/p>\n\n\n\n<p class=\"translation-block\">\u2013 <strong>\u6700\u5c0f\u5c3a\u5bf8<\/strong> \u4e3a 13.5 \u00d7 9 mm\uff0c\u800c\u5bf9\u4e8e\u975e\u5e38\u5c0f\u7684\u5305\u88c5\u4e3a 9 \u00d7 6 mm\uff0c<br>\n\u2013 \u6807\u5fd7\u5177\u6709 <strong>\u6807\u51c6\u989c\u8272<\/strong>\u2014\u2014\u7eff\u8272\u80cc\u666f\u548c\u767d\u8272\u661f\u661f\uff1b\u5f53\u6574\u4e2a\u5305\u88c5\u4e3a\u5355\u8272\u5370\u5237\u65f6\uff0c\u5141\u8bb8\u4f7f\u7528\u5355\u8272\u7248\u672c\u7684\u6807\u5fd7\uff0c<br>\n\u2013 \u4e0d\u5f97\u8fdb\u884c <strong>\u4efb\u4f55\u56fe\u5f62\u4fee\u6539<\/strong>\u3002<\/p>\n\n\n\n<p class=\"translation-block\">\u5728\u6b27\u76df\u6709\u673a\u751f\u4ea7\u6807\u5fd7\u65c1\u5fc5\u987b\u6807\u6ce8\u8ba4\u8bc1\u673a\u6784\u7f16\u53f7\uff08\u4f8b\u5982 <strong>PL-EKO-15<\/strong>\uff09\uff0c\u4ee5\u53ca\u7ec4\u6210\u4ea7\u54c1\u7684\u519c\u4e1a\u539f\u6599\u7684\u4ea7\u5730\u3002<\/p>\n\n\n\n<p class=\"translation-block\">\u8be5\u6807\u5fd7\u53ca\u5176\u8be6\u7ec6\u4f7f\u7528\u6307\u5357\u53ef\u5728\u4ee5\u4e0b\u9875\u9762\u67e5\u9605\uff1a\n<a href=\"https:\/\/agriculture.ec.europa.eu\/farming\/organic-farming\/organic-logo_pl\" target=\"_self\">\u6b27\u76df\u6709\u673a\u751f\u4ea7\u6807\u5fd7<\/a><\/p>\n<\/div>\n<\/div>","protected":false},"excerpt":{"rendered":"<p>Logo produkcji ekologicznej UE ma nadawa\u0107 produktom ekologicznym sp\u00f3jn\u0105 to\u017csamo\u015b\u0107 wizualn\u0105, u\u0142atwia\u0107 konsumentom rozpoznanie produkt\u00f3w ekologicznych i pomaga\u0107 rolnikom we wprowadzaniu ich do obrotu w ca\u0142ej UE. Kiedy mo\u017cna stosowa\u0107 logo? Logo produkcji ekologicznej mo\u017cna u\u017cywa\u0107 tylko dla produkt\u00f3w, kt\u00f3re uzyska\u0142y certyfikat produkcji ekologicznej od upowa\u017cnionej jednostki certyfikuj\u0105cej. Logo musi by\u0107 stosowane dla wszystkich pakowanych [&hellip;]<\/p>","protected":false},"author":2,"featured_media":0,"parent":0,"menu_order":0,"comment_status":"closed","ping_status":"closed","template":"wp-custom-template-oferta-re-pl-znakowanie","meta":{"footnotes":""},"class_list":["post-599","page","type-page","status-publish","hentry"],"yoast_head":"<!-- This site is optimized with the Yoast SEO plugin v26.3 - https:\/\/yoast.com\/wordpress\/plugins\/seo\/ -->\n<title>Rolnictwo ekologiczne w Polsce - znakowanie - EVOCERT<\/title>\n<meta name=\"robots\" content=\"index, follow, max-snippet:-1, max-image-preview:large, max-video-preview:-1\" \/>\n<link rel=\"canonical\" href=\"https:\/\/evocert.pl\/zh\/re_pl_znakowanie\/\" \/>\n<meta property=\"og:locale\" content=\"zh_CN\" \/>\n<meta property=\"og:type\" content=\"article\" \/>\n<meta property=\"og:title\" content=\"Rolnictwo ekologiczne w Polsce - znakowanie - EVOCERT\" \/>\n<meta property=\"og:description\" content=\"Logo produkcji ekologicznej UE ma nadawa\u0107 produktom ekologicznym sp\u00f3jn\u0105 to\u017csamo\u015b\u0107 wizualn\u0105, u\u0142atwia\u0107 konsumentom rozpoznanie produkt\u00f3w ekologicznych i pomaga\u0107 rolnikom we wprowadzaniu ich do obrotu w ca\u0142ej UE. Kiedy mo\u017cna stosowa\u0107 logo? Logo produkcji ekologicznej mo\u017cna u\u017cywa\u0107 tylko dla produkt\u00f3w, kt\u00f3re uzyska\u0142y certyfikat produkcji ekologicznej od upowa\u017cnionej jednostki certyfikuj\u0105cej. Logo musi by\u0107 stosowane dla wszystkich pakowanych [&hellip;]\" \/>\n<meta property=\"og:url\" content=\"https:\/\/evocert.pl\/zh\/re_pl_znakowanie\/\" \/>\n<meta property=\"og:site_name\" content=\"EVOCERT\" \/>\n<meta property=\"article:modified_time\" content=\"2025-08-05T08:14:41+00:00\" \/>\n<meta property=\"og:image\" content=\"https:\/\/evocert.pl\/wp-content\/uploads\/2025\/01\/EVOCERT_logo_KOLOR_PNG.png\" \/>\n\t<meta property=\"og:image:width\" content=\"378\" \/>\n\t<meta property=\"og:image:height\" content=\"378\" \/>\n\t<meta property=\"og:image:type\" content=\"image\/png\" \/>\n<meta name=\"twitter:card\" content=\"summary_large_image\" \/>\n<meta name=\"twitter:label1\" content=\"\u9884\u8ba1\u9605\u8bfb\u65f6\u95f4\" \/>\n\t<meta name=\"twitter:data1\" content=\"1 \u5206\" \/>\n<script type=\"application\/ld+json\" class=\"yoast-schema-graph\">{\"@context\":\"https:\/\/schema.org\",\"@graph\":[{\"@type\":\"WebPage\",\"@id\":\"https:\/\/evocert.pl\/en\/re_pl_znakowanie\/\",\"url\":\"https:\/\/evocert.pl\/en\/re_pl_znakowanie\/\",\"name\":\"Rolnictwo ekologiczne w Polsce - znakowanie - EVOCERT\",\"isPartOf\":{\"@id\":\"https:\/\/evocert.pl\/en\/#website\"},\"datePublished\":\"2024-12-23T09:06:57+00:00\",\"dateModified\":\"2025-08-05T08:14:41+00:00\",\"breadcrumb\":{\"@id\":\"https:\/\/evocert.pl\/en\/re_pl_znakowanie\/#breadcrumb\"},\"inLanguage\":\"zh-Hans\",\"potentialAction\":[{\"@type\":\"ReadAction\",\"target\":[\"https:\/\/evocert.pl\/en\/re_pl_znakowanie\/\"]}]},{\"@type\":\"BreadcrumbList\",\"@id\":\"https:\/\/evocert.pl\/en\/re_pl_znakowanie\/#breadcrumb\",\"itemListElement\":[{\"@type\":\"ListItem\",\"position\":1,\"name\":\"Strona g\u0142\u00f3wna\",\"item\":\"https:\/\/evocert.pl\/en\/\"},{\"@type\":\"ListItem\",\"position\":2,\"name\":\"Rolnictwo ekologiczne w Polsce &#8211; znakowanie\"}]},{\"@type\":\"WebSite\",\"@id\":\"https:\/\/evocert.pl\/en\/#website\",\"url\":\"https:\/\/evocert.pl\/en\/\",\"name\":\"EVOCERT\",\"description\":\"Evolution in certification\",\"publisher\":{\"@id\":\"https:\/\/evocert.pl\/en\/#organization\"},\"potentialAction\":[{\"@type\":\"SearchAction\",\"target\":{\"@type\":\"EntryPoint\",\"urlTemplate\":\"https:\/\/evocert.pl\/en\/?s={search_term_string}\"},\"query-input\":{\"@type\":\"PropertyValueSpecification\",\"valueRequired\":true,\"valueName\":\"search_term_string\"}}],\"inLanguage\":\"zh-Hans\"},{\"@type\":\"Organization\",\"@id\":\"https:\/\/evocert.pl\/en\/#organization\",\"name\":\"EVOCERT\",\"url\":\"https:\/\/evocert.pl\/en\/\",\"logo\":{\"@type\":\"ImageObject\",\"inLanguage\":\"zh-Hans\",\"@id\":\"https:\/\/evocert.pl\/en\/#\/schema\/logo\/image\/\",\"url\":\"https:\/\/evocert.pl\/wp-content\/uploads\/2025\/01\/EVOCERT_logo_KOLOR_PNG.png\",\"contentUrl\":\"https:\/\/evocert.pl\/wp-content\/uploads\/2025\/01\/EVOCERT_logo_KOLOR_PNG.png\",\"width\":378,\"height\":378,\"caption\":\"EVOCERT\"},\"image\":{\"@id\":\"https:\/\/evocert.pl\/en\/#\/schema\/logo\/image\/\"},\"sameAs\":[\"https:\/\/www.linkedin.com\/company\/evocert-sp-z-o-o\"]}]}<\/script>\n<!-- \/ Yoast SEO plugin. -->","yoast_head_json":{"title":"Rolnictwo ekologiczne w Polsce - znakowanie - EVOCERT","robots":{"index":"index","follow":"follow","max-snippet":"max-snippet:-1","max-image-preview":"max-image-preview:large","max-video-preview":"max-video-preview:-1"},"canonical":"https:\/\/evocert.pl\/zh\/re_pl_znakowanie\/","og_locale":"zh_CN","og_type":"article","og_title":"Rolnictwo ekologiczne w Polsce - znakowanie - EVOCERT","og_description":"Logo produkcji ekologicznej UE ma nadawa\u0107 produktom ekologicznym sp\u00f3jn\u0105 to\u017csamo\u015b\u0107 wizualn\u0105, u\u0142atwia\u0107 konsumentom rozpoznanie produkt\u00f3w ekologicznych i pomaga\u0107 rolnikom we wprowadzaniu ich do obrotu w ca\u0142ej UE. Kiedy mo\u017cna stosowa\u0107 logo? Logo produkcji ekologicznej mo\u017cna u\u017cywa\u0107 tylko dla produkt\u00f3w, kt\u00f3re uzyska\u0142y certyfikat produkcji ekologicznej od upowa\u017cnionej jednostki certyfikuj\u0105cej. Logo musi by\u0107 stosowane dla wszystkich pakowanych [&hellip;]","og_url":"https:\/\/evocert.pl\/zh\/re_pl_znakowanie\/","og_site_name":"EVOCERT","article_modified_time":"2025-08-05T08:14:41+00:00","og_image":[{"width":378,"height":378,"url":"https:\/\/evocert.pl\/wp-content\/uploads\/2025\/01\/EVOCERT_logo_KOLOR_PNG.png","type":"image\/png"}],"twitter_card":"summary_large_image","twitter_misc":{"\u9884\u8ba1\u9605\u8bfb\u65f6\u95f4":"1 \u5206"},"schema":{"@context":"https:\/\/schema.org","@graph":[{"@type":"WebPage","@id":"https:\/\/evocert.pl\/en\/re_pl_znakowanie\/","url":"https:\/\/evocert.pl\/en\/re_pl_znakowanie\/","name":"Rolnictwo ekologiczne w Polsce - znakowanie - EVOCERT","isPartOf":{"@id":"https:\/\/evocert.pl\/en\/#website"},"datePublished":"2024-12-23T09:06:57+00:00","dateModified":"2025-08-05T08:14:41+00:00","breadcrumb":{"@id":"https:\/\/evocert.pl\/en\/re_pl_znakowanie\/#breadcrumb"},"inLanguage":"zh-Hans","potentialAction":[{"@type":"ReadAction","target":["https:\/\/evocert.pl\/en\/re_pl_znakowanie\/"]}]},{"@type":"BreadcrumbList","@id":"https:\/\/evocert.pl\/en\/re_pl_znakowanie\/#breadcrumb","itemListElement":[{"@type":"ListItem","position":1,"name":"Strona g\u0142\u00f3wna","item":"https:\/\/evocert.pl\/en\/"},{"@type":"ListItem","position":2,"name":"Rolnictwo ekologiczne w Polsce &#8211; znakowanie"}]},{"@type":"WebSite","@id":"https:\/\/evocert.pl\/en\/#website","url":"https:\/\/evocert.pl\/en\/","name":"EVOCERT","description":"Evolution in certification","publisher":{"@id":"https:\/\/evocert.pl\/en\/#organization"},"potentialAction":[{"@type":"SearchAction","target":{"@type":"EntryPoint","urlTemplate":"https:\/\/evocert.pl\/en\/?s={search_term_string}"},"query-input":{"@type":"PropertyValueSpecification","valueRequired":true,"valueName":"search_term_string"}}],"inLanguage":"zh-Hans"},{"@type":"Organization","@id":"https:\/\/evocert.pl\/en\/#organization","name":"EVOCERT","url":"https:\/\/evocert.pl\/en\/","logo":{"@type":"ImageObject","inLanguage":"zh-Hans","@id":"https:\/\/evocert.pl\/en\/#\/schema\/logo\/image\/","url":"https:\/\/evocert.pl\/wp-content\/uploads\/2025\/01\/EVOCERT_logo_KOLOR_PNG.png","contentUrl":"https:\/\/evocert.pl\/wp-content\/uploads\/2025\/01\/EVOCERT_logo_KOLOR_PNG.png","width":378,"height":378,"caption":"EVOCERT"},"image":{"@id":"https:\/\/evocert.pl\/en\/#\/schema\/logo\/image\/"},"sameAs":["https:\/\/www.linkedin.com\/company\/evocert-sp-z-o-o"]}]}},"_links":{"self":[{"href":"https:\/\/evocert.pl\/zh\/wp-json\/wp\/v2\/pages\/599","targetHints":{"allow":["GET"]}}],"collection":[{"href":"https:\/\/evocert.pl\/zh\/wp-json\/wp\/v2\/pages"}],"about":[{"href":"https:\/\/evocert.pl\/zh\/wp-json\/wp\/v2\/types\/page"}],"author":[{"embeddable":true,"href":"https:\/\/evocert.pl\/zh\/wp-json\/wp\/v2\/users\/2"}],"replies":[{"embeddable":true,"href":"https:\/\/evocert.pl\/zh\/wp-json\/wp\/v2\/comments?post=599"}],"version-history":[{"count":17,"href":"https:\/\/evocert.pl\/zh\/wp-json\/wp\/v2\/pages\/599\/revisions"}],"predecessor-version":[{"id":4778,"href":"https:\/\/evocert.pl\/zh\/wp-json\/wp\/v2\/pages\/599\/revisions\/4778"}],"wp:attachment":[{"href":"https:\/\/evocert.pl\/zh\/wp-json\/wp\/v2\/media?parent=599"}],"curies":[{"name":"wp","href":"https:\/\/api.w.org\/{rel}","templated":true}]}}