{"id":597,"date":"2024-12-23T10:06:37","date_gmt":"2024-12-23T09:06:37","guid":{"rendered":"https:\/\/evocert.pl\/?page_id=597"},"modified":"2025-08-21T14:26:15","modified_gmt":"2025-08-21T12:26:15","slug":"re_pl_prawa_obowiazki","status":"publish","type":"page","link":"https:\/\/evocert.pl\/zh\/re_pl_prawa_obowiazki\/","title":{"rendered":"\u6ce2\u5170\u6709\u673a\u519c\u4e1a\u2014\u5176\u4ed6\u4fe1\u606f"},"content":{"rendered":"<div class=\"wp-block-group has-heading-color has-text-color has-link-color has-small-font-size wp-elements-5acd6543729676a54b76069bd8beb396 is-vertical is-content-justification-stretch is-layout-flex wp-container-core-group-is-layout-32a4a758 wp-block-group-is-layout-flex\" style=\"padding-right:var(--wp--preset--spacing--50);padding-left:var(--wp--preset--spacing--40);line-height:1.6\">\n<div class=\"wp-block-group is-vertical is-layout-flex wp-container-core-group-is-layout-d644fc7a wp-block-group-is-layout-flex\" style=\"margin-top:0\">\n<h5 class=\"wp-block-heading has-custom-logo-color has-text-color has-link-color wp-elements-0608a02fc3039d7718b09acc0815e49c\">\u6709\u673a\u751f\u4ea7\u6761\u4ef6\u7684\u4f8b\u5916\uff08\u8c41\u514d\uff09<\/h5>\n\n\n\n<p>\u5728\u7279\u6b8a\u60c5\u51b5\u4e0b\uff0c\u6709\u673a\u751f\u4ea7\u8005\u53ef\u7533\u8bf7 \u504f\u79bb\u6807\u51c6\u6709\u673a\u751f\u4ea7\u8981\u6c42\u7684\u8bb8\u53ef\u3002<\/p>\n\n\n\n<p class=\"translation-block\">\u76f8\u5173\u8868\u683c\u53ca\u8be6\u7ec6\u4fe1\u606f\u53ef\u5728\u4ee5\u4e0b\u9875\u9762\u67e5\u9605\uff1a\n<a href=\"https:\/\/www.gov.pl\/web\/ijhars\/odstepstwa-od-warunkow-produkcji-ekologicznej\" target=\"_self\">\u6709\u673a\u751f\u4ea7\u6761\u4ef6\u7684\u8c41\u514d<\/a>.<\/p>\n<\/div>\n\n\n\n<hr class=\"wp-block-separator has-text-color has-custom-logo-color has-alpha-channel-opacity has-custom-logo-background-color has-background is-style-wide\" style=\"margin-top:var(--wp--preset--spacing--40);margin-bottom:var(--wp--preset--spacing--40)\"\/>\n\n\n\n<div class=\"wp-block-group is-vertical is-layout-flex wp-container-core-group-is-layout-d644fc7a wp-block-group-is-layout-flex\" style=\"margin-top:0\">\n<h5 class=\"wp-block-heading has-custom-logo-color has-text-color has-link-color wp-elements-df698ce09de3021b97949e4f55fd8606\">\u8bc1\u4e66<\/h5>\n\n\n\n<p class=\"translation-block\">\u6709\u673a\u519c\u4e1a\u5e02\u573a\u53c2\u4e0e\u8005\u7684\u8bc1\u4e66\u901a\u8fc7\u6b27\u76df\u4fe1\u606f\u7cfb\u7edf TRACES \u7b7e\u53d1\u5e76\u516c\u5f00\u53d1\u5e03\uff1a\n<a href=\"https:\/\/webgate.ec.europa.eu\/tracesnt\/directory\/publication\/organic-operator\/index\" target=\"_self\">https:\/\/webgate.ec.europa.eu\/tracesnt\/directory\/publication\/organic-operator\/index\n<\/a><\/p>\n<\/div>\n\n\n\n<hr class=\"wp-block-separator has-text-color has-custom-logo-color has-alpha-channel-opacity has-custom-logo-background-color has-background is-style-wide\" style=\"margin-top:var(--wp--preset--spacing--40);margin-bottom:var(--wp--preset--spacing--40)\"\/>\n\n\n\n<div class=\"wp-block-group is-vertical is-layout-flex wp-container-core-group-is-layout-d644fc7a wp-block-group-is-layout-flex\" style=\"margin-top:0\">\n<h5 class=\"wp-block-heading has-custom-logo-color has-text-color has-link-color wp-elements-757b6152dc95eafe53a53a325008053f\">\u7edf\u4e00\u63aa\u65bd\u76ee\u5f55<\/h5>\n\n\n\n<p class=\"translation-block\">EVOCERT \u5df2\u91c7\u7528\u300a\u7edf\u4e00\u63aa\u65bd\u76ee\u5f55\u300b\u3002\u8be5\u76ee\u5f55\u7531\u6ce2\u5170\u519c\u4ea7\u54c1\u4e0e\u98df\u54c1\u5546\u4e1a\u8d28\u91cf\u603b\u76d1\u5bdf\u5c40\uff08IJHARS\uff09\u5236\u5b9a\uff0c\u5176\u89c4\u5b9a\u5728\u53d1\u73b0\u6709\u673a\u519c\u4e1a\u4e0d\u7b26\u5408\u9879\u65f6\u7531\u5404\u8ba4\u8bc1\u673a\u6784\u7edf\u4e00\u6267\u884c\u3002\u8be5\u76ee\u5f55\u53ef\u5728\n<a href=\"https:\/\/www.gov.pl\/web\/ijhars\/jednostki-certyfikujace\" target=\"_self\">IJHARS \u5b98\u65b9\u7f51\u7ad9<\/a> \u4e0a\u67e5\u9605\u3002<\/p>\n<\/div>\n\n\n\n<hr class=\"wp-block-separator has-text-color has-custom-logo-color has-alpha-channel-opacity has-custom-logo-background-color has-background is-style-wide\" style=\"margin-top:var(--wp--preset--spacing--40);margin-bottom:var(--wp--preset--spacing--40)\"\/>\n\n\n\n<div class=\"wp-block-group is-vertical is-layout-flex wp-container-core-group-is-layout-24a68a53 wp-block-group-is-layout-flex\" style=\"margin-top:0;margin-bottom:var(--wp--preset--spacing--50)\">\n<h5 class=\"wp-block-heading has-custom-logo-color has-text-color has-link-color wp-elements-02f2e99eaf449aa200dcbb67d5afbf64\">\u5176\u4ed6<\/h5>\n\n\n\n<p>\u6709\u5173\u6709\u673a\u751f\u4ea7\u7684\u66f4\u591a\u4fe1\u606f\u53ef\u5728\u4ee5\u4e0b\u9875\u9762\u67e5\u9605\uff1a<\/p>\n\n\n\n<p><a href=\"https:\/\/www.gov.pl\/web\/rolnictwo\/rolnictwo-ekologiczne1\">\u6709\u673a\u751f\u4ea7\u4e0e\u6709\u673a\u519c\u4e1a \u2014\u4e86\u89e3\u66f4\u591a<\/a><strong><br><\/strong><a href=\"https:\/\/www.gov.pl\/web\/ijhars\/rolnictwo-ekologiczne\">\u6709\u673a\u519c\u4e1a<\/a><\/p>\n<\/div>\n<\/div>","protected":false},"excerpt":{"rendered":"<p>Odst\u0119pstwa od warunk\u00f3w produkcji ekologicznej W szczeg\u00f3lnych przypadkach producenci ekologiczni mog\u0105 ubiega\u0107 si\u0119 o zgod\u0119 na odst\u0119pstwa od standardowych wymog\u00f3w produkcji ekologicznej. Formularze oraz szczeg\u00f3\u0142owe informacje dost\u0119pne s\u0105 na stronie Odst\u0119pstwa od warunk\u00f3w produkcji ekologicznej. Certyfikaty Certyfikaty dla uczestnik\u00f3w rynku rolnictwa ekologicznego s\u0105 wystawiane i udost\u0119pniane w unijnym systemie informatycznym\u00a0TRACES:\u00a0https:\/\/webgate.ec.europa.eu\/tracesnt\/directory\/publication\/organic-operator\/index Wsp\u00f3lny katalog \u015brodk\u00f3w EVOCERT przyj\u0105\u0142 [&hellip;]<\/p>","protected":false},"author":2,"featured_media":0,"parent":0,"menu_order":0,"comment_status":"closed","ping_status":"closed","template":"wp-custom-template-oferta-re-pl-prawa-obowiazki","meta":{"footnotes":""},"class_list":["post-597","page","type-page","status-publish","hentry"],"yoast_head":"<!-- This site is optimized with the Yoast SEO plugin v26.3 - https:\/\/yoast.com\/wordpress\/plugins\/seo\/ -->\n<title>Rolnictwo ekologiczne w Polsce - inne informacje - EVOCERT<\/title>\n<meta name=\"robots\" content=\"index, follow, max-snippet:-1, max-image-preview:large, max-video-preview:-1\" \/>\n<link rel=\"canonical\" href=\"https:\/\/evocert.pl\/zh\/re_pl_prawa_obowiazki\/\" \/>\n<meta property=\"og:locale\" content=\"zh_CN\" \/>\n<meta property=\"og:type\" content=\"article\" \/>\n<meta property=\"og:title\" content=\"Rolnictwo ekologiczne w Polsce - inne informacje - EVOCERT\" \/>\n<meta property=\"og:description\" content=\"Odst\u0119pstwa od warunk\u00f3w produkcji ekologicznej W szczeg\u00f3lnych przypadkach producenci ekologiczni mog\u0105 ubiega\u0107 si\u0119 o zgod\u0119 na odst\u0119pstwa od standardowych wymog\u00f3w produkcji ekologicznej. Formularze oraz szczeg\u00f3\u0142owe informacje dost\u0119pne s\u0105 na stronie Odst\u0119pstwa od warunk\u00f3w produkcji ekologicznej. Certyfikaty Certyfikaty dla uczestnik\u00f3w rynku rolnictwa ekologicznego s\u0105 wystawiane i udost\u0119pniane w unijnym systemie informatycznym\u00a0TRACES:\u00a0https:\/\/webgate.ec.europa.eu\/tracesnt\/directory\/publication\/organic-operator\/index Wsp\u00f3lny katalog \u015brodk\u00f3w EVOCERT przyj\u0105\u0142 [&hellip;]\" \/>\n<meta property=\"og:url\" content=\"https:\/\/evocert.pl\/zh\/re_pl_prawa_obowiazki\/\" \/>\n<meta property=\"og:site_name\" content=\"EVOCERT\" \/>\n<meta property=\"article:modified_time\" content=\"2025-08-21T12:26:15+00:00\" \/>\n<meta property=\"og:image\" content=\"https:\/\/evocert.pl\/wp-content\/uploads\/2025\/01\/EVOCERT_logo_KOLOR_PNG.png\" \/>\n\t<meta property=\"og:image:width\" content=\"378\" \/>\n\t<meta property=\"og:image:height\" content=\"378\" \/>\n\t<meta property=\"og:image:type\" content=\"image\/png\" \/>\n<meta name=\"twitter:card\" content=\"summary_large_image\" \/>\n<meta name=\"twitter:label1\" content=\"\u9884\u8ba1\u9605\u8bfb\u65f6\u95f4\" \/>\n\t<meta name=\"twitter:data1\" content=\"1 \u5206\" \/>\n<script type=\"application\/ld+json\" class=\"yoast-schema-graph\">{\"@context\":\"https:\/\/schema.org\",\"@graph\":[{\"@type\":\"WebPage\",\"@id\":\"https:\/\/evocert.pl\/re_pl_prawa_obowiazki\/\",\"url\":\"https:\/\/evocert.pl\/re_pl_prawa_obowiazki\/\",\"name\":\"Rolnictwo ekologiczne w Polsce - inne informacje - EVOCERT\",\"isPartOf\":{\"@id\":\"https:\/\/evocert.pl\/en\/#website\"},\"datePublished\":\"2024-12-23T09:06:37+00:00\",\"dateModified\":\"2025-08-21T12:26:15+00:00\",\"breadcrumb\":{\"@id\":\"https:\/\/evocert.pl\/re_pl_prawa_obowiazki\/#breadcrumb\"},\"inLanguage\":\"zh-Hans\",\"potentialAction\":[{\"@type\":\"ReadAction\",\"target\":[\"https:\/\/evocert.pl\/re_pl_prawa_obowiazki\/\"]}]},{\"@type\":\"BreadcrumbList\",\"@id\":\"https:\/\/evocert.pl\/re_pl_prawa_obowiazki\/#breadcrumb\",\"itemListElement\":[{\"@type\":\"ListItem\",\"position\":1,\"name\":\"Strona g\u0142\u00f3wna\",\"item\":\"https:\/\/evocert.pl\/en\/\"},{\"@type\":\"ListItem\",\"position\":2,\"name\":\"Rolnictwo ekologiczne w Polsce &#8211; inne informacje\"}]},{\"@type\":\"WebSite\",\"@id\":\"https:\/\/evocert.pl\/en\/#website\",\"url\":\"https:\/\/evocert.pl\/en\/\",\"name\":\"EVOCERT\",\"description\":\"Evolution in certification\",\"publisher\":{\"@id\":\"https:\/\/evocert.pl\/en\/#organization\"},\"potentialAction\":[{\"@type\":\"SearchAction\",\"target\":{\"@type\":\"EntryPoint\",\"urlTemplate\":\"https:\/\/evocert.pl\/en\/?s={search_term_string}\"},\"query-input\":{\"@type\":\"PropertyValueSpecification\",\"valueRequired\":true,\"valueName\":\"search_term_string\"}}],\"inLanguage\":\"zh-Hans\"},{\"@type\":\"Organization\",\"@id\":\"https:\/\/evocert.pl\/en\/#organization\",\"name\":\"EVOCERT\",\"url\":\"https:\/\/evocert.pl\/en\/\",\"logo\":{\"@type\":\"ImageObject\",\"inLanguage\":\"zh-Hans\",\"@id\":\"https:\/\/evocert.pl\/en\/#\/schema\/logo\/image\/\",\"url\":\"https:\/\/evocert.pl\/wp-content\/uploads\/2025\/01\/EVOCERT_logo_KOLOR_PNG.png\",\"contentUrl\":\"https:\/\/evocert.pl\/wp-content\/uploads\/2025\/01\/EVOCERT_logo_KOLOR_PNG.png\",\"width\":378,\"height\":378,\"caption\":\"EVOCERT\"},\"image\":{\"@id\":\"https:\/\/evocert.pl\/en\/#\/schema\/logo\/image\/\"},\"sameAs\":[\"https:\/\/www.linkedin.com\/company\/evocert-sp-z-o-o\"]}]}<\/script>\n<!-- \/ Yoast SEO plugin. -->","yoast_head_json":{"title":"Rolnictwo ekologiczne w Polsce - inne informacje - EVOCERT","robots":{"index":"index","follow":"follow","max-snippet":"max-snippet:-1","max-image-preview":"max-image-preview:large","max-video-preview":"max-video-preview:-1"},"canonical":"https:\/\/evocert.pl\/zh\/re_pl_prawa_obowiazki\/","og_locale":"zh_CN","og_type":"article","og_title":"Rolnictwo ekologiczne w Polsce - inne informacje - EVOCERT","og_description":"Odst\u0119pstwa od warunk\u00f3w produkcji ekologicznej W szczeg\u00f3lnych przypadkach producenci ekologiczni mog\u0105 ubiega\u0107 si\u0119 o zgod\u0119 na odst\u0119pstwa od standardowych wymog\u00f3w produkcji ekologicznej. Formularze oraz szczeg\u00f3\u0142owe informacje dost\u0119pne s\u0105 na stronie Odst\u0119pstwa od warunk\u00f3w produkcji ekologicznej. Certyfikaty Certyfikaty dla uczestnik\u00f3w rynku rolnictwa ekologicznego s\u0105 wystawiane i udost\u0119pniane w unijnym systemie informatycznym\u00a0TRACES:\u00a0https:\/\/webgate.ec.europa.eu\/tracesnt\/directory\/publication\/organic-operator\/index Wsp\u00f3lny katalog \u015brodk\u00f3w EVOCERT przyj\u0105\u0142 [&hellip;]","og_url":"https:\/\/evocert.pl\/zh\/re_pl_prawa_obowiazki\/","og_site_name":"EVOCERT","article_modified_time":"2025-08-21T12:26:15+00:00","og_image":[{"width":378,"height":378,"url":"https:\/\/evocert.pl\/wp-content\/uploads\/2025\/01\/EVOCERT_logo_KOLOR_PNG.png","type":"image\/png"}],"twitter_card":"summary_large_image","twitter_misc":{"\u9884\u8ba1\u9605\u8bfb\u65f6\u95f4":"1 \u5206"},"schema":{"@context":"https:\/\/schema.org","@graph":[{"@type":"WebPage","@id":"https:\/\/evocert.pl\/re_pl_prawa_obowiazki\/","url":"https:\/\/evocert.pl\/re_pl_prawa_obowiazki\/","name":"Rolnictwo ekologiczne w Polsce - inne informacje - EVOCERT","isPartOf":{"@id":"https:\/\/evocert.pl\/en\/#website"},"datePublished":"2024-12-23T09:06:37+00:00","dateModified":"2025-08-21T12:26:15+00:00","breadcrumb":{"@id":"https:\/\/evocert.pl\/re_pl_prawa_obowiazki\/#breadcrumb"},"inLanguage":"zh-Hans","potentialAction":[{"@type":"ReadAction","target":["https:\/\/evocert.pl\/re_pl_prawa_obowiazki\/"]}]},{"@type":"BreadcrumbList","@id":"https:\/\/evocert.pl\/re_pl_prawa_obowiazki\/#breadcrumb","itemListElement":[{"@type":"ListItem","position":1,"name":"Strona g\u0142\u00f3wna","item":"https:\/\/evocert.pl\/en\/"},{"@type":"ListItem","position":2,"name":"Rolnictwo ekologiczne w Polsce &#8211; inne informacje"}]},{"@type":"WebSite","@id":"https:\/\/evocert.pl\/en\/#website","url":"https:\/\/evocert.pl\/en\/","name":"EVOCERT","description":"Evolution in certification","publisher":{"@id":"https:\/\/evocert.pl\/en\/#organization"},"potentialAction":[{"@type":"SearchAction","target":{"@type":"EntryPoint","urlTemplate":"https:\/\/evocert.pl\/en\/?s={search_term_string}"},"query-input":{"@type":"PropertyValueSpecification","valueRequired":true,"valueName":"search_term_string"}}],"inLanguage":"zh-Hans"},{"@type":"Organization","@id":"https:\/\/evocert.pl\/en\/#organization","name":"EVOCERT","url":"https:\/\/evocert.pl\/en\/","logo":{"@type":"ImageObject","inLanguage":"zh-Hans","@id":"https:\/\/evocert.pl\/en\/#\/schema\/logo\/image\/","url":"https:\/\/evocert.pl\/wp-content\/uploads\/2025\/01\/EVOCERT_logo_KOLOR_PNG.png","contentUrl":"https:\/\/evocert.pl\/wp-content\/uploads\/2025\/01\/EVOCERT_logo_KOLOR_PNG.png","width":378,"height":378,"caption":"EVOCERT"},"image":{"@id":"https:\/\/evocert.pl\/en\/#\/schema\/logo\/image\/"},"sameAs":["https:\/\/www.linkedin.com\/company\/evocert-sp-z-o-o"]}]}},"_links":{"self":[{"href":"https:\/\/evocert.pl\/zh\/wp-json\/wp\/v2\/pages\/597","targetHints":{"allow":["GET"]}}],"collection":[{"href":"https:\/\/evocert.pl\/zh\/wp-json\/wp\/v2\/pages"}],"about":[{"href":"https:\/\/evocert.pl\/zh\/wp-json\/wp\/v2\/types\/page"}],"author":[{"embeddable":true,"href":"https:\/\/evocert.pl\/zh\/wp-json\/wp\/v2\/users\/2"}],"replies":[{"embeddable":true,"href":"https:\/\/evocert.pl\/zh\/wp-json\/wp\/v2\/comments?post=597"}],"version-history":[{"count":11,"href":"https:\/\/evocert.pl\/zh\/wp-json\/wp\/v2\/pages\/597\/revisions"}],"predecessor-version":[{"id":4398,"href":"https:\/\/evocert.pl\/zh\/wp-json\/wp\/v2\/pages\/597\/revisions\/4398"}],"wp:attachment":[{"href":"https:\/\/evocert.pl\/zh\/wp-json\/wp\/v2\/media?parent=597"}],"curies":[{"name":"wp","href":"https:\/\/api.w.org\/{rel}","templated":true}]}}