{"id":593,"date":"2024-12-23T10:06:06","date_gmt":"2024-12-23T09:06:06","guid":{"rendered":"https:\/\/evocert.pl\/?page_id=593"},"modified":"2025-08-21T14:26:55","modified_gmt":"2025-08-21T12:26:55","slug":"re_pl_wnioski","status":"publish","type":"page","link":"https:\/\/evocert.pl\/zh\/re_pl_wnioski\/","title":{"rendered":"\u6ce2\u5170\u6709\u673a\u519c\u4e1a\u2014 \u5982\u4f55\u5f00\u59cb"},"content":{"rendered":"<div class=\"wp-block-group has-heading-color has-text-color has-link-color has-small-font-size wp-elements-a01500ce5bd5bce2ba9166fd30ce7bf3 is-vertical is-content-justification-stretch is-layout-flex wp-container-core-group-is-layout-da8380c8 wp-block-group-is-layout-flex\" style=\"margin-bottom:0;padding-right:var(--wp--preset--spacing--60);padding-left:var(--wp--preset--spacing--30);line-height:1.6\">\n<div class=\"wp-block-group is-vertical is-layout-flex wp-container-core-group-is-layout-fe9cc265 wp-block-group-is-layout-flex\">\n<p>\u5728\u5f00\u59cb\u4ece\u4e8b\u6709\u673a\u4ea7\u54c1\uff08\u6216\u201c\u5904\u4e8e\u8f6c\u6362\u671f\u201d\u7684\u4ea7\u54c1\uff09\u7684\u751f\u4ea7\u3001\u51c6\u5907\u3001\u5206\u9500\u3001\u50a8\u5b58\u3001\u8fdb\u53e3\u6216\u51fa\u53e3\u4e4b\u524d\uff0c\u5fc5\u987b\u5411\u6388\u6743\u7684\u8ba4\u8bc1\u673a\u6784\u7533\u62a5\u60a8\u7684\u7ecf\u8425\u6d3b\u52a8\u3002<\/p>\n\n\n\n<p class=\"translation-block\">\u5982\u679c\u60a8\u8ba1\u5212\u4e0e\u6211\u4eec <strong>\u5f00\u59cb\u6216\u7ee7\u7eed<\/strong> \u5728\u6709\u673a\u519c\u4e1a\u4f53\u7cfb\u4e2d\u5f00\u5c55\u4e1a\u52a1\uff0c<strong>\u8bf7\u7acb\u5373\u5411 EVOCERT \u8ba4\u8bc1\u673a\u6784\u7533\u62a5<\/strong> \u60a8\u7684\u7ecf\u8425\u6d3b\u52a8\u3002<\/p>\n<\/div>\n\n\n\n<hr class=\"wp-block-separator has-text-color has-custom-logo-color has-alpha-channel-opacity has-custom-logo-background-color has-background is-style-wide\" style=\"margin-top:var(--wp--preset--spacing--40);margin-bottom:var(--wp--preset--spacing--40)\"\/>\n\n\n\n<div class=\"wp-block-group is-vertical is-layout-flex wp-container-core-group-is-layout-a3fd536c wp-block-group-is-layout-flex\" style=\"margin-top:0;padding-top:0\">\n<h5 class=\"wp-block-heading has-custom-logo-color has-text-color has-link-color wp-elements-8c2f8243e5969bfe4b4efcaa5dcc2d59\">\u6b65\u9aa4\u8bf4\u660e\uff1a<\/h5>\n\n\n\n<ol class=\"wp-block-list\">\n<li class=\"has-heading-color has-text-color has-link-color wp-elements-437e7b6f10b5050dcd1c10c6d3353904 translation-block\"><strong>\u4e0b\u8f7d<\/strong> \u6709\u673a\u519c\u4e1a\u7ecf\u8425\u6d3b\u52a8\u7533\u62a5\u8868\uff0c\u8be5\u8868\u53ef\u5728\u201c\u4e0b\u8f7d\u201d\u680f\u76ee\u53ca\n<a href=\"https:\/\/www.gov.pl\/web\/ijhars\/zgloszenie-dzialalnosci2\" target=\"_self\">GIJHARS<\/a> \u7f51\u7ad9\u4e0a\u83b7\u53d6\u3002<\/li>\n\n\n\n<li class=\"has-heading-color has-text-color has-link-color wp-elements-81e184d11c41f743da2d5b927f3fdc2b translation-block\"><strong>\u586b\u5199\u5e76\u7b7e\u7f72<\/strong> \u8be5\u8868\u683c\u3002\u586b\u5199\u8bf4\u660e\u548c\u64cd\u4f5c\u6307\u5357\u53ef\u5728\n<a href=\"https:\/\/www.gov.pl\/web\/ijhars\/zgloszenie-dzialalnosci2\" target=\"_self\">GIJHARS<\/a> \u7f51\u7ad9\u4e0a\u67e5\u9605\u3002<\/li>\n\n\n\n<li class=\"translation-block\"><strong>\u586b\u5199\u5e76\u7b7e\u7f72<\/strong> \u201c\u4e0b\u8f7d\u201d\u680f\u76ee\u4e2d\u63d0\u4f9b\u7684 EVOCERT \u7533\u8bf7\u6587\u4ef6\u3002<\/li>\n\n\n\n<li><strong>\u5c06\u6587\u4ef6\u63d0\u4ea4\u81f3 EVOCERT\u3002<\/strong>\u6587\u4ef6\u53ef\u901a\u8fc7\u4ee5\u4e0b\u65b9\u5f0f\u53d1\u9001\uff1a\n<ol style=\"list-style-type:lower-roman\" class=\"wp-block-list\">\n<li>\u901a\u8fc7\u4f20\u7edf\u90ae\u5bc4\u65b9\u5f0f\u5bc4\u9001\uff0c\u6587\u4ef6\u9700\u6709\u624b\u5199\u7b7e\u540d\uff0c\u5730\u5740\uff1aul. dr Franciszka Witaszka 6, 64-920 Pi\u0142a, \u6ce2\u5170\uff1b<\/li>\n\n\n\n<li>\u901a\u8fc7\u7535\u5b50\u90ae\u4ef6\u53d1\u9001\uff0c\u6587\u4ef6\u9700\u9644\u6709\u5408\u683c\u7535\u5b50\u7b7e\u540d\uff0c\u90ae\u7bb1\uff1akontakt@evocert.pl\u3002<\/li>\n<\/ol>\n<\/li>\n<\/ol>\n<\/div>\n\n\n\n<hr class=\"wp-block-separator has-text-color has-custom-logo-color has-alpha-channel-opacity has-custom-logo-background-color has-background is-style-wide\" style=\"margin-top:var(--wp--preset--spacing--40);margin-bottom:var(--wp--preset--spacing--40)\"\/>\n\n\n\n<div class=\"wp-block-group is-vertical is-layout-flex wp-container-core-group-is-layout-d644fc7a wp-block-group-is-layout-flex\" style=\"margin-top:0\">\n<h5 class=\"wp-block-heading has-custom-logo-color has-text-color has-link-color wp-elements-e6fcc04e0500ad2e5988ba43f715c0bd\">\u6211\u9700\u8981\u586b\u5199\u54ea\u4e9b\u6587\u4ef6\uff1f\u5728\u54ea\u91cc\u53ef\u4ee5\u627e\u5230\uff1f<\/h5>\n\n\n\n<p class=\"translation-block\">\u9700\u63d0\u4ea4\u7684\u5b8c\u6574\u6587\u4ef6\u6e05\u5355\u53ef\u5728\u8ba4\u8bc1\u7533\u8bf7\u8868\u4e2d - \u201c\u5355\u4f4d\u8bf4\u660e\u201d\u90e8\u5206\u5f00\u5934\u5904\u67e5\u9605\u3002EVOCERT \u5728\u4e86\u89e3\u60a8\u7684\u5177\u4f53\u60c5\u51b5\u540e\uff0c\u5c06\u4f1a\u786e\u8ba4\u6240\u63d0\u4ea4\u7684\u9644\u4ef6\u6587\u4ef6\u662f\u5426\u5305\u542b\u5168\u90e8\u5fc5\u8981\u4fe1\u606f\u3002<\/p>\n\n\n\n<p class=\"translation-block\">\u6240\u6709\u5fc5\u9700\u6587\u4ef6\u5747\u53ef\u5728 <strong>\u201c\u4e0b\u8f7d\u201d<\/strong> \u680f\u76ee\u4e2d\u83b7\u53d6\u3002<\/p>\n\n\n\n<p>\u5982\u60a8\u5bf9\u7533\u8bf7\u6587\u4ef6\u6709\u4efb\u4f55\u7591\u95ee\uff0c\u6b22\u8fce\u4e0e\u6211\u4eec\u8054\u7cfb\u2014\u2014EVOCERT \u7684\u5de5\u4f5c\u4eba\u5458\u5c06\u4e50\u610f\u4e3a\u60a8\u63d0\u4f9b\u5e2e\u52a9\u3002<\/p>\n<\/div>\n\n\n\n<hr class=\"wp-block-separator has-text-color has-custom-logo-color has-alpha-channel-opacity has-custom-logo-background-color has-background is-style-wide\" style=\"margin-top:var(--wp--preset--spacing--40);margin-bottom:var(--wp--preset--spacing--40)\"\/>\n\n\n\n<div class=\"wp-block-group is-vertical is-layout-flex wp-container-core-group-is-layout-4515a946 wp-block-group-is-layout-flex\" style=\"margin-top:0;margin-bottom:var(--wp--preset--spacing--30);line-height:1.6\">\n<h5 class=\"wp-block-heading has-custom-logo-color has-text-color has-link-color wp-elements-62251d9649a9edbec145da251648237a\">\u63a5\u4e0b\u6765\u4f1a\u53d1\u751f\u4ec0\u4e48\uff1f<\/h5>\n\n\n\n<p class=\"translation-block\">\u5728\u6536\u5230\u6587\u4ef6\u540e\uff0c<strong>EVOCERT<\/strong> \u5c06\u6838\u5b9e\u5176\u5b8c\u6574\u6027\u3002\u5173\u4e8e\u5f00\u5c55\u7ecf\u8425\u6d3b\u52a8\u7684\u7533\u62a5\u5c06\u88ab\u63d0\u4ea4\u81f3\n<strong>\u7701\u7ea7\u519c\u4ea7\u54c1\u4e0e\u98df\u54c1\u5546\u4e1a\u8d28\u91cf\u68c0\u9a8c\u5c40\uff08WIJHARS\uff09<\/strong>\u3002WIJHARS \u5c06\u5728\u76d1\u7ba1\u7cfb\u7edf\u4e2d\u4e3a\u60a8\u5b8c\u6210\u6ce8\u518c\uff0c\u5e76\u786e\u8ba4\u60a8\u7684\u7ecf\u8425\u6d3b\u52a8\u5df2\u7eb3\u5165\u76d1\u7763\u7ba1\u7406\u3002<\/p>\n\n\n\n<p class=\"translation-block\">\u5728\u7b7e\u7f72\u8ba4\u8bc1\u534f\u8bae\u540e\uff0c<strong>EVOCERT<\/strong> \u5c06\u5b89\u6392\u5e76\u5b9e\u65bd\u73b0\u573a\u68c0\u67e5\u3002\u6839\u636e\u68c0\u67e5\u7ed3\u679c\uff0c\u60a8\u5c06\u6536\u5230\u8ba4\u8bc1\u51b3\u5b9a\u7684\u901a\u77e5\u3002<\/p>\n\n\n\n<p class=\"translation-block\">\u6709\u5173\u8ba4\u8bc1\u4e0e\u76d1\u7763\u6d41\u7a0b\u7684\u8be6\u7ec6\u8bf4\u660e\uff0c\u8bf7\u53c2\u9605 <strong>\u300a\u8ba4\u8bc1\u8ba1\u5212\u300b<\/strong>\uff0c\u8be5\u6587\u4ef6\u53ef\u5728 <strong>\u201c\u4e0b\u8f7d\u201d<\/strong> \u680f\u76ee\u4e2d\u83b7\u53d6\u3002<\/p>\n<\/div>\n<\/div>","protected":false},"excerpt":{"rendered":"<p>Przed rozpocz\u0119ciem produkcji, przygotowania, dystrybucji, przechowywania, importu lub eksportu produkt\u00f3w ekologicznych (lub produkt\u00f3w \u201ew okresie konwersji\u201d), nale\u017cy zg\u0142osi\u0107 swoj\u0105 dzia\u0142alno\u015b\u0107 do upowa\u017cnionej jednostki certyfikuj\u0105cej. Zg\u0142o\u015b swoj\u0105 dzia\u0142alno\u015b\u0107 do jednostki certyfikuj\u0105cej EVOCERT ju\u017c dzi\u015b, je\u017celi planujesz rozpocz\u0105\u0107 lub kontynuowa\u0107 z nami dzia\u0142alno\u015b\u0107 w systemie rolnictwa ekologicznego. Krok po kroku: Kt\u00f3re dokumenty mam uzupe\u0142ni\u0107 i gdzie je [&hellip;]<\/p>","protected":false},"author":2,"featured_media":0,"parent":0,"menu_order":0,"comment_status":"closed","ping_status":"closed","template":"wp-custom-template-oferta-re-pl-wnioski","meta":{"footnotes":""},"class_list":["post-593","page","type-page","status-publish","hentry"],"yoast_head":"<!-- This site is optimized with the Yoast SEO plugin v26.3 - https:\/\/yoast.com\/wordpress\/plugins\/seo\/ -->\n<title>Rolnictwo ekologiczne w Polsce - jak zacz\u0105\u0107 - EVOCERT<\/title>\n<meta name=\"robots\" content=\"index, follow, max-snippet:-1, max-image-preview:large, max-video-preview:-1\" \/>\n<link rel=\"canonical\" href=\"https:\/\/evocert.pl\/zh\/re_pl_wnioski\/\" \/>\n<meta property=\"og:locale\" content=\"zh_CN\" \/>\n<meta property=\"og:type\" content=\"article\" \/>\n<meta property=\"og:title\" content=\"Rolnictwo ekologiczne w Polsce - jak zacz\u0105\u0107 - EVOCERT\" \/>\n<meta property=\"og:description\" content=\"Przed rozpocz\u0119ciem produkcji, przygotowania, dystrybucji, przechowywania, importu lub eksportu produkt\u00f3w ekologicznych (lub produkt\u00f3w \u201ew okresie konwersji\u201d), nale\u017cy zg\u0142osi\u0107 swoj\u0105 dzia\u0142alno\u015b\u0107 do upowa\u017cnionej jednostki certyfikuj\u0105cej. Zg\u0142o\u015b swoj\u0105 dzia\u0142alno\u015b\u0107 do jednostki certyfikuj\u0105cej EVOCERT ju\u017c dzi\u015b, je\u017celi planujesz rozpocz\u0105\u0107 lub kontynuowa\u0107 z nami dzia\u0142alno\u015b\u0107 w systemie rolnictwa ekologicznego. Krok po kroku: Kt\u00f3re dokumenty mam uzupe\u0142ni\u0107 i gdzie je [&hellip;]\" \/>\n<meta property=\"og:url\" content=\"https:\/\/evocert.pl\/zh\/re_pl_wnioski\/\" \/>\n<meta property=\"og:site_name\" content=\"EVOCERT\" \/>\n<meta property=\"article:modified_time\" content=\"2025-08-21T12:26:55+00:00\" \/>\n<meta property=\"og:image\" content=\"https:\/\/evocert.pl\/wp-content\/uploads\/2025\/01\/EVOCERT_logo_KOLOR_PNG.png\" \/>\n\t<meta property=\"og:image:width\" content=\"378\" \/>\n\t<meta property=\"og:image:height\" content=\"378\" \/>\n\t<meta property=\"og:image:type\" content=\"image\/png\" \/>\n<meta name=\"twitter:card\" content=\"summary_large_image\" \/>\n<meta name=\"twitter:label1\" content=\"\u9884\u8ba1\u9605\u8bfb\u65f6\u95f4\" \/>\n\t<meta name=\"twitter:data1\" content=\"2 \u5206\" \/>\n<script type=\"application\/ld+json\" class=\"yoast-schema-graph\">{\"@context\":\"https:\/\/schema.org\",\"@graph\":[{\"@type\":\"WebPage\",\"@id\":\"https:\/\/evocert.pl\/re_pl_wnioski\/\",\"url\":\"https:\/\/evocert.pl\/re_pl_wnioski\/\",\"name\":\"Rolnictwo ekologiczne w Polsce - jak zacz\u0105\u0107 - EVOCERT\",\"isPartOf\":{\"@id\":\"https:\/\/evocert.pl\/en\/#website\"},\"datePublished\":\"2024-12-23T09:06:06+00:00\",\"dateModified\":\"2025-08-21T12:26:55+00:00\",\"breadcrumb\":{\"@id\":\"https:\/\/evocert.pl\/re_pl_wnioski\/#breadcrumb\"},\"inLanguage\":\"zh-Hans\",\"potentialAction\":[{\"@type\":\"ReadAction\",\"target\":[\"https:\/\/evocert.pl\/re_pl_wnioski\/\"]}]},{\"@type\":\"BreadcrumbList\",\"@id\":\"https:\/\/evocert.pl\/re_pl_wnioski\/#breadcrumb\",\"itemListElement\":[{\"@type\":\"ListItem\",\"position\":1,\"name\":\"Strona g\u0142\u00f3wna\",\"item\":\"https:\/\/evocert.pl\/en\/\"},{\"@type\":\"ListItem\",\"position\":2,\"name\":\"Rolnictwo ekologiczne w Polsce &#8211; jak zacz\u0105\u0107\"}]},{\"@type\":\"WebSite\",\"@id\":\"https:\/\/evocert.pl\/en\/#website\",\"url\":\"https:\/\/evocert.pl\/en\/\",\"name\":\"EVOCERT\",\"description\":\"Evolution in certification\",\"publisher\":{\"@id\":\"https:\/\/evocert.pl\/en\/#organization\"},\"potentialAction\":[{\"@type\":\"SearchAction\",\"target\":{\"@type\":\"EntryPoint\",\"urlTemplate\":\"https:\/\/evocert.pl\/en\/?s={search_term_string}\"},\"query-input\":{\"@type\":\"PropertyValueSpecification\",\"valueRequired\":true,\"valueName\":\"search_term_string\"}}],\"inLanguage\":\"zh-Hans\"},{\"@type\":\"Organization\",\"@id\":\"https:\/\/evocert.pl\/en\/#organization\",\"name\":\"EVOCERT\",\"url\":\"https:\/\/evocert.pl\/en\/\",\"logo\":{\"@type\":\"ImageObject\",\"inLanguage\":\"zh-Hans\",\"@id\":\"https:\/\/evocert.pl\/en\/#\/schema\/logo\/image\/\",\"url\":\"https:\/\/evocert.pl\/wp-content\/uploads\/2025\/01\/EVOCERT_logo_KOLOR_PNG.png\",\"contentUrl\":\"https:\/\/evocert.pl\/wp-content\/uploads\/2025\/01\/EVOCERT_logo_KOLOR_PNG.png\",\"width\":378,\"height\":378,\"caption\":\"EVOCERT\"},\"image\":{\"@id\":\"https:\/\/evocert.pl\/en\/#\/schema\/logo\/image\/\"},\"sameAs\":[\"https:\/\/www.linkedin.com\/company\/evocert-sp-z-o-o\"]}]}<\/script>\n<!-- \/ Yoast SEO plugin. -->","yoast_head_json":{"title":"Rolnictwo ekologiczne w Polsce - jak zacz\u0105\u0107 - EVOCERT","robots":{"index":"index","follow":"follow","max-snippet":"max-snippet:-1","max-image-preview":"max-image-preview:large","max-video-preview":"max-video-preview:-1"},"canonical":"https:\/\/evocert.pl\/zh\/re_pl_wnioski\/","og_locale":"zh_CN","og_type":"article","og_title":"Rolnictwo ekologiczne w Polsce - jak zacz\u0105\u0107 - EVOCERT","og_description":"Przed rozpocz\u0119ciem produkcji, przygotowania, dystrybucji, przechowywania, importu lub eksportu produkt\u00f3w ekologicznych (lub produkt\u00f3w \u201ew okresie konwersji\u201d), nale\u017cy zg\u0142osi\u0107 swoj\u0105 dzia\u0142alno\u015b\u0107 do upowa\u017cnionej jednostki certyfikuj\u0105cej. Zg\u0142o\u015b swoj\u0105 dzia\u0142alno\u015b\u0107 do jednostki certyfikuj\u0105cej EVOCERT ju\u017c dzi\u015b, je\u017celi planujesz rozpocz\u0105\u0107 lub kontynuowa\u0107 z nami dzia\u0142alno\u015b\u0107 w systemie rolnictwa ekologicznego. Krok po kroku: Kt\u00f3re dokumenty mam uzupe\u0142ni\u0107 i gdzie je [&hellip;]","og_url":"https:\/\/evocert.pl\/zh\/re_pl_wnioski\/","og_site_name":"EVOCERT","article_modified_time":"2025-08-21T12:26:55+00:00","og_image":[{"width":378,"height":378,"url":"https:\/\/evocert.pl\/wp-content\/uploads\/2025\/01\/EVOCERT_logo_KOLOR_PNG.png","type":"image\/png"}],"twitter_card":"summary_large_image","twitter_misc":{"\u9884\u8ba1\u9605\u8bfb\u65f6\u95f4":"2 \u5206"},"schema":{"@context":"https:\/\/schema.org","@graph":[{"@type":"WebPage","@id":"https:\/\/evocert.pl\/re_pl_wnioski\/","url":"https:\/\/evocert.pl\/re_pl_wnioski\/","name":"Rolnictwo ekologiczne w Polsce - jak zacz\u0105\u0107 - EVOCERT","isPartOf":{"@id":"https:\/\/evocert.pl\/en\/#website"},"datePublished":"2024-12-23T09:06:06+00:00","dateModified":"2025-08-21T12:26:55+00:00","breadcrumb":{"@id":"https:\/\/evocert.pl\/re_pl_wnioski\/#breadcrumb"},"inLanguage":"zh-Hans","potentialAction":[{"@type":"ReadAction","target":["https:\/\/evocert.pl\/re_pl_wnioski\/"]}]},{"@type":"BreadcrumbList","@id":"https:\/\/evocert.pl\/re_pl_wnioski\/#breadcrumb","itemListElement":[{"@type":"ListItem","position":1,"name":"Strona g\u0142\u00f3wna","item":"https:\/\/evocert.pl\/en\/"},{"@type":"ListItem","position":2,"name":"Rolnictwo ekologiczne w Polsce &#8211; jak zacz\u0105\u0107"}]},{"@type":"WebSite","@id":"https:\/\/evocert.pl\/en\/#website","url":"https:\/\/evocert.pl\/en\/","name":"EVOCERT","description":"Evolution in certification","publisher":{"@id":"https:\/\/evocert.pl\/en\/#organization"},"potentialAction":[{"@type":"SearchAction","target":{"@type":"EntryPoint","urlTemplate":"https:\/\/evocert.pl\/en\/?s={search_term_string}"},"query-input":{"@type":"PropertyValueSpecification","valueRequired":true,"valueName":"search_term_string"}}],"inLanguage":"zh-Hans"},{"@type":"Organization","@id":"https:\/\/evocert.pl\/en\/#organization","name":"EVOCERT","url":"https:\/\/evocert.pl\/en\/","logo":{"@type":"ImageObject","inLanguage":"zh-Hans","@id":"https:\/\/evocert.pl\/en\/#\/schema\/logo\/image\/","url":"https:\/\/evocert.pl\/wp-content\/uploads\/2025\/01\/EVOCERT_logo_KOLOR_PNG.png","contentUrl":"https:\/\/evocert.pl\/wp-content\/uploads\/2025\/01\/EVOCERT_logo_KOLOR_PNG.png","width":378,"height":378,"caption":"EVOCERT"},"image":{"@id":"https:\/\/evocert.pl\/en\/#\/schema\/logo\/image\/"},"sameAs":["https:\/\/www.linkedin.com\/company\/evocert-sp-z-o-o"]}]}},"_links":{"self":[{"href":"https:\/\/evocert.pl\/zh\/wp-json\/wp\/v2\/pages\/593","targetHints":{"allow":["GET"]}}],"collection":[{"href":"https:\/\/evocert.pl\/zh\/wp-json\/wp\/v2\/pages"}],"about":[{"href":"https:\/\/evocert.pl\/zh\/wp-json\/wp\/v2\/types\/page"}],"author":[{"embeddable":true,"href":"https:\/\/evocert.pl\/zh\/wp-json\/wp\/v2\/users\/2"}],"replies":[{"embeddable":true,"href":"https:\/\/evocert.pl\/zh\/wp-json\/wp\/v2\/comments?post=593"}],"version-history":[{"count":23,"href":"https:\/\/evocert.pl\/zh\/wp-json\/wp\/v2\/pages\/593\/revisions"}],"predecessor-version":[{"id":4394,"href":"https:\/\/evocert.pl\/zh\/wp-json\/wp\/v2\/pages\/593\/revisions\/4394"}],"wp:attachment":[{"href":"https:\/\/evocert.pl\/zh\/wp-json\/wp\/v2\/media?parent=593"}],"curies":[{"name":"wp","href":"https:\/\/api.w.org\/{rel}","templated":true}]}}