{"id":590,"date":"2024-12-23T10:05:41","date_gmt":"2024-12-23T09:05:41","guid":{"rendered":"https:\/\/evocert.pl\/?page_id=590"},"modified":"2025-08-05T10:21:38","modified_gmt":"2025-08-05T08:21:38","slug":"re_pl_podstawy-prawne_wymagania","status":"publish","type":"page","link":"https:\/\/evocert.pl\/zh\/re_pl_podstawy-prawne_wymagania\/","title":{"rendered":"\u6ce2\u5170\u6709\u673a\u519c\u4e1a\u2014 EVOCERT \u8ba4\u8bc1"},"content":{"rendered":"<div class=\"wp-block-group has-heading-color has-text-color has-link-color has-small-font-size wp-elements-3f06e9e294daceab41ff0a6fa463b8bd is-vertical is-content-justification-stretch is-layout-flex wp-container-core-group-is-layout-d715230f wp-block-group-is-layout-flex\" style=\"padding-right:var(--wp--preset--spacing--60);padding-left:var(--wp--preset--spacing--30);line-height:1.6\">\n<p>EVOCERT \u5177\u5907\u6709\u673a\u751f\u4ea7\u8ba4\u8bc1\u53ca\u6709\u673a\u4ea7\u54c1\u6807\u8bc6\u8ba4\u8bc1\u7684\u8ba4\u53ef\u8d44\u8d28\u3002\u76f8\u5173\u8ba4\u53ef\u8bc1\u4e66\u53ef\u5728\u4e0b\u65b9\u67e5\u770b\uff0c\u8ba4\u53ef\u8303\u56f4\u53ef\u5728\u6b64\u5904 <a href=\"https:\/\/www.pca.gov.pl\/akredytowane-podmioty\/akredytacje-aktywne\/jednostki-certyfikujace-wyroby\/AC%20254,podmiot.html\">\u67e5\u9605\u3002<\/a>.<\/p>\n\n\n\n<div class=\"wp-block-group has-medium-font-size is-nowrap is-layout-flex wp-container-core-group-is-layout-f0acb57f wp-block-group-is-layout-flex\" style=\"padding-right:0;padding-left:0\">\n<div class=\"wp-block-wpzoom-blocks-social-icons is-style-without-canvas\" style=\"--wpz-social-icons-block-item-font-size:25px;--wpz-social-icons-block-item-padding-horizontal:0px;--wpz-social-icons-block-item-padding-vertical:6px;--wpz-social-icons-block-item-margin-horizontal:0px;--wpz-social-icons-block-item-margin-vertical:5px;--wpz-social-icons-block-item-border-radius:5px;--wpz-social-icons-block-label-font-size:16px;--wpz-social-icons-block-label-color:#2e3131;--wpz-social-icons-block-label-color-hover:#2e3131;--wpz-social-icons-alignment:flex-end\"><a href=\"https:\/\/evocert.pl\/wp-content\/uploads\/2025\/01\/KZ1_00_00_05_Polityka_Prywatnosci_2025_01_05.pdf\" class=\"social-icon-link\" title=\"Download\" style=\"--wpz-social-icons-block-item-color:#107a10;--wpz-social-icons-block-item-color-hover:#107a10\"><span class=\"social-icon genericon genericon-download\"><\/span><\/a><\/div>\n\n\n\n<div class=\"wp-block-file has-link-color wp-elements-3d3942c6eb3b044910eef28424ebe12b\" style=\"margin-top:0;margin-left:0\"><a id=\"wp-block-file--media-dd5a8f18-92da-4f3c-a05f-4e36507e314d\" href=\"https:\/\/evocert.pl\/wp-content\/uploads\/2025\/06\/Certyfikat-akredytacji-AC254.pdf\">AC254 \u53f7\u8ba4\u53ef\u8bc1\u4e66<\/a><\/div>\n<\/div>\n\n\n\n<p>\u6839\u636e GIJHARS \u7684\u51b3\u5b9a\uff0cEVOCERT \u6709\u6743\u5bf9\u6709\u673a\u751f\u4ea7\u8005\u53ca\u751f\u4ea7\u8005\u96c6\u56e2\u5f00\u5c55\u5b98\u65b9\u68c0\u67e5\u5e76\u5c65\u884c\u5176\u4ed6\u5b98\u65b9\u804c\u80fd\u3002 <\/p>\n\n\n\n<p class=\"translation-block\">EVOCERT \u5df2\u88ab\u5217\u5165 <a href=\"https:\/\/www.gov.pl\/web\/ijhars\/jednostki-certyfikujace\" target=\"_self\">\u6ce2\u5170\u6709\u673a\u519c\u4e1a\u8ba4\u8bc1\u673a\u6784\u540d\u5f55<\/a>\uff0c\u5e76\u83b7\u5f97\u8ba4\u8bc1\u4ee3\u7801 <strong>PL-EKO-15<\/strong>\u3002<\/p>\n\n\n\n<hr class=\"wp-block-separator has-text-color has-custom-logo-color has-alpha-channel-opacity has-custom-logo-background-color has-background is-style-wide\" style=\"margin-top:var(--wp--preset--spacing--40);margin-bottom:var(--wp--preset--spacing--40)\"\/>\n\n\n\n<p class=\"translation-block\"><strong>EVOCERT \u6709\u9650\u8d23\u4efb\u516c\u53f8\uff08Sp. z o.o.\uff09<\/strong> \u63d0\u4f9b\u6db5\u76d6\u591a\u79cd\u4e1a\u52a1\u9886\u57df\u548c\u4ea7\u54c1\u7684\u6709\u673a\u751f\u4ea7\u8ba4\u8bc1\u670d\u52a1\u3002\u6211\u4eec\u7684\u8ba4\u8bc1\u8303\u56f4\u5305\u62ec\u4ee5\u4e0b <strong>\u4ea7\u54c1\u7c7b\u522b<\/strong>\uff1a<\/p>\n\n\n\n<p>\u2013 \u672a\u52a0\u5de5\u7684\u690d\u7269\u53ca\u690d\u7269\u4ea7\u54c1\uff0c\u5305\u62ec\u79cd\u5b50\u548c\u690d\u7269\u7e41\u6b96\u6750\u6599\uff1b<br>\u2013 \u519c\u4e1a\u7528\u52a8\u7269\u53ca\u672a\u52a0\u5de5\u7684\u52a8\u7269\u6e90\u4ea7\u54c1\uff1b<br>\u2013 \u52a0\u5de5\u519c\u4ea7\u54c1\uff0c\u5305\u62ec\u7528\u4e8e\u98df\u7528\u7684\u6c34\u4ea7\u517b\u6b96\u4ea7\u54c1\uff1b<br>\u2013 \u5582\u517b;<br>\u2013 \u8461\u8404\u9152\uff1b<br>\u2013 \u6b27\u76df\u6761\u4f8b (EU) 2018\/848\u300b\u9644\u4ef6 I \u4e2d\u5217\u660e\u7684\u5176\u4ed6\u4ea7\u54c1\u3002<\/p>\n\n\n\n<p class=\"translation-block\">\u6211\u4eec\u65e2\u4e3a <strong>\u4e2a\u4eba\u751f\u4ea7\u8005<\/strong>\uff0c\u4e5f\u4e3a <strong>\u751f\u4ea7\u8005\u56e2\u4f53<\/strong> \u63d0\u4f9b\u8ba4\u8bc1\u670d\u52a1\u2014\u2014\u8986\u76d6\u751f\u4ea7\u3001\u51c6\u5907\u548c\u5206\u9500\u7684\u5404\u4e2a\u9636\u6bb5\u3002\u7531\u6b64\u6211\u4eec\u80fd\u591f <strong>\u6709\u6548\u652f\u6301\u4e0d\u540c\u89c4\u6a21\u7684\u6709\u673a\u519c\u573a\u548c\u4f01\u4e1a\u7684\u53d1\u5c55<\/strong>\u3002<\/p>\n\n\n\n<hr class=\"wp-block-separator has-text-color has-custom-logo-color has-alpha-channel-opacity has-custom-logo-background-color has-background is-style-wide\" style=\"margin-top:var(--wp--preset--spacing--40);margin-bottom:var(--wp--preset--spacing--40)\"\/>\n\n\n\n<p>\u6709\u673a\u519c\u4e1a\u8ba4\u8bc1\u7684\u8be6\u7ec6\u8ba4\u8bc1\u65b9\u6848\u5982\u4e0b\u6240\u793a\uff0c\u8be5\u6587\u4ef6\u4ea6\u53ef\u5728\u201c\u4e0b\u8f7d\u201d\u680f\u76ee\u4e2d\u83b7\u53d6\u3002<\/p>\n\n\n\n<div class=\"wp-block-group has-medium-font-size is-nowrap is-layout-flex wp-container-core-group-is-layout-f0acb57f wp-block-group-is-layout-flex\" style=\"padding-right:0;padding-left:0\">\n<div class=\"wp-block-wpzoom-blocks-social-icons is-style-without-canvas\" style=\"--wpz-social-icons-block-item-font-size:25px;--wpz-social-icons-block-item-padding-horizontal:0px;--wpz-social-icons-block-item-padding-vertical:6px;--wpz-social-icons-block-item-margin-horizontal:0px;--wpz-social-icons-block-item-margin-vertical:5px;--wpz-social-icons-block-item-border-radius:5px;--wpz-social-icons-block-label-font-size:16px;--wpz-social-icons-block-label-color:#2e3131;--wpz-social-icons-block-label-color-hover:#2e3131;--wpz-social-icons-alignment:flex-end\"><a href=\"https:\/\/evocert.pl\/wp-content\/uploads\/2025\/01\/KZ1_00_00_05_Polityka_Prywatnosci_2025_01_05.pdf\" class=\"social-icon-link\" title=\"Download\" style=\"--wpz-social-icons-block-item-color:#107a10;--wpz-social-icons-block-item-color-hover:#107a10\"><span class=\"social-icon genericon genericon-download\"><\/span><\/a><\/div>\n\n\n\n<div class=\"wp-block-file has-link-color wp-elements-1b8d6b32e37e8467074d311e6ae93b4b\" style=\"margin-top:0;margin-left:0\"><a id=\"wp-block-file--media-035a8fe7-232e-43d5-b251-d695e7a5bad8\" href=\"https:\/\/evocert.pl\/wp-content\/uploads\/2025\/06\/Program-Certyfikacji-Rolnictwa-Ekologicznego-w-Polsce.pdf\">\u6ce2\u5170\uff08PL\uff09\u6709\u673a\u519c\u4e1a\u8ba4\u8bc1\u8ba1\u5212<\/a><\/div>\n<\/div>\n<\/div>","protected":false},"excerpt":{"rendered":"<p>EVOCERT posiada akredytacj\u0119 na certyfikacj\u0119 produkcji ekologicznej i znakowania produkt\u00f3w ekologicznych. Certyfikat akredytacji jest dost\u0119pny poni\u017cej. Zakres akredytacji jest dost\u0119pny tutaj. EVOCERT mo\u017ce przeprowadza\u0107 kontrole urz\u0119dowe i wykonywa\u0107 inne czynno\u015bci urz\u0119dowe w odniesieniu do producent\u00f3w ekologicznych i grup producent\u00f3w zgodnie z decyzj\u0105 GIJHARS. EVOCERT zosta\u0142 umieszczony w Rejestrze jednostek certyfikuj\u0105cych w rolnictwie ekologicznym i otrzyma\u0142 [&hellip;]<\/p>","protected":false},"author":2,"featured_media":0,"parent":0,"menu_order":0,"comment_status":"closed","ping_status":"closed","template":"wp-custom-template-oferta-re-pl-podstawy-prawne-wymagania","meta":{"footnotes":""},"class_list":["post-590","page","type-page","status-publish","hentry"],"yoast_head":"<!-- This site is optimized with the Yoast SEO plugin v26.3 - https:\/\/yoast.com\/wordpress\/plugins\/seo\/ -->\n<title>Rolnictwo ekologiczne w Polsce - certyfikacja EVOCERT - EVOCERT<\/title>\n<meta name=\"robots\" content=\"index, follow, max-snippet:-1, max-image-preview:large, max-video-preview:-1\" \/>\n<link rel=\"canonical\" href=\"https:\/\/evocert.pl\/zh\/re_pl_podstawy-prawne_wymagania\/\" \/>\n<meta property=\"og:locale\" content=\"zh_CN\" \/>\n<meta property=\"og:type\" content=\"article\" \/>\n<meta property=\"og:title\" content=\"Rolnictwo ekologiczne w Polsce - certyfikacja EVOCERT - EVOCERT\" \/>\n<meta property=\"og:description\" content=\"EVOCERT posiada akredytacj\u0119 na certyfikacj\u0119 produkcji ekologicznej i znakowania produkt\u00f3w ekologicznych. Certyfikat akredytacji jest dost\u0119pny poni\u017cej. Zakres akredytacji jest dost\u0119pny tutaj. EVOCERT mo\u017ce przeprowadza\u0107 kontrole urz\u0119dowe i wykonywa\u0107 inne czynno\u015bci urz\u0119dowe w odniesieniu do producent\u00f3w ekologicznych i grup producent\u00f3w zgodnie z decyzj\u0105 GIJHARS. EVOCERT zosta\u0142 umieszczony w Rejestrze jednostek certyfikuj\u0105cych w rolnictwie ekologicznym i otrzyma\u0142 [&hellip;]\" \/>\n<meta property=\"og:url\" content=\"https:\/\/evocert.pl\/zh\/re_pl_podstawy-prawne_wymagania\/\" \/>\n<meta property=\"og:site_name\" content=\"EVOCERT\" \/>\n<meta property=\"article:modified_time\" content=\"2025-08-05T08:21:38+00:00\" \/>\n<meta property=\"og:image\" content=\"https:\/\/evocert.pl\/wp-content\/uploads\/2025\/01\/EVOCERT_logo_KOLOR_PNG.png\" \/>\n\t<meta property=\"og:image:width\" content=\"378\" \/>\n\t<meta property=\"og:image:height\" content=\"378\" \/>\n\t<meta property=\"og:image:type\" content=\"image\/png\" \/>\n<meta name=\"twitter:card\" content=\"summary_large_image\" \/>\n<meta name=\"twitter:label1\" content=\"\u9884\u8ba1\u9605\u8bfb\u65f6\u95f4\" \/>\n\t<meta name=\"twitter:data1\" content=\"1 \u5206\" \/>\n<script type=\"application\/ld+json\" class=\"yoast-schema-graph\">{\"@context\":\"https:\/\/schema.org\",\"@graph\":[{\"@type\":\"WebPage\",\"@id\":\"https:\/\/evocert.pl\/en\/re_pl_podstawy-prawne_wymagania\/\",\"url\":\"https:\/\/evocert.pl\/en\/re_pl_podstawy-prawne_wymagania\/\",\"name\":\"Rolnictwo ekologiczne w Polsce - certyfikacja EVOCERT - EVOCERT\",\"isPartOf\":{\"@id\":\"https:\/\/evocert.pl\/en\/#website\"},\"datePublished\":\"2024-12-23T09:05:41+00:00\",\"dateModified\":\"2025-08-05T08:21:38+00:00\",\"breadcrumb\":{\"@id\":\"https:\/\/evocert.pl\/en\/re_pl_podstawy-prawne_wymagania\/#breadcrumb\"},\"inLanguage\":\"zh-Hans\",\"potentialAction\":[{\"@type\":\"ReadAction\",\"target\":[\"https:\/\/evocert.pl\/en\/re_pl_podstawy-prawne_wymagania\/\"]}]},{\"@type\":\"BreadcrumbList\",\"@id\":\"https:\/\/evocert.pl\/en\/re_pl_podstawy-prawne_wymagania\/#breadcrumb\",\"itemListElement\":[{\"@type\":\"ListItem\",\"position\":1,\"name\":\"Strona g\u0142\u00f3wna\",\"item\":\"https:\/\/evocert.pl\/en\/\"},{\"@type\":\"ListItem\",\"position\":2,\"name\":\"Rolnictwo ekologiczne w Polsce &#8211; certyfikacja EVOCERT\"}]},{\"@type\":\"WebSite\",\"@id\":\"https:\/\/evocert.pl\/en\/#website\",\"url\":\"https:\/\/evocert.pl\/en\/\",\"name\":\"EVOCERT\",\"description\":\"Evolution in certification\",\"publisher\":{\"@id\":\"https:\/\/evocert.pl\/en\/#organization\"},\"potentialAction\":[{\"@type\":\"SearchAction\",\"target\":{\"@type\":\"EntryPoint\",\"urlTemplate\":\"https:\/\/evocert.pl\/en\/?s={search_term_string}\"},\"query-input\":{\"@type\":\"PropertyValueSpecification\",\"valueRequired\":true,\"valueName\":\"search_term_string\"}}],\"inLanguage\":\"zh-Hans\"},{\"@type\":\"Organization\",\"@id\":\"https:\/\/evocert.pl\/en\/#organization\",\"name\":\"EVOCERT\",\"url\":\"https:\/\/evocert.pl\/en\/\",\"logo\":{\"@type\":\"ImageObject\",\"inLanguage\":\"zh-Hans\",\"@id\":\"https:\/\/evocert.pl\/en\/#\/schema\/logo\/image\/\",\"url\":\"https:\/\/evocert.pl\/wp-content\/uploads\/2025\/01\/EVOCERT_logo_KOLOR_PNG.png\",\"contentUrl\":\"https:\/\/evocert.pl\/wp-content\/uploads\/2025\/01\/EVOCERT_logo_KOLOR_PNG.png\",\"width\":378,\"height\":378,\"caption\":\"EVOCERT\"},\"image\":{\"@id\":\"https:\/\/evocert.pl\/en\/#\/schema\/logo\/image\/\"},\"sameAs\":[\"https:\/\/www.linkedin.com\/company\/evocert-sp-z-o-o\"]}]}<\/script>\n<!-- \/ Yoast SEO plugin. -->","yoast_head_json":{"title":"Rolnictwo ekologiczne w Polsce - certyfikacja EVOCERT - EVOCERT","robots":{"index":"index","follow":"follow","max-snippet":"max-snippet:-1","max-image-preview":"max-image-preview:large","max-video-preview":"max-video-preview:-1"},"canonical":"https:\/\/evocert.pl\/zh\/re_pl_podstawy-prawne_wymagania\/","og_locale":"zh_CN","og_type":"article","og_title":"Rolnictwo ekologiczne w Polsce - certyfikacja EVOCERT - EVOCERT","og_description":"EVOCERT posiada akredytacj\u0119 na certyfikacj\u0119 produkcji ekologicznej i znakowania produkt\u00f3w ekologicznych. Certyfikat akredytacji jest dost\u0119pny poni\u017cej. Zakres akredytacji jest dost\u0119pny tutaj. EVOCERT mo\u017ce przeprowadza\u0107 kontrole urz\u0119dowe i wykonywa\u0107 inne czynno\u015bci urz\u0119dowe w odniesieniu do producent\u00f3w ekologicznych i grup producent\u00f3w zgodnie z decyzj\u0105 GIJHARS. EVOCERT zosta\u0142 umieszczony w Rejestrze jednostek certyfikuj\u0105cych w rolnictwie ekologicznym i otrzyma\u0142 [&hellip;]","og_url":"https:\/\/evocert.pl\/zh\/re_pl_podstawy-prawne_wymagania\/","og_site_name":"EVOCERT","article_modified_time":"2025-08-05T08:21:38+00:00","og_image":[{"width":378,"height":378,"url":"https:\/\/evocert.pl\/wp-content\/uploads\/2025\/01\/EVOCERT_logo_KOLOR_PNG.png","type":"image\/png"}],"twitter_card":"summary_large_image","twitter_misc":{"\u9884\u8ba1\u9605\u8bfb\u65f6\u95f4":"1 \u5206"},"schema":{"@context":"https:\/\/schema.org","@graph":[{"@type":"WebPage","@id":"https:\/\/evocert.pl\/en\/re_pl_podstawy-prawne_wymagania\/","url":"https:\/\/evocert.pl\/en\/re_pl_podstawy-prawne_wymagania\/","name":"Rolnictwo ekologiczne w Polsce - certyfikacja EVOCERT - EVOCERT","isPartOf":{"@id":"https:\/\/evocert.pl\/en\/#website"},"datePublished":"2024-12-23T09:05:41+00:00","dateModified":"2025-08-05T08:21:38+00:00","breadcrumb":{"@id":"https:\/\/evocert.pl\/en\/re_pl_podstawy-prawne_wymagania\/#breadcrumb"},"inLanguage":"zh-Hans","potentialAction":[{"@type":"ReadAction","target":["https:\/\/evocert.pl\/en\/re_pl_podstawy-prawne_wymagania\/"]}]},{"@type":"BreadcrumbList","@id":"https:\/\/evocert.pl\/en\/re_pl_podstawy-prawne_wymagania\/#breadcrumb","itemListElement":[{"@type":"ListItem","position":1,"name":"Strona g\u0142\u00f3wna","item":"https:\/\/evocert.pl\/en\/"},{"@type":"ListItem","position":2,"name":"Rolnictwo ekologiczne w Polsce &#8211; certyfikacja EVOCERT"}]},{"@type":"WebSite","@id":"https:\/\/evocert.pl\/en\/#website","url":"https:\/\/evocert.pl\/en\/","name":"EVOCERT","description":"Evolution in certification","publisher":{"@id":"https:\/\/evocert.pl\/en\/#organization"},"potentialAction":[{"@type":"SearchAction","target":{"@type":"EntryPoint","urlTemplate":"https:\/\/evocert.pl\/en\/?s={search_term_string}"},"query-input":{"@type":"PropertyValueSpecification","valueRequired":true,"valueName":"search_term_string"}}],"inLanguage":"zh-Hans"},{"@type":"Organization","@id":"https:\/\/evocert.pl\/en\/#organization","name":"EVOCERT","url":"https:\/\/evocert.pl\/en\/","logo":{"@type":"ImageObject","inLanguage":"zh-Hans","@id":"https:\/\/evocert.pl\/en\/#\/schema\/logo\/image\/","url":"https:\/\/evocert.pl\/wp-content\/uploads\/2025\/01\/EVOCERT_logo_KOLOR_PNG.png","contentUrl":"https:\/\/evocert.pl\/wp-content\/uploads\/2025\/01\/EVOCERT_logo_KOLOR_PNG.png","width":378,"height":378,"caption":"EVOCERT"},"image":{"@id":"https:\/\/evocert.pl\/en\/#\/schema\/logo\/image\/"},"sameAs":["https:\/\/www.linkedin.com\/company\/evocert-sp-z-o-o"]}]}},"_links":{"self":[{"href":"https:\/\/evocert.pl\/zh\/wp-json\/wp\/v2\/pages\/590","targetHints":{"allow":["GET"]}}],"collection":[{"href":"https:\/\/evocert.pl\/zh\/wp-json\/wp\/v2\/pages"}],"about":[{"href":"https:\/\/evocert.pl\/zh\/wp-json\/wp\/v2\/types\/page"}],"author":[{"embeddable":true,"href":"https:\/\/evocert.pl\/zh\/wp-json\/wp\/v2\/users\/2"}],"replies":[{"embeddable":true,"href":"https:\/\/evocert.pl\/zh\/wp-json\/wp\/v2\/comments?post=590"}],"version-history":[{"count":31,"href":"https:\/\/evocert.pl\/zh\/wp-json\/wp\/v2\/pages\/590\/revisions"}],"predecessor-version":[{"id":4783,"href":"https:\/\/evocert.pl\/zh\/wp-json\/wp\/v2\/pages\/590\/revisions\/4783"}],"wp:attachment":[{"href":"https:\/\/evocert.pl\/zh\/wp-json\/wp\/v2\/media?parent=590"}],"curies":[{"name":"wp","href":"https:\/\/api.w.org\/{rel}","templated":true}]}}