{"id":4873,"date":"2025-09-30T08:36:02","date_gmt":"2025-09-30T06:36:02","guid":{"rendered":"https:\/\/evocert.pl\/?page_id=4873"},"modified":"2025-09-30T09:23:49","modified_gmt":"2025-09-30T07:23:49","slug":"eudr-etapy-oceny-stopnia-zgodnosci","status":"publish","type":"page","link":"https:\/\/evocert.pl\/zh\/eudr-etapy-oceny-stopnia-zgodnosci\/","title":{"rendered":"EUDR \u2014 \u7b26\u5408\u6027\u8bc4\u4f30\u9636\u6bb5"},"content":{"rendered":"<p class=\"has-small-font-size\" style=\"line-height:1.7\">EUDR \u6cd5\u89c4\u7684\u7b26\u5408\u6027\u8bc4\u4f30\u8fc7\u7a0b \u4ee5\u900f\u660e\u65b9\u5f0f\u5f00\u5c55\uff0c\u5e76\u6839\u636e\u4f01\u4e1a\u7684\u89c4\u6a21\u4e0e\u4e1a\u52a1\u7279\u6027\u8fdb\u884c\u5339\u914d\u8c03\u6574\u3002<\/p>\n\n\n\n<hr class=\"wp-block-separator has-text-color has-custom-logo-color has-alpha-channel-opacity has-custom-logo-background-color has-background is-style-wide\" style=\"margin-top:var(--wp--preset--spacing--60);margin-bottom:var(--wp--preset--spacing--60)\"\/>\n\n\n\n<h2 class=\"wp-block-heading has-custom-logo-color has-text-color has-link-color has-medium-font-size wp-elements-c64663598177ea08ea8e492c379e5b0f\">\u7b26\u5408\u6027\u8bc4\u4f30\u7533\u8bf7<\/h2>\n\n\n\n<p class=\"has-small-font-size\" style=\"line-height:1.7\">\u5ba2\u6237\u4f7f\u7528 EVOCERT \u7684\u4e13\u7528\u8868\u683c\u586b\u5199\u5e76\u63d0\u4ea4\u7b26\u5408\u6027\u8bc4\u4f30\u7533\u8bf7\u3002<\/p>\n\n\n\n<hr class=\"wp-block-separator has-text-color has-custom-logo-color has-alpha-channel-opacity has-custom-logo-background-color has-background is-style-wide\" style=\"margin-top:var(--wp--preset--spacing--60);margin-bottom:var(--wp--preset--spacing--60)\"\/>\n\n\n\n<h2 class=\"wp-block-heading has-custom-logo-color has-text-color has-link-color has-medium-font-size wp-elements-9d05f410d4c94095626b7b6c22fe5099\">\u4ea7\u54c1\u4e0e\u670d\u52a1<\/h2>\n\n\n\n<p class=\"has-small-font-size\" style=\"line-height:1.7\">\u6839\u636e\u4f01\u4e1a\u7684\u89c4\u6a21\u548c\u4e1a\u52a1\u6027\u8d28\uff0cEVOCERT \u5c06\u4e3a\u5ba2\u6237\u7f16\u5236\u5e76\u63d0\u4ea4\u5305\u542b \u4ef7\u683c\u4e0e\u5b9e\u65bd\u5468\u671f \u7684\u62a5\u4ef7\u65b9\u6848\u3002<\/p>\n\n\n\n<hr class=\"wp-block-separator has-text-color has-custom-logo-color has-alpha-channel-opacity has-custom-logo-background-color has-background is-style-wide\" style=\"margin-top:var(--wp--preset--spacing--60);margin-bottom:var(--wp--preset--spacing--60)\"\/>\n\n\n\n<h2 class=\"wp-block-heading has-custom-logo-color has-text-color has-link-color has-medium-font-size wp-elements-7343be771c9cf1667fad7783c1fe2b5f\">\u5ba1\u6838\uff08\u5ba1\u8ba1\uff09<\/h2>\n\n\n\n<p class=\"has-small-font-size\" style=\"line-height:1.7\">\u7531 \u5408\u683c\u5ba1\u6838\u5458\uff08\u6216\u5ba1\u6838\u56e2\u961f\uff09 \u5728\u5ba2\u6237\u73b0\u573a\u5f00\u5c55 EUDR \u6cd5\u89c4\u7b26\u5408\u6027\u5ba1\u6838\u3002\n\u4e5f\u53ef\u91c7\u7528 \u73b0\u573a + \u7ebf\u4e0a\u76f8\u7ed3\u5408\u7684\u6df7\u5408\u5ba1\u6838\u6a21\u5f0f \u8fdb\u884c\u90e8\u5206\u5ba1\u6838\u6d3b\u52a8\u3002<\/p>\n\n\n\n<hr class=\"wp-block-separator has-text-color has-custom-logo-color has-alpha-channel-opacity has-custom-logo-background-color has-background is-style-wide\" style=\"margin-top:var(--wp--preset--spacing--60);margin-bottom:var(--wp--preset--spacing--60)\"\/>\n\n\n\n<h2 class=\"wp-block-heading has-custom-logo-color has-text-color has-link-color has-medium-font-size wp-elements-4f23e98ba4e56755b8a68d64e8386c34\">\u5ba1\u6838\u62a5\u544a<\/h2>\n\n\n\n<p class=\"has-small-font-size\" style=\"line-height:1.7\">\u5728\u5b8c\u6210\u6240\u6709\u5ba1\u6838\u6d3b\u52a8\u5e76\u6536\u96c6\u5168\u90e8\u5fc5\u8981\u4fe1\u606f\u540e\uff0cEVOCERT \u5c06\u5bf9\u5ba1\u6838\u62a5\u544a\u8fdb\u884c\u6838\u67e5\u5e76\u5f00\u5c55\u7b26\u5408\u6027\u8bc4\u4f30\u3002\n\u5ba1\u6838\u62a5\u544a\u7ecf\u6279\u51c6\u540e\u63d0\u4ea4\u7ed9\u5ba2\u6237\u3002\n\u7b26\u5408\u6027\u7ed3\u679c\u662f\u5ba1\u6838\u62a5\u544a\u7684\u7ec4\u6210\u90e8\u5206\uff0c\u5e76\u57fa\u4e8e EVOCERT \u4e13\u5bb6\u5236\u5b9a\u7684\u8bc4\u4f30\u6807\u51c6\u3002<\/p>\n\n\n\n<hr class=\"wp-block-separator has-text-color has-custom-logo-color has-alpha-channel-opacity has-custom-logo-background-color has-background is-style-wide\" style=\"margin-top:var(--wp--preset--spacing--60);margin-bottom:var(--wp--preset--spacing--60)\"\/>\n\n\n\n<h2 class=\"wp-block-heading has-custom-logo-color has-text-color has-link-color has-medium-font-size wp-elements-c880b4469fab4a54ecc46d84f92e1d0b\">\u8bc1\u660e\u6587\u4ef6<\/h2>\n\n\n\n<p class=\"has-small-font-size\" style=\"line-height:1.7\">\u5728\u62a5\u544a\u5ba1\u6838\u5b8c\u6210\u540e\uff0cEVOCERT \u5411\u5ba2\u6237\u7b7e\u53d1 \u300aEUDR \u6cd5\u89c4\u7b26\u5408\u6027\u7a0b\u5ea6\u8bc1\u660e\u300b\u3002<\/p>\n\n\n\n<hr class=\"wp-block-separator has-text-color has-custom-logo-color has-alpha-channel-opacity has-custom-logo-background-color has-background is-style-wide\" style=\"margin-top:var(--wp--preset--spacing--60);margin-bottom:var(--wp--preset--spacing--60)\"\/>\n\n\n\n<h2 class=\"wp-block-heading has-custom-logo-color has-text-color has-link-color has-medium-font-size wp-elements-8c64554b1d2fe2d2cdb4fd372626c0b6\">\u60a8\u662f\u5426\u5df2\u51c6\u5907\u597d\u63a5\u53d7\u7b26\u5408\u6027\u8bc4\u4f30\uff1f<\/h2>\n\n\n\n<p class=\"has-small-font-size\" style=\"line-height:1.7\">EVOCERT \u5c06\u5f88\u4e50\u610f\u4e3a\u60a8\u51c6\u5907\u62a5\u4ef7\uff0c\u5e76\u89e3\u7b54\u60a8\u7684\u6240\u6709\u95ee\u9898\u3002<\/p>","protected":false},"excerpt":{"rendered":"<p>Proces oceny stopnia zgodno\u015bci z Rozporz\u0105dzeniem EUDR jest prowadzony w spos\u00f3b przejrzysty i jest dostosowany do wielko\u015bci i specyfiki przedsi\u0119biorstwa. Wniosek o ocen\u0119 stopnia zgodno\u015bci Klient wype\u0142nia wniosek o ocen\u0119 stopnia zgodno\u015bci stosuj\u0105c formularz EVOCERT. Oferta W zale\u017cno\u015bci od wielko\u015bci i charakteru dzia\u0142alno\u015bci przedsi\u0119biorstwa, EVOCERT sporz\u0105dza i przesy\u0142a do Klienta ofert\u0119 ze wskazaniem cen i [&hellip;]<\/p>\n","protected":false},"author":2,"featured_media":0,"parent":0,"menu_order":0,"comment_status":"closed","ping_status":"closed","template":"wp-custom-template-oferta-eudr-etapy-oceny","meta":{"footnotes":""},"class_list":["post-4873","page","type-page","status-publish","hentry"],"yoast_head":"<!-- This site is optimized with the Yoast SEO plugin v27.5 - https:\/\/yoast.com\/product\/yoast-seo-wordpress\/ -->\n<title>EUDR - etapy oceny stopnia zgodno\u015bci - EVOCERT<\/title>\n<meta name=\"robots\" content=\"index, follow, max-snippet:-1, max-image-preview:large, max-video-preview:-1\" \/>\n<link rel=\"canonical\" href=\"https:\/\/evocert.pl\/zh\/eudr-etapy-oceny-stopnia-zgodnosci\/\" \/>\n<meta property=\"og:locale\" content=\"zh_CN\" \/>\n<meta property=\"og:type\" content=\"article\" \/>\n<meta property=\"og:title\" content=\"EUDR - etapy oceny stopnia zgodno\u015bci - EVOCERT\" \/>\n<meta property=\"og:description\" content=\"Proces oceny stopnia zgodno\u015bci z Rozporz\u0105dzeniem EUDR jest prowadzony w spos\u00f3b przejrzysty i jest dostosowany do wielko\u015bci i specyfiki przedsi\u0119biorstwa. Wniosek o ocen\u0119 stopnia zgodno\u015bci Klient wype\u0142nia wniosek o ocen\u0119 stopnia zgodno\u015bci stosuj\u0105c formularz EVOCERT. Oferta W zale\u017cno\u015bci od wielko\u015bci i charakteru dzia\u0142alno\u015bci przedsi\u0119biorstwa, EVOCERT sporz\u0105dza i przesy\u0142a do Klienta ofert\u0119 ze wskazaniem cen i [&hellip;]\" \/>\n<meta property=\"og:url\" content=\"https:\/\/evocert.pl\/zh\/eudr-etapy-oceny-stopnia-zgodnosci\/\" \/>\n<meta property=\"og:site_name\" content=\"EVOCERT\" \/>\n<meta property=\"article:modified_time\" content=\"2025-09-30T07:23:49+00:00\" \/>\n<meta property=\"og:image\" content=\"https:\/\/evocert.pl\/wp-content\/uploads\/2025\/01\/EVOCERT_logo_KOLOR_PNG.png\" \/>\n\t<meta property=\"og:image:width\" content=\"378\" \/>\n\t<meta property=\"og:image:height\" content=\"378\" \/>\n\t<meta property=\"og:image:type\" content=\"image\/png\" \/>\n<meta name=\"twitter:card\" content=\"summary_large_image\" \/>\n<script type=\"application\/ld+json\" class=\"yoast-schema-graph\">{\"@context\":\"https:\\\/\\\/schema.org\",\"@graph\":[{\"@type\":\"WebPage\",\"@id\":\"https:\\\/\\\/evocert.pl\\\/eudr-etapy-oceny-stopnia-zgodnosci\\\/\",\"url\":\"https:\\\/\\\/evocert.pl\\\/eudr-etapy-oceny-stopnia-zgodnosci\\\/\",\"name\":\"EUDR - etapy oceny stopnia zgodno\u015bci - EVOCERT\",\"isPartOf\":{\"@id\":\"https:\\\/\\\/evocert.pl\\\/en\\\/#website\"},\"datePublished\":\"2025-09-30T06:36:02+00:00\",\"dateModified\":\"2025-09-30T07:23:49+00:00\",\"breadcrumb\":{\"@id\":\"https:\\\/\\\/evocert.pl\\\/eudr-etapy-oceny-stopnia-zgodnosci\\\/#breadcrumb\"},\"inLanguage\":\"zh-Hans\",\"potentialAction\":[{\"@type\":\"ReadAction\",\"target\":[\"https:\\\/\\\/evocert.pl\\\/eudr-etapy-oceny-stopnia-zgodnosci\\\/\"]}]},{\"@type\":\"BreadcrumbList\",\"@id\":\"https:\\\/\\\/evocert.pl\\\/eudr-etapy-oceny-stopnia-zgodnosci\\\/#breadcrumb\",\"itemListElement\":[{\"@type\":\"ListItem\",\"position\":1,\"name\":\"Strona g\u0142\u00f3wna\",\"item\":\"https:\\\/\\\/evocert.pl\\\/en\\\/\"},{\"@type\":\"ListItem\",\"position\":2,\"name\":\"EUDR &#8211; etapy oceny stopnia zgodno\u015bci\"}]},{\"@type\":\"WebSite\",\"@id\":\"https:\\\/\\\/evocert.pl\\\/en\\\/#website\",\"url\":\"https:\\\/\\\/evocert.pl\\\/en\\\/\",\"name\":\"EVOCERT\",\"description\":\"Evolution in certification\",\"publisher\":{\"@id\":\"https:\\\/\\\/evocert.pl\\\/en\\\/#organization\"},\"potentialAction\":[{\"@type\":\"SearchAction\",\"target\":{\"@type\":\"EntryPoint\",\"urlTemplate\":\"https:\\\/\\\/evocert.pl\\\/en\\\/?s={search_term_string}\"},\"query-input\":{\"@type\":\"PropertyValueSpecification\",\"valueRequired\":true,\"valueName\":\"search_term_string\"}}],\"inLanguage\":\"zh-Hans\"},{\"@type\":\"Organization\",\"@id\":\"https:\\\/\\\/evocert.pl\\\/en\\\/#organization\",\"name\":\"EVOCERT\",\"url\":\"https:\\\/\\\/evocert.pl\\\/en\\\/\",\"logo\":{\"@type\":\"ImageObject\",\"inLanguage\":\"zh-Hans\",\"@id\":\"https:\\\/\\\/evocert.pl\\\/en\\\/#\\\/schema\\\/logo\\\/image\\\/\",\"url\":\"https:\\\/\\\/evocert.pl\\\/wp-content\\\/uploads\\\/2025\\\/01\\\/EVOCERT_logo_KOLOR_PNG.png\",\"contentUrl\":\"https:\\\/\\\/evocert.pl\\\/wp-content\\\/uploads\\\/2025\\\/01\\\/EVOCERT_logo_KOLOR_PNG.png\",\"width\":378,\"height\":378,\"caption\":\"EVOCERT\"},\"image\":{\"@id\":\"https:\\\/\\\/evocert.pl\\\/en\\\/#\\\/schema\\\/logo\\\/image\\\/\"},\"sameAs\":[\"https:\\\/\\\/www.linkedin.com\\\/company\\\/evocert-sp-z-o-o\"]}]}<\/script>\n<!-- \/ Yoast SEO plugin. -->","yoast_head_json":{"title":"EUDR - etapy oceny stopnia zgodno\u015bci - EVOCERT","robots":{"index":"index","follow":"follow","max-snippet":"max-snippet:-1","max-image-preview":"max-image-preview:large","max-video-preview":"max-video-preview:-1"},"canonical":"https:\/\/evocert.pl\/zh\/eudr-etapy-oceny-stopnia-zgodnosci\/","og_locale":"zh_CN","og_type":"article","og_title":"EUDR - etapy oceny stopnia zgodno\u015bci - EVOCERT","og_description":"Proces oceny stopnia zgodno\u015bci z Rozporz\u0105dzeniem EUDR jest prowadzony w spos\u00f3b przejrzysty i jest dostosowany do wielko\u015bci i specyfiki przedsi\u0119biorstwa. Wniosek o ocen\u0119 stopnia zgodno\u015bci Klient wype\u0142nia wniosek o ocen\u0119 stopnia zgodno\u015bci stosuj\u0105c formularz EVOCERT. Oferta W zale\u017cno\u015bci od wielko\u015bci i charakteru dzia\u0142alno\u015bci przedsi\u0119biorstwa, EVOCERT sporz\u0105dza i przesy\u0142a do Klienta ofert\u0119 ze wskazaniem cen i [&hellip;]","og_url":"https:\/\/evocert.pl\/zh\/eudr-etapy-oceny-stopnia-zgodnosci\/","og_site_name":"EVOCERT","article_modified_time":"2025-09-30T07:23:49+00:00","og_image":[{"width":378,"height":378,"url":"https:\/\/evocert.pl\/wp-content\/uploads\/2025\/01\/EVOCERT_logo_KOLOR_PNG.png","type":"image\/png"}],"twitter_card":"summary_large_image","schema":{"@context":"https:\/\/schema.org","@graph":[{"@type":"WebPage","@id":"https:\/\/evocert.pl\/eudr-etapy-oceny-stopnia-zgodnosci\/","url":"https:\/\/evocert.pl\/eudr-etapy-oceny-stopnia-zgodnosci\/","name":"EUDR - etapy oceny stopnia zgodno\u015bci - EVOCERT","isPartOf":{"@id":"https:\/\/evocert.pl\/en\/#website"},"datePublished":"2025-09-30T06:36:02+00:00","dateModified":"2025-09-30T07:23:49+00:00","breadcrumb":{"@id":"https:\/\/evocert.pl\/eudr-etapy-oceny-stopnia-zgodnosci\/#breadcrumb"},"inLanguage":"zh-Hans","potentialAction":[{"@type":"ReadAction","target":["https:\/\/evocert.pl\/eudr-etapy-oceny-stopnia-zgodnosci\/"]}]},{"@type":"BreadcrumbList","@id":"https:\/\/evocert.pl\/eudr-etapy-oceny-stopnia-zgodnosci\/#breadcrumb","itemListElement":[{"@type":"ListItem","position":1,"name":"Strona g\u0142\u00f3wna","item":"https:\/\/evocert.pl\/en\/"},{"@type":"ListItem","position":2,"name":"EUDR &#8211; etapy oceny stopnia zgodno\u015bci"}]},{"@type":"WebSite","@id":"https:\/\/evocert.pl\/en\/#website","url":"https:\/\/evocert.pl\/en\/","name":"EVOCERT","description":"Evolution in certification","publisher":{"@id":"https:\/\/evocert.pl\/en\/#organization"},"potentialAction":[{"@type":"SearchAction","target":{"@type":"EntryPoint","urlTemplate":"https:\/\/evocert.pl\/en\/?s={search_term_string}"},"query-input":{"@type":"PropertyValueSpecification","valueRequired":true,"valueName":"search_term_string"}}],"inLanguage":"zh-Hans"},{"@type":"Organization","@id":"https:\/\/evocert.pl\/en\/#organization","name":"EVOCERT","url":"https:\/\/evocert.pl\/en\/","logo":{"@type":"ImageObject","inLanguage":"zh-Hans","@id":"https:\/\/evocert.pl\/en\/#\/schema\/logo\/image\/","url":"https:\/\/evocert.pl\/wp-content\/uploads\/2025\/01\/EVOCERT_logo_KOLOR_PNG.png","contentUrl":"https:\/\/evocert.pl\/wp-content\/uploads\/2025\/01\/EVOCERT_logo_KOLOR_PNG.png","width":378,"height":378,"caption":"EVOCERT"},"image":{"@id":"https:\/\/evocert.pl\/en\/#\/schema\/logo\/image\/"},"sameAs":["https:\/\/www.linkedin.com\/company\/evocert-sp-z-o-o"]}]}},"_links":{"self":[{"href":"https:\/\/evocert.pl\/zh\/wp-json\/wp\/v2\/pages\/4873","targetHints":{"allow":["GET"]}}],"collection":[{"href":"https:\/\/evocert.pl\/zh\/wp-json\/wp\/v2\/pages"}],"about":[{"href":"https:\/\/evocert.pl\/zh\/wp-json\/wp\/v2\/types\/page"}],"author":[{"embeddable":true,"href":"https:\/\/evocert.pl\/zh\/wp-json\/wp\/v2\/users\/2"}],"replies":[{"embeddable":true,"href":"https:\/\/evocert.pl\/zh\/wp-json\/wp\/v2\/comments?post=4873"}],"version-history":[{"count":2,"href":"https:\/\/evocert.pl\/zh\/wp-json\/wp\/v2\/pages\/4873\/revisions"}],"predecessor-version":[{"id":4902,"href":"https:\/\/evocert.pl\/zh\/wp-json\/wp\/v2\/pages\/4873\/revisions\/4902"}],"wp:attachment":[{"href":"https:\/\/evocert.pl\/zh\/wp-json\/wp\/v2\/media?parent=4873"}],"curies":[{"name":"wp","href":"https:\/\/api.w.org\/{rel}","templated":true}]}}