{"id":4867,"date":"2025-09-30T08:31:29","date_gmt":"2025-09-30T06:31:29","guid":{"rendered":"https:\/\/evocert.pl\/?page_id=4867"},"modified":"2026-01-16T11:40:33","modified_gmt":"2026-01-16T10:40:33","slug":"eudr-o-rozporzadzeniu-eudr","status":"publish","type":"page","link":"https:\/\/evocert.pl\/zh\/eudr-o-rozporzadzeniu-eudr\/","title":{"rendered":"\u5173\u4e8e\u201cEUDR \u6cd5\u89c4\u201d"},"content":{"rendered":"<h2 class=\"wp-block-heading has-custom-logo-color has-text-color has-link-color has-medium-font-size wp-elements-81f4f9fcd6437c5554b88ea2d5073eff\">EUDR \u2014 \u6b27\u76df\u96f6\u6bc1\u6797\u6cd5\u89c4\uff08European Union Deforestation Regulation\uff09<\/h2>\n\n\n\n<p class=\"has-small-font-size\" style=\"line-height:1.7\">31 maja 2023 r. zosta\u0142o uchwalone a nast\u0119pnie 9 czerwca 2023 r. opublikowane w Dzienniku Urz\u0119dowym Unii Europejskiej Rozporz\u0105dzenie Parlamentu Europejskiego i Rady (UE) 2023\/1115 w sprawie udost\u0119pniania na rynku unijnym oraz wywozu z Unii niekt\u00f3rych towar\u00f3w i &nbsp;produkt\u00f3w zwi\u0105zanych z wylesianiem i degradacj\u0105 las\u00f3w oraz uchylenia rozporz\u0105dzenia (UE) nr 995\/2010 (tzw.).<\/p>\n\n\n\n<hr class=\"wp-block-separator has-text-color has-custom-logo-color has-alpha-channel-opacity has-custom-logo-background-color has-background is-style-wide\" style=\"margin-top:var(--wp--preset--spacing--60);margin-bottom:var(--wp--preset--spacing--60)\"\/>\n\n\n\n<h2 class=\"wp-block-heading has-custom-logo-color has-text-color has-link-color has-medium-font-size wp-elements-a00af61d34aa02331aca17e78f085c1f\">\u4ec0\u4e48\u662f\u6240\u63d0\u4f9b\u7684 EUDR \u6cd5\u89c4\u7b26\u5408\u6027\u8bc4\u4f30\uff1f<\/h2>\n\n\n\n<p class=\"has-small-font-size\" style=\"line-height:1.7\">\u88ab\u79f0\u4e3a EUDR \u7684\u65b0\u6b27\u76df\u6cd5\u89c4\u65e8\u5728\u786e\u4fdd\u53ea\u6709\u201c\u65e0\u6bc1\u6797\uff08\u96f6\u6bc1\u6797\uff09\u201d\u7684\u4ea7\u54c1\u624d\u80fd\u8fdb\u5165\u6b27\u76df\u5e02\u573a\u3002\u8be5\u5021\u8bae\u662f\u5e94\u5bf9\u6c14\u5019\u53d8\u5316\u7684\u91cd\u8981\u4e3e\u63aa\u4e4b\u4e00\uff0c\u901a\u8fc7\u5927\u5e45\u51cf\u5c11\u6e29\u5ba4\u6c14\u4f53\u6392\u653e\u6765\u53d1\u6325\u4f5c\u7528\uff0c\u540c\u65f6\u4e5f\u662f\u4fdd\u62a4\u5168\u7403\u751f\u7269\u591a\u6837\u6027\u7684\u91cd\u8981\u5de5\u5177\u3002\u5176\u6838\u5fc3\u76ee\u6807\u662f \u6d88\u9664\u6b27\u76df\u5728\u5168\u7403\u68ee\u6797\u780d\u4f10\u4e0e\u68ee\u6797\u9000\u5316\u8fc7\u7a0b\u4e2d\u7684\u8d1f\u9762\u5f71\u54cd\u3002<\/p>\n\n\n\n<hr class=\"wp-block-separator has-text-color has-custom-logo-color has-alpha-channel-opacity has-custom-logo-background-color has-background is-style-wide\" style=\"margin-top:var(--wp--preset--spacing--60);margin-bottom:var(--wp--preset--spacing--60)\"\/>\n\n\n\n<h2 class=\"wp-block-heading has-custom-logo-color has-text-color has-link-color has-medium-font-size wp-elements-409d7a061386d051770b0dc3d845be24\">EUDR \u6cd5\u89c4\u9002\u7528\u4e8e\u54ea\u4e9b\u4e3b\u4f53\uff1f<\/h2>\n\n\n\n<p class=\"has-small-font-size\" style=\"line-height:1.7\">\u9002\u5e94\u65b0\u6cd5\u89c4\u7684\u4e49\u52a1\u9002\u7528\u4e8e\uff1a<\/p>\n\n\n\n<ul style=\"line-height:1.8\" class=\"wp-block-list has-small-font-size\">\n<li>podmiotach \u2013 tj. osobach fizycznych lub prawnych, kt\u00f3re w ramach dzia\u0142alno\u015bci handlowej wprowadzaj\u0105 odno\u015bne&nbsp; produkty do obrotu lub je wywo\u017c\u0105,<\/li>\n\n\n\n<li>\u5546\u4e1a\u7ecf\u8425\u8005\uff08\u8d38\u6613\u5546\uff09\u2014 \u5373\u5728\u4f9b\u5e94\u94fe\u4e2d\u3001\u9664\u201c\u7ecf\u8425\u4e3b\u4f53\u201d\u4e4b\u5916\uff0c\u5728\u5546\u4e1a\u6d3b\u52a8\u4e2d\u5411\u5e02\u573a\u63d0\u4f9b\u76f8\u5173\u4ea7\u54c1\u7684\u4e2a\u4eba\u6216\u4f01\u4e1a\u3002<\/li>\n<\/ul>\n\n\n\n<p class=\"has-small-font-size\" style=\"line-height:1.7\">\u8be5\u6cd5\u89c4\u9002\u7528\u4e8e\u7279\u5b9a\u5546\u54c1\u53ca\u5176\u5728\u6cd5\u89c4\u9644\u4ef6 I \u4e2d\u5217\u660e\u7684\u76f8\u5173\u4ea7\u54c1\uff0c\u5176\u4e2d\u5305\u62ec\uff1a<\/p>\n\n\n\n<ul style=\"line-height:1.8\" class=\"wp-block-list has-small-font-size\">\n<li>\u5c31\u5546\u54c1\u800c\u8a00\uff1a \u6728\u6750\u3001\u53ef\u53ef\u3001\u5496\u5561\u3001\u5929\u7136\u6a61\u80f6\u3001\u5927\u8c46\u3001\u6cb9\u68d5\uff08\u68d5\u6988\u6cb9\uff09\u53ca\u725b\u7c7b\uff1b<\/li>\n\n\n\n<li>\u5c31\u4ea7\u54c1\u800c\u8a00\uff0c\u4f8b\u5982\uff1a \u6728\u5236\u5bb6\u5177\u3001\u5de7\u514b\u529b\u3001\u70d8\u7119\u5496\u5561\u6216\u8131\u5496\u5561\u56e0\u5496\u5561\u3001\u6a61\u80f6\u5145\u6c14\u8f6e\u80ce\u3001\u5927\u8c46\u79cd\u5b50\u3001\u97a3\u5236\u76ae\u9769\u4ee5\u53ca\u725b\u8089\u7b49\u3002<\/li>\n<\/ul>\n\n\n\n<hr class=\"wp-block-separator has-text-color has-custom-logo-color has-alpha-channel-opacity has-custom-logo-background-color has-background is-style-wide\" style=\"margin-top:var(--wp--preset--spacing--60);margin-bottom:var(--wp--preset--spacing--60)\"\/>\n\n\n\n<h2 class=\"wp-block-heading has-custom-logo-color has-text-color has-link-color has-medium-font-size wp-elements-25a676361ed5281d53829d6b749d8e6c\">\u6cd5\u89c4\u9002\u7528\u65f6\u95f4\uff08EUDR \u7b2c 38 \u6761\uff09<\/h2>\n\n\n\n<p class=\"has-small-font-size\" style=\"line-height:1.7\">Rozporz\u0105dzenie EUDR wesz\u0142o w \u017cycie w dniu 29 czerwca 2023 r. i od tego momentu wi\u0105\u017ce w ca\u0142o\u015bci i jest bezpo\u015brednio stosowane w pa\u0144stwach cz\u0142onkowskich. W przypadku du\u017cych i \u015brednich przedsi\u0119biorc\u00f3w zasady wynikaj\u0105ce z EUDR zaczynaj\u0105 obowi\u0105zywa\u0107 od 30 grudnia 2026 r., natomiast wobec mikro i ma\u0142ych przedsi\u0119biorc\u00f3w \u2013 od 30 czerwca 2027 r.<\/p>\n\n\n\n<hr class=\"wp-block-separator has-text-color has-custom-logo-color has-alpha-channel-opacity has-custom-logo-background-color has-background is-style-wide\" style=\"margin-top:var(--wp--preset--spacing--60);margin-bottom:var(--wp--preset--spacing--60)\"\/>\n\n\n\n<h2 class=\"wp-block-heading has-custom-logo-color has-text-color has-link-color has-medium-font-size wp-elements-f0fb9774e22f4f6196338b43babc6ae8\">\u901a\u8fc7 EUDR \u6cd5\u89c4\u7b26\u5408\u6027\u8bc4\u4f30\uff0c\u60a8\u53ef\u4ee5\u83b7\u5f97\u54ea\u4e9b\u6536\u76ca\uff1f<\/h2>\n\n\n\n<p class=\"has-small-font-size\">EVOCERT \u63d0\u4f9b \u72ec\u7acb\u7684 EUDR \u6cd5\u89c4\u7b26\u5408\u6027\u8bc4\u4f30\u670d\u52a1\u3002\u6839\u636e\u8bc4\u4f30\u7ed3\u679c\uff1a<\/p>\n\n\n\n<ul style=\"line-height:1.8\" class=\"wp-block-list has-small-font-size\">\n<li>\u60a8\u5c06\u83b7\u5f97 \u4e3a\u6ee1\u8db3 EUDR \u6cd5\u89c4\u8981\u6c42\u800c\u9700\u4f18\u5148\u5b9e\u65bd\u7684\u5173\u952e\u884c\u52a8\u7684\u660e\u786e\u4fe1\u606f\uff1b<\/li>\n\n\n\n<li>\u5c06\u5bf9 \u8d35\u516c\u53f8\u4f9d\u636e EUDR \u8981\u6c42\u63d0\u4ea4\u201c\u5c3d\u804c\u8c03\u67e5\u58f0\u660e\u201d\u7684\u51c6\u5907\u7a0b\u5ea6\u8fdb\u884c\u8bc4\u4f30\u5e76\u4e88\u4ee5\u660e\u786e\u8bf4\u660e\uff1b<\/li>\n\n\n\n<li>\u60a8\u5c06\u4e86\u89e3 \u8d35\u516c\u53f8\u7ba1\u7406\u4f53\u7cfb\u4e2d\u54ea\u4e9b\u9886\u57df\u548c\u7a0b\u5e8f\u5df2\u6709\u6548\u5b9e\u65bd\uff0c\u54ea\u4e9b\u4ecd\u9700\u6539\u8fdb\uff0c\u4ece\u800c\u964d\u4f4e\u58f0\u8a89\u98ce\u9669\u4ee5\u53ca\u6765\u81ea\u76d1\u7ba1\u673a\u6784\u7684\u4e25\u5389\u5904\u7f5a\u98ce\u9669\uff1b<\/li>\n\n\n\n<li>\u8d35\u516c\u53f8\u7684 \u5546\u4e1a\u5408\u4f5c\u4f19\u4f34\u5c06\u770b\u5230\u4e0e\u4e00\u5bb6\u91c7\u53d6\u8d1f\u8d23\u4efb\u3001\u4f4e\u98ce\u9669\u5546\u4e1a\u5b9e\u8df5\u7684\u4f01\u4e1a\u5408\u4f5c\u6240\u5e26\u6765\u7684\u4f18\u52bf\uff1b<\/li>\n\n\n\n<li>\u5c06 \u66f4\u5bb9\u6613\u5efa\u7acb\u548c\u5b9e\u65bd\u5c3d\u804c\u8c03\u67e5\uff08due diligence\uff09\u4f53\u7cfb\uff0c\u4ee5\u786e\u4fdd\u91c7\u8d2d\u6d41\u7a0b\u900f\u660e\u3001\u4ea7\u54c1\u6765\u6e90\u53ef\u8ffd\u6eaf\uff0c\u4ece\u800c\u6709\u6548 \u964d\u4f4e\u7ecf\u8425\u98ce\u9669\u3002<\/li>\n<\/ul>\n\n\n\n<p class=\"has-small-font-size\">\u6b64\u5916\uff0cEVOCERT \u8ba4\u8bc1\u673a\u6784\u8fd8\u53ef\u5bf9\u60a8\u4f9b\u5e94\u5546\u662f\u5426\u7b26\u5408 EUDR \u6cd5\u89c4\u8981\u6c42\u8fdb\u884c\u5408\u89c4\u6027\u8bc4\u4f30\u3002<\/p>\n\n\n\n<hr class=\"wp-block-separator has-text-color has-custom-logo-color has-alpha-channel-opacity has-custom-logo-background-color has-background is-style-wide\" style=\"margin-top:var(--wp--preset--spacing--60);margin-bottom:var(--wp--preset--spacing--60)\"\/>\n\n\n\n<div class=\"wp-block-group is-vertical is-content-justification-stretch is-layout-flex wp-container-core-group-is-layout-353c4f5a wp-block-group-is-layout-flex\">\n<h2 class=\"wp-block-heading has-custom-logo-color has-text-color has-link-color has-medium-font-size wp-elements-c3f18a172e2d01dc235d7c3c5d4ed1e3\">\u8054\u7cfb\u6211\u4eec<\/h2>\n\n\n\n<p class=\"has-small-font-size\" style=\"padding-bottom:var(--wp--preset--spacing--40);line-height:1.7\">\u9700\u8981\u62a5\u4ef7\u5417\uff1f\u6216\u8005\u60a8\u6709\u4efb\u4f55\u7591\u95ee\uff1f\u6211\u4eec\u7684\u56e2\u961f\u5c06\u5f88\u4e50\u610f\u4e3a\u60a8\u63d0\u4f9b\u5168\u9762\u652f\u6301\u3002<\/p>\n\n\n\n<div class=\"wp-block-buttons is-content-justification-center is-layout-flex wp-container-core-buttons-is-layout-c304233e wp-block-buttons-is-layout-flex\" style=\"margin-top:var(--wp--preset--spacing--20);margin-bottom:var(--wp--preset--spacing--30)\">\n<div class=\"wp-block-button has-custom-font-size has-body-text-font-size\"><a class=\"wp-block-button__link has-foreground-color has-custom-logo-background-color has-text-color has-background has-link-color wp-element-button\" href=\"http:\/\/evocert.pl\/zh\/?page_id=308\" style=\"padding-top:0.85rem;padding-right:2rem;padding-bottom:0.85rem;padding-left:2rem\"><strong>\u8054\u7cfb\u6211\u4eec<\/strong><\/a><\/div>\n<\/div>\n<\/div>","protected":false},"excerpt":{"rendered":"<p>EUDR &#8211; European Union Deforestation Regulation 31 maja 2023 r. zosta\u0142o uchwalone a nast\u0119pnie 9 czerwca 2023 r. opublikowane w Dzienniku Urz\u0119dowym Unii Europejskiej Rozporz\u0105dzenie Parlamentu Europejskiego i Rady (UE) 2023\/1115 w sprawie udost\u0119pniania na rynku unijnym oraz wywozu z Unii niekt\u00f3rych towar\u00f3w i &nbsp;produkt\u00f3w zwi\u0105zanych z wylesianiem i degradacj\u0105 las\u00f3w oraz uchylenia rozporz\u0105dzenia (UE) [&hellip;]<\/p>\n","protected":false},"author":2,"featured_media":0,"parent":0,"menu_order":0,"comment_status":"closed","ping_status":"closed","template":"wp-custom-template-oferta-eudr-o-rozporz-dzeniu","meta":{"footnotes":""},"class_list":["post-4867","page","type-page","status-publish","hentry"],"yoast_head":"<!-- This site is optimized with the Yoast SEO plugin v27.5 - https:\/\/yoast.com\/product\/yoast-seo-wordpress\/ -->\n<title>O &quot;Rozporz\u0105dzeniu EUDR&quot; - EVOCERT<\/title>\n<meta name=\"robots\" content=\"index, follow, max-snippet:-1, max-image-preview:large, max-video-preview:-1\" \/>\n<link rel=\"canonical\" href=\"https:\/\/evocert.pl\/zh\/eudr-o-rozporzadzeniu-eudr\/\" \/>\n<meta property=\"og:locale\" content=\"zh_CN\" \/>\n<meta property=\"og:type\" content=\"article\" \/>\n<meta property=\"og:title\" content=\"O &quot;Rozporz\u0105dzeniu EUDR&quot; - EVOCERT\" \/>\n<meta property=\"og:description\" content=\"EUDR &#8211; European Union Deforestation Regulation 31 maja 2023 r. zosta\u0142o uchwalone a nast\u0119pnie 9 czerwca 2023 r. opublikowane w Dzienniku Urz\u0119dowym Unii Europejskiej Rozporz\u0105dzenie Parlamentu Europejskiego i Rady (UE) 2023\/1115 w sprawie udost\u0119pniania na rynku unijnym oraz wywozu z Unii niekt\u00f3rych towar\u00f3w i &nbsp;produkt\u00f3w zwi\u0105zanych z wylesianiem i degradacj\u0105 las\u00f3w oraz uchylenia rozporz\u0105dzenia (UE) [&hellip;]\" \/>\n<meta property=\"og:url\" content=\"https:\/\/evocert.pl\/zh\/eudr-o-rozporzadzeniu-eudr\/\" \/>\n<meta property=\"og:site_name\" content=\"EVOCERT\" \/>\n<meta property=\"article:modified_time\" content=\"2026-01-16T10:40:33+00:00\" \/>\n<meta property=\"og:image\" content=\"https:\/\/evocert.pl\/wp-content\/uploads\/2025\/01\/EVOCERT_logo_KOLOR_PNG.png\" \/>\n\t<meta property=\"og:image:width\" content=\"378\" \/>\n\t<meta property=\"og:image:height\" content=\"378\" \/>\n\t<meta property=\"og:image:type\" content=\"image\/png\" \/>\n<meta name=\"twitter:card\" content=\"summary_large_image\" \/>\n<meta name=\"twitter:label1\" content=\"\u9884\u8ba1\u9605\u8bfb\u65f6\u95f4\" \/>\n\t<meta name=\"twitter:data1\" content=\"6 \u5206\" \/>\n<script type=\"application\/ld+json\" class=\"yoast-schema-graph\">{\"@context\":\"https:\\\/\\\/schema.org\",\"@graph\":[{\"@type\":\"WebPage\",\"@id\":\"https:\\\/\\\/evocert.pl\\\/eudr-o-rozporzadzeniu-eudr\\\/\",\"url\":\"https:\\\/\\\/evocert.pl\\\/eudr-o-rozporzadzeniu-eudr\\\/\",\"name\":\"O \\\"Rozporz\u0105dzeniu EUDR\\\" - EVOCERT\",\"isPartOf\":{\"@id\":\"https:\\\/\\\/evocert.pl\\\/en\\\/#website\"},\"datePublished\":\"2025-09-30T06:31:29+00:00\",\"dateModified\":\"2026-01-16T10:40:33+00:00\",\"breadcrumb\":{\"@id\":\"https:\\\/\\\/evocert.pl\\\/eudr-o-rozporzadzeniu-eudr\\\/#breadcrumb\"},\"inLanguage\":\"zh-Hans\",\"potentialAction\":[{\"@type\":\"ReadAction\",\"target\":[\"https:\\\/\\\/evocert.pl\\\/eudr-o-rozporzadzeniu-eudr\\\/\"]}]},{\"@type\":\"BreadcrumbList\",\"@id\":\"https:\\\/\\\/evocert.pl\\\/eudr-o-rozporzadzeniu-eudr\\\/#breadcrumb\",\"itemListElement\":[{\"@type\":\"ListItem\",\"position\":1,\"name\":\"Strona g\u0142\u00f3wna\",\"item\":\"https:\\\/\\\/evocert.pl\\\/en\\\/\"},{\"@type\":\"ListItem\",\"position\":2,\"name\":\"O &#8222;Rozporz\u0105dzeniu EUDR&#8221;\"}]},{\"@type\":\"WebSite\",\"@id\":\"https:\\\/\\\/evocert.pl\\\/en\\\/#website\",\"url\":\"https:\\\/\\\/evocert.pl\\\/en\\\/\",\"name\":\"EVOCERT\",\"description\":\"Evolution in certification\",\"publisher\":{\"@id\":\"https:\\\/\\\/evocert.pl\\\/en\\\/#organization\"},\"potentialAction\":[{\"@type\":\"SearchAction\",\"target\":{\"@type\":\"EntryPoint\",\"urlTemplate\":\"https:\\\/\\\/evocert.pl\\\/en\\\/?s={search_term_string}\"},\"query-input\":{\"@type\":\"PropertyValueSpecification\",\"valueRequired\":true,\"valueName\":\"search_term_string\"}}],\"inLanguage\":\"zh-Hans\"},{\"@type\":\"Organization\",\"@id\":\"https:\\\/\\\/evocert.pl\\\/en\\\/#organization\",\"name\":\"EVOCERT\",\"url\":\"https:\\\/\\\/evocert.pl\\\/en\\\/\",\"logo\":{\"@type\":\"ImageObject\",\"inLanguage\":\"zh-Hans\",\"@id\":\"https:\\\/\\\/evocert.pl\\\/en\\\/#\\\/schema\\\/logo\\\/image\\\/\",\"url\":\"https:\\\/\\\/evocert.pl\\\/wp-content\\\/uploads\\\/2025\\\/01\\\/EVOCERT_logo_KOLOR_PNG.png\",\"contentUrl\":\"https:\\\/\\\/evocert.pl\\\/wp-content\\\/uploads\\\/2025\\\/01\\\/EVOCERT_logo_KOLOR_PNG.png\",\"width\":378,\"height\":378,\"caption\":\"EVOCERT\"},\"image\":{\"@id\":\"https:\\\/\\\/evocert.pl\\\/en\\\/#\\\/schema\\\/logo\\\/image\\\/\"},\"sameAs\":[\"https:\\\/\\\/www.linkedin.com\\\/company\\\/evocert-sp-z-o-o\"]}]}<\/script>\n<!-- \/ Yoast SEO plugin. -->","yoast_head_json":{"title":"O \"Rozporz\u0105dzeniu EUDR\" - EVOCERT","robots":{"index":"index","follow":"follow","max-snippet":"max-snippet:-1","max-image-preview":"max-image-preview:large","max-video-preview":"max-video-preview:-1"},"canonical":"https:\/\/evocert.pl\/zh\/eudr-o-rozporzadzeniu-eudr\/","og_locale":"zh_CN","og_type":"article","og_title":"O \"Rozporz\u0105dzeniu EUDR\" - EVOCERT","og_description":"EUDR &#8211; European Union Deforestation Regulation 31 maja 2023 r. zosta\u0142o uchwalone a nast\u0119pnie 9 czerwca 2023 r. opublikowane w Dzienniku Urz\u0119dowym Unii Europejskiej Rozporz\u0105dzenie Parlamentu Europejskiego i Rady (UE) 2023\/1115 w sprawie udost\u0119pniania na rynku unijnym oraz wywozu z Unii niekt\u00f3rych towar\u00f3w i &nbsp;produkt\u00f3w zwi\u0105zanych z wylesianiem i degradacj\u0105 las\u00f3w oraz uchylenia rozporz\u0105dzenia (UE) [&hellip;]","og_url":"https:\/\/evocert.pl\/zh\/eudr-o-rozporzadzeniu-eudr\/","og_site_name":"EVOCERT","article_modified_time":"2026-01-16T10:40:33+00:00","og_image":[{"width":378,"height":378,"url":"https:\/\/evocert.pl\/wp-content\/uploads\/2025\/01\/EVOCERT_logo_KOLOR_PNG.png","type":"image\/png"}],"twitter_card":"summary_large_image","twitter_misc":{"\u9884\u8ba1\u9605\u8bfb\u65f6\u95f4":"6 \u5206"},"schema":{"@context":"https:\/\/schema.org","@graph":[{"@type":"WebPage","@id":"https:\/\/evocert.pl\/eudr-o-rozporzadzeniu-eudr\/","url":"https:\/\/evocert.pl\/eudr-o-rozporzadzeniu-eudr\/","name":"O \"Rozporz\u0105dzeniu EUDR\" - EVOCERT","isPartOf":{"@id":"https:\/\/evocert.pl\/en\/#website"},"datePublished":"2025-09-30T06:31:29+00:00","dateModified":"2026-01-16T10:40:33+00:00","breadcrumb":{"@id":"https:\/\/evocert.pl\/eudr-o-rozporzadzeniu-eudr\/#breadcrumb"},"inLanguage":"zh-Hans","potentialAction":[{"@type":"ReadAction","target":["https:\/\/evocert.pl\/eudr-o-rozporzadzeniu-eudr\/"]}]},{"@type":"BreadcrumbList","@id":"https:\/\/evocert.pl\/eudr-o-rozporzadzeniu-eudr\/#breadcrumb","itemListElement":[{"@type":"ListItem","position":1,"name":"Strona g\u0142\u00f3wna","item":"https:\/\/evocert.pl\/en\/"},{"@type":"ListItem","position":2,"name":"O &#8222;Rozporz\u0105dzeniu EUDR&#8221;"}]},{"@type":"WebSite","@id":"https:\/\/evocert.pl\/en\/#website","url":"https:\/\/evocert.pl\/en\/","name":"EVOCERT","description":"Evolution in certification","publisher":{"@id":"https:\/\/evocert.pl\/en\/#organization"},"potentialAction":[{"@type":"SearchAction","target":{"@type":"EntryPoint","urlTemplate":"https:\/\/evocert.pl\/en\/?s={search_term_string}"},"query-input":{"@type":"PropertyValueSpecification","valueRequired":true,"valueName":"search_term_string"}}],"inLanguage":"zh-Hans"},{"@type":"Organization","@id":"https:\/\/evocert.pl\/en\/#organization","name":"EVOCERT","url":"https:\/\/evocert.pl\/en\/","logo":{"@type":"ImageObject","inLanguage":"zh-Hans","@id":"https:\/\/evocert.pl\/en\/#\/schema\/logo\/image\/","url":"https:\/\/evocert.pl\/wp-content\/uploads\/2025\/01\/EVOCERT_logo_KOLOR_PNG.png","contentUrl":"https:\/\/evocert.pl\/wp-content\/uploads\/2025\/01\/EVOCERT_logo_KOLOR_PNG.png","width":378,"height":378,"caption":"EVOCERT"},"image":{"@id":"https:\/\/evocert.pl\/en\/#\/schema\/logo\/image\/"},"sameAs":["https:\/\/www.linkedin.com\/company\/evocert-sp-z-o-o"]}]}},"_links":{"self":[{"href":"https:\/\/evocert.pl\/zh\/wp-json\/wp\/v2\/pages\/4867","targetHints":{"allow":["GET"]}}],"collection":[{"href":"https:\/\/evocert.pl\/zh\/wp-json\/wp\/v2\/pages"}],"about":[{"href":"https:\/\/evocert.pl\/zh\/wp-json\/wp\/v2\/types\/page"}],"author":[{"embeddable":true,"href":"https:\/\/evocert.pl\/zh\/wp-json\/wp\/v2\/users\/2"}],"replies":[{"embeddable":true,"href":"https:\/\/evocert.pl\/zh\/wp-json\/wp\/v2\/comments?post=4867"}],"version-history":[{"count":7,"href":"https:\/\/evocert.pl\/zh\/wp-json\/wp\/v2\/pages\/4867\/revisions"}],"predecessor-version":[{"id":5269,"href":"https:\/\/evocert.pl\/zh\/wp-json\/wp\/v2\/pages\/4867\/revisions\/5269"}],"wp:attachment":[{"href":"https:\/\/evocert.pl\/zh\/wp-json\/wp\/v2\/media?parent=4867"}],"curies":[{"name":"wp","href":"https:\/\/api.w.org\/{rel}","templated":true}]}}