{"id":4606,"date":"2025-06-27T10:13:15","date_gmt":"2025-06-27T08:13:15","guid":{"rendered":"https:\/\/evocert.pl\/?page_id=4606"},"modified":"2025-07-28T10:21:49","modified_gmt":"2025-07-28T08:21:49","slug":"haccp-etapy-certyfikacji","status":"publish","type":"page","link":"https:\/\/evocert.pl\/zh\/haccp-etapy-certyfikacji\/","title":{"rendered":"Codex Alimentarius \u2013 \u8ba4\u8bc1\u9636\u6bb5"},"content":{"rendered":"<p class=\"has-small-font-size\" style=\"line-height:1.7\">\u7531 EVOCERT \u5f00\u5c55\u7684\u8ba4\u8bc1\u6d41\u7a0b\u5177\u6709\u9ad8\u5ea6\u900f\u660e\u6027\uff0c\u5e76\u6839\u636e\u4f01\u4e1a\u89c4\u6a21\u53ca\u5b9e\u9645\u7279\u70b9\u8fdb\u884c\u8c03\u6574\u3002\u5728\u6bcf\u4e00\u4e2a\u9636\u6bb5\uff0c\u6211\u4eec\u90fd\u63d0\u4f9b\u7ec4\u7ec7\u4e0e\u4e13\u4e1a\u5c42\u9762\u7684\u652f\u6301\u3002<\/p>\n\n\n\n<hr class=\"wp-block-separator has-text-color has-custom-logo-color has-alpha-channel-opacity has-custom-logo-background-color has-background is-style-wide\" style=\"margin-top:var(--wp--preset--spacing--60);margin-bottom:var(--wp--preset--spacing--60)\"\/>\n\n\n\n<h2 class=\"wp-block-heading has-custom-logo-color has-text-color has-link-color has-medium-font-size wp-elements-d459724736628719d6f70bc6d7d13417\">1. \u521d\u6b65\u5ba1\u6838\uff08\u53ef\u9009\uff09<\/h2>\n\n\n\n<p class=\"has-small-font-size\">\u8fd9\u662f\u4e00\u4e2a\u81ea\u613f\u9636\u6bb5\uff0c\u7528\u4e8e\u8bc4\u4f30\u4f01\u4e1a\u5bf9\u6b63\u5f0f\u8ba4\u8bc1\u5ba1\u6838\u7684\u51c6\u5907\u7a0b\u5ea6\u3002\u5728\u5ba1\u6838\u8bbf\u95ee\u671f\u95f4\uff0cEVOCERT \u5ba1\u6838\u5458\u5c06\uff1a<\/p>\n\n\n\n<ul class=\"wp-block-list\">\n<li class=\"has-small-font-size\">\u5206\u6790 HACCP \u4f53\u7cfb\u7684\u5b9e\u65bd\u6c34\u5e73\uff0c<\/li>\n\n\n\n<li class=\"has-small-font-size\">\u6307\u51fa\u53ef\u80fd\u5b58\u5728\u7684\u5dee\u8ddd\u4e0e\u4e0d\u7b26\u5408\u9879\uff0c<\/li>\n\n\n\n<li class=\"has-small-font-size\">\u660e\u786e\u5728\u6b63\u5f0f\u8ba4\u8bc1\u5ba1\u6838\u524d\u9700\u5b8c\u6210\u7684\u5fc5\u8981\u6539\u8fdb\u63aa\u65bd\u3002<\/li>\n<\/ul>\n\n\n\n<p class=\"has-small-font-size\">\u521d\u6b65\u5ba1\u6838 \u4e0d\u51fa\u5177\u6b63\u5f0f\u5ba1\u6838\u62a5\u544a\u3002<\/p>\n\n\n\n<hr class=\"wp-block-separator has-text-color has-custom-logo-color has-alpha-channel-opacity has-custom-logo-background-color has-background is-style-wide\" style=\"margin-top:var(--wp--preset--spacing--60);margin-bottom:var(--wp--preset--spacing--60)\"\/>\n\n\n\n<h2 class=\"wp-block-heading has-custom-logo-color has-text-color has-link-color has-medium-font-size wp-elements-56bc0d7bd030cc1f497bba64a1248269\">2. \u6587\u4ef6\u8bc4\u5ba1<\/h2>\n\n\n\n<p class=\"has-small-font-size\">EVOCERT \u5ba1\u6838\u56e2\u961f\u5bf9\u4f53\u7cfb\u6587\u4ef6\u8fdb\u884c\u8be6\u7ec6\u8bc4\u4f30\uff0c\u6838\u67e5\u662f\u5426\uff1a<\/p>\n\n\n\n<ul class=\"wp-block-list\">\n<li class=\"has-small-font-size\">HACCP \u8ba1\u5212\u5305\u542b\u6240\u6709\u5fc5\u9700\u7684\u8981\u7d20\uff0c<\/li>\n\n\n\n<li class=\"has-small-font-size\">\u98ce\u9669\u5df2\u88ab\u6b63\u786e\u8bc6\u522b\uff0c<\/li>\n\n\n\n<li class=\"has-small-font-size\">\u5173\u952e\u63a7\u5236\u70b9\uff08CCP\uff09\u5df2\u88ab\u786e\u5b9a\u5e76\u63cf\u8ff0,<\/li>\n\n\n\n<li class=\"has-small-font-size\">\u5df2\u5efa\u7acb\u76d1\u63a7\u3001\u9a8c\u8bc1\u53ca\u7ea0\u6b63\u63aa\u65bd\u7a0b\u5e8f\uff0c<\/li>\n\n\n\n<li class=\"has-small-font-size\">\u6587\u4ef6\u8d44\u6599\u4fdd\u6301 \u6700\u65b0\u3001\u7edf\u4e00\u3001\u6e05\u6670\uff0c\u5e76\u4e0e\u4f01\u4e1a\u5b9e\u9645\u6d3b\u52a8\u76f8\u4e00\u81f4\u3002<\/li>\n<\/ul>\n\n\n\n<hr class=\"wp-block-separator has-text-color has-custom-logo-color has-alpha-channel-opacity has-custom-logo-background-color has-background is-style-wide\" style=\"margin-top:var(--wp--preset--spacing--60);margin-bottom:var(--wp--preset--spacing--60)\"\/>\n\n\n\n<h2 class=\"wp-block-heading has-custom-logo-color has-text-color has-link-color has-medium-font-size wp-elements-e540a3014eff33feb8db0a6c68c18eec\">3. \u8ba4\u8bc1\u5ba1\u6838<\/h2>\n\n\n\n<p class=\"has-small-font-size\">\u8fd9\u662f\u6574\u4e2a\u6d41\u7a0b\u4e2d\u7684 \u5173\u952e\u9636\u6bb5\u3002\u5728\u73b0\u573a\u5ba1\u6838\u671f\u95f4\uff0cEVOCERT\uff1a<\/p>\n\n\n\n<ul class=\"wp-block-list\">\n<li class=\"has-small-font-size\">\u8bc4\u4f30\u4f53\u7cfb\u5728\u5b9e\u8df5\u4e2d\u7684\u8fd0\u884c\u60c5\u51b5\uff1b<\/li>\n\n\n\n<li class=\"has-small-font-size\">\u6838\u5b9e\u8fc7\u7a0b\u4e0e\u6587\u4ef6\u7684\u4e00\u81f4\u6027\uff1b<\/li>\n\n\n\n<li class=\"has-small-font-size\">\u68c0\u67e5\u64cd\u4f5c\u4e0e\u536b\u751f\u63aa\u65bd\uff1b<\/li>\n\n\n\n<li class=\"has-small-font-size\">\u4e0e\u5458\u5de5\u4ea4\u6d41\u5e76\u89c2\u5bdf\u5176\u5bf9\u7a0b\u5e8f\u7684\u6267\u884c\u60c5\u51b5\u3002<\/li>\n<\/ul>\n\n\n\n<p class=\"has-small-font-size\">\u5ba1\u6838\u7ed3\u679c\u5f62\u6210\u4e00\u4efd\u62a5\u544a\uff0c\u5176\u4e2d\u5305\u542b\u53ef\u80fd\u5b58\u5728\u7684\u4e0d\u7b26\u5408\u9879\uff0c\u4f01\u4e1a\u9700\u5728\u9881\u53d1\u8bc1\u4e66\u524d\u5b8c\u6210\u76f8\u5e94\u7684\u7ea0\u6b63\u63aa\u65bd\u3002<\/p>\n\n\n\n<hr class=\"wp-block-separator has-text-color has-custom-logo-color has-alpha-channel-opacity has-custom-logo-background-color has-background is-style-wide\" style=\"margin-top:var(--wp--preset--spacing--60);margin-bottom:var(--wp--preset--spacing--60)\"\/>\n\n\n\n<h2 class=\"wp-block-heading has-custom-logo-color has-text-color has-link-color has-medium-font-size wp-elements-8762122a59d8374b42693de284e6fd56\">4. \u9881\u53d1 Codex Alimentarius \u8bc1\u4e66<\/h2>\n\n\n\n<p class=\"has-small-font-size translation-block\">\u82e5\u4f53\u7cfb\u6ee1\u8db3\u5168\u90e8\u8981\u6c42\uff0cEVOCERT \u5c06\u9881\u53d1 \u6709\u6548\u671f\u4e3a 36 \u4e2a\u6708\uff083 \u5e74\uff09 \u7684 Codex Alimentarius \u8bc1\u4e66\u3002\u8be5\u8bc1\u4e66\u786e\u8ba4\uff1a<\/p>\n\n\n\n<ul class=\"wp-block-list has-small-font-size\">\n<li>\u4f53\u7cfb\u5df2\u88ab\u6709\u6548\u5b9e\u65bd,<\/li>\n\n\n\n<li>\u7b26\u5408 Codex Alimentarius \u7684\u8981\u6c42\uff0c<\/li>\n\n\n\n<li>\u7ec4\u7ec7\u5177\u5907\u98df\u54c1\u5b89\u5168\u7ba1\u7406\u80fd\u529b<\/li>\n<\/ul>\n\n\n\n<hr class=\"wp-block-separator has-text-color has-custom-logo-color has-alpha-channel-opacity has-custom-logo-background-color has-background is-style-wide\" style=\"margin-top:var(--wp--preset--spacing--60);margin-bottom:var(--wp--preset--spacing--60)\"\/>\n\n\n\n<h2 class=\"wp-block-heading has-custom-logo-color has-text-color has-link-color has-medium-font-size wp-elements-a734e92531d0ac284628261f1a48f552\">5. \u76d1\u7763\u5ba1\u6838<\/h2>\n\n\n\n<p class=\"has-small-font-size translation-block\">\u4e3a\u786e\u4fdd\u8bc1\u4e66\u5728\u6574\u4e2a\u6709\u6548\u671f\u5185\u6301\u7eed\u6709\u6548\uff0c\u5fc5\u987b\u5b9e\u65bd \u5e74\u5ea6\u76d1\u7763\u5ba1\u6838\uff0c\u5176\u76ee\u7684\u5305\u62ec\uff1a<\/p>\n\n\n\n<ul class=\"wp-block-list\">\n<li class=\"has-small-font-size\">\u6838\u67e5\u4f53\u7cfb\u662f\u5426\u4ecd\u7136\u6709\u6548\uff1b<\/li>\n\n\n\n<li class=\"has-small-font-size\">\u8bc4\u4f30\u5df2\u5b9e\u65bd\u7684\u53d8\u66f4\u662f\u5426\u5df2\u5728\u4f53\u7cfb\u4e2d\u6b63\u786e\u4f53\u73b0\uff1b<\/li>\n\n\n\n<li class=\"has-small-font-size\">\u76d1\u63a7\u5176\u4e0e\u6cd5\u5f8b\u53ca\u884c\u4e1a\u8981\u6c42\u7684\u7b26\u5408\u6027\uff1b<\/li>\n\n\n\n<li class=\"has-small-font-size\">\u6307\u51fa\u8fdb\u4e00\u6b65\u6539\u8fdb\u7684\u65b9\u5411\u3002<\/li>\n<\/ul>\n\n\n\n<hr class=\"wp-block-separator has-text-color has-custom-logo-color has-alpha-channel-opacity has-custom-logo-background-color has-background is-style-wide\" style=\"margin-top:var(--wp--preset--spacing--60);margin-bottom:var(--wp--preset--spacing--60)\"\/>\n\n\n\n<h2 class=\"wp-block-heading has-custom-logo-color has-text-color has-link-color has-medium-font-size wp-elements-4bfcb50ae25a6e411492b99916a76102\">6. \u518d\u8ba4\u8bc1\u5ba1\u6838 <\/h2>\n\n\n\n<p class=\"has-small-font-size translation-block\">\u5728\u8bc1\u4e66\u7b7e\u53d1 \u4e09\u5e74\u540e\uff0c\u9700\u5f00\u5c55 \u5168\u9762\u7684\u518d\u8ba4\u8bc1\u5ba1\u6838\u3002\n\u5176\u8303\u56f4\u4e0e\u521d\u6b21\u8ba4\u8bc1\u76f8\u4f3c\uff0c\u6240\u6709\u4f53\u7cfb\u8981\u7d20\u53ca\u5176\u5728\u5b9e\u8df5\u4e2d\u7684\u6709\u6548\u6027\u5747\u88ab\u91cd\u65b0\u9a8c\u8bc1\u3002\n\u5ba1\u6838\u7ed3\u679c\u5408\u683c\uff0c\u53ef\u5c06\u8bc1\u4e66 \u518d\u5ef6\u957f\u4e09\u5e74 \u6709\u6548\u671f\u3002<\/p>\n\n\n\n<hr class=\"wp-block-separator has-text-color has-custom-logo-color has-alpha-channel-opacity has-custom-logo-background-color has-background is-style-wide\" style=\"margin-top:var(--wp--preset--spacing--60);margin-bottom:var(--wp--preset--spacing--60)\"\/>\n\n\n\n<div class=\"wp-block-group is-vertical is-content-justification-stretch is-layout-flex wp-container-core-group-is-layout-353c4f5a wp-block-group-is-layout-flex\">\n<h2 class=\"wp-block-heading has-custom-logo-color has-text-color has-link-color has-medium-font-size wp-elements-6220a036404e1e175c1bdc39e07cf195\">\u60a8\u662f\u5426\u5df2\u51c6\u5907\u597d\u542f\u52a8\u8ba4\u8bc1\u6d41\u7a0b\uff1f<\/h2>\n\n\n\n<p class=\"has-small-font-size\" style=\"padding-bottom:var(--wp--preset--spacing--40);line-height:1.7\">EVOCERT \u5c06\u5f88\u4e50\u610f\u4e3a\u60a8\u51c6\u5907\u62a5\u4ef7\u5e76\u89e3\u7b54\u6240\u6709\u95ee\u9898\uff01<\/p>\n\n\n\n<div class=\"wp-block-buttons is-content-justification-center is-layout-flex wp-container-core-buttons-is-layout-c304233e wp-block-buttons-is-layout-flex\" style=\"margin-top:var(--wp--preset--spacing--20);margin-bottom:var(--wp--preset--spacing--30)\">\n<div class=\"wp-block-button has-custom-font-size has-body-text-font-size\"><a class=\"wp-block-button__link has-foreground-color has-custom-logo-background-color has-text-color has-background has-link-color wp-element-button\" href=\"http:\/\/evocert.pl\/zh\/?page_id=308\" style=\"padding-top:0.85rem;padding-right:2rem;padding-bottom:0.85rem;padding-left:2rem\"><strong>\u8054\u7cfb\u6211\u4eec<\/strong><\/a><\/div>\n<\/div>\n<\/div>","protected":false},"excerpt":{"rendered":"<p>Proces certyfikacji prowadzony przez EVOCERT jest przejrzysty i dostosowany do wielko\u015bci oraz specyfiki zak\u0142adu. Na ka\u017cdym etapie oferujemy wsparcie organizacyjne i merytoryczne. 1. Audyt wst\u0119pny (opcjonalny) To dobrowolny etap, kt\u00f3ry pozwala na ocen\u0119 stopnia gotowo\u015bci do w\u0142a\u015bciwego audytu certyfikuj\u0105cego. Podczas wizyty audytor EVOCERT: Audyt wst\u0119pny nie ko\u0144czy si\u0119 wydaniem raportu z audytu wst\u0119pnego. 2. Przegl\u0105d [&hellip;]<\/p>\n","protected":false},"author":2,"featured_media":0,"parent":0,"menu_order":0,"comment_status":"closed","ping_status":"closed","template":"wp-custom-template-oferta-haccp-etapy-certyfikacji","meta":{"footnotes":""},"class_list":["post-4606","page","type-page","status-publish","hentry"],"yoast_head":"<!-- This site is optimized with the Yoast SEO plugin v27.5 - https:\/\/yoast.com\/product\/yoast-seo-wordpress\/ -->\n<title>Codex Alimentarius - etapy certyfikacji - EVOCERT<\/title>\n<meta name=\"robots\" content=\"index, follow, max-snippet:-1, max-image-preview:large, max-video-preview:-1\" \/>\n<link rel=\"canonical\" href=\"https:\/\/evocert.pl\/zh\/haccp-etapy-certyfikacji\/\" \/>\n<meta property=\"og:locale\" content=\"zh_CN\" \/>\n<meta property=\"og:type\" content=\"article\" \/>\n<meta property=\"og:title\" content=\"Codex Alimentarius - etapy certyfikacji - EVOCERT\" \/>\n<meta property=\"og:description\" content=\"Proces certyfikacji prowadzony przez EVOCERT jest przejrzysty i dostosowany do wielko\u015bci oraz specyfiki zak\u0142adu. Na ka\u017cdym etapie oferujemy wsparcie organizacyjne i merytoryczne. 1. Audyt wst\u0119pny (opcjonalny) To dobrowolny etap, kt\u00f3ry pozwala na ocen\u0119 stopnia gotowo\u015bci do w\u0142a\u015bciwego audytu certyfikuj\u0105cego. Podczas wizyty audytor EVOCERT: Audyt wst\u0119pny nie ko\u0144czy si\u0119 wydaniem raportu z audytu wst\u0119pnego. 2. Przegl\u0105d [&hellip;]\" \/>\n<meta property=\"og:url\" content=\"https:\/\/evocert.pl\/zh\/haccp-etapy-certyfikacji\/\" \/>\n<meta property=\"og:site_name\" content=\"EVOCERT\" \/>\n<meta property=\"article:modified_time\" content=\"2025-07-28T08:21:49+00:00\" \/>\n<meta property=\"og:image\" content=\"https:\/\/evocert.pl\/wp-content\/uploads\/2025\/01\/EVOCERT_logo_KOLOR_PNG.png\" \/>\n\t<meta property=\"og:image:width\" content=\"378\" \/>\n\t<meta property=\"og:image:height\" content=\"378\" \/>\n\t<meta property=\"og:image:type\" content=\"image\/png\" \/>\n<meta name=\"twitter:card\" content=\"summary_large_image\" \/>\n<meta name=\"twitter:label1\" content=\"\u9884\u8ba1\u9605\u8bfb\u65f6\u95f4\" \/>\n\t<meta name=\"twitter:data1\" content=\"2 \u5206\" \/>\n<script type=\"application\/ld+json\" class=\"yoast-schema-graph\">{\"@context\":\"https:\\\/\\\/schema.org\",\"@graph\":[{\"@type\":\"WebPage\",\"@id\":\"https:\\\/\\\/evocert.pl\\\/pl\\\/haccp-etapy-certyfikacji\\\/\",\"url\":\"https:\\\/\\\/evocert.pl\\\/pl\\\/haccp-etapy-certyfikacji\\\/\",\"name\":\"Codex Alimentarius - etapy certyfikacji - EVOCERT\",\"isPartOf\":{\"@id\":\"https:\\\/\\\/evocert.pl\\\/en\\\/#website\"},\"datePublished\":\"2025-06-27T08:13:15+00:00\",\"dateModified\":\"2025-07-28T08:21:49+00:00\",\"breadcrumb\":{\"@id\":\"https:\\\/\\\/evocert.pl\\\/pl\\\/haccp-etapy-certyfikacji\\\/#breadcrumb\"},\"inLanguage\":\"zh-Hans\",\"potentialAction\":[{\"@type\":\"ReadAction\",\"target\":[\"https:\\\/\\\/evocert.pl\\\/pl\\\/haccp-etapy-certyfikacji\\\/\"]}]},{\"@type\":\"BreadcrumbList\",\"@id\":\"https:\\\/\\\/evocert.pl\\\/pl\\\/haccp-etapy-certyfikacji\\\/#breadcrumb\",\"itemListElement\":[{\"@type\":\"ListItem\",\"position\":1,\"name\":\"Strona g\u0142\u00f3wna\",\"item\":\"https:\\\/\\\/evocert.pl\\\/en\\\/\"},{\"@type\":\"ListItem\",\"position\":2,\"name\":\"Codex Alimentarius &#8211; etapy certyfikacji\"}]},{\"@type\":\"WebSite\",\"@id\":\"https:\\\/\\\/evocert.pl\\\/en\\\/#website\",\"url\":\"https:\\\/\\\/evocert.pl\\\/en\\\/\",\"name\":\"EVOCERT\",\"description\":\"Evolution in certification\",\"publisher\":{\"@id\":\"https:\\\/\\\/evocert.pl\\\/en\\\/#organization\"},\"potentialAction\":[{\"@type\":\"SearchAction\",\"target\":{\"@type\":\"EntryPoint\",\"urlTemplate\":\"https:\\\/\\\/evocert.pl\\\/en\\\/?s={search_term_string}\"},\"query-input\":{\"@type\":\"PropertyValueSpecification\",\"valueRequired\":true,\"valueName\":\"search_term_string\"}}],\"inLanguage\":\"zh-Hans\"},{\"@type\":\"Organization\",\"@id\":\"https:\\\/\\\/evocert.pl\\\/en\\\/#organization\",\"name\":\"EVOCERT\",\"url\":\"https:\\\/\\\/evocert.pl\\\/en\\\/\",\"logo\":{\"@type\":\"ImageObject\",\"inLanguage\":\"zh-Hans\",\"@id\":\"https:\\\/\\\/evocert.pl\\\/en\\\/#\\\/schema\\\/logo\\\/image\\\/\",\"url\":\"https:\\\/\\\/evocert.pl\\\/wp-content\\\/uploads\\\/2025\\\/01\\\/EVOCERT_logo_KOLOR_PNG.png\",\"contentUrl\":\"https:\\\/\\\/evocert.pl\\\/wp-content\\\/uploads\\\/2025\\\/01\\\/EVOCERT_logo_KOLOR_PNG.png\",\"width\":378,\"height\":378,\"caption\":\"EVOCERT\"},\"image\":{\"@id\":\"https:\\\/\\\/evocert.pl\\\/en\\\/#\\\/schema\\\/logo\\\/image\\\/\"},\"sameAs\":[\"https:\\\/\\\/www.linkedin.com\\\/company\\\/evocert-sp-z-o-o\"]}]}<\/script>\n<!-- \/ Yoast SEO plugin. -->","yoast_head_json":{"title":"Codex Alimentarius - etapy certyfikacji - EVOCERT","robots":{"index":"index","follow":"follow","max-snippet":"max-snippet:-1","max-image-preview":"max-image-preview:large","max-video-preview":"max-video-preview:-1"},"canonical":"https:\/\/evocert.pl\/zh\/haccp-etapy-certyfikacji\/","og_locale":"zh_CN","og_type":"article","og_title":"Codex Alimentarius - etapy certyfikacji - EVOCERT","og_description":"Proces certyfikacji prowadzony przez EVOCERT jest przejrzysty i dostosowany do wielko\u015bci oraz specyfiki zak\u0142adu. Na ka\u017cdym etapie oferujemy wsparcie organizacyjne i merytoryczne. 1. Audyt wst\u0119pny (opcjonalny) To dobrowolny etap, kt\u00f3ry pozwala na ocen\u0119 stopnia gotowo\u015bci do w\u0142a\u015bciwego audytu certyfikuj\u0105cego. Podczas wizyty audytor EVOCERT: Audyt wst\u0119pny nie ko\u0144czy si\u0119 wydaniem raportu z audytu wst\u0119pnego. 2. Przegl\u0105d [&hellip;]","og_url":"https:\/\/evocert.pl\/zh\/haccp-etapy-certyfikacji\/","og_site_name":"EVOCERT","article_modified_time":"2025-07-28T08:21:49+00:00","og_image":[{"width":378,"height":378,"url":"https:\/\/evocert.pl\/wp-content\/uploads\/2025\/01\/EVOCERT_logo_KOLOR_PNG.png","type":"image\/png"}],"twitter_card":"summary_large_image","twitter_misc":{"\u9884\u8ba1\u9605\u8bfb\u65f6\u95f4":"2 \u5206"},"schema":{"@context":"https:\/\/schema.org","@graph":[{"@type":"WebPage","@id":"https:\/\/evocert.pl\/pl\/haccp-etapy-certyfikacji\/","url":"https:\/\/evocert.pl\/pl\/haccp-etapy-certyfikacji\/","name":"Codex Alimentarius - etapy certyfikacji - EVOCERT","isPartOf":{"@id":"https:\/\/evocert.pl\/en\/#website"},"datePublished":"2025-06-27T08:13:15+00:00","dateModified":"2025-07-28T08:21:49+00:00","breadcrumb":{"@id":"https:\/\/evocert.pl\/pl\/haccp-etapy-certyfikacji\/#breadcrumb"},"inLanguage":"zh-Hans","potentialAction":[{"@type":"ReadAction","target":["https:\/\/evocert.pl\/pl\/haccp-etapy-certyfikacji\/"]}]},{"@type":"BreadcrumbList","@id":"https:\/\/evocert.pl\/pl\/haccp-etapy-certyfikacji\/#breadcrumb","itemListElement":[{"@type":"ListItem","position":1,"name":"Strona g\u0142\u00f3wna","item":"https:\/\/evocert.pl\/en\/"},{"@type":"ListItem","position":2,"name":"Codex Alimentarius &#8211; etapy certyfikacji"}]},{"@type":"WebSite","@id":"https:\/\/evocert.pl\/en\/#website","url":"https:\/\/evocert.pl\/en\/","name":"EVOCERT","description":"Evolution in certification","publisher":{"@id":"https:\/\/evocert.pl\/en\/#organization"},"potentialAction":[{"@type":"SearchAction","target":{"@type":"EntryPoint","urlTemplate":"https:\/\/evocert.pl\/en\/?s={search_term_string}"},"query-input":{"@type":"PropertyValueSpecification","valueRequired":true,"valueName":"search_term_string"}}],"inLanguage":"zh-Hans"},{"@type":"Organization","@id":"https:\/\/evocert.pl\/en\/#organization","name":"EVOCERT","url":"https:\/\/evocert.pl\/en\/","logo":{"@type":"ImageObject","inLanguage":"zh-Hans","@id":"https:\/\/evocert.pl\/en\/#\/schema\/logo\/image\/","url":"https:\/\/evocert.pl\/wp-content\/uploads\/2025\/01\/EVOCERT_logo_KOLOR_PNG.png","contentUrl":"https:\/\/evocert.pl\/wp-content\/uploads\/2025\/01\/EVOCERT_logo_KOLOR_PNG.png","width":378,"height":378,"caption":"EVOCERT"},"image":{"@id":"https:\/\/evocert.pl\/en\/#\/schema\/logo\/image\/"},"sameAs":["https:\/\/www.linkedin.com\/company\/evocert-sp-z-o-o"]}]}},"_links":{"self":[{"href":"https:\/\/evocert.pl\/zh\/wp-json\/wp\/v2\/pages\/4606","targetHints":{"allow":["GET"]}}],"collection":[{"href":"https:\/\/evocert.pl\/zh\/wp-json\/wp\/v2\/pages"}],"about":[{"href":"https:\/\/evocert.pl\/zh\/wp-json\/wp\/v2\/types\/page"}],"author":[{"embeddable":true,"href":"https:\/\/evocert.pl\/zh\/wp-json\/wp\/v2\/users\/2"}],"replies":[{"embeddable":true,"href":"https:\/\/evocert.pl\/zh\/wp-json\/wp\/v2\/comments?post=4606"}],"version-history":[{"count":9,"href":"https:\/\/evocert.pl\/zh\/wp-json\/wp\/v2\/pages\/4606\/revisions"}],"predecessor-version":[{"id":4748,"href":"https:\/\/evocert.pl\/zh\/wp-json\/wp\/v2\/pages\/4606\/revisions\/4748"}],"wp:attachment":[{"href":"https:\/\/evocert.pl\/zh\/wp-json\/wp\/v2\/media?parent=4606"}],"curies":[{"name":"wp","href":"https:\/\/api.w.org\/{rel}","templated":true}]}}