{"id":4598,"date":"2025-06-27T09:20:55","date_gmt":"2025-06-27T07:20:55","guid":{"rendered":"https:\/\/evocert.pl\/?page_id=4598"},"modified":"2025-07-28T10:22:16","modified_gmt":"2025-07-28T08:22:16","slug":"haccp-wymagania","status":"publish","type":"page","link":"https:\/\/evocert.pl\/zh\/haccp-wymagania\/","title":{"rendered":"Codex Alimentarius - \u8981\u6c42"},"content":{"rendered":"<p class=\"has-small-font-size translation-block\" style=\"line-height:1.7\">Codex Alimentarius \u662f\u7531\u96b6\u5c5e\u4e8e FAO \u548c WHO \u7684\u98df\u54c1\u6cd5\u5178\u59d4\u5458\u4f1a\uff08Codex Alimentarius Commission\uff09\u5236\u5b9a\u7684\u5de5\u5177\u3002\u5b83\u57fa\u4e8e\u5bf9\u53ef\u80fd\u5f71\u54cd\u98df\u54c1\u5b89\u5168\u7684\u5371\u5bb3\u8fdb\u884c<strong>\u7cfb\u7edf\u6027\u7684\u8bc6\u522b\u3001\u8bc4\u4f30\u4e0e\u63a7\u5236<\/strong>\u3002<\/p>\n\n\n\n<p class=\"has-small-font-size translation-block\" style=\"line-height:1.7\">\u5176\u6839\u672c\u76ee\u6807\u662f<strong>\u9884\u9632\u5065\u5eb7\u98ce\u9669<\/strong>\uff0c\u800c\u4e0d\u662f\u4e8b\u540e\u88ab\u52a8\u5e94\u5bf9\u3002<\/p>\n\n\n\n<hr class=\"wp-block-separator has-text-color has-custom-logo-color has-alpha-channel-opacity has-custom-logo-background-color has-background is-style-wide\" style=\"margin-top:var(--wp--preset--spacing--60);margin-bottom:var(--wp--preset--spacing--60)\"\/>\n\n\n\n<p class=\"has-small-font-size translation-block\" style=\"line-height:1.7\">\u6839\u636e\u6b27\u76df\u6cd5\u5f8b\u6cd5\u89c4\uff08\u5305\u62ec (EC) \u7b2c 852\/2004 \u53f7\u6761\u4f8b\uff09\uff0cHACCP \u4f53\u7cfb\u7684\u5b9e\u65bd\u5bf9\u9664\u521d\u7ea7\u751f\u4ea7\u4ee5\u5916\u7684\u6240\u6709\u98df\u54c1\u884c\u4e1a\u4f01\u4e1a\u90fd\u662f\u5f3a\u5236\u6027\u7684\u3002<\/p>\n\n\n\n<p class=\"has-small-font-size\" style=\"line-height:1.7\">HACCP \u7684\u5b9e\u65bd\u5c24\u5176\u9002\u7528\u4e8e\uff1a<\/p>\n\n\n\n<ul style=\"line-height:1.8\" class=\"wp-block-list has-small-font-size\">\n<li>\u98df\u54c1\u751f\u4ea7\u5546\u548c\u52a0\u5de5\u4f01\u4e1a\uff0c<\/li>\n\n\n\n<li>\u9910\u996e\u548c\u914d\u9910\u4f01\u4e1a,<\/li>\n\n\n\n<li>\u98df\u54c1\u5206\u9500\u5546\u3001\u6279\u53d1\u5546\u548c\u4ed3\u50a8\u4f01\u4e1a\uff0c<\/li>\n\n\n\n<li>\u52a8\u7269\u9972\u6599\u53ca\u9884\u6df7\u6599\u751f\u4ea7\u4f01\u4e1a\u3002<\/li>\n<\/ul>\n\n\n\n<hr class=\"wp-block-separator has-text-color has-custom-logo-color has-alpha-channel-opacity has-custom-logo-background-color has-background is-style-wide\" style=\"margin-top:var(--wp--preset--spacing--60);margin-bottom:var(--wp--preset--spacing--60)\"\/>\n\n\n\n<h2 class=\"wp-block-heading has-custom-logo-color has-text-color has-link-color has-medium-font-size wp-elements-3c3c8d671d69914842436d3d7a5a682b\">HACCP \u4f53\u7cfb\u7684\u4e03\u5927\u539f\u5219<\/h2>\n\n\n\n<p class=\"has-small-font-size translation-block\" style=\"line-height:1.7\">HACCP \u4f53\u7cfb\u57fa\u4e8e Codex Alimentarius \u5236\u5b9a\u7684 7 \u9879\u660e\u786e\u539f\u5219 \u8fd0\u4f5c\uff1a<\/p>\n\n\n\n<ol style=\"line-height:1.8\" class=\"wp-block-list has-small-font-size\">\n<li class=\"translation-block\">\u6587\u4ef6\u5316\u7ba1\u7406 \u2014\n\u5efa\u7acb\u3001\u7ba1\u7406\u548c\u5f52\u6863 HACCP \u4f53\u7cfb\u6587\u4ef6\u3001HACCP \u8ba1\u5212\u3001\u76d1\u6d4b\u7ed3\u679c\u3001\u7ea0\u6b63\u63aa\u65bd\u53ca\u9a8c\u8bc1\u8bb0\u5f55\u3002<\/li>\n\n\n\n<li class=\"translation-block\">\u5371\u5bb3\u5206\u6790 \u2014\n\u8bc6\u522b\u5728\u98df\u54c1\u751f\u4ea7\u548c\u5206\u9500\u5404\u4e2a\u9636\u6bb5\u53ef\u80fd\u51fa\u73b0\u7684 \u751f\u7269\u3001\u5316\u5b66\u548c\u7269\u7406\u5371\u5bb3\u3002<\/li>\n\n\n\n<li class=\"translation-block\">\u5173\u952e\u63a7\u5236\u70b9\u8bc6\u522b\uff08CCP\uff09 \u2014\n\u786e\u5b9a\u5de5\u827a\u8fc7\u7a0b\u4e2d\u5fc5\u987b\u5b9e\u65bd\u63a7\u5236\u7684\u4f4d\u7f6e\uff0c\u4ee5 \u9884\u9632\u3001\u6d88\u9664\u6216\u964d\u4f4e\u5371\u5bb3\u3002<\/li>\n\n\n\n<li class=\"translation-block\">\u5173\u952e\u9650\u503c\u7684\u786e\u5b9a \u2014\n\u8bbe\u5b9a\u5141\u8bb8\u7684\u53c2\u6570\u503c\uff08\u5982\uff1a\u6e29\u5ea6\u3001\u65f6\u95f4\u3001pH \u503c\uff09\uff0c\u4ee5\u786e\u4fdd HACCP \u7684\u6709\u6548\u6027\u3002<\/li>\n\n\n\n<li class=\"translation-block\">CCP \u76d1\u63a7\u4f53\u7cfb\u7684\u5efa\u7acb \u2014\n\u786e\u5b9a CCP \u76d1\u63a7\u7684\u65b9\u6cd5\u548c\u9891\u7387\uff0c\u5e76\u660e\u786e\u76f8\u5173\u8d23\u4efb\u3002<\/li>\n\n\n\n<li class=\"translation-block\">\u7ea0\u6b63\u63aa\u65bd\u7684\u5236\u5b9a \u2014\n\u5f53 CCP \u8d85\u51fa\u9650\u503c\u65f6\uff0c\u5236\u5b9a\u76f8\u5e94\u7684\u5904\u7406\u7a0b\u5e8f\uff0c\u4ee5\u6062\u590d\u8fc7\u7a0b\u5b89\u5168\u3002<\/li>\n\n\n\n<li class=\"translation-block\">\u4f53\u7cfb\u9a8c\u8bc1 \u2014\n\u5b9a\u671f\u8bc4\u4f30\u4f53\u7cfb\u7684\u6709\u6548\u6027\u548c\u7b26\u5408\u6027\uff08\u4f8b\u5982\uff1a\u901a\u8fc7\u5185\u90e8\u5ba1\u6838\u3001\u6d4b\u8bd5\u3001\u6587\u4ef6\u8bc4\u5ba1\uff09\u3002<\/li>\n<\/ol>\n\n\n\n<hr class=\"wp-block-separator has-text-color has-custom-logo-color has-alpha-channel-opacity has-custom-logo-background-color has-background is-style-wide\" style=\"margin-top:var(--wp--preset--spacing--60);margin-bottom:var(--wp--preset--spacing--60)\"\/>\n\n\n\n<h2 class=\"wp-block-heading has-custom-logo-color has-text-color has-link-color has-medium-font-size wp-elements-0931069b5a272c661d57121991eede06\">\u8fd8\u9700\u8981\u6ee1\u8db3\u54ea\u4e9b\u8981\u6c42\uff1f<\/h2>\n\n\n\n<p class=\"has-small-font-size\">\u4e3a\u4e86\u4f7f Codex Alimentarius \u80fd\u591f\u88ab\u6709\u6548\u5b9e\u65bd\u5e76\u901a\u8fc7\u8ba4\u8bc1\uff0c\u4f01\u4e1a\u8fd8\u5e94\u5f53\uff1a<\/p>\n\n\n\n<ul style=\"padding-bottom:var(--wp--preset--spacing--60);line-height:1.8\" class=\"wp-block-list has-small-font-size\">\n<li class=\"translation-block\">\u5728\u53d1\u751f \u6280\u672f\u3001\u7ec4\u7ec7\u6216\u6cd5\u5f8b\u53d8\u66f4 \u65f6\uff0c\u53ca\u65f6\u66f4\u65b0 HACCP \u8ba1\u5212;<\/li>\n\n\n\n<li class=\"translation-block\">\u5177\u5907 \u8fd0\u884c\u826f\u597d\u7684\u524d\u63d0\u65b9\u6848\uff08\u4f8b\u5982\uff1aGHP\/GMP)\uff1b<\/li>\n\n\n\n<li class=\"translation-block\">\u786e\u4fdd\u5458\u5de5\u83b7\u5f97 \u9002\u5f53\u7684\u57f9\u8bad\u4e0e\u5b89\u5168\u610f\u8bc6\u6559\u80b2\uff1b<\/li>\n\n\n\n<li class=\"translation-block\">\u5bf9 \u6587\u4ef6\u8d44\u6599\u5b9e\u65bd\u6301\u7eed\u76d1\u7763\u4e0e\u7ba1\u7406\u3002<\/li>\n<\/ul>","protected":false},"excerpt":{"rendered":"<p>Codex Alimentarius to narz\u0119dzie opracowane przez Komisj\u0119 Kodeksu \u017bywno\u015bciowego dzia\u0142aj\u0105c\u0105 w ramach FAO i WHO. Opiera si\u0119 na systematycznym podej\u015bciu do identyfikacji, oceny i kontroli zagro\u017ce\u0144, kt\u00f3re mog\u0105 wp\u0142ywa\u0107 na bezpiecze\u0144stwo \u017cywno\u015bci. Jego podstawowym celem jest zapobieganie zagro\u017ceniom zdrowotnym, a nie reagowanie na nie po fakcie. Zgodnie z przepisami prawa Unii Europejskiej (w tym rozporz\u0105dzeniem [&hellip;]<\/p>","protected":false},"author":2,"featured_media":0,"parent":0,"menu_order":0,"comment_status":"closed","ping_status":"closed","template":"wp-custom-template-oferta-haccp-wymagania","meta":{"footnotes":""},"class_list":["post-4598","page","type-page","status-publish","hentry"],"yoast_head":"<!-- This site is optimized with the Yoast SEO plugin v26.3 - https:\/\/yoast.com\/wordpress\/plugins\/seo\/ -->\n<title>Codex Alimentarius- wymagania - EVOCERT<\/title>\n<meta name=\"robots\" content=\"index, follow, max-snippet:-1, max-image-preview:large, max-video-preview:-1\" \/>\n<link rel=\"canonical\" href=\"https:\/\/evocert.pl\/zh\/haccp-wymagania\/\" \/>\n<meta property=\"og:locale\" content=\"zh_CN\" \/>\n<meta property=\"og:type\" content=\"article\" \/>\n<meta property=\"og:title\" content=\"Codex Alimentarius- wymagania - EVOCERT\" \/>\n<meta property=\"og:description\" content=\"Codex Alimentarius to narz\u0119dzie opracowane przez Komisj\u0119 Kodeksu \u017bywno\u015bciowego dzia\u0142aj\u0105c\u0105 w ramach FAO i WHO. Opiera si\u0119 na systematycznym podej\u015bciu do identyfikacji, oceny i kontroli zagro\u017ce\u0144, kt\u00f3re mog\u0105 wp\u0142ywa\u0107 na bezpiecze\u0144stwo \u017cywno\u015bci. Jego podstawowym celem jest zapobieganie zagro\u017ceniom zdrowotnym, a nie reagowanie na nie po fakcie. Zgodnie z przepisami prawa Unii Europejskiej (w tym rozporz\u0105dzeniem [&hellip;]\" \/>\n<meta property=\"og:url\" content=\"https:\/\/evocert.pl\/zh\/haccp-wymagania\/\" \/>\n<meta property=\"og:site_name\" content=\"EVOCERT\" \/>\n<meta property=\"article:modified_time\" content=\"2025-07-28T08:22:16+00:00\" \/>\n<meta property=\"og:image\" content=\"https:\/\/evocert.pl\/wp-content\/uploads\/2025\/01\/EVOCERT_logo_KOLOR_PNG.png\" \/>\n\t<meta property=\"og:image:width\" content=\"378\" \/>\n\t<meta property=\"og:image:height\" content=\"378\" \/>\n\t<meta property=\"og:image:type\" content=\"image\/png\" \/>\n<meta name=\"twitter:card\" content=\"summary_large_image\" \/>\n<meta name=\"twitter:label1\" content=\"\u9884\u8ba1\u9605\u8bfb\u65f6\u95f4\" \/>\n\t<meta name=\"twitter:data1\" content=\"2 \u5206\" \/>\n<script type=\"application\/ld+json\" class=\"yoast-schema-graph\">{\"@context\":\"https:\/\/schema.org\",\"@graph\":[{\"@type\":\"WebPage\",\"@id\":\"https:\/\/evocert.pl\/pl\/haccp-wymagania\/\",\"url\":\"https:\/\/evocert.pl\/pl\/haccp-wymagania\/\",\"name\":\"Codex Alimentarius- wymagania - EVOCERT\",\"isPartOf\":{\"@id\":\"https:\/\/evocert.pl\/en\/#website\"},\"datePublished\":\"2025-06-27T07:20:55+00:00\",\"dateModified\":\"2025-07-28T08:22:16+00:00\",\"breadcrumb\":{\"@id\":\"https:\/\/evocert.pl\/pl\/haccp-wymagania\/#breadcrumb\"},\"inLanguage\":\"zh-Hans\",\"potentialAction\":[{\"@type\":\"ReadAction\",\"target\":[\"https:\/\/evocert.pl\/pl\/haccp-wymagania\/\"]}]},{\"@type\":\"BreadcrumbList\",\"@id\":\"https:\/\/evocert.pl\/pl\/haccp-wymagania\/#breadcrumb\",\"itemListElement\":[{\"@type\":\"ListItem\",\"position\":1,\"name\":\"Strona g\u0142\u00f3wna\",\"item\":\"https:\/\/evocert.pl\/en\/\"},{\"@type\":\"ListItem\",\"position\":2,\"name\":\"Codex Alimentarius- wymagania\"}]},{\"@type\":\"WebSite\",\"@id\":\"https:\/\/evocert.pl\/en\/#website\",\"url\":\"https:\/\/evocert.pl\/en\/\",\"name\":\"EVOCERT\",\"description\":\"Evolution in certification\",\"publisher\":{\"@id\":\"https:\/\/evocert.pl\/en\/#organization\"},\"potentialAction\":[{\"@type\":\"SearchAction\",\"target\":{\"@type\":\"EntryPoint\",\"urlTemplate\":\"https:\/\/evocert.pl\/en\/?s={search_term_string}\"},\"query-input\":{\"@type\":\"PropertyValueSpecification\",\"valueRequired\":true,\"valueName\":\"search_term_string\"}}],\"inLanguage\":\"zh-Hans\"},{\"@type\":\"Organization\",\"@id\":\"https:\/\/evocert.pl\/en\/#organization\",\"name\":\"EVOCERT\",\"url\":\"https:\/\/evocert.pl\/en\/\",\"logo\":{\"@type\":\"ImageObject\",\"inLanguage\":\"zh-Hans\",\"@id\":\"https:\/\/evocert.pl\/en\/#\/schema\/logo\/image\/\",\"url\":\"https:\/\/evocert.pl\/wp-content\/uploads\/2025\/01\/EVOCERT_logo_KOLOR_PNG.png\",\"contentUrl\":\"https:\/\/evocert.pl\/wp-content\/uploads\/2025\/01\/EVOCERT_logo_KOLOR_PNG.png\",\"width\":378,\"height\":378,\"caption\":\"EVOCERT\"},\"image\":{\"@id\":\"https:\/\/evocert.pl\/en\/#\/schema\/logo\/image\/\"},\"sameAs\":[\"https:\/\/www.linkedin.com\/company\/evocert-sp-z-o-o\"]}]}<\/script>\n<!-- \/ Yoast SEO plugin. -->","yoast_head_json":{"title":"Codex Alimentarius- wymagania - EVOCERT","robots":{"index":"index","follow":"follow","max-snippet":"max-snippet:-1","max-image-preview":"max-image-preview:large","max-video-preview":"max-video-preview:-1"},"canonical":"https:\/\/evocert.pl\/zh\/haccp-wymagania\/","og_locale":"zh_CN","og_type":"article","og_title":"Codex Alimentarius- wymagania - EVOCERT","og_description":"Codex Alimentarius to narz\u0119dzie opracowane przez Komisj\u0119 Kodeksu \u017bywno\u015bciowego dzia\u0142aj\u0105c\u0105 w ramach FAO i WHO. Opiera si\u0119 na systematycznym podej\u015bciu do identyfikacji, oceny i kontroli zagro\u017ce\u0144, kt\u00f3re mog\u0105 wp\u0142ywa\u0107 na bezpiecze\u0144stwo \u017cywno\u015bci. Jego podstawowym celem jest zapobieganie zagro\u017ceniom zdrowotnym, a nie reagowanie na nie po fakcie. Zgodnie z przepisami prawa Unii Europejskiej (w tym rozporz\u0105dzeniem [&hellip;]","og_url":"https:\/\/evocert.pl\/zh\/haccp-wymagania\/","og_site_name":"EVOCERT","article_modified_time":"2025-07-28T08:22:16+00:00","og_image":[{"width":378,"height":378,"url":"https:\/\/evocert.pl\/wp-content\/uploads\/2025\/01\/EVOCERT_logo_KOLOR_PNG.png","type":"image\/png"}],"twitter_card":"summary_large_image","twitter_misc":{"\u9884\u8ba1\u9605\u8bfb\u65f6\u95f4":"2 \u5206"},"schema":{"@context":"https:\/\/schema.org","@graph":[{"@type":"WebPage","@id":"https:\/\/evocert.pl\/pl\/haccp-wymagania\/","url":"https:\/\/evocert.pl\/pl\/haccp-wymagania\/","name":"Codex Alimentarius- wymagania - EVOCERT","isPartOf":{"@id":"https:\/\/evocert.pl\/en\/#website"},"datePublished":"2025-06-27T07:20:55+00:00","dateModified":"2025-07-28T08:22:16+00:00","breadcrumb":{"@id":"https:\/\/evocert.pl\/pl\/haccp-wymagania\/#breadcrumb"},"inLanguage":"zh-Hans","potentialAction":[{"@type":"ReadAction","target":["https:\/\/evocert.pl\/pl\/haccp-wymagania\/"]}]},{"@type":"BreadcrumbList","@id":"https:\/\/evocert.pl\/pl\/haccp-wymagania\/#breadcrumb","itemListElement":[{"@type":"ListItem","position":1,"name":"Strona g\u0142\u00f3wna","item":"https:\/\/evocert.pl\/en\/"},{"@type":"ListItem","position":2,"name":"Codex Alimentarius- wymagania"}]},{"@type":"WebSite","@id":"https:\/\/evocert.pl\/en\/#website","url":"https:\/\/evocert.pl\/en\/","name":"EVOCERT","description":"Evolution in certification","publisher":{"@id":"https:\/\/evocert.pl\/en\/#organization"},"potentialAction":[{"@type":"SearchAction","target":{"@type":"EntryPoint","urlTemplate":"https:\/\/evocert.pl\/en\/?s={search_term_string}"},"query-input":{"@type":"PropertyValueSpecification","valueRequired":true,"valueName":"search_term_string"}}],"inLanguage":"zh-Hans"},{"@type":"Organization","@id":"https:\/\/evocert.pl\/en\/#organization","name":"EVOCERT","url":"https:\/\/evocert.pl\/en\/","logo":{"@type":"ImageObject","inLanguage":"zh-Hans","@id":"https:\/\/evocert.pl\/en\/#\/schema\/logo\/image\/","url":"https:\/\/evocert.pl\/wp-content\/uploads\/2025\/01\/EVOCERT_logo_KOLOR_PNG.png","contentUrl":"https:\/\/evocert.pl\/wp-content\/uploads\/2025\/01\/EVOCERT_logo_KOLOR_PNG.png","width":378,"height":378,"caption":"EVOCERT"},"image":{"@id":"https:\/\/evocert.pl\/en\/#\/schema\/logo\/image\/"},"sameAs":["https:\/\/www.linkedin.com\/company\/evocert-sp-z-o-o"]}]}},"_links":{"self":[{"href":"https:\/\/evocert.pl\/zh\/wp-json\/wp\/v2\/pages\/4598","targetHints":{"allow":["GET"]}}],"collection":[{"href":"https:\/\/evocert.pl\/zh\/wp-json\/wp\/v2\/pages"}],"about":[{"href":"https:\/\/evocert.pl\/zh\/wp-json\/wp\/v2\/types\/page"}],"author":[{"embeddable":true,"href":"https:\/\/evocert.pl\/zh\/wp-json\/wp\/v2\/users\/2"}],"replies":[{"embeddable":true,"href":"https:\/\/evocert.pl\/zh\/wp-json\/wp\/v2\/comments?post=4598"}],"version-history":[{"count":9,"href":"https:\/\/evocert.pl\/zh\/wp-json\/wp\/v2\/pages\/4598\/revisions"}],"predecessor-version":[{"id":4749,"href":"https:\/\/evocert.pl\/zh\/wp-json\/wp\/v2\/pages\/4598\/revisions\/4749"}],"wp:attachment":[{"href":"https:\/\/evocert.pl\/zh\/wp-json\/wp\/v2\/media?parent=4598"}],"curies":[{"name":"wp","href":"https:\/\/api.w.org\/{rel}","templated":true}]}}