{"id":3250,"date":"2025-01-17T11:58:03","date_gmt":"2025-01-17T10:58:03","guid":{"rendered":"https:\/\/evocert.pl\/?page_id=3250"},"modified":"2025-12-17T09:02:33","modified_gmt":"2025-12-17T08:02:33","slug":"redcert-certyfikacja-z-evocert","status":"publish","type":"page","link":"https:\/\/evocert.pl\/zh\/redcert-certyfikacja-z-evocert\/","title":{"rendered":"REDcert EU \u2014 \u901a\u8fc7 EVOCERT \u8fdb\u884c\u8ba4\u8bc1"},"content":{"rendered":"<h2 class=\"wp-block-heading has-custom-logo-color has-text-color has-link-color has-medium-font-size wp-elements-b6885664cbb567667613524f29a93637\">EVOCERT \u6388\u6743\u60c5\u51b5<\/h2>\n\n\n\n<p class=\"has-small-font-size\">\u8ba4\u8bc1\u673a\u6784 <strong>EVOCERT \u5df2\u83b7\u5f97\u5f00\u5c55 <\/strong>REDcert EU \u8ba4\u8bc1 \u7684\u6b63\u5f0f\u6388\u6743\uff0c <a href=\"https:\/\/www.redcert.org\/pl\/certyfikacja\/dopuszczone-jednostki-certyfikujace\/\"><mark style=\"background-color:rgba(0, 0, 0, 0)\" class=\"has-inline-color has-custom-logo-color\">\u5e76\u88ab\u5217\u5165 \u5b98\u65b9\u8ba4\u53ef\u7684\u8ba4\u8bc1\u673a\u6784\u540d\u5355\u3002<\/mark><\/a>.<\/p>\n\n\n\n<hr class=\"wp-block-separator has-text-color has-custom-logo-color has-alpha-channel-opacity has-custom-logo-background-color has-background is-style-wide\" style=\"margin-top:var(--wp--preset--spacing--60);margin-bottom:var(--wp--preset--spacing--60)\"\/>\n\n\n\n<h2 class=\"wp-block-heading has-custom-logo-color has-text-color has-link-color has-medium-font-size wp-elements-f9ebe012742a12b21b03fb503f7abfcd translation-block\">\u8981\u6c42\u66f4\u65b0<\/h2>\n\n\n\n<p class=\"has-small-font-size translation-block\">\u9274\u4e8e RED III \u8981\u6c42\u5df2\u6b63\u5f0f\u751f\u6548\uff0c\u656c\u8bf7\u60a8\u67e5\u9605\u7cfb\u7edf\u7ba1\u7406\u5458\u95e8\u6237\u7f51\u7ad9\u4e0a\u53d1\u5e03\u7684\u6700\u65b0\u7533\u8bf7\u8868\u3002\n\u4e0a\u8ff0\u8868\u683c\u81ea 2025 \u5e74 5 \u6708 21 \u65e5 \u8d77\u6b63\u5f0f\u9002\u7528\u5e76\u5177\u6709\u5f3a\u5236\u6027\u3002<\/p>\n\n\n\n<hr class=\"wp-block-separator has-text-color has-custom-logo-color has-alpha-channel-opacity has-custom-logo-background-color has-background is-style-wide\" style=\"margin-top:var(--wp--preset--spacing--60);margin-bottom:var(--wp--preset--spacing--60)\"\/>\n\n\n\n<h2 class=\"wp-block-heading has-custom-logo-color has-text-color has-link-color has-medium-font-size wp-elements-cf45824383f605640280bcf44424fbb8\">REDcert EU \u8ba4\u8bc1\u8d39\u7528\u662f\u591a\u5c11\uff1f<\/h2>\n\n\n\n<p class=\"has-small-font-size\">REDcert EU \u8ba4\u8bc1\u7684\u8d39\u7528\u53d6\u51b3\u4e8e\u591a\u79cd\u56e0\u7d20\uff0c\u5305\u62ec\u4f01\u4e1a\u7684\u4e1a\u52a1\u89c4\u6a21\u4ee5\u53ca\u5185\u90e8\u6d41\u7a0b\u7684\u590d\u6742\u7a0b\u5ea6\u3002\n\u6211\u4eec\u5f88\u4e50\u610f\u4e3a\u60a8\u51c6\u5907\u4e00\u4efd \u91cf\u8eab\u5b9a\u5236\u3001\u65e0\u7ea6\u675f\u529b\u7684\u4e2a\u6027\u5316\u62a5\u4ef7\uff0c\u4ee5\u6ee1\u8db3\u60a8\u7684\u5177\u4f53\u9700\u6c42\u3002<\/p>\n\n\n\n<hr class=\"wp-block-separator has-text-color has-custom-logo-color has-alpha-channel-opacity has-custom-logo-background-color has-background is-style-wide\" style=\"margin-top:var(--wp--preset--spacing--60);margin-bottom:var(--wp--preset--spacing--60)\"\/>\n\n\n\n<div class=\"wp-block-group is-vertical is-content-justification-stretch is-layout-flex wp-container-core-group-is-layout-353c4f5a wp-block-group-is-layout-flex\">\n<h2 class=\"wp-block-heading has-custom-logo-color has-text-color has-link-color has-medium-font-size wp-elements-cf5346ce0a7125c6c2c669eba160c962\">\u60a8\u662f\u5426\u611f\u5174\u8da3\uff1f<\/h2>\n\n\n\n<p class=\"has-small-font-size\" style=\"padding-bottom:var(--wp--preset--spacing--40);line-height:1.7\">EVOCERT \u5c06\u975e\u5e38\u4e50\u610f\u4e3a\u60a8\u63d0\u4f9b\u4e2a\u6027\u5316\u65b9\u6848\uff0c\u5e76\u89e3\u7b54\u60a8\u63d0\u51fa\u7684\u6240\u6709\u95ee\u9898\uff01<\/p>\n\n\n\n<div class=\"wp-block-buttons is-content-justification-center is-layout-flex wp-container-core-buttons-is-layout-c304233e wp-block-buttons-is-layout-flex\" style=\"margin-top:var(--wp--preset--spacing--20);margin-bottom:var(--wp--preset--spacing--30)\">\n<div class=\"wp-block-button has-custom-font-size has-body-text-font-size\"><a class=\"wp-block-button__link has-foreground-color has-custom-logo-background-color has-text-color has-background has-link-color wp-element-button\" href=\"http:\/\/evocert.pl\/zh\/?page_id=308\" style=\"padding-top:0.85rem;padding-right:2rem;padding-bottom:0.85rem;padding-left:2rem\"><strong>\u8054\u7cfb\u6211\u4eec<\/strong><\/a><\/div>\n<\/div>\n<\/div>","protected":false},"excerpt":{"rendered":"<p>Upowa\u017cnienie EVOCERT Jednostka certyfikuj\u0105ca EVOCERT zosta\u0142a upowa\u017cniona do prowadzenia certyfikacji REDcert EU i wpisana na oficjaln\u0105 list\u0119 dopuszczonych jednostek certyfikuj\u0105cych. Aktualizacja wymaga\u0144 W zwi\u0105zku z wej\u015bciem w \u017cycie wymaga\u0144 REDIII prosimy o zapoznanie si\u0119 z nowymi formularzami, kt\u00f3re s\u0105 zamieszczone na portalu administratora systemu i obowi\u0105zuj\u0105 od 21.05.2025 roku. Ile kosztuje certyfikacja REDcert EU? Koszt [&hellip;]<\/p>\n","protected":false},"author":2,"featured_media":0,"parent":0,"menu_order":0,"comment_status":"closed","ping_status":"closed","template":"wp-custom-template-oferta-re-dcert-wnioski","meta":{"footnotes":""},"class_list":["post-3250","page","type-page","status-publish","hentry"],"yoast_head":"<!-- This site is optimized with the Yoast SEO plugin v27.5 - https:\/\/yoast.com\/product\/yoast-seo-wordpress\/ -->\n<title>REDcert EU - certyfikacja z EVOCERT - EVOCERT<\/title>\n<meta name=\"robots\" content=\"index, follow, max-snippet:-1, max-image-preview:large, max-video-preview:-1\" \/>\n<link rel=\"canonical\" href=\"https:\/\/evocert.pl\/zh\/redcert-certyfikacja-z-evocert\/\" \/>\n<meta property=\"og:locale\" content=\"zh_CN\" \/>\n<meta property=\"og:type\" content=\"article\" \/>\n<meta property=\"og:title\" content=\"REDcert EU - certyfikacja z EVOCERT - EVOCERT\" \/>\n<meta property=\"og:description\" content=\"Upowa\u017cnienie EVOCERT Jednostka certyfikuj\u0105ca EVOCERT zosta\u0142a upowa\u017cniona do prowadzenia certyfikacji REDcert EU i wpisana na oficjaln\u0105 list\u0119 dopuszczonych jednostek certyfikuj\u0105cych. Aktualizacja wymaga\u0144 W zwi\u0105zku z wej\u015bciem w \u017cycie wymaga\u0144 REDIII prosimy o zapoznanie si\u0119 z nowymi formularzami, kt\u00f3re s\u0105 zamieszczone na portalu administratora systemu i obowi\u0105zuj\u0105 od 21.05.2025 roku. Ile kosztuje certyfikacja REDcert EU? Koszt [&hellip;]\" \/>\n<meta property=\"og:url\" content=\"https:\/\/evocert.pl\/zh\/redcert-certyfikacja-z-evocert\/\" \/>\n<meta property=\"og:site_name\" content=\"EVOCERT\" \/>\n<meta property=\"article:modified_time\" content=\"2025-12-17T08:02:33+00:00\" \/>\n<meta property=\"og:image\" content=\"https:\/\/evocert.pl\/wp-content\/uploads\/2025\/01\/EVOCERT_logo_KOLOR_PNG.png\" \/>\n\t<meta property=\"og:image:width\" content=\"378\" \/>\n\t<meta property=\"og:image:height\" content=\"378\" \/>\n\t<meta property=\"og:image:type\" content=\"image\/png\" \/>\n<meta name=\"twitter:card\" content=\"summary_large_image\" \/>\n<script type=\"application\/ld+json\" class=\"yoast-schema-graph\">{\"@context\":\"https:\\\/\\\/schema.org\",\"@graph\":[{\"@type\":\"WebPage\",\"@id\":\"https:\\\/\\\/evocert.pl\\\/redcert-certyfikacja-z-evocert\\\/\",\"url\":\"https:\\\/\\\/evocert.pl\\\/redcert-certyfikacja-z-evocert\\\/\",\"name\":\"REDcert EU - certyfikacja z EVOCERT - EVOCERT\",\"isPartOf\":{\"@id\":\"https:\\\/\\\/evocert.pl\\\/en\\\/#website\"},\"datePublished\":\"2025-01-17T10:58:03+00:00\",\"dateModified\":\"2025-12-17T08:02:33+00:00\",\"breadcrumb\":{\"@id\":\"https:\\\/\\\/evocert.pl\\\/redcert-certyfikacja-z-evocert\\\/#breadcrumb\"},\"inLanguage\":\"zh-Hans\",\"potentialAction\":[{\"@type\":\"ReadAction\",\"target\":[\"https:\\\/\\\/evocert.pl\\\/redcert-certyfikacja-z-evocert\\\/\"]}]},{\"@type\":\"BreadcrumbList\",\"@id\":\"https:\\\/\\\/evocert.pl\\\/redcert-certyfikacja-z-evocert\\\/#breadcrumb\",\"itemListElement\":[{\"@type\":\"ListItem\",\"position\":1,\"name\":\"Strona g\u0142\u00f3wna\",\"item\":\"https:\\\/\\\/evocert.pl\\\/en\\\/\"},{\"@type\":\"ListItem\",\"position\":2,\"name\":\"REDcert EU &#8211; certyfikacja z EVOCERT\"}]},{\"@type\":\"WebSite\",\"@id\":\"https:\\\/\\\/evocert.pl\\\/en\\\/#website\",\"url\":\"https:\\\/\\\/evocert.pl\\\/en\\\/\",\"name\":\"EVOCERT\",\"description\":\"Evolution in certification\",\"publisher\":{\"@id\":\"https:\\\/\\\/evocert.pl\\\/en\\\/#organization\"},\"potentialAction\":[{\"@type\":\"SearchAction\",\"target\":{\"@type\":\"EntryPoint\",\"urlTemplate\":\"https:\\\/\\\/evocert.pl\\\/en\\\/?s={search_term_string}\"},\"query-input\":{\"@type\":\"PropertyValueSpecification\",\"valueRequired\":true,\"valueName\":\"search_term_string\"}}],\"inLanguage\":\"zh-Hans\"},{\"@type\":\"Organization\",\"@id\":\"https:\\\/\\\/evocert.pl\\\/en\\\/#organization\",\"name\":\"EVOCERT\",\"url\":\"https:\\\/\\\/evocert.pl\\\/en\\\/\",\"logo\":{\"@type\":\"ImageObject\",\"inLanguage\":\"zh-Hans\",\"@id\":\"https:\\\/\\\/evocert.pl\\\/en\\\/#\\\/schema\\\/logo\\\/image\\\/\",\"url\":\"https:\\\/\\\/evocert.pl\\\/wp-content\\\/uploads\\\/2025\\\/01\\\/EVOCERT_logo_KOLOR_PNG.png\",\"contentUrl\":\"https:\\\/\\\/evocert.pl\\\/wp-content\\\/uploads\\\/2025\\\/01\\\/EVOCERT_logo_KOLOR_PNG.png\",\"width\":378,\"height\":378,\"caption\":\"EVOCERT\"},\"image\":{\"@id\":\"https:\\\/\\\/evocert.pl\\\/en\\\/#\\\/schema\\\/logo\\\/image\\\/\"},\"sameAs\":[\"https:\\\/\\\/www.linkedin.com\\\/company\\\/evocert-sp-z-o-o\"]}]}<\/script>\n<!-- \/ Yoast SEO plugin. -->","yoast_head_json":{"title":"REDcert EU - certyfikacja z EVOCERT - EVOCERT","robots":{"index":"index","follow":"follow","max-snippet":"max-snippet:-1","max-image-preview":"max-image-preview:large","max-video-preview":"max-video-preview:-1"},"canonical":"https:\/\/evocert.pl\/zh\/redcert-certyfikacja-z-evocert\/","og_locale":"zh_CN","og_type":"article","og_title":"REDcert EU - certyfikacja z EVOCERT - EVOCERT","og_description":"Upowa\u017cnienie EVOCERT Jednostka certyfikuj\u0105ca EVOCERT zosta\u0142a upowa\u017cniona do prowadzenia certyfikacji REDcert EU i wpisana na oficjaln\u0105 list\u0119 dopuszczonych jednostek certyfikuj\u0105cych. Aktualizacja wymaga\u0144 W zwi\u0105zku z wej\u015bciem w \u017cycie wymaga\u0144 REDIII prosimy o zapoznanie si\u0119 z nowymi formularzami, kt\u00f3re s\u0105 zamieszczone na portalu administratora systemu i obowi\u0105zuj\u0105 od 21.05.2025 roku. Ile kosztuje certyfikacja REDcert EU? Koszt [&hellip;]","og_url":"https:\/\/evocert.pl\/zh\/redcert-certyfikacja-z-evocert\/","og_site_name":"EVOCERT","article_modified_time":"2025-12-17T08:02:33+00:00","og_image":[{"width":378,"height":378,"url":"https:\/\/evocert.pl\/wp-content\/uploads\/2025\/01\/EVOCERT_logo_KOLOR_PNG.png","type":"image\/png"}],"twitter_card":"summary_large_image","schema":{"@context":"https:\/\/schema.org","@graph":[{"@type":"WebPage","@id":"https:\/\/evocert.pl\/redcert-certyfikacja-z-evocert\/","url":"https:\/\/evocert.pl\/redcert-certyfikacja-z-evocert\/","name":"REDcert EU - certyfikacja z EVOCERT - EVOCERT","isPartOf":{"@id":"https:\/\/evocert.pl\/en\/#website"},"datePublished":"2025-01-17T10:58:03+00:00","dateModified":"2025-12-17T08:02:33+00:00","breadcrumb":{"@id":"https:\/\/evocert.pl\/redcert-certyfikacja-z-evocert\/#breadcrumb"},"inLanguage":"zh-Hans","potentialAction":[{"@type":"ReadAction","target":["https:\/\/evocert.pl\/redcert-certyfikacja-z-evocert\/"]}]},{"@type":"BreadcrumbList","@id":"https:\/\/evocert.pl\/redcert-certyfikacja-z-evocert\/#breadcrumb","itemListElement":[{"@type":"ListItem","position":1,"name":"Strona g\u0142\u00f3wna","item":"https:\/\/evocert.pl\/en\/"},{"@type":"ListItem","position":2,"name":"REDcert EU &#8211; certyfikacja z EVOCERT"}]},{"@type":"WebSite","@id":"https:\/\/evocert.pl\/en\/#website","url":"https:\/\/evocert.pl\/en\/","name":"EVOCERT","description":"Evolution in certification","publisher":{"@id":"https:\/\/evocert.pl\/en\/#organization"},"potentialAction":[{"@type":"SearchAction","target":{"@type":"EntryPoint","urlTemplate":"https:\/\/evocert.pl\/en\/?s={search_term_string}"},"query-input":{"@type":"PropertyValueSpecification","valueRequired":true,"valueName":"search_term_string"}}],"inLanguage":"zh-Hans"},{"@type":"Organization","@id":"https:\/\/evocert.pl\/en\/#organization","name":"EVOCERT","url":"https:\/\/evocert.pl\/en\/","logo":{"@type":"ImageObject","inLanguage":"zh-Hans","@id":"https:\/\/evocert.pl\/en\/#\/schema\/logo\/image\/","url":"https:\/\/evocert.pl\/wp-content\/uploads\/2025\/01\/EVOCERT_logo_KOLOR_PNG.png","contentUrl":"https:\/\/evocert.pl\/wp-content\/uploads\/2025\/01\/EVOCERT_logo_KOLOR_PNG.png","width":378,"height":378,"caption":"EVOCERT"},"image":{"@id":"https:\/\/evocert.pl\/en\/#\/schema\/logo\/image\/"},"sameAs":["https:\/\/www.linkedin.com\/company\/evocert-sp-z-o-o"]}]}},"_links":{"self":[{"href":"https:\/\/evocert.pl\/zh\/wp-json\/wp\/v2\/pages\/3250","targetHints":{"allow":["GET"]}}],"collection":[{"href":"https:\/\/evocert.pl\/zh\/wp-json\/wp\/v2\/pages"}],"about":[{"href":"https:\/\/evocert.pl\/zh\/wp-json\/wp\/v2\/types\/page"}],"author":[{"embeddable":true,"href":"https:\/\/evocert.pl\/zh\/wp-json\/wp\/v2\/users\/2"}],"replies":[{"embeddable":true,"href":"https:\/\/evocert.pl\/zh\/wp-json\/wp\/v2\/comments?post=3250"}],"version-history":[{"count":7,"href":"https:\/\/evocert.pl\/zh\/wp-json\/wp\/v2\/pages\/3250\/revisions"}],"predecessor-version":[{"id":5252,"href":"https:\/\/evocert.pl\/zh\/wp-json\/wp\/v2\/pages\/3250\/revisions\/5252"}],"wp:attachment":[{"href":"https:\/\/evocert.pl\/zh\/wp-json\/wp\/v2\/media?parent=3250"}],"curies":[{"name":"wp","href":"https:\/\/api.w.org\/{rel}","templated":true}]}}