{"id":3247,"date":"2025-01-17T11:57:47","date_gmt":"2025-01-17T10:57:47","guid":{"rendered":"https:\/\/evocert.pl\/?page_id=3247"},"modified":"2025-12-17T09:01:57","modified_gmt":"2025-12-17T08:01:57","slug":"redcert-krok-po-kroku","status":"publish","type":"page","link":"https:\/\/evocert.pl\/zh\/redcert-krok-po-kroku\/","title":{"rendered":"REDcert EU \u2014 \u8ba4\u8bc1\u6d41\u7a0b\uff08\u9010\u6b65\u8bf4\u660e\uff09"},"content":{"rendered":"<h2 class=\"wp-block-heading has-custom-logo-color has-text-color has-link-color has-medium-font-size wp-elements-fc7a4e7f9b966171e83fd4c878931adf\">1. \u7533\u8bf7\u52a0\u5165 REDcert EU \u4f53\u7cfb<\/h2>\n\n\n\n<p class=\"has-small-font-size\">\u4f01\u4e1a\u58f0\u660e\u6709\u610f\u52a0\u5165 REDcert EU \u4f53\u7cfb\u3002\n\u9700\u5728\u4ee5\u4e0b\u7f51\u7ad9\u586b\u5199\u7533\u8bf7\u8868\uff1a <a href=\"https:\/\/redcert.eu\/RegistrierungSystemAuswahl.aspx\"><mark style=\"background-color:rgba(0, 0, 0, 0)\" class=\"has-inline-color has-custom-logo-color\">https:\/\/redcert.eu\/RegistrierungSystemAuswahl.aspx<\/mark><\/a>&nbsp;\u5e76\u4e0e\u6807\u51c6\u6240\u6709\u65b9\u7b7e\u7f72\u53c2\u4e0e\u534f\u8bae\u3002<\/p>\n\n\n\n<hr class=\"wp-block-separator has-text-color has-custom-logo-color has-alpha-channel-opacity has-custom-logo-background-color has-background is-style-wide\" style=\"margin-top:var(--wp--preset--spacing--60);margin-bottom:var(--wp--preset--spacing--60)\"\/>\n\n\n\n<h2 class=\"wp-block-heading has-custom-logo-color has-text-color has-link-color has-medium-font-size wp-elements-781404d7b7780e6d1bc82d4434222aeb\">2. \u4e0e EVOCERT \u8054\u7cfb<\/h2>\n\n\n\n<p class=\"has-small-font-size\">\u4f01\u4e1a\u4e0e EVOCERT \u53d6\u5f97\u8054\u7cfb\uff0c\u4ee5\u5b8c\u5584\u7533\u8bf7\u6587\u4ef6\uff0c\u5e76\u7b7e\u7f72\u8ba4\u8bc1\u534f\u8bae\uff0c\u7528\u4e8e\u5f00\u5c55\u7b26\u5408 REDcert EU \u8981\u6c42\u7684\u5408\u89c4\u6027\u8bc4\u4f30\u6d41\u7a0b\u3002<\/p>\n\n\n\n<hr class=\"wp-block-separator has-text-color has-custom-logo-color has-alpha-channel-opacity has-custom-logo-background-color has-background is-style-wide\" style=\"margin-top:var(--wp--preset--spacing--60);margin-bottom:var(--wp--preset--spacing--60)\"\/>\n\n\n\n<h2 class=\"wp-block-heading has-custom-logo-color has-text-color has-link-color has-medium-font-size wp-elements-213d3977168f197659cc3c6cb927b397\">3. \u5ba1\u6838\u51c6\u5907<\/h2>\n\n\n\n<p class=\"has-small-font-size\">\u4f01\u4e1a\u9700\u51c6\u5907\u5fc5\u8981\u7684\u6587\u4ef6\u8d44\u6599\uff0c\u5305\u62ec\uff1a\u539f\u6750\u6599\u767b\u8bb0\u8bb0\u5f55\u3001\u6e29\u5ba4\u6c14\u4f53\u6392\u653e\u6570\u636e\u3001\u571f\u5730\u7ba1\u7406\u60c5\u51b5\u3001\u4f9b\u5e94\u94fe\u4fe1\u606f\u3001\u7b26\u5408\u53ef\u6301\u7eed\u53d1\u5c55\u6807\u51c6\u7684\u76f8\u5173\u8bc1\u660e\u7b49\u3002<\/p>\n\n\n\n<hr class=\"wp-block-separator has-text-color has-custom-logo-color has-alpha-channel-opacity has-custom-logo-background-color has-background is-style-wide\" style=\"margin-top:var(--wp--preset--spacing--60);margin-bottom:var(--wp--preset--spacing--60)\"\/>\n\n\n\n<h2 class=\"wp-block-heading has-custom-logo-color has-text-color has-link-color has-medium-font-size wp-elements-ac5c9bf9a9ca99939d54ce3a39645ead\">4. \u73b0\u573a\u5ba1\u6838<\/h2>\n\n\n\n<p class=\"has-small-font-size\">\u5ba1\u6838\u5458\u5728\u4f01\u4e1a\u603b\u90e8\u8fdb\u884c\u5ba1\u6838\uff08\u5982\u9002\u7528\uff0c\u4e5f\u53ef\u5728\u751f\u4ea7\u6216\u4ed3\u50a8\u5730\u70b9\u8fdb\u884c\uff09\uff0c\u4ee5\u6838\u5b9e\u4f01\u4e1a\u6d3b\u52a8\u662f\u5426\u7b26\u5408 REDcert EU \u4f53\u7cfb\u7684\u8981\u6c42\u3002<\/p>\n\n\n\n<hr class=\"wp-block-separator has-text-color has-custom-logo-color has-alpha-channel-opacity has-custom-logo-background-color has-background is-style-wide\" style=\"margin-top:var(--wp--preset--spacing--60);margin-bottom:var(--wp--preset--spacing--60)\"\/>\n\n\n\n<h2 class=\"wp-block-heading has-custom-logo-color has-text-color has-link-color has-medium-font-size wp-elements-83280d56d7b104e631f4d9d7b80f6d97\">5. \u5ba1\u6838\u62a5\u544a\u4e0e\u5408\u89c4\u6027\u8bc4\u4f30<\/h2>\n\n\n\n<p class=\"has-small-font-size\">\u6839\u636e\u5ba1\u6838\u7ed3\u679c\u7f16\u5236\u5ba1\u6838\u62a5\u544a\u3002\u5982\u53d1\u73b0\u4e0d\u7b26\u5408\u9879\uff0c\u4f01\u4e1a\u987b\u5728\u8bc1\u4e66\u9881\u53d1\u524d\u5b9e\u65bd\u7ea0\u6b63\u63aa\u65bd\u3002<\/p>\n\n\n\n<hr class=\"wp-block-separator has-text-color has-custom-logo-color has-alpha-channel-opacity has-custom-logo-background-color has-background is-style-wide\" style=\"margin-top:var(--wp--preset--spacing--60);margin-bottom:var(--wp--preset--spacing--60)\"\/>\n\n\n\n<h2 class=\"wp-block-heading has-custom-logo-color has-text-color has-link-color has-medium-font-size wp-elements-159801f407edc1556c5ce846a782a968\">6. \u9881\u53d1 REDcert \u8bc1\u4e66<\/h2>\n\n\n\n<p class=\"has-small-font-size\">\u5728\u901a\u8fc7\u5408\u89c4\u6027\u8bc4\u4f30\u540e\uff0c\u8ba4\u8bc1\u673a\u6784\u5c06\u9881\u53d1 REDcert EU \u8bc1\u4e66\uff0c\u8bc1\u4e66\u6709\u6548\u671f\u4e3a 12 \u4e2a\u6708\u3002\n\u8bc1\u4e66\u53ef\u5728 <a href=\"https:\/\/redcert.eu\/ZertifikateDatenAnzeige.aspx\"><mark style=\"background-color:rgba(0, 0, 0, 0)\" class=\"has-inline-color has-custom-logo-color\">REDcert \u5b98\u65b9\u7f51\u7ad9\u7684 \u201c\u8bc1\u4e66\uff08Certificates\uff09\u201d \u680f\u76ee\u4e2d\u67e5\u8be2\u3002<\/mark><\/a>.<\/p>\n\n\n\n<hr class=\"wp-block-separator has-text-color has-custom-logo-color has-alpha-channel-opacity has-custom-logo-background-color has-background is-style-wide\" style=\"margin-top:var(--wp--preset--spacing--60);margin-bottom:var(--wp--preset--spacing--60)\"\/>\n\n\n\n<h2 class=\"wp-block-heading has-custom-logo-color has-text-color has-link-color has-medium-font-size wp-elements-d1c0c9850d5b29d44c84501b684fbdb0\">7. \u5e74\u5ea6\u76d1\u7763\u5ba1\u6838\uff08\u518d\u8ba4\u8bc1\uff09<\/h2>\n\n\n\n<p class=\"has-small-font-size\">\u4e3a\u4fdd\u6301\u8ba4\u8bc1\u8d44\u683c\uff0c\u4f01\u4e1a\u5fc5\u987b\u63a5\u53d7\u5e74\u5ea6\u5ba1\u6838\uff0c\u4ee5\u786e\u8ba4\u6301\u7eed\u7b26\u5408\u4f53\u7cfb\u8981\u6c42\u3002<\/p>\n\n\n\n<hr class=\"wp-block-separator has-text-color has-custom-logo-color has-alpha-channel-opacity has-custom-logo-background-color has-background is-style-wide\" style=\"margin-top:var(--wp--preset--spacing--60);margin-bottom:var(--wp--preset--spacing--60)\"\/>\n\n\n\n<div class=\"wp-block-group is-vertical is-content-justification-stretch is-layout-flex wp-container-core-group-is-layout-353c4f5a wp-block-group-is-layout-flex\">\n<h2 class=\"wp-block-heading has-custom-logo-color has-text-color has-link-color has-medium-font-size wp-elements-6220a036404e1e175c1bdc39e07cf195\">\u60a8\u662f\u5426\u5df2\u51c6\u5907\u597d\u542f\u52a8\u8ba4\u8bc1\u6d41\u7a0b\uff1f<\/h2>\n\n\n\n<p class=\"has-small-font-size\" style=\"padding-bottom:var(--wp--preset--spacing--40);line-height:1.7\">EVOCERT \u5c06\u5f88\u4e50\u610f\u4e3a\u60a8\u51c6\u5907\u62a5\u4ef7\u5e76\u89e3\u7b54\u6240\u6709\u95ee\u9898\uff01<\/p>\n\n\n\n<div class=\"wp-block-buttons is-content-justification-center is-layout-flex wp-container-core-buttons-is-layout-c304233e wp-block-buttons-is-layout-flex\" style=\"margin-top:var(--wp--preset--spacing--20);margin-bottom:var(--wp--preset--spacing--30)\">\n<div class=\"wp-block-button has-custom-font-size has-body-text-font-size\"><a class=\"wp-block-button__link has-foreground-color has-custom-logo-background-color has-text-color has-background has-link-color wp-element-button\" href=\"http:\/\/evocert.pl\/zh\/?page_id=308\" style=\"padding-top:0.85rem;padding-right:2rem;padding-bottom:0.85rem;padding-left:2rem\"><strong>\u8054\u7cfb\u6211\u4eec<\/strong><\/a><\/div>\n<\/div>\n<\/div>","protected":false},"excerpt":{"rendered":"<p>1. Zg\u0142oszenie do systemu REDcert EU Przedsi\u0119biorstwo deklaruje ch\u0119\u0107 przyst\u0105pienia do systemu REDcert EU. Wype\u0142niany jest formularz zg\u0142oszeniowy na stronie internetowej po adresem https:\/\/redcert.eu\/RegistrierungSystemAuswahl.aspx&nbsp;i zawierana jest umowa uczestnictwa z w\u0142a\u015bcicielem standardu. 2. Kontakt z EVOCERT Firma kontaktuje si\u0119 z EVOCERT, w celu uzupe\u0142nienia wniosku aplikacyjnego i podpisania umowy certyfikacyjnej na przeprowadzenie procesu oceny zgodno\u015bci z [&hellip;]<\/p>\n","protected":false},"author":2,"featured_media":0,"parent":0,"menu_order":0,"comment_status":"closed","ping_status":"closed","template":"wp-custom-template-oferta-re-dcert-podstawy-prawne-wymagania","meta":{"footnotes":""},"class_list":["post-3247","page","type-page","status-publish","hentry"],"yoast_head":"<!-- This site is optimized with the Yoast SEO plugin v27.5 - https:\/\/yoast.com\/product\/yoast-seo-wordpress\/ -->\n<title>REDcert EU - proces certyfikacji krok po kroku - EVOCERT<\/title>\n<meta name=\"robots\" content=\"index, follow, max-snippet:-1, max-image-preview:large, max-video-preview:-1\" \/>\n<link rel=\"canonical\" href=\"https:\/\/evocert.pl\/zh\/redcert-krok-po-kroku\/\" \/>\n<meta property=\"og:locale\" content=\"zh_CN\" \/>\n<meta property=\"og:type\" content=\"article\" \/>\n<meta property=\"og:title\" content=\"REDcert EU - proces certyfikacji krok po kroku - EVOCERT\" \/>\n<meta property=\"og:description\" content=\"1. Zg\u0142oszenie do systemu REDcert EU Przedsi\u0119biorstwo deklaruje ch\u0119\u0107 przyst\u0105pienia do systemu REDcert EU. Wype\u0142niany jest formularz zg\u0142oszeniowy na stronie internetowej po adresem https:\/\/redcert.eu\/RegistrierungSystemAuswahl.aspx&nbsp;i zawierana jest umowa uczestnictwa z w\u0142a\u015bcicielem standardu. 2. Kontakt z EVOCERT Firma kontaktuje si\u0119 z EVOCERT, w celu uzupe\u0142nienia wniosku aplikacyjnego i podpisania umowy certyfikacyjnej na przeprowadzenie procesu oceny zgodno\u015bci z [&hellip;]\" \/>\n<meta property=\"og:url\" content=\"https:\/\/evocert.pl\/zh\/redcert-krok-po-kroku\/\" \/>\n<meta property=\"og:site_name\" content=\"EVOCERT\" \/>\n<meta property=\"article:modified_time\" content=\"2025-12-17T08:01:57+00:00\" \/>\n<meta property=\"og:image\" content=\"https:\/\/evocert.pl\/wp-content\/uploads\/2025\/01\/EVOCERT_logo_KOLOR_PNG.png\" \/>\n\t<meta property=\"og:image:width\" content=\"378\" \/>\n\t<meta property=\"og:image:height\" content=\"378\" \/>\n\t<meta property=\"og:image:type\" content=\"image\/png\" \/>\n<meta name=\"twitter:card\" content=\"summary_large_image\" \/>\n<meta name=\"twitter:label1\" content=\"\u9884\u8ba1\u9605\u8bfb\u65f6\u95f4\" \/>\n\t<meta name=\"twitter:data1\" content=\"3 \u5206\" \/>\n<script type=\"application\/ld+json\" class=\"yoast-schema-graph\">{\"@context\":\"https:\\\/\\\/schema.org\",\"@graph\":[{\"@type\":\"WebPage\",\"@id\":\"https:\\\/\\\/evocert.pl\\\/redcert-krok-po-kroku\\\/\",\"url\":\"https:\\\/\\\/evocert.pl\\\/redcert-krok-po-kroku\\\/\",\"name\":\"REDcert EU - proces certyfikacji krok po kroku - EVOCERT\",\"isPartOf\":{\"@id\":\"https:\\\/\\\/evocert.pl\\\/en\\\/#website\"},\"datePublished\":\"2025-01-17T10:57:47+00:00\",\"dateModified\":\"2025-12-17T08:01:57+00:00\",\"breadcrumb\":{\"@id\":\"https:\\\/\\\/evocert.pl\\\/redcert-krok-po-kroku\\\/#breadcrumb\"},\"inLanguage\":\"zh-Hans\",\"potentialAction\":[{\"@type\":\"ReadAction\",\"target\":[\"https:\\\/\\\/evocert.pl\\\/redcert-krok-po-kroku\\\/\"]}]},{\"@type\":\"BreadcrumbList\",\"@id\":\"https:\\\/\\\/evocert.pl\\\/redcert-krok-po-kroku\\\/#breadcrumb\",\"itemListElement\":[{\"@type\":\"ListItem\",\"position\":1,\"name\":\"Strona g\u0142\u00f3wna\",\"item\":\"https:\\\/\\\/evocert.pl\\\/en\\\/\"},{\"@type\":\"ListItem\",\"position\":2,\"name\":\"REDcert EU &#8211; proces certyfikacji krok po kroku\"}]},{\"@type\":\"WebSite\",\"@id\":\"https:\\\/\\\/evocert.pl\\\/en\\\/#website\",\"url\":\"https:\\\/\\\/evocert.pl\\\/en\\\/\",\"name\":\"EVOCERT\",\"description\":\"Evolution in certification\",\"publisher\":{\"@id\":\"https:\\\/\\\/evocert.pl\\\/en\\\/#organization\"},\"potentialAction\":[{\"@type\":\"SearchAction\",\"target\":{\"@type\":\"EntryPoint\",\"urlTemplate\":\"https:\\\/\\\/evocert.pl\\\/en\\\/?s={search_term_string}\"},\"query-input\":{\"@type\":\"PropertyValueSpecification\",\"valueRequired\":true,\"valueName\":\"search_term_string\"}}],\"inLanguage\":\"zh-Hans\"},{\"@type\":\"Organization\",\"@id\":\"https:\\\/\\\/evocert.pl\\\/en\\\/#organization\",\"name\":\"EVOCERT\",\"url\":\"https:\\\/\\\/evocert.pl\\\/en\\\/\",\"logo\":{\"@type\":\"ImageObject\",\"inLanguage\":\"zh-Hans\",\"@id\":\"https:\\\/\\\/evocert.pl\\\/en\\\/#\\\/schema\\\/logo\\\/image\\\/\",\"url\":\"https:\\\/\\\/evocert.pl\\\/wp-content\\\/uploads\\\/2025\\\/01\\\/EVOCERT_logo_KOLOR_PNG.png\",\"contentUrl\":\"https:\\\/\\\/evocert.pl\\\/wp-content\\\/uploads\\\/2025\\\/01\\\/EVOCERT_logo_KOLOR_PNG.png\",\"width\":378,\"height\":378,\"caption\":\"EVOCERT\"},\"image\":{\"@id\":\"https:\\\/\\\/evocert.pl\\\/en\\\/#\\\/schema\\\/logo\\\/image\\\/\"},\"sameAs\":[\"https:\\\/\\\/www.linkedin.com\\\/company\\\/evocert-sp-z-o-o\"]}]}<\/script>\n<!-- \/ Yoast SEO plugin. -->","yoast_head_json":{"title":"REDcert EU - proces certyfikacji krok po kroku - EVOCERT","robots":{"index":"index","follow":"follow","max-snippet":"max-snippet:-1","max-image-preview":"max-image-preview:large","max-video-preview":"max-video-preview:-1"},"canonical":"https:\/\/evocert.pl\/zh\/redcert-krok-po-kroku\/","og_locale":"zh_CN","og_type":"article","og_title":"REDcert EU - proces certyfikacji krok po kroku - EVOCERT","og_description":"1. Zg\u0142oszenie do systemu REDcert EU Przedsi\u0119biorstwo deklaruje ch\u0119\u0107 przyst\u0105pienia do systemu REDcert EU. Wype\u0142niany jest formularz zg\u0142oszeniowy na stronie internetowej po adresem https:\/\/redcert.eu\/RegistrierungSystemAuswahl.aspx&nbsp;i zawierana jest umowa uczestnictwa z w\u0142a\u015bcicielem standardu. 2. Kontakt z EVOCERT Firma kontaktuje si\u0119 z EVOCERT, w celu uzupe\u0142nienia wniosku aplikacyjnego i podpisania umowy certyfikacyjnej na przeprowadzenie procesu oceny zgodno\u015bci z [&hellip;]","og_url":"https:\/\/evocert.pl\/zh\/redcert-krok-po-kroku\/","og_site_name":"EVOCERT","article_modified_time":"2025-12-17T08:01:57+00:00","og_image":[{"width":378,"height":378,"url":"https:\/\/evocert.pl\/wp-content\/uploads\/2025\/01\/EVOCERT_logo_KOLOR_PNG.png","type":"image\/png"}],"twitter_card":"summary_large_image","twitter_misc":{"\u9884\u8ba1\u9605\u8bfb\u65f6\u95f4":"3 \u5206"},"schema":{"@context":"https:\/\/schema.org","@graph":[{"@type":"WebPage","@id":"https:\/\/evocert.pl\/redcert-krok-po-kroku\/","url":"https:\/\/evocert.pl\/redcert-krok-po-kroku\/","name":"REDcert EU - proces certyfikacji krok po kroku - EVOCERT","isPartOf":{"@id":"https:\/\/evocert.pl\/en\/#website"},"datePublished":"2025-01-17T10:57:47+00:00","dateModified":"2025-12-17T08:01:57+00:00","breadcrumb":{"@id":"https:\/\/evocert.pl\/redcert-krok-po-kroku\/#breadcrumb"},"inLanguage":"zh-Hans","potentialAction":[{"@type":"ReadAction","target":["https:\/\/evocert.pl\/redcert-krok-po-kroku\/"]}]},{"@type":"BreadcrumbList","@id":"https:\/\/evocert.pl\/redcert-krok-po-kroku\/#breadcrumb","itemListElement":[{"@type":"ListItem","position":1,"name":"Strona g\u0142\u00f3wna","item":"https:\/\/evocert.pl\/en\/"},{"@type":"ListItem","position":2,"name":"REDcert EU &#8211; proces certyfikacji krok po kroku"}]},{"@type":"WebSite","@id":"https:\/\/evocert.pl\/en\/#website","url":"https:\/\/evocert.pl\/en\/","name":"EVOCERT","description":"Evolution in certification","publisher":{"@id":"https:\/\/evocert.pl\/en\/#organization"},"potentialAction":[{"@type":"SearchAction","target":{"@type":"EntryPoint","urlTemplate":"https:\/\/evocert.pl\/en\/?s={search_term_string}"},"query-input":{"@type":"PropertyValueSpecification","valueRequired":true,"valueName":"search_term_string"}}],"inLanguage":"zh-Hans"},{"@type":"Organization","@id":"https:\/\/evocert.pl\/en\/#organization","name":"EVOCERT","url":"https:\/\/evocert.pl\/en\/","logo":{"@type":"ImageObject","inLanguage":"zh-Hans","@id":"https:\/\/evocert.pl\/en\/#\/schema\/logo\/image\/","url":"https:\/\/evocert.pl\/wp-content\/uploads\/2025\/01\/EVOCERT_logo_KOLOR_PNG.png","contentUrl":"https:\/\/evocert.pl\/wp-content\/uploads\/2025\/01\/EVOCERT_logo_KOLOR_PNG.png","width":378,"height":378,"caption":"EVOCERT"},"image":{"@id":"https:\/\/evocert.pl\/en\/#\/schema\/logo\/image\/"},"sameAs":["https:\/\/www.linkedin.com\/company\/evocert-sp-z-o-o"]}]}},"_links":{"self":[{"href":"https:\/\/evocert.pl\/zh\/wp-json\/wp\/v2\/pages\/3247","targetHints":{"allow":["GET"]}}],"collection":[{"href":"https:\/\/evocert.pl\/zh\/wp-json\/wp\/v2\/pages"}],"about":[{"href":"https:\/\/evocert.pl\/zh\/wp-json\/wp\/v2\/types\/page"}],"author":[{"embeddable":true,"href":"https:\/\/evocert.pl\/zh\/wp-json\/wp\/v2\/users\/2"}],"replies":[{"embeddable":true,"href":"https:\/\/evocert.pl\/zh\/wp-json\/wp\/v2\/comments?post=3247"}],"version-history":[{"count":7,"href":"https:\/\/evocert.pl\/zh\/wp-json\/wp\/v2\/pages\/3247\/revisions"}],"predecessor-version":[{"id":5251,"href":"https:\/\/evocert.pl\/zh\/wp-json\/wp\/v2\/pages\/3247\/revisions\/5251"}],"wp:attachment":[{"href":"https:\/\/evocert.pl\/zh\/wp-json\/wp\/v2\/media?parent=3247"}],"curies":[{"name":"wp","href":"https:\/\/api.w.org\/{rel}","templated":true}]}}