{"id":3244,"date":"2025-01-17T11:57:26","date_gmt":"2025-01-17T10:57:26","guid":{"rendered":"https:\/\/evocert.pl\/?page_id=3244"},"modified":"2025-12-17T09:56:16","modified_gmt":"2025-12-17T08:56:16","slug":"redcert","status":"publish","type":"page","link":"https:\/\/evocert.pl\/zh\/redcert\/","title":{"rendered":"REDcert EU"},"content":{"rendered":"<h2 class=\"wp-block-heading has-custom-logo-color has-text-color has-link-color has-medium-font-size wp-elements-fed2a05d3bf78df41cfa15eb8afdf73e\">REDcert \u7cfb\u7edf<\/h2>\n\n\n\n<p class=\"has-small-font-size\">REDcert \u4f53\u7cfb\u4e8e 2010 \u5e74\u521d\u5728\u5fb7\u56fd\u7531\u519c\u4e1a\u548c\u71c3\u6599\u884c\u4e1a\u7684\u4e3b\u8981\u534f\u4f1a\u548c\u7ec4\u7ec7\u5171\u540c\u5efa\u7acb\u3002\u540c\u5e74\uff0cREDcert \u8ba4\u8bc1\u4f53\u7cfb\u5373\u83b7\u5f97\u5fb7\u56fd\u8054\u90a6\u519c\u4e1a\u4e0e\u98df\u54c1\u7f72\uff08Bundesanstalt f\u00fcr Landwirtschaft und Ern\u00e4hrung\uff0c\u7b80\u79f0 BLE\uff09\u7684\u8ba4\u53ef\u3002\u8be5\u8ba4\u53ef\u4f9d\u636e\u4e3a 2012 \u5e74 7 \u6708 24 \u65e5\u4f5c\u51fa\u7684\u51b3\u5b9a\u3002<\/p>\n\n\n\n<hr class=\"wp-block-separator has-text-color has-custom-logo-color has-alpha-channel-opacity has-custom-logo-background-color has-background is-style-wide\" style=\"margin-top:var(--wp--preset--spacing--60);margin-bottom:var(--wp--preset--spacing--60)\"\/>\n\n\n\n<h2 class=\"wp-block-heading has-custom-logo-color has-text-color has-link-color has-medium-font-size wp-elements-69b1a42a322fac2dd1eb04f278c33c2c\">REDcert \u8ba4\u8bc1<\/h2>\n\n\n\n<p class=\"has-small-font-size\">REDcert-EU \u548c REDcert\u00b2 \u662f\u7531\u76f8\u5173\u7ec4\u7ec7\u652f\u6301\u7684\u8ba4\u8bc1\u4f53\u7cfb\u3002\u5176\u53d1\u5c55\u662f\u5bf9\u53ef\u6301\u7eed\u53d1\u5c55\u548c\u73af\u5883\u4fdd\u62a4\u9886\u57df\u4e2d\u65e5\u76ca\u589e\u957f\u7684\u8ba4\u8bc1\u9700\u6c42\u4f5c\u51fa\u7684\u56de\u5e94\u3002\u76ee\u524d\uff0c\u8fd9\u4e9b\u8ba4\u8bc1\u4f53\u7cfb\u5df2\u6210\u4e3a\u6574\u4e2a\u6b27\u76df\u8303\u56f4\u5185\u6700\u4e3a\u77e5\u540d\u7684\u6807\u51c6\u3002<\/p>\n\n\n\n<p class=\"has-small-font-size\">REDcert-EU \u662f\u751f\u7269\u8d28\u548c\u751f\u7269\u71c3\u6599\u53ef\u6301\u7eed\u5229\u7528\u7684\u6807\u51c6\u3002REDcert\u00b2 \u4e3b\u8981\u9002\u7528\u4e8e\u519c\u4e1a\u539f\u6599\u5728\u98df\u54c1\u548c\u9972\u6599\u884c\u4e1a\u4e2d\u7684\u53ef\u6301\u7eed\u5229\u7528\uff0c\u4ee5\u53ca\u751f\u7269\u8d28\u5728\u5316\u5de5\u884c\u4e1a\u4e2d\u7684\u6750\u6599\u5316\u5e94\u7528\u3002 <\/p>\n\n\n\n<p class=\"has-small-font-size\">\u901a\u8fc7\u8ba4\u8bc1\uff0c\u53ef\u5e2e\u52a9\u76f8\u5173\u884c\u4e1a\u7684\u4f01\u4e1a\u66f4\u4fbf\u6377\u5730\u8fdb\u5165\u6b27\u6d32\u751f\u7269\u71c3\u6599\u5e02\u573a\uff0c\u5e76\u83b7\u5f97\u76f8\u5173\u8865\u8d34\u652f\u6301\u3002<\/p>\n\n\n\n<hr class=\"wp-block-separator has-text-color has-custom-logo-color has-alpha-channel-opacity has-custom-logo-background-color has-background is-style-wide\" style=\"margin-top:var(--wp--preset--spacing--60);margin-bottom:var(--wp--preset--spacing--60)\"\/>\n\n\n\n<h2 class=\"wp-block-heading has-custom-logo-color has-text-color has-link-color has-medium-font-size wp-elements-83d385e1f92a9091b959b7e603c69a04\">REDcert \u7cfb\u7edf\u9002\u7528\u4e8e\u54ea\u4e9b\u5bf9\u8c61\uff1f<\/h2>\n\n\n\n<p class=\"has-small-font-size\">REDcert \u662f\u9488\u5bf9\u751f\u7269\u8d28\u548c\u751f\u7269\u71c3\u6599\u751f\u4ea7\u7684\u8ba4\u8bc1\u4f53\u7cfb\uff0c\u9002\u7528\u4e8e\u53c2\u4e0e\u751f\u7269\u8d28\u548c\u751f\u7269\u71c3\u6599\u751f\u4ea7\u7684\u5404\u7c7b\u4e3b\u4f53\uff0c\u5305\u62ec\u4f46\u4e0d\u9650\u4e8e\uff1a<\/p>\n\n\n\n<ul class=\"wp-block-list\">\n<li class=\"has-small-font-size\">\u4f7f\u7528\u519c\u4e1a\u539f\u6599\u751f\u4ea7\u751f\u7269\u8d28\u7684\u519c\u573a\uff1b<\/li>\n\n\n\n<li class=\"has-small-font-size\">\u5404\u7c7b\u751f\u7269\u8d28\u548c\u751f\u7269\u71c3\u6599\u751f\u4ea7\u5546\uff1b<\/li>\n\n\n\n<li class=\"has-small-font-size\">\u5229\u7528\u751f\u7269\u8d28\u548c\u751f\u7269\u71c3\u6599\u53d1\u7535\u7684\u4f01\u4e1a\uff1b<\/li>\n\n\n\n<li class=\"has-small-font-size\">\u4e3a\u8fdb\u4e00\u6b65\u52a0\u5de5\u800c\u91c7\u8d2d\u751f\u7269\u8d28\u7684\u4f01\u4e1a\uff1b<\/li>\n\n\n\n<li class=\"has-small-font-size\">\u6295\u5165\u54c1\u3001\u751f\u7269\u71c3\u6599\u53ca\u751f\u7269\u8d28\u4f9b\u5e94\u5546\uff1b<\/li>\n\n\n\n<li class=\"has-small-font-size\">\u5206\u9500\u5546\u3002<\/li>\n<\/ul>\n\n\n\n<hr class=\"wp-block-separator has-text-color has-custom-logo-color has-alpha-channel-opacity has-custom-logo-background-color has-background is-style-wide\" style=\"margin-top:var(--wp--preset--spacing--60);margin-bottom:var(--wp--preset--spacing--60)\"\/>\n\n\n\n<h2 class=\"wp-block-heading has-custom-logo-color has-text-color has-link-color has-medium-font-size wp-elements-786a7fc48519acca41feb061823f8fb5\">\u5b9e\u65bd\u5e76\u83b7\u5f97 REDcert \u8ba4\u8bc1\u6709\u54ea\u4e9b\u4f18\u52bf\uff1f<\/h2>\n\n\n\n<ul class=\"wp-block-list\">\n<li class=\"has-small-font-size\">\u964d\u4f4e\u751f\u4ea7\u6d3b\u52a8\u5bf9\u73af\u5883\u7684\u5f71\u54cd\uff0c\u4f8b\u5982\u51cf\u5c11\u6e29\u5ba4\u6c14\u4f53\u6392\u653e\u3001\u4fdd\u62a4\u751f\u7269\u5708\u5e76\u5b9e\u73b0\u571f\u5730\u7684\u53ef\u6301\u7eed\u5229\u7528\uff1b<\/li>\n\n\n\n<li class=\"has-small-font-size\">\u5c0a\u91cd\u4eba\u6743\u53ca\u52b3\u52a8\u8005\u6743\u76ca\uff1b<\/li>\n\n\n\n<li class=\"has-small-font-size\">\u6309\u7167\u56fd\u9645\u6807\u51c6\u7ba1\u7406\u751f\u7269\u8d28\u548c\u751f\u7269\u71c3\u6599\u751f\u4ea7\uff1b<\/li>\n\n\n\n<li class=\"has-small-font-size\">\u7b26\u5408\u53ef\u6301\u7eed\u53d1\u5c55\u6807\u51c6\u53ca\u6b27\u76df 2009\/28\/EC \u53f7\u53ef\u518d\u751f\u80fd\u6e90\u6307\u4ee4\uff08RED\uff09\u7684\u8981\u6c42\uff1b<\/li>\n\n\n\n<li class=\"has-small-font-size\">\u63d0\u5347\u4f01\u4e1a\u5728\u751f\u7269\u71c3\u6599\u548c\u751f\u7269\u8d28\u5e02\u573a\u4e2d\u7684\u7ade\u4e89\u529b\uff1b<\/li>\n\n\n\n<li class=\"has-small-font-size\">\u589e\u5f3a\u5f53\u5730\u793e\u533a\u5bf9\u8d1f\u8d23\u4efb\u751f\u4ea7\u7684\u4fe1\u4efb\uff1b<\/li>\n\n\n\n<li class=\"has-small-font-size\">\u6539\u5584\u4f01\u4e1a\u5728\u56fd\u5185\u53ca\u56fd\u9645\u5e02\u573a\u4e0a\u7684\u5f62\u8c61\u3002<\/li>\n<\/ul>\n\n\n\n<hr class=\"wp-block-separator has-text-color has-custom-logo-color has-alpha-channel-opacity has-custom-logo-background-color has-background is-style-wide\" style=\"margin-top:var(--wp--preset--spacing--60);margin-bottom:var(--wp--preset--spacing--60)\"\/>\n\n\n\n<div class=\"wp-block-group is-vertical is-content-justification-stretch is-layout-flex wp-container-core-group-is-layout-353c4f5a wp-block-group-is-layout-flex\">\n<h2 class=\"wp-block-heading has-custom-logo-color has-text-color has-link-color has-medium-font-size wp-elements-7508ba807b5f054ec3b6f3807e9eaa03\">\u6709\u7591\u95ee\u5417\uff1f<\/h2>\n\n\n\n<p class=\"has-small-font-size\" style=\"padding-bottom:var(--wp--preset--spacing--40);line-height:1.7\">EVOCERT \u4e13\u5bb6\u56e2\u961f\u5c06\u975e\u5e38\u4e50\u610f\u4e3a\u60a8\u89e3\u7b54\u6240\u6709\u95ee\u9898\u3002<\/p>\n\n\n\n<div class=\"wp-block-buttons is-content-justification-center is-layout-flex wp-container-core-buttons-is-layout-c304233e wp-block-buttons-is-layout-flex\" style=\"margin-top:var(--wp--preset--spacing--20);margin-bottom:var(--wp--preset--spacing--30)\">\n<div class=\"wp-block-button has-custom-font-size has-body-text-font-size\"><a class=\"wp-block-button__link has-foreground-color has-custom-logo-background-color has-text-color has-background has-link-color wp-element-button\" href=\"http:\/\/evocert.pl\/zh\/?page_id=308\" style=\"padding-top:0.85rem;padding-right:2rem;padding-bottom:0.85rem;padding-left:2rem\"><strong>\u8054\u7cfb\u6211\u4eec<\/strong><\/a><\/div>\n<\/div>\n<\/div>","protected":false},"excerpt":{"rendered":"<p>System REDcert System REDcert zosta\u0142 stworzony na pocz\u0105tku 2010 roku w Niemczech przez wiod\u0105ce stowarzyszenia i organizacje sektora rolnego i paliwowego. Jeszcze w tym samym roku system certyfikacji REDcert zosta\u0142 uznany przez Federaln\u0105 Agencj\u0119 ds. Rolnictwa i \u017bywno\u015bci (Bundesanstalt f\u00fcr Landwirtschaft und Ern\u00e4hrung \u2013 BLE). Decyzj\u0105 z dnia 24 lipca 2012r. Certyfikacja REDcert REDcert-EU i [&hellip;]<\/p>\n","protected":false},"author":2,"featured_media":0,"parent":0,"menu_order":0,"comment_status":"closed","ping_status":"closed","template":"wp-custom-template-oferta-re-dcert-og-lne","meta":{"footnotes":""},"class_list":["post-3244","page","type-page","status-publish","hentry"],"yoast_head":"<!-- This site is optimized with the Yoast SEO plugin v27.5 - https:\/\/yoast.com\/product\/yoast-seo-wordpress\/ -->\n<title>REDcert EU - EVOCERT<\/title>\n<meta name=\"robots\" content=\"index, follow, max-snippet:-1, max-image-preview:large, max-video-preview:-1\" \/>\n<link rel=\"canonical\" href=\"https:\/\/evocert.pl\/zh\/redcert\/\" \/>\n<meta property=\"og:locale\" content=\"zh_CN\" \/>\n<meta property=\"og:type\" content=\"article\" \/>\n<meta property=\"og:title\" content=\"REDcert EU - EVOCERT\" \/>\n<meta property=\"og:description\" content=\"System REDcert System REDcert zosta\u0142 stworzony na pocz\u0105tku 2010 roku w Niemczech przez wiod\u0105ce stowarzyszenia i organizacje sektora rolnego i paliwowego. Jeszcze w tym samym roku system certyfikacji REDcert zosta\u0142 uznany przez Federaln\u0105 Agencj\u0119 ds. Rolnictwa i \u017bywno\u015bci (Bundesanstalt f\u00fcr Landwirtschaft und Ern\u00e4hrung \u2013 BLE). Decyzj\u0105 z dnia 24 lipca 2012r. Certyfikacja REDcert REDcert-EU i [&hellip;]\" \/>\n<meta property=\"og:url\" content=\"https:\/\/evocert.pl\/zh\/redcert\/\" \/>\n<meta property=\"og:site_name\" content=\"EVOCERT\" \/>\n<meta property=\"article:modified_time\" content=\"2025-12-17T08:56:16+00:00\" \/>\n<meta property=\"og:image\" content=\"https:\/\/evocert.pl\/wp-content\/uploads\/2025\/01\/EVOCERT_logo_KOLOR_PNG.png\" \/>\n\t<meta property=\"og:image:width\" content=\"378\" \/>\n\t<meta property=\"og:image:height\" content=\"378\" \/>\n\t<meta property=\"og:image:type\" content=\"image\/png\" \/>\n<meta name=\"twitter:card\" content=\"summary_large_image\" \/>\n<meta name=\"twitter:label1\" content=\"\u9884\u8ba1\u9605\u8bfb\u65f6\u95f4\" \/>\n\t<meta name=\"twitter:data1\" content=\"4 \u5206\" \/>\n<script type=\"application\/ld+json\" class=\"yoast-schema-graph\">{\"@context\":\"https:\\\/\\\/schema.org\",\"@graph\":[{\"@type\":\"WebPage\",\"@id\":\"https:\\\/\\\/evocert.pl\\\/redcert\\\/\",\"url\":\"https:\\\/\\\/evocert.pl\\\/redcert\\\/\",\"name\":\"REDcert EU - EVOCERT\",\"isPartOf\":{\"@id\":\"https:\\\/\\\/evocert.pl\\\/en\\\/#website\"},\"datePublished\":\"2025-01-17T10:57:26+00:00\",\"dateModified\":\"2025-12-17T08:56:16+00:00\",\"breadcrumb\":{\"@id\":\"https:\\\/\\\/evocert.pl\\\/redcert\\\/#breadcrumb\"},\"inLanguage\":\"zh-Hans\",\"potentialAction\":[{\"@type\":\"ReadAction\",\"target\":[\"https:\\\/\\\/evocert.pl\\\/redcert\\\/\"]}]},{\"@type\":\"BreadcrumbList\",\"@id\":\"https:\\\/\\\/evocert.pl\\\/redcert\\\/#breadcrumb\",\"itemListElement\":[{\"@type\":\"ListItem\",\"position\":1,\"name\":\"Strona g\u0142\u00f3wna\",\"item\":\"https:\\\/\\\/evocert.pl\\\/en\\\/\"},{\"@type\":\"ListItem\",\"position\":2,\"name\":\"REDcert EU\"}]},{\"@type\":\"WebSite\",\"@id\":\"https:\\\/\\\/evocert.pl\\\/en\\\/#website\",\"url\":\"https:\\\/\\\/evocert.pl\\\/en\\\/\",\"name\":\"EVOCERT\",\"description\":\"Evolution in certification\",\"publisher\":{\"@id\":\"https:\\\/\\\/evocert.pl\\\/en\\\/#organization\"},\"potentialAction\":[{\"@type\":\"SearchAction\",\"target\":{\"@type\":\"EntryPoint\",\"urlTemplate\":\"https:\\\/\\\/evocert.pl\\\/en\\\/?s={search_term_string}\"},\"query-input\":{\"@type\":\"PropertyValueSpecification\",\"valueRequired\":true,\"valueName\":\"search_term_string\"}}],\"inLanguage\":\"zh-Hans\"},{\"@type\":\"Organization\",\"@id\":\"https:\\\/\\\/evocert.pl\\\/en\\\/#organization\",\"name\":\"EVOCERT\",\"url\":\"https:\\\/\\\/evocert.pl\\\/en\\\/\",\"logo\":{\"@type\":\"ImageObject\",\"inLanguage\":\"zh-Hans\",\"@id\":\"https:\\\/\\\/evocert.pl\\\/en\\\/#\\\/schema\\\/logo\\\/image\\\/\",\"url\":\"https:\\\/\\\/evocert.pl\\\/wp-content\\\/uploads\\\/2025\\\/01\\\/EVOCERT_logo_KOLOR_PNG.png\",\"contentUrl\":\"https:\\\/\\\/evocert.pl\\\/wp-content\\\/uploads\\\/2025\\\/01\\\/EVOCERT_logo_KOLOR_PNG.png\",\"width\":378,\"height\":378,\"caption\":\"EVOCERT\"},\"image\":{\"@id\":\"https:\\\/\\\/evocert.pl\\\/en\\\/#\\\/schema\\\/logo\\\/image\\\/\"},\"sameAs\":[\"https:\\\/\\\/www.linkedin.com\\\/company\\\/evocert-sp-z-o-o\"]}]}<\/script>\n<!-- \/ Yoast SEO plugin. -->","yoast_head_json":{"title":"REDcert EU - EVOCERT","robots":{"index":"index","follow":"follow","max-snippet":"max-snippet:-1","max-image-preview":"max-image-preview:large","max-video-preview":"max-video-preview:-1"},"canonical":"https:\/\/evocert.pl\/zh\/redcert\/","og_locale":"zh_CN","og_type":"article","og_title":"REDcert EU - EVOCERT","og_description":"System REDcert System REDcert zosta\u0142 stworzony na pocz\u0105tku 2010 roku w Niemczech przez wiod\u0105ce stowarzyszenia i organizacje sektora rolnego i paliwowego. Jeszcze w tym samym roku system certyfikacji REDcert zosta\u0142 uznany przez Federaln\u0105 Agencj\u0119 ds. Rolnictwa i \u017bywno\u015bci (Bundesanstalt f\u00fcr Landwirtschaft und Ern\u00e4hrung \u2013 BLE). Decyzj\u0105 z dnia 24 lipca 2012r. Certyfikacja REDcert REDcert-EU i [&hellip;]","og_url":"https:\/\/evocert.pl\/zh\/redcert\/","og_site_name":"EVOCERT","article_modified_time":"2025-12-17T08:56:16+00:00","og_image":[{"width":378,"height":378,"url":"https:\/\/evocert.pl\/wp-content\/uploads\/2025\/01\/EVOCERT_logo_KOLOR_PNG.png","type":"image\/png"}],"twitter_card":"summary_large_image","twitter_misc":{"\u9884\u8ba1\u9605\u8bfb\u65f6\u95f4":"4 \u5206"},"schema":{"@context":"https:\/\/schema.org","@graph":[{"@type":"WebPage","@id":"https:\/\/evocert.pl\/redcert\/","url":"https:\/\/evocert.pl\/redcert\/","name":"REDcert EU - EVOCERT","isPartOf":{"@id":"https:\/\/evocert.pl\/en\/#website"},"datePublished":"2025-01-17T10:57:26+00:00","dateModified":"2025-12-17T08:56:16+00:00","breadcrumb":{"@id":"https:\/\/evocert.pl\/redcert\/#breadcrumb"},"inLanguage":"zh-Hans","potentialAction":[{"@type":"ReadAction","target":["https:\/\/evocert.pl\/redcert\/"]}]},{"@type":"BreadcrumbList","@id":"https:\/\/evocert.pl\/redcert\/#breadcrumb","itemListElement":[{"@type":"ListItem","position":1,"name":"Strona g\u0142\u00f3wna","item":"https:\/\/evocert.pl\/en\/"},{"@type":"ListItem","position":2,"name":"REDcert EU"}]},{"@type":"WebSite","@id":"https:\/\/evocert.pl\/en\/#website","url":"https:\/\/evocert.pl\/en\/","name":"EVOCERT","description":"Evolution in certification","publisher":{"@id":"https:\/\/evocert.pl\/en\/#organization"},"potentialAction":[{"@type":"SearchAction","target":{"@type":"EntryPoint","urlTemplate":"https:\/\/evocert.pl\/en\/?s={search_term_string}"},"query-input":{"@type":"PropertyValueSpecification","valueRequired":true,"valueName":"search_term_string"}}],"inLanguage":"zh-Hans"},{"@type":"Organization","@id":"https:\/\/evocert.pl\/en\/#organization","name":"EVOCERT","url":"https:\/\/evocert.pl\/en\/","logo":{"@type":"ImageObject","inLanguage":"zh-Hans","@id":"https:\/\/evocert.pl\/en\/#\/schema\/logo\/image\/","url":"https:\/\/evocert.pl\/wp-content\/uploads\/2025\/01\/EVOCERT_logo_KOLOR_PNG.png","contentUrl":"https:\/\/evocert.pl\/wp-content\/uploads\/2025\/01\/EVOCERT_logo_KOLOR_PNG.png","width":378,"height":378,"caption":"EVOCERT"},"image":{"@id":"https:\/\/evocert.pl\/en\/#\/schema\/logo\/image\/"},"sameAs":["https:\/\/www.linkedin.com\/company\/evocert-sp-z-o-o"]}]}},"_links":{"self":[{"href":"https:\/\/evocert.pl\/zh\/wp-json\/wp\/v2\/pages\/3244","targetHints":{"allow":["GET"]}}],"collection":[{"href":"https:\/\/evocert.pl\/zh\/wp-json\/wp\/v2\/pages"}],"about":[{"href":"https:\/\/evocert.pl\/zh\/wp-json\/wp\/v2\/types\/page"}],"author":[{"embeddable":true,"href":"https:\/\/evocert.pl\/zh\/wp-json\/wp\/v2\/users\/2"}],"replies":[{"embeddable":true,"href":"https:\/\/evocert.pl\/zh\/wp-json\/wp\/v2\/comments?post=3244"}],"version-history":[{"count":8,"href":"https:\/\/evocert.pl\/zh\/wp-json\/wp\/v2\/pages\/3244\/revisions"}],"predecessor-version":[{"id":5263,"href":"https:\/\/evocert.pl\/zh\/wp-json\/wp\/v2\/pages\/3244\/revisions\/5263"}],"wp:attachment":[{"href":"https:\/\/evocert.pl\/zh\/wp-json\/wp\/v2\/media?parent=3244"}],"curies":[{"name":"wp","href":"https:\/\/api.w.org\/{rel}","templated":true}]}}