{"id":287,"date":"2024-12-13T21:01:48","date_gmt":"2024-12-13T20:01:48","guid":{"rendered":"http:\/\/evocert.pl\/?page_id=287"},"modified":"2025-11-24T10:10:02","modified_gmt":"2025-11-24T09:10:02","slug":"integrowana-produkcja-roslin","status":"publish","type":"page","link":"https:\/\/evocert.pl\/zh\/integrowana-produkcja-roslin\/","title":{"rendered":"\u7efc\u5408\u690d\u7269\u751f\u4ea7"},"content":{"rendered":"<div class=\"wp-block-group has-heading-color has-text-color has-link-color has-small-font-size wp-elements-ebc7109738b9b8378e6bf657c61915e4 is-vertical is-content-justification-stretch is-layout-flex wp-container-core-group-is-layout-a5b1d185 wp-block-group-is-layout-flex\" style=\"padding-right:var(--wp--preset--spacing--60);padding-bottom:var(--wp--preset--spacing--60);padding-left:var(--wp--preset--spacing--30);line-height:1.6\">\n<h2 class=\"wp-block-heading has-custom-logo-color has-text-color has-link-color has-medium-font-size wp-elements-3e9e96ca86686a311d406ea735c35c9d\">EVOCERT \u8ba4\u8bc1<\/h2>\n\n\n\n<p>\u7efc\u5408\u690d\u7269\u751f\u4ea7 \u662f\u4e00\u79cd\u5c06\u73b0\u4ee3\u519c\u4e1a\u6280\u672f\u65b9\u6848\u4e0e\u73af\u5883\u4fdd\u62a4\u539f\u5219\u76f8\u7ed3\u5408\u7684\u79cd\u690d\u4f53\u7cfb\u3002\u8be5\u4f53\u7cfb\u7684\u76ee\u6807\u662f\u751f\u4ea7\u5b89\u5168\u3001\u4f18\u8d28\u4e14\u5bf9\u81ea\u7136\u53cb\u597d\u7684\u98df\u54c1\u3002<\/p>\n\n\n\n<p>\u91c7\u7528\u7efc\u5408\u690d\u7269\u751f\u4ea7\u7684\u751f\u4ea7\u8005\u8fd0\u7528\u521b\u65b0\u65b9\u6cd5\uff0c\u51cf\u5c11\u5316\u5b66\u690d\u7269\u4fdd\u62a4\u5242\u7684\u4f7f\u7528\u538b\u529b\uff0c\u540c\u65f6\u517c\u987e\u6d88\u8d39\u8005\u5065\u5eb7\u4e0e\u519c\u4e1a\u7ecf\u8425\u7684\u53ef\u6301\u7eed\u53d1\u5c55\u3002<\/p>\n\n\n\n<hr class=\"wp-block-separator has-text-color has-custom-logo-color has-alpha-channel-opacity has-custom-logo-background-color has-background is-style-wide\" style=\"margin-top:var(--wp--preset--spacing--40);margin-bottom:var(--wp--preset--spacing--40)\"\/>\n\n\n\n<p class=\"translation-block\">EVOCERT \u62e5\u6709\u6ce2\u5170\u8ba4\u8bc1\u4e2d\u5fc3\uff08PCA\uff09\u5728\u7efc\u5408\u690d\u7269\u751f\u4ea7\u9886\u57df\u7684\u8ba4\u53ef\u8d44\u8d28\u3002\u8ba4\u53ef\u8303\u56f4\u53ef\u5728\u6b64\u5904\u67e5\u770b\uff1a\n<a href=\"https:\/\/www.pca.gov.pl\/akredytowane-podmioty\/akredytacje-aktywne\/jednostki-certyfikujace-wyroby\/AC254,podmiot.html\" target=\"_self\">\u8fd9\u91cc<\/a>.<\/p>\n\n\n\n<hr class=\"wp-block-separator has-text-color has-custom-logo-color has-alpha-channel-opacity has-custom-logo-background-color has-background is-style-wide\" style=\"margin-top:var(--wp--preset--spacing--40);margin-bottom:var(--wp--preset--spacing--40)\"\/>\n\n\n\n<p class=\"translation-block\">\u8ba4\u8bc1\u673a\u6784 <strong>EVOCERT<\/strong> \u5df2\u83b7\u5f97\u6ce2\u5179\u5357 WIORIN\uff08\u7701\u7ea7\u690d\u7269\u68c0\u9a8c\u4e0e\u4fdd\u62a4\u5c40\uff09\u9881\u53d1\u7684\u5b98\u65b9\u6388\u6743\uff0c\u53ef\u5f00\u5c55\u7efc\u5408\u690d\u7269\u751f\u4ea7 \u8ba4\u8bc1\u5de5\u4f5c\uff0c\u8fd9\u8868\u660e\u5176\u7b26\u5408\u5bf9\u8ba4\u8bc1\u673a\u6784\u6240\u8981\u6c42\u7684\u9ad8\u6807\u51c6\u3002<\/p>\n\n\n\n<p>\u8be5\u6388\u6743\u5305\u62ec\uff1a<\/p>\n\n\n\n<ul class=\"wp-block-list\">\n<li>\u6709\u6743\u5bf9\u91c7\u7528\u7efc\u5408\u690d\u7269\u751f\u4ea7\u4f53\u7cfb\u7684\u519c\u573a\u5f00\u5c55\u68c0\u67e5\uff1b<\/li>\n\n\n\n<li>\u9881\u53d1\u7b26\u5408\u8be5\u4f53\u7cfb\u8981\u6c42\u7684\u8ba4\u8bc1\u8bc1\u4e66;<\/li>\n\n\n\n<li>\u5bf9\u751f\u4ea7\u8005\u9075\u5faa\u7efc\u5408\u690d\u7269\u751f\u4ea7\u65b9\u6cd5\u7684\u5408\u89c4\u6027\u5b9e\u65bd\u76d1\u7763\u3002<\/li>\n<\/ul>\n\n\n\n<hr class=\"wp-block-separator has-text-color has-custom-logo-color has-alpha-channel-opacity has-custom-logo-background-color has-background is-style-wide\" style=\"margin-top:var(--wp--preset--spacing--40);margin-bottom:var(--wp--preset--spacing--40)\"\/>\n\n\n\n<p>EVOCERT \u786e\u4fdd\u8ba4\u8bc1\u6d41\u7a0b\u7684\u53ef\u9760\u6027\u3001\u7a0b\u5e8f\u7684\u900f\u660e\u6027\u4ee5\u53ca\u670d\u52a1\u7684\u53ca\u65f6\u6027\u3002\u6211\u4eec\u7684\u56e2\u961f\u7531\u5728\u519c\u4e1a\u3001\u690d\u7269\u4fdd\u62a4\u548c\u98df\u54c1\u8d28\u91cf\u8ba4\u8bc1\u9886\u57df\u5177\u6709\u4e30\u5bcc\u7ecf\u9a8c\u7684\u4e13\u5bb6\u7ec4\u6210\u3002<\/p>\n\n\n\n<p class=\"translation-block\"><a href=\"https:\/\/evocert.pl\/zh\/kontakt\/\" target=\"_self\">\u8054\u7cfb\u6211\u4eec<\/a>\uff0c\u4ee5\u542f\u52a8\u8ba4\u8bc1\u6d41\u7a0b\uff0c\u6216\u8fdb\u4e00\u6b65\u4e86\u89e3\u7efc\u5408\u690d\u7269\u751f\u4ea7\u3002<\/p>\n<\/div>","protected":false},"excerpt":{"rendered":"<p>Certyfikacja EVOCERT Integrowana Produkcja Ro\u015blin (IPR) to system uprawy, kt\u00f3ry \u0142\u0105czy nowoczesne rozwi\u0105zania agrotechniczne z zasadami ochrony \u015brodowiska. Celem programu jest produkcja \u017cywno\u015bci bezpiecznej, wysokiej jako\u015bci oraz przyjaznej naturze. Producenci stosuj\u0105cy IPR korzystaj\u0105 z innowacyjnych metod ograniczaj\u0105cych presj\u0119 chemicznych \u015brodk\u00f3w ochrony ro\u015blin, dbaj\u0105c jednocze\u015bnie o zdrowie konsument\u00f3w i zr\u00f3wnowa\u017cony rozw\u00f3j gospodarstw rolnych. EVOCERT posiada akredytacj\u0119 [&hellip;]<\/p>","protected":false},"author":2,"featured_media":0,"parent":0,"menu_order":0,"comment_status":"closed","ping_status":"closed","template":"wp-custom-template-oferta-ipr-og-lne-2","meta":{"footnotes":""},"class_list":["post-287","page","type-page","status-publish","hentry"],"yoast_head":"<!-- This site is optimized with the Yoast SEO plugin v26.3 - https:\/\/yoast.com\/wordpress\/plugins\/seo\/ -->\n<title>Integrowana produkcja ro\u015blin - EVOCERT<\/title>\n<meta name=\"robots\" content=\"index, follow, max-snippet:-1, max-image-preview:large, max-video-preview:-1\" \/>\n<link rel=\"canonical\" href=\"https:\/\/evocert.pl\/zh\/integrowana-produkcja-roslin\/\" \/>\n<meta property=\"og:locale\" content=\"zh_CN\" \/>\n<meta property=\"og:type\" content=\"article\" \/>\n<meta property=\"og:title\" content=\"Integrowana produkcja ro\u015blin - EVOCERT\" \/>\n<meta property=\"og:description\" content=\"Certyfikacja EVOCERT Integrowana Produkcja Ro\u015blin (IPR) to system uprawy, kt\u00f3ry \u0142\u0105czy nowoczesne rozwi\u0105zania agrotechniczne z zasadami ochrony \u015brodowiska. Celem programu jest produkcja \u017cywno\u015bci bezpiecznej, wysokiej jako\u015bci oraz przyjaznej naturze. Producenci stosuj\u0105cy IPR korzystaj\u0105 z innowacyjnych metod ograniczaj\u0105cych presj\u0119 chemicznych \u015brodk\u00f3w ochrony ro\u015blin, dbaj\u0105c jednocze\u015bnie o zdrowie konsument\u00f3w i zr\u00f3wnowa\u017cony rozw\u00f3j gospodarstw rolnych. EVOCERT posiada akredytacj\u0119 [&hellip;]\" \/>\n<meta property=\"og:url\" content=\"https:\/\/evocert.pl\/zh\/integrowana-produkcja-roslin\/\" \/>\n<meta property=\"og:site_name\" content=\"EVOCERT\" \/>\n<meta property=\"article:modified_time\" content=\"2025-11-24T09:10:02+00:00\" \/>\n<meta property=\"og:image\" content=\"https:\/\/evocert.pl\/wp-content\/uploads\/2025\/01\/EVOCERT_logo_KOLOR_PNG.png\" \/>\n\t<meta property=\"og:image:width\" content=\"378\" \/>\n\t<meta property=\"og:image:height\" content=\"378\" \/>\n\t<meta property=\"og:image:type\" content=\"image\/png\" \/>\n<meta name=\"twitter:card\" content=\"summary_large_image\" \/>\n<meta name=\"twitter:label1\" content=\"\u9884\u8ba1\u9605\u8bfb\u65f6\u95f4\" \/>\n\t<meta name=\"twitter:data1\" content=\"1 \u5206\" \/>\n<script type=\"application\/ld+json\" class=\"yoast-schema-graph\">{\"@context\":\"https:\/\/schema.org\",\"@graph\":[{\"@type\":\"WebPage\",\"@id\":\"https:\/\/evocert.pl\/integrowana-produkcja-roslin\/\",\"url\":\"https:\/\/evocert.pl\/integrowana-produkcja-roslin\/\",\"name\":\"Integrowana produkcja ro\u015blin - EVOCERT\",\"isPartOf\":{\"@id\":\"https:\/\/evocert.pl\/en\/#website\"},\"datePublished\":\"2024-12-13T20:01:48+00:00\",\"dateModified\":\"2025-11-24T09:10:02+00:00\",\"breadcrumb\":{\"@id\":\"https:\/\/evocert.pl\/integrowana-produkcja-roslin\/#breadcrumb\"},\"inLanguage\":\"zh-Hans\",\"potentialAction\":[{\"@type\":\"ReadAction\",\"target\":[\"https:\/\/evocert.pl\/integrowana-produkcja-roslin\/\"]}]},{\"@type\":\"BreadcrumbList\",\"@id\":\"https:\/\/evocert.pl\/integrowana-produkcja-roslin\/#breadcrumb\",\"itemListElement\":[{\"@type\":\"ListItem\",\"position\":1,\"name\":\"Strona g\u0142\u00f3wna\",\"item\":\"https:\/\/evocert.pl\/en\/\"},{\"@type\":\"ListItem\",\"position\":2,\"name\":\"Integrowana produkcja ro\u015blin\"}]},{\"@type\":\"WebSite\",\"@id\":\"https:\/\/evocert.pl\/en\/#website\",\"url\":\"https:\/\/evocert.pl\/en\/\",\"name\":\"EVOCERT\",\"description\":\"Evolution in certification\",\"publisher\":{\"@id\":\"https:\/\/evocert.pl\/en\/#organization\"},\"potentialAction\":[{\"@type\":\"SearchAction\",\"target\":{\"@type\":\"EntryPoint\",\"urlTemplate\":\"https:\/\/evocert.pl\/en\/?s={search_term_string}\"},\"query-input\":{\"@type\":\"PropertyValueSpecification\",\"valueRequired\":true,\"valueName\":\"search_term_string\"}}],\"inLanguage\":\"zh-Hans\"},{\"@type\":\"Organization\",\"@id\":\"https:\/\/evocert.pl\/en\/#organization\",\"name\":\"EVOCERT\",\"url\":\"https:\/\/evocert.pl\/en\/\",\"logo\":{\"@type\":\"ImageObject\",\"inLanguage\":\"zh-Hans\",\"@id\":\"https:\/\/evocert.pl\/en\/#\/schema\/logo\/image\/\",\"url\":\"https:\/\/evocert.pl\/wp-content\/uploads\/2025\/01\/EVOCERT_logo_KOLOR_PNG.png\",\"contentUrl\":\"https:\/\/evocert.pl\/wp-content\/uploads\/2025\/01\/EVOCERT_logo_KOLOR_PNG.png\",\"width\":378,\"height\":378,\"caption\":\"EVOCERT\"},\"image\":{\"@id\":\"https:\/\/evocert.pl\/en\/#\/schema\/logo\/image\/\"},\"sameAs\":[\"https:\/\/www.linkedin.com\/company\/evocert-sp-z-o-o\"]}]}<\/script>\n<!-- \/ Yoast SEO plugin. -->","yoast_head_json":{"title":"Integrowana produkcja ro\u015blin - EVOCERT","robots":{"index":"index","follow":"follow","max-snippet":"max-snippet:-1","max-image-preview":"max-image-preview:large","max-video-preview":"max-video-preview:-1"},"canonical":"https:\/\/evocert.pl\/zh\/integrowana-produkcja-roslin\/","og_locale":"zh_CN","og_type":"article","og_title":"Integrowana produkcja ro\u015blin - EVOCERT","og_description":"Certyfikacja EVOCERT Integrowana Produkcja Ro\u015blin (IPR) to system uprawy, kt\u00f3ry \u0142\u0105czy nowoczesne rozwi\u0105zania agrotechniczne z zasadami ochrony \u015brodowiska. Celem programu jest produkcja \u017cywno\u015bci bezpiecznej, wysokiej jako\u015bci oraz przyjaznej naturze. Producenci stosuj\u0105cy IPR korzystaj\u0105 z innowacyjnych metod ograniczaj\u0105cych presj\u0119 chemicznych \u015brodk\u00f3w ochrony ro\u015blin, dbaj\u0105c jednocze\u015bnie o zdrowie konsument\u00f3w i zr\u00f3wnowa\u017cony rozw\u00f3j gospodarstw rolnych. EVOCERT posiada akredytacj\u0119 [&hellip;]","og_url":"https:\/\/evocert.pl\/zh\/integrowana-produkcja-roslin\/","og_site_name":"EVOCERT","article_modified_time":"2025-11-24T09:10:02+00:00","og_image":[{"width":378,"height":378,"url":"https:\/\/evocert.pl\/wp-content\/uploads\/2025\/01\/EVOCERT_logo_KOLOR_PNG.png","type":"image\/png"}],"twitter_card":"summary_large_image","twitter_misc":{"\u9884\u8ba1\u9605\u8bfb\u65f6\u95f4":"1 \u5206"},"schema":{"@context":"https:\/\/schema.org","@graph":[{"@type":"WebPage","@id":"https:\/\/evocert.pl\/integrowana-produkcja-roslin\/","url":"https:\/\/evocert.pl\/integrowana-produkcja-roslin\/","name":"Integrowana produkcja ro\u015blin - EVOCERT","isPartOf":{"@id":"https:\/\/evocert.pl\/en\/#website"},"datePublished":"2024-12-13T20:01:48+00:00","dateModified":"2025-11-24T09:10:02+00:00","breadcrumb":{"@id":"https:\/\/evocert.pl\/integrowana-produkcja-roslin\/#breadcrumb"},"inLanguage":"zh-Hans","potentialAction":[{"@type":"ReadAction","target":["https:\/\/evocert.pl\/integrowana-produkcja-roslin\/"]}]},{"@type":"BreadcrumbList","@id":"https:\/\/evocert.pl\/integrowana-produkcja-roslin\/#breadcrumb","itemListElement":[{"@type":"ListItem","position":1,"name":"Strona g\u0142\u00f3wna","item":"https:\/\/evocert.pl\/en\/"},{"@type":"ListItem","position":2,"name":"Integrowana produkcja ro\u015blin"}]},{"@type":"WebSite","@id":"https:\/\/evocert.pl\/en\/#website","url":"https:\/\/evocert.pl\/en\/","name":"EVOCERT","description":"Evolution in certification","publisher":{"@id":"https:\/\/evocert.pl\/en\/#organization"},"potentialAction":[{"@type":"SearchAction","target":{"@type":"EntryPoint","urlTemplate":"https:\/\/evocert.pl\/en\/?s={search_term_string}"},"query-input":{"@type":"PropertyValueSpecification","valueRequired":true,"valueName":"search_term_string"}}],"inLanguage":"zh-Hans"},{"@type":"Organization","@id":"https:\/\/evocert.pl\/en\/#organization","name":"EVOCERT","url":"https:\/\/evocert.pl\/en\/","logo":{"@type":"ImageObject","inLanguage":"zh-Hans","@id":"https:\/\/evocert.pl\/en\/#\/schema\/logo\/image\/","url":"https:\/\/evocert.pl\/wp-content\/uploads\/2025\/01\/EVOCERT_logo_KOLOR_PNG.png","contentUrl":"https:\/\/evocert.pl\/wp-content\/uploads\/2025\/01\/EVOCERT_logo_KOLOR_PNG.png","width":378,"height":378,"caption":"EVOCERT"},"image":{"@id":"https:\/\/evocert.pl\/en\/#\/schema\/logo\/image\/"},"sameAs":["https:\/\/www.linkedin.com\/company\/evocert-sp-z-o-o"]}]}},"_links":{"self":[{"href":"https:\/\/evocert.pl\/zh\/wp-json\/wp\/v2\/pages\/287","targetHints":{"allow":["GET"]}}],"collection":[{"href":"https:\/\/evocert.pl\/zh\/wp-json\/wp\/v2\/pages"}],"about":[{"href":"https:\/\/evocert.pl\/zh\/wp-json\/wp\/v2\/types\/page"}],"author":[{"embeddable":true,"href":"https:\/\/evocert.pl\/zh\/wp-json\/wp\/v2\/users\/2"}],"replies":[{"embeddable":true,"href":"https:\/\/evocert.pl\/zh\/wp-json\/wp\/v2\/comments?post=287"}],"version-history":[{"count":4,"href":"https:\/\/evocert.pl\/zh\/wp-json\/wp\/v2\/pages\/287\/revisions"}],"predecessor-version":[{"id":5140,"href":"https:\/\/evocert.pl\/zh\/wp-json\/wp\/v2\/pages\/287\/revisions\/5140"}],"wp:attachment":[{"href":"https:\/\/evocert.pl\/zh\/wp-json\/wp\/v2\/media?parent=287"}],"curies":[{"name":"wp","href":"https:\/\/api.w.org\/{rel}","templated":true}]}}