{"id":2041,"date":"2025-01-03T09:14:06","date_gmt":"2025-01-03T08:14:06","guid":{"rendered":"https:\/\/evocert.pl\/?page_id=2041"},"modified":"2025-11-04T18:05:35","modified_gmt":"2025-11-04T17:05:35","slug":"brcgs-food-safety-srodki-i-sankcje","status":"publish","type":"page","link":"https:\/\/evocert.pl\/zh\/brcgs-food-safety-srodki-i-sankcje\/","title":{"rendered":"BRCGS Food Safety \u2013 \u5371\u673a\u60c5\u51b5 \/ \u4e8b\u6545\u4e8b\u4ef6"},"content":{"rendered":"<div class=\"wp-block-group has-heading-color has-text-color has-link-color has-small-font-size wp-elements-412116e442b6b9c63276a810e195b6bf is-vertical is-content-justification-stretch is-layout-flex wp-container-core-group-is-layout-d8e33f2a wp-block-group-is-layout-flex\" style=\"padding-right:var(--wp--preset--spacing--60);padding-bottom:var(--wp--preset--spacing--70);padding-left:var(--wp--preset--spacing--30);line-height:1.6\">\n<h2 class=\"wp-block-heading has-custom-logo-color has-text-color has-link-color has-medium-font-size wp-elements-218daf327d4c370e10493de81747ca0b\">\u5ba2\u6237\u4e49\u52a1<\/h2>\n\n\n\n<p>\u4f01\u4e1a\u6709\u4e49\u52a1\u5c31\u4ee5\u4e0b\u60c5\u51b5\u901a\u77e5 EVOCERT\uff1a<\/p>\n\n\n\n<ul class=\"wp-block-list\">\n<li>\u6d89\u53ca\u4ea7\u54c1\u5b89\u5168\u6216\u5408\u6cd5\u6027\u7684\u6cd5\u5f8b\u7a0b\u5e8f\uff0c\u6216\u5bf9\u4f01\u4e1a\u8fd0\u8425\u4ea7\u751f\u91cd\u5927\u5f71\u54cd\u7684\u4e8b\u4ef6\uff1b<\/li>\n\n\n\n<li>\u4efb\u4f55\u7531\u76d1\u7ba1\u673a\u6784\u8d23\u4ee4\u91c7\u53d6\u884c\u52a8\u7684\u60c5\u51b5\uff08\u4f8b\u5982\u56e0\u4ea7\u54c1\u5b89\u5168\u6216\u5408\u6cd5\u6027\u95ee\u9898\u53d1\u5e03\u5f3a\u5236\u6267\u884c\u547d\u4ee4)\uff1b<\/li>\n\n\n\n<li>\u81ea\u4e0a\u6b21 BRCGS \u5ba1\u6838\u4ee5\u6765\u53d1\u751f\u7684\u4efb\u4f55\u4ea7\u54c1\u53ec\u56de\uff1b<\/li>\n\n\n\n<li>\u7531\u76d1\u7ba1\u673a\u6784\u786e\u8ba4\u7684\u3001\u6d89\u53ca\u4ea7\u54c1\u5b89\u5168\u7684\u91cd\u5927\u516c\u5171\u4e8b\u4ef6\u6216\u4e25\u91cd\u4e0d\u7b26\u5408\u9879\uff1b<\/li>\n\n\n\n<li>\u4e0e\u4ea7\u54c1\u5b89\u5168\u76f8\u5173\u7684\u8d1f\u9762\u5a92\u4f53\u5173\u6ce8\uff1b<\/li>\n\n\n\n<li>\u4efb\u4f55\u53ef\u80fd\u5371\u53ca\u6d88\u8d39\u8005\u7684\u4ea7\u54c1\u5b89\u5168\u4e8b\u6545\uff1b<\/li>\n\n\n\n<li>\u4f01\u4e1a\u53d1\u751f\u91cd\u5927\u635f\u574f\uff08\u4f8b\u5982\u6d2a\u6c34\u3001\u706b\u707e\u7b49\u81ea\u7136\u707e\u5bb3)\uff1b<\/li>\n\n\n\n<li>\u4f01\u4e1a\u6240\u6709\u6743\u53d8\u66f4\uff1b<\/li>\n\n\n\n<li>\u7ecf\u8425\u8303\u56f4\u6216\u8ba4\u8bc1\u8303\u56f4\u7684\u4efb\u4f55\u91cd\u5927\u53d8\u66f4\u3002<\/li>\n<\/ul>\n\n\n\n<h3 class=\"wp-block-heading has-custom-logo-color has-text-color has-link-color has-medium-font-size wp-elements-0499a3c58d8b1495e5e6a3654817c122\">\u4ea7\u54c1\u5b89\u5168\u76f8\u5173\u4e8b\u4ef6<\/h3>\n\n\n\n<p>\u5ba2\u6237\u6709\u4e49\u52a1\u5728\u4e8b\u4ef6\u53d1\u751f\u4e4b\u65e5\u6216\u4ea7\u54c1\u4ece\u5e02\u573a\u64a4\u56de\u4e4b\u65e5\u8d77 3 \u4e2a\u5de5\u4f5c\u65e5\u5185 \u901a\u77e5 EVOCERT\u3002<\/p>\n\n\n\n<p>\u5ba2\u6237\u6709\u4e49\u52a1\u5728\u4e8b\u4ef6\u53d1\u751f\u4e4b\u65e5\u8d77 21 \u4e2a\u65e5\u5386\u65e5\u5185 \u8fdb\u884c\u8c03\u67e5\uff0c\u5e76\u5c06\u8c03\u67e5\u7684\u8be6\u7ec6\u4fe1\u606f\u63d0\u4ea4\u7ed9 EVOCERT\u3002\u5185\u5bb9\u5e94\u5305\u62ec\uff1a<\/p>\n\n\n\n<ul class=\"wp-block-list\">\n<li>\u7ea0\u6b63\u63aa\u65bd\uff0c<\/li>\n\n\n\n<li>\u6839\u672c\u539f\u56e0\u5206\u6790\uff0c<\/li>\n\n\n\n<li>\u9884\u9632\u63aa\u65bd\u8ba1\u5212\u3002<\/li>\n<\/ul>\n<\/div>","protected":false},"excerpt":{"rendered":"<p>Obowi\u0105zki Klienta Zak\u0142ad ma obowi\u0105zek poinformowa\u0107 EVOCERT o: Incydenty dotycz\u0105ce bezpiecze\u0144stwa produktu Klienci maj\u0105 obowi\u0105zek powiadamiania EVOCERT o ka\u017cdym incydencie dotycz\u0105cym bezpiecze\u0144stwa produktu w ci\u0105gu 3 dni roboczych od daty zdarzenia lub wycofania produktu z rynku. Klient ma obowi\u0105zek przeprowadzi\u0107 dochodzenie i przekaza\u0107 szczeg\u00f3\u0142y na jego temat do EVOCERT w ci\u0105gu 21 dni kalendarzowych od [&hellip;]<\/p>","protected":false},"author":2,"featured_media":0,"parent":0,"menu_order":0,"comment_status":"closed","ping_status":"closed","template":"wp-custom-template-oferta-brc-food-safety-rodki-sankcje","meta":{"footnotes":""},"class_list":["post-2041","page","type-page","status-publish","hentry"],"yoast_head":"<!-- This site is optimized with the Yoast SEO plugin v26.3 - https:\/\/yoast.com\/wordpress\/plugins\/seo\/ -->\n<title>BRCGS Food Safety - sytuacje kryzysowe \/ incydenty - EVOCERT<\/title>\n<meta name=\"robots\" content=\"index, follow, max-snippet:-1, max-image-preview:large, max-video-preview:-1\" \/>\n<link rel=\"canonical\" href=\"https:\/\/evocert.pl\/zh\/brcgs-food-safety-srodki-i-sankcje\/\" \/>\n<meta property=\"og:locale\" content=\"zh_CN\" \/>\n<meta property=\"og:type\" content=\"article\" \/>\n<meta property=\"og:title\" content=\"BRCGS Food Safety - sytuacje kryzysowe \/ incydenty - EVOCERT\" \/>\n<meta property=\"og:description\" content=\"Obowi\u0105zki Klienta Zak\u0142ad ma obowi\u0105zek poinformowa\u0107 EVOCERT o: Incydenty dotycz\u0105ce bezpiecze\u0144stwa produktu Klienci maj\u0105 obowi\u0105zek powiadamiania EVOCERT o ka\u017cdym incydencie dotycz\u0105cym bezpiecze\u0144stwa produktu w ci\u0105gu 3 dni roboczych od daty zdarzenia lub wycofania produktu z rynku. Klient ma obowi\u0105zek przeprowadzi\u0107 dochodzenie i przekaza\u0107 szczeg\u00f3\u0142y na jego temat do EVOCERT w ci\u0105gu 21 dni kalendarzowych od [&hellip;]\" \/>\n<meta property=\"og:url\" content=\"https:\/\/evocert.pl\/zh\/brcgs-food-safety-srodki-i-sankcje\/\" \/>\n<meta property=\"og:site_name\" content=\"EVOCERT\" \/>\n<meta property=\"article:modified_time\" content=\"2025-11-04T17:05:35+00:00\" \/>\n<meta property=\"og:image\" content=\"https:\/\/evocert.pl\/wp-content\/uploads\/2025\/01\/EVOCERT_logo_KOLOR_PNG.png\" \/>\n\t<meta property=\"og:image:width\" content=\"378\" \/>\n\t<meta property=\"og:image:height\" content=\"378\" \/>\n\t<meta property=\"og:image:type\" content=\"image\/png\" \/>\n<meta name=\"twitter:card\" content=\"summary_large_image\" \/>\n<meta name=\"twitter:label1\" content=\"\u9884\u8ba1\u9605\u8bfb\u65f6\u95f4\" \/>\n\t<meta name=\"twitter:data1\" content=\"1 \u5206\" \/>\n<script type=\"application\/ld+json\" class=\"yoast-schema-graph\">{\"@context\":\"https:\/\/schema.org\",\"@graph\":[{\"@type\":\"WebPage\",\"@id\":\"https:\/\/evocert.pl\/brcgs-food-safety-srodki-i-sankcje\/\",\"url\":\"https:\/\/evocert.pl\/brcgs-food-safety-srodki-i-sankcje\/\",\"name\":\"BRCGS Food Safety - sytuacje kryzysowe \/ incydenty - EVOCERT\",\"isPartOf\":{\"@id\":\"https:\/\/evocert.pl\/en\/#website\"},\"datePublished\":\"2025-01-03T08:14:06+00:00\",\"dateModified\":\"2025-11-04T17:05:35+00:00\",\"breadcrumb\":{\"@id\":\"https:\/\/evocert.pl\/brcgs-food-safety-srodki-i-sankcje\/#breadcrumb\"},\"inLanguage\":\"zh-Hans\",\"potentialAction\":[{\"@type\":\"ReadAction\",\"target\":[\"https:\/\/evocert.pl\/brcgs-food-safety-srodki-i-sankcje\/\"]}]},{\"@type\":\"BreadcrumbList\",\"@id\":\"https:\/\/evocert.pl\/brcgs-food-safety-srodki-i-sankcje\/#breadcrumb\",\"itemListElement\":[{\"@type\":\"ListItem\",\"position\":1,\"name\":\"Strona g\u0142\u00f3wna\",\"item\":\"https:\/\/evocert.pl\/en\/\"},{\"@type\":\"ListItem\",\"position\":2,\"name\":\"BRCGS Food Safety &#8211; sytuacje kryzysowe \/ incydenty\"}]},{\"@type\":\"WebSite\",\"@id\":\"https:\/\/evocert.pl\/en\/#website\",\"url\":\"https:\/\/evocert.pl\/en\/\",\"name\":\"EVOCERT\",\"description\":\"Evolution in certification\",\"publisher\":{\"@id\":\"https:\/\/evocert.pl\/en\/#organization\"},\"potentialAction\":[{\"@type\":\"SearchAction\",\"target\":{\"@type\":\"EntryPoint\",\"urlTemplate\":\"https:\/\/evocert.pl\/en\/?s={search_term_string}\"},\"query-input\":{\"@type\":\"PropertyValueSpecification\",\"valueRequired\":true,\"valueName\":\"search_term_string\"}}],\"inLanguage\":\"zh-Hans\"},{\"@type\":\"Organization\",\"@id\":\"https:\/\/evocert.pl\/en\/#organization\",\"name\":\"EVOCERT\",\"url\":\"https:\/\/evocert.pl\/en\/\",\"logo\":{\"@type\":\"ImageObject\",\"inLanguage\":\"zh-Hans\",\"@id\":\"https:\/\/evocert.pl\/en\/#\/schema\/logo\/image\/\",\"url\":\"https:\/\/evocert.pl\/wp-content\/uploads\/2025\/01\/EVOCERT_logo_KOLOR_PNG.png\",\"contentUrl\":\"https:\/\/evocert.pl\/wp-content\/uploads\/2025\/01\/EVOCERT_logo_KOLOR_PNG.png\",\"width\":378,\"height\":378,\"caption\":\"EVOCERT\"},\"image\":{\"@id\":\"https:\/\/evocert.pl\/en\/#\/schema\/logo\/image\/\"},\"sameAs\":[\"https:\/\/www.linkedin.com\/company\/evocert-sp-z-o-o\"]}]}<\/script>\n<!-- \/ Yoast SEO plugin. -->","yoast_head_json":{"title":"BRCGS Food Safety - sytuacje kryzysowe \/ incydenty - EVOCERT","robots":{"index":"index","follow":"follow","max-snippet":"max-snippet:-1","max-image-preview":"max-image-preview:large","max-video-preview":"max-video-preview:-1"},"canonical":"https:\/\/evocert.pl\/zh\/brcgs-food-safety-srodki-i-sankcje\/","og_locale":"zh_CN","og_type":"article","og_title":"BRCGS Food Safety - sytuacje kryzysowe \/ incydenty - EVOCERT","og_description":"Obowi\u0105zki Klienta Zak\u0142ad ma obowi\u0105zek poinformowa\u0107 EVOCERT o: Incydenty dotycz\u0105ce bezpiecze\u0144stwa produktu Klienci maj\u0105 obowi\u0105zek powiadamiania EVOCERT o ka\u017cdym incydencie dotycz\u0105cym bezpiecze\u0144stwa produktu w ci\u0105gu 3 dni roboczych od daty zdarzenia lub wycofania produktu z rynku. Klient ma obowi\u0105zek przeprowadzi\u0107 dochodzenie i przekaza\u0107 szczeg\u00f3\u0142y na jego temat do EVOCERT w ci\u0105gu 21 dni kalendarzowych od [&hellip;]","og_url":"https:\/\/evocert.pl\/zh\/brcgs-food-safety-srodki-i-sankcje\/","og_site_name":"EVOCERT","article_modified_time":"2025-11-04T17:05:35+00:00","og_image":[{"width":378,"height":378,"url":"https:\/\/evocert.pl\/wp-content\/uploads\/2025\/01\/EVOCERT_logo_KOLOR_PNG.png","type":"image\/png"}],"twitter_card":"summary_large_image","twitter_misc":{"\u9884\u8ba1\u9605\u8bfb\u65f6\u95f4":"1 \u5206"},"schema":{"@context":"https:\/\/schema.org","@graph":[{"@type":"WebPage","@id":"https:\/\/evocert.pl\/brcgs-food-safety-srodki-i-sankcje\/","url":"https:\/\/evocert.pl\/brcgs-food-safety-srodki-i-sankcje\/","name":"BRCGS Food Safety - sytuacje kryzysowe \/ incydenty - EVOCERT","isPartOf":{"@id":"https:\/\/evocert.pl\/en\/#website"},"datePublished":"2025-01-03T08:14:06+00:00","dateModified":"2025-11-04T17:05:35+00:00","breadcrumb":{"@id":"https:\/\/evocert.pl\/brcgs-food-safety-srodki-i-sankcje\/#breadcrumb"},"inLanguage":"zh-Hans","potentialAction":[{"@type":"ReadAction","target":["https:\/\/evocert.pl\/brcgs-food-safety-srodki-i-sankcje\/"]}]},{"@type":"BreadcrumbList","@id":"https:\/\/evocert.pl\/brcgs-food-safety-srodki-i-sankcje\/#breadcrumb","itemListElement":[{"@type":"ListItem","position":1,"name":"Strona g\u0142\u00f3wna","item":"https:\/\/evocert.pl\/en\/"},{"@type":"ListItem","position":2,"name":"BRCGS Food Safety &#8211; sytuacje kryzysowe \/ incydenty"}]},{"@type":"WebSite","@id":"https:\/\/evocert.pl\/en\/#website","url":"https:\/\/evocert.pl\/en\/","name":"EVOCERT","description":"Evolution in certification","publisher":{"@id":"https:\/\/evocert.pl\/en\/#organization"},"potentialAction":[{"@type":"SearchAction","target":{"@type":"EntryPoint","urlTemplate":"https:\/\/evocert.pl\/en\/?s={search_term_string}"},"query-input":{"@type":"PropertyValueSpecification","valueRequired":true,"valueName":"search_term_string"}}],"inLanguage":"zh-Hans"},{"@type":"Organization","@id":"https:\/\/evocert.pl\/en\/#organization","name":"EVOCERT","url":"https:\/\/evocert.pl\/en\/","logo":{"@type":"ImageObject","inLanguage":"zh-Hans","@id":"https:\/\/evocert.pl\/en\/#\/schema\/logo\/image\/","url":"https:\/\/evocert.pl\/wp-content\/uploads\/2025\/01\/EVOCERT_logo_KOLOR_PNG.png","contentUrl":"https:\/\/evocert.pl\/wp-content\/uploads\/2025\/01\/EVOCERT_logo_KOLOR_PNG.png","width":378,"height":378,"caption":"EVOCERT"},"image":{"@id":"https:\/\/evocert.pl\/en\/#\/schema\/logo\/image\/"},"sameAs":["https:\/\/www.linkedin.com\/company\/evocert-sp-z-o-o"]}]}},"_links":{"self":[{"href":"https:\/\/evocert.pl\/zh\/wp-json\/wp\/v2\/pages\/2041","targetHints":{"allow":["GET"]}}],"collection":[{"href":"https:\/\/evocert.pl\/zh\/wp-json\/wp\/v2\/pages"}],"about":[{"href":"https:\/\/evocert.pl\/zh\/wp-json\/wp\/v2\/types\/page"}],"author":[{"embeddable":true,"href":"https:\/\/evocert.pl\/zh\/wp-json\/wp\/v2\/users\/2"}],"replies":[{"embeddable":true,"href":"https:\/\/evocert.pl\/zh\/wp-json\/wp\/v2\/comments?post=2041"}],"version-history":[{"count":4,"href":"https:\/\/evocert.pl\/zh\/wp-json\/wp\/v2\/pages\/2041\/revisions"}],"predecessor-version":[{"id":5069,"href":"https:\/\/evocert.pl\/zh\/wp-json\/wp\/v2\/pages\/2041\/revisions\/5069"}],"wp:attachment":[{"href":"https:\/\/evocert.pl\/zh\/wp-json\/wp\/v2\/media?parent=2041"}],"curies":[{"name":"wp","href":"https:\/\/api.w.org\/{rel}","templated":true}]}}