{"id":2038,"date":"2025-01-03T09:13:53","date_gmt":"2025-01-03T08:13:53","guid":{"rendered":"https:\/\/evocert.pl\/?page_id=2038"},"modified":"2025-11-05T08:11:10","modified_gmt":"2025-11-05T07:11:10","slug":"brcgs-food-safety-znakowanie","status":"publish","type":"page","link":"https:\/\/evocert.pl\/zh\/brcgs-food-safety-znakowanie\/","title":{"rendered":"BRCGS Food Safety \u2013 \u6807\u8bc6\/\u6807\u6ce8"},"content":{"rendered":"<div class=\"wp-block-group has-heading-color has-text-color has-link-color has-small-font-size wp-elements-9162f759661d97717eefe734eb971950 is-vertical is-content-justification-stretch is-layout-flex wp-container-core-group-is-layout-d8e33f2a wp-block-group-is-layout-flex\" style=\"padding-right:var(--wp--preset--spacing--60);padding-bottom:var(--wp--preset--spacing--70);padding-left:var(--wp--preset--spacing--30);line-height:1.6\">\n<h2 class=\"wp-block-heading has-custom-logo-color has-text-color has-link-color has-medium-font-size wp-elements-bc97e32b63f58284de0795d4ed1c6f01\">BRCGS \u6807\u8bc6\u4f7f\u7528\u89c4\u5219<\/h2>\n\n\n\n<p class=\"translation-block\">\u6301\u6709\u6709\u6548\u8ba4\u8bc1\u7684\u4f01\u4e1a\u53ef\u5728\u516c\u53f8\u6587\u4ef6\u6216\u8425\u9500\u6750\u6599\u7b49\u4f01\u4e1a\u8d44\u6599\u4e0a\u4f7f\u7528 BRCGS \u6807\u8bc6\u3002\u5176\u4f7f\u7528\u987b\u9075\u5faa <strong>\u4e25\u683c\u89c4\u5b9a\u7684\u89c4\u5219<\/strong>\uff0c\u4ee5\u907f\u514d\u4ea7\u751f\u8bef\u5bfc\u3002<\/p>\n\n\n\n<p>\u4f7f\u7528 BRCGS \u6807\u8bc6\u7684\u4e3b\u8981\u539f\u5219\uff1a<\/p>\n\n\n\n<ul class=\"wp-block-list\">\n<li class=\"translation-block\">\u6807\u8bc6 <strong>\u4e0d\u5f97<\/strong> \u7528\u4e8e\u4ea7\u54c1\u672c\u8eab\u6216\u5176\u5305\u88c5\u4e0a\uff1b<\/li>\n\n\n\n<li class=\"translation-block\"><strong>\u4e0d\u5f97<\/strong> \u4f7f\u7528\u6807\u8bc6\u6765\u63a8\u5e7f\u7528\u4e8e\u518d\u9500\u552e\u7684\u8d38\u6613\u4ea7\u54c1\uff1b<\/li>\n\n\n\n<li class=\"translation-block\">\u5982\u679c\u8bc1\u4e66\u88ab <strong>\u6682\u505c\u3001\u5230\u671f\u6216\u64a4\u9500<\/strong>\uff0c\u5fc5\u987b\u7acb\u5373\u505c\u6b62\u4f7f\u7528\u5e76\u79fb\u9664\u8be5\u6807\u8bc6\uff1b<\/li>\n\n\n\n<li class=\"translation-block\">\u53ea\u6709\u5f53\u5de5\u5382\u5185 <strong>\u6240\u6709<\/strong> \u751f\u4ea7\u3001\u52a0\u5de5\u3001\u5305\u88c5\u6216\u8d34\u6807\u7684\u4ea7\u54c1\u5747 <strong>\u5728\u8ba4\u8bc1\u8303\u56f4\u5185<\/strong> \u65f6\uff0c\u65b9\u53ef\u4f7f\u7528\u8be5\u6807\u8bc6\u3002<\/li>\n<\/ul>\n\n\n\n<hr class=\"wp-block-separator has-text-color has-custom-logo-color has-alpha-channel-opacity has-custom-logo-background-color has-background is-style-wide\" style=\"margin-top:var(--wp--preset--spacing--40);margin-bottom:var(--wp--preset--spacing--40)\"\/>\n\n\n\n<p class=\"has-small-font-size translation-block\">BRCGS \u6807\u8bc6\u7684\u5b8c\u6574\u4f7f\u7528\u89c4\u5219\u548c\u6761\u4ef6\u53ef\u5728 BRCGS \u5b98\u65b9\u7f51\u7ad9\u4e0a\u67e5\u9605\uff1a\n<a href=\"https:\/\/www.brcgs.com\/resources\/brcgs-brand-guidelines\/\" target=\"_self\">BRCGS \u54c1\u724c\u4f7f\u7528\u6307\u5357\uff08Brand Guidelines)<\/a>.<\/p>\n\n\n\n<p>\u5728\u4f7f\u7528\u8be5\u6807\u8bc6\u4e4b\u524d\uff0c\u6211\u4eec\u5efa\u8bae\u60a8\u4ed4\u7ec6\u9605\u8bfb\u76f8\u5173\u539f\u59cb\u6587\u4ef6\u3002 <\/p>\n<\/div>","protected":false},"excerpt":{"rendered":"<p>Zasady u\u017cywania logo BRCGS Firmy z wa\u017cn\u0105 certyfikacj\u0105 mog\u0105 korzysta\u0107 z logo BRCGS na materia\u0142ach firmowych, takich jak dokumenty czy materia\u0142y marketingowe. Jego u\u017cycie podlega \u015bci\u015ble okre\u015blonym zasadom, kt\u00f3re maj\u0105 na celu zapobieganie wprowadzaniu w b\u0142\u0105d. G\u0142\u00f3wne zasady wykorzystywania logo: Pe\u0142ne zasady i warunki u\u017cywania logo dost\u0119pne s\u0105 na stronie BRCGS: BRCGS Brand Guidelines. Przed [&hellip;]<\/p>","protected":false},"author":2,"featured_media":0,"parent":0,"menu_order":0,"comment_status":"closed","ping_status":"closed","template":"wp-custom-template-oferta-brc-food-safety-znakowanie","meta":{"footnotes":""},"class_list":["post-2038","page","type-page","status-publish","hentry"],"yoast_head":"<!-- This site is optimized with the Yoast SEO plugin v26.3 - https:\/\/yoast.com\/wordpress\/plugins\/seo\/ -->\n<title>BRCGS Food Safety - znakowanie - EVOCERT<\/title>\n<meta name=\"robots\" content=\"index, follow, max-snippet:-1, max-image-preview:large, max-video-preview:-1\" \/>\n<link rel=\"canonical\" href=\"https:\/\/evocert.pl\/zh\/brcgs-food-safety-znakowanie\/\" \/>\n<meta property=\"og:locale\" content=\"zh_CN\" \/>\n<meta property=\"og:type\" content=\"article\" \/>\n<meta property=\"og:title\" content=\"BRCGS Food Safety - znakowanie - EVOCERT\" \/>\n<meta property=\"og:description\" content=\"Zasady u\u017cywania logo BRCGS Firmy z wa\u017cn\u0105 certyfikacj\u0105 mog\u0105 korzysta\u0107 z logo BRCGS na materia\u0142ach firmowych, takich jak dokumenty czy materia\u0142y marketingowe. Jego u\u017cycie podlega \u015bci\u015ble okre\u015blonym zasadom, kt\u00f3re maj\u0105 na celu zapobieganie wprowadzaniu w b\u0142\u0105d. G\u0142\u00f3wne zasady wykorzystywania logo: Pe\u0142ne zasady i warunki u\u017cywania logo dost\u0119pne s\u0105 na stronie BRCGS: BRCGS Brand Guidelines. Przed [&hellip;]\" \/>\n<meta property=\"og:url\" content=\"https:\/\/evocert.pl\/zh\/brcgs-food-safety-znakowanie\/\" \/>\n<meta property=\"og:site_name\" content=\"EVOCERT\" \/>\n<meta property=\"article:modified_time\" content=\"2025-11-05T07:11:10+00:00\" \/>\n<meta property=\"og:image\" content=\"https:\/\/evocert.pl\/wp-content\/uploads\/2025\/01\/EVOCERT_logo_KOLOR_PNG.png\" \/>\n\t<meta property=\"og:image:width\" content=\"378\" \/>\n\t<meta property=\"og:image:height\" content=\"378\" \/>\n\t<meta property=\"og:image:type\" content=\"image\/png\" \/>\n<meta name=\"twitter:card\" content=\"summary_large_image\" \/>\n<meta name=\"twitter:label1\" content=\"\u9884\u8ba1\u9605\u8bfb\u65f6\u95f4\" \/>\n\t<meta name=\"twitter:data1\" content=\"1 \u5206\" \/>\n<script type=\"application\/ld+json\" class=\"yoast-schema-graph\">{\"@context\":\"https:\/\/schema.org\",\"@graph\":[{\"@type\":\"WebPage\",\"@id\":\"https:\/\/evocert.pl\/brcgs-food-safety-znakowanie\/\",\"url\":\"https:\/\/evocert.pl\/brcgs-food-safety-znakowanie\/\",\"name\":\"BRCGS Food Safety - znakowanie - EVOCERT\",\"isPartOf\":{\"@id\":\"https:\/\/evocert.pl\/en\/#website\"},\"datePublished\":\"2025-01-03T08:13:53+00:00\",\"dateModified\":\"2025-11-05T07:11:10+00:00\",\"breadcrumb\":{\"@id\":\"https:\/\/evocert.pl\/brcgs-food-safety-znakowanie\/#breadcrumb\"},\"inLanguage\":\"zh-Hans\",\"potentialAction\":[{\"@type\":\"ReadAction\",\"target\":[\"https:\/\/evocert.pl\/brcgs-food-safety-znakowanie\/\"]}]},{\"@type\":\"BreadcrumbList\",\"@id\":\"https:\/\/evocert.pl\/brcgs-food-safety-znakowanie\/#breadcrumb\",\"itemListElement\":[{\"@type\":\"ListItem\",\"position\":1,\"name\":\"Strona g\u0142\u00f3wna\",\"item\":\"https:\/\/evocert.pl\/en\/\"},{\"@type\":\"ListItem\",\"position\":2,\"name\":\"BRCGS Food Safety &#8211; znakowanie\"}]},{\"@type\":\"WebSite\",\"@id\":\"https:\/\/evocert.pl\/en\/#website\",\"url\":\"https:\/\/evocert.pl\/en\/\",\"name\":\"EVOCERT\",\"description\":\"Evolution in certification\",\"publisher\":{\"@id\":\"https:\/\/evocert.pl\/en\/#organization\"},\"potentialAction\":[{\"@type\":\"SearchAction\",\"target\":{\"@type\":\"EntryPoint\",\"urlTemplate\":\"https:\/\/evocert.pl\/en\/?s={search_term_string}\"},\"query-input\":{\"@type\":\"PropertyValueSpecification\",\"valueRequired\":true,\"valueName\":\"search_term_string\"}}],\"inLanguage\":\"zh-Hans\"},{\"@type\":\"Organization\",\"@id\":\"https:\/\/evocert.pl\/en\/#organization\",\"name\":\"EVOCERT\",\"url\":\"https:\/\/evocert.pl\/en\/\",\"logo\":{\"@type\":\"ImageObject\",\"inLanguage\":\"zh-Hans\",\"@id\":\"https:\/\/evocert.pl\/en\/#\/schema\/logo\/image\/\",\"url\":\"https:\/\/evocert.pl\/wp-content\/uploads\/2025\/01\/EVOCERT_logo_KOLOR_PNG.png\",\"contentUrl\":\"https:\/\/evocert.pl\/wp-content\/uploads\/2025\/01\/EVOCERT_logo_KOLOR_PNG.png\",\"width\":378,\"height\":378,\"caption\":\"EVOCERT\"},\"image\":{\"@id\":\"https:\/\/evocert.pl\/en\/#\/schema\/logo\/image\/\"},\"sameAs\":[\"https:\/\/www.linkedin.com\/company\/evocert-sp-z-o-o\"]}]}<\/script>\n<!-- \/ Yoast SEO plugin. -->","yoast_head_json":{"title":"BRCGS Food Safety - znakowanie - EVOCERT","robots":{"index":"index","follow":"follow","max-snippet":"max-snippet:-1","max-image-preview":"max-image-preview:large","max-video-preview":"max-video-preview:-1"},"canonical":"https:\/\/evocert.pl\/zh\/brcgs-food-safety-znakowanie\/","og_locale":"zh_CN","og_type":"article","og_title":"BRCGS Food Safety - znakowanie - EVOCERT","og_description":"Zasady u\u017cywania logo BRCGS Firmy z wa\u017cn\u0105 certyfikacj\u0105 mog\u0105 korzysta\u0107 z logo BRCGS na materia\u0142ach firmowych, takich jak dokumenty czy materia\u0142y marketingowe. Jego u\u017cycie podlega \u015bci\u015ble okre\u015blonym zasadom, kt\u00f3re maj\u0105 na celu zapobieganie wprowadzaniu w b\u0142\u0105d. G\u0142\u00f3wne zasady wykorzystywania logo: Pe\u0142ne zasady i warunki u\u017cywania logo dost\u0119pne s\u0105 na stronie BRCGS: BRCGS Brand Guidelines. Przed [&hellip;]","og_url":"https:\/\/evocert.pl\/zh\/brcgs-food-safety-znakowanie\/","og_site_name":"EVOCERT","article_modified_time":"2025-11-05T07:11:10+00:00","og_image":[{"width":378,"height":378,"url":"https:\/\/evocert.pl\/wp-content\/uploads\/2025\/01\/EVOCERT_logo_KOLOR_PNG.png","type":"image\/png"}],"twitter_card":"summary_large_image","twitter_misc":{"\u9884\u8ba1\u9605\u8bfb\u65f6\u95f4":"1 \u5206"},"schema":{"@context":"https:\/\/schema.org","@graph":[{"@type":"WebPage","@id":"https:\/\/evocert.pl\/brcgs-food-safety-znakowanie\/","url":"https:\/\/evocert.pl\/brcgs-food-safety-znakowanie\/","name":"BRCGS Food Safety - znakowanie - EVOCERT","isPartOf":{"@id":"https:\/\/evocert.pl\/en\/#website"},"datePublished":"2025-01-03T08:13:53+00:00","dateModified":"2025-11-05T07:11:10+00:00","breadcrumb":{"@id":"https:\/\/evocert.pl\/brcgs-food-safety-znakowanie\/#breadcrumb"},"inLanguage":"zh-Hans","potentialAction":[{"@type":"ReadAction","target":["https:\/\/evocert.pl\/brcgs-food-safety-znakowanie\/"]}]},{"@type":"BreadcrumbList","@id":"https:\/\/evocert.pl\/brcgs-food-safety-znakowanie\/#breadcrumb","itemListElement":[{"@type":"ListItem","position":1,"name":"Strona g\u0142\u00f3wna","item":"https:\/\/evocert.pl\/en\/"},{"@type":"ListItem","position":2,"name":"BRCGS Food Safety &#8211; znakowanie"}]},{"@type":"WebSite","@id":"https:\/\/evocert.pl\/en\/#website","url":"https:\/\/evocert.pl\/en\/","name":"EVOCERT","description":"Evolution in certification","publisher":{"@id":"https:\/\/evocert.pl\/en\/#organization"},"potentialAction":[{"@type":"SearchAction","target":{"@type":"EntryPoint","urlTemplate":"https:\/\/evocert.pl\/en\/?s={search_term_string}"},"query-input":{"@type":"PropertyValueSpecification","valueRequired":true,"valueName":"search_term_string"}}],"inLanguage":"zh-Hans"},{"@type":"Organization","@id":"https:\/\/evocert.pl\/en\/#organization","name":"EVOCERT","url":"https:\/\/evocert.pl\/en\/","logo":{"@type":"ImageObject","inLanguage":"zh-Hans","@id":"https:\/\/evocert.pl\/en\/#\/schema\/logo\/image\/","url":"https:\/\/evocert.pl\/wp-content\/uploads\/2025\/01\/EVOCERT_logo_KOLOR_PNG.png","contentUrl":"https:\/\/evocert.pl\/wp-content\/uploads\/2025\/01\/EVOCERT_logo_KOLOR_PNG.png","width":378,"height":378,"caption":"EVOCERT"},"image":{"@id":"https:\/\/evocert.pl\/en\/#\/schema\/logo\/image\/"},"sameAs":["https:\/\/www.linkedin.com\/company\/evocert-sp-z-o-o"]}]}},"_links":{"self":[{"href":"https:\/\/evocert.pl\/zh\/wp-json\/wp\/v2\/pages\/2038","targetHints":{"allow":["GET"]}}],"collection":[{"href":"https:\/\/evocert.pl\/zh\/wp-json\/wp\/v2\/pages"}],"about":[{"href":"https:\/\/evocert.pl\/zh\/wp-json\/wp\/v2\/types\/page"}],"author":[{"embeddable":true,"href":"https:\/\/evocert.pl\/zh\/wp-json\/wp\/v2\/users\/2"}],"replies":[{"embeddable":true,"href":"https:\/\/evocert.pl\/zh\/wp-json\/wp\/v2\/comments?post=2038"}],"version-history":[{"count":4,"href":"https:\/\/evocert.pl\/zh\/wp-json\/wp\/v2\/pages\/2038\/revisions"}],"predecessor-version":[{"id":5075,"href":"https:\/\/evocert.pl\/zh\/wp-json\/wp\/v2\/pages\/2038\/revisions\/5075"}],"wp:attachment":[{"href":"https:\/\/evocert.pl\/zh\/wp-json\/wp\/v2\/media?parent=2038"}],"curies":[{"name":"wp","href":"https:\/\/api.w.org\/{rel}","templated":true}]}}