{"id":2026,"date":"2025-01-03T09:12:38","date_gmt":"2025-01-03T08:12:38","guid":{"rendered":"https:\/\/evocert.pl\/?page_id=2026"},"modified":"2025-11-04T18:05:41","modified_gmt":"2025-11-04T17:05:41","slug":"brcgs-food-safety-podstawy-prawne-i-wymagania","status":"publish","type":"page","link":"https:\/\/evocert.pl\/zh\/brcgs-food-safety-podstawy-prawne-i-wymagania\/","title":{"rendered":"BRCGS Food Safety \u2013 \u8981\u6c42"},"content":{"rendered":"<div class=\"wp-block-group alignfull has-heading-color has-text-color has-link-color has-small-font-size wp-elements-6445b4f94758fd2b52fe2618df674888 is-vertical is-content-justification-stretch is-layout-flex wp-container-core-group-is-layout-d8e33f2a wp-block-group-is-layout-flex\" style=\"padding-right:var(--wp--preset--spacing--60);padding-bottom:var(--wp--preset--spacing--70);padding-left:var(--wp--preset--spacing--30);line-height:1.6\">\n<h2 class=\"wp-block-heading has-custom-logo-color has-text-color has-link-color has-medium-font-size wp-elements-005ed3d1473c7d13ea2fb6824ff94658\">BRCGS Food Safety v. 9 \u8ba4\u8bc1\u57fa\u4e8e\u54ea\u4e9b\u8981\u6c42\uff1f<\/h2>\n\n\n\n<p class=\"translation-block\">\u4e3a\u83b7\u5f97 BRCGS Food Safety \u8ba4\u8bc1\uff0c\u4f01\u4e1a\u5fc5\u987b\u6ee1\u8db3\u56fd\u9645\u6807\u51c6 <strong>BRCGS Food Safety v. 9<\/strong> \u4e2d\u89c4\u5b9a\u7684\u5404\u9879\u8981\u6c42\u3002\u5728 EVOCERT\uff0c\u6211\u4eec\u4f9d\u636e <strong>\u6700\u65b0\u4e14\u5b98\u65b9\u7684\u8981\u6c42\u4e0e\u6307\u5357<\/strong> \u8fdb\u884c\u7b26\u5408\u6027\u8bc4\u4f30\u3002<\/p>\n\n\n\n<p>\u6211\u4eec\u7684\u8ba4\u8bc1\u6d41\u7a0b\u57fa\u4e8e\u4ee5\u4e0b\u6587\u4ef6\u5f00\u5c55:<\/p>\n\n\n\n<ul class=\"wp-block-list\">\n<li class=\"translation-block\"><strong>BRCGS Food Safety v. 9 \u6807\u51c6<\/strong> \u2014 \u89c4\u5b9a\u8ba4\u8bc1\u8981\u6c42\u3001\u5ba1\u6838\u5b9e\u65bd\u65b9\u5f0f\u4ee5\u53ca\u8ba4\u8bc1\u8fc7\u7a0b\u7ba1\u7406\u4e0e\u76d1\u7763\u539f\u5219\u7684\u6838\u5fc3\u6587\u4ef6\uff0c\u5e76\u8f85\u4ee5\u8865\u5145\u4fe1\u606f\u548c\u672f\u8bed\u5b9a\u4e49\uff1b<\/li>\n\n\n\n<li class=\"translation-block\"><strong>\u201cPosition Statements\uff08\u7acb\u573a\u58f0\u660e\uff09\u201d<\/strong> \u2014 \u5305\u542b\u5bf9\u6807\u51c6\u7684\u5b98\u65b9\u89e3\u91ca\u6216\u8865\u5145\u8bf4\u660e\uff1b<\/li>\n\n\n\n<li class=\"translation-block\"><strong>BRCGS \u6307\u5357<\/strong> \u2014\u2014 \u4fbf\u4e8e\u7406\u89e3\u548c\u5b9e\u65bd\u6807\u51c6\u7684\u8f85\u52a9\u6027\u6587\u4ef6\u3002<\/li>\n\n\n\n<li class=\"translation-block\"><strong>\u73b0\u884c\u6cd5\u5f8b\u6cd5\u89c4<\/strong> \u2014 \u6d89\u53ca\u536b\u751f\u3001\u98df\u54c1\u5b89\u5168\u53ca\u8d28\u91cf\u7ba1\u7406\u4f53\u7cfb\u65b9\u9762\u7684\u76f8\u5173\u6cd5\u89c4\u3002<\/li>\n<\/ul>\n\n\n\n<hr class=\"wp-block-separator has-text-color has-custom-logo-color has-alpha-channel-opacity has-custom-logo-background-color has-background is-style-wide\" style=\"margin-top:var(--wp--preset--spacing--40);margin-bottom:var(--wp--preset--spacing--40)\"\/>\n\n\n\n<h2 class=\"wp-block-heading has-custom-logo-color has-text-color has-link-color has-medium-font-size wp-elements-7f3cdbf2ca6a66a253ecca0ec65a5950\">\u8fd8\u6709\u7591\u95ee\u5417\uff1f <\/h2>\n\n\n\n<p class=\"translation-block\"><strong>EVOCERT<\/strong> \u56e2\u961f\u4e50\u610f\u4e3a\u60a8\u63d0\u4f9b\u5e2e\u52a9\u5e76\u89e3\u7b54\u60a8\u7684\u6bcf\u4e00\u4e2a\u95ee\u9898\u2014\u2014\u6211\u4eec\u5728\u8ba4\u8bc1\u7684\u6bcf\u4e00\u4e2a\u9636\u6bb5\u90fd\u4e0e\u60a8\u540c\u884c\u3002<\/p>\n\n\n\n<div class=\"wp-block-buttons is-content-justification-center is-layout-flex wp-container-core-buttons-is-layout-c304233e wp-block-buttons-is-layout-flex\" style=\"margin-top:var(--wp--preset--spacing--20);margin-bottom:var(--wp--preset--spacing--30)\">\n<div class=\"wp-block-button\"><a class=\"wp-block-button__link has-foreground-color has-custom-logo-background-color has-text-color has-background has-link-color has-body-text-font-size has-custom-font-size wp-element-button\" href=\"https:\/\/evocert.pl\/zh\/ifs-food-kontakt\/\" style=\"padding-top:0.85rem;padding-right:2rem;padding-bottom:0.85rem;padding-left:2rem\"><strong>\u8054\u7cfb\u6211\u4eec<\/strong><\/a><\/div>\n<\/div>\n<\/div>","protected":false},"excerpt":{"rendered":"<p>Na jakich wymaganiach opiera si\u0119 certyfikacja BRCGS Food Safety v. 9? Aby uzyska\u0107 certyfikat BRCGS Food Safety, firma musi spe\u0142ni\u0107 kryteria okre\u015blone w mi\u0119dzynarodowym standardzie BRCGS Food Safety v. 9. W EVOCERT przeprowadzamy ocen\u0119 zgodno\u015bci na podstawie aktualnych i oficjalnych wymaga\u0144 i wytycznych. Proces certyfikacji realizujemy w oparciu o: Masz w\u0105tpliwo\u015bci? Zesp\u00f3\u0142 EVOCERT ch\u0119tnie pomo\u017ce [&hellip;]<\/p>","protected":false},"author":2,"featured_media":0,"parent":0,"menu_order":0,"comment_status":"closed","ping_status":"closed","template":"wp-custom-template-oferta-brc-food-safety-podstawy-prawne-wymagania","meta":{"footnotes":""},"class_list":["post-2026","page","type-page","status-publish","hentry"],"yoast_head":"<!-- This site is optimized with the Yoast SEO plugin v26.3 - https:\/\/yoast.com\/wordpress\/plugins\/seo\/ -->\n<title>BRCGS Food Safety - wymagania - EVOCERT<\/title>\n<meta name=\"robots\" content=\"index, follow, max-snippet:-1, max-image-preview:large, max-video-preview:-1\" \/>\n<link rel=\"canonical\" href=\"https:\/\/evocert.pl\/zh\/brcgs-food-safety-podstawy-prawne-i-wymagania\/\" \/>\n<meta property=\"og:locale\" content=\"zh_CN\" \/>\n<meta property=\"og:type\" content=\"article\" \/>\n<meta property=\"og:title\" content=\"BRCGS Food Safety - wymagania - EVOCERT\" \/>\n<meta property=\"og:description\" content=\"Na jakich wymaganiach opiera si\u0119 certyfikacja BRCGS Food Safety v. 9? Aby uzyska\u0107 certyfikat BRCGS Food Safety, firma musi spe\u0142ni\u0107 kryteria okre\u015blone w mi\u0119dzynarodowym standardzie BRCGS Food Safety v. 9. W EVOCERT przeprowadzamy ocen\u0119 zgodno\u015bci na podstawie aktualnych i oficjalnych wymaga\u0144 i wytycznych. Proces certyfikacji realizujemy w oparciu o: Masz w\u0105tpliwo\u015bci? Zesp\u00f3\u0142 EVOCERT ch\u0119tnie pomo\u017ce [&hellip;]\" \/>\n<meta property=\"og:url\" content=\"https:\/\/evocert.pl\/zh\/brcgs-food-safety-podstawy-prawne-i-wymagania\/\" \/>\n<meta property=\"og:site_name\" content=\"EVOCERT\" \/>\n<meta property=\"article:modified_time\" content=\"2025-11-04T17:05:41+00:00\" \/>\n<meta property=\"og:image\" content=\"https:\/\/evocert.pl\/wp-content\/uploads\/2025\/01\/EVOCERT_logo_KOLOR_PNG.png\" \/>\n\t<meta property=\"og:image:width\" content=\"378\" \/>\n\t<meta property=\"og:image:height\" content=\"378\" \/>\n\t<meta property=\"og:image:type\" content=\"image\/png\" \/>\n<meta name=\"twitter:card\" content=\"summary_large_image\" \/>\n<meta name=\"twitter:label1\" content=\"\u9884\u8ba1\u9605\u8bfb\u65f6\u95f4\" \/>\n\t<meta name=\"twitter:data1\" content=\"1 \u5206\" \/>\n<script type=\"application\/ld+json\" class=\"yoast-schema-graph\">{\"@context\":\"https:\/\/schema.org\",\"@graph\":[{\"@type\":\"WebPage\",\"@id\":\"https:\/\/evocert.pl\/brcgs-food-safety-podstawy-prawne-i-wymagania\/\",\"url\":\"https:\/\/evocert.pl\/brcgs-food-safety-podstawy-prawne-i-wymagania\/\",\"name\":\"BRCGS Food Safety - wymagania - EVOCERT\",\"isPartOf\":{\"@id\":\"https:\/\/evocert.pl\/en\/#website\"},\"datePublished\":\"2025-01-03T08:12:38+00:00\",\"dateModified\":\"2025-11-04T17:05:41+00:00\",\"breadcrumb\":{\"@id\":\"https:\/\/evocert.pl\/brcgs-food-safety-podstawy-prawne-i-wymagania\/#breadcrumb\"},\"inLanguage\":\"zh-Hans\",\"potentialAction\":[{\"@type\":\"ReadAction\",\"target\":[\"https:\/\/evocert.pl\/brcgs-food-safety-podstawy-prawne-i-wymagania\/\"]}]},{\"@type\":\"BreadcrumbList\",\"@id\":\"https:\/\/evocert.pl\/brcgs-food-safety-podstawy-prawne-i-wymagania\/#breadcrumb\",\"itemListElement\":[{\"@type\":\"ListItem\",\"position\":1,\"name\":\"Strona g\u0142\u00f3wna\",\"item\":\"https:\/\/evocert.pl\/en\/\"},{\"@type\":\"ListItem\",\"position\":2,\"name\":\"BRCGS Food Safety &#8211; wymagania\"}]},{\"@type\":\"WebSite\",\"@id\":\"https:\/\/evocert.pl\/en\/#website\",\"url\":\"https:\/\/evocert.pl\/en\/\",\"name\":\"EVOCERT\",\"description\":\"Evolution in certification\",\"publisher\":{\"@id\":\"https:\/\/evocert.pl\/en\/#organization\"},\"potentialAction\":[{\"@type\":\"SearchAction\",\"target\":{\"@type\":\"EntryPoint\",\"urlTemplate\":\"https:\/\/evocert.pl\/en\/?s={search_term_string}\"},\"query-input\":{\"@type\":\"PropertyValueSpecification\",\"valueRequired\":true,\"valueName\":\"search_term_string\"}}],\"inLanguage\":\"zh-Hans\"},{\"@type\":\"Organization\",\"@id\":\"https:\/\/evocert.pl\/en\/#organization\",\"name\":\"EVOCERT\",\"url\":\"https:\/\/evocert.pl\/en\/\",\"logo\":{\"@type\":\"ImageObject\",\"inLanguage\":\"zh-Hans\",\"@id\":\"https:\/\/evocert.pl\/en\/#\/schema\/logo\/image\/\",\"url\":\"https:\/\/evocert.pl\/wp-content\/uploads\/2025\/01\/EVOCERT_logo_KOLOR_PNG.png\",\"contentUrl\":\"https:\/\/evocert.pl\/wp-content\/uploads\/2025\/01\/EVOCERT_logo_KOLOR_PNG.png\",\"width\":378,\"height\":378,\"caption\":\"EVOCERT\"},\"image\":{\"@id\":\"https:\/\/evocert.pl\/en\/#\/schema\/logo\/image\/\"},\"sameAs\":[\"https:\/\/www.linkedin.com\/company\/evocert-sp-z-o-o\"]}]}<\/script>\n<!-- \/ Yoast SEO plugin. -->","yoast_head_json":{"title":"BRCGS Food Safety - wymagania - EVOCERT","robots":{"index":"index","follow":"follow","max-snippet":"max-snippet:-1","max-image-preview":"max-image-preview:large","max-video-preview":"max-video-preview:-1"},"canonical":"https:\/\/evocert.pl\/zh\/brcgs-food-safety-podstawy-prawne-i-wymagania\/","og_locale":"zh_CN","og_type":"article","og_title":"BRCGS Food Safety - wymagania - EVOCERT","og_description":"Na jakich wymaganiach opiera si\u0119 certyfikacja BRCGS Food Safety v. 9? Aby uzyska\u0107 certyfikat BRCGS Food Safety, firma musi spe\u0142ni\u0107 kryteria okre\u015blone w mi\u0119dzynarodowym standardzie BRCGS Food Safety v. 9. W EVOCERT przeprowadzamy ocen\u0119 zgodno\u015bci na podstawie aktualnych i oficjalnych wymaga\u0144 i wytycznych. Proces certyfikacji realizujemy w oparciu o: Masz w\u0105tpliwo\u015bci? Zesp\u00f3\u0142 EVOCERT ch\u0119tnie pomo\u017ce [&hellip;]","og_url":"https:\/\/evocert.pl\/zh\/brcgs-food-safety-podstawy-prawne-i-wymagania\/","og_site_name":"EVOCERT","article_modified_time":"2025-11-04T17:05:41+00:00","og_image":[{"width":378,"height":378,"url":"https:\/\/evocert.pl\/wp-content\/uploads\/2025\/01\/EVOCERT_logo_KOLOR_PNG.png","type":"image\/png"}],"twitter_card":"summary_large_image","twitter_misc":{"\u9884\u8ba1\u9605\u8bfb\u65f6\u95f4":"1 \u5206"},"schema":{"@context":"https:\/\/schema.org","@graph":[{"@type":"WebPage","@id":"https:\/\/evocert.pl\/brcgs-food-safety-podstawy-prawne-i-wymagania\/","url":"https:\/\/evocert.pl\/brcgs-food-safety-podstawy-prawne-i-wymagania\/","name":"BRCGS Food Safety - wymagania - EVOCERT","isPartOf":{"@id":"https:\/\/evocert.pl\/en\/#website"},"datePublished":"2025-01-03T08:12:38+00:00","dateModified":"2025-11-04T17:05:41+00:00","breadcrumb":{"@id":"https:\/\/evocert.pl\/brcgs-food-safety-podstawy-prawne-i-wymagania\/#breadcrumb"},"inLanguage":"zh-Hans","potentialAction":[{"@type":"ReadAction","target":["https:\/\/evocert.pl\/brcgs-food-safety-podstawy-prawne-i-wymagania\/"]}]},{"@type":"BreadcrumbList","@id":"https:\/\/evocert.pl\/brcgs-food-safety-podstawy-prawne-i-wymagania\/#breadcrumb","itemListElement":[{"@type":"ListItem","position":1,"name":"Strona g\u0142\u00f3wna","item":"https:\/\/evocert.pl\/en\/"},{"@type":"ListItem","position":2,"name":"BRCGS Food Safety &#8211; wymagania"}]},{"@type":"WebSite","@id":"https:\/\/evocert.pl\/en\/#website","url":"https:\/\/evocert.pl\/en\/","name":"EVOCERT","description":"Evolution in certification","publisher":{"@id":"https:\/\/evocert.pl\/en\/#organization"},"potentialAction":[{"@type":"SearchAction","target":{"@type":"EntryPoint","urlTemplate":"https:\/\/evocert.pl\/en\/?s={search_term_string}"},"query-input":{"@type":"PropertyValueSpecification","valueRequired":true,"valueName":"search_term_string"}}],"inLanguage":"zh-Hans"},{"@type":"Organization","@id":"https:\/\/evocert.pl\/en\/#organization","name":"EVOCERT","url":"https:\/\/evocert.pl\/en\/","logo":{"@type":"ImageObject","inLanguage":"zh-Hans","@id":"https:\/\/evocert.pl\/en\/#\/schema\/logo\/image\/","url":"https:\/\/evocert.pl\/wp-content\/uploads\/2025\/01\/EVOCERT_logo_KOLOR_PNG.png","contentUrl":"https:\/\/evocert.pl\/wp-content\/uploads\/2025\/01\/EVOCERT_logo_KOLOR_PNG.png","width":378,"height":378,"caption":"EVOCERT"},"image":{"@id":"https:\/\/evocert.pl\/en\/#\/schema\/logo\/image\/"},"sameAs":["https:\/\/www.linkedin.com\/company\/evocert-sp-z-o-o"]}]}},"_links":{"self":[{"href":"https:\/\/evocert.pl\/zh\/wp-json\/wp\/v2\/pages\/2026","targetHints":{"allow":["GET"]}}],"collection":[{"href":"https:\/\/evocert.pl\/zh\/wp-json\/wp\/v2\/pages"}],"about":[{"href":"https:\/\/evocert.pl\/zh\/wp-json\/wp\/v2\/types\/page"}],"author":[{"embeddable":true,"href":"https:\/\/evocert.pl\/zh\/wp-json\/wp\/v2\/users\/2"}],"replies":[{"embeddable":true,"href":"https:\/\/evocert.pl\/zh\/wp-json\/wp\/v2\/comments?post=2026"}],"version-history":[{"count":4,"href":"https:\/\/evocert.pl\/zh\/wp-json\/wp\/v2\/pages\/2026\/revisions"}],"predecessor-version":[{"id":5071,"href":"https:\/\/evocert.pl\/zh\/wp-json\/wp\/v2\/pages\/2026\/revisions\/5071"}],"wp:attachment":[{"href":"https:\/\/evocert.pl\/zh\/wp-json\/wp\/v2\/media?parent=2026"}],"curies":[{"name":"wp","href":"https:\/\/api.w.org\/{rel}","templated":true}]}}