{"id":1760,"date":"2025-01-02T13:16:59","date_gmt":"2025-01-02T12:16:59","guid":{"rendered":"https:\/\/evocert.pl\/?page_id=1760"},"modified":"2026-04-23T10:39:32","modified_gmt":"2026-04-23T08:39:32","slug":"ifs-logistics-wymagania","status":"publish","type":"page","link":"https:\/\/evocert.pl\/zh\/ifs-logistics-wymagania\/","title":{"rendered":"IFS Logistics \u2013 \u8981\u6c42"},"content":{"rendered":"<div class=\"wp-block-group alignfull has-heading-color has-text-color has-link-color has-small-font-size wp-elements-35e6f338761746e212ae79fa1ba4e135 is-vertical is-content-justification-stretch is-layout-flex wp-container-core-group-is-layout-d8e33f2a wp-block-group-is-layout-flex\" style=\"padding-right:var(--wp--preset--spacing--60);padding-bottom:var(--wp--preset--spacing--70);padding-left:var(--wp--preset--spacing--30);line-height:1.6\">\n<h2 class=\"wp-block-heading has-custom-logo-color has-text-color has-link-color has-medium-font-size wp-elements-1970dacdf107f2a51810e527d4447a9c\">IFS Logistics v. 3 \u8ba4\u8bc1\u57fa\u4e8e\u54ea\u4e9b\u8981\u6c42\uff1f<\/h2>\n\n\n\n<p class=\"translation-block\">\u4e3a\u83b7\u5f97 IFS Logistics \u8ba4\u8bc1\uff0c\u4f01\u4e1a\u5fc5\u987b\u6ee1\u8db3\u56fd\u9645\u6807\u51c6 <strong>IFS Logistics v. 3<\/strong> \u4e2d\u89c4\u5b9a\u7684\u5404\u9879\u51c6\u5219\u3002\u5728 EVOCERT\uff0c\u6211\u4eec\u4f9d\u636e <strong>\u6700\u65b0\u4e14\u5b98\u65b9\u7684\u8981\u6c42\u4e0e\u6307\u5357<\/strong> \u8fdb\u884c\u7b26\u5408\u6027\u8bc4\u4f30\u3002<\/p>\n\n\n\n<p>\u6211\u4eec\u7684\u8ba4\u8bc1\u6d41\u7a0b\u57fa\u4e8e\u4ee5\u4e0b\u6587\u4ef6\u5f00\u5c55:<\/p>\n\n\n\n<ul class=\"wp-block-list\">\n<li class=\"translation-block\"><strong>IFS Logistics v. 3 \u6807\u51c6<\/strong> \u2014 \u89c4\u5b9a\u4ea7\u54c1\u5b89\u5168\u4e0e\u8d28\u91cf\u3001\u7ba1\u7406\u7ed3\u6784\u3001\u6d41\u7a0b\u53ca\u63a7\u5236\u4f53\u7cfb\u8981\u6c42\u7684\u6838\u5fc3\u6587\u4ef6\uff1b<\/li>\n\n\n\n<li class=\"translation-block\"><strong>IFS Logistics v. 3 \u7b2c 2 \u7248\u7eb2\u8981\uff08\u7eb2\u8981 v. 2\uff09<\/strong> \u2014 \u5bf9\u7b2c\u4e09\u7248\u6807\u51c6\u8981\u6c42\u7684\u5e94\u7528\u8fdb\u884c\u89e3\u91ca\u4e0e\u8bf4\u660e\uff1b<\/li>\n\n\n\n<li class=\"translation-block\"><strong>IFS Logistics v3 \u7b2c3\u7248\u51c6\u5219<\/strong>\u2014\u2014\u81ea2026\u5e746\u670823\u65e5\u8d77\u751f\u6548\u7684\u66f4\u65b0<\/li>\n\n\n\n<li class=\"translation-block\"><strong>IFS \u6307\u5357\uff08IFS \u6307\u5357\uff09<\/strong> \u2014 \u5e2e\u52a9\u7406\u89e3\u548c\u5b9e\u65bd\u6807\u51c6\u7684\u8f85\u52a9\u6027\u6587\u4ef6\uff1b<\/li>\n\n\n\n<li class=\"translation-block\"><strong>\u73b0\u884c\u6cd5\u5f8b\u6cd5\u89c4<\/strong> \u2014 \u6d89\u53ca\u536b\u751f\u3001\u98df\u54c1\u5b89\u5168\u53ca\u8d28\u91cf\u7ba1\u7406\u4f53\u7cfb\u65b9\u9762\u7684\u76f8\u5173\u6cd5\u89c4\u3002<\/li>\n<\/ul>\n\n\n\n<hr class=\"wp-block-separator has-text-color has-custom-logo-color has-alpha-channel-opacity has-custom-logo-background-color has-background is-style-wide\" style=\"margin-top:var(--wp--preset--spacing--40);margin-bottom:var(--wp--preset--spacing--40)\"\/>\n\n\n\n<h2 class=\"wp-block-heading has-custom-logo-color has-text-color has-link-color has-medium-font-size wp-elements-6af26d3727be14fa7d1c2dc29a4afa26\">IFS Integrity \u8ba1\u5212\u4fe1\u606f<br><\/h2>\n\n\n\n<p class=\"translation-block\">\u6839\u636e <strong>IFS \u6846\u67b6\u534f\u8bae\u9644\u4ef6 4<\/strong> \u7684\u8981\u6c42\uff0c\u7279\u6b64\u544a\u77e5\uff1a\u6240\u6709\u5728 IFS \u8ba4\u8bc1\u6846\u67b6\u5185\u5f00\u5c55\u7684\u5ba1\u6838\uff0c\u5747\u53ef\u80fd\u7eb3\u5165 <strong>IFS Integrity \u8ba1\u5212<\/strong> \u7684\u76d1\u7763\u8303\u56f4\u3002<\/p>\n\n\n\n<p>\u5728\u8be5\u8ba1\u5212\u6846\u67b6\u5185\uff1a<\/p>\n\n\n\n<ul class=\"wp-block-list\">\n<li class=\"translation-block\">IFS \u7ba1\u7406\u673a\u6784\u53ef\u5728\u5df2\u83b7\u8ba4\u8bc1\u7684\u5de5\u5382\u5f00\u5c55 <strong>\u4e0d\u9884\u5148\u901a\u77e5\u6216\u9884\u5148\u901a\u77e5\u7684\u73b0\u573a\u6838\u67e5<\/strong>\uff08Integrity on-site Checks\uff1b<\/li>\n\n\n\n<li class=\"translation-block\">\u5ba1\u6838\u5458\u53ef\u80fd\u63a5\u53d7 <strong>\u89c1\u8bc1\u5ba1\u6838<\/strong>\uff08Integrity Witness Audits);<\/li>\n\n\n\n<li>\u8ba4\u8bc1\u673a\u6784\u53ca\u5ba1\u6838\u5458\u5982\u8fdd\u53cd IFS \u76f8\u5173\u89c4\u5b9a\uff0c\u5c06\u7eb3\u5165 \u8bc4\u4f30\u4e0e\u60e9\u6212\u4f53\u7cfb\u3002<\/li>\n<\/ul>\n\n\n\n<p><strong>\u8fd9\u5bf9\u60a8\u610f\u5473\u7740\u4ec0\u4e48\uff1f<\/strong><\/p>\n\n\n\n<ul class=\"wp-block-list\">\n<li>Integrity \u73b0\u573a\u6838\u67e5\uff08Integrity on-site Checks\uff09\u53ef\u5728\u4efb\u4f55\u65f6\u95f4\u4e8e\u5df2\u83b7\u8ba4\u8bc1\u7684\u5de5\u5382\u5185\u8fdb\u884c\uff1b<\/li>\n\n\n\n<li>\u6b64\u7c7b\u68c0\u67e5\u7ed3\u679c\u53ef\u80fd\u4f1a\u5f71\u54cd IFS Food \u8bc1\u4e66\u7684\u6709\u6548\u6027\u2014 \u4f8b\u5982\uff0c\u5982\u53d1\u73b0\u4e0d\u7b26\u5408\u9879\uff0c\u8bc1\u4e66\u53ef\u80fd\u88ab\u6682\u505c\uff1b<\/li>\n\n\n\n<li>\u5728\u5e38\u89c4\u5ba1\u6838\u8fc7\u7a0b\u4e2d\uff0c\u53ef\u80fd\u4f1a\u6709\u4e00\u540d \u989d\u5916\u7684\u89c2\u5bdf\u5ba1\u6838\u5458 \u5728\u573a\uff0c\u5176\u804c\u8d23\u662f\u8bc4\u4f30\u4e3b\u5ba1\u5ba1\u6838\u5458\u7684\u5de5\u4f5c\uff0c\u800c\u975e\u5bf9\u4f01\u4e1a\u672c\u8eab\u8fdb\u884c\u8bc4\u4f30;<\/li>\n\n\n\n<li>\u62d2\u7edd IFS Management \u5ba1\u6838\u5458\u8fdb\u5165\u5de5\u5382\u8fdb\u884c Integrity \u73b0\u573a\u6838\u67e5\uff0c\u5c06\u88ab\u89c6\u4e3a\u7b49\u540c\u4e8e\u62d2\u7edd\u8ba4\u8bc1\u673a\u6784\uff08EVOCERT\uff09\u7684\u5ba1\u6838\uff0c\u5e76\u5c06\u4ea7\u751f\u540c\u6837\u7684\u540e\u679c\u3002<\/li>\n<\/ul>\n\n\n\n<p>IFS Integrity \u8ba1\u5212\u65e8\u5728\u786e\u4fdd IFS \u8ba4\u8bc1\u7684\u6700\u9ad8\u8d28\u91cf\u3001\u53ef\u9760\u6027\u4e0e\u516c\u4fe1\u529b\u3002<\/p>\n\n\n\n<p class=\"translation-block\"><strong>IFS \u6846\u67b6\u534f\u8bae\u9644\u4ef6 4<\/strong> \u7684\u5168\u6587\uff08\u8be6\u7ec6\u8bf4\u660e IFS Integrity \u8ba1\u5212\u7684\u89c4\u5219\uff09\u53ef\u5728 <strong>\u201c\u4e0b\u8f7d\u201d<\/strong> \u680f\u76ee\u4e2d\u67e5\u9605\u3002<\/p>\n\n\n\n<hr class=\"wp-block-separator has-text-color has-custom-logo-color has-alpha-channel-opacity has-custom-logo-background-color has-background is-style-wide\" style=\"margin-top:var(--wp--preset--spacing--40);margin-bottom:var(--wp--preset--spacing--40)\"\/>\n\n\n\n<h2 class=\"wp-block-heading has-custom-logo-color has-text-color has-link-color has-medium-font-size wp-elements-6c52137fa0dc4b079d4c1fd154cc7474\">\u900f\u660e\u6027\u4e0e\u53ef\u83b7\u53d6\u6027<\/h2>\n\n\n\n<p class=\"translation-block\">IFS Logistics v. 3 \u6807\u51c6\u7684\u5b8c\u6574\u5185\u5bb9\u53ca\u76f8\u5173\u8f85\u52a9\u6587\u4ef6\u5747\u53ef\u5728 <strong>IFS \u5b98\u65b9\u7f51\u7ad9<\/strong> \u4e0a <strong>\u67e5\u9605<\/strong>\u3002\u8fd9\u4f7f\u6211\u4eec\u7684\u5ba2\u6237\u80fd\u591f\u6e05\u6670\u4e86\u89e3\u8bc4\u4f30\u6240\u4f9d\u636e\u7684\u5177\u4f53\u89c4\u5219\u4e0e\u539f\u5219\u3002<\/p>\n\n\n\n<hr class=\"wp-block-separator has-text-color has-custom-logo-color has-alpha-channel-opacity has-custom-logo-background-color has-background is-style-wide\" style=\"margin-top:var(--wp--preset--spacing--40);margin-bottom:var(--wp--preset--spacing--40)\"\/>\n\n\n\n<h2 class=\"wp-block-heading has-custom-logo-color has-text-color has-link-color has-medium-font-size wp-elements-7f3cdbf2ca6a66a253ecca0ec65a5950\">\u8fd8\u6709\u7591\u95ee\u5417\uff1f <\/h2>\n\n\n\n<p class=\"translation-block\"><strong>EVOCERT<\/strong> \u56e2\u961f\u4e50\u610f\u4e3a\u60a8\u63d0\u4f9b\u5e2e\u52a9\u5e76\u89e3\u7b54\u60a8\u7684\u6bcf\u4e00\u4e2a\u95ee\u9898\u2014\u2014\u6211\u4eec\u5728\u8ba4\u8bc1\u7684\u6bcf\u4e00\u4e2a\u9636\u6bb5\u90fd\u4e0e\u60a8\u540c\u884c\u3002<\/p>\n\n\n\n<div class=\"wp-block-buttons is-content-justification-center is-layout-flex wp-container-core-buttons-is-layout-c304233e wp-block-buttons-is-layout-flex\" style=\"margin-top:var(--wp--preset--spacing--20);margin-bottom:var(--wp--preset--spacing--30)\">\n<div class=\"wp-block-button\"><a class=\"wp-block-button__link has-foreground-color has-custom-logo-background-color has-text-color has-background has-link-color has-body-text-font-size has-custom-font-size wp-element-button\" href=\"https:\/\/evocert.pl\/zh\/ifs-food-kontakt\/\" style=\"padding-top:0.85rem;padding-right:2rem;padding-bottom:0.85rem;padding-left:2rem\"><strong>\u8054\u7cfb\u6211\u4eec<\/strong><\/a><\/div>\n<\/div>\n<\/div>","protected":false},"excerpt":{"rendered":"<p>Na jakich wymaganiach opiera si\u0119 certyfikacja IFS Logistics v. 3? Aby uzyska\u0107 certyfikat IFS Logistics, firma musi spe\u0142ni\u0107 kryteria okre\u015blone w mi\u0119dzynarodowym standardzie IFS Logistics v. 3. W EVOCERT przeprowadzamy ocen\u0119 zgodno\u015bci na podstawie aktualnych i oficjalnych wymaga\u0144 i wytycznych. Proces certyfikacji realizujemy w oparciu o: Informacja o Programie IFS Integrity Zgodnie z wymaganiami Aneksu [&hellip;]<\/p>","protected":false},"author":2,"featured_media":0,"parent":0,"menu_order":0,"comment_status":"closed","ping_status":"closed","template":"wp-custom-template-oferta-ifs-logistics-podstawy-prawne-wymagania","meta":{"footnotes":""},"class_list":["post-1760","page","type-page","status-publish","hentry"],"yoast_head":"<!-- This site is optimized with the Yoast SEO plugin v26.3 - https:\/\/yoast.com\/wordpress\/plugins\/seo\/ -->\n<title>IFS Logistics - wymagania - EVOCERT<\/title>\n<meta name=\"robots\" content=\"index, follow, max-snippet:-1, max-image-preview:large, max-video-preview:-1\" \/>\n<link rel=\"canonical\" href=\"https:\/\/evocert.pl\/zh\/ifs-logistics-wymagania\/\" \/>\n<meta property=\"og:locale\" content=\"zh_CN\" \/>\n<meta property=\"og:type\" content=\"article\" \/>\n<meta property=\"og:title\" content=\"IFS Logistics - wymagania - EVOCERT\" \/>\n<meta property=\"og:description\" content=\"Na jakich wymaganiach opiera si\u0119 certyfikacja IFS Logistics v. 3? Aby uzyska\u0107 certyfikat IFS Logistics, firma musi spe\u0142ni\u0107 kryteria okre\u015blone w mi\u0119dzynarodowym standardzie IFS Logistics v. 3. W EVOCERT przeprowadzamy ocen\u0119 zgodno\u015bci na podstawie aktualnych i oficjalnych wymaga\u0144 i wytycznych. Proces certyfikacji realizujemy w oparciu o: Informacja o Programie IFS Integrity Zgodnie z wymaganiami Aneksu [&hellip;]\" \/>\n<meta property=\"og:url\" content=\"https:\/\/evocert.pl\/zh\/ifs-logistics-wymagania\/\" \/>\n<meta property=\"og:site_name\" content=\"EVOCERT\" \/>\n<meta property=\"article:modified_time\" content=\"2026-04-23T08:39:32+00:00\" \/>\n<meta property=\"og:image\" content=\"https:\/\/evocert.pl\/wp-content\/uploads\/2025\/01\/EVOCERT_logo_KOLOR_PNG.png\" \/>\n\t<meta property=\"og:image:width\" content=\"378\" \/>\n\t<meta property=\"og:image:height\" content=\"378\" \/>\n\t<meta property=\"og:image:type\" content=\"image\/png\" \/>\n<meta name=\"twitter:card\" content=\"summary_large_image\" \/>\n<meta name=\"twitter:label1\" content=\"\u9884\u8ba1\u9605\u8bfb\u65f6\u95f4\" \/>\n\t<meta name=\"twitter:data1\" content=\"5 \u5206\" \/>\n<script type=\"application\/ld+json\" class=\"yoast-schema-graph\">{\"@context\":\"https:\/\/schema.org\",\"@graph\":[{\"@type\":\"WebPage\",\"@id\":\"https:\/\/evocert.pl\/ifs-logistics-wymagania\/\",\"url\":\"https:\/\/evocert.pl\/ifs-logistics-wymagania\/\",\"name\":\"IFS Logistics - wymagania - EVOCERT\",\"isPartOf\":{\"@id\":\"https:\/\/evocert.pl\/en\/#website\"},\"datePublished\":\"2025-01-02T12:16:59+00:00\",\"dateModified\":\"2026-04-23T08:39:32+00:00\",\"breadcrumb\":{\"@id\":\"https:\/\/evocert.pl\/ifs-logistics-wymagania\/#breadcrumb\"},\"inLanguage\":\"zh-Hans\",\"potentialAction\":[{\"@type\":\"ReadAction\",\"target\":[\"https:\/\/evocert.pl\/ifs-logistics-wymagania\/\"]}]},{\"@type\":\"BreadcrumbList\",\"@id\":\"https:\/\/evocert.pl\/ifs-logistics-wymagania\/#breadcrumb\",\"itemListElement\":[{\"@type\":\"ListItem\",\"position\":1,\"name\":\"Strona g\u0142\u00f3wna\",\"item\":\"https:\/\/evocert.pl\/en\/\"},{\"@type\":\"ListItem\",\"position\":2,\"name\":\"IFS Logistics &#8211; wymagania\"}]},{\"@type\":\"WebSite\",\"@id\":\"https:\/\/evocert.pl\/en\/#website\",\"url\":\"https:\/\/evocert.pl\/en\/\",\"name\":\"EVOCERT\",\"description\":\"Evolution in certification\",\"publisher\":{\"@id\":\"https:\/\/evocert.pl\/en\/#organization\"},\"potentialAction\":[{\"@type\":\"SearchAction\",\"target\":{\"@type\":\"EntryPoint\",\"urlTemplate\":\"https:\/\/evocert.pl\/en\/?s={search_term_string}\"},\"query-input\":{\"@type\":\"PropertyValueSpecification\",\"valueRequired\":true,\"valueName\":\"search_term_string\"}}],\"inLanguage\":\"zh-Hans\"},{\"@type\":\"Organization\",\"@id\":\"https:\/\/evocert.pl\/en\/#organization\",\"name\":\"EVOCERT\",\"url\":\"https:\/\/evocert.pl\/en\/\",\"logo\":{\"@type\":\"ImageObject\",\"inLanguage\":\"zh-Hans\",\"@id\":\"https:\/\/evocert.pl\/en\/#\/schema\/logo\/image\/\",\"url\":\"https:\/\/evocert.pl\/wp-content\/uploads\/2025\/01\/EVOCERT_logo_KOLOR_PNG.png\",\"contentUrl\":\"https:\/\/evocert.pl\/wp-content\/uploads\/2025\/01\/EVOCERT_logo_KOLOR_PNG.png\",\"width\":378,\"height\":378,\"caption\":\"EVOCERT\"},\"image\":{\"@id\":\"https:\/\/evocert.pl\/en\/#\/schema\/logo\/image\/\"},\"sameAs\":[\"https:\/\/www.linkedin.com\/company\/evocert-sp-z-o-o\"]}]}<\/script>\n<!-- \/ Yoast SEO plugin. -->","yoast_head_json":{"title":"IFS Logistics - wymagania - EVOCERT","robots":{"index":"index","follow":"follow","max-snippet":"max-snippet:-1","max-image-preview":"max-image-preview:large","max-video-preview":"max-video-preview:-1"},"canonical":"https:\/\/evocert.pl\/zh\/ifs-logistics-wymagania\/","og_locale":"zh_CN","og_type":"article","og_title":"IFS Logistics - wymagania - EVOCERT","og_description":"Na jakich wymaganiach opiera si\u0119 certyfikacja IFS Logistics v. 3? Aby uzyska\u0107 certyfikat IFS Logistics, firma musi spe\u0142ni\u0107 kryteria okre\u015blone w mi\u0119dzynarodowym standardzie IFS Logistics v. 3. W EVOCERT przeprowadzamy ocen\u0119 zgodno\u015bci na podstawie aktualnych i oficjalnych wymaga\u0144 i wytycznych. Proces certyfikacji realizujemy w oparciu o: Informacja o Programie IFS Integrity Zgodnie z wymaganiami Aneksu [&hellip;]","og_url":"https:\/\/evocert.pl\/zh\/ifs-logistics-wymagania\/","og_site_name":"EVOCERT","article_modified_time":"2026-04-23T08:39:32+00:00","og_image":[{"width":378,"height":378,"url":"https:\/\/evocert.pl\/wp-content\/uploads\/2025\/01\/EVOCERT_logo_KOLOR_PNG.png","type":"image\/png"}],"twitter_card":"summary_large_image","twitter_misc":{"\u9884\u8ba1\u9605\u8bfb\u65f6\u95f4":"5 \u5206"},"schema":{"@context":"https:\/\/schema.org","@graph":[{"@type":"WebPage","@id":"https:\/\/evocert.pl\/ifs-logistics-wymagania\/","url":"https:\/\/evocert.pl\/ifs-logistics-wymagania\/","name":"IFS Logistics - wymagania - EVOCERT","isPartOf":{"@id":"https:\/\/evocert.pl\/en\/#website"},"datePublished":"2025-01-02T12:16:59+00:00","dateModified":"2026-04-23T08:39:32+00:00","breadcrumb":{"@id":"https:\/\/evocert.pl\/ifs-logistics-wymagania\/#breadcrumb"},"inLanguage":"zh-Hans","potentialAction":[{"@type":"ReadAction","target":["https:\/\/evocert.pl\/ifs-logistics-wymagania\/"]}]},{"@type":"BreadcrumbList","@id":"https:\/\/evocert.pl\/ifs-logistics-wymagania\/#breadcrumb","itemListElement":[{"@type":"ListItem","position":1,"name":"Strona g\u0142\u00f3wna","item":"https:\/\/evocert.pl\/en\/"},{"@type":"ListItem","position":2,"name":"IFS Logistics &#8211; wymagania"}]},{"@type":"WebSite","@id":"https:\/\/evocert.pl\/en\/#website","url":"https:\/\/evocert.pl\/en\/","name":"EVOCERT","description":"Evolution in certification","publisher":{"@id":"https:\/\/evocert.pl\/en\/#organization"},"potentialAction":[{"@type":"SearchAction","target":{"@type":"EntryPoint","urlTemplate":"https:\/\/evocert.pl\/en\/?s={search_term_string}"},"query-input":{"@type":"PropertyValueSpecification","valueRequired":true,"valueName":"search_term_string"}}],"inLanguage":"zh-Hans"},{"@type":"Organization","@id":"https:\/\/evocert.pl\/en\/#organization","name":"EVOCERT","url":"https:\/\/evocert.pl\/en\/","logo":{"@type":"ImageObject","inLanguage":"zh-Hans","@id":"https:\/\/evocert.pl\/en\/#\/schema\/logo\/image\/","url":"https:\/\/evocert.pl\/wp-content\/uploads\/2025\/01\/EVOCERT_logo_KOLOR_PNG.png","contentUrl":"https:\/\/evocert.pl\/wp-content\/uploads\/2025\/01\/EVOCERT_logo_KOLOR_PNG.png","width":378,"height":378,"caption":"EVOCERT"},"image":{"@id":"https:\/\/evocert.pl\/en\/#\/schema\/logo\/image\/"},"sameAs":["https:\/\/www.linkedin.com\/company\/evocert-sp-z-o-o"]}]}},"_links":{"self":[{"href":"https:\/\/evocert.pl\/zh\/wp-json\/wp\/v2\/pages\/1760","targetHints":{"allow":["GET"]}}],"collection":[{"href":"https:\/\/evocert.pl\/zh\/wp-json\/wp\/v2\/pages"}],"about":[{"href":"https:\/\/evocert.pl\/zh\/wp-json\/wp\/v2\/types\/page"}],"author":[{"embeddable":true,"href":"https:\/\/evocert.pl\/zh\/wp-json\/wp\/v2\/users\/2"}],"replies":[{"embeddable":true,"href":"https:\/\/evocert.pl\/zh\/wp-json\/wp\/v2\/comments?post=1760"}],"version-history":[{"count":5,"href":"https:\/\/evocert.pl\/zh\/wp-json\/wp\/v2\/pages\/1760\/revisions"}],"predecessor-version":[{"id":5326,"href":"https:\/\/evocert.pl\/zh\/wp-json\/wp\/v2\/pages\/1760\/revisions\/5326"}],"wp:attachment":[{"href":"https:\/\/evocert.pl\/zh\/wp-json\/wp\/v2\/media?parent=1760"}],"curies":[{"name":"wp","href":"https:\/\/api.w.org\/{rel}","templated":true}]}}