{"id":1732,"date":"2025-01-02T13:09:50","date_gmt":"2025-01-02T12:09:50","guid":{"rendered":"https:\/\/evocert.pl\/?page_id=1732"},"modified":"2025-07-28T11:23:55","modified_gmt":"2025-07-28T09:23:55","slug":"ifs-food-srodki-i-sankcje","status":"publish","type":"page","link":"https:\/\/evocert.pl\/zh\/ifs-food-srodki-i-sankcje\/","title":{"rendered":"IFS Food \u2014\u2014 \u5371\u673a\u60c5\u51b5 \/ \u4e8b\u6545\u4e8b\u4ef6"},"content":{"rendered":"<div class=\"wp-block-group has-heading-color has-text-color has-link-color has-small-font-size wp-elements-d84134ebea120d44f3254a0d270acd16 is-vertical is-content-justification-stretch is-layout-flex wp-container-core-group-is-layout-d8e33f2a wp-block-group-is-layout-flex\" style=\"padding-right:var(--wp--preset--spacing--60);padding-bottom:var(--wp--preset--spacing--70);padding-left:var(--wp--preset--spacing--30);line-height:1.6\">\n<h2 class=\"wp-block-heading has-custom-logo-color has-text-color has-link-color has-medium-font-size wp-elements-218daf327d4c370e10493de81747ca0b\">\u5ba2\u6237\u4e49\u52a1<\/h2>\n\n\n\n<p class=\"translation-block\">\u5982\u53d1\u751f\u53ef\u80fd\u5f71\u54cd\u7b26\u5408 IFS Food \u6807\u51c6\u8981\u6c42\u7684\u4e8b\u4ef6\uff0c\u5ba2\u6237\u6709\u4e49\u52a1 <strong>\u7acb\u5373\u901a\u77e5 EVOCERT<\/strong>\u3002\u8fd9\u65e2\u5305\u62ec\u7a81\u53d1\u60c5\u51b5\uff08\u5982\u4ea7\u54c1\u53ec\u56de\uff09\uff0c\u4e5f\u5305\u62ec\u91cd\u5927\u7684\u7ec4\u7ec7\u6216\u8fd0\u8425\u53d8\u66f4\u3002<\/p>\n\n\n\n<h3 class=\"wp-block-heading has-custom-logo-color has-text-color has-link-color has-medium-font-size wp-elements-317ec66494c218d6ac45a7a7df701c8c\">\u5728\u4ee5\u4e0b\u60c5\u51b5\u4e0b\uff0c\u5c24\u5176\u9700\u8981\u8fdb\u884c\u62a5\u544a\uff1a<\/h3>\n\n\n\n<ul class=\"wp-block-list\">\n<li>\u4ea7\u54c1\u9000\u56de\u6216\u4ece\u5e02\u573a\u4e0a\u64a4\u56de\uff08\u5305\u62ec\u6839\u636e\u76d1\u7ba1\u673a\u6784\u7684\u6307\u4ee4\uff09<\/li>\n\n\n\n<li>\u6709\u5173\u4ea7\u54c1\u7684\u8b66\u793a\u4fe1\u606f<\/li>\n\n\n\n<li>\u76d1\u7ba1\u673a\u6784\u7684\u68c0\u67e5\uff0c\u4e14\u7531\u6b64\u4ea7\u751f\u4e0e\u98df\u54c1\u5b89\u5168\u6216\u98df\u54c1\u6b3a\u8bc8\u76f8\u5173\u7684\u5f3a\u5236\u6027\u63aa\u65bd<\/li>\n<\/ul>\n\n\n\n<p>\u6240\u6709\u4e8b\u4ef6\u5747\u5e94\u7acb\u5373\u62a5\u544a\uff0c\u4e0a\u8ff0\u6240\u5217\u60c5\u5f62\u6700\u8fdf\u5e94\u5728 3 \u4e2a\u5de5\u4f5c\u65e5\u5185\u62a5\u544a\u3002<\/p>\n<\/div>","protected":false},"excerpt":{"rendered":"<p>Obowi\u0105zki Klienta W przypadku wyst\u0105pienia zdarze\u0144 mog\u0105cych wp\u0142yn\u0105\u0107 na zgodno\u015b\u0107 z wymaganiami standardu IFS Food, Klient ma obowi\u0105zek niezw\u0142ocznie poinformowa\u0107 EVOCERT. Dotyczy to zar\u00f3wno sytuacji nadzwyczajnych (takich jak wycofanie produktu z rynku), jak i istotnych zmian organizacyjnych czy operacyjnych. Zg\u0142oszenia wymagane s\u0105 w szczeg\u00f3lno\u015bci w przypadku: Ka\u017cde zdarzenie powinno by\u0107 zg\u0142oszone bezzw\u0142ocznie, a te wymienione [&hellip;]<\/p>","protected":false},"author":2,"featured_media":0,"parent":0,"menu_order":0,"comment_status":"closed","ping_status":"closed","template":"wp-custom-template-oferta-ifs-food-rodki-sankcje","meta":{"footnotes":""},"class_list":["post-1732","page","type-page","status-publish","hentry"],"yoast_head":"<!-- This site is optimized with the Yoast SEO plugin v26.3 - https:\/\/yoast.com\/wordpress\/plugins\/seo\/ -->\n<title>IFS Food - sytuacje kryzysowe \/ incydenty - EVOCERT<\/title>\n<meta name=\"robots\" content=\"index, follow, max-snippet:-1, max-image-preview:large, max-video-preview:-1\" \/>\n<link rel=\"canonical\" href=\"https:\/\/evocert.pl\/zh\/ifs-food-srodki-i-sankcje\/\" \/>\n<meta property=\"og:locale\" content=\"zh_CN\" \/>\n<meta property=\"og:type\" content=\"article\" \/>\n<meta property=\"og:title\" content=\"IFS Food - sytuacje kryzysowe \/ incydenty - EVOCERT\" \/>\n<meta property=\"og:description\" content=\"Obowi\u0105zki Klienta W przypadku wyst\u0105pienia zdarze\u0144 mog\u0105cych wp\u0142yn\u0105\u0107 na zgodno\u015b\u0107 z wymaganiami standardu IFS Food, Klient ma obowi\u0105zek niezw\u0142ocznie poinformowa\u0107 EVOCERT. Dotyczy to zar\u00f3wno sytuacji nadzwyczajnych (takich jak wycofanie produktu z rynku), jak i istotnych zmian organizacyjnych czy operacyjnych. Zg\u0142oszenia wymagane s\u0105 w szczeg\u00f3lno\u015bci w przypadku: Ka\u017cde zdarzenie powinno by\u0107 zg\u0142oszone bezzw\u0142ocznie, a te wymienione [&hellip;]\" \/>\n<meta property=\"og:url\" content=\"https:\/\/evocert.pl\/zh\/ifs-food-srodki-i-sankcje\/\" \/>\n<meta property=\"og:site_name\" content=\"EVOCERT\" \/>\n<meta property=\"article:modified_time\" content=\"2025-07-28T09:23:55+00:00\" \/>\n<meta property=\"og:image\" content=\"https:\/\/evocert.pl\/wp-content\/uploads\/2025\/01\/EVOCERT_logo_KOLOR_PNG.png\" \/>\n\t<meta property=\"og:image:width\" content=\"378\" \/>\n\t<meta property=\"og:image:height\" content=\"378\" \/>\n\t<meta property=\"og:image:type\" content=\"image\/png\" \/>\n<meta name=\"twitter:card\" content=\"summary_large_image\" \/>\n<meta name=\"twitter:label1\" content=\"\u9884\u8ba1\u9605\u8bfb\u65f6\u95f4\" \/>\n\t<meta name=\"twitter:data1\" content=\"1 \u5206\" \/>\n<script type=\"application\/ld+json\" class=\"yoast-schema-graph\">{\"@context\":\"https:\/\/schema.org\",\"@graph\":[{\"@type\":\"WebPage\",\"@id\":\"https:\/\/evocert.pl\/en\/ifs-food-srodki-i-sankcje\/\",\"url\":\"https:\/\/evocert.pl\/en\/ifs-food-srodki-i-sankcje\/\",\"name\":\"IFS Food - sytuacje kryzysowe \/ incydenty - EVOCERT\",\"isPartOf\":{\"@id\":\"https:\/\/evocert.pl\/en\/#website\"},\"datePublished\":\"2025-01-02T12:09:50+00:00\",\"dateModified\":\"2025-07-28T09:23:55+00:00\",\"breadcrumb\":{\"@id\":\"https:\/\/evocert.pl\/en\/ifs-food-srodki-i-sankcje\/#breadcrumb\"},\"inLanguage\":\"zh-Hans\",\"potentialAction\":[{\"@type\":\"ReadAction\",\"target\":[\"https:\/\/evocert.pl\/en\/ifs-food-srodki-i-sankcje\/\"]}]},{\"@type\":\"BreadcrumbList\",\"@id\":\"https:\/\/evocert.pl\/en\/ifs-food-srodki-i-sankcje\/#breadcrumb\",\"itemListElement\":[{\"@type\":\"ListItem\",\"position\":1,\"name\":\"Strona g\u0142\u00f3wna\",\"item\":\"https:\/\/evocert.pl\/en\/\"},{\"@type\":\"ListItem\",\"position\":2,\"name\":\"IFS Food &#8211; sytuacje kryzysowe \/ incydenty\"}]},{\"@type\":\"WebSite\",\"@id\":\"https:\/\/evocert.pl\/en\/#website\",\"url\":\"https:\/\/evocert.pl\/en\/\",\"name\":\"EVOCERT\",\"description\":\"Evolution in certification\",\"publisher\":{\"@id\":\"https:\/\/evocert.pl\/en\/#organization\"},\"potentialAction\":[{\"@type\":\"SearchAction\",\"target\":{\"@type\":\"EntryPoint\",\"urlTemplate\":\"https:\/\/evocert.pl\/en\/?s={search_term_string}\"},\"query-input\":{\"@type\":\"PropertyValueSpecification\",\"valueRequired\":true,\"valueName\":\"search_term_string\"}}],\"inLanguage\":\"zh-Hans\"},{\"@type\":\"Organization\",\"@id\":\"https:\/\/evocert.pl\/en\/#organization\",\"name\":\"EVOCERT\",\"url\":\"https:\/\/evocert.pl\/en\/\",\"logo\":{\"@type\":\"ImageObject\",\"inLanguage\":\"zh-Hans\",\"@id\":\"https:\/\/evocert.pl\/en\/#\/schema\/logo\/image\/\",\"url\":\"https:\/\/evocert.pl\/wp-content\/uploads\/2025\/01\/EVOCERT_logo_KOLOR_PNG.png\",\"contentUrl\":\"https:\/\/evocert.pl\/wp-content\/uploads\/2025\/01\/EVOCERT_logo_KOLOR_PNG.png\",\"width\":378,\"height\":378,\"caption\":\"EVOCERT\"},\"image\":{\"@id\":\"https:\/\/evocert.pl\/en\/#\/schema\/logo\/image\/\"},\"sameAs\":[\"https:\/\/www.linkedin.com\/company\/evocert-sp-z-o-o\"]}]}<\/script>\n<!-- \/ Yoast SEO plugin. -->","yoast_head_json":{"title":"IFS Food - sytuacje kryzysowe \/ incydenty - EVOCERT","robots":{"index":"index","follow":"follow","max-snippet":"max-snippet:-1","max-image-preview":"max-image-preview:large","max-video-preview":"max-video-preview:-1"},"canonical":"https:\/\/evocert.pl\/zh\/ifs-food-srodki-i-sankcje\/","og_locale":"zh_CN","og_type":"article","og_title":"IFS Food - sytuacje kryzysowe \/ incydenty - EVOCERT","og_description":"Obowi\u0105zki Klienta W przypadku wyst\u0105pienia zdarze\u0144 mog\u0105cych wp\u0142yn\u0105\u0107 na zgodno\u015b\u0107 z wymaganiami standardu IFS Food, Klient ma obowi\u0105zek niezw\u0142ocznie poinformowa\u0107 EVOCERT. Dotyczy to zar\u00f3wno sytuacji nadzwyczajnych (takich jak wycofanie produktu z rynku), jak i istotnych zmian organizacyjnych czy operacyjnych. Zg\u0142oszenia wymagane s\u0105 w szczeg\u00f3lno\u015bci w przypadku: Ka\u017cde zdarzenie powinno by\u0107 zg\u0142oszone bezzw\u0142ocznie, a te wymienione [&hellip;]","og_url":"https:\/\/evocert.pl\/zh\/ifs-food-srodki-i-sankcje\/","og_site_name":"EVOCERT","article_modified_time":"2025-07-28T09:23:55+00:00","og_image":[{"width":378,"height":378,"url":"https:\/\/evocert.pl\/wp-content\/uploads\/2025\/01\/EVOCERT_logo_KOLOR_PNG.png","type":"image\/png"}],"twitter_card":"summary_large_image","twitter_misc":{"\u9884\u8ba1\u9605\u8bfb\u65f6\u95f4":"1 \u5206"},"schema":{"@context":"https:\/\/schema.org","@graph":[{"@type":"WebPage","@id":"https:\/\/evocert.pl\/en\/ifs-food-srodki-i-sankcje\/","url":"https:\/\/evocert.pl\/en\/ifs-food-srodki-i-sankcje\/","name":"IFS Food - sytuacje kryzysowe \/ incydenty - EVOCERT","isPartOf":{"@id":"https:\/\/evocert.pl\/en\/#website"},"datePublished":"2025-01-02T12:09:50+00:00","dateModified":"2025-07-28T09:23:55+00:00","breadcrumb":{"@id":"https:\/\/evocert.pl\/en\/ifs-food-srodki-i-sankcje\/#breadcrumb"},"inLanguage":"zh-Hans","potentialAction":[{"@type":"ReadAction","target":["https:\/\/evocert.pl\/en\/ifs-food-srodki-i-sankcje\/"]}]},{"@type":"BreadcrumbList","@id":"https:\/\/evocert.pl\/en\/ifs-food-srodki-i-sankcje\/#breadcrumb","itemListElement":[{"@type":"ListItem","position":1,"name":"Strona g\u0142\u00f3wna","item":"https:\/\/evocert.pl\/en\/"},{"@type":"ListItem","position":2,"name":"IFS Food &#8211; sytuacje kryzysowe \/ incydenty"}]},{"@type":"WebSite","@id":"https:\/\/evocert.pl\/en\/#website","url":"https:\/\/evocert.pl\/en\/","name":"EVOCERT","description":"Evolution in certification","publisher":{"@id":"https:\/\/evocert.pl\/en\/#organization"},"potentialAction":[{"@type":"SearchAction","target":{"@type":"EntryPoint","urlTemplate":"https:\/\/evocert.pl\/en\/?s={search_term_string}"},"query-input":{"@type":"PropertyValueSpecification","valueRequired":true,"valueName":"search_term_string"}}],"inLanguage":"zh-Hans"},{"@type":"Organization","@id":"https:\/\/evocert.pl\/en\/#organization","name":"EVOCERT","url":"https:\/\/evocert.pl\/en\/","logo":{"@type":"ImageObject","inLanguage":"zh-Hans","@id":"https:\/\/evocert.pl\/en\/#\/schema\/logo\/image\/","url":"https:\/\/evocert.pl\/wp-content\/uploads\/2025\/01\/EVOCERT_logo_KOLOR_PNG.png","contentUrl":"https:\/\/evocert.pl\/wp-content\/uploads\/2025\/01\/EVOCERT_logo_KOLOR_PNG.png","width":378,"height":378,"caption":"EVOCERT"},"image":{"@id":"https:\/\/evocert.pl\/en\/#\/schema\/logo\/image\/"},"sameAs":["https:\/\/www.linkedin.com\/company\/evocert-sp-z-o-o"]}]}},"_links":{"self":[{"href":"https:\/\/evocert.pl\/zh\/wp-json\/wp\/v2\/pages\/1732","targetHints":{"allow":["GET"]}}],"collection":[{"href":"https:\/\/evocert.pl\/zh\/wp-json\/wp\/v2\/pages"}],"about":[{"href":"https:\/\/evocert.pl\/zh\/wp-json\/wp\/v2\/types\/page"}],"author":[{"embeddable":true,"href":"https:\/\/evocert.pl\/zh\/wp-json\/wp\/v2\/users\/2"}],"replies":[{"embeddable":true,"href":"https:\/\/evocert.pl\/zh\/wp-json\/wp\/v2\/comments?post=1732"}],"version-history":[{"count":6,"href":"https:\/\/evocert.pl\/zh\/wp-json\/wp\/v2\/pages\/1732\/revisions"}],"predecessor-version":[{"id":4750,"href":"https:\/\/evocert.pl\/zh\/wp-json\/wp\/v2\/pages\/1732\/revisions\/4750"}],"wp:attachment":[{"href":"https:\/\/evocert.pl\/zh\/wp-json\/wp\/v2\/media?parent=1732"}],"curies":[{"name":"wp","href":"https:\/\/api.w.org\/{rel}","templated":true}]}}