{"id":1729,"date":"2025-01-02T13:09:30","date_gmt":"2025-01-02T12:09:30","guid":{"rendered":"https:\/\/evocert.pl\/?page_id=1729"},"modified":"2025-07-24T15:16:04","modified_gmt":"2025-07-24T13:16:04","slug":"ifs-food-znakowanie","status":"publish","type":"page","link":"https:\/\/evocert.pl\/zh\/ifs-food-znakowanie\/","title":{"rendered":"IFS Food - \u6807\u8bc6\uff08\u6807\u6ce8\uff09"},"content":{"rendered":"<div class=\"wp-block-group has-heading-color has-text-color has-link-color has-small-font-size wp-elements-6164bb747247648623ee8e7ef31d6a87 is-vertical is-content-justification-stretch is-layout-flex wp-container-core-group-is-layout-d8e33f2a wp-block-group-is-layout-flex\" style=\"padding-right:var(--wp--preset--spacing--60);padding-bottom:var(--wp--preset--spacing--70);padding-left:var(--wp--preset--spacing--30);line-height:1.6\">\n<h2 class=\"wp-block-heading has-custom-logo-color has-text-color has-link-color has-medium-font-size wp-elements-9d14d619b409ad9f1435d06107cc7dfa\">IFS \u6807\u8bc6\u4f7f\u7528\u89c4\u5219<\/h2>\n\n\n\n<p class=\"translation-block\">\u4ec5\u9650 \u6301\u6709 <strong>\u6709\u6548 IFS \u8bc1\u4e66<\/strong> \u7684\u4f01\u4e1a \u624d\u53ef\u4f7f\u7528 IFS \u6807\u8bc6\u3002\u5176\u4f7f\u7528\u987b\u9075\u5faa <strong>\u4e25\u683c\u89c4\u5b9a\u7684\u89c4\u5219<\/strong>\uff0c\u4ee5\u9632\u6b62\u8bef\u5bfc\u6d88\u8d39\u8005\u3002<\/p>\n\n\n\n<p>IFS <strong>\u6807\u8bc6\u4e0d\u5f97\u4f7f\u7528\u4e8e\uff1a<\/strong>:<\/p>\n\n\n\n<ul class=\"wp-block-list\">\n<li>\u76f4\u63a5\u5370\u5728\u4ea7\u54c1\u4e0a\uff1b<\/li>\n\n\n\n<li>\u5370\u5728\u4ea7\u54c1\u7684\u521d\u7ea7\u5305\u88c5\u4e0a\uff1b<\/li>\n\n\n\n<li>\u4ee5\u53ca\u4efb\u4f55\u53ef\u80fd\u9762\u5411\u6700\u7ec8\u6d88\u8d39\u8005\u7684\u5ba3\u4f20\u6750\u6599\u4e0a<br>\uff08\u4f8b\u5982\uff1a\u4f01\u4e1a\u95f4\u9500\u552e\u5305\u88c5\u3001\u9762\u5411\u6d88\u8d39\u8005\u7684\u516c\u5171\u5c55\u793a\u3001\u9762\u5411\u7ec8\u7aef\u6d88\u8d39\u8005\u7684\u4ea7\u54c1\u5ba3\u4f20\u518c\u7b49\uff09\u3002<\/li>\n<\/ul>\n\n\n\n<p>IFS <strong>\u6807\u8bc6\u4ec5\u53ef\u7528\u4e8e<\/strong> \u7f51\u7ad9\u4e2d\u4e0e\u8d28\u91cf\u7ba1\u7406\u6216\u603b\u4f53\u8d28\u91cf\u4e0e\u5b89\u5168\u76f8\u5173\u7684\u680f\u76ee\u3002<\/p>\n\n\n\n<hr class=\"wp-block-separator has-text-color has-custom-logo-color has-alpha-channel-opacity has-custom-logo-background-color has-background is-style-wide\" style=\"margin-top:var(--wp--preset--spacing--40);margin-bottom:var(--wp--preset--spacing--40)\"\/>\n\n\n\n<p class=\"has-small-font-size translation-block\">IFS \u6807\u8bc6\u7684\u5b8c\u6574\u4f7f\u7528\u89c4\u5219\u548c\u6761\u4ef6\u53ef\u5728 IFS \u5b98\u65b9\u7f51\u7ad9\u4e0a\u67e5\u9605\uff1a\n<a class=\"\" href=\"https:\/\/www.ifs-certification.com\/en\/terms-and-conditions-for-using-the-ifs-logos\" target=\"_self\">\u4f7f\u7528 IFS \u6807\u8bc6\u7684\u6761\u6b3e\u4e0e\u6761\u4ef6<\/a><\/p>\n\n\n\n<p>\u5728\u4f7f\u7528\u8be5\u6807\u8bc6\u4e4b\u524d\uff0c\u6211\u4eec\u5efa\u8bae\u60a8\u4ed4\u7ec6\u9605\u8bfb\u76f8\u5173\u539f\u59cb\u6587\u4ef6\u3002 <\/p>\n<\/div>","protected":false},"excerpt":{"rendered":"<p>Zasady u\u017cywania logo IFS Pos\u0142ugiwanie si\u0119 logo IFS jest mo\u017cliwe wy\u0142\u0105cznie przez firmy posiadaj\u0105ce wa\u017cny certyfikat IFS. Jego u\u017cycie podlega \u015bci\u015ble okre\u015blonym zasadom, kt\u00f3re maj\u0105 na celu zapobieganie wprowadzaniu konsument\u00f3w w b\u0142\u0105d. Logo IFS nie mo\u017ce by\u0107 umieszczane: Logo IFS mo\u017ce by\u0107 u\u017cywane wy\u0142\u0105cznie w sekcjach strony internetowej zwi\u0105zanych z zarz\u0105dzaniem jako\u015bci\u0105 lub og\u00f3lnie z [&hellip;]<\/p>","protected":false},"author":2,"featured_media":0,"parent":0,"menu_order":0,"comment_status":"closed","ping_status":"closed","template":"wp-custom-template-oferta-ifs-food-znakowanie","meta":{"footnotes":""},"class_list":["post-1729","page","type-page","status-publish","hentry"],"yoast_head":"<!-- This site is optimized with the Yoast SEO plugin v26.3 - https:\/\/yoast.com\/wordpress\/plugins\/seo\/ -->\n<title>IFS Food - znakowanie - EVOCERT<\/title>\n<meta name=\"robots\" content=\"index, follow, max-snippet:-1, max-image-preview:large, max-video-preview:-1\" \/>\n<link rel=\"canonical\" href=\"https:\/\/evocert.pl\/zh\/ifs-food-znakowanie\/\" \/>\n<meta property=\"og:locale\" content=\"zh_CN\" \/>\n<meta property=\"og:type\" content=\"article\" \/>\n<meta property=\"og:title\" content=\"IFS Food - znakowanie - EVOCERT\" \/>\n<meta property=\"og:description\" content=\"Zasady u\u017cywania logo IFS Pos\u0142ugiwanie si\u0119 logo IFS jest mo\u017cliwe wy\u0142\u0105cznie przez firmy posiadaj\u0105ce wa\u017cny certyfikat IFS. Jego u\u017cycie podlega \u015bci\u015ble okre\u015blonym zasadom, kt\u00f3re maj\u0105 na celu zapobieganie wprowadzaniu konsument\u00f3w w b\u0142\u0105d. Logo IFS nie mo\u017ce by\u0107 umieszczane: Logo IFS mo\u017ce by\u0107 u\u017cywane wy\u0142\u0105cznie w sekcjach strony internetowej zwi\u0105zanych z zarz\u0105dzaniem jako\u015bci\u0105 lub og\u00f3lnie z [&hellip;]\" \/>\n<meta property=\"og:url\" content=\"https:\/\/evocert.pl\/zh\/ifs-food-znakowanie\/\" \/>\n<meta property=\"og:site_name\" content=\"EVOCERT\" \/>\n<meta property=\"article:modified_time\" content=\"2025-07-24T13:16:04+00:00\" \/>\n<meta property=\"og:image\" content=\"https:\/\/evocert.pl\/wp-content\/uploads\/2025\/01\/EVOCERT_logo_KOLOR_PNG.png\" \/>\n\t<meta property=\"og:image:width\" content=\"378\" \/>\n\t<meta property=\"og:image:height\" content=\"378\" \/>\n\t<meta property=\"og:image:type\" content=\"image\/png\" \/>\n<meta name=\"twitter:card\" content=\"summary_large_image\" \/>\n<meta name=\"twitter:label1\" content=\"\u9884\u8ba1\u9605\u8bfb\u65f6\u95f4\" \/>\n\t<meta name=\"twitter:data1\" content=\"1 \u5206\" \/>\n<script type=\"application\/ld+json\" class=\"yoast-schema-graph\">{\"@context\":\"https:\/\/schema.org\",\"@graph\":[{\"@type\":\"WebPage\",\"@id\":\"https:\/\/evocert.pl\/en\/ifs-food-znakowanie\/\",\"url\":\"https:\/\/evocert.pl\/en\/ifs-food-znakowanie\/\",\"name\":\"IFS Food - znakowanie - EVOCERT\",\"isPartOf\":{\"@id\":\"https:\/\/evocert.pl\/en\/#website\"},\"datePublished\":\"2025-01-02T12:09:30+00:00\",\"dateModified\":\"2025-07-24T13:16:04+00:00\",\"breadcrumb\":{\"@id\":\"https:\/\/evocert.pl\/en\/ifs-food-znakowanie\/#breadcrumb\"},\"inLanguage\":\"zh-Hans\",\"potentialAction\":[{\"@type\":\"ReadAction\",\"target\":[\"https:\/\/evocert.pl\/en\/ifs-food-znakowanie\/\"]}]},{\"@type\":\"BreadcrumbList\",\"@id\":\"https:\/\/evocert.pl\/en\/ifs-food-znakowanie\/#breadcrumb\",\"itemListElement\":[{\"@type\":\"ListItem\",\"position\":1,\"name\":\"Strona g\u0142\u00f3wna\",\"item\":\"https:\/\/evocert.pl\/en\/\"},{\"@type\":\"ListItem\",\"position\":2,\"name\":\"IFS Food &#8211; znakowanie\"}]},{\"@type\":\"WebSite\",\"@id\":\"https:\/\/evocert.pl\/en\/#website\",\"url\":\"https:\/\/evocert.pl\/en\/\",\"name\":\"EVOCERT\",\"description\":\"Evolution in certification\",\"publisher\":{\"@id\":\"https:\/\/evocert.pl\/en\/#organization\"},\"potentialAction\":[{\"@type\":\"SearchAction\",\"target\":{\"@type\":\"EntryPoint\",\"urlTemplate\":\"https:\/\/evocert.pl\/en\/?s={search_term_string}\"},\"query-input\":{\"@type\":\"PropertyValueSpecification\",\"valueRequired\":true,\"valueName\":\"search_term_string\"}}],\"inLanguage\":\"zh-Hans\"},{\"@type\":\"Organization\",\"@id\":\"https:\/\/evocert.pl\/en\/#organization\",\"name\":\"EVOCERT\",\"url\":\"https:\/\/evocert.pl\/en\/\",\"logo\":{\"@type\":\"ImageObject\",\"inLanguage\":\"zh-Hans\",\"@id\":\"https:\/\/evocert.pl\/en\/#\/schema\/logo\/image\/\",\"url\":\"https:\/\/evocert.pl\/wp-content\/uploads\/2025\/01\/EVOCERT_logo_KOLOR_PNG.png\",\"contentUrl\":\"https:\/\/evocert.pl\/wp-content\/uploads\/2025\/01\/EVOCERT_logo_KOLOR_PNG.png\",\"width\":378,\"height\":378,\"caption\":\"EVOCERT\"},\"image\":{\"@id\":\"https:\/\/evocert.pl\/en\/#\/schema\/logo\/image\/\"},\"sameAs\":[\"https:\/\/www.linkedin.com\/company\/evocert-sp-z-o-o\"]}]}<\/script>\n<!-- \/ Yoast SEO plugin. -->","yoast_head_json":{"title":"IFS Food - znakowanie - EVOCERT","robots":{"index":"index","follow":"follow","max-snippet":"max-snippet:-1","max-image-preview":"max-image-preview:large","max-video-preview":"max-video-preview:-1"},"canonical":"https:\/\/evocert.pl\/zh\/ifs-food-znakowanie\/","og_locale":"zh_CN","og_type":"article","og_title":"IFS Food - znakowanie - EVOCERT","og_description":"Zasady u\u017cywania logo IFS Pos\u0142ugiwanie si\u0119 logo IFS jest mo\u017cliwe wy\u0142\u0105cznie przez firmy posiadaj\u0105ce wa\u017cny certyfikat IFS. Jego u\u017cycie podlega \u015bci\u015ble okre\u015blonym zasadom, kt\u00f3re maj\u0105 na celu zapobieganie wprowadzaniu konsument\u00f3w w b\u0142\u0105d. Logo IFS nie mo\u017ce by\u0107 umieszczane: Logo IFS mo\u017ce by\u0107 u\u017cywane wy\u0142\u0105cznie w sekcjach strony internetowej zwi\u0105zanych z zarz\u0105dzaniem jako\u015bci\u0105 lub og\u00f3lnie z [&hellip;]","og_url":"https:\/\/evocert.pl\/zh\/ifs-food-znakowanie\/","og_site_name":"EVOCERT","article_modified_time":"2025-07-24T13:16:04+00:00","og_image":[{"width":378,"height":378,"url":"https:\/\/evocert.pl\/wp-content\/uploads\/2025\/01\/EVOCERT_logo_KOLOR_PNG.png","type":"image\/png"}],"twitter_card":"summary_large_image","twitter_misc":{"\u9884\u8ba1\u9605\u8bfb\u65f6\u95f4":"1 \u5206"},"schema":{"@context":"https:\/\/schema.org","@graph":[{"@type":"WebPage","@id":"https:\/\/evocert.pl\/en\/ifs-food-znakowanie\/","url":"https:\/\/evocert.pl\/en\/ifs-food-znakowanie\/","name":"IFS Food - znakowanie - EVOCERT","isPartOf":{"@id":"https:\/\/evocert.pl\/en\/#website"},"datePublished":"2025-01-02T12:09:30+00:00","dateModified":"2025-07-24T13:16:04+00:00","breadcrumb":{"@id":"https:\/\/evocert.pl\/en\/ifs-food-znakowanie\/#breadcrumb"},"inLanguage":"zh-Hans","potentialAction":[{"@type":"ReadAction","target":["https:\/\/evocert.pl\/en\/ifs-food-znakowanie\/"]}]},{"@type":"BreadcrumbList","@id":"https:\/\/evocert.pl\/en\/ifs-food-znakowanie\/#breadcrumb","itemListElement":[{"@type":"ListItem","position":1,"name":"Strona g\u0142\u00f3wna","item":"https:\/\/evocert.pl\/en\/"},{"@type":"ListItem","position":2,"name":"IFS Food &#8211; znakowanie"}]},{"@type":"WebSite","@id":"https:\/\/evocert.pl\/en\/#website","url":"https:\/\/evocert.pl\/en\/","name":"EVOCERT","description":"Evolution in certification","publisher":{"@id":"https:\/\/evocert.pl\/en\/#organization"},"potentialAction":[{"@type":"SearchAction","target":{"@type":"EntryPoint","urlTemplate":"https:\/\/evocert.pl\/en\/?s={search_term_string}"},"query-input":{"@type":"PropertyValueSpecification","valueRequired":true,"valueName":"search_term_string"}}],"inLanguage":"zh-Hans"},{"@type":"Organization","@id":"https:\/\/evocert.pl\/en\/#organization","name":"EVOCERT","url":"https:\/\/evocert.pl\/en\/","logo":{"@type":"ImageObject","inLanguage":"zh-Hans","@id":"https:\/\/evocert.pl\/en\/#\/schema\/logo\/image\/","url":"https:\/\/evocert.pl\/wp-content\/uploads\/2025\/01\/EVOCERT_logo_KOLOR_PNG.png","contentUrl":"https:\/\/evocert.pl\/wp-content\/uploads\/2025\/01\/EVOCERT_logo_KOLOR_PNG.png","width":378,"height":378,"caption":"EVOCERT"},"image":{"@id":"https:\/\/evocert.pl\/en\/#\/schema\/logo\/image\/"},"sameAs":["https:\/\/www.linkedin.com\/company\/evocert-sp-z-o-o"]}]}},"_links":{"self":[{"href":"https:\/\/evocert.pl\/zh\/wp-json\/wp\/v2\/pages\/1729","targetHints":{"allow":["GET"]}}],"collection":[{"href":"https:\/\/evocert.pl\/zh\/wp-json\/wp\/v2\/pages"}],"about":[{"href":"https:\/\/evocert.pl\/zh\/wp-json\/wp\/v2\/types\/page"}],"author":[{"embeddable":true,"href":"https:\/\/evocert.pl\/zh\/wp-json\/wp\/v2\/users\/2"}],"replies":[{"embeddable":true,"href":"https:\/\/evocert.pl\/zh\/wp-json\/wp\/v2\/comments?post=1729"}],"version-history":[{"count":6,"href":"https:\/\/evocert.pl\/zh\/wp-json\/wp\/v2\/pages\/1729\/revisions"}],"predecessor-version":[{"id":4727,"href":"https:\/\/evocert.pl\/zh\/wp-json\/wp\/v2\/pages\/1729\/revisions\/4727"}],"wp:attachment":[{"href":"https:\/\/evocert.pl\/zh\/wp-json\/wp\/v2\/media?parent=1729"}],"curies":[{"name":"wp","href":"https:\/\/api.w.org\/{rel}","templated":true}]}}