{"id":1696,"date":"2025-01-02T12:43:31","date_gmt":"2025-01-02T11:43:31","guid":{"rendered":"https:\/\/evocert.pl\/?page_id=1696"},"modified":"2025-11-03T13:45:23","modified_gmt":"2025-11-03T12:45:23","slug":"ifs-broker","status":"publish","type":"page","link":"https:\/\/evocert.pl\/zh\/ifs-broker\/","title":{"rendered":"IFS Broker"},"content":{"rendered":"<div class=\"wp-block-group has-heading-color has-text-color has-link-color has-small-font-size wp-elements-82f87778d4a35f91bd80b69beff67d06 is-vertical is-content-justification-stretch is-layout-flex wp-container-core-group-is-layout-a5b1d185 wp-block-group-is-layout-flex\" style=\"padding-right:var(--wp--preset--spacing--60);padding-bottom:var(--wp--preset--spacing--60);padding-left:var(--wp--preset--spacing--30);line-height:1.6\">\n<h2 class=\"wp-block-heading has-custom-logo-color has-text-color has-link-color has-medium-font-size wp-elements-6406006b54589d5430af35238da22365\">\u4ec0\u4e48\u662f IFS Broker\uff1f<\/h2>\n\n\n\n<p class=\"translation-block\"><strong>IFS Broker v. 3.2<\/strong> \u662f\u4e00\u9879\u7528\u4e8e\u8bc4\u4f30\u4ece\u4e8b\u5546\u4e1a\u4e2d\u4ecb\u3001\u9500\u552e\u4ee3\u7406\u53ca\u4ea7\u54c1\u8fdb\u53e3\u4f01\u4e1a\u7684\u56fd\u9645\u6807\u51c6\uff0c\u9002\u7528\u4e8e\u98df\u54c1\u3001\u65e5\u7528\u6d88\u8d39\u54c1\u3001\u4e2a\u4eba\u536b\u751f\u7528\u54c1\u4ee5\u53ca\u5305\u88c5\u6750\u6599\u7b49\u4ea7\u54c1\u3002\n\u8be5\u6807\u51c6\u9002\u7528\u4e8e\u901a\u5e38\u4e0d\u76f4\u63a5\u63a5\u89e6\u4ea7\u54c1\u5b9e\u7269\uff0c\u4f46\u5728\u6574\u4e2a\u4f9b\u5e94\u94fe\u4e2d\u4ecd\u5bf9\u4ea7\u54c1\u7684\u8d28\u91cf\u4e0e\u5b89\u5168\u627f\u62c5\u8d23\u4efb\u7684\u4f01\u4e1a\u3002<\/p>\n\n\n\n<hr class=\"wp-block-separator has-text-color has-custom-logo-color has-alpha-channel-opacity has-custom-logo-background-color has-background is-style-wide\" style=\"margin-top:var(--wp--preset--spacing--40);margin-bottom:var(--wp--preset--spacing--40)\"\/>\n\n\n\n<p>IFS Broker \u7684\u76ee\u6807\u662f\u786e\u4fdd\u4f01\u4e1a\u6240\u63d0\u4f9b\u7684\u4e2d\u4ecb\u670d\u52a1\u80fd\u591f\u4fdd\u969c\u6240\u4ea4\u6613\u4ea7\u54c1\u7684\u8d28\u91cf\u3001\u5b89\u5168\u6027\u3001\u771f\u5b9e\u6027\u548c\u5408\u6cd5\u6027\u3002\n\u8bc4\u4f30\u5185\u5bb9\u5305\u62ec\u4f46\u4e0d\u9650\u4e8e\uff1a\u4f9b\u5e94\u5546\u7684\u9009\u62e9\u4e0e\u5ba1\u6838\u65b9\u5f0f\u3001\u5bf9\u670d\u52a1\u63d0\u4f9b\u5546\u7684\u76d1\u7763\u3001\u5bf9\u4e8b\u6545\u4e0e\u6295\u8bc9\u7684\u5e94\u5bf9\u80fd\u529b\uff0c\u4ee5\u53ca\u5728\u51fa\u73b0\u98ce\u9669\u65f6\u4ece\u5e02\u573a\u4e0a\u53ec\u56de\u4ea7\u54c1\u7684\u80fd\u529b\u3002<\/p>\n\n\n\n<hr class=\"wp-block-separator has-text-color has-custom-logo-color has-alpha-channel-opacity has-custom-logo-background-color has-background is-style-wide\" style=\"margin-top:var(--wp--preset--spacing--40);margin-bottom:var(--wp--preset--spacing--40)\"\/>\n\n\n\n<p class=\"translation-block\"><strong>\u8be5\u6807\u51c6\u9002\u7528\u4e8e<\/strong> \u4f5c\u4e3a\u7ecf\u7eaa\u4eba\u3001\u8d38\u6613\u4ee3\u7406\u3001\u8fdb\u53e3\u5546\u6216\u4ee5\u81ea\u8425\u65b9\u5f0f\u8fdb\u884c\u5546\u54c1\u8d38\u6613\u7684\u4f01\u4e1a\u3002 \u5173\u952e\u5728\u4e8e\u5bf9\u4f9b\u5e94\u94fe\u5173\u7cfb\u7684\u6709\u6548\u7ba1\u7406\uff0c\u4ee5\u53ca\u786e\u4fdd\u7b26\u5408\u5ba2\u6237\u8981\u6c42\u548c\u6cd5\u5f8b\u6cd5\u89c4\u3002<\/p>\n\n\n\n<hr class=\"wp-block-separator has-text-color has-custom-logo-color has-alpha-channel-opacity has-custom-logo-background-color has-background is-style-wide\" style=\"margin-top:var(--wp--preset--spacing--40);margin-bottom:var(--wp--preset--spacing--40)\"\/>\n\n\n\n<p class=\"translation-block\">IFS Broker <strong>\u4e0d\u9002\u7528\u4e8e<\/strong> \u4e0e\u4ea7\u54c1\u52a0\u5de5\u3001\u751f\u4ea7\u3001\u4ed3\u50a8\u6216\u8fd0\u8f93\u76f8\u5173\u7684\u6d3b\u52a8\u3002 \u5982\u4f01\u4e1a\u4ece\u4e8b\u4e0a\u8ff0\u6d3b\u52a8\uff0c\u5219\u5e94\u9002\u7528\u5176\u4ed6\u6807\u51c6\uff0c\u4f8b\u5982 IFS Logistics \u6216 IFS Food\u3002<\/p>\n\n\n\n<hr class=\"wp-block-separator has-text-color has-custom-logo-color has-alpha-channel-opacity has-custom-logo-background-color has-background is-style-wide\" style=\"margin-top:var(--wp--preset--spacing--40);margin-bottom:var(--wp--preset--spacing--40)\"\/>\n\n\n\n<h2 class=\"wp-block-heading has-custom-logo-color has-text-color has-link-color has-medium-font-size wp-elements-a45c88926cdc09c5f552115ff1521822\">\u9009\u62e9 EVOCERT \u8fdb\u884c\u8ba4\u8bc1<\/h2>\n\n\n\n<p>EVOCERT \u62e5\u6709\u4e00\u652f\u7ecf\u9a8c\u4e30\u5bcc\u7684\u5ba1\u6838\u5458\u548c\u4e13\u5bb6\u56e2\u961f\uff0c\u4ed6\u4eec\u5c06\u5f15\u5bfc\u60a8\u7684\u4f01\u4e1a\u5b8c\u6210\u6574\u4e2a\u8ba4\u8bc1\u6d41\u7a0b \u2014 \u4ece\u9996\u6b21\u6c9f\u901a\u3001\u89e3\u7b54\u7591\u95ee\u3001\u5b9e\u65bd\u4e25\u683c\u800c\u53ef\u9760\u7684\u5ba1\u6838\uff0c\u5230\u6700\u7ec8\u7b7e\u53d1\u8bc1\u4e66\u3002 <\/p>\n\n\n\n<p class=\"translation-block\">\u9009\u62e9 IFS Broker \u6807\u51c6\u6240\u5e26\u6765\u7684 <strong>\u53ef\u9760\u8bc4\u4f30<\/strong>\u3001<strong>\u6e05\u6670\u8981\u6c42<\/strong> \u4e0e <strong>\u56fd\u9645\u58f0\u8a89<\/strong>\u3002<\/p>\n\n\n\n<p class=\"translation-block\"><a href=\"https:\/\/evocert.pl\/zh\/kontakt\/\" target=\"_self\">\u8054\u7cfb\u6211\u4eec<\/a>\uff0c\u4ee5\u542f\u52a8\u8ba4\u8bc1\u6d41\u7a0b\uff0c\u6216\u8fdb\u4e00\u6b65\u4e86\u89e3 IFS Broker v. 3.2 \u7684\u76f8\u5173\u8981\u6c42\u3002<\/p>\n<\/div>","protected":false},"excerpt":{"rendered":"<p>Czym jest IFS Broker? IFS Broker v.3.2 to mi\u0119dzynarodowy standard przeznaczony do oceny firm zajmuj\u0105cych si\u0119 po\u015brednictwem handlowym, agencjami sprzeda\u017cy oraz importem produkt\u00f3w, takich jak \u017cywno\u015b\u0107, artyku\u0142y gospodarstwa domowego, produkty higieny osobistej czy materia\u0142y opakowaniowe. Standard dotyczy podmiot\u00f3w, kt\u00f3re najcz\u0119\u015bciej nie maj\u0105 fizycznego kontaktu z produktem, ale ponosz\u0105 odpowiedzialno\u015b\u0107 za jego jako\u015b\u0107 oraz bezpiecze\u0144stwo w [&hellip;]<\/p>","protected":false},"author":2,"featured_media":0,"parent":0,"menu_order":0,"comment_status":"closed","ping_status":"closed","template":"wp-custom-template-oferta-ifs-broker-og-lne","meta":{"footnotes":""},"class_list":["post-1696","page","type-page","status-publish","hentry"],"yoast_head":"<!-- This site is optimized with the Yoast SEO plugin v26.3 - https:\/\/yoast.com\/wordpress\/plugins\/seo\/ -->\n<title>IFS Broker - EVOCERT<\/title>\n<meta name=\"robots\" content=\"index, follow, max-snippet:-1, max-image-preview:large, max-video-preview:-1\" \/>\n<link rel=\"canonical\" href=\"https:\/\/evocert.pl\/zh\/ifs-broker\/\" \/>\n<meta property=\"og:locale\" content=\"zh_CN\" \/>\n<meta property=\"og:type\" content=\"article\" \/>\n<meta property=\"og:title\" content=\"IFS Broker - EVOCERT\" \/>\n<meta property=\"og:description\" content=\"Czym jest IFS Broker? IFS Broker v.3.2 to mi\u0119dzynarodowy standard przeznaczony do oceny firm zajmuj\u0105cych si\u0119 po\u015brednictwem handlowym, agencjami sprzeda\u017cy oraz importem produkt\u00f3w, takich jak \u017cywno\u015b\u0107, artyku\u0142y gospodarstwa domowego, produkty higieny osobistej czy materia\u0142y opakowaniowe. Standard dotyczy podmiot\u00f3w, kt\u00f3re najcz\u0119\u015bciej nie maj\u0105 fizycznego kontaktu z produktem, ale ponosz\u0105 odpowiedzialno\u015b\u0107 za jego jako\u015b\u0107 oraz bezpiecze\u0144stwo w [&hellip;]\" \/>\n<meta property=\"og:url\" content=\"https:\/\/evocert.pl\/zh\/ifs-broker\/\" \/>\n<meta property=\"og:site_name\" content=\"EVOCERT\" \/>\n<meta property=\"article:modified_time\" content=\"2025-11-03T12:45:23+00:00\" \/>\n<meta property=\"og:image\" content=\"https:\/\/evocert.pl\/wp-content\/uploads\/2025\/01\/EVOCERT_logo_KOLOR_PNG.png\" \/>\n\t<meta property=\"og:image:width\" content=\"378\" \/>\n\t<meta property=\"og:image:height\" content=\"378\" \/>\n\t<meta property=\"og:image:type\" content=\"image\/png\" \/>\n<meta name=\"twitter:card\" content=\"summary_large_image\" \/>\n<meta name=\"twitter:label1\" content=\"\u9884\u8ba1\u9605\u8bfb\u65f6\u95f4\" \/>\n\t<meta name=\"twitter:data1\" content=\"1 \u5206\" \/>\n<script type=\"application\/ld+json\" class=\"yoast-schema-graph\">{\"@context\":\"https:\/\/schema.org\",\"@graph\":[{\"@type\":\"WebPage\",\"@id\":\"https:\/\/evocert.pl\/ifs-broker\/\",\"url\":\"https:\/\/evocert.pl\/ifs-broker\/\",\"name\":\"IFS Broker - EVOCERT\",\"isPartOf\":{\"@id\":\"https:\/\/evocert.pl\/en\/#website\"},\"datePublished\":\"2025-01-02T11:43:31+00:00\",\"dateModified\":\"2025-11-03T12:45:23+00:00\",\"breadcrumb\":{\"@id\":\"https:\/\/evocert.pl\/ifs-broker\/#breadcrumb\"},\"inLanguage\":\"zh-Hans\",\"potentialAction\":[{\"@type\":\"ReadAction\",\"target\":[\"https:\/\/evocert.pl\/ifs-broker\/\"]}]},{\"@type\":\"BreadcrumbList\",\"@id\":\"https:\/\/evocert.pl\/ifs-broker\/#breadcrumb\",\"itemListElement\":[{\"@type\":\"ListItem\",\"position\":1,\"name\":\"Strona g\u0142\u00f3wna\",\"item\":\"https:\/\/evocert.pl\/en\/\"},{\"@type\":\"ListItem\",\"position\":2,\"name\":\"IFS Broker\"}]},{\"@type\":\"WebSite\",\"@id\":\"https:\/\/evocert.pl\/en\/#website\",\"url\":\"https:\/\/evocert.pl\/en\/\",\"name\":\"EVOCERT\",\"description\":\"Evolution in certification\",\"publisher\":{\"@id\":\"https:\/\/evocert.pl\/en\/#organization\"},\"potentialAction\":[{\"@type\":\"SearchAction\",\"target\":{\"@type\":\"EntryPoint\",\"urlTemplate\":\"https:\/\/evocert.pl\/en\/?s={search_term_string}\"},\"query-input\":{\"@type\":\"PropertyValueSpecification\",\"valueRequired\":true,\"valueName\":\"search_term_string\"}}],\"inLanguage\":\"zh-Hans\"},{\"@type\":\"Organization\",\"@id\":\"https:\/\/evocert.pl\/en\/#organization\",\"name\":\"EVOCERT\",\"url\":\"https:\/\/evocert.pl\/en\/\",\"logo\":{\"@type\":\"ImageObject\",\"inLanguage\":\"zh-Hans\",\"@id\":\"https:\/\/evocert.pl\/en\/#\/schema\/logo\/image\/\",\"url\":\"https:\/\/evocert.pl\/wp-content\/uploads\/2025\/01\/EVOCERT_logo_KOLOR_PNG.png\",\"contentUrl\":\"https:\/\/evocert.pl\/wp-content\/uploads\/2025\/01\/EVOCERT_logo_KOLOR_PNG.png\",\"width\":378,\"height\":378,\"caption\":\"EVOCERT\"},\"image\":{\"@id\":\"https:\/\/evocert.pl\/en\/#\/schema\/logo\/image\/\"},\"sameAs\":[\"https:\/\/www.linkedin.com\/company\/evocert-sp-z-o-o\"]}]}<\/script>\n<!-- \/ Yoast SEO plugin. -->","yoast_head_json":{"title":"IFS Broker - EVOCERT","robots":{"index":"index","follow":"follow","max-snippet":"max-snippet:-1","max-image-preview":"max-image-preview:large","max-video-preview":"max-video-preview:-1"},"canonical":"https:\/\/evocert.pl\/zh\/ifs-broker\/","og_locale":"zh_CN","og_type":"article","og_title":"IFS Broker - EVOCERT","og_description":"Czym jest IFS Broker? IFS Broker v.3.2 to mi\u0119dzynarodowy standard przeznaczony do oceny firm zajmuj\u0105cych si\u0119 po\u015brednictwem handlowym, agencjami sprzeda\u017cy oraz importem produkt\u00f3w, takich jak \u017cywno\u015b\u0107, artyku\u0142y gospodarstwa domowego, produkty higieny osobistej czy materia\u0142y opakowaniowe. Standard dotyczy podmiot\u00f3w, kt\u00f3re najcz\u0119\u015bciej nie maj\u0105 fizycznego kontaktu z produktem, ale ponosz\u0105 odpowiedzialno\u015b\u0107 za jego jako\u015b\u0107 oraz bezpiecze\u0144stwo w [&hellip;]","og_url":"https:\/\/evocert.pl\/zh\/ifs-broker\/","og_site_name":"EVOCERT","article_modified_time":"2025-11-03T12:45:23+00:00","og_image":[{"width":378,"height":378,"url":"https:\/\/evocert.pl\/wp-content\/uploads\/2025\/01\/EVOCERT_logo_KOLOR_PNG.png","type":"image\/png"}],"twitter_card":"summary_large_image","twitter_misc":{"\u9884\u8ba1\u9605\u8bfb\u65f6\u95f4":"1 \u5206"},"schema":{"@context":"https:\/\/schema.org","@graph":[{"@type":"WebPage","@id":"https:\/\/evocert.pl\/ifs-broker\/","url":"https:\/\/evocert.pl\/ifs-broker\/","name":"IFS Broker - EVOCERT","isPartOf":{"@id":"https:\/\/evocert.pl\/en\/#website"},"datePublished":"2025-01-02T11:43:31+00:00","dateModified":"2025-11-03T12:45:23+00:00","breadcrumb":{"@id":"https:\/\/evocert.pl\/ifs-broker\/#breadcrumb"},"inLanguage":"zh-Hans","potentialAction":[{"@type":"ReadAction","target":["https:\/\/evocert.pl\/ifs-broker\/"]}]},{"@type":"BreadcrumbList","@id":"https:\/\/evocert.pl\/ifs-broker\/#breadcrumb","itemListElement":[{"@type":"ListItem","position":1,"name":"Strona g\u0142\u00f3wna","item":"https:\/\/evocert.pl\/en\/"},{"@type":"ListItem","position":2,"name":"IFS Broker"}]},{"@type":"WebSite","@id":"https:\/\/evocert.pl\/en\/#website","url":"https:\/\/evocert.pl\/en\/","name":"EVOCERT","description":"Evolution in certification","publisher":{"@id":"https:\/\/evocert.pl\/en\/#organization"},"potentialAction":[{"@type":"SearchAction","target":{"@type":"EntryPoint","urlTemplate":"https:\/\/evocert.pl\/en\/?s={search_term_string}"},"query-input":{"@type":"PropertyValueSpecification","valueRequired":true,"valueName":"search_term_string"}}],"inLanguage":"zh-Hans"},{"@type":"Organization","@id":"https:\/\/evocert.pl\/en\/#organization","name":"EVOCERT","url":"https:\/\/evocert.pl\/en\/","logo":{"@type":"ImageObject","inLanguage":"zh-Hans","@id":"https:\/\/evocert.pl\/en\/#\/schema\/logo\/image\/","url":"https:\/\/evocert.pl\/wp-content\/uploads\/2025\/01\/EVOCERT_logo_KOLOR_PNG.png","contentUrl":"https:\/\/evocert.pl\/wp-content\/uploads\/2025\/01\/EVOCERT_logo_KOLOR_PNG.png","width":378,"height":378,"caption":"EVOCERT"},"image":{"@id":"https:\/\/evocert.pl\/en\/#\/schema\/logo\/image\/"},"sameAs":["https:\/\/www.linkedin.com\/company\/evocert-sp-z-o-o"]}]}},"_links":{"self":[{"href":"https:\/\/evocert.pl\/zh\/wp-json\/wp\/v2\/pages\/1696","targetHints":{"allow":["GET"]}}],"collection":[{"href":"https:\/\/evocert.pl\/zh\/wp-json\/wp\/v2\/pages"}],"about":[{"href":"https:\/\/evocert.pl\/zh\/wp-json\/wp\/v2\/types\/page"}],"author":[{"embeddable":true,"href":"https:\/\/evocert.pl\/zh\/wp-json\/wp\/v2\/users\/2"}],"replies":[{"embeddable":true,"href":"https:\/\/evocert.pl\/zh\/wp-json\/wp\/v2\/comments?post=1696"}],"version-history":[{"count":5,"href":"https:\/\/evocert.pl\/zh\/wp-json\/wp\/v2\/pages\/1696\/revisions"}],"predecessor-version":[{"id":5009,"href":"https:\/\/evocert.pl\/zh\/wp-json\/wp\/v2\/pages\/1696\/revisions\/5009"}],"wp:attachment":[{"href":"https:\/\/evocert.pl\/zh\/wp-json\/wp\/v2\/media?parent=1696"}],"curies":[{"name":"wp","href":"https:\/\/api.w.org\/{rel}","templated":true}]}}