{"id":1690,"date":"2025-01-02T12:43:05","date_gmt":"2025-01-02T11:43:05","guid":{"rendered":"https:\/\/evocert.pl\/?page_id=1690"},"modified":"2025-08-21T11:12:48","modified_gmt":"2025-08-21T09:12:48","slug":"ifs-food","status":"publish","type":"page","link":"https:\/\/evocert.pl\/zh\/ifs-food\/","title":{"rendered":"IFS Food"},"content":{"rendered":"<div class=\"wp-block-group has-heading-color has-text-color has-link-color has-small-font-size wp-elements-d7bee8eaf44b00b0ecba0cec248b2f04 is-vertical is-content-justification-stretch is-layout-flex wp-container-core-group-is-layout-a5b1d185 wp-block-group-is-layout-flex\" style=\"padding-right:var(--wp--preset--spacing--60);padding-bottom:var(--wp--preset--spacing--60);padding-left:var(--wp--preset--spacing--30);line-height:1.6\">\n<h2 class=\"wp-block-heading has-custom-logo-color has-text-color has-link-color has-medium-font-size wp-elements-157cb632afbf79e532757c68f73d4c66\">\u4ec0\u4e48\u662f IFS Food\uff1f<\/h2>\n\n\n\n<p class=\"translation-block\">IFS Food v. 8 \u6807\u51c6 \u662f\u4e00\u9879\u56fd\u9645\u98df\u54c1\u5b89\u5168\u4e0e\u8d28\u91cf\u6807\u51c6\uff0c\u662f\u7528\u4e8e\u8bc4\u4f30 \u98df\u54c1\u5b89\u5168\u4e0e\u4ea7\u54c1\u8d28\u91cf \u7684\u6700\u53d7\u8ba4\u53ef\u7684\u5de5\u5177\u4e4b\u4e00\u3002\u8be5\u6807\u51c6\u5728\u884c\u4e1a\u4e13\u5bb6\u3001\u96f6\u552e\u5546\u548c\u8ba4\u8bc1\u673a\u6784\u7684\u5171\u540c\u53c2\u4e0e\u4e0b\u5236\u5b9a\uff0c\u5e76\u5df2\u83b7\u5f97\u5168\u7403\u98df\u54c1\u5b89\u5168\u5021\u8bae\uff08GFSI\uff09\u7684\u8ba4\u53ef\uff0c\u4f5c\u4e3a\u9762\u5411\u98df\u54c1\u751f\u4ea7\u4f01\u4e1a\u7684\u7efc\u5408\u6027\u89e3\u51b3\u65b9\u6848\u3002<\/p>\n\n\n\n<p class=\"translation-block\">IFS Food \u6807\u51c6\u9002\u7528\u4e8e\u6240\u6709\u5bf9\u98df\u54c1\u8fdb\u884c <strong>\u52a0\u5de5<\/strong> \u7684\u573a\u6240\uff0c\u6216\u5728 <strong>\u521d\u7ea7\u5305\u88c5\u8fc7\u7a0b\u4e2d<\/strong> \u5b58\u5728\u98df\u54c1\u88ab\u6c61\u67d3\u98ce\u9669\u7684\u73af\u8282\u3002\u8be5\u6807\u51c6\u5bf9\u4e3a\u81ea\u6709\u54c1\u724c\u751f\u4ea7\u7684\u4f01\u4e1a\u5c24\u4e3a\u91cd\u8981\uff0c\u56e0\u4e3a\u8fd9\u4e9b\u4f01\u4e1a\u5c24\u5176\u91cd\u89c6\u7b26\u5408\u5ba2\u6237\u8981\u6c42\u4ee5\u53ca\u751f\u4ea7\u8fc7\u7a0b\u7684\u900f\u660e\u6027\u3002<\/p>\n\n\n\n<p>IFS Food \u6807\u51c6\u7684\u8981\u6c42\u4e3b\u8981\u805a\u7126\u4e8e\u4ee5\u4e0b\u4e94\u4e2a\u5173\u952e\u9886\u57df\uff1a<\/p>\n\n\n\n<ul class=\"wp-block-list\">\n<li>\u7ba1\u7406\u5c42\u7684\u53c2\u4e0e\u4ee5\u53ca\u5bf9\u8d28\u91cf\u4f53\u7cfb\u7684\u8d23\u4efb<\/li>\n\n\n\n<li>\u8d28\u91cf\u4e0e\u98df\u54c1\u5b89\u5168\u7ba1\u7406\u4f53\u7cfb<\/li>\n\n\n\n<li>\u8d44\u6e90\u7ba1\u7406\uff08\u4eba\u5458\u3001\u57fa\u7840\u8bbe\u65bd\u3001\u5de5\u4f5c\u73af\u5883)<\/li>\n\n\n\n<li>\u8fd0\u8425\u8fc7\u7a0b\uff0c\u5305\u62ec\u751f\u4ea7\u4e0e\u5305\u88c5<\/li>\n\n\n\n<li>\u76d1\u63a7\u3001\u5206\u6790\u4e0e\u6301\u7eed\u6539\u8fdb<\/li>\n<\/ul>\n\n\n\n<p>\u83b7\u5f97 IFS Food \u8ba4\u8bc1\u610f\u5473\u7740\u4f01\u4e1a\u5df2\u5b9e\u65bd IFS Food \u6807\u51c6\u7684\u5404\u9879\u8981\u6c42\uff0c\u6309\u7167\u884c\u4e1a\u6700\u4f73\u5b9e\u8df5\u5f00\u5c55\u8fd0\u8425\uff0c\u6ee1\u8db3\u5e02\u573a\u671f\u671b\uff0c\u5e76\u786e\u4fdd\u98df\u54c1\u7684\u5065\u5eb7\u5b89\u5168\u3002<\/p>\n\n\n\n<hr class=\"wp-block-separator has-text-color has-custom-logo-color has-alpha-channel-opacity has-custom-logo-background-color has-background is-style-wide\" style=\"margin-top:var(--wp--preset--spacing--40);margin-bottom:var(--wp--preset--spacing--40)\"\/>\n\n\n\n<h2 class=\"wp-block-heading has-custom-logo-color has-text-color has-link-color has-medium-font-size wp-elements-a45c88926cdc09c5f552115ff1521822\">\u9009\u62e9 EVOCERT \u8fdb\u884c\u8ba4\u8bc1<\/h2>\n\n\n\n<p>EVOCERT \u7531\u4e00\u652f\u7ecf\u9a8c\u4e30\u5bcc\u7684\u5ba1\u6838\u5458\u548c\u4e13\u5bb6\u56e2\u961f\u7ec4\u6210\uff0c\u5168\u7a0b\u5f15\u5bfc\u60a8\u7684\u4f01\u4e1a\u5b8c\u6210\u8ba4\u8bc1\u6d41\u7a0b\u2014\u4ece\u9996\u6b21\u6c9f\u901a\u3001\u4e25\u8c28\u4e13\u4e1a\u7684\u5ba1\u6838\uff0c\u5230\u6700\u7ec8\u9881\u53d1\u8bc1\u4e66\u3002\u6211\u4eec\u7684\u6240\u6709\u5de5\u4f5c\u5747\u7b26\u5408 IFS Food v. 8 \u6807\u51c6\u7684\u6700\u65b0\u7248\u672c\u8981\u6c42\u3002<\/p>\n\n\n\n<p class=\"translation-block\">\u9009\u62e9 IFS Food \u6807\u51c6\u6240\u5e26\u6765\u7684 <strong>\u53ef\u9760\u8bc4\u4f30<\/strong>\u3001<strong>\u6e05\u6670\u8981\u6c42<\/strong> \u4e0e <strong>\u56fd\u9645\u58f0\u8a89<\/strong>\u3002<\/p>\n\n\n\n<p><a href=\"https:\/\/evocert.pl\/zh\/kontakt\/\">\u8054\u7cfb\u6211\u4eec<\/a>\u5f00\u59cb\u8ba4\u8bc1\u6d41\u7a0b\uff0c\u6216\u4e86\u89e3\u66f4\u591a\u5173\u4e8e IFS Food v. 8 \u8981\u6c42\u7684\u4fe1\u606f\u3002<\/p>\n<\/div>","protected":false},"excerpt":{"rendered":"<p>Czym jest IFS Food? Standard IFS Food v. 8 to mi\u0119dzynarodowy standard bezpiecze\u0144stwa i jako\u015bci \u017cywno\u015bci. Stanowi jedno z najbardziej uznanych narz\u0119dzi s\u0142u\u017c\u0105cych do oceny bezpiecze\u0144stwa i jako\u015bci produkt\u00f3w spo\u017cywczych. Opracowany z udzia\u0142em ekspert\u00f3w bran\u017cy, detalist\u00f3w i jednostek certyfikuj\u0105cych, zosta\u0142 zatwierdzony przez Global Food Safety Initiative (GFSI) jako kompleksowe rozwi\u0105zanie dla producent\u00f3w \u017cywno\u015bci. Standard IFS [&hellip;]<\/p>","protected":false},"author":2,"featured_media":0,"parent":0,"menu_order":0,"comment_status":"closed","ping_status":"closed","template":"wp-custom-template-oferta-ifs-food-og-lne","meta":{"footnotes":""},"class_list":["post-1690","page","type-page","status-publish","hentry"],"yoast_head":"<!-- This site is optimized with the Yoast SEO plugin v26.3 - https:\/\/yoast.com\/wordpress\/plugins\/seo\/ -->\n<title>IFS Food - EVOCERT<\/title>\n<meta name=\"description\" content=\"Certyfikacja - Standard IFS Food v. 8 prowadzona przez EVOCERT: jak wygl\u0105da, jakie s\u0105 wymagania i co zrobi\u0107, aby uzyska\u0107 uznany certyfikat!\" \/>\n<meta name=\"robots\" content=\"index, follow, max-snippet:-1, max-image-preview:large, max-video-preview:-1\" \/>\n<link rel=\"canonical\" href=\"https:\/\/evocert.pl\/zh\/ifs-food\/\" \/>\n<meta property=\"og:locale\" content=\"zh_CN\" \/>\n<meta property=\"og:type\" content=\"article\" \/>\n<meta property=\"og:title\" content=\"IFS Food - EVOCERT\" \/>\n<meta property=\"og:description\" content=\"Certyfikacja - Standard IFS Food v. 8 prowadzona przez EVOCERT: jak wygl\u0105da, jakie s\u0105 wymagania i co zrobi\u0107, aby uzyska\u0107 uznany certyfikat!\" \/>\n<meta property=\"og:url\" content=\"https:\/\/evocert.pl\/zh\/ifs-food\/\" \/>\n<meta property=\"og:site_name\" content=\"EVOCERT\" \/>\n<meta property=\"article:modified_time\" content=\"2025-08-21T09:12:48+00:00\" \/>\n<meta property=\"og:image\" content=\"https:\/\/evocert.pl\/wp-content\/uploads\/2025\/01\/EVOCERT_logo_KOLOR_PNG.png\" \/>\n\t<meta property=\"og:image:width\" content=\"378\" \/>\n\t<meta property=\"og:image:height\" content=\"378\" \/>\n\t<meta property=\"og:image:type\" content=\"image\/png\" \/>\n<meta name=\"twitter:card\" content=\"summary_large_image\" \/>\n<meta name=\"twitter:label1\" content=\"\u9884\u8ba1\u9605\u8bfb\u65f6\u95f4\" \/>\n\t<meta name=\"twitter:data1\" content=\"2 \u5206\" \/>\n<script type=\"application\/ld+json\" class=\"yoast-schema-graph\">{\"@context\":\"https:\/\/schema.org\",\"@graph\":[{\"@type\":\"WebPage\",\"@id\":\"https:\/\/evocert.pl\/ifs-food\/\",\"url\":\"https:\/\/evocert.pl\/ifs-food\/\",\"name\":\"IFS Food - EVOCERT\",\"isPartOf\":{\"@id\":\"https:\/\/evocert.pl\/en\/#website\"},\"datePublished\":\"2025-01-02T11:43:05+00:00\",\"dateModified\":\"2025-08-21T09:12:48+00:00\",\"description\":\"Certyfikacja - Standard IFS Food v. 8 prowadzona przez EVOCERT: jak wygl\u0105da, jakie s\u0105 wymagania i co zrobi\u0107, aby uzyska\u0107 uznany certyfikat!\",\"breadcrumb\":{\"@id\":\"https:\/\/evocert.pl\/ifs-food\/#breadcrumb\"},\"inLanguage\":\"zh-Hans\",\"potentialAction\":[{\"@type\":\"ReadAction\",\"target\":[\"https:\/\/evocert.pl\/ifs-food\/\"]}]},{\"@type\":\"BreadcrumbList\",\"@id\":\"https:\/\/evocert.pl\/ifs-food\/#breadcrumb\",\"itemListElement\":[{\"@type\":\"ListItem\",\"position\":1,\"name\":\"Strona g\u0142\u00f3wna\",\"item\":\"https:\/\/evocert.pl\/en\/\"},{\"@type\":\"ListItem\",\"position\":2,\"name\":\"IFS Food\"}]},{\"@type\":\"WebSite\",\"@id\":\"https:\/\/evocert.pl\/en\/#website\",\"url\":\"https:\/\/evocert.pl\/en\/\",\"name\":\"EVOCERT\",\"description\":\"Evolution in certification\",\"publisher\":{\"@id\":\"https:\/\/evocert.pl\/en\/#organization\"},\"potentialAction\":[{\"@type\":\"SearchAction\",\"target\":{\"@type\":\"EntryPoint\",\"urlTemplate\":\"https:\/\/evocert.pl\/en\/?s={search_term_string}\"},\"query-input\":{\"@type\":\"PropertyValueSpecification\",\"valueRequired\":true,\"valueName\":\"search_term_string\"}}],\"inLanguage\":\"zh-Hans\"},{\"@type\":\"Organization\",\"@id\":\"https:\/\/evocert.pl\/en\/#organization\",\"name\":\"EVOCERT\",\"url\":\"https:\/\/evocert.pl\/en\/\",\"logo\":{\"@type\":\"ImageObject\",\"inLanguage\":\"zh-Hans\",\"@id\":\"https:\/\/evocert.pl\/en\/#\/schema\/logo\/image\/\",\"url\":\"https:\/\/evocert.pl\/wp-content\/uploads\/2025\/01\/EVOCERT_logo_KOLOR_PNG.png\",\"contentUrl\":\"https:\/\/evocert.pl\/wp-content\/uploads\/2025\/01\/EVOCERT_logo_KOLOR_PNG.png\",\"width\":378,\"height\":378,\"caption\":\"EVOCERT\"},\"image\":{\"@id\":\"https:\/\/evocert.pl\/en\/#\/schema\/logo\/image\/\"},\"sameAs\":[\"https:\/\/www.linkedin.com\/company\/evocert-sp-z-o-o\"]}]}<\/script>\n<!-- \/ Yoast SEO plugin. -->","yoast_head_json":{"title":"IFS Food - EVOCERT","description":"Certyfikacja - Standard IFS Food v. 8 prowadzona przez EVOCERT: jak wygl\u0105da, jakie s\u0105 wymagania i co zrobi\u0107, aby uzyska\u0107 uznany certyfikat!","robots":{"index":"index","follow":"follow","max-snippet":"max-snippet:-1","max-image-preview":"max-image-preview:large","max-video-preview":"max-video-preview:-1"},"canonical":"https:\/\/evocert.pl\/zh\/ifs-food\/","og_locale":"zh_CN","og_type":"article","og_title":"IFS Food - EVOCERT","og_description":"Certyfikacja - Standard IFS Food v. 8 prowadzona przez EVOCERT: jak wygl\u0105da, jakie s\u0105 wymagania i co zrobi\u0107, aby uzyska\u0107 uznany certyfikat!","og_url":"https:\/\/evocert.pl\/zh\/ifs-food\/","og_site_name":"EVOCERT","article_modified_time":"2025-08-21T09:12:48+00:00","og_image":[{"width":378,"height":378,"url":"https:\/\/evocert.pl\/wp-content\/uploads\/2025\/01\/EVOCERT_logo_KOLOR_PNG.png","type":"image\/png"}],"twitter_card":"summary_large_image","twitter_misc":{"\u9884\u8ba1\u9605\u8bfb\u65f6\u95f4":"2 \u5206"},"schema":{"@context":"https:\/\/schema.org","@graph":[{"@type":"WebPage","@id":"https:\/\/evocert.pl\/ifs-food\/","url":"https:\/\/evocert.pl\/ifs-food\/","name":"IFS Food - EVOCERT","isPartOf":{"@id":"https:\/\/evocert.pl\/en\/#website"},"datePublished":"2025-01-02T11:43:05+00:00","dateModified":"2025-08-21T09:12:48+00:00","description":"Certyfikacja - Standard IFS Food v. 8 prowadzona przez EVOCERT: jak wygl\u0105da, jakie s\u0105 wymagania i co zrobi\u0107, aby uzyska\u0107 uznany certyfikat!","breadcrumb":{"@id":"https:\/\/evocert.pl\/ifs-food\/#breadcrumb"},"inLanguage":"zh-Hans","potentialAction":[{"@type":"ReadAction","target":["https:\/\/evocert.pl\/ifs-food\/"]}]},{"@type":"BreadcrumbList","@id":"https:\/\/evocert.pl\/ifs-food\/#breadcrumb","itemListElement":[{"@type":"ListItem","position":1,"name":"Strona g\u0142\u00f3wna","item":"https:\/\/evocert.pl\/en\/"},{"@type":"ListItem","position":2,"name":"IFS Food"}]},{"@type":"WebSite","@id":"https:\/\/evocert.pl\/en\/#website","url":"https:\/\/evocert.pl\/en\/","name":"EVOCERT","description":"Evolution in certification","publisher":{"@id":"https:\/\/evocert.pl\/en\/#organization"},"potentialAction":[{"@type":"SearchAction","target":{"@type":"EntryPoint","urlTemplate":"https:\/\/evocert.pl\/en\/?s={search_term_string}"},"query-input":{"@type":"PropertyValueSpecification","valueRequired":true,"valueName":"search_term_string"}}],"inLanguage":"zh-Hans"},{"@type":"Organization","@id":"https:\/\/evocert.pl\/en\/#organization","name":"EVOCERT","url":"https:\/\/evocert.pl\/en\/","logo":{"@type":"ImageObject","inLanguage":"zh-Hans","@id":"https:\/\/evocert.pl\/en\/#\/schema\/logo\/image\/","url":"https:\/\/evocert.pl\/wp-content\/uploads\/2025\/01\/EVOCERT_logo_KOLOR_PNG.png","contentUrl":"https:\/\/evocert.pl\/wp-content\/uploads\/2025\/01\/EVOCERT_logo_KOLOR_PNG.png","width":378,"height":378,"caption":"EVOCERT"},"image":{"@id":"https:\/\/evocert.pl\/en\/#\/schema\/logo\/image\/"},"sameAs":["https:\/\/www.linkedin.com\/company\/evocert-sp-z-o-o"]}]}},"_links":{"self":[{"href":"https:\/\/evocert.pl\/zh\/wp-json\/wp\/v2\/pages\/1690","targetHints":{"allow":["GET"]}}],"collection":[{"href":"https:\/\/evocert.pl\/zh\/wp-json\/wp\/v2\/pages"}],"about":[{"href":"https:\/\/evocert.pl\/zh\/wp-json\/wp\/v2\/types\/page"}],"author":[{"embeddable":true,"href":"https:\/\/evocert.pl\/zh\/wp-json\/wp\/v2\/users\/2"}],"replies":[{"embeddable":true,"href":"https:\/\/evocert.pl\/zh\/wp-json\/wp\/v2\/comments?post=1690"}],"version-history":[{"count":15,"href":"https:\/\/evocert.pl\/zh\/wp-json\/wp\/v2\/pages\/1690\/revisions"}],"predecessor-version":[{"id":4818,"href":"https:\/\/evocert.pl\/zh\/wp-json\/wp\/v2\/pages\/1690\/revisions\/4818"}],"wp:attachment":[{"href":"https:\/\/evocert.pl\/zh\/wp-json\/wp\/v2\/media?parent=1690"}],"curies":[{"name":"wp","href":"https:\/\/api.w.org\/{rel}","templated":true}]}}