{"id":1684,"date":"2025-01-02T12:38:45","date_gmt":"2025-01-02T11:38:45","guid":{"rendered":"https:\/\/evocert.pl\/?page_id=1684"},"modified":"2025-11-04T18:05:13","modified_gmt":"2025-11-04T17:05:13","slug":"brcgs-food-safety","status":"publish","type":"page","link":"https:\/\/evocert.pl\/zh\/brcgs-food-safety\/","title":{"rendered":"BRCGS Food Safety"},"content":{"rendered":"<div class=\"wp-block-group has-heading-color has-text-color has-link-color has-small-font-size wp-elements-48f6d305c3d66b5b7f18c7966a106328 is-vertical is-content-justification-stretch is-layout-flex wp-container-core-group-is-layout-a5b1d185 wp-block-group-is-layout-flex\" style=\"padding-right:var(--wp--preset--spacing--60);padding-bottom:var(--wp--preset--spacing--60);padding-left:var(--wp--preset--spacing--30);line-height:1.6\">\n<h2 class=\"wp-block-heading has-custom-logo-color has-text-color has-link-color has-medium-font-size wp-elements-6fd18923cb04ac9067a76e776513cd4a\">\u4ec0\u4e48\u662f BRCGS Food Safety\uff1f<\/h2>\n\n\n\n<p class=\"translation-block\"><strong>BRCGS Food Safety v. 9<\/strong> \u662f\u4e00\u9879\u56fd\u9645\u98df\u54c1\u5b89\u5168\u6807\u51c6\uff0c\u5176\u76ee\u6807\u662f\u786e\u4fdd\u751f\u4ea7\u5de5\u5382\u4e2d\u5236\u9020\u7684\u98df\u54c1 <strong>\u5b89\u5168\u3001\u771f\u5b9e\u3001\u7b26\u5408\u8981\u6c42\u4e14\u5177\u5907\u9ad8\u8d28\u91cf<\/strong>\u3002\u8be5\u6807\u51c6\u89c4\u5b9a\u4e86\u98df\u54c1\u751f\u4ea7\u4f01\u4e1a\u5fc5\u987b\u5b9e\u65bd\u7684\u539f\u5219\u3001\u6d41\u7a0b\u548c\u64cd\u4f5c\u51c6\u5219\uff0c\u4ee5\u6709\u6548\u4fdd\u62a4\u6d88\u8d39\u8005\u5e76\u5efa\u7acb\u5ba2\u6237\u4fe1\u4efb\u3002<\/p>\n\n\n\n<p class=\"translation-block\">BRCGS Food Safety \u6807\u51c6\u540c\u65f6\u5bf9 <strong>\u4ea7\u54c1<\/strong> \u548c <strong>\u751f\u4ea7\u8fc7\u7a0b<\/strong> \u8fdb\u884c\u5ba1\u6838\uff0c\u91cd\u70b9\u5173\u6ce8\u4ee5\u4e0b\u65b9\u9762\uff1a<\/p>\n\n\n\n<ul class=\"wp-block-list\">\n<li>\u98df\u54c1\u5b89\u5168<\/li>\n\n\n\n<li>\u4ea7\u54c1\u7684\u771f\u5b9e\u6027\u4e0e\u8d28\u91cf<\/li>\n\n\n\n<li>\u751f\u4ea7\u8fc7\u7a0b\u7684\u63a7\u5236<\/li>\n\n\n\n<li>\u98ce\u9669\u7684\u6b63\u786e\u7ba1\u7406<\/li>\n<\/ul>\n\n\n\n<hr class=\"wp-block-separator has-text-color has-custom-logo-color has-alpha-channel-opacity has-custom-logo-background-color has-background is-style-wide\" style=\"margin-top:var(--wp--preset--spacing--40);margin-bottom:var(--wp--preset--spacing--40)\"\/>\n\n\n\n<h2 class=\"wp-block-heading has-custom-logo-color has-text-color has-link-color has-medium-font-size wp-elements-c35e1549effaf67c56b73f4153d55db5\">\u8be5\u6807\u51c6\u9002\u7528\u4e8e\u54ea\u4e9b\u5bf9\u8c61\uff1f<\/h2>\n\n\n\n<p>\u8be5\u6807\u51c6\u9002\u7528\u4e8e\u4ece\u4e8b\u4ee5\u4e0b\u6d3b\u52a8\u7684\u4f01\u4e1a\uff1a\u751f\u4ea7\u3001\u52a0\u5de5\u6216\u5305\u88c5<\/p>\n\n\n\n<ul class=\"wp-block-list\">\n<li>\u52a0\u5de5\u98df\u54c1\uff08\u5305\u62ec\u81ea\u6709\u54c1\u724c\u53ca\u5ba2\u6237\u54c1\u724c\u4ea7\u54c1)\uff1b<\/li>\n\n\n\n<li>\u4f9b\u9910\u996e\u3001\u9910\u996e\u670d\u52a1\u53ca\u98df\u54c1\u751f\u4ea7\u4f01\u4e1a\u4f7f\u7528\u7684\u914d\u6599\u6216\u539f\u6599\uff1b<\/li>\n\n\n\n<li>\u57fa\u7840\u519c\u4ea7\u54c1\uff0c\u5982\u6c34\u679c\u548c\u852c\u83dc\uff1b<\/li>\n\n\n\n<li>\u5ba0\u7269\u98df\u54c1\u548c\u52a8\u7269\u9972\u6599\uff1b<\/li>\n\n\n\n<li>\u6765\u81ea\u52a8\u7269\u521d\u7ea7\u52a0\u5de5\u9636\u6bb5\u7684\u4ea7\u54c1\u3002<\/li>\n<\/ul>\n\n\n\n<hr class=\"wp-block-separator has-text-color has-custom-logo-color has-alpha-channel-opacity has-custom-logo-background-color has-background is-style-wide\" style=\"margin-top:var(--wp--preset--spacing--40);margin-bottom:var(--wp--preset--spacing--40)\"\/>\n\n\n\n<h2 class=\"wp-block-heading has-custom-logo-color has-text-color has-link-color has-medium-font-size wp-elements-a45c88926cdc09c5f552115ff1521822\">\u9009\u62e9 EVOCERT \u8fdb\u884c\u8ba4\u8bc1<\/h2>\n\n\n\n<p>EVOCERT \u62e5\u6709\u4e00\u652f\u7ecf\u9a8c\u4e30\u5bcc\u7684\u5ba1\u6838\u5458\u4e0e\u4e13\u5bb6\u56e2\u961f\uff0c\u4e50\u610f\u5168\u7a0b\u5f15\u5bfc\u60a8\u7684\u4f01\u4e1a\u5b8c\u6210\u8ba4\u8bc1\u6d41\u7a0b\u2014\u4ece\u9996\u6b21\u6c9f\u901a\u3001\u4e25\u8c28\u53ef\u9760\u7684\u5ba1\u6838\uff0c\u5230\u6700\u7ec8\u9881\u53d1\u8bc1\u4e66\u3002 <\/p>\n\n\n\n<p class=\"translation-block\">\u9009\u62e9 <strong>\u4eab\u6709\u56fd\u9645\u58f0\u8a89\u7684\u6743\u5a01\u6807\u51c6<\/strong> BRCGS Food Safety v. 9 \u8ba4\u8bc1\uff0c\u5c3d\u4eab EVOCERT \u7684\u4e13\u4e1a\u670d\u52a1\u3002<\/p>\n\n\n\n<p><a href=\"https:\/\/evocert.pl\/zh\/kontakt\/\">\u8054\u7cfb\u6211\u4eec<\/a>\u4ee5\u542f\u52a8\u8ba4\u8bc1\u6d41\u7a0b\uff0c\u6216\u8fdb\u4e00\u6b65\u4e86\u89e3 BRCGS Food Safety v. 9 \u7684\u76f8\u5173\u8981\u6c42\u3002<\/p>\n<\/div>","protected":false},"excerpt":{"rendered":"<p>Czym jest BRCGS Food Safety? BRCGS Food Safety v.9 to mi\u0119dzynarodowy standard bezpiecze\u0144stwa \u017cywno\u015bci, kt\u00f3rego celem jest zapewnienie, \u017ce produkty spo\u017cywcze wytwarzane w zak\u0142adach produkcyjnych s\u0105 bezpieczne, autentyczne, zgodne z wymaganiami oraz wysokiej jako\u015bci. Standard okre\u015bla zasady, procesy i kryteria operacyjne, kt\u00f3re musz\u0105 by\u0107 wdro\u017cone w firmach produkuj\u0105cych \u017cywno\u015b\u0107, aby skutecznie chroni\u0107 konsument\u00f3w i budowa\u0107 [&hellip;]<\/p>","protected":false},"author":2,"featured_media":0,"parent":0,"menu_order":0,"comment_status":"closed","ping_status":"closed","template":"wp-custom-template-oferta-brc-food-safety-og-lne","meta":{"footnotes":""},"class_list":["post-1684","page","type-page","status-publish","hentry"],"yoast_head":"<!-- This site is optimized with the Yoast SEO plugin v26.3 - https:\/\/yoast.com\/wordpress\/plugins\/seo\/ -->\n<title>BRCGS Food Safety - EVOCERT<\/title>\n<meta name=\"robots\" content=\"index, follow, max-snippet:-1, max-image-preview:large, max-video-preview:-1\" \/>\n<link rel=\"canonical\" href=\"https:\/\/evocert.pl\/zh\/brcgs-food-safety\/\" \/>\n<meta property=\"og:locale\" content=\"zh_CN\" \/>\n<meta property=\"og:type\" content=\"article\" \/>\n<meta property=\"og:title\" content=\"BRCGS Food Safety - EVOCERT\" \/>\n<meta property=\"og:description\" content=\"Czym jest BRCGS Food Safety? BRCGS Food Safety v.9 to mi\u0119dzynarodowy standard bezpiecze\u0144stwa \u017cywno\u015bci, kt\u00f3rego celem jest zapewnienie, \u017ce produkty spo\u017cywcze wytwarzane w zak\u0142adach produkcyjnych s\u0105 bezpieczne, autentyczne, zgodne z wymaganiami oraz wysokiej jako\u015bci. Standard okre\u015bla zasady, procesy i kryteria operacyjne, kt\u00f3re musz\u0105 by\u0107 wdro\u017cone w firmach produkuj\u0105cych \u017cywno\u015b\u0107, aby skutecznie chroni\u0107 konsument\u00f3w i budowa\u0107 [&hellip;]\" \/>\n<meta property=\"og:url\" content=\"https:\/\/evocert.pl\/zh\/brcgs-food-safety\/\" \/>\n<meta property=\"og:site_name\" content=\"EVOCERT\" \/>\n<meta property=\"article:modified_time\" content=\"2025-11-04T17:05:13+00:00\" \/>\n<meta property=\"og:image\" content=\"https:\/\/evocert.pl\/wp-content\/uploads\/2025\/01\/EVOCERT_logo_KOLOR_PNG.png\" \/>\n\t<meta property=\"og:image:width\" content=\"378\" \/>\n\t<meta property=\"og:image:height\" content=\"378\" \/>\n\t<meta property=\"og:image:type\" content=\"image\/png\" \/>\n<meta name=\"twitter:card\" content=\"summary_large_image\" \/>\n<meta name=\"twitter:label1\" content=\"\u9884\u8ba1\u9605\u8bfb\u65f6\u95f4\" \/>\n\t<meta name=\"twitter:data1\" content=\"1 \u5206\" \/>\n<script type=\"application\/ld+json\" class=\"yoast-schema-graph\">{\"@context\":\"https:\/\/schema.org\",\"@graph\":[{\"@type\":\"WebPage\",\"@id\":\"https:\/\/evocert.pl\/brcgs-food-safety\/\",\"url\":\"https:\/\/evocert.pl\/brcgs-food-safety\/\",\"name\":\"BRCGS Food Safety - EVOCERT\",\"isPartOf\":{\"@id\":\"https:\/\/evocert.pl\/en\/#website\"},\"datePublished\":\"2025-01-02T11:38:45+00:00\",\"dateModified\":\"2025-11-04T17:05:13+00:00\",\"breadcrumb\":{\"@id\":\"https:\/\/evocert.pl\/brcgs-food-safety\/#breadcrumb\"},\"inLanguage\":\"zh-Hans\",\"potentialAction\":[{\"@type\":\"ReadAction\",\"target\":[\"https:\/\/evocert.pl\/brcgs-food-safety\/\"]}]},{\"@type\":\"BreadcrumbList\",\"@id\":\"https:\/\/evocert.pl\/brcgs-food-safety\/#breadcrumb\",\"itemListElement\":[{\"@type\":\"ListItem\",\"position\":1,\"name\":\"Strona g\u0142\u00f3wna\",\"item\":\"https:\/\/evocert.pl\/en\/\"},{\"@type\":\"ListItem\",\"position\":2,\"name\":\"BRCGS Food Safety\"}]},{\"@type\":\"WebSite\",\"@id\":\"https:\/\/evocert.pl\/en\/#website\",\"url\":\"https:\/\/evocert.pl\/en\/\",\"name\":\"EVOCERT\",\"description\":\"Evolution in certification\",\"publisher\":{\"@id\":\"https:\/\/evocert.pl\/en\/#organization\"},\"potentialAction\":[{\"@type\":\"SearchAction\",\"target\":{\"@type\":\"EntryPoint\",\"urlTemplate\":\"https:\/\/evocert.pl\/en\/?s={search_term_string}\"},\"query-input\":{\"@type\":\"PropertyValueSpecification\",\"valueRequired\":true,\"valueName\":\"search_term_string\"}}],\"inLanguage\":\"zh-Hans\"},{\"@type\":\"Organization\",\"@id\":\"https:\/\/evocert.pl\/en\/#organization\",\"name\":\"EVOCERT\",\"url\":\"https:\/\/evocert.pl\/en\/\",\"logo\":{\"@type\":\"ImageObject\",\"inLanguage\":\"zh-Hans\",\"@id\":\"https:\/\/evocert.pl\/en\/#\/schema\/logo\/image\/\",\"url\":\"https:\/\/evocert.pl\/wp-content\/uploads\/2025\/01\/EVOCERT_logo_KOLOR_PNG.png\",\"contentUrl\":\"https:\/\/evocert.pl\/wp-content\/uploads\/2025\/01\/EVOCERT_logo_KOLOR_PNG.png\",\"width\":378,\"height\":378,\"caption\":\"EVOCERT\"},\"image\":{\"@id\":\"https:\/\/evocert.pl\/en\/#\/schema\/logo\/image\/\"},\"sameAs\":[\"https:\/\/www.linkedin.com\/company\/evocert-sp-z-o-o\"]}]}<\/script>\n<!-- \/ Yoast SEO plugin. -->","yoast_head_json":{"title":"BRCGS Food Safety - EVOCERT","robots":{"index":"index","follow":"follow","max-snippet":"max-snippet:-1","max-image-preview":"max-image-preview:large","max-video-preview":"max-video-preview:-1"},"canonical":"https:\/\/evocert.pl\/zh\/brcgs-food-safety\/","og_locale":"zh_CN","og_type":"article","og_title":"BRCGS Food Safety - EVOCERT","og_description":"Czym jest BRCGS Food Safety? BRCGS Food Safety v.9 to mi\u0119dzynarodowy standard bezpiecze\u0144stwa \u017cywno\u015bci, kt\u00f3rego celem jest zapewnienie, \u017ce produkty spo\u017cywcze wytwarzane w zak\u0142adach produkcyjnych s\u0105 bezpieczne, autentyczne, zgodne z wymaganiami oraz wysokiej jako\u015bci. Standard okre\u015bla zasady, procesy i kryteria operacyjne, kt\u00f3re musz\u0105 by\u0107 wdro\u017cone w firmach produkuj\u0105cych \u017cywno\u015b\u0107, aby skutecznie chroni\u0107 konsument\u00f3w i budowa\u0107 [&hellip;]","og_url":"https:\/\/evocert.pl\/zh\/brcgs-food-safety\/","og_site_name":"EVOCERT","article_modified_time":"2025-11-04T17:05:13+00:00","og_image":[{"width":378,"height":378,"url":"https:\/\/evocert.pl\/wp-content\/uploads\/2025\/01\/EVOCERT_logo_KOLOR_PNG.png","type":"image\/png"}],"twitter_card":"summary_large_image","twitter_misc":{"\u9884\u8ba1\u9605\u8bfb\u65f6\u95f4":"1 \u5206"},"schema":{"@context":"https:\/\/schema.org","@graph":[{"@type":"WebPage","@id":"https:\/\/evocert.pl\/brcgs-food-safety\/","url":"https:\/\/evocert.pl\/brcgs-food-safety\/","name":"BRCGS Food Safety - EVOCERT","isPartOf":{"@id":"https:\/\/evocert.pl\/en\/#website"},"datePublished":"2025-01-02T11:38:45+00:00","dateModified":"2025-11-04T17:05:13+00:00","breadcrumb":{"@id":"https:\/\/evocert.pl\/brcgs-food-safety\/#breadcrumb"},"inLanguage":"zh-Hans","potentialAction":[{"@type":"ReadAction","target":["https:\/\/evocert.pl\/brcgs-food-safety\/"]}]},{"@type":"BreadcrumbList","@id":"https:\/\/evocert.pl\/brcgs-food-safety\/#breadcrumb","itemListElement":[{"@type":"ListItem","position":1,"name":"Strona g\u0142\u00f3wna","item":"https:\/\/evocert.pl\/en\/"},{"@type":"ListItem","position":2,"name":"BRCGS Food Safety"}]},{"@type":"WebSite","@id":"https:\/\/evocert.pl\/en\/#website","url":"https:\/\/evocert.pl\/en\/","name":"EVOCERT","description":"Evolution in certification","publisher":{"@id":"https:\/\/evocert.pl\/en\/#organization"},"potentialAction":[{"@type":"SearchAction","target":{"@type":"EntryPoint","urlTemplate":"https:\/\/evocert.pl\/en\/?s={search_term_string}"},"query-input":{"@type":"PropertyValueSpecification","valueRequired":true,"valueName":"search_term_string"}}],"inLanguage":"zh-Hans"},{"@type":"Organization","@id":"https:\/\/evocert.pl\/en\/#organization","name":"EVOCERT","url":"https:\/\/evocert.pl\/en\/","logo":{"@type":"ImageObject","inLanguage":"zh-Hans","@id":"https:\/\/evocert.pl\/en\/#\/schema\/logo\/image\/","url":"https:\/\/evocert.pl\/wp-content\/uploads\/2025\/01\/EVOCERT_logo_KOLOR_PNG.png","contentUrl":"https:\/\/evocert.pl\/wp-content\/uploads\/2025\/01\/EVOCERT_logo_KOLOR_PNG.png","width":378,"height":378,"caption":"EVOCERT"},"image":{"@id":"https:\/\/evocert.pl\/en\/#\/schema\/logo\/image\/"},"sameAs":["https:\/\/www.linkedin.com\/company\/evocert-sp-z-o-o"]}]}},"_links":{"self":[{"href":"https:\/\/evocert.pl\/zh\/wp-json\/wp\/v2\/pages\/1684","targetHints":{"allow":["GET"]}}],"collection":[{"href":"https:\/\/evocert.pl\/zh\/wp-json\/wp\/v2\/pages"}],"about":[{"href":"https:\/\/evocert.pl\/zh\/wp-json\/wp\/v2\/types\/page"}],"author":[{"embeddable":true,"href":"https:\/\/evocert.pl\/zh\/wp-json\/wp\/v2\/users\/2"}],"replies":[{"embeddable":true,"href":"https:\/\/evocert.pl\/zh\/wp-json\/wp\/v2\/comments?post=1684"}],"version-history":[{"count":3,"href":"https:\/\/evocert.pl\/zh\/wp-json\/wp\/v2\/pages\/1684\/revisions"}],"predecessor-version":[{"id":5072,"href":"https:\/\/evocert.pl\/zh\/wp-json\/wp\/v2\/pages\/1684\/revisions\/5072"}],"wp:attachment":[{"href":"https:\/\/evocert.pl\/zh\/wp-json\/wp\/v2\/media?parent=1684"}],"curies":[{"name":"wp","href":"https:\/\/api.w.org\/{rel}","templated":true}]}}