{"id":1436,"date":"2024-12-31T10:40:07","date_gmt":"2024-12-31T09:40:07","guid":{"rendered":"https:\/\/evocert.pl\/?page_id=1436"},"modified":"2025-11-24T10:20:38","modified_gmt":"2025-11-24T09:20:38","slug":"integrowana-produkcja-wykaz-certyfikatow","status":"publish","type":"page","link":"https:\/\/evocert.pl\/zh\/integrowana-produkcja-wykaz-certyfikatow\/","title":{"rendered":"\u7efc\u5408\u690d\u7269\u751f\u4ea7 - \u8bc1\u4e66\u6e05\u5355"},"content":{"rendered":"<p>EVOCERT \u5728\u201c\u7efc\u5408\u690d\u7269\u751f\u4ea7\u4f53\u7cfb\u201d\u6846\u67b6\u5185\u5efa\u7acb\u5e76\u7ba1\u7406\u5df2\u9881\u53d1\u8bc1\u4e66\u7684\u6e05\u5355\uff1a<\/p>\n\n\n\n<figure style=\"font-size:12px\" class=\"wp-block-table\"><table><thead><tr><th>\u5e8f\u53f7<\/th><th>\u751f\u4ea7\u8005\u59d3\u540d \/ \u540d\u79f0<\/th><th>\u751f\u4ea7\u8005\u5730\u5740 \/ \u4f4f\u6240\u6216\u6ce8\u518c\u5730<\/th><th>\u5728\u201c\u7533\u62a5\u5b9e\u65bd\u7efc\u5408\u690d\u7269\u751f\u4ea7\u7684\u690d\u7269\u751f\u4ea7\u8005\u767b\u8bb0\u518c\u201d\u4e2d\u7684\u751f\u4ea7\u8005\u7f16\u53f7<\/th><th>\u6240\u9881\u53d1\u8bc1\u4e66\u7f16\u53f7<\/th><th>\u8bc1\u4e66\u4e2d\u6240\u5217\u690d\u7269\u79cd\u7c7b<\/th><th>\u8bc1\u4e66\u4e2d\u6240\u5217\u690d\u7269\u54c1\u79cd<\/th><th>\u4ea7\u91cf\uff08\u5428\uff09<\/th><\/tr><\/thead><tbody><tr><td><\/td><td><\/td><td><\/td><td><\/td><td><\/td><td><\/td><td><\/td><td><\/td><\/tr><\/tbody><\/table><\/figure>","protected":false},"excerpt":{"rendered":"<p>EVOCERT prowadzi wykaz wystawionych certyfikat\u00f3w w ramach systemu Integrowanej Produkcji Ro\u015blin: Lp. Imi\u0119 i nazwisko\/ nazwa Producenta Adres i miejsce zamieszkania \/ adres i siedzib\u0119 Producenta Numer Producenta ro\u015blin w rejestrze producent\u00f3w ro\u015blin, kt\u00f3rzy zg\u0142osili zamiar stosowania integrowanej produkcji ro\u015blin Numer wydanego certyfikatu Gatunki ro\u015blin wskazane na certyfikacie Odmiana ro\u015blin wskazana na certyfikacie Wielko\u015b\u0107 plonu [&hellip;]<\/p>","protected":false},"author":2,"featured_media":0,"parent":0,"menu_order":0,"comment_status":"closed","ping_status":"closed","template":"wp-custom-template-oferta-ipr-pe-nomocnictwo","meta":{"footnotes":""},"class_list":["post-1436","page","type-page","status-publish","hentry"],"yoast_head":"<!-- This site is optimized with the Yoast SEO plugin v26.3 - https:\/\/yoast.com\/wordpress\/plugins\/seo\/ -->\n<title>Integrowana produkcja ro\u015blin - wykaz certyfikat\u00f3w - EVOCERT<\/title>\n<meta name=\"robots\" content=\"index, follow, max-snippet:-1, max-image-preview:large, max-video-preview:-1\" \/>\n<link rel=\"canonical\" href=\"https:\/\/evocert.pl\/zh\/integrowana-produkcja-wykaz-certyfikatow\/\" \/>\n<meta property=\"og:locale\" content=\"zh_CN\" \/>\n<meta property=\"og:type\" content=\"article\" \/>\n<meta property=\"og:title\" content=\"Integrowana produkcja ro\u015blin - wykaz certyfikat\u00f3w - EVOCERT\" \/>\n<meta property=\"og:description\" content=\"EVOCERT prowadzi wykaz wystawionych certyfikat\u00f3w w ramach systemu Integrowanej Produkcji Ro\u015blin: Lp. Imi\u0119 i nazwisko\/ nazwa Producenta Adres i miejsce zamieszkania \/ adres i siedzib\u0119 Producenta Numer Producenta ro\u015blin w rejestrze producent\u00f3w ro\u015blin, kt\u00f3rzy zg\u0142osili zamiar stosowania integrowanej produkcji ro\u015blin Numer wydanego certyfikatu Gatunki ro\u015blin wskazane na certyfikacie Odmiana ro\u015blin wskazana na certyfikacie Wielko\u015b\u0107 plonu [&hellip;]\" \/>\n<meta property=\"og:url\" content=\"https:\/\/evocert.pl\/zh\/integrowana-produkcja-wykaz-certyfikatow\/\" \/>\n<meta property=\"og:site_name\" content=\"EVOCERT\" \/>\n<meta property=\"article:modified_time\" content=\"2025-11-24T09:20:38+00:00\" \/>\n<meta property=\"og:image\" content=\"https:\/\/evocert.pl\/wp-content\/uploads\/2025\/01\/EVOCERT_logo_KOLOR_PNG.png\" \/>\n\t<meta property=\"og:image:width\" content=\"378\" \/>\n\t<meta property=\"og:image:height\" content=\"378\" \/>\n\t<meta property=\"og:image:type\" content=\"image\/png\" \/>\n<meta name=\"twitter:card\" content=\"summary_large_image\" \/>\n<meta name=\"twitter:label1\" content=\"\u9884\u8ba1\u9605\u8bfb\u65f6\u95f4\" \/>\n\t<meta name=\"twitter:data1\" content=\"1 \u5206\" \/>\n<script type=\"application\/ld+json\" class=\"yoast-schema-graph\">{\"@context\":\"https:\/\/schema.org\",\"@graph\":[{\"@type\":\"WebPage\",\"@id\":\"https:\/\/evocert.pl\/integrowana-produkcja-wykaz-certyfikatow\/\",\"url\":\"https:\/\/evocert.pl\/integrowana-produkcja-wykaz-certyfikatow\/\",\"name\":\"Integrowana produkcja ro\u015blin - wykaz certyfikat\u00f3w - EVOCERT\",\"isPartOf\":{\"@id\":\"https:\/\/evocert.pl\/en\/#website\"},\"datePublished\":\"2024-12-31T09:40:07+00:00\",\"dateModified\":\"2025-11-24T09:20:38+00:00\",\"breadcrumb\":{\"@id\":\"https:\/\/evocert.pl\/integrowana-produkcja-wykaz-certyfikatow\/#breadcrumb\"},\"inLanguage\":\"zh-Hans\",\"potentialAction\":[{\"@type\":\"ReadAction\",\"target\":[\"https:\/\/evocert.pl\/integrowana-produkcja-wykaz-certyfikatow\/\"]}]},{\"@type\":\"BreadcrumbList\",\"@id\":\"https:\/\/evocert.pl\/integrowana-produkcja-wykaz-certyfikatow\/#breadcrumb\",\"itemListElement\":[{\"@type\":\"ListItem\",\"position\":1,\"name\":\"Strona g\u0142\u00f3wna\",\"item\":\"https:\/\/evocert.pl\/en\/\"},{\"@type\":\"ListItem\",\"position\":2,\"name\":\"Integrowana produkcja ro\u015blin &#8211; wykaz certyfikat\u00f3w\"}]},{\"@type\":\"WebSite\",\"@id\":\"https:\/\/evocert.pl\/en\/#website\",\"url\":\"https:\/\/evocert.pl\/en\/\",\"name\":\"EVOCERT\",\"description\":\"Evolution in certification\",\"publisher\":{\"@id\":\"https:\/\/evocert.pl\/en\/#organization\"},\"potentialAction\":[{\"@type\":\"SearchAction\",\"target\":{\"@type\":\"EntryPoint\",\"urlTemplate\":\"https:\/\/evocert.pl\/en\/?s={search_term_string}\"},\"query-input\":{\"@type\":\"PropertyValueSpecification\",\"valueRequired\":true,\"valueName\":\"search_term_string\"}}],\"inLanguage\":\"zh-Hans\"},{\"@type\":\"Organization\",\"@id\":\"https:\/\/evocert.pl\/en\/#organization\",\"name\":\"EVOCERT\",\"url\":\"https:\/\/evocert.pl\/en\/\",\"logo\":{\"@type\":\"ImageObject\",\"inLanguage\":\"zh-Hans\",\"@id\":\"https:\/\/evocert.pl\/en\/#\/schema\/logo\/image\/\",\"url\":\"https:\/\/evocert.pl\/wp-content\/uploads\/2025\/01\/EVOCERT_logo_KOLOR_PNG.png\",\"contentUrl\":\"https:\/\/evocert.pl\/wp-content\/uploads\/2025\/01\/EVOCERT_logo_KOLOR_PNG.png\",\"width\":378,\"height\":378,\"caption\":\"EVOCERT\"},\"image\":{\"@id\":\"https:\/\/evocert.pl\/en\/#\/schema\/logo\/image\/\"},\"sameAs\":[\"https:\/\/www.linkedin.com\/company\/evocert-sp-z-o-o\"]}]}<\/script>\n<!-- \/ Yoast SEO plugin. -->","yoast_head_json":{"title":"Integrowana produkcja ro\u015blin - wykaz certyfikat\u00f3w - EVOCERT","robots":{"index":"index","follow":"follow","max-snippet":"max-snippet:-1","max-image-preview":"max-image-preview:large","max-video-preview":"max-video-preview:-1"},"canonical":"https:\/\/evocert.pl\/zh\/integrowana-produkcja-wykaz-certyfikatow\/","og_locale":"zh_CN","og_type":"article","og_title":"Integrowana produkcja ro\u015blin - wykaz certyfikat\u00f3w - EVOCERT","og_description":"EVOCERT prowadzi wykaz wystawionych certyfikat\u00f3w w ramach systemu Integrowanej Produkcji Ro\u015blin: Lp. Imi\u0119 i nazwisko\/ nazwa Producenta Adres i miejsce zamieszkania \/ adres i siedzib\u0119 Producenta Numer Producenta ro\u015blin w rejestrze producent\u00f3w ro\u015blin, kt\u00f3rzy zg\u0142osili zamiar stosowania integrowanej produkcji ro\u015blin Numer wydanego certyfikatu Gatunki ro\u015blin wskazane na certyfikacie Odmiana ro\u015blin wskazana na certyfikacie Wielko\u015b\u0107 plonu [&hellip;]","og_url":"https:\/\/evocert.pl\/zh\/integrowana-produkcja-wykaz-certyfikatow\/","og_site_name":"EVOCERT","article_modified_time":"2025-11-24T09:20:38+00:00","og_image":[{"width":378,"height":378,"url":"https:\/\/evocert.pl\/wp-content\/uploads\/2025\/01\/EVOCERT_logo_KOLOR_PNG.png","type":"image\/png"}],"twitter_card":"summary_large_image","twitter_misc":{"\u9884\u8ba1\u9605\u8bfb\u65f6\u95f4":"1 \u5206"},"schema":{"@context":"https:\/\/schema.org","@graph":[{"@type":"WebPage","@id":"https:\/\/evocert.pl\/integrowana-produkcja-wykaz-certyfikatow\/","url":"https:\/\/evocert.pl\/integrowana-produkcja-wykaz-certyfikatow\/","name":"Integrowana produkcja ro\u015blin - wykaz certyfikat\u00f3w - EVOCERT","isPartOf":{"@id":"https:\/\/evocert.pl\/en\/#website"},"datePublished":"2024-12-31T09:40:07+00:00","dateModified":"2025-11-24T09:20:38+00:00","breadcrumb":{"@id":"https:\/\/evocert.pl\/integrowana-produkcja-wykaz-certyfikatow\/#breadcrumb"},"inLanguage":"zh-Hans","potentialAction":[{"@type":"ReadAction","target":["https:\/\/evocert.pl\/integrowana-produkcja-wykaz-certyfikatow\/"]}]},{"@type":"BreadcrumbList","@id":"https:\/\/evocert.pl\/integrowana-produkcja-wykaz-certyfikatow\/#breadcrumb","itemListElement":[{"@type":"ListItem","position":1,"name":"Strona g\u0142\u00f3wna","item":"https:\/\/evocert.pl\/en\/"},{"@type":"ListItem","position":2,"name":"Integrowana produkcja ro\u015blin &#8211; wykaz certyfikat\u00f3w"}]},{"@type":"WebSite","@id":"https:\/\/evocert.pl\/en\/#website","url":"https:\/\/evocert.pl\/en\/","name":"EVOCERT","description":"Evolution in certification","publisher":{"@id":"https:\/\/evocert.pl\/en\/#organization"},"potentialAction":[{"@type":"SearchAction","target":{"@type":"EntryPoint","urlTemplate":"https:\/\/evocert.pl\/en\/?s={search_term_string}"},"query-input":{"@type":"PropertyValueSpecification","valueRequired":true,"valueName":"search_term_string"}}],"inLanguage":"zh-Hans"},{"@type":"Organization","@id":"https:\/\/evocert.pl\/en\/#organization","name":"EVOCERT","url":"https:\/\/evocert.pl\/en\/","logo":{"@type":"ImageObject","inLanguage":"zh-Hans","@id":"https:\/\/evocert.pl\/en\/#\/schema\/logo\/image\/","url":"https:\/\/evocert.pl\/wp-content\/uploads\/2025\/01\/EVOCERT_logo_KOLOR_PNG.png","contentUrl":"https:\/\/evocert.pl\/wp-content\/uploads\/2025\/01\/EVOCERT_logo_KOLOR_PNG.png","width":378,"height":378,"caption":"EVOCERT"},"image":{"@id":"https:\/\/evocert.pl\/en\/#\/schema\/logo\/image\/"},"sameAs":["https:\/\/www.linkedin.com\/company\/evocert-sp-z-o-o"]}]}},"_links":{"self":[{"href":"https:\/\/evocert.pl\/zh\/wp-json\/wp\/v2\/pages\/1436","targetHints":{"allow":["GET"]}}],"collection":[{"href":"https:\/\/evocert.pl\/zh\/wp-json\/wp\/v2\/pages"}],"about":[{"href":"https:\/\/evocert.pl\/zh\/wp-json\/wp\/v2\/types\/page"}],"author":[{"embeddable":true,"href":"https:\/\/evocert.pl\/zh\/wp-json\/wp\/v2\/users\/2"}],"replies":[{"embeddable":true,"href":"https:\/\/evocert.pl\/zh\/wp-json\/wp\/v2\/comments?post=1436"}],"version-history":[{"count":6,"href":"https:\/\/evocert.pl\/zh\/wp-json\/wp\/v2\/pages\/1436\/revisions"}],"predecessor-version":[{"id":5146,"href":"https:\/\/evocert.pl\/zh\/wp-json\/wp\/v2\/pages\/1436\/revisions\/5146"}],"wp:attachment":[{"href":"https:\/\/evocert.pl\/zh\/wp-json\/wp\/v2\/media?parent=1436"}],"curies":[{"name":"wp","href":"https:\/\/api.w.org\/{rel}","templated":true}]}}