{"id":1433,"date":"2024-12-31T10:39:46","date_gmt":"2024-12-31T09:39:46","guid":{"rendered":"https:\/\/evocert.pl\/?page_id=1433"},"modified":"2026-02-13T14:32:36","modified_gmt":"2026-02-13T13:32:36","slug":"integrowana-produkcja-roslin_cennik-oplaty","status":"publish","type":"page","link":"https:\/\/evocert.pl\/zh\/integrowana-produkcja-roslin_cennik-oplaty\/","title":{"rendered":"\u7efc\u5408\u690d\u7269\u751f\u4ea7 - \u4ef7\u683c\u8868\u4e0e\u8d39\u7528"},"content":{"rendered":"<div class=\"wp-block-group has-heading-color has-text-color has-link-color has-small-font-size wp-elements-7d2b4e4cf5827ea0070644fc1e299030 is-vertical is-content-justification-stretch is-layout-flex wp-container-core-group-is-layout-a5b1d185 wp-block-group-is-layout-flex\" style=\"padding-right:var(--wp--preset--spacing--60);padding-bottom:var(--wp--preset--spacing--60);padding-left:var(--wp--preset--spacing--30);line-height:1.6\">\n<h2 class=\"wp-block-heading has-custom-logo-color has-text-color has-link-color has-medium-font-size wp-elements-e5f1770970b77a2edf757e524dbef48f\">\u4ef7\u683c\u8868\u4e0e\u8d39\u7528<\/h2>\n\n\n\n<p>\u8ba4\u8bc1\u8d39\u7528\u53d6\u51b3\u4e8e\u4ee5\u4e0b\u56e0\u7d20\uff1a<\/p>\n\n\n\n<ul class=\"wp-block-list\">\n<li>\u7eb3\u5165\u7efc\u5408\u690d\u7269\u751f\u4ea7 \u7684\u4f5c\u7269\u79cd\u7c7b\u6570\u91cf\uff0c<\/li>\n\n\n\n<li>\u519c\u573a\u9762\u79ef\uff0c<\/li>\n\n\n\n<li>\u68c0\u67e5\u8303\u56f4\u53ca\u9644\u52a0\u670d\u52a1\u5185\u5bb9\u3002<\/li>\n<\/ul>\n\n\n\n<p>\u5b8c\u6574\u4ef7\u683c\u8868\u89c1\u4e0b\u65b9\u3002<\/p>\n\n\n\n<div class=\"wp-block-group has-medium-font-size is-nowrap is-layout-flex wp-container-core-group-is-layout-f0acb57f wp-block-group-is-layout-flex\" style=\"padding-right:0;padding-left:0\">\n<div class=\"wp-block-wpzoom-blocks-social-icons is-style-without-canvas\" style=\"--wpz-social-icons-block-item-font-size:25px;--wpz-social-icons-block-item-padding-horizontal:0px;--wpz-social-icons-block-item-padding-vertical:6px;--wpz-social-icons-block-item-margin-horizontal:0px;--wpz-social-icons-block-item-margin-vertical:5px;--wpz-social-icons-block-item-border-radius:5px;--wpz-social-icons-block-label-font-size:16px;--wpz-social-icons-block-label-color:#2e3131;--wpz-social-icons-block-label-color-hover:#2e3131;--wpz-social-icons-alignment:flex-end\"><a href=\"https:\/\/evocert.pl\/wp-content\/uploads\/2025\/01\/KZ1_00_00_05_Polityka_Prywatnosci_2025_01_05.pdf\" class=\"social-icon-link\" title=\"Download\" style=\"--wpz-social-icons-block-item-color:#107a10;--wpz-social-icons-block-item-color-hover:#107a10\"><span class=\"social-icon genericon genericon-download\"><\/span><\/a><\/div>\n\n\n\n<div class=\"wp-block-file has-link-color wp-elements-de3db936ec91bdda991a5340a911881f\" style=\"margin-top:0;margin-left:0\"><a id=\"wp-block-file--media-b4ccd7e5-bc6f-4a05-9877-5e2219d3fc5d\" href=\"https:\/\/evocert.pl\/wp-content\/uploads\/2026\/02\/Cennik-Integrowanej-Produkcji-Roslin-1.pdf\" target=\"_blank\" rel=\"noreferrer noopener\">Cennik Integrowanej Produkcji Ro\u015blin<\/a><\/div>\n<\/div>\n\n\n\n<p>\u6211\u4eec\u81f4\u529b\u4e8e\u63d0\u4f9b\u6e05\u6670\u900f\u660e\u7684\u8d39\u7528 \u2014 \u65e0\u4efb\u4f55\u9690\u85cf\u6536\u8d39\u3002<\/p>\n<\/div>","protected":false},"excerpt":{"rendered":"<p>Cennik i op\u0142aty Koszty certyfikacji zale\u017c\u0105 od: Pe\u0142ny cennik jest dost\u0119pny poni\u017cej. D\u0105\u017cymy do jasnych i przejrzystych koszt\u00f3w \u2013 bez ukrytych op\u0142at.<\/p>","protected":false},"author":2,"featured_media":0,"parent":0,"menu_order":0,"comment_status":"closed","ping_status":"closed","template":"wp-custom-template-oferta-ipr-wnioski","meta":{"footnotes":""},"class_list":["post-1433","page","type-page","status-publish","hentry"],"yoast_head":"<!-- This site is optimized with the Yoast SEO plugin v26.3 - https:\/\/yoast.com\/wordpress\/plugins\/seo\/ -->\n<title>Integrowana produkcja ro\u015blin - cennik i op\u0142aty - EVOCERT<\/title>\n<meta name=\"robots\" content=\"index, follow, max-snippet:-1, max-image-preview:large, max-video-preview:-1\" \/>\n<link rel=\"canonical\" href=\"https:\/\/evocert.pl\/zh\/integrowana-produkcja-roslin_cennik-oplaty\/\" \/>\n<meta property=\"og:locale\" content=\"zh_CN\" \/>\n<meta property=\"og:type\" content=\"article\" \/>\n<meta property=\"og:title\" content=\"Integrowana produkcja ro\u015blin - cennik i op\u0142aty - EVOCERT\" \/>\n<meta property=\"og:description\" content=\"Cennik i op\u0142aty Koszty certyfikacji zale\u017c\u0105 od: Pe\u0142ny cennik jest dost\u0119pny poni\u017cej. D\u0105\u017cymy do jasnych i przejrzystych koszt\u00f3w \u2013 bez ukrytych op\u0142at.\" \/>\n<meta property=\"og:url\" content=\"https:\/\/evocert.pl\/zh\/integrowana-produkcja-roslin_cennik-oplaty\/\" \/>\n<meta property=\"og:site_name\" content=\"EVOCERT\" \/>\n<meta property=\"article:modified_time\" content=\"2026-02-13T13:32:36+00:00\" \/>\n<meta property=\"og:image\" content=\"https:\/\/evocert.pl\/wp-content\/uploads\/2025\/01\/EVOCERT_logo_KOLOR_PNG.png\" \/>\n\t<meta property=\"og:image:width\" content=\"378\" \/>\n\t<meta property=\"og:image:height\" content=\"378\" \/>\n\t<meta property=\"og:image:type\" content=\"image\/png\" \/>\n<meta name=\"twitter:card\" content=\"summary_large_image\" \/>\n<meta name=\"twitter:label1\" content=\"\u9884\u8ba1\u9605\u8bfb\u65f6\u95f4\" \/>\n\t<meta name=\"twitter:data1\" content=\"1 \u5206\" \/>\n<script type=\"application\/ld+json\" class=\"yoast-schema-graph\">{\"@context\":\"https:\/\/schema.org\",\"@graph\":[{\"@type\":\"WebPage\",\"@id\":\"https:\/\/evocert.pl\/integrowana-produkcja-roslin_cennik-oplaty\/\",\"url\":\"https:\/\/evocert.pl\/integrowana-produkcja-roslin_cennik-oplaty\/\",\"name\":\"Integrowana produkcja ro\u015blin - cennik i op\u0142aty - EVOCERT\",\"isPartOf\":{\"@id\":\"https:\/\/evocert.pl\/en\/#website\"},\"datePublished\":\"2024-12-31T09:39:46+00:00\",\"dateModified\":\"2026-02-13T13:32:36+00:00\",\"breadcrumb\":{\"@id\":\"https:\/\/evocert.pl\/integrowana-produkcja-roslin_cennik-oplaty\/#breadcrumb\"},\"inLanguage\":\"zh-Hans\",\"potentialAction\":[{\"@type\":\"ReadAction\",\"target\":[\"https:\/\/evocert.pl\/integrowana-produkcja-roslin_cennik-oplaty\/\"]}]},{\"@type\":\"BreadcrumbList\",\"@id\":\"https:\/\/evocert.pl\/integrowana-produkcja-roslin_cennik-oplaty\/#breadcrumb\",\"itemListElement\":[{\"@type\":\"ListItem\",\"position\":1,\"name\":\"Strona g\u0142\u00f3wna\",\"item\":\"https:\/\/evocert.pl\/en\/\"},{\"@type\":\"ListItem\",\"position\":2,\"name\":\"Integrowana produkcja ro\u015blin &#8211; cennik i op\u0142aty\"}]},{\"@type\":\"WebSite\",\"@id\":\"https:\/\/evocert.pl\/en\/#website\",\"url\":\"https:\/\/evocert.pl\/en\/\",\"name\":\"EVOCERT\",\"description\":\"Evolution in certification\",\"publisher\":{\"@id\":\"https:\/\/evocert.pl\/en\/#organization\"},\"potentialAction\":[{\"@type\":\"SearchAction\",\"target\":{\"@type\":\"EntryPoint\",\"urlTemplate\":\"https:\/\/evocert.pl\/en\/?s={search_term_string}\"},\"query-input\":{\"@type\":\"PropertyValueSpecification\",\"valueRequired\":true,\"valueName\":\"search_term_string\"}}],\"inLanguage\":\"zh-Hans\"},{\"@type\":\"Organization\",\"@id\":\"https:\/\/evocert.pl\/en\/#organization\",\"name\":\"EVOCERT\",\"url\":\"https:\/\/evocert.pl\/en\/\",\"logo\":{\"@type\":\"ImageObject\",\"inLanguage\":\"zh-Hans\",\"@id\":\"https:\/\/evocert.pl\/en\/#\/schema\/logo\/image\/\",\"url\":\"https:\/\/evocert.pl\/wp-content\/uploads\/2025\/01\/EVOCERT_logo_KOLOR_PNG.png\",\"contentUrl\":\"https:\/\/evocert.pl\/wp-content\/uploads\/2025\/01\/EVOCERT_logo_KOLOR_PNG.png\",\"width\":378,\"height\":378,\"caption\":\"EVOCERT\"},\"image\":{\"@id\":\"https:\/\/evocert.pl\/en\/#\/schema\/logo\/image\/\"},\"sameAs\":[\"https:\/\/www.linkedin.com\/company\/evocert-sp-z-o-o\"]}]}<\/script>\n<!-- \/ Yoast SEO plugin. -->","yoast_head_json":{"title":"Integrowana produkcja ro\u015blin - cennik i op\u0142aty - EVOCERT","robots":{"index":"index","follow":"follow","max-snippet":"max-snippet:-1","max-image-preview":"max-image-preview:large","max-video-preview":"max-video-preview:-1"},"canonical":"https:\/\/evocert.pl\/zh\/integrowana-produkcja-roslin_cennik-oplaty\/","og_locale":"zh_CN","og_type":"article","og_title":"Integrowana produkcja ro\u015blin - cennik i op\u0142aty - EVOCERT","og_description":"Cennik i op\u0142aty Koszty certyfikacji zale\u017c\u0105 od: Pe\u0142ny cennik jest dost\u0119pny poni\u017cej. D\u0105\u017cymy do jasnych i przejrzystych koszt\u00f3w \u2013 bez ukrytych op\u0142at.","og_url":"https:\/\/evocert.pl\/zh\/integrowana-produkcja-roslin_cennik-oplaty\/","og_site_name":"EVOCERT","article_modified_time":"2026-02-13T13:32:36+00:00","og_image":[{"width":378,"height":378,"url":"https:\/\/evocert.pl\/wp-content\/uploads\/2025\/01\/EVOCERT_logo_KOLOR_PNG.png","type":"image\/png"}],"twitter_card":"summary_large_image","twitter_misc":{"\u9884\u8ba1\u9605\u8bfb\u65f6\u95f4":"1 \u5206"},"schema":{"@context":"https:\/\/schema.org","@graph":[{"@type":"WebPage","@id":"https:\/\/evocert.pl\/integrowana-produkcja-roslin_cennik-oplaty\/","url":"https:\/\/evocert.pl\/integrowana-produkcja-roslin_cennik-oplaty\/","name":"Integrowana produkcja ro\u015blin - cennik i op\u0142aty - EVOCERT","isPartOf":{"@id":"https:\/\/evocert.pl\/en\/#website"},"datePublished":"2024-12-31T09:39:46+00:00","dateModified":"2026-02-13T13:32:36+00:00","breadcrumb":{"@id":"https:\/\/evocert.pl\/integrowana-produkcja-roslin_cennik-oplaty\/#breadcrumb"},"inLanguage":"zh-Hans","potentialAction":[{"@type":"ReadAction","target":["https:\/\/evocert.pl\/integrowana-produkcja-roslin_cennik-oplaty\/"]}]},{"@type":"BreadcrumbList","@id":"https:\/\/evocert.pl\/integrowana-produkcja-roslin_cennik-oplaty\/#breadcrumb","itemListElement":[{"@type":"ListItem","position":1,"name":"Strona g\u0142\u00f3wna","item":"https:\/\/evocert.pl\/en\/"},{"@type":"ListItem","position":2,"name":"Integrowana produkcja ro\u015blin &#8211; cennik i op\u0142aty"}]},{"@type":"WebSite","@id":"https:\/\/evocert.pl\/en\/#website","url":"https:\/\/evocert.pl\/en\/","name":"EVOCERT","description":"Evolution in certification","publisher":{"@id":"https:\/\/evocert.pl\/en\/#organization"},"potentialAction":[{"@type":"SearchAction","target":{"@type":"EntryPoint","urlTemplate":"https:\/\/evocert.pl\/en\/?s={search_term_string}"},"query-input":{"@type":"PropertyValueSpecification","valueRequired":true,"valueName":"search_term_string"}}],"inLanguage":"zh-Hans"},{"@type":"Organization","@id":"https:\/\/evocert.pl\/en\/#organization","name":"EVOCERT","url":"https:\/\/evocert.pl\/en\/","logo":{"@type":"ImageObject","inLanguage":"zh-Hans","@id":"https:\/\/evocert.pl\/en\/#\/schema\/logo\/image\/","url":"https:\/\/evocert.pl\/wp-content\/uploads\/2025\/01\/EVOCERT_logo_KOLOR_PNG.png","contentUrl":"https:\/\/evocert.pl\/wp-content\/uploads\/2025\/01\/EVOCERT_logo_KOLOR_PNG.png","width":378,"height":378,"caption":"EVOCERT"},"image":{"@id":"https:\/\/evocert.pl\/en\/#\/schema\/logo\/image\/"},"sameAs":["https:\/\/www.linkedin.com\/company\/evocert-sp-z-o-o"]}]}},"_links":{"self":[{"href":"https:\/\/evocert.pl\/zh\/wp-json\/wp\/v2\/pages\/1433","targetHints":{"allow":["GET"]}}],"collection":[{"href":"https:\/\/evocert.pl\/zh\/wp-json\/wp\/v2\/pages"}],"about":[{"href":"https:\/\/evocert.pl\/zh\/wp-json\/wp\/v2\/types\/page"}],"author":[{"embeddable":true,"href":"https:\/\/evocert.pl\/zh\/wp-json\/wp\/v2\/users\/2"}],"replies":[{"embeddable":true,"href":"https:\/\/evocert.pl\/zh\/wp-json\/wp\/v2\/comments?post=1433"}],"version-history":[{"count":8,"href":"https:\/\/evocert.pl\/zh\/wp-json\/wp\/v2\/pages\/1433\/revisions"}],"predecessor-version":[{"id":5278,"href":"https:\/\/evocert.pl\/zh\/wp-json\/wp\/v2\/pages\/1433\/revisions\/5278"}],"wp:attachment":[{"href":"https:\/\/evocert.pl\/zh\/wp-json\/wp\/v2\/media?parent=1433"}],"curies":[{"name":"wp","href":"https:\/\/api.w.org\/{rel}","templated":true}]}}