{"id":1430,"date":"2024-12-31T10:39:32","date_gmt":"2024-12-31T09:39:32","guid":{"rendered":"https:\/\/evocert.pl\/?page_id=1430"},"modified":"2025-11-24T10:08:47","modified_gmt":"2025-11-24T09:08:47","slug":"integrowana-produkcja-roslin-jak_zaczac","status":"publish","type":"page","link":"https:\/\/evocert.pl\/zh\/integrowana-produkcja-roslin-jak_zaczac\/","title":{"rendered":"\u7efc\u5408\u690d\u7269\u751f\u4ea7 - \u5982\u4f55\u5f00\u59cb"},"content":{"rendered":"<div class=\"wp-block-group has-heading-color has-text-color has-link-color has-small-font-size wp-elements-bbfb15a841bdd8d573b605a0bcb43d2b is-vertical is-content-justification-stretch is-layout-flex wp-container-core-group-is-layout-a5b1d185 wp-block-group-is-layout-flex\" style=\"padding-right:var(--wp--preset--spacing--60);padding-bottom:var(--wp--preset--spacing--60);padding-left:var(--wp--preset--spacing--30);line-height:1.6\">\n<h2 class=\"wp-block-heading has-custom-logo-color has-text-color has-link-color has-medium-font-size wp-elements-88188f91ceb9241c40fdd15bea002dfd\">\u5982\u4f55\u5f00\u59cb\uff1f<\/h2>\n\n\n\n<p>\u6b32\u5728 EVOCERT \u83b7\u5f97\u7efc\u5408\u690d\u7269\u751f\u4ea7\uff08IPR\uff09\u8ba4\u8bc1\uff0c\u8bf7\u6309\u4ee5\u4e0b\u6b65\u9aa4\u64cd\u4f5c\uff1a<\/p>\n\n\n\n<ol class=\"wp-block-list\">\n<li>\u5411 EVOCERT \u63d0\u4ea4\u8ba4\u8bc1\u7533\u8bf7\uff1a\n<ul class=\"wp-block-list\">\n<li class=\"translation-block\"><strong>\u4e0b\u8f7d<\/strong> \u8868\u683c\u201c<strong>\u7efc\u5408\u690d\u7269\u751f\u4ea7\uff08IPR\uff09\u8ba4\u8bc1\u7533\u8bf7\u8868<\/strong>\u201d\uff0c\u8be5\u8868\u683c\u53ef\u5728\u201c\u4e0b\u8f7d\u201d\u680f\u76ee\u4e2d\u83b7\u53d6\u3002<\/li>\n\n\n\n<li class=\"translation-block\"><strong>\u586b\u5199\u5e76\u7b7e\u7f72<\/strong> \u8868\u683c\u3002<\/li>\n\n\n\n<li><strong>\u5c06\u586b\u5199\u5e76\u7b7e\u7f72\u7684\u7533\u8bf7\u8868\u53ca\u76f8\u5e94\u9644\u4ef6\u4e00\u5e76\u63d0\u4ea4\u81f3 EVOCERT\u3002<\/strong>\u6587\u4ef6\u53ef\u901a\u8fc7\u4ee5\u4e0b\u65b9\u5f0f\u53d1\u9001\uff1a\n<ul class=\"wp-block-list\">\n<li>\u901a\u8fc7\u4f20\u7edf\u90ae\u5bc4\u65b9\u5f0f\u5bc4\u9001\uff0c\u6587\u4ef6\u9700\u6709\u624b\u5199\u7b7e\u540d\uff0c\u5730\u5740\uff1aul. dr Franciszka Witaszka 6, 64-920 Pi\u0142a, \u6ce2\u5170\uff1b<\/li>\n\n\n\n<li>\u901a\u8fc7\u7535\u5b50\u90ae\u4ef6\u53d1\u9001\uff0c\u6587\u4ef6\u9700\u9644\u6709\u5408\u683c\u7535\u5b50\u7b7e\u540d\uff0c\u90ae\u7bb1\uff1akontakt@evocert.pl\u3002<\/li>\n<\/ul>\n<\/li>\n<\/ul>\n<\/li>\n\n\n\n<li class=\"translation-block\"><strong>\u7b7e\u7f72\u5408\u540c<\/strong> \u2014 \u5728\u5bf9\u7533\u8bf7\u8fdb\u884c\u5ba1\u6838\u540e\uff0c\u6211\u4eec\u5c06\u51c6\u5907\u5e76\u53d1\u9001\u8ba4\u8bc1\u5408\u540c\u3002<\/li>\n\n\n\n<li class=\"translation-block\"><strong>\u519c\u573a\u68c0\u67e5<\/strong> \u2014 EVOCERT \u68c0\u67e5\u5458\u5c06\u6839\u636e IPR \u65b9\u6cd5\u5f00\u5c55\u73b0\u573a\u68c0\u67e5\u3002\u901a\u8fc7\u5ba1\u6838\u540e\uff0c\u6211\u4eec\u5c06\u9881\u53d1\u8ba4\u8bc1\u8bc1\u4e66\u3002<\/li>\n<\/ol>\n<\/div>","protected":false},"excerpt":{"rendered":"<p>Jak zacz\u0105\u0107? Aby uzyska\u0107 certyfikat IPR w EVOCERT, wykonaj poni\u017csze kroki:<\/p>","protected":false},"author":2,"featured_media":0,"parent":0,"menu_order":0,"comment_status":"closed","ping_status":"closed","template":"wp-custom-template-oferta-ipr-podstawy-prawne-wymagania","meta":{"footnotes":""},"class_list":["post-1430","page","type-page","status-publish","hentry"],"yoast_head":"<!-- This site is optimized with the Yoast SEO plugin v26.3 - https:\/\/yoast.com\/wordpress\/plugins\/seo\/ -->\n<title>Integrowana produkcja ro\u015blin - jak zacz\u0105\u0107 - EVOCERT<\/title>\n<meta name=\"robots\" content=\"index, follow, max-snippet:-1, max-image-preview:large, max-video-preview:-1\" \/>\n<link rel=\"canonical\" href=\"https:\/\/evocert.pl\/zh\/integrowana-produkcja-roslin-jak_zaczac\/\" \/>\n<meta property=\"og:locale\" content=\"zh_CN\" \/>\n<meta property=\"og:type\" content=\"article\" \/>\n<meta property=\"og:title\" content=\"Integrowana produkcja ro\u015blin - jak zacz\u0105\u0107 - EVOCERT\" \/>\n<meta property=\"og:description\" content=\"Jak zacz\u0105\u0107? Aby uzyska\u0107 certyfikat IPR w EVOCERT, wykonaj poni\u017csze kroki:\" \/>\n<meta property=\"og:url\" content=\"https:\/\/evocert.pl\/zh\/integrowana-produkcja-roslin-jak_zaczac\/\" \/>\n<meta property=\"og:site_name\" content=\"EVOCERT\" \/>\n<meta property=\"article:modified_time\" content=\"2025-11-24T09:08:47+00:00\" \/>\n<meta property=\"og:image\" content=\"https:\/\/evocert.pl\/wp-content\/uploads\/2025\/01\/EVOCERT_logo_KOLOR_PNG.png\" \/>\n\t<meta property=\"og:image:width\" content=\"378\" \/>\n\t<meta property=\"og:image:height\" content=\"378\" \/>\n\t<meta property=\"og:image:type\" content=\"image\/png\" \/>\n<meta name=\"twitter:card\" content=\"summary_large_image\" \/>\n<meta name=\"twitter:label1\" content=\"\u9884\u8ba1\u9605\u8bfb\u65f6\u95f4\" \/>\n\t<meta name=\"twitter:data1\" content=\"1 \u5206\" \/>\n<script type=\"application\/ld+json\" class=\"yoast-schema-graph\">{\"@context\":\"https:\/\/schema.org\",\"@graph\":[{\"@type\":\"WebPage\",\"@id\":\"https:\/\/evocert.pl\/integrowana-produkcja-roslin-jak_zaczac\/\",\"url\":\"https:\/\/evocert.pl\/integrowana-produkcja-roslin-jak_zaczac\/\",\"name\":\"Integrowana produkcja ro\u015blin - jak zacz\u0105\u0107 - EVOCERT\",\"isPartOf\":{\"@id\":\"https:\/\/evocert.pl\/en\/#website\"},\"datePublished\":\"2024-12-31T09:39:32+00:00\",\"dateModified\":\"2025-11-24T09:08:47+00:00\",\"breadcrumb\":{\"@id\":\"https:\/\/evocert.pl\/integrowana-produkcja-roslin-jak_zaczac\/#breadcrumb\"},\"inLanguage\":\"zh-Hans\",\"potentialAction\":[{\"@type\":\"ReadAction\",\"target\":[\"https:\/\/evocert.pl\/integrowana-produkcja-roslin-jak_zaczac\/\"]}]},{\"@type\":\"BreadcrumbList\",\"@id\":\"https:\/\/evocert.pl\/integrowana-produkcja-roslin-jak_zaczac\/#breadcrumb\",\"itemListElement\":[{\"@type\":\"ListItem\",\"position\":1,\"name\":\"Strona g\u0142\u00f3wna\",\"item\":\"https:\/\/evocert.pl\/en\/\"},{\"@type\":\"ListItem\",\"position\":2,\"name\":\"Integrowana produkcja ro\u015blin &#8211; jak zacz\u0105\u0107\"}]},{\"@type\":\"WebSite\",\"@id\":\"https:\/\/evocert.pl\/en\/#website\",\"url\":\"https:\/\/evocert.pl\/en\/\",\"name\":\"EVOCERT\",\"description\":\"Evolution in certification\",\"publisher\":{\"@id\":\"https:\/\/evocert.pl\/en\/#organization\"},\"potentialAction\":[{\"@type\":\"SearchAction\",\"target\":{\"@type\":\"EntryPoint\",\"urlTemplate\":\"https:\/\/evocert.pl\/en\/?s={search_term_string}\"},\"query-input\":{\"@type\":\"PropertyValueSpecification\",\"valueRequired\":true,\"valueName\":\"search_term_string\"}}],\"inLanguage\":\"zh-Hans\"},{\"@type\":\"Organization\",\"@id\":\"https:\/\/evocert.pl\/en\/#organization\",\"name\":\"EVOCERT\",\"url\":\"https:\/\/evocert.pl\/en\/\",\"logo\":{\"@type\":\"ImageObject\",\"inLanguage\":\"zh-Hans\",\"@id\":\"https:\/\/evocert.pl\/en\/#\/schema\/logo\/image\/\",\"url\":\"https:\/\/evocert.pl\/wp-content\/uploads\/2025\/01\/EVOCERT_logo_KOLOR_PNG.png\",\"contentUrl\":\"https:\/\/evocert.pl\/wp-content\/uploads\/2025\/01\/EVOCERT_logo_KOLOR_PNG.png\",\"width\":378,\"height\":378,\"caption\":\"EVOCERT\"},\"image\":{\"@id\":\"https:\/\/evocert.pl\/en\/#\/schema\/logo\/image\/\"},\"sameAs\":[\"https:\/\/www.linkedin.com\/company\/evocert-sp-z-o-o\"]}]}<\/script>\n<!-- \/ Yoast SEO plugin. -->","yoast_head_json":{"title":"Integrowana produkcja ro\u015blin - jak zacz\u0105\u0107 - EVOCERT","robots":{"index":"index","follow":"follow","max-snippet":"max-snippet:-1","max-image-preview":"max-image-preview:large","max-video-preview":"max-video-preview:-1"},"canonical":"https:\/\/evocert.pl\/zh\/integrowana-produkcja-roslin-jak_zaczac\/","og_locale":"zh_CN","og_type":"article","og_title":"Integrowana produkcja ro\u015blin - jak zacz\u0105\u0107 - EVOCERT","og_description":"Jak zacz\u0105\u0107? Aby uzyska\u0107 certyfikat IPR w EVOCERT, wykonaj poni\u017csze kroki:","og_url":"https:\/\/evocert.pl\/zh\/integrowana-produkcja-roslin-jak_zaczac\/","og_site_name":"EVOCERT","article_modified_time":"2025-11-24T09:08:47+00:00","og_image":[{"width":378,"height":378,"url":"https:\/\/evocert.pl\/wp-content\/uploads\/2025\/01\/EVOCERT_logo_KOLOR_PNG.png","type":"image\/png"}],"twitter_card":"summary_large_image","twitter_misc":{"\u9884\u8ba1\u9605\u8bfb\u65f6\u95f4":"1 \u5206"},"schema":{"@context":"https:\/\/schema.org","@graph":[{"@type":"WebPage","@id":"https:\/\/evocert.pl\/integrowana-produkcja-roslin-jak_zaczac\/","url":"https:\/\/evocert.pl\/integrowana-produkcja-roslin-jak_zaczac\/","name":"Integrowana produkcja ro\u015blin - jak zacz\u0105\u0107 - EVOCERT","isPartOf":{"@id":"https:\/\/evocert.pl\/en\/#website"},"datePublished":"2024-12-31T09:39:32+00:00","dateModified":"2025-11-24T09:08:47+00:00","breadcrumb":{"@id":"https:\/\/evocert.pl\/integrowana-produkcja-roslin-jak_zaczac\/#breadcrumb"},"inLanguage":"zh-Hans","potentialAction":[{"@type":"ReadAction","target":["https:\/\/evocert.pl\/integrowana-produkcja-roslin-jak_zaczac\/"]}]},{"@type":"BreadcrumbList","@id":"https:\/\/evocert.pl\/integrowana-produkcja-roslin-jak_zaczac\/#breadcrumb","itemListElement":[{"@type":"ListItem","position":1,"name":"Strona g\u0142\u00f3wna","item":"https:\/\/evocert.pl\/en\/"},{"@type":"ListItem","position":2,"name":"Integrowana produkcja ro\u015blin &#8211; jak zacz\u0105\u0107"}]},{"@type":"WebSite","@id":"https:\/\/evocert.pl\/en\/#website","url":"https:\/\/evocert.pl\/en\/","name":"EVOCERT","description":"Evolution in certification","publisher":{"@id":"https:\/\/evocert.pl\/en\/#organization"},"potentialAction":[{"@type":"SearchAction","target":{"@type":"EntryPoint","urlTemplate":"https:\/\/evocert.pl\/en\/?s={search_term_string}"},"query-input":{"@type":"PropertyValueSpecification","valueRequired":true,"valueName":"search_term_string"}}],"inLanguage":"zh-Hans"},{"@type":"Organization","@id":"https:\/\/evocert.pl\/en\/#organization","name":"EVOCERT","url":"https:\/\/evocert.pl\/en\/","logo":{"@type":"ImageObject","inLanguage":"zh-Hans","@id":"https:\/\/evocert.pl\/en\/#\/schema\/logo\/image\/","url":"https:\/\/evocert.pl\/wp-content\/uploads\/2025\/01\/EVOCERT_logo_KOLOR_PNG.png","contentUrl":"https:\/\/evocert.pl\/wp-content\/uploads\/2025\/01\/EVOCERT_logo_KOLOR_PNG.png","width":378,"height":378,"caption":"EVOCERT"},"image":{"@id":"https:\/\/evocert.pl\/en\/#\/schema\/logo\/image\/"},"sameAs":["https:\/\/www.linkedin.com\/company\/evocert-sp-z-o-o"]}]}},"_links":{"self":[{"href":"https:\/\/evocert.pl\/zh\/wp-json\/wp\/v2\/pages\/1430","targetHints":{"allow":["GET"]}}],"collection":[{"href":"https:\/\/evocert.pl\/zh\/wp-json\/wp\/v2\/pages"}],"about":[{"href":"https:\/\/evocert.pl\/zh\/wp-json\/wp\/v2\/types\/page"}],"author":[{"embeddable":true,"href":"https:\/\/evocert.pl\/zh\/wp-json\/wp\/v2\/users\/2"}],"replies":[{"embeddable":true,"href":"https:\/\/evocert.pl\/zh\/wp-json\/wp\/v2\/comments?post=1430"}],"version-history":[{"count":7,"href":"https:\/\/evocert.pl\/zh\/wp-json\/wp\/v2\/pages\/1430\/revisions"}],"predecessor-version":[{"id":5139,"href":"https:\/\/evocert.pl\/zh\/wp-json\/wp\/v2\/pages\/1430\/revisions\/5139"}],"wp:attachment":[{"href":"https:\/\/evocert.pl\/zh\/wp-json\/wp\/v2\/media?parent=1430"}],"curies":[{"name":"wp","href":"https:\/\/api.w.org\/{rel}","templated":true}]}}