{"id":599,"date":"2024-12-23T10:06:57","date_gmt":"2024-12-23T09:06:57","guid":{"rendered":"https:\/\/evocert.pl\/?page_id=599"},"modified":"2025-08-05T10:14:41","modified_gmt":"2025-08-05T08:14:41","slug":"re_pl_znakowanie","status":"publish","type":"page","link":"https:\/\/evocert.pl\/tr\/re_pl_znakowanie\/","title":{"rendered":"Polonya'da organik tar\u0131m \u2013 etiketleme"},"content":{"rendered":"<div class=\"wp-block-group has-heading-color has-text-color has-link-color has-small-font-size wp-elements-133d408d11260cf31aa3361f3324e693 is-vertical is-content-justification-stretch is-layout-flex wp-container-core-group-is-layout-5a9cc5d4 wp-block-group-is-layout-flex\" style=\"padding-right:var(--wp--preset--spacing--50);padding-left:var(--wp--preset--spacing--30);line-height:1.6\">\n<p>AB organik \u00fcretim logosu, organik \u00fcr\u00fcnlere tutarl\u0131 bir g\u00f6rsel kimlik kazand\u0131rmak, t\u00fcketicilerin organik \u00fcr\u00fcnleri tan\u0131malar\u0131n\u0131 kolayla\u015ft\u0131rmak ve \u00e7ift\u00e7ilerin bu \u00fcr\u00fcnleri AB genelinde pazara sunmalar\u0131na yard\u0131mc\u0131 olmak amac\u0131yla tasarlanm\u0131\u015ft\u0131r.<\/p>\n\n\n\n<hr class=\"wp-block-separator has-text-color has-custom-logo-color has-alpha-channel-opacity has-custom-logo-background-color has-background is-style-wide\" style=\"margin-top:var(--wp--preset--spacing--40);margin-bottom:var(--wp--preset--spacing--40)\"\/>\n\n\n\n<div class=\"wp-block-group is-vertical is-layout-flex wp-container-core-group-is-layout-d644fc7a wp-block-group-is-layout-flex\" style=\"margin-top:0\">\n<h5 class=\"wp-block-heading has-custom-logo-color has-text-color has-link-color wp-elements-de5937a0fd304c5712904d828aa9cccf\">Logo ne zaman kullan\u0131labilir?<\/h5>\n\n\n\n<p>Organik \u00fcretim logosu, yetkili bir sertifikasyon kurulu\u015fundan organik \u00fcretim sertifikas\u0131 alm\u0131\u015f \u00fcr\u00fcnler i\u00e7in kullan\u0131labilir. <\/p>\n\n\n\n<p class=\"translation-block\">Logo, Avrupa Birli\u011fi'nde organik olarak \u00fcretilen ve sat\u0131lan t\u00fcm paketlenmi\u015f organik \u00fcr\u00fcnler i\u00e7in kullan\u0131lmal\u0131d\u0131r.<\/p>\n\n\n\n<p class=\"translation-block\">Logo \u015fu \u00fcr\u00fcnler i\u00e7in kullan\u0131labilir:<\/p>\n\n\n\n<p>\u2013 AB'ye ithal edilen \u00fcr\u00fcnler, AB'nin ithalatla ilgili d\u00fczenlemelerine uygunsa,<br>\u2013 ambalajs\u0131z organik \u00fcr\u00fcnler,<br>\u2013 AB'den \u00fc\u00e7\u00fcnc\u00fc \u00fclkelere ihra\u00e7 edilen \u00fcr\u00fcnler,<br>\u2013 organik tar\u0131m\u0131 tan\u0131tan bilgilendirme materyalleri ve e\u011fitim kampanyalar\u0131 \u2013 kullan\u0131m\u0131 yan\u0131lt\u0131c\u0131 olmad\u0131\u011f\u0131 s\u00fcrece.<\/p>\n\n\n\n<p class=\"translation-block\">Logo a\u015fa\u011f\u0131dakiler i\u00e7in kullan\u0131lamaz:<\/p>\n\n\n\n<p>\u2013 'ten az organik bile\u015fen i\u00e7eren \u00fcr\u00fcnler,<br>\u2013 toplu beslenme kapsam\u0131ndaki \u00fcr\u00fcnler (\u00f6rne\u011fin restoranlar, yemekhaneler, hastaneler),<br>\u2013 organik tar\u0131m y\u00f6netmeliklerinin kapsam\u0131na girmeyen \u00fcr\u00fcnler,<br>\u2013 d\u00f6n\u00fc\u015f\u00fcm s\u00fcrecindeki \u00fcr\u00fcnler..<\/p>\n<\/div>\n\n\n\n<hr class=\"wp-block-separator has-text-color has-custom-logo-color has-alpha-channel-opacity has-custom-logo-background-color has-background is-style-wide\" style=\"margin-top:var(--wp--preset--spacing--40);margin-bottom:var(--wp--preset--spacing--40)\"\/>\n\n\n\n<div class=\"wp-block-group is-vertical is-layout-flex wp-container-core-group-is-layout-4515a946 wp-block-group-is-layout-flex\" style=\"margin-top:0;margin-bottom:var(--wp--preset--spacing--30)\">\n<h5 class=\"wp-block-heading has-custom-logo-color has-text-color has-link-color wp-elements-abe6b0048f43d3bff08e903b095ddc14\">Logo nas\u0131l kullan\u0131labilir?<\/h5>\n\n\n\n<p>AB organik \u00fcretim logosunu kullan\u0131rken a\u015fa\u011f\u0131dakiler sa\u011flanmal\u0131d\u0131r:<\/p>\n\n\n\n<p class=\"translation-block\">\u2013 logonun minimum boyutu 13,5 x 9 mm, \u00e7ok k\u00fc\u00e7\u00fck ambalajlarda ise 9 x 6 mm olmal\u0131d\u0131r,\n<br>\u2013 logo standart renklere sahip olmal\u0131d\u0131r \u2013 ye\u015fil arka plan ve beyaz y\u0131ld\u0131zlar, ambalaj\u0131n tamam\u0131 tek renkte bas\u0131lm\u0131\u015fsa, tek renkli logo kullan\u0131lmas\u0131na izin verilir,\n<br>\u2013 grafiksel de\u011fi\u015fiklikler yap\u0131lmamal\u0131d\u0131r.<\/p>\n\n\n\n<p class=\"translation-block\">AB organik \u00fcretim logosunun yan\u0131nda, sertifikasyon biriminin numaras\u0131 (\u00f6rne\u011fin PL-EKO-15) ve \u00fcr\u00fcn\u00fcn bile\u015fenlerini olu\u015fturan tar\u0131msal hammaddelerin \u00fcretim yeri belirtilmelidir.<\/p>\n\n\n\n<p class=\"translation-block\">Logo ve kullan\u0131m\u0131na ili\u015fkin ayr\u0131nt\u0131l\u0131 k\u0131lavuzlar <a href=\"https:\/\/agriculture.ec.europa.eu\/farming\/organic-farming\/organic-logo_pl\" target=\"_self\">Organik \u00fcretim logosu<\/a> sayfas\u0131nda bulunabilir.<\/p>\n<\/div>\n<\/div>","protected":false},"excerpt":{"rendered":"<p>Logo produkcji ekologicznej UE ma nadawa\u0107 produktom ekologicznym sp\u00f3jn\u0105 to\u017csamo\u015b\u0107 wizualn\u0105, u\u0142atwia\u0107 konsumentom rozpoznanie produkt\u00f3w ekologicznych i pomaga\u0107 rolnikom we wprowadzaniu ich do obrotu w ca\u0142ej UE. Kiedy mo\u017cna stosowa\u0107 logo? Logo produkcji ekologicznej mo\u017cna u\u017cywa\u0107 tylko dla produkt\u00f3w, kt\u00f3re uzyska\u0142y certyfikat produkcji ekologicznej od upowa\u017cnionej jednostki certyfikuj\u0105cej. Logo musi by\u0107 stosowane dla wszystkich pakowanych [&hellip;]<\/p>\n","protected":false},"author":2,"featured_media":0,"parent":0,"menu_order":0,"comment_status":"closed","ping_status":"closed","template":"wp-custom-template-oferta-re-pl-znakowanie","meta":{"footnotes":""},"class_list":["post-599","page","type-page","status-publish","hentry"],"yoast_head":"<!-- This site is optimized with the Yoast SEO plugin v27.5 - https:\/\/yoast.com\/product\/yoast-seo-wordpress\/ -->\n<title>Rolnictwo ekologiczne w Polsce - znakowanie - EVOCERT<\/title>\n<meta name=\"robots\" content=\"index, follow, max-snippet:-1, max-image-preview:large, max-video-preview:-1\" \/>\n<link rel=\"canonical\" href=\"https:\/\/evocert.pl\/tr\/re_pl_znakowanie\/\" \/>\n<meta property=\"og:locale\" content=\"tr_TR\" \/>\n<meta property=\"og:type\" content=\"article\" \/>\n<meta property=\"og:title\" content=\"Rolnictwo ekologiczne w Polsce - znakowanie - EVOCERT\" \/>\n<meta property=\"og:description\" content=\"Logo produkcji ekologicznej UE ma nadawa\u0107 produktom ekologicznym sp\u00f3jn\u0105 to\u017csamo\u015b\u0107 wizualn\u0105, u\u0142atwia\u0107 konsumentom rozpoznanie produkt\u00f3w ekologicznych i pomaga\u0107 rolnikom we wprowadzaniu ich do obrotu w ca\u0142ej UE. Kiedy mo\u017cna stosowa\u0107 logo? Logo produkcji ekologicznej mo\u017cna u\u017cywa\u0107 tylko dla produkt\u00f3w, kt\u00f3re uzyska\u0142y certyfikat produkcji ekologicznej od upowa\u017cnionej jednostki certyfikuj\u0105cej. Logo musi by\u0107 stosowane dla wszystkich pakowanych [&hellip;]\" \/>\n<meta property=\"og:url\" content=\"https:\/\/evocert.pl\/tr\/re_pl_znakowanie\/\" \/>\n<meta property=\"og:site_name\" content=\"EVOCERT\" \/>\n<meta property=\"article:modified_time\" content=\"2025-08-05T08:14:41+00:00\" \/>\n<meta property=\"og:image\" content=\"https:\/\/evocert.pl\/wp-content\/uploads\/2025\/01\/EVOCERT_logo_KOLOR_PNG.png\" \/>\n\t<meta property=\"og:image:width\" content=\"378\" \/>\n\t<meta property=\"og:image:height\" content=\"378\" \/>\n\t<meta property=\"og:image:type\" content=\"image\/png\" \/>\n<meta name=\"twitter:card\" content=\"summary_large_image\" \/>\n<meta name=\"twitter:label1\" content=\"Tahmini okuma s\u00fcresi\" \/>\n\t<meta name=\"twitter:data1\" content=\"1 dakika\" \/>\n<script type=\"application\/ld+json\" class=\"yoast-schema-graph\">{\"@context\":\"https:\\\/\\\/schema.org\",\"@graph\":[{\"@type\":\"WebPage\",\"@id\":\"https:\\\/\\\/evocert.pl\\\/en\\\/re_pl_znakowanie\\\/\",\"url\":\"https:\\\/\\\/evocert.pl\\\/en\\\/re_pl_znakowanie\\\/\",\"name\":\"Rolnictwo ekologiczne w Polsce - znakowanie - EVOCERT\",\"isPartOf\":{\"@id\":\"https:\\\/\\\/evocert.pl\\\/en\\\/#website\"},\"datePublished\":\"2024-12-23T09:06:57+00:00\",\"dateModified\":\"2025-08-05T08:14:41+00:00\",\"breadcrumb\":{\"@id\":\"https:\\\/\\\/evocert.pl\\\/en\\\/re_pl_znakowanie\\\/#breadcrumb\"},\"inLanguage\":\"tr\",\"potentialAction\":[{\"@type\":\"ReadAction\",\"target\":[\"https:\\\/\\\/evocert.pl\\\/en\\\/re_pl_znakowanie\\\/\"]}]},{\"@type\":\"BreadcrumbList\",\"@id\":\"https:\\\/\\\/evocert.pl\\\/en\\\/re_pl_znakowanie\\\/#breadcrumb\",\"itemListElement\":[{\"@type\":\"ListItem\",\"position\":1,\"name\":\"Strona g\u0142\u00f3wna\",\"item\":\"https:\\\/\\\/evocert.pl\\\/en\\\/\"},{\"@type\":\"ListItem\",\"position\":2,\"name\":\"Rolnictwo ekologiczne w Polsce &#8211; znakowanie\"}]},{\"@type\":\"WebSite\",\"@id\":\"https:\\\/\\\/evocert.pl\\\/en\\\/#website\",\"url\":\"https:\\\/\\\/evocert.pl\\\/en\\\/\",\"name\":\"EVOCERT\",\"description\":\"Evolution in certification\",\"publisher\":{\"@id\":\"https:\\\/\\\/evocert.pl\\\/en\\\/#organization\"},\"potentialAction\":[{\"@type\":\"SearchAction\",\"target\":{\"@type\":\"EntryPoint\",\"urlTemplate\":\"https:\\\/\\\/evocert.pl\\\/en\\\/?s={search_term_string}\"},\"query-input\":{\"@type\":\"PropertyValueSpecification\",\"valueRequired\":true,\"valueName\":\"search_term_string\"}}],\"inLanguage\":\"tr\"},{\"@type\":\"Organization\",\"@id\":\"https:\\\/\\\/evocert.pl\\\/en\\\/#organization\",\"name\":\"EVOCERT\",\"url\":\"https:\\\/\\\/evocert.pl\\\/en\\\/\",\"logo\":{\"@type\":\"ImageObject\",\"inLanguage\":\"tr\",\"@id\":\"https:\\\/\\\/evocert.pl\\\/en\\\/#\\\/schema\\\/logo\\\/image\\\/\",\"url\":\"https:\\\/\\\/evocert.pl\\\/wp-content\\\/uploads\\\/2025\\\/01\\\/EVOCERT_logo_KOLOR_PNG.png\",\"contentUrl\":\"https:\\\/\\\/evocert.pl\\\/wp-content\\\/uploads\\\/2025\\\/01\\\/EVOCERT_logo_KOLOR_PNG.png\",\"width\":378,\"height\":378,\"caption\":\"EVOCERT\"},\"image\":{\"@id\":\"https:\\\/\\\/evocert.pl\\\/en\\\/#\\\/schema\\\/logo\\\/image\\\/\"},\"sameAs\":[\"https:\\\/\\\/www.linkedin.com\\\/company\\\/evocert-sp-z-o-o\"]}]}<\/script>\n<!-- \/ Yoast SEO plugin. -->","yoast_head_json":{"title":"Rolnictwo ekologiczne w Polsce - znakowanie - EVOCERT","robots":{"index":"index","follow":"follow","max-snippet":"max-snippet:-1","max-image-preview":"max-image-preview:large","max-video-preview":"max-video-preview:-1"},"canonical":"https:\/\/evocert.pl\/tr\/re_pl_znakowanie\/","og_locale":"tr_TR","og_type":"article","og_title":"Rolnictwo ekologiczne w Polsce - znakowanie - EVOCERT","og_description":"Logo produkcji ekologicznej UE ma nadawa\u0107 produktom ekologicznym sp\u00f3jn\u0105 to\u017csamo\u015b\u0107 wizualn\u0105, u\u0142atwia\u0107 konsumentom rozpoznanie produkt\u00f3w ekologicznych i pomaga\u0107 rolnikom we wprowadzaniu ich do obrotu w ca\u0142ej UE. Kiedy mo\u017cna stosowa\u0107 logo? Logo produkcji ekologicznej mo\u017cna u\u017cywa\u0107 tylko dla produkt\u00f3w, kt\u00f3re uzyska\u0142y certyfikat produkcji ekologicznej od upowa\u017cnionej jednostki certyfikuj\u0105cej. Logo musi by\u0107 stosowane dla wszystkich pakowanych [&hellip;]","og_url":"https:\/\/evocert.pl\/tr\/re_pl_znakowanie\/","og_site_name":"EVOCERT","article_modified_time":"2025-08-05T08:14:41+00:00","og_image":[{"width":378,"height":378,"url":"https:\/\/evocert.pl\/wp-content\/uploads\/2025\/01\/EVOCERT_logo_KOLOR_PNG.png","type":"image\/png"}],"twitter_card":"summary_large_image","twitter_misc":{"Tahmini okuma s\u00fcresi":"1 dakika"},"schema":{"@context":"https:\/\/schema.org","@graph":[{"@type":"WebPage","@id":"https:\/\/evocert.pl\/en\/re_pl_znakowanie\/","url":"https:\/\/evocert.pl\/en\/re_pl_znakowanie\/","name":"Rolnictwo ekologiczne w Polsce - znakowanie - EVOCERT","isPartOf":{"@id":"https:\/\/evocert.pl\/en\/#website"},"datePublished":"2024-12-23T09:06:57+00:00","dateModified":"2025-08-05T08:14:41+00:00","breadcrumb":{"@id":"https:\/\/evocert.pl\/en\/re_pl_znakowanie\/#breadcrumb"},"inLanguage":"tr","potentialAction":[{"@type":"ReadAction","target":["https:\/\/evocert.pl\/en\/re_pl_znakowanie\/"]}]},{"@type":"BreadcrumbList","@id":"https:\/\/evocert.pl\/en\/re_pl_znakowanie\/#breadcrumb","itemListElement":[{"@type":"ListItem","position":1,"name":"Strona g\u0142\u00f3wna","item":"https:\/\/evocert.pl\/en\/"},{"@type":"ListItem","position":2,"name":"Rolnictwo ekologiczne w Polsce &#8211; znakowanie"}]},{"@type":"WebSite","@id":"https:\/\/evocert.pl\/en\/#website","url":"https:\/\/evocert.pl\/en\/","name":"EVOCERT","description":"Evolution in certification","publisher":{"@id":"https:\/\/evocert.pl\/en\/#organization"},"potentialAction":[{"@type":"SearchAction","target":{"@type":"EntryPoint","urlTemplate":"https:\/\/evocert.pl\/en\/?s={search_term_string}"},"query-input":{"@type":"PropertyValueSpecification","valueRequired":true,"valueName":"search_term_string"}}],"inLanguage":"tr"},{"@type":"Organization","@id":"https:\/\/evocert.pl\/en\/#organization","name":"EVOCERT","url":"https:\/\/evocert.pl\/en\/","logo":{"@type":"ImageObject","inLanguage":"tr","@id":"https:\/\/evocert.pl\/en\/#\/schema\/logo\/image\/","url":"https:\/\/evocert.pl\/wp-content\/uploads\/2025\/01\/EVOCERT_logo_KOLOR_PNG.png","contentUrl":"https:\/\/evocert.pl\/wp-content\/uploads\/2025\/01\/EVOCERT_logo_KOLOR_PNG.png","width":378,"height":378,"caption":"EVOCERT"},"image":{"@id":"https:\/\/evocert.pl\/en\/#\/schema\/logo\/image\/"},"sameAs":["https:\/\/www.linkedin.com\/company\/evocert-sp-z-o-o"]}]}},"_links":{"self":[{"href":"https:\/\/evocert.pl\/tr\/wp-json\/wp\/v2\/pages\/599","targetHints":{"allow":["GET"]}}],"collection":[{"href":"https:\/\/evocert.pl\/tr\/wp-json\/wp\/v2\/pages"}],"about":[{"href":"https:\/\/evocert.pl\/tr\/wp-json\/wp\/v2\/types\/page"}],"author":[{"embeddable":true,"href":"https:\/\/evocert.pl\/tr\/wp-json\/wp\/v2\/users\/2"}],"replies":[{"embeddable":true,"href":"https:\/\/evocert.pl\/tr\/wp-json\/wp\/v2\/comments?post=599"}],"version-history":[{"count":17,"href":"https:\/\/evocert.pl\/tr\/wp-json\/wp\/v2\/pages\/599\/revisions"}],"predecessor-version":[{"id":4778,"href":"https:\/\/evocert.pl\/tr\/wp-json\/wp\/v2\/pages\/599\/revisions\/4778"}],"wp:attachment":[{"href":"https:\/\/evocert.pl\/tr\/wp-json\/wp\/v2\/media?parent=599"}],"curies":[{"name":"wp","href":"https:\/\/api.w.org\/{rel}","templated":true}]}}