{"id":593,"date":"2024-12-23T10:06:06","date_gmt":"2024-12-23T09:06:06","guid":{"rendered":"https:\/\/evocert.pl\/?page_id=593"},"modified":"2025-08-21T14:26:55","modified_gmt":"2025-08-21T12:26:55","slug":"re_pl_wnioski","status":"publish","type":"page","link":"https:\/\/evocert.pl\/tr\/re_pl_wnioski\/","title":{"rendered":"Polonya'da organik tar\u0131m \u2013 nas\u0131l ba\u015flamal\u0131"},"content":{"rendered":"<div class=\"wp-block-group has-heading-color has-text-color has-link-color has-small-font-size wp-elements-a01500ce5bd5bce2ba9166fd30ce7bf3 is-vertical is-content-justification-stretch is-layout-flex wp-container-core-group-is-layout-da8380c8 wp-block-group-is-layout-flex\" style=\"margin-bottom:0;padding-right:var(--wp--preset--spacing--60);padding-left:var(--wp--preset--spacing--30);line-height:1.6\">\n<div class=\"wp-block-group is-vertical is-layout-flex wp-container-core-group-is-layout-fe9cc265 wp-block-group-is-layout-flex\">\n<p>Organik \u00fcr\u00fcnlerin (veya \u201cge\u00e7i\u015f d\u00f6nemindeki\u201d \u00fcr\u00fcnlerin) \u00fcretimine, haz\u0131rlanmas\u0131na, da\u011f\u0131t\u0131m\u0131na, depolanmas\u0131na, ithalat\u0131na veya ihracat\u0131na ba\u015flamadan \u00f6nce, faaliyetlerinizi yetkili sertifikasyon kurulu\u015funa bildirmelisiniz.<\/p>\n\n\n\n<p class=\"translation-block\">Organik tar\u0131m sisteminde faaliyet g\u00f6stermeye ba\u015flamak veya devam etmek istiyorsan\u0131z, faaliyetlerinizi bug\u00fcn EVOCERT sertifikasyon kurulu\u015funa bildirin.<\/p>\n<\/div>\n\n\n\n<hr class=\"wp-block-separator has-text-color has-custom-logo-color has-alpha-channel-opacity has-custom-logo-background-color has-background is-style-wide\" style=\"margin-top:var(--wp--preset--spacing--40);margin-bottom:var(--wp--preset--spacing--40)\"\/>\n\n\n\n<div class=\"wp-block-group is-vertical is-layout-flex wp-container-core-group-is-layout-a3fd536c wp-block-group-is-layout-flex\" style=\"margin-top:0;padding-top:0\">\n<h5 class=\"wp-block-heading has-custom-logo-color has-text-color has-link-color wp-elements-8c2f8243e5969bfe4b4efcaa5dcc2d59\">Ad\u0131m ad\u0131m:<\/h5>\n\n\n\n<ol class=\"wp-block-list\">\n<li class=\"has-heading-color has-text-color has-link-color wp-elements-437e7b6f10b5050dcd1c10c6d3353904 translation-block\">\u201c\u0130ndirilebilir dosyalar\u201d sekmesinde ve <a href=\"https:\/\/www.gov.pl\/web\/ijhars\/zgloszenie-dzialalnosci2\" target=\"_self\">GIJHARS<\/a> web sitesinde bulunan Organik Tar\u0131m Faaliyet Bildirim Formunu indirin.<\/li>\n\n\n\n<li class=\"has-heading-color has-text-color has-link-color wp-elements-81e184d11c41f743da2d5b927f3fdc2b translation-block\">Formu doldurun ve imzalay\u0131n. Formu doldurmay\u0131 kolayla\u015ft\u0131ran talimatlar ve a\u00e7\u0131klamalar GIJHARS web sitesinde bulunabilir.<\/li>\n\n\n\n<li class=\"translation-block\">\u201c\u0130ndirilebilir\u201d sekmesinde bulunan EVOCERT ba\u015fvuru belgelerini doldurun ve imzalay\u0131n.<\/li>\n\n\n\n<li><strong>Belgeleri EVOCERT'e g\u00f6nderin<\/strong>. Belgeler \u015fu \u015fekilde g\u00f6nderilebilir:\n<ol style=\"list-style-type:lower-roman\" class=\"wp-block-list\">\n<li>el yaz\u0131s\u0131 ile imzalanm\u0131\u015f olarak posta ile \u015fu adrese: ul. dr Franciszka Witaszka 6, 64-920 Pi\u0142a, Polska,<\/li>\n\n\n\n<li>nitelikli imza ile e-posta ile \u015fu adrese: kontakt@evocert.pl.<\/li>\n<\/ol>\n<\/li>\n<\/ol>\n<\/div>\n\n\n\n<hr class=\"wp-block-separator has-text-color has-custom-logo-color has-alpha-channel-opacity has-custom-logo-background-color has-background is-style-wide\" style=\"margin-top:var(--wp--preset--spacing--40);margin-bottom:var(--wp--preset--spacing--40)\"\/>\n\n\n\n<div class=\"wp-block-group is-vertical is-layout-flex wp-container-core-group-is-layout-d644fc7a wp-block-group-is-layout-flex\" style=\"margin-top:0\">\n<h5 class=\"wp-block-heading has-custom-logo-color has-text-color has-link-color wp-elements-e6fcc04e0500ad2e5988ba43f715c0bd\">Hangi belgeleri doldurmam gerekiyor ve bunlar\u0131 nerede bulabilirim?<\/h5>\n\n\n\n<p class=\"translation-block\">Sunulmas\u0131 gereken belgelerin tam listesi, sertifikasyon ba\u015fvurusunda, \u201cBirimin tan\u0131m\u0131\u201d b\u00f6l\u00fcm\u00fcn\u00fcn ba\u015f\u0131nda yer almaktad\u0131r. Durumunuzu inceledikten sonra, EVOCERT ekli belgelerde gerekli t\u00fcm bilgilerin bulunup bulunmad\u0131\u011f\u0131n\u0131 size bildirecektir.<\/p>\n\n\n\n<p class=\"translation-block\">Gerekli t\u00fcm belgeler \u201c\u0130ndirilebilir\u201d sekmesinde bulunabilir.<\/p>\n\n\n\n<p>Ba\u015fvuru belgeleriyle ilgili sorular\u0131n\u0131z varsa, l\u00fctfen bizimle ileti\u015fime ge\u00e7in \u2013 EVOCERT \u00e7al\u0131\u015fanlar\u0131 size memnuniyetle yard\u0131mc\u0131 olacakt\u0131r.<\/p>\n<\/div>\n\n\n\n<hr class=\"wp-block-separator has-text-color has-custom-logo-color has-alpha-channel-opacity has-custom-logo-background-color has-background is-style-wide\" style=\"margin-top:var(--wp--preset--spacing--40);margin-bottom:var(--wp--preset--spacing--40)\"\/>\n\n\n\n<div class=\"wp-block-group is-vertical is-layout-flex wp-container-core-group-is-layout-4515a946 wp-block-group-is-layout-flex\" style=\"margin-top:0;margin-bottom:var(--wp--preset--spacing--30);line-height:1.6\">\n<h5 class=\"wp-block-heading has-custom-logo-color has-text-color has-link-color wp-elements-62251d9649a9edbec145da251648237a\">Sonraki ad\u0131mlar<\/h5>\n\n\n\n<p class=\"translation-block\">Belgeleri ald\u0131ktan sonra EVOCERT, belgelerin eksiksizli\u011fini kontrol edecektir. Faaliyet ba\u015flang\u0131c\u0131 bildirimi, \u0130l Tar\u0131m ve G\u0131da \u00dcr\u00fcnleri Ticaret Kalite Denetleme M\u00fcfetti\u015fli\u011fine iletilecektir. WIJHARS sizi denetim sistemine kaydedecek ve faaliyetinizin denetime tabi oldu\u011funu teyit edecektir.<\/p>\n\n\n\n<p class=\"translation-block\">Sertifikasyon s\u00f6zle\u015fmesi imzaland\u0131ktan sonra EVOCERT, faaliyetin y\u00fcr\u00fct\u00fcld\u00fc\u011f\u00fc yerde bir denetim planlayacak ve ger\u00e7ekle\u015ftirecektir. Denetim sonu\u00e7lar\u0131na g\u00f6re sertifikasyon karar\u0131 hakk\u0131nda bilgilendirileceksiniz.<\/p>\n\n\n\n<p class=\"translation-block\">Sertifikasyon ve denetim s\u00fcrecinin ayr\u0131nt\u0131l\u0131 a\u00e7\u0131klamas\u0131, \u201c\u0130ndirilebilirler\u201d sekmesinde bulunan Sertifikasyon Program\u0131nda bulunabilir.<\/p>\n<\/div>\n<\/div>","protected":false},"excerpt":{"rendered":"<p>Przed rozpocz\u0119ciem produkcji, przygotowania, dystrybucji, przechowywania, importu lub eksportu produkt\u00f3w ekologicznych (lub produkt\u00f3w \u201ew okresie konwersji\u201d), nale\u017cy zg\u0142osi\u0107 swoj\u0105 dzia\u0142alno\u015b\u0107 do upowa\u017cnionej jednostki certyfikuj\u0105cej. Zg\u0142o\u015b swoj\u0105 dzia\u0142alno\u015b\u0107 do jednostki certyfikuj\u0105cej EVOCERT ju\u017c dzi\u015b, je\u017celi planujesz rozpocz\u0105\u0107 lub kontynuowa\u0107 z nami dzia\u0142alno\u015b\u0107 w systemie rolnictwa ekologicznego. Krok po kroku: Kt\u00f3re dokumenty mam uzupe\u0142ni\u0107 i gdzie je [&hellip;]<\/p>","protected":false},"author":2,"featured_media":0,"parent":0,"menu_order":0,"comment_status":"closed","ping_status":"closed","template":"wp-custom-template-oferta-re-pl-wnioski","meta":{"footnotes":""},"class_list":["post-593","page","type-page","status-publish","hentry"],"yoast_head":"<!-- This site is optimized with the Yoast SEO plugin v26.3 - https:\/\/yoast.com\/wordpress\/plugins\/seo\/ -->\n<title>Rolnictwo ekologiczne w Polsce - jak zacz\u0105\u0107 - EVOCERT<\/title>\n<meta name=\"robots\" content=\"index, follow, max-snippet:-1, max-image-preview:large, max-video-preview:-1\" \/>\n<link rel=\"canonical\" href=\"https:\/\/evocert.pl\/tr\/re_pl_wnioski\/\" \/>\n<meta property=\"og:locale\" content=\"tr_TR\" \/>\n<meta property=\"og:type\" content=\"article\" \/>\n<meta property=\"og:title\" content=\"Rolnictwo ekologiczne w Polsce - jak zacz\u0105\u0107 - EVOCERT\" \/>\n<meta property=\"og:description\" content=\"Przed rozpocz\u0119ciem produkcji, przygotowania, dystrybucji, przechowywania, importu lub eksportu produkt\u00f3w ekologicznych (lub produkt\u00f3w \u201ew okresie konwersji\u201d), nale\u017cy zg\u0142osi\u0107 swoj\u0105 dzia\u0142alno\u015b\u0107 do upowa\u017cnionej jednostki certyfikuj\u0105cej. Zg\u0142o\u015b swoj\u0105 dzia\u0142alno\u015b\u0107 do jednostki certyfikuj\u0105cej EVOCERT ju\u017c dzi\u015b, je\u017celi planujesz rozpocz\u0105\u0107 lub kontynuowa\u0107 z nami dzia\u0142alno\u015b\u0107 w systemie rolnictwa ekologicznego. Krok po kroku: Kt\u00f3re dokumenty mam uzupe\u0142ni\u0107 i gdzie je [&hellip;]\" \/>\n<meta property=\"og:url\" content=\"https:\/\/evocert.pl\/tr\/re_pl_wnioski\/\" \/>\n<meta property=\"og:site_name\" content=\"EVOCERT\" \/>\n<meta property=\"article:modified_time\" content=\"2025-08-21T12:26:55+00:00\" \/>\n<meta property=\"og:image\" content=\"https:\/\/evocert.pl\/wp-content\/uploads\/2025\/01\/EVOCERT_logo_KOLOR_PNG.png\" \/>\n\t<meta property=\"og:image:width\" content=\"378\" \/>\n\t<meta property=\"og:image:height\" content=\"378\" \/>\n\t<meta property=\"og:image:type\" content=\"image\/png\" \/>\n<meta name=\"twitter:card\" content=\"summary_large_image\" \/>\n<meta name=\"twitter:label1\" content=\"Tahmini okuma s\u00fcresi\" \/>\n\t<meta name=\"twitter:data1\" content=\"2 dakika\" \/>\n<script type=\"application\/ld+json\" class=\"yoast-schema-graph\">{\"@context\":\"https:\/\/schema.org\",\"@graph\":[{\"@type\":\"WebPage\",\"@id\":\"https:\/\/evocert.pl\/re_pl_wnioski\/\",\"url\":\"https:\/\/evocert.pl\/re_pl_wnioski\/\",\"name\":\"Rolnictwo ekologiczne w Polsce - jak zacz\u0105\u0107 - EVOCERT\",\"isPartOf\":{\"@id\":\"https:\/\/evocert.pl\/en\/#website\"},\"datePublished\":\"2024-12-23T09:06:06+00:00\",\"dateModified\":\"2025-08-21T12:26:55+00:00\",\"breadcrumb\":{\"@id\":\"https:\/\/evocert.pl\/re_pl_wnioski\/#breadcrumb\"},\"inLanguage\":\"tr\",\"potentialAction\":[{\"@type\":\"ReadAction\",\"target\":[\"https:\/\/evocert.pl\/re_pl_wnioski\/\"]}]},{\"@type\":\"BreadcrumbList\",\"@id\":\"https:\/\/evocert.pl\/re_pl_wnioski\/#breadcrumb\",\"itemListElement\":[{\"@type\":\"ListItem\",\"position\":1,\"name\":\"Strona g\u0142\u00f3wna\",\"item\":\"https:\/\/evocert.pl\/en\/\"},{\"@type\":\"ListItem\",\"position\":2,\"name\":\"Rolnictwo ekologiczne w Polsce &#8211; jak zacz\u0105\u0107\"}]},{\"@type\":\"WebSite\",\"@id\":\"https:\/\/evocert.pl\/en\/#website\",\"url\":\"https:\/\/evocert.pl\/en\/\",\"name\":\"EVOCERT\",\"description\":\"Evolution in certification\",\"publisher\":{\"@id\":\"https:\/\/evocert.pl\/en\/#organization\"},\"potentialAction\":[{\"@type\":\"SearchAction\",\"target\":{\"@type\":\"EntryPoint\",\"urlTemplate\":\"https:\/\/evocert.pl\/en\/?s={search_term_string}\"},\"query-input\":{\"@type\":\"PropertyValueSpecification\",\"valueRequired\":true,\"valueName\":\"search_term_string\"}}],\"inLanguage\":\"tr\"},{\"@type\":\"Organization\",\"@id\":\"https:\/\/evocert.pl\/en\/#organization\",\"name\":\"EVOCERT\",\"url\":\"https:\/\/evocert.pl\/en\/\",\"logo\":{\"@type\":\"ImageObject\",\"inLanguage\":\"tr\",\"@id\":\"https:\/\/evocert.pl\/en\/#\/schema\/logo\/image\/\",\"url\":\"https:\/\/evocert.pl\/wp-content\/uploads\/2025\/01\/EVOCERT_logo_KOLOR_PNG.png\",\"contentUrl\":\"https:\/\/evocert.pl\/wp-content\/uploads\/2025\/01\/EVOCERT_logo_KOLOR_PNG.png\",\"width\":378,\"height\":378,\"caption\":\"EVOCERT\"},\"image\":{\"@id\":\"https:\/\/evocert.pl\/en\/#\/schema\/logo\/image\/\"},\"sameAs\":[\"https:\/\/www.linkedin.com\/company\/evocert-sp-z-o-o\"]}]}<\/script>\n<!-- \/ Yoast SEO plugin. -->","yoast_head_json":{"title":"Rolnictwo ekologiczne w Polsce - jak zacz\u0105\u0107 - EVOCERT","robots":{"index":"index","follow":"follow","max-snippet":"max-snippet:-1","max-image-preview":"max-image-preview:large","max-video-preview":"max-video-preview:-1"},"canonical":"https:\/\/evocert.pl\/tr\/re_pl_wnioski\/","og_locale":"tr_TR","og_type":"article","og_title":"Rolnictwo ekologiczne w Polsce - jak zacz\u0105\u0107 - EVOCERT","og_description":"Przed rozpocz\u0119ciem produkcji, przygotowania, dystrybucji, przechowywania, importu lub eksportu produkt\u00f3w ekologicznych (lub produkt\u00f3w \u201ew okresie konwersji\u201d), nale\u017cy zg\u0142osi\u0107 swoj\u0105 dzia\u0142alno\u015b\u0107 do upowa\u017cnionej jednostki certyfikuj\u0105cej. Zg\u0142o\u015b swoj\u0105 dzia\u0142alno\u015b\u0107 do jednostki certyfikuj\u0105cej EVOCERT ju\u017c dzi\u015b, je\u017celi planujesz rozpocz\u0105\u0107 lub kontynuowa\u0107 z nami dzia\u0142alno\u015b\u0107 w systemie rolnictwa ekologicznego. Krok po kroku: Kt\u00f3re dokumenty mam uzupe\u0142ni\u0107 i gdzie je [&hellip;]","og_url":"https:\/\/evocert.pl\/tr\/re_pl_wnioski\/","og_site_name":"EVOCERT","article_modified_time":"2025-08-21T12:26:55+00:00","og_image":[{"width":378,"height":378,"url":"https:\/\/evocert.pl\/wp-content\/uploads\/2025\/01\/EVOCERT_logo_KOLOR_PNG.png","type":"image\/png"}],"twitter_card":"summary_large_image","twitter_misc":{"Tahmini okuma s\u00fcresi":"2 dakika"},"schema":{"@context":"https:\/\/schema.org","@graph":[{"@type":"WebPage","@id":"https:\/\/evocert.pl\/re_pl_wnioski\/","url":"https:\/\/evocert.pl\/re_pl_wnioski\/","name":"Rolnictwo ekologiczne w Polsce - jak zacz\u0105\u0107 - EVOCERT","isPartOf":{"@id":"https:\/\/evocert.pl\/en\/#website"},"datePublished":"2024-12-23T09:06:06+00:00","dateModified":"2025-08-21T12:26:55+00:00","breadcrumb":{"@id":"https:\/\/evocert.pl\/re_pl_wnioski\/#breadcrumb"},"inLanguage":"tr","potentialAction":[{"@type":"ReadAction","target":["https:\/\/evocert.pl\/re_pl_wnioski\/"]}]},{"@type":"BreadcrumbList","@id":"https:\/\/evocert.pl\/re_pl_wnioski\/#breadcrumb","itemListElement":[{"@type":"ListItem","position":1,"name":"Strona g\u0142\u00f3wna","item":"https:\/\/evocert.pl\/en\/"},{"@type":"ListItem","position":2,"name":"Rolnictwo ekologiczne w Polsce &#8211; jak zacz\u0105\u0107"}]},{"@type":"WebSite","@id":"https:\/\/evocert.pl\/en\/#website","url":"https:\/\/evocert.pl\/en\/","name":"EVOCERT","description":"Evolution in certification","publisher":{"@id":"https:\/\/evocert.pl\/en\/#organization"},"potentialAction":[{"@type":"SearchAction","target":{"@type":"EntryPoint","urlTemplate":"https:\/\/evocert.pl\/en\/?s={search_term_string}"},"query-input":{"@type":"PropertyValueSpecification","valueRequired":true,"valueName":"search_term_string"}}],"inLanguage":"tr"},{"@type":"Organization","@id":"https:\/\/evocert.pl\/en\/#organization","name":"EVOCERT","url":"https:\/\/evocert.pl\/en\/","logo":{"@type":"ImageObject","inLanguage":"tr","@id":"https:\/\/evocert.pl\/en\/#\/schema\/logo\/image\/","url":"https:\/\/evocert.pl\/wp-content\/uploads\/2025\/01\/EVOCERT_logo_KOLOR_PNG.png","contentUrl":"https:\/\/evocert.pl\/wp-content\/uploads\/2025\/01\/EVOCERT_logo_KOLOR_PNG.png","width":378,"height":378,"caption":"EVOCERT"},"image":{"@id":"https:\/\/evocert.pl\/en\/#\/schema\/logo\/image\/"},"sameAs":["https:\/\/www.linkedin.com\/company\/evocert-sp-z-o-o"]}]}},"_links":{"self":[{"href":"https:\/\/evocert.pl\/tr\/wp-json\/wp\/v2\/pages\/593","targetHints":{"allow":["GET"]}}],"collection":[{"href":"https:\/\/evocert.pl\/tr\/wp-json\/wp\/v2\/pages"}],"about":[{"href":"https:\/\/evocert.pl\/tr\/wp-json\/wp\/v2\/types\/page"}],"author":[{"embeddable":true,"href":"https:\/\/evocert.pl\/tr\/wp-json\/wp\/v2\/users\/2"}],"replies":[{"embeddable":true,"href":"https:\/\/evocert.pl\/tr\/wp-json\/wp\/v2\/comments?post=593"}],"version-history":[{"count":23,"href":"https:\/\/evocert.pl\/tr\/wp-json\/wp\/v2\/pages\/593\/revisions"}],"predecessor-version":[{"id":4394,"href":"https:\/\/evocert.pl\/tr\/wp-json\/wp\/v2\/pages\/593\/revisions\/4394"}],"wp:attachment":[{"href":"https:\/\/evocert.pl\/tr\/wp-json\/wp\/v2\/media?parent=593"}],"curies":[{"name":"wp","href":"https:\/\/api.w.org\/{rel}","templated":true}]}}