{"id":4873,"date":"2025-09-30T08:36:02","date_gmt":"2025-09-30T06:36:02","guid":{"rendered":"https:\/\/evocert.pl\/?page_id=4873"},"modified":"2025-09-30T09:23:49","modified_gmt":"2025-09-30T07:23:49","slug":"eudr-etapy-oceny-stopnia-zgodnosci","status":"publish","type":"page","link":"https:\/\/evocert.pl\/tr\/eudr-etapy-oceny-stopnia-zgodnosci\/","title":{"rendered":"EUDR \u2013 uygunluk derecesinin de\u011ferlendirilmesinin a\u015famalar\u0131"},"content":{"rendered":"<p class=\"has-small-font-size\" style=\"line-height:1.7\">EUDR Y\u00f6netmeli\u011fi ile uyum derecesinin de\u011ferlendirilmesi s\u00fcreci \u015feffaf bir \u015fekilde y\u00fcr\u00fct\u00fcl\u00fcr ve i\u015fletmenin b\u00fcy\u00fckl\u00fc\u011f\u00fc ve \u00f6zelliklerine g\u00f6re uyarlan\u0131r.<\/p>\n\n\n\n<hr class=\"wp-block-separator has-text-color has-custom-logo-color has-alpha-channel-opacity has-custom-logo-background-color has-background is-style-wide\" style=\"margin-top:var(--wp--preset--spacing--60);margin-bottom:var(--wp--preset--spacing--60)\"\/>\n\n\n\n<h2 class=\"wp-block-heading has-custom-logo-color has-text-color has-link-color has-medium-font-size wp-elements-c64663598177ea08ea8e492c379e5b0f\">Uyum derecesi de\u011ferlendirme ba\u015fvurusu<\/h2>\n\n\n\n<p class=\"has-small-font-size\" style=\"line-height:1.7\">M\u00fc\u015fteri, EVOCERT formunu kullanarak uyum derecesi de\u011ferlendirme ba\u015fvurusunu doldurur.<\/p>\n\n\n\n<hr class=\"wp-block-separator has-text-color has-custom-logo-color has-alpha-channel-opacity has-custom-logo-background-color has-background is-style-wide\" style=\"margin-top:var(--wp--preset--spacing--60);margin-bottom:var(--wp--preset--spacing--60)\"\/>\n\n\n\n<h2 class=\"wp-block-heading has-custom-logo-color has-text-color has-link-color has-medium-font-size wp-elements-9d05f410d4c94095626b7b6c22fe5099\">Hizmetlerimiz<\/h2>\n\n\n\n<p class=\"has-small-font-size\" style=\"line-height:1.7\">\u0130\u015fletmenin b\u00fcy\u00fckl\u00fc\u011f\u00fcne ve faaliyetlerinin niteli\u011fine ba\u011fl\u0131 olarak, EVOCERT fiyatlar\u0131 ve teslim tarihini belirten bir teklif haz\u0131rlar ve M\u00fc\u015fteriye g\u00f6nderir.<\/p>\n\n\n\n<hr class=\"wp-block-separator has-text-color has-custom-logo-color has-alpha-channel-opacity has-custom-logo-background-color has-background is-style-wide\" style=\"margin-top:var(--wp--preset--spacing--60);margin-bottom:var(--wp--preset--spacing--60)\"\/>\n\n\n\n<h2 class=\"wp-block-heading has-custom-logo-color has-text-color has-link-color has-medium-font-size wp-elements-7343be771c9cf1667fad7783c1fe2b5f\">Denetim<\/h2>\n\n\n\n<p class=\"has-small-font-size\" style=\"line-height:1.7\">Nitelikli denet\u00e7i (veya denetim ekibi), m\u00fc\u015fterinin tesisinde EUDR Y\u00f6netmeli\u011fi'nin gerekliliklerine uygunluk denetimi ger\u00e7ekle\u015ftirir. Denetim faaliyetlerinin k\u0131smen karma modda (tesiste\/\u00e7evrimi\u00e7i) y\u00fcr\u00fct\u00fclmesi de m\u00fcmk\u00fcnd\u00fcr.<\/p>\n\n\n\n<hr class=\"wp-block-separator has-text-color has-custom-logo-color has-alpha-channel-opacity has-custom-logo-background-color has-background is-style-wide\" style=\"margin-top:var(--wp--preset--spacing--60);margin-bottom:var(--wp--preset--spacing--60)\"\/>\n\n\n\n<h2 class=\"wp-block-heading has-custom-logo-color has-text-color has-link-color has-medium-font-size wp-elements-4f23e98ba4e56755b8a68d64e8386c34\">Denetim raporu<\/h2>\n\n\n\n<p class=\"has-small-font-size\" style=\"line-height:1.7\">Denetim faaliyetlerinin tamamlanmas\u0131n\u0131n ard\u0131ndan, yani gerekli t\u00fcm verilerin toplanmas\u0131n\u0131n ard\u0131ndan, EVOCERT denetim raporunu do\u011frular ve uygunluk derecesini de\u011ferlendirir. Denetim raporu, onayland\u0131ktan sonra M\u00fc\u015fteriye iletilir. Uygunluk derecesi sonucu, denetim raporunun bir par\u00e7as\u0131d\u0131r ve EVOCERT uzmanlar\u0131 taraf\u0131ndan geli\u015ftirilen kriterlere dayan\u0131r.<\/p>\n\n\n\n<hr class=\"wp-block-separator has-text-color has-custom-logo-color has-alpha-channel-opacity has-custom-logo-background-color has-background is-style-wide\" style=\"margin-top:var(--wp--preset--spacing--60);margin-bottom:var(--wp--preset--spacing--60)\"\/>\n\n\n\n<h2 class=\"wp-block-heading has-custom-logo-color has-text-color has-link-color has-medium-font-size wp-elements-c880b4469fab4a54ecc46d84f92e1d0b\">Sertifika<\/h2>\n\n\n\n<p class=\"has-small-font-size\" style=\"line-height:1.7\">Raporun do\u011frulanmas\u0131ndan sonra EVOCERT, m\u00fc\u015fteriye EUDR Y\u00f6netmeli\u011fi'nin gerekliliklerini ne dereceye kadar kar\u015f\u0131lad\u0131\u011f\u0131n\u0131 g\u00f6steren bir sertifika d\u00fczenler.<\/p>\n\n\n\n<hr class=\"wp-block-separator has-text-color has-custom-logo-color has-alpha-channel-opacity has-custom-logo-background-color has-background is-style-wide\" style=\"margin-top:var(--wp--preset--spacing--60);margin-bottom:var(--wp--preset--spacing--60)\"\/>\n\n\n\n<h2 class=\"wp-block-heading has-custom-logo-color has-text-color has-link-color has-medium-font-size wp-elements-8c64554b1d2fe2d2cdb4fd372626c0b6\">Uygunluk derecesinin de\u011ferlendirilmesine haz\u0131r m\u0131s\u0131n\u0131z?<\/h2>\n\n\n\n<p class=\"has-small-font-size\" style=\"line-height:1.7\">EVOCERT, size bir teklif haz\u0131rlamaktan ve t\u00fcm sorular\u0131n\u0131z\u0131 yan\u0131tlamaktan memnuniyet duyar.<\/p>","protected":false},"excerpt":{"rendered":"<p>Proces oceny stopnia zgodno\u015bci z Rozporz\u0105dzeniem EUDR jest prowadzony w spos\u00f3b przejrzysty i jest dostosowany do wielko\u015bci i specyfiki przedsi\u0119biorstwa. Wniosek o ocen\u0119 stopnia zgodno\u015bci Klient wype\u0142nia wniosek o ocen\u0119 stopnia zgodno\u015bci stosuj\u0105c formularz EVOCERT. Oferta W zale\u017cno\u015bci od wielko\u015bci i charakteru dzia\u0142alno\u015bci przedsi\u0119biorstwa, EVOCERT sporz\u0105dza i przesy\u0142a do Klienta ofert\u0119 ze wskazaniem cen i [&hellip;]<\/p>\n","protected":false},"author":2,"featured_media":0,"parent":0,"menu_order":0,"comment_status":"closed","ping_status":"closed","template":"wp-custom-template-oferta-eudr-etapy-oceny","meta":{"footnotes":""},"class_list":["post-4873","page","type-page","status-publish","hentry"],"yoast_head":"<!-- This site is optimized with the Yoast SEO plugin v27.5 - https:\/\/yoast.com\/product\/yoast-seo-wordpress\/ -->\n<title>EUDR - etapy oceny stopnia zgodno\u015bci - EVOCERT<\/title>\n<meta name=\"robots\" content=\"index, follow, max-snippet:-1, max-image-preview:large, max-video-preview:-1\" \/>\n<link rel=\"canonical\" href=\"https:\/\/evocert.pl\/tr\/eudr-etapy-oceny-stopnia-zgodnosci\/\" \/>\n<meta property=\"og:locale\" content=\"tr_TR\" \/>\n<meta property=\"og:type\" content=\"article\" \/>\n<meta property=\"og:title\" content=\"EUDR - etapy oceny stopnia zgodno\u015bci - EVOCERT\" \/>\n<meta property=\"og:description\" content=\"Proces oceny stopnia zgodno\u015bci z Rozporz\u0105dzeniem EUDR jest prowadzony w spos\u00f3b przejrzysty i jest dostosowany do wielko\u015bci i specyfiki przedsi\u0119biorstwa. Wniosek o ocen\u0119 stopnia zgodno\u015bci Klient wype\u0142nia wniosek o ocen\u0119 stopnia zgodno\u015bci stosuj\u0105c formularz EVOCERT. Oferta W zale\u017cno\u015bci od wielko\u015bci i charakteru dzia\u0142alno\u015bci przedsi\u0119biorstwa, EVOCERT sporz\u0105dza i przesy\u0142a do Klienta ofert\u0119 ze wskazaniem cen i [&hellip;]\" \/>\n<meta property=\"og:url\" content=\"https:\/\/evocert.pl\/tr\/eudr-etapy-oceny-stopnia-zgodnosci\/\" \/>\n<meta property=\"og:site_name\" content=\"EVOCERT\" \/>\n<meta property=\"article:modified_time\" content=\"2025-09-30T07:23:49+00:00\" \/>\n<meta property=\"og:image\" content=\"https:\/\/evocert.pl\/wp-content\/uploads\/2025\/01\/EVOCERT_logo_KOLOR_PNG.png\" \/>\n\t<meta property=\"og:image:width\" content=\"378\" \/>\n\t<meta property=\"og:image:height\" content=\"378\" \/>\n\t<meta property=\"og:image:type\" content=\"image\/png\" \/>\n<meta name=\"twitter:card\" content=\"summary_large_image\" \/>\n<script type=\"application\/ld+json\" class=\"yoast-schema-graph\">{\"@context\":\"https:\\\/\\\/schema.org\",\"@graph\":[{\"@type\":\"WebPage\",\"@id\":\"https:\\\/\\\/evocert.pl\\\/eudr-etapy-oceny-stopnia-zgodnosci\\\/\",\"url\":\"https:\\\/\\\/evocert.pl\\\/eudr-etapy-oceny-stopnia-zgodnosci\\\/\",\"name\":\"EUDR - etapy oceny stopnia zgodno\u015bci - EVOCERT\",\"isPartOf\":{\"@id\":\"https:\\\/\\\/evocert.pl\\\/en\\\/#website\"},\"datePublished\":\"2025-09-30T06:36:02+00:00\",\"dateModified\":\"2025-09-30T07:23:49+00:00\",\"breadcrumb\":{\"@id\":\"https:\\\/\\\/evocert.pl\\\/eudr-etapy-oceny-stopnia-zgodnosci\\\/#breadcrumb\"},\"inLanguage\":\"tr\",\"potentialAction\":[{\"@type\":\"ReadAction\",\"target\":[\"https:\\\/\\\/evocert.pl\\\/eudr-etapy-oceny-stopnia-zgodnosci\\\/\"]}]},{\"@type\":\"BreadcrumbList\",\"@id\":\"https:\\\/\\\/evocert.pl\\\/eudr-etapy-oceny-stopnia-zgodnosci\\\/#breadcrumb\",\"itemListElement\":[{\"@type\":\"ListItem\",\"position\":1,\"name\":\"Strona g\u0142\u00f3wna\",\"item\":\"https:\\\/\\\/evocert.pl\\\/en\\\/\"},{\"@type\":\"ListItem\",\"position\":2,\"name\":\"EUDR &#8211; etapy oceny stopnia zgodno\u015bci\"}]},{\"@type\":\"WebSite\",\"@id\":\"https:\\\/\\\/evocert.pl\\\/en\\\/#website\",\"url\":\"https:\\\/\\\/evocert.pl\\\/en\\\/\",\"name\":\"EVOCERT\",\"description\":\"Evolution in certification\",\"publisher\":{\"@id\":\"https:\\\/\\\/evocert.pl\\\/en\\\/#organization\"},\"potentialAction\":[{\"@type\":\"SearchAction\",\"target\":{\"@type\":\"EntryPoint\",\"urlTemplate\":\"https:\\\/\\\/evocert.pl\\\/en\\\/?s={search_term_string}\"},\"query-input\":{\"@type\":\"PropertyValueSpecification\",\"valueRequired\":true,\"valueName\":\"search_term_string\"}}],\"inLanguage\":\"tr\"},{\"@type\":\"Organization\",\"@id\":\"https:\\\/\\\/evocert.pl\\\/en\\\/#organization\",\"name\":\"EVOCERT\",\"url\":\"https:\\\/\\\/evocert.pl\\\/en\\\/\",\"logo\":{\"@type\":\"ImageObject\",\"inLanguage\":\"tr\",\"@id\":\"https:\\\/\\\/evocert.pl\\\/en\\\/#\\\/schema\\\/logo\\\/image\\\/\",\"url\":\"https:\\\/\\\/evocert.pl\\\/wp-content\\\/uploads\\\/2025\\\/01\\\/EVOCERT_logo_KOLOR_PNG.png\",\"contentUrl\":\"https:\\\/\\\/evocert.pl\\\/wp-content\\\/uploads\\\/2025\\\/01\\\/EVOCERT_logo_KOLOR_PNG.png\",\"width\":378,\"height\":378,\"caption\":\"EVOCERT\"},\"image\":{\"@id\":\"https:\\\/\\\/evocert.pl\\\/en\\\/#\\\/schema\\\/logo\\\/image\\\/\"},\"sameAs\":[\"https:\\\/\\\/www.linkedin.com\\\/company\\\/evocert-sp-z-o-o\"]}]}<\/script>\n<!-- \/ Yoast SEO plugin. -->","yoast_head_json":{"title":"EUDR - etapy oceny stopnia zgodno\u015bci - EVOCERT","robots":{"index":"index","follow":"follow","max-snippet":"max-snippet:-1","max-image-preview":"max-image-preview:large","max-video-preview":"max-video-preview:-1"},"canonical":"https:\/\/evocert.pl\/tr\/eudr-etapy-oceny-stopnia-zgodnosci\/","og_locale":"tr_TR","og_type":"article","og_title":"EUDR - etapy oceny stopnia zgodno\u015bci - EVOCERT","og_description":"Proces oceny stopnia zgodno\u015bci z Rozporz\u0105dzeniem EUDR jest prowadzony w spos\u00f3b przejrzysty i jest dostosowany do wielko\u015bci i specyfiki przedsi\u0119biorstwa. Wniosek o ocen\u0119 stopnia zgodno\u015bci Klient wype\u0142nia wniosek o ocen\u0119 stopnia zgodno\u015bci stosuj\u0105c formularz EVOCERT. Oferta W zale\u017cno\u015bci od wielko\u015bci i charakteru dzia\u0142alno\u015bci przedsi\u0119biorstwa, EVOCERT sporz\u0105dza i przesy\u0142a do Klienta ofert\u0119 ze wskazaniem cen i [&hellip;]","og_url":"https:\/\/evocert.pl\/tr\/eudr-etapy-oceny-stopnia-zgodnosci\/","og_site_name":"EVOCERT","article_modified_time":"2025-09-30T07:23:49+00:00","og_image":[{"width":378,"height":378,"url":"https:\/\/evocert.pl\/wp-content\/uploads\/2025\/01\/EVOCERT_logo_KOLOR_PNG.png","type":"image\/png"}],"twitter_card":"summary_large_image","schema":{"@context":"https:\/\/schema.org","@graph":[{"@type":"WebPage","@id":"https:\/\/evocert.pl\/eudr-etapy-oceny-stopnia-zgodnosci\/","url":"https:\/\/evocert.pl\/eudr-etapy-oceny-stopnia-zgodnosci\/","name":"EUDR - etapy oceny stopnia zgodno\u015bci - EVOCERT","isPartOf":{"@id":"https:\/\/evocert.pl\/en\/#website"},"datePublished":"2025-09-30T06:36:02+00:00","dateModified":"2025-09-30T07:23:49+00:00","breadcrumb":{"@id":"https:\/\/evocert.pl\/eudr-etapy-oceny-stopnia-zgodnosci\/#breadcrumb"},"inLanguage":"tr","potentialAction":[{"@type":"ReadAction","target":["https:\/\/evocert.pl\/eudr-etapy-oceny-stopnia-zgodnosci\/"]}]},{"@type":"BreadcrumbList","@id":"https:\/\/evocert.pl\/eudr-etapy-oceny-stopnia-zgodnosci\/#breadcrumb","itemListElement":[{"@type":"ListItem","position":1,"name":"Strona g\u0142\u00f3wna","item":"https:\/\/evocert.pl\/en\/"},{"@type":"ListItem","position":2,"name":"EUDR &#8211; etapy oceny stopnia zgodno\u015bci"}]},{"@type":"WebSite","@id":"https:\/\/evocert.pl\/en\/#website","url":"https:\/\/evocert.pl\/en\/","name":"EVOCERT","description":"Evolution in certification","publisher":{"@id":"https:\/\/evocert.pl\/en\/#organization"},"potentialAction":[{"@type":"SearchAction","target":{"@type":"EntryPoint","urlTemplate":"https:\/\/evocert.pl\/en\/?s={search_term_string}"},"query-input":{"@type":"PropertyValueSpecification","valueRequired":true,"valueName":"search_term_string"}}],"inLanguage":"tr"},{"@type":"Organization","@id":"https:\/\/evocert.pl\/en\/#organization","name":"EVOCERT","url":"https:\/\/evocert.pl\/en\/","logo":{"@type":"ImageObject","inLanguage":"tr","@id":"https:\/\/evocert.pl\/en\/#\/schema\/logo\/image\/","url":"https:\/\/evocert.pl\/wp-content\/uploads\/2025\/01\/EVOCERT_logo_KOLOR_PNG.png","contentUrl":"https:\/\/evocert.pl\/wp-content\/uploads\/2025\/01\/EVOCERT_logo_KOLOR_PNG.png","width":378,"height":378,"caption":"EVOCERT"},"image":{"@id":"https:\/\/evocert.pl\/en\/#\/schema\/logo\/image\/"},"sameAs":["https:\/\/www.linkedin.com\/company\/evocert-sp-z-o-o"]}]}},"_links":{"self":[{"href":"https:\/\/evocert.pl\/tr\/wp-json\/wp\/v2\/pages\/4873","targetHints":{"allow":["GET"]}}],"collection":[{"href":"https:\/\/evocert.pl\/tr\/wp-json\/wp\/v2\/pages"}],"about":[{"href":"https:\/\/evocert.pl\/tr\/wp-json\/wp\/v2\/types\/page"}],"author":[{"embeddable":true,"href":"https:\/\/evocert.pl\/tr\/wp-json\/wp\/v2\/users\/2"}],"replies":[{"embeddable":true,"href":"https:\/\/evocert.pl\/tr\/wp-json\/wp\/v2\/comments?post=4873"}],"version-history":[{"count":2,"href":"https:\/\/evocert.pl\/tr\/wp-json\/wp\/v2\/pages\/4873\/revisions"}],"predecessor-version":[{"id":4902,"href":"https:\/\/evocert.pl\/tr\/wp-json\/wp\/v2\/pages\/4873\/revisions\/4902"}],"wp:attachment":[{"href":"https:\/\/evocert.pl\/tr\/wp-json\/wp\/v2\/media?parent=4873"}],"curies":[{"name":"wp","href":"https:\/\/api.w.org\/{rel}","templated":true}]}}