{"id":4867,"date":"2025-09-30T08:31:29","date_gmt":"2025-09-30T06:31:29","guid":{"rendered":"https:\/\/evocert.pl\/?page_id=4867"},"modified":"2026-01-16T11:40:33","modified_gmt":"2026-01-16T10:40:33","slug":"eudr-o-rozporzadzeniu-eudr","status":"publish","type":"page","link":"https:\/\/evocert.pl\/tr\/eudr-o-rozporzadzeniu-eudr\/","title":{"rendered":"EUDR Y\u00f6netmeli\u011fi Hakk\u0131nda"},"content":{"rendered":"<h2 class=\"wp-block-heading has-custom-logo-color has-text-color has-link-color has-medium-font-size wp-elements-81f4f9fcd6437c5554b88ea2d5073eff\">EUDR \u2013 Avrupa Birli\u011fi Ormans\u0131zla\u015fma Y\u00f6netmeli\u011fi<\/h2>\n\n\n\n<p class=\"has-small-font-size\" style=\"line-height:1.7\">31 maja 2023 r. zosta\u0142o uchwalone a nast\u0119pnie 9 czerwca 2023 r. opublikowane w Dzienniku Urz\u0119dowym Unii Europejskiej Rozporz\u0105dzenie Parlamentu Europejskiego i Rady (UE) 2023\/1115 w sprawie udost\u0119pniania na rynku unijnym oraz wywozu z Unii niekt\u00f3rych towar\u00f3w i &nbsp;produkt\u00f3w zwi\u0105zanych z wylesianiem i degradacj\u0105 las\u00f3w oraz uchylenia rozporz\u0105dzenia (UE) nr 995\/2010 (tzw.).<\/p>\n\n\n\n<hr class=\"wp-block-separator has-text-color has-custom-logo-color has-alpha-channel-opacity has-custom-logo-background-color has-background is-style-wide\" style=\"margin-top:var(--wp--preset--spacing--60);margin-bottom:var(--wp--preset--spacing--60)\"\/>\n\n\n\n<h2 class=\"wp-block-heading has-custom-logo-color has-text-color has-link-color has-medium-font-size wp-elements-a00af61d34aa02331aca17e78f085c1f\">EUDR T\u00fcz\u00fc\u011f\u00fc ile uyumluluk derecesinin de\u011ferlendirilmesi nedir?<\/h2>\n\n\n\n<p class=\"has-small-font-size\" style=\"line-height:1.7\">EUDR olarak bilinen yeni AB yasas\u0131, topluluk pazar\u0131na yaln\u0131zca \u201corman tahribat\u0131 i\u00e7ermeyen\u201d \u00fcr\u00fcnlerin girmesini ama\u00e7lamaktad\u0131r. Bu giri\u015fim, sera gaz\u0131 emisyonlar\u0131n\u0131 \u00f6nemli \u00f6l\u00e7\u00fcde azaltarak iklim de\u011fi\u015fikli\u011fiyle m\u00fccadelede kilit bir unsurdur ve k\u00fcresel biyolojik \u00e7e\u015fitlili\u011fi koruma arac\u0131d\u0131r. Temel ama\u00e7, AB'nin k\u00fcresel orman tahribat\u0131 ve bozulmas\u0131na katk\u0131s\u0131n\u0131 ortadan kald\u0131rmakt\u0131r.<\/p>\n\n\n\n<hr class=\"wp-block-separator has-text-color has-custom-logo-color has-alpha-channel-opacity has-custom-logo-background-color has-background is-style-wide\" style=\"margin-top:var(--wp--preset--spacing--60);margin-bottom:var(--wp--preset--spacing--60)\"\/>\n\n\n\n<h2 class=\"wp-block-heading has-custom-logo-color has-text-color has-link-color has-medium-font-size wp-elements-409d7a061386d051770b0dc3d845be24\">EUDR Y\u00f6netmeli\u011fi kimleri ilgilendirir?<\/h2>\n\n\n\n<p class=\"has-small-font-size\" style=\"line-height:1.7\">Yeni d\u00fczenlemelere uyum sa\u011flama y\u00fck\u00fcml\u00fcl\u00fc\u011f\u00fc a\u015fa\u011f\u0131dakiler \u00fczerindedir:<\/p>\n\n\n\n<ul style=\"line-height:1.8\" class=\"wp-block-list has-small-font-size\">\n<li>podmiotach \u2013 tj. osobach fizycznych lub prawnych, kt\u00f3re w ramach dzia\u0142alno\u015bci handlowej wprowadzaj\u0105 odno\u015bne&nbsp; produkty do obrotu lub je wywo\u017c\u0105,<\/li>\n\n\n\n<li>ticari kurulu\u015flar \u2013 yani tedarik zincirinde, ticari faaliyetleri kapsam\u0131nda \u00fcr\u00fcnleri pazara sunan kurulu\u015flar d\u0131\u015f\u0131ndaki ki\u015filer.<\/li>\n<\/ul>\n\n\n\n<p class=\"has-small-font-size\" style=\"line-height:1.7\">Y\u00f6netmelik, belirli mallar\u0131 ve y\u00f6netmeli\u011fin ekinde listelenen \u00fcr\u00fcnleri kapsamaktad\u0131r. Bunlar \u015funlard\u0131r:<\/p>\n\n\n\n<ul style=\"line-height:1.8\" class=\"wp-block-list has-small-font-size\">\n<li>mallarda: odun, kakao, kahve, kau\u00e7uk, soya, palmiye ya\u011f\u0131 ve s\u0131\u011f\u0131r,<\/li>\n\n\n\n<li>\u00fcr\u00fcnlerde: ah\u015fap mobilya, \u00e7ikolata, kavrulmu\u015f veya kafeinsiz kahve, lastik pneumatik lastikler, soya fasulyesi, tabaklanm\u0131\u015f deri veya s\u0131\u011f\u0131r eti.<\/li>\n<\/ul>\n\n\n\n<hr class=\"wp-block-separator has-text-color has-custom-logo-color has-alpha-channel-opacity has-custom-logo-background-color has-background is-style-wide\" style=\"margin-top:var(--wp--preset--spacing--60);margin-bottom:var(--wp--preset--spacing--60)\"\/>\n\n\n\n<h2 class=\"wp-block-heading has-custom-logo-color has-text-color has-link-color has-medium-font-size wp-elements-25a676361ed5281d53829d6b749d8e6c\">H\u00fck\u00fcmlerin uygulanma s\u00fcreleri (EUDR Madde 38)<\/h2>\n\n\n\n<p class=\"has-small-font-size\" style=\"line-height:1.7\">Rozporz\u0105dzenie EUDR wesz\u0142o w \u017cycie w dniu 29 czerwca 2023 r. i od tego momentu wi\u0105\u017ce w ca\u0142o\u015bci i jest bezpo\u015brednio stosowane w pa\u0144stwach cz\u0142onkowskich. W przypadku du\u017cych i \u015brednich przedsi\u0119biorc\u00f3w zasady wynikaj\u0105ce z EUDR zaczynaj\u0105 obowi\u0105zywa\u0107 od 30 grudnia 2026 r., natomiast wobec mikro i ma\u0142ych przedsi\u0119biorc\u00f3w \u2013 od 30 czerwca 2027 r.<\/p>\n\n\n\n<hr class=\"wp-block-separator has-text-color has-custom-logo-color has-alpha-channel-opacity has-custom-logo-background-color has-background is-style-wide\" style=\"margin-top:var(--wp--preset--spacing--60);margin-bottom:var(--wp--preset--spacing--60)\"\/>\n\n\n\n<h2 class=\"wp-block-heading has-custom-logo-color has-text-color has-link-color has-medium-font-size wp-elements-f0fb9774e22f4f6196338b43babc6ae8\">EUDR Y\u00f6netmeli\u011fi ile uyum derecesinin de\u011ferlendirilmesi size ne kazand\u0131r\u0131r?<\/h2>\n\n\n\n<p class=\"has-small-font-size\">EVOCERT, EUDR Y\u00f6netmeli\u011fi'nin gerekliliklerine uyum derecesinin ba\u011f\u0131ms\u0131z bir de\u011ferlendirmesini sunar. De\u011ferlendirme sonucuna ba\u011fl\u0131 olarak:<\/p>\n\n\n\n<ul style=\"line-height:1.8\" class=\"wp-block-list has-small-font-size\">\n<li>EUDR Y\u00f6netmeli\u011fi'nin gerekliliklerini yerine getirmek i\u00e7in uygulanmas\u0131 gereken \u00f6ncelikli eylemler hakk\u0131nda net bilgi al\u0131rs\u0131n\u0131z,<\/li>\n\n\n\n<li>EUDR Y\u00f6netmeli\u011fi'nin gerekliliklerine uygun olarak, \u015firketinizin gerekli \u00f6zeni g\u00f6sterme beyan\u0131nda bulunmaya haz\u0131r olup olmad\u0131\u011f\u0131 de\u011ferlendirilir ve size sunulur,<\/li>\n\n\n\n<li>Y\u00f6netim sisteminizin hangi alanlar\u0131n\u0131n ve prosed\u00fcrlerinin etkili bir \u015fekilde uyguland\u0131\u011f\u0131n\u0131 ve imaj kayb\u0131 riskini ve denetim makamlar\u0131n\u0131n a\u011f\u0131r cezalar\u0131n\u0131 azaltmak i\u00e7in hangilerinin iyile\u015ftirilmesi gerekti\u011fini \u00f6\u011freneceksiniz,<\/li>\n\n\n\n<li>\u015eirketinizin i\u015f ortaklar\u0131, sorumlu ve daha az riskli i\u015f uygulamalar\u0131 benimseyen bir \u015firket olarak sizinle i\u015fbirli\u011fi yapman\u0131n faydalar\u0131n\u0131 g\u00f6receklerdir,<\/li>\n\n\n\n<li>Tedarik s\u00fcre\u00e7lerinin \u015feffafl\u0131\u011f\u0131n\u0131 ve \u00fcr\u00fcn men\u015feinin izlenebilirli\u011fini sa\u011flayan bir kontrol sisteminin uygulanmas\u0131 daha kolay olacak, bu da i\u015fletme riskinin azalt\u0131lmas\u0131na katk\u0131 sa\u011flayacakt\u0131r.<\/li>\n<\/ul>\n\n\n\n<p class=\"has-small-font-size\">EVOCERT sertifikasyon kurumu, tedarik\u00e7ilerinizin EUDR Y\u00f6netmeli\u011fi gerekliliklerine uygunluk derecesini de de\u011ferlendirebilir.<\/p>\n\n\n\n<hr class=\"wp-block-separator has-text-color has-custom-logo-color has-alpha-channel-opacity has-custom-logo-background-color has-background is-style-wide\" style=\"margin-top:var(--wp--preset--spacing--60);margin-bottom:var(--wp--preset--spacing--60)\"\/>\n\n\n\n<div class=\"wp-block-group is-vertical is-content-justification-stretch is-layout-flex wp-container-core-group-is-layout-353c4f5a wp-block-group-is-layout-flex\">\n<h2 class=\"wp-block-heading has-custom-logo-color has-text-color has-link-color has-medium-font-size wp-elements-c3f18a172e2d01dc235d7c3c5d4ed1e3\">\u0130leti\u015fim<\/h2>\n\n\n\n<p class=\"has-small-font-size\" style=\"padding-bottom:var(--wp--preset--spacing--40);line-height:1.7\">Teklife mi ihtiyac\u0131n\u0131z var? Ya da sorular\u0131n\u0131z m\u0131 var? Ekibimiz kapsaml\u0131 destek sunmaktan memnuniyet duyar.<\/p>\n\n\n\n<div class=\"wp-block-buttons is-content-justification-center is-layout-flex wp-container-core-buttons-is-layout-c304233e wp-block-buttons-is-layout-flex\" style=\"margin-top:var(--wp--preset--spacing--20);margin-bottom:var(--wp--preset--spacing--30)\">\n<div class=\"wp-block-button has-custom-font-size has-body-text-font-size\"><a class=\"wp-block-button__link has-foreground-color has-custom-logo-background-color has-text-color has-background has-link-color wp-element-button\" href=\"http:\/\/evocert.pl\/tr\/?page_id=308\" style=\"padding-top:0.85rem;padding-right:2rem;padding-bottom:0.85rem;padding-left:2rem\"><strong>Bize Ula\u015f\u0131n<\/strong><\/a><\/div>\n<\/div>\n<\/div>","protected":false},"excerpt":{"rendered":"<p>EUDR &#8211; European Union Deforestation Regulation 31 maja 2023 r. zosta\u0142o uchwalone a nast\u0119pnie 9 czerwca 2023 r. opublikowane w Dzienniku Urz\u0119dowym Unii Europejskiej Rozporz\u0105dzenie Parlamentu Europejskiego i Rady (UE) 2023\/1115 w sprawie udost\u0119pniania na rynku unijnym oraz wywozu z Unii niekt\u00f3rych towar\u00f3w i &nbsp;produkt\u00f3w zwi\u0105zanych z wylesianiem i degradacj\u0105 las\u00f3w oraz uchylenia rozporz\u0105dzenia (UE) [&hellip;]<\/p>\n","protected":false},"author":2,"featured_media":0,"parent":0,"menu_order":0,"comment_status":"closed","ping_status":"closed","template":"wp-custom-template-oferta-eudr-o-rozporz-dzeniu","meta":{"footnotes":""},"class_list":["post-4867","page","type-page","status-publish","hentry"],"yoast_head":"<!-- This site is optimized with the Yoast SEO plugin v27.5 - https:\/\/yoast.com\/product\/yoast-seo-wordpress\/ -->\n<title>O &quot;Rozporz\u0105dzeniu EUDR&quot; - EVOCERT<\/title>\n<meta name=\"robots\" content=\"index, follow, max-snippet:-1, max-image-preview:large, max-video-preview:-1\" \/>\n<link rel=\"canonical\" href=\"https:\/\/evocert.pl\/tr\/eudr-o-rozporzadzeniu-eudr\/\" \/>\n<meta property=\"og:locale\" content=\"tr_TR\" \/>\n<meta property=\"og:type\" content=\"article\" \/>\n<meta property=\"og:title\" content=\"O &quot;Rozporz\u0105dzeniu EUDR&quot; - EVOCERT\" \/>\n<meta property=\"og:description\" content=\"EUDR &#8211; European Union Deforestation Regulation 31 maja 2023 r. zosta\u0142o uchwalone a nast\u0119pnie 9 czerwca 2023 r. opublikowane w Dzienniku Urz\u0119dowym Unii Europejskiej Rozporz\u0105dzenie Parlamentu Europejskiego i Rady (UE) 2023\/1115 w sprawie udost\u0119pniania na rynku unijnym oraz wywozu z Unii niekt\u00f3rych towar\u00f3w i &nbsp;produkt\u00f3w zwi\u0105zanych z wylesianiem i degradacj\u0105 las\u00f3w oraz uchylenia rozporz\u0105dzenia (UE) [&hellip;]\" \/>\n<meta property=\"og:url\" content=\"https:\/\/evocert.pl\/tr\/eudr-o-rozporzadzeniu-eudr\/\" \/>\n<meta property=\"og:site_name\" content=\"EVOCERT\" \/>\n<meta property=\"article:modified_time\" content=\"2026-01-16T10:40:33+00:00\" \/>\n<meta property=\"og:image\" content=\"https:\/\/evocert.pl\/wp-content\/uploads\/2025\/01\/EVOCERT_logo_KOLOR_PNG.png\" \/>\n\t<meta property=\"og:image:width\" content=\"378\" \/>\n\t<meta property=\"og:image:height\" content=\"378\" \/>\n\t<meta property=\"og:image:type\" content=\"image\/png\" \/>\n<meta name=\"twitter:card\" content=\"summary_large_image\" \/>\n<meta name=\"twitter:label1\" content=\"Tahmini okuma s\u00fcresi\" \/>\n\t<meta name=\"twitter:data1\" content=\"6 dakika\" \/>\n<script type=\"application\/ld+json\" class=\"yoast-schema-graph\">{\"@context\":\"https:\\\/\\\/schema.org\",\"@graph\":[{\"@type\":\"WebPage\",\"@id\":\"https:\\\/\\\/evocert.pl\\\/eudr-o-rozporzadzeniu-eudr\\\/\",\"url\":\"https:\\\/\\\/evocert.pl\\\/eudr-o-rozporzadzeniu-eudr\\\/\",\"name\":\"O \\\"Rozporz\u0105dzeniu EUDR\\\" - EVOCERT\",\"isPartOf\":{\"@id\":\"https:\\\/\\\/evocert.pl\\\/en\\\/#website\"},\"datePublished\":\"2025-09-30T06:31:29+00:00\",\"dateModified\":\"2026-01-16T10:40:33+00:00\",\"breadcrumb\":{\"@id\":\"https:\\\/\\\/evocert.pl\\\/eudr-o-rozporzadzeniu-eudr\\\/#breadcrumb\"},\"inLanguage\":\"tr\",\"potentialAction\":[{\"@type\":\"ReadAction\",\"target\":[\"https:\\\/\\\/evocert.pl\\\/eudr-o-rozporzadzeniu-eudr\\\/\"]}]},{\"@type\":\"BreadcrumbList\",\"@id\":\"https:\\\/\\\/evocert.pl\\\/eudr-o-rozporzadzeniu-eudr\\\/#breadcrumb\",\"itemListElement\":[{\"@type\":\"ListItem\",\"position\":1,\"name\":\"Strona g\u0142\u00f3wna\",\"item\":\"https:\\\/\\\/evocert.pl\\\/en\\\/\"},{\"@type\":\"ListItem\",\"position\":2,\"name\":\"O &#8222;Rozporz\u0105dzeniu EUDR&#8221;\"}]},{\"@type\":\"WebSite\",\"@id\":\"https:\\\/\\\/evocert.pl\\\/en\\\/#website\",\"url\":\"https:\\\/\\\/evocert.pl\\\/en\\\/\",\"name\":\"EVOCERT\",\"description\":\"Evolution in certification\",\"publisher\":{\"@id\":\"https:\\\/\\\/evocert.pl\\\/en\\\/#organization\"},\"potentialAction\":[{\"@type\":\"SearchAction\",\"target\":{\"@type\":\"EntryPoint\",\"urlTemplate\":\"https:\\\/\\\/evocert.pl\\\/en\\\/?s={search_term_string}\"},\"query-input\":{\"@type\":\"PropertyValueSpecification\",\"valueRequired\":true,\"valueName\":\"search_term_string\"}}],\"inLanguage\":\"tr\"},{\"@type\":\"Organization\",\"@id\":\"https:\\\/\\\/evocert.pl\\\/en\\\/#organization\",\"name\":\"EVOCERT\",\"url\":\"https:\\\/\\\/evocert.pl\\\/en\\\/\",\"logo\":{\"@type\":\"ImageObject\",\"inLanguage\":\"tr\",\"@id\":\"https:\\\/\\\/evocert.pl\\\/en\\\/#\\\/schema\\\/logo\\\/image\\\/\",\"url\":\"https:\\\/\\\/evocert.pl\\\/wp-content\\\/uploads\\\/2025\\\/01\\\/EVOCERT_logo_KOLOR_PNG.png\",\"contentUrl\":\"https:\\\/\\\/evocert.pl\\\/wp-content\\\/uploads\\\/2025\\\/01\\\/EVOCERT_logo_KOLOR_PNG.png\",\"width\":378,\"height\":378,\"caption\":\"EVOCERT\"},\"image\":{\"@id\":\"https:\\\/\\\/evocert.pl\\\/en\\\/#\\\/schema\\\/logo\\\/image\\\/\"},\"sameAs\":[\"https:\\\/\\\/www.linkedin.com\\\/company\\\/evocert-sp-z-o-o\"]}]}<\/script>\n<!-- \/ Yoast SEO plugin. -->","yoast_head_json":{"title":"O \"Rozporz\u0105dzeniu EUDR\" - EVOCERT","robots":{"index":"index","follow":"follow","max-snippet":"max-snippet:-1","max-image-preview":"max-image-preview:large","max-video-preview":"max-video-preview:-1"},"canonical":"https:\/\/evocert.pl\/tr\/eudr-o-rozporzadzeniu-eudr\/","og_locale":"tr_TR","og_type":"article","og_title":"O \"Rozporz\u0105dzeniu EUDR\" - EVOCERT","og_description":"EUDR &#8211; European Union Deforestation Regulation 31 maja 2023 r. zosta\u0142o uchwalone a nast\u0119pnie 9 czerwca 2023 r. opublikowane w Dzienniku Urz\u0119dowym Unii Europejskiej Rozporz\u0105dzenie Parlamentu Europejskiego i Rady (UE) 2023\/1115 w sprawie udost\u0119pniania na rynku unijnym oraz wywozu z Unii niekt\u00f3rych towar\u00f3w i &nbsp;produkt\u00f3w zwi\u0105zanych z wylesianiem i degradacj\u0105 las\u00f3w oraz uchylenia rozporz\u0105dzenia (UE) [&hellip;]","og_url":"https:\/\/evocert.pl\/tr\/eudr-o-rozporzadzeniu-eudr\/","og_site_name":"EVOCERT","article_modified_time":"2026-01-16T10:40:33+00:00","og_image":[{"width":378,"height":378,"url":"https:\/\/evocert.pl\/wp-content\/uploads\/2025\/01\/EVOCERT_logo_KOLOR_PNG.png","type":"image\/png"}],"twitter_card":"summary_large_image","twitter_misc":{"Tahmini okuma s\u00fcresi":"6 dakika"},"schema":{"@context":"https:\/\/schema.org","@graph":[{"@type":"WebPage","@id":"https:\/\/evocert.pl\/eudr-o-rozporzadzeniu-eudr\/","url":"https:\/\/evocert.pl\/eudr-o-rozporzadzeniu-eudr\/","name":"O \"Rozporz\u0105dzeniu EUDR\" - EVOCERT","isPartOf":{"@id":"https:\/\/evocert.pl\/en\/#website"},"datePublished":"2025-09-30T06:31:29+00:00","dateModified":"2026-01-16T10:40:33+00:00","breadcrumb":{"@id":"https:\/\/evocert.pl\/eudr-o-rozporzadzeniu-eudr\/#breadcrumb"},"inLanguage":"tr","potentialAction":[{"@type":"ReadAction","target":["https:\/\/evocert.pl\/eudr-o-rozporzadzeniu-eudr\/"]}]},{"@type":"BreadcrumbList","@id":"https:\/\/evocert.pl\/eudr-o-rozporzadzeniu-eudr\/#breadcrumb","itemListElement":[{"@type":"ListItem","position":1,"name":"Strona g\u0142\u00f3wna","item":"https:\/\/evocert.pl\/en\/"},{"@type":"ListItem","position":2,"name":"O &#8222;Rozporz\u0105dzeniu EUDR&#8221;"}]},{"@type":"WebSite","@id":"https:\/\/evocert.pl\/en\/#website","url":"https:\/\/evocert.pl\/en\/","name":"EVOCERT","description":"Evolution in certification","publisher":{"@id":"https:\/\/evocert.pl\/en\/#organization"},"potentialAction":[{"@type":"SearchAction","target":{"@type":"EntryPoint","urlTemplate":"https:\/\/evocert.pl\/en\/?s={search_term_string}"},"query-input":{"@type":"PropertyValueSpecification","valueRequired":true,"valueName":"search_term_string"}}],"inLanguage":"tr"},{"@type":"Organization","@id":"https:\/\/evocert.pl\/en\/#organization","name":"EVOCERT","url":"https:\/\/evocert.pl\/en\/","logo":{"@type":"ImageObject","inLanguage":"tr","@id":"https:\/\/evocert.pl\/en\/#\/schema\/logo\/image\/","url":"https:\/\/evocert.pl\/wp-content\/uploads\/2025\/01\/EVOCERT_logo_KOLOR_PNG.png","contentUrl":"https:\/\/evocert.pl\/wp-content\/uploads\/2025\/01\/EVOCERT_logo_KOLOR_PNG.png","width":378,"height":378,"caption":"EVOCERT"},"image":{"@id":"https:\/\/evocert.pl\/en\/#\/schema\/logo\/image\/"},"sameAs":["https:\/\/www.linkedin.com\/company\/evocert-sp-z-o-o"]}]}},"_links":{"self":[{"href":"https:\/\/evocert.pl\/tr\/wp-json\/wp\/v2\/pages\/4867","targetHints":{"allow":["GET"]}}],"collection":[{"href":"https:\/\/evocert.pl\/tr\/wp-json\/wp\/v2\/pages"}],"about":[{"href":"https:\/\/evocert.pl\/tr\/wp-json\/wp\/v2\/types\/page"}],"author":[{"embeddable":true,"href":"https:\/\/evocert.pl\/tr\/wp-json\/wp\/v2\/users\/2"}],"replies":[{"embeddable":true,"href":"https:\/\/evocert.pl\/tr\/wp-json\/wp\/v2\/comments?post=4867"}],"version-history":[{"count":7,"href":"https:\/\/evocert.pl\/tr\/wp-json\/wp\/v2\/pages\/4867\/revisions"}],"predecessor-version":[{"id":5269,"href":"https:\/\/evocert.pl\/tr\/wp-json\/wp\/v2\/pages\/4867\/revisions\/5269"}],"wp:attachment":[{"href":"https:\/\/evocert.pl\/tr\/wp-json\/wp\/v2\/media?parent=4867"}],"curies":[{"name":"wp","href":"https:\/\/api.w.org\/{rel}","templated":true}]}}