{"id":4606,"date":"2025-06-27T10:13:15","date_gmt":"2025-06-27T08:13:15","guid":{"rendered":"https:\/\/evocert.pl\/?page_id=4606"},"modified":"2025-07-28T10:21:49","modified_gmt":"2025-07-28T08:21:49","slug":"haccp-etapy-certyfikacji","status":"publish","type":"page","link":"https:\/\/evocert.pl\/tr\/haccp-etapy-certyfikacji\/","title":{"rendered":"Codex Alimentarius \u2013 sertifikasyon a\u015famalar\u0131"},"content":{"rendered":"<p class=\"has-small-font-size\" style=\"line-height:1.7\">EVOCERT taraf\u0131ndan y\u00fcr\u00fct\u00fclen sertifikasyon s\u00fcreci \u015feffaft\u0131r ve tesisin b\u00fcy\u00fckl\u00fc\u011f\u00fcne ve \u00f6zel ihtiya\u00e7lar\u0131na g\u00f6re uyarlan\u0131r. Her a\u015famada organizasyonel ve maddi destek sunuyoruz.<\/p>\n\n\n\n<hr class=\"wp-block-separator has-text-color has-custom-logo-color has-alpha-channel-opacity has-custom-logo-background-color has-background is-style-wide\" style=\"margin-top:var(--wp--preset--spacing--60);margin-bottom:var(--wp--preset--spacing--60)\"\/>\n\n\n\n<h2 class=\"wp-block-heading has-custom-logo-color has-text-color has-link-color has-medium-font-size wp-elements-d459724736628719d6f70bc6d7d13417\">1. \u00d6n denetim (iste\u011fe ba\u011fl\u0131)<\/h2>\n\n\n\n<p class=\"has-small-font-size\">Bu g\u00f6n\u00fcll\u00fc ad\u0131m, ger\u00e7ek sertifikasyon denetimine haz\u0131rl\u0131k d\u00fczeyinin de\u011ferlendirilmesine olanak tan\u0131r. Ziyaret s\u0131ras\u0131nda EVOCERT denet\u00e7isi:<\/p>\n\n\n\n<ul class=\"wp-block-list\">\n<li class=\"has-small-font-size\">HACCP sisteminin uygulanma d\u00fczeyini analiz eder,<\/li>\n\n\n\n<li class=\"has-small-font-size\">olas\u0131 bo\u015fluklar\u0131 ve tutars\u0131zl\u0131klar\u0131 g\u00f6sterir,<\/li>\n\n\n\n<li class=\"has-small-font-size\">sertifikasyon denetiminden \u00f6nce uygulanmas\u0131 gereken eylemleri belirtir<\/li>\n<\/ul>\n\n\n\n<p class=\"has-small-font-size\">\u00d6n denetim, \u00f6n denetim raporunun d\u00fczenlenmesiyle sona ermez.<\/p>\n\n\n\n<hr class=\"wp-block-separator has-text-color has-custom-logo-color has-alpha-channel-opacity has-custom-logo-background-color has-background is-style-wide\" style=\"margin-top:var(--wp--preset--spacing--60);margin-bottom:var(--wp--preset--spacing--60)\"\/>\n\n\n\n<h2 class=\"wp-block-heading has-custom-logo-color has-text-color has-link-color has-medium-font-size wp-elements-56bc0d7bd030cc1f497bba64a1248269\">2. Belge incelemesi<\/h2>\n\n\n\n<p class=\"has-small-font-size\">EVOCERT denetim ekibi, sistem dok\u00fcmantasyonunun ayr\u0131nt\u0131l\u0131 bir de\u011ferlendirmesini ger\u00e7ekle\u015ftirerek \u015funlar\u0131 kontrol eder:<\/p>\n\n\n\n<ul class=\"wp-block-list\">\n<li class=\"has-small-font-size\">HACCP plan\u0131 gerekli t\u00fcm unsurlar\u0131 i\u00e7erir,<\/li>\n\n\n\n<li class=\"has-small-font-size\">riskler do\u011fru bir \u015fekilde belirlendi,<\/li>\n\n\n\n<li class=\"has-small-font-size\">Kritik Kontrol Noktalar\u0131 (KKN'ler) belirlendi ve tan\u0131mland\u0131,<\/li>\n\n\n\n<li class=\"has-small-font-size\">izleme, do\u011frulama ve d\u00fczeltici eylem prosed\u00fcrleri vard\u0131r,<\/li>\n\n\n\n<li class=\"has-small-font-size\">Dok\u00fcmantasyonun g\u00fcncel, tutarl\u0131, \u015feffaf ve tesisin operasyonlar\u0131yla ilgili olmas\u0131.<\/li>\n<\/ul>\n\n\n\n<hr class=\"wp-block-separator has-text-color has-custom-logo-color has-alpha-channel-opacity has-custom-logo-background-color has-background is-style-wide\" style=\"margin-top:var(--wp--preset--spacing--60);margin-bottom:var(--wp--preset--spacing--60)\"\/>\n\n\n\n<h2 class=\"wp-block-heading has-custom-logo-color has-text-color has-link-color has-medium-font-size wp-elements-e540a3014eff33feb8db0a6c68c18eec\">3. Sertifikasyon denetimi<\/h2>\n\n\n\n<p class=\"has-small-font-size\">Bu, t\u00fcm s\u00fcre\u00e7te kritik bir ad\u0131md\u0131r. EVOCERT yerinde denetim s\u0131ras\u0131nda:<\/p>\n\n\n\n<ul class=\"wp-block-list\">\n<li class=\"has-small-font-size\">Sistemin pratikte uygulanmas\u0131n\u0131 de\u011ferlendirir,<\/li>\n\n\n\n<li class=\"has-small-font-size\">s\u00fcre\u00e7lerin dok\u00fcmantasyona uygunlu\u011funu do\u011frular,<\/li>\n\n\n\n<li class=\"has-small-font-size\">operasyonel ve hijyen faaliyetlerini kontrol eder,<\/li>\n\n\n\n<li class=\"has-small-font-size\">\u00c7al\u0131\u015fanlarla g\u00f6r\u00fc\u015fmeler yapar ve prosed\u00fcrlere uyumu izler.<\/li>\n<\/ul>\n\n\n\n<p class=\"has-small-font-size\">Denetim sonucu, sertifika verilmeden \u00f6nce d\u00fczeltici i\u015flem yap\u0131lmas\u0131 gereken uygunsuzluklar\u0131 i\u00e7eren bir rapordur.<\/p>\n\n\n\n<hr class=\"wp-block-separator has-text-color has-custom-logo-color has-alpha-channel-opacity has-custom-logo-background-color has-background is-style-wide\" style=\"margin-top:var(--wp--preset--spacing--60);margin-bottom:var(--wp--preset--spacing--60)\"\/>\n\n\n\n<h2 class=\"wp-block-heading has-custom-logo-color has-text-color has-link-color has-medium-font-size wp-elements-8762122a59d8374b42693de284e6fd56\">4. Codex Alimentarius sertifikas\u0131n\u0131n d\u00fczenlenmesi<\/h2>\n\n\n\n<p class=\"has-small-font-size translation-block\">Sistem t\u00fcm gereklilikleri kar\u015f\u0131l\u0131yorsa, EVOCERT 36 ay (3 y\u0131l) ge\u00e7erli bir Codex Alimentarius sertifikas\u0131 d\u00fczenler. Bu sertifika \u015funlar\u0131 onaylar:<\/p>\n\n\n\n<ul class=\"wp-block-list has-small-font-size\">\n<li>sistemin etkin bir \u015fekilde uygulanmas\u0131,<\/li>\n\n\n\n<li>Codex Alimentarius gerekliliklerine uyum,<\/li>\n\n\n\n<li>kurulu\u015fun g\u0131da g\u00fcvenli\u011fini y\u00f6netme yetene\u011fi.<\/li>\n<\/ul>\n\n\n\n<hr class=\"wp-block-separator has-text-color has-custom-logo-color has-alpha-channel-opacity has-custom-logo-background-color has-background is-style-wide\" style=\"margin-top:var(--wp--preset--spacing--60);margin-bottom:var(--wp--preset--spacing--60)\"\/>\n\n\n\n<h2 class=\"wp-block-heading has-custom-logo-color has-text-color has-link-color has-medium-font-size wp-elements-a734e92531d0ac284628261f1a48f552\">5. G\u00f6zetim denetimleri<\/h2>\n\n\n\n<p class=\"has-small-font-size translation-block\">Sertifikan\u0131n ge\u00e7erlilik s\u00fcresinin tamam\u0131 boyunca ge\u00e7erlili\u011fini koruyabilmesi i\u00e7in y\u0131ll\u0131k g\u00f6zetim denetimlerinin yap\u0131lmas\u0131 gerekmektedir. Bu denetimlerin amac\u0131:<\/p>\n\n\n\n<ul class=\"wp-block-list\">\n<li class=\"has-small-font-size\">sistemin hala etkili olup olmad\u0131\u011f\u0131n\u0131 kontrol etmek,<\/li>\n\n\n\n<li class=\"has-small-font-size\">Uygulanan de\u011fi\u015fikliklerin plana uygun \u015fekilde yans\u0131t\u0131l\u0131p yans\u0131t\u0131lmad\u0131\u011f\u0131n\u0131n de\u011ferlendirilmesi,<\/li>\n\n\n\n<li class=\"has-small-font-size\">yasal ve sekt\u00f6r gerekliliklerine uyumun izlenmesi,<\/li>\n\n\n\n<li class=\"has-small-font-size\">daha fazla iyile\u015ftirmeye a\u00e7\u0131k alanlar\u0131n belirlenmesi.<\/li>\n<\/ul>\n\n\n\n<hr class=\"wp-block-separator has-text-color has-custom-logo-color has-alpha-channel-opacity has-custom-logo-background-color has-background is-style-wide\" style=\"margin-top:var(--wp--preset--spacing--60);margin-bottom:var(--wp--preset--spacing--60)\"\/>\n\n\n\n<h2 class=\"wp-block-heading has-custom-logo-color has-text-color has-link-color has-medium-font-size wp-elements-4bfcb50ae25a6e411492b99916a76102\">6. Yeniden sertifikasyon denetimi <\/h2>\n\n\n\n<p class=\"has-small-font-size translation-block\">Sertifika verildikten \u00fc\u00e7 y\u0131l sonra, kapsaml\u0131 bir yeniden sertifikasyon denetimi ger\u00e7ekle\u015ftirilir. Bu denetimin kapsam\u0131 ve s\u00fcreci ilk sertifikasyona benzerdir; t\u00fcm sistem unsurlar\u0131 ve bunlar\u0131n pratik etkinli\u011fi do\u011frulan\u0131r. Olumlu bir denetim sonucu, sertifikan\u0131n \u00fc\u00e7 y\u0131ll\u0131k bir s\u00fcre i\u00e7in daha yenilenmesine olanak tan\u0131r.<\/p>\n\n\n\n<hr class=\"wp-block-separator has-text-color has-custom-logo-color has-alpha-channel-opacity has-custom-logo-background-color has-background is-style-wide\" style=\"margin-top:var(--wp--preset--spacing--60);margin-bottom:var(--wp--preset--spacing--60)\"\/>\n\n\n\n<div class=\"wp-block-group is-vertical is-content-justification-stretch is-layout-flex wp-container-core-group-is-layout-353c4f5a wp-block-group-is-layout-flex\">\n<h2 class=\"wp-block-heading has-custom-logo-color has-text-color has-link-color has-medium-font-size wp-elements-6220a036404e1e175c1bdc39e07cf195\">Sertifikasyon s\u00fcrecine ba\u015flamaya haz\u0131r m\u0131s\u0131n\u0131z?<\/h2>\n\n\n\n<p class=\"has-small-font-size\" style=\"padding-bottom:var(--wp--preset--spacing--40);line-height:1.7\">EVOCERT size bir teklif haz\u0131rlamaktan ve sorular\u0131n\u0131z\u0131 yan\u0131tlamaktan mutluluk duyacakt\u0131r!<\/p>\n\n\n\n<div class=\"wp-block-buttons is-content-justification-center is-layout-flex wp-container-core-buttons-is-layout-c304233e wp-block-buttons-is-layout-flex\" style=\"margin-top:var(--wp--preset--spacing--20);margin-bottom:var(--wp--preset--spacing--30)\">\n<div class=\"wp-block-button has-custom-font-size has-body-text-font-size\"><a class=\"wp-block-button__link has-foreground-color has-custom-logo-background-color has-text-color has-background has-link-color wp-element-button\" href=\"http:\/\/evocert.pl\/tr\/?page_id=308\" style=\"padding-top:0.85rem;padding-right:2rem;padding-bottom:0.85rem;padding-left:2rem\"><strong>Bize Ula\u015f\u0131n<\/strong><\/a><\/div>\n<\/div>\n<\/div>","protected":false},"excerpt":{"rendered":"<p>Proces certyfikacji prowadzony przez EVOCERT jest przejrzysty i dostosowany do wielko\u015bci oraz specyfiki zak\u0142adu. Na ka\u017cdym etapie oferujemy wsparcie organizacyjne i merytoryczne. 1. Audyt wst\u0119pny (opcjonalny) To dobrowolny etap, kt\u00f3ry pozwala na ocen\u0119 stopnia gotowo\u015bci do w\u0142a\u015bciwego audytu certyfikuj\u0105cego. Podczas wizyty audytor EVOCERT: Audyt wst\u0119pny nie ko\u0144czy si\u0119 wydaniem raportu z audytu wst\u0119pnego. 2. Przegl\u0105d [&hellip;]<\/p>\n","protected":false},"author":2,"featured_media":0,"parent":0,"menu_order":0,"comment_status":"closed","ping_status":"closed","template":"wp-custom-template-oferta-haccp-etapy-certyfikacji","meta":{"footnotes":""},"class_list":["post-4606","page","type-page","status-publish","hentry"],"yoast_head":"<!-- This site is optimized with the Yoast SEO plugin v27.5 - https:\/\/yoast.com\/product\/yoast-seo-wordpress\/ -->\n<title>Codex Alimentarius - etapy certyfikacji - EVOCERT<\/title>\n<meta name=\"robots\" content=\"index, follow, max-snippet:-1, max-image-preview:large, max-video-preview:-1\" \/>\n<link rel=\"canonical\" href=\"https:\/\/evocert.pl\/tr\/haccp-etapy-certyfikacji\/\" \/>\n<meta property=\"og:locale\" content=\"tr_TR\" \/>\n<meta property=\"og:type\" content=\"article\" \/>\n<meta property=\"og:title\" content=\"Codex Alimentarius - etapy certyfikacji - EVOCERT\" \/>\n<meta property=\"og:description\" content=\"Proces certyfikacji prowadzony przez EVOCERT jest przejrzysty i dostosowany do wielko\u015bci oraz specyfiki zak\u0142adu. Na ka\u017cdym etapie oferujemy wsparcie organizacyjne i merytoryczne. 1. Audyt wst\u0119pny (opcjonalny) To dobrowolny etap, kt\u00f3ry pozwala na ocen\u0119 stopnia gotowo\u015bci do w\u0142a\u015bciwego audytu certyfikuj\u0105cego. Podczas wizyty audytor EVOCERT: Audyt wst\u0119pny nie ko\u0144czy si\u0119 wydaniem raportu z audytu wst\u0119pnego. 2. Przegl\u0105d [&hellip;]\" \/>\n<meta property=\"og:url\" content=\"https:\/\/evocert.pl\/tr\/haccp-etapy-certyfikacji\/\" \/>\n<meta property=\"og:site_name\" content=\"EVOCERT\" \/>\n<meta property=\"article:modified_time\" content=\"2025-07-28T08:21:49+00:00\" \/>\n<meta property=\"og:image\" content=\"https:\/\/evocert.pl\/wp-content\/uploads\/2025\/01\/EVOCERT_logo_KOLOR_PNG.png\" \/>\n\t<meta property=\"og:image:width\" content=\"378\" \/>\n\t<meta property=\"og:image:height\" content=\"378\" \/>\n\t<meta property=\"og:image:type\" content=\"image\/png\" \/>\n<meta name=\"twitter:card\" content=\"summary_large_image\" \/>\n<meta name=\"twitter:label1\" content=\"Tahmini okuma s\u00fcresi\" \/>\n\t<meta name=\"twitter:data1\" content=\"2 dakika\" \/>\n<script type=\"application\/ld+json\" class=\"yoast-schema-graph\">{\"@context\":\"https:\\\/\\\/schema.org\",\"@graph\":[{\"@type\":\"WebPage\",\"@id\":\"https:\\\/\\\/evocert.pl\\\/pl\\\/haccp-etapy-certyfikacji\\\/\",\"url\":\"https:\\\/\\\/evocert.pl\\\/pl\\\/haccp-etapy-certyfikacji\\\/\",\"name\":\"Codex Alimentarius - etapy certyfikacji - EVOCERT\",\"isPartOf\":{\"@id\":\"https:\\\/\\\/evocert.pl\\\/en\\\/#website\"},\"datePublished\":\"2025-06-27T08:13:15+00:00\",\"dateModified\":\"2025-07-28T08:21:49+00:00\",\"breadcrumb\":{\"@id\":\"https:\\\/\\\/evocert.pl\\\/pl\\\/haccp-etapy-certyfikacji\\\/#breadcrumb\"},\"inLanguage\":\"tr\",\"potentialAction\":[{\"@type\":\"ReadAction\",\"target\":[\"https:\\\/\\\/evocert.pl\\\/pl\\\/haccp-etapy-certyfikacji\\\/\"]}]},{\"@type\":\"BreadcrumbList\",\"@id\":\"https:\\\/\\\/evocert.pl\\\/pl\\\/haccp-etapy-certyfikacji\\\/#breadcrumb\",\"itemListElement\":[{\"@type\":\"ListItem\",\"position\":1,\"name\":\"Strona g\u0142\u00f3wna\",\"item\":\"https:\\\/\\\/evocert.pl\\\/en\\\/\"},{\"@type\":\"ListItem\",\"position\":2,\"name\":\"Codex Alimentarius &#8211; etapy certyfikacji\"}]},{\"@type\":\"WebSite\",\"@id\":\"https:\\\/\\\/evocert.pl\\\/en\\\/#website\",\"url\":\"https:\\\/\\\/evocert.pl\\\/en\\\/\",\"name\":\"EVOCERT\",\"description\":\"Evolution in certification\",\"publisher\":{\"@id\":\"https:\\\/\\\/evocert.pl\\\/en\\\/#organization\"},\"potentialAction\":[{\"@type\":\"SearchAction\",\"target\":{\"@type\":\"EntryPoint\",\"urlTemplate\":\"https:\\\/\\\/evocert.pl\\\/en\\\/?s={search_term_string}\"},\"query-input\":{\"@type\":\"PropertyValueSpecification\",\"valueRequired\":true,\"valueName\":\"search_term_string\"}}],\"inLanguage\":\"tr\"},{\"@type\":\"Organization\",\"@id\":\"https:\\\/\\\/evocert.pl\\\/en\\\/#organization\",\"name\":\"EVOCERT\",\"url\":\"https:\\\/\\\/evocert.pl\\\/en\\\/\",\"logo\":{\"@type\":\"ImageObject\",\"inLanguage\":\"tr\",\"@id\":\"https:\\\/\\\/evocert.pl\\\/en\\\/#\\\/schema\\\/logo\\\/image\\\/\",\"url\":\"https:\\\/\\\/evocert.pl\\\/wp-content\\\/uploads\\\/2025\\\/01\\\/EVOCERT_logo_KOLOR_PNG.png\",\"contentUrl\":\"https:\\\/\\\/evocert.pl\\\/wp-content\\\/uploads\\\/2025\\\/01\\\/EVOCERT_logo_KOLOR_PNG.png\",\"width\":378,\"height\":378,\"caption\":\"EVOCERT\"},\"image\":{\"@id\":\"https:\\\/\\\/evocert.pl\\\/en\\\/#\\\/schema\\\/logo\\\/image\\\/\"},\"sameAs\":[\"https:\\\/\\\/www.linkedin.com\\\/company\\\/evocert-sp-z-o-o\"]}]}<\/script>\n<!-- \/ Yoast SEO plugin. -->","yoast_head_json":{"title":"Codex Alimentarius - etapy certyfikacji - EVOCERT","robots":{"index":"index","follow":"follow","max-snippet":"max-snippet:-1","max-image-preview":"max-image-preview:large","max-video-preview":"max-video-preview:-1"},"canonical":"https:\/\/evocert.pl\/tr\/haccp-etapy-certyfikacji\/","og_locale":"tr_TR","og_type":"article","og_title":"Codex Alimentarius - etapy certyfikacji - EVOCERT","og_description":"Proces certyfikacji prowadzony przez EVOCERT jest przejrzysty i dostosowany do wielko\u015bci oraz specyfiki zak\u0142adu. Na ka\u017cdym etapie oferujemy wsparcie organizacyjne i merytoryczne. 1. Audyt wst\u0119pny (opcjonalny) To dobrowolny etap, kt\u00f3ry pozwala na ocen\u0119 stopnia gotowo\u015bci do w\u0142a\u015bciwego audytu certyfikuj\u0105cego. Podczas wizyty audytor EVOCERT: Audyt wst\u0119pny nie ko\u0144czy si\u0119 wydaniem raportu z audytu wst\u0119pnego. 2. Przegl\u0105d [&hellip;]","og_url":"https:\/\/evocert.pl\/tr\/haccp-etapy-certyfikacji\/","og_site_name":"EVOCERT","article_modified_time":"2025-07-28T08:21:49+00:00","og_image":[{"width":378,"height":378,"url":"https:\/\/evocert.pl\/wp-content\/uploads\/2025\/01\/EVOCERT_logo_KOLOR_PNG.png","type":"image\/png"}],"twitter_card":"summary_large_image","twitter_misc":{"Tahmini okuma s\u00fcresi":"2 dakika"},"schema":{"@context":"https:\/\/schema.org","@graph":[{"@type":"WebPage","@id":"https:\/\/evocert.pl\/pl\/haccp-etapy-certyfikacji\/","url":"https:\/\/evocert.pl\/pl\/haccp-etapy-certyfikacji\/","name":"Codex Alimentarius - etapy certyfikacji - EVOCERT","isPartOf":{"@id":"https:\/\/evocert.pl\/en\/#website"},"datePublished":"2025-06-27T08:13:15+00:00","dateModified":"2025-07-28T08:21:49+00:00","breadcrumb":{"@id":"https:\/\/evocert.pl\/pl\/haccp-etapy-certyfikacji\/#breadcrumb"},"inLanguage":"tr","potentialAction":[{"@type":"ReadAction","target":["https:\/\/evocert.pl\/pl\/haccp-etapy-certyfikacji\/"]}]},{"@type":"BreadcrumbList","@id":"https:\/\/evocert.pl\/pl\/haccp-etapy-certyfikacji\/#breadcrumb","itemListElement":[{"@type":"ListItem","position":1,"name":"Strona g\u0142\u00f3wna","item":"https:\/\/evocert.pl\/en\/"},{"@type":"ListItem","position":2,"name":"Codex Alimentarius &#8211; etapy certyfikacji"}]},{"@type":"WebSite","@id":"https:\/\/evocert.pl\/en\/#website","url":"https:\/\/evocert.pl\/en\/","name":"EVOCERT","description":"Evolution in certification","publisher":{"@id":"https:\/\/evocert.pl\/en\/#organization"},"potentialAction":[{"@type":"SearchAction","target":{"@type":"EntryPoint","urlTemplate":"https:\/\/evocert.pl\/en\/?s={search_term_string}"},"query-input":{"@type":"PropertyValueSpecification","valueRequired":true,"valueName":"search_term_string"}}],"inLanguage":"tr"},{"@type":"Organization","@id":"https:\/\/evocert.pl\/en\/#organization","name":"EVOCERT","url":"https:\/\/evocert.pl\/en\/","logo":{"@type":"ImageObject","inLanguage":"tr","@id":"https:\/\/evocert.pl\/en\/#\/schema\/logo\/image\/","url":"https:\/\/evocert.pl\/wp-content\/uploads\/2025\/01\/EVOCERT_logo_KOLOR_PNG.png","contentUrl":"https:\/\/evocert.pl\/wp-content\/uploads\/2025\/01\/EVOCERT_logo_KOLOR_PNG.png","width":378,"height":378,"caption":"EVOCERT"},"image":{"@id":"https:\/\/evocert.pl\/en\/#\/schema\/logo\/image\/"},"sameAs":["https:\/\/www.linkedin.com\/company\/evocert-sp-z-o-o"]}]}},"_links":{"self":[{"href":"https:\/\/evocert.pl\/tr\/wp-json\/wp\/v2\/pages\/4606","targetHints":{"allow":["GET"]}}],"collection":[{"href":"https:\/\/evocert.pl\/tr\/wp-json\/wp\/v2\/pages"}],"about":[{"href":"https:\/\/evocert.pl\/tr\/wp-json\/wp\/v2\/types\/page"}],"author":[{"embeddable":true,"href":"https:\/\/evocert.pl\/tr\/wp-json\/wp\/v2\/users\/2"}],"replies":[{"embeddable":true,"href":"https:\/\/evocert.pl\/tr\/wp-json\/wp\/v2\/comments?post=4606"}],"version-history":[{"count":9,"href":"https:\/\/evocert.pl\/tr\/wp-json\/wp\/v2\/pages\/4606\/revisions"}],"predecessor-version":[{"id":4748,"href":"https:\/\/evocert.pl\/tr\/wp-json\/wp\/v2\/pages\/4606\/revisions\/4748"}],"wp:attachment":[{"href":"https:\/\/evocert.pl\/tr\/wp-json\/wp\/v2\/media?parent=4606"}],"curies":[{"name":"wp","href":"https:\/\/api.w.org\/{rel}","templated":true}]}}