{"id":4598,"date":"2025-06-27T09:20:55","date_gmt":"2025-06-27T07:20:55","guid":{"rendered":"https:\/\/evocert.pl\/?page_id=4598"},"modified":"2025-07-28T10:22:16","modified_gmt":"2025-07-28T08:22:16","slug":"haccp-wymagania","status":"publish","type":"page","link":"https:\/\/evocert.pl\/tr\/haccp-wymagania\/","title":{"rendered":"Codex Alimentarius - gereksinimler"},"content":{"rendered":"<p class=\"has-small-font-size translation-block\" style=\"line-height:1.7\">Codex Alimentarius, FAO ve WHO b\u00fcnyesindeki Codex Alimentarius Komisyonu taraf\u0131ndan geli\u015ftirilen bir ara\u00e7t\u0131r. G\u0131da g\u00fcvenli\u011fini etkileyebilecek tehlikeleri belirleme, de\u011ferlendirme ve kontrol alt\u0131na almaya y\u00f6nelik sistematik bir yakla\u015f\u0131ma dayanmaktad\u0131r.<\/p>\n\n\n\n<p class=\"has-small-font-size translation-block\" style=\"line-height:1.7\">Birincil amac\u0131 sa\u011fl\u0131k tehditlerine sonradan m\u00fcdahale etmek de\u011fil, onlar\u0131 \u00f6nlemektir.<\/p>\n\n\n\n<hr class=\"wp-block-separator has-text-color has-custom-logo-color has-alpha-channel-opacity has-custom-logo-background-color has-background is-style-wide\" style=\"margin-top:var(--wp--preset--spacing--60);margin-bottom:var(--wp--preset--spacing--60)\"\/>\n\n\n\n<p class=\"has-small-font-size translation-block\" style=\"line-height:1.7\">Avrupa Birli\u011fi mevzuat\u0131na (852\/2004 say\u0131l\u0131 T\u00fcz\u00fck dahil) g\u00f6re, birincil \u00fcretim haricinde g\u0131da sekt\u00f6r\u00fcndeki t\u00fcm i\u015fletmelerde HACCP sisteminin uygulanmas\u0131 zorunludur.<\/p>\n\n\n\n<p class=\"has-small-font-size\" style=\"line-height:1.7\">HACCP sisteminin uygulama alanlar\u0131 \u015funlard\u0131r;<\/p>\n\n\n\n<ul style=\"line-height:1.8\" class=\"wp-block-list has-small-font-size\">\n<li>g\u0131da \u00fcreticileri ve i\u015fleyicileri,<\/li>\n\n\n\n<li>catering ve catering i\u015fletmeleri,<\/li>\n\n\n\n<li>g\u0131da da\u011f\u0131t\u0131mc\u0131lar\u0131, toptanc\u0131lar ve depolar,<\/li>\n\n\n\n<li>hayvan yemi ve premiks \u00fcreticileri.<\/li>\n<\/ul>\n\n\n\n<hr class=\"wp-block-separator has-text-color has-custom-logo-color has-alpha-channel-opacity has-custom-logo-background-color has-background is-style-wide\" style=\"margin-top:var(--wp--preset--spacing--60);margin-bottom:var(--wp--preset--spacing--60)\"\/>\n\n\n\n<h2 class=\"wp-block-heading has-custom-logo-color has-text-color has-link-color has-medium-font-size wp-elements-3c3c8d671d69914842436d3d7a5a682b\">HACCP sisteminin yedi ilkesi<\/h2>\n\n\n\n<p class=\"has-small-font-size translation-block\" style=\"line-height:1.7\">HACCP sistemi, Codex Alimentarius kapsam\u0131nda geli\u015ftirilen <strong>7 a\u00e7\u0131k\u00e7a tan\u0131mlanm\u0131\u015f ilke<\/strong> temelinde \u00e7al\u0131\u015f\u0131r:<\/p>\n\n\n\n<ol style=\"line-height:1.8\" class=\"wp-block-list has-small-font-size\">\n<li class=\"translation-block\"><strong>Kay\u0131t Tutma<\/strong> \u2013 HACCP sistem dok\u00fcmantasyonunun, HACCP plan\u0131n\u0131n, izleme sonu\u00e7lar\u0131n\u0131n, d\u00fczeltici eylemlerin ve do\u011frulaman\u0131n olu\u015fturulmas\u0131, y\u00f6netimi ve ar\u015fivlenmesi.<\/li>\n\n\n\n<li class=\"translation-block\"><strong>Tehlike Analizi<\/strong> \u2013 G\u0131da \u00fcretimi ve da\u011f\u0131t\u0131m\u0131n\u0131n her a\u015famas\u0131nda ortaya \u00e7\u0131kabilecek potansiyel biyolojik, kimyasal ve fiziksel tehlikelerin belirlenmesi.<\/li>\n\n\n\n<li class=\"translation-block\"><strong>Kritik kontrol noktalar\u0131n\u0131n (KKP'ler) belirlenmesi<\/strong> \u2013 Bir tehlikeyi \u00f6nlemek, ortadan kald\u0131rmak veya azaltmak i\u00e7in bir s\u00fcre\u00e7te kontrollerin uygulanmas\u0131 gereken yerlerin belirlenmesi.<\/li>\n\n\n\n<li class=\"translation-block\"><strong>Kritik s\u0131n\u0131rlar\u0131n belirlenmesi<\/strong> \u2013 HACCP'nin etkili olabilmesi i\u00e7in kar\u015f\u0131lanmas\u0131 gereken izin verilen parametrelerin (\u00f6rne\u011fin s\u0131cakl\u0131k, zaman, pH) tan\u0131mlanmas\u0131.<\/li>\n\n\n\n<li class=\"translation-block\"><strong>CCP izleme sisteminin kurulmas\u0131<\/strong> \u2013 CCP'deki de\u011ferlerin izlenme y\u00f6ntemlerinin ve s\u0131kl\u0131\u011f\u0131n\u0131n tan\u0131mlanmas\u0131 ve sorumluluklar\u0131n atanmas\u0131.<\/li>\n\n\n\n<li class=\"translation-block\"><strong>D\u00fczeltici eylemlerin tan\u0131mlanmas\u0131<\/strong> \u2013 CCP'de limitlerin a\u015f\u0131lmas\u0131 durumunda proses g\u00fcvenli\u011finin yeniden sa\u011flanmas\u0131 i\u00e7in izlenecek prosed\u00fcrlerin olu\u015fturulmas\u0131.<\/li>\n\n\n\n<li class=\"translation-block\"><strong>Sistem do\u011frulamas\u0131<\/strong> \u2013 Sistemin etkinli\u011finin ve varsay\u0131mlar\u0131na uygunlu\u011funun d\u00fczenli olarak de\u011ferlendirilmesi (\u00f6rne\u011fin, i\u00e7 denetimler, testler, dok\u00fcmantasyon incelemeleri yoluyla).<\/li>\n<\/ol>\n\n\n\n<hr class=\"wp-block-separator has-text-color has-custom-logo-color has-alpha-channel-opacity has-custom-logo-background-color has-background is-style-wide\" style=\"margin-top:var(--wp--preset--spacing--60);margin-bottom:var(--wp--preset--spacing--60)\"\/>\n\n\n\n<h2 class=\"wp-block-heading has-custom-logo-color has-text-color has-link-color has-medium-font-size wp-elements-0931069b5a272c661d57121991eede06\">Ba\u015fka nelerin yerine getirilmesi gerekiyor?<\/h2>\n\n\n\n<p class=\"has-small-font-size\">Codex Alimentarius'un etkin bir \u015fekilde uygulanmas\u0131 ve sertifikaland\u0131r\u0131lmas\u0131 i\u00e7in bir \u015firketin ayr\u0131ca \u015funlar\u0131 yapmas\u0131 gerekir:<\/p>\n\n\n\n<ul style=\"padding-bottom:var(--wp--preset--spacing--60);line-height:1.8\" class=\"wp-block-list has-small-font-size\">\n<li class=\"translation-block\">Teknolojik, organizasyonel veya yasal de\u011fi\u015fiklikler durumunda HACCP plan\u0131n\u0131 g\u00fcncellemek,<\/li>\n\n\n\n<li class=\"translation-block\"><strong>\u0130yi i\u015fleyen \u00f6n ko\u015ful programlar\u0131na<\/strong> sahip olmak (\u00f6rne\u011fin GHP\/GMP),<\/li>\n\n\n\n<li class=\"translation-block\">uygun \u00e7al\u0131\u015fan <strong>e\u011fitimi ve fark\u0131ndal\u0131\u011f\u0131n\u0131<\/strong> sa\u011flamak,<\/li>\n\n\n\n<li class=\"translation-block\"><strong>Belgelemeyi denetlemek<\/strong>.<\/li>\n<\/ul>","protected":false},"excerpt":{"rendered":"<p>Codex Alimentarius to narz\u0119dzie opracowane przez Komisj\u0119 Kodeksu \u017bywno\u015bciowego dzia\u0142aj\u0105c\u0105 w ramach FAO i WHO. Opiera si\u0119 na systematycznym podej\u015bciu do identyfikacji, oceny i kontroli zagro\u017ce\u0144, kt\u00f3re mog\u0105 wp\u0142ywa\u0107 na bezpiecze\u0144stwo \u017cywno\u015bci. Jego podstawowym celem jest zapobieganie zagro\u017ceniom zdrowotnym, a nie reagowanie na nie po fakcie. Zgodnie z przepisami prawa Unii Europejskiej (w tym rozporz\u0105dzeniem [&hellip;]<\/p>","protected":false},"author":2,"featured_media":0,"parent":0,"menu_order":0,"comment_status":"closed","ping_status":"closed","template":"wp-custom-template-oferta-haccp-wymagania","meta":{"footnotes":""},"class_list":["post-4598","page","type-page","status-publish","hentry"],"yoast_head":"<!-- This site is optimized with the Yoast SEO plugin v26.3 - https:\/\/yoast.com\/wordpress\/plugins\/seo\/ -->\n<title>Codex Alimentarius- wymagania - EVOCERT<\/title>\n<meta name=\"robots\" content=\"index, follow, max-snippet:-1, max-image-preview:large, max-video-preview:-1\" \/>\n<link rel=\"canonical\" href=\"https:\/\/evocert.pl\/tr\/haccp-wymagania\/\" \/>\n<meta property=\"og:locale\" content=\"tr_TR\" \/>\n<meta property=\"og:type\" content=\"article\" \/>\n<meta property=\"og:title\" content=\"Codex Alimentarius- wymagania - EVOCERT\" \/>\n<meta property=\"og:description\" content=\"Codex Alimentarius to narz\u0119dzie opracowane przez Komisj\u0119 Kodeksu \u017bywno\u015bciowego dzia\u0142aj\u0105c\u0105 w ramach FAO i WHO. Opiera si\u0119 na systematycznym podej\u015bciu do identyfikacji, oceny i kontroli zagro\u017ce\u0144, kt\u00f3re mog\u0105 wp\u0142ywa\u0107 na bezpiecze\u0144stwo \u017cywno\u015bci. Jego podstawowym celem jest zapobieganie zagro\u017ceniom zdrowotnym, a nie reagowanie na nie po fakcie. Zgodnie z przepisami prawa Unii Europejskiej (w tym rozporz\u0105dzeniem [&hellip;]\" \/>\n<meta property=\"og:url\" content=\"https:\/\/evocert.pl\/tr\/haccp-wymagania\/\" \/>\n<meta property=\"og:site_name\" content=\"EVOCERT\" \/>\n<meta property=\"article:modified_time\" content=\"2025-07-28T08:22:16+00:00\" \/>\n<meta property=\"og:image\" content=\"https:\/\/evocert.pl\/wp-content\/uploads\/2025\/01\/EVOCERT_logo_KOLOR_PNG.png\" \/>\n\t<meta property=\"og:image:width\" content=\"378\" \/>\n\t<meta property=\"og:image:height\" content=\"378\" \/>\n\t<meta property=\"og:image:type\" content=\"image\/png\" \/>\n<meta name=\"twitter:card\" content=\"summary_large_image\" \/>\n<meta name=\"twitter:label1\" content=\"Tahmini okuma s\u00fcresi\" \/>\n\t<meta name=\"twitter:data1\" content=\"2 dakika\" \/>\n<script type=\"application\/ld+json\" class=\"yoast-schema-graph\">{\"@context\":\"https:\/\/schema.org\",\"@graph\":[{\"@type\":\"WebPage\",\"@id\":\"https:\/\/evocert.pl\/pl\/haccp-wymagania\/\",\"url\":\"https:\/\/evocert.pl\/pl\/haccp-wymagania\/\",\"name\":\"Codex Alimentarius- wymagania - EVOCERT\",\"isPartOf\":{\"@id\":\"https:\/\/evocert.pl\/en\/#website\"},\"datePublished\":\"2025-06-27T07:20:55+00:00\",\"dateModified\":\"2025-07-28T08:22:16+00:00\",\"breadcrumb\":{\"@id\":\"https:\/\/evocert.pl\/pl\/haccp-wymagania\/#breadcrumb\"},\"inLanguage\":\"tr\",\"potentialAction\":[{\"@type\":\"ReadAction\",\"target\":[\"https:\/\/evocert.pl\/pl\/haccp-wymagania\/\"]}]},{\"@type\":\"BreadcrumbList\",\"@id\":\"https:\/\/evocert.pl\/pl\/haccp-wymagania\/#breadcrumb\",\"itemListElement\":[{\"@type\":\"ListItem\",\"position\":1,\"name\":\"Strona g\u0142\u00f3wna\",\"item\":\"https:\/\/evocert.pl\/en\/\"},{\"@type\":\"ListItem\",\"position\":2,\"name\":\"Codex Alimentarius- wymagania\"}]},{\"@type\":\"WebSite\",\"@id\":\"https:\/\/evocert.pl\/en\/#website\",\"url\":\"https:\/\/evocert.pl\/en\/\",\"name\":\"EVOCERT\",\"description\":\"Evolution in certification\",\"publisher\":{\"@id\":\"https:\/\/evocert.pl\/en\/#organization\"},\"potentialAction\":[{\"@type\":\"SearchAction\",\"target\":{\"@type\":\"EntryPoint\",\"urlTemplate\":\"https:\/\/evocert.pl\/en\/?s={search_term_string}\"},\"query-input\":{\"@type\":\"PropertyValueSpecification\",\"valueRequired\":true,\"valueName\":\"search_term_string\"}}],\"inLanguage\":\"tr\"},{\"@type\":\"Organization\",\"@id\":\"https:\/\/evocert.pl\/en\/#organization\",\"name\":\"EVOCERT\",\"url\":\"https:\/\/evocert.pl\/en\/\",\"logo\":{\"@type\":\"ImageObject\",\"inLanguage\":\"tr\",\"@id\":\"https:\/\/evocert.pl\/en\/#\/schema\/logo\/image\/\",\"url\":\"https:\/\/evocert.pl\/wp-content\/uploads\/2025\/01\/EVOCERT_logo_KOLOR_PNG.png\",\"contentUrl\":\"https:\/\/evocert.pl\/wp-content\/uploads\/2025\/01\/EVOCERT_logo_KOLOR_PNG.png\",\"width\":378,\"height\":378,\"caption\":\"EVOCERT\"},\"image\":{\"@id\":\"https:\/\/evocert.pl\/en\/#\/schema\/logo\/image\/\"},\"sameAs\":[\"https:\/\/www.linkedin.com\/company\/evocert-sp-z-o-o\"]}]}<\/script>\n<!-- \/ Yoast SEO plugin. -->","yoast_head_json":{"title":"Codex Alimentarius- wymagania - EVOCERT","robots":{"index":"index","follow":"follow","max-snippet":"max-snippet:-1","max-image-preview":"max-image-preview:large","max-video-preview":"max-video-preview:-1"},"canonical":"https:\/\/evocert.pl\/tr\/haccp-wymagania\/","og_locale":"tr_TR","og_type":"article","og_title":"Codex Alimentarius- wymagania - EVOCERT","og_description":"Codex Alimentarius to narz\u0119dzie opracowane przez Komisj\u0119 Kodeksu \u017bywno\u015bciowego dzia\u0142aj\u0105c\u0105 w ramach FAO i WHO. Opiera si\u0119 na systematycznym podej\u015bciu do identyfikacji, oceny i kontroli zagro\u017ce\u0144, kt\u00f3re mog\u0105 wp\u0142ywa\u0107 na bezpiecze\u0144stwo \u017cywno\u015bci. Jego podstawowym celem jest zapobieganie zagro\u017ceniom zdrowotnym, a nie reagowanie na nie po fakcie. Zgodnie z przepisami prawa Unii Europejskiej (w tym rozporz\u0105dzeniem [&hellip;]","og_url":"https:\/\/evocert.pl\/tr\/haccp-wymagania\/","og_site_name":"EVOCERT","article_modified_time":"2025-07-28T08:22:16+00:00","og_image":[{"width":378,"height":378,"url":"https:\/\/evocert.pl\/wp-content\/uploads\/2025\/01\/EVOCERT_logo_KOLOR_PNG.png","type":"image\/png"}],"twitter_card":"summary_large_image","twitter_misc":{"Tahmini okuma s\u00fcresi":"2 dakika"},"schema":{"@context":"https:\/\/schema.org","@graph":[{"@type":"WebPage","@id":"https:\/\/evocert.pl\/pl\/haccp-wymagania\/","url":"https:\/\/evocert.pl\/pl\/haccp-wymagania\/","name":"Codex Alimentarius- wymagania - EVOCERT","isPartOf":{"@id":"https:\/\/evocert.pl\/en\/#website"},"datePublished":"2025-06-27T07:20:55+00:00","dateModified":"2025-07-28T08:22:16+00:00","breadcrumb":{"@id":"https:\/\/evocert.pl\/pl\/haccp-wymagania\/#breadcrumb"},"inLanguage":"tr","potentialAction":[{"@type":"ReadAction","target":["https:\/\/evocert.pl\/pl\/haccp-wymagania\/"]}]},{"@type":"BreadcrumbList","@id":"https:\/\/evocert.pl\/pl\/haccp-wymagania\/#breadcrumb","itemListElement":[{"@type":"ListItem","position":1,"name":"Strona g\u0142\u00f3wna","item":"https:\/\/evocert.pl\/en\/"},{"@type":"ListItem","position":2,"name":"Codex Alimentarius- wymagania"}]},{"@type":"WebSite","@id":"https:\/\/evocert.pl\/en\/#website","url":"https:\/\/evocert.pl\/en\/","name":"EVOCERT","description":"Evolution in certification","publisher":{"@id":"https:\/\/evocert.pl\/en\/#organization"},"potentialAction":[{"@type":"SearchAction","target":{"@type":"EntryPoint","urlTemplate":"https:\/\/evocert.pl\/en\/?s={search_term_string}"},"query-input":{"@type":"PropertyValueSpecification","valueRequired":true,"valueName":"search_term_string"}}],"inLanguage":"tr"},{"@type":"Organization","@id":"https:\/\/evocert.pl\/en\/#organization","name":"EVOCERT","url":"https:\/\/evocert.pl\/en\/","logo":{"@type":"ImageObject","inLanguage":"tr","@id":"https:\/\/evocert.pl\/en\/#\/schema\/logo\/image\/","url":"https:\/\/evocert.pl\/wp-content\/uploads\/2025\/01\/EVOCERT_logo_KOLOR_PNG.png","contentUrl":"https:\/\/evocert.pl\/wp-content\/uploads\/2025\/01\/EVOCERT_logo_KOLOR_PNG.png","width":378,"height":378,"caption":"EVOCERT"},"image":{"@id":"https:\/\/evocert.pl\/en\/#\/schema\/logo\/image\/"},"sameAs":["https:\/\/www.linkedin.com\/company\/evocert-sp-z-o-o"]}]}},"_links":{"self":[{"href":"https:\/\/evocert.pl\/tr\/wp-json\/wp\/v2\/pages\/4598","targetHints":{"allow":["GET"]}}],"collection":[{"href":"https:\/\/evocert.pl\/tr\/wp-json\/wp\/v2\/pages"}],"about":[{"href":"https:\/\/evocert.pl\/tr\/wp-json\/wp\/v2\/types\/page"}],"author":[{"embeddable":true,"href":"https:\/\/evocert.pl\/tr\/wp-json\/wp\/v2\/users\/2"}],"replies":[{"embeddable":true,"href":"https:\/\/evocert.pl\/tr\/wp-json\/wp\/v2\/comments?post=4598"}],"version-history":[{"count":9,"href":"https:\/\/evocert.pl\/tr\/wp-json\/wp\/v2\/pages\/4598\/revisions"}],"predecessor-version":[{"id":4749,"href":"https:\/\/evocert.pl\/tr\/wp-json\/wp\/v2\/pages\/4598\/revisions\/4749"}],"wp:attachment":[{"href":"https:\/\/evocert.pl\/tr\/wp-json\/wp\/v2\/media?parent=4598"}],"curies":[{"name":"wp","href":"https:\/\/api.w.org\/{rel}","templated":true}]}}