{"id":3253,"date":"2025-01-17T11:58:13","date_gmt":"2025-01-17T10:58:13","guid":{"rendered":"https:\/\/evocert.pl\/?page_id=3253"},"modified":"2025-12-17T09:02:57","modified_gmt":"2025-12-17T08:02:57","slug":"redcert-inne-informacje","status":"publish","type":"page","link":"https:\/\/evocert.pl\/tr\/redcert-inne-informacje\/","title":{"rendered":"REDcert EU \u2013 di\u011fer bilgiler"},"content":{"rendered":"<h2 class=\"wp-block-heading has-custom-logo-color has-text-color has-link-color has-medium-font-size wp-elements-23d056114d63c21d6ead5507dab72353\">Faydal\u0131 ba\u011flant\u0131lar:<\/h2>\n\n\n\n<ul class=\"wp-block-list\">\n<li class=\"has-small-font-size\"><mark style=\"background-color:rgba(0, 0, 0, 0);color:#000000\" class=\"has-inline-color\">REDcert sistem dok\u00fcmanlar\u0131na ba\u011flant\u0131: <\/mark><a href=\"https:\/\/www.redcert.org\/pl\/redcert-systeme-pl\/systemdokumente-pl.html \"><mark style=\"background-color:rgba(0, 0, 0, 0)\" class=\"has-inline-color has-custom-logo-color\">https:\/\/www.redcert.org\/pl\/redcert-systeme-pl\/systemdokumente-pl.html <\/mark><\/a><\/li>\n\n\n\n<li class=\"has-small-font-size\">REDcert web sitesine ba\u011flant\u0131: <a href=\"https:\/\/www.redcert.org\/pl\/\" target=\"_blank\" rel=\"noreferrer noopener\"><mark style=\"background-color:rgba(0, 0, 0, 0)\" class=\"has-inline-color has-custom-logo-color\">https:\/\/www.redcert.org\/pl\/<\/mark><\/a><\/li>\n\n\n\n<li class=\"has-small-font-size\">REDcert veritaban\u0131na kay\u0131t ba\u011flant\u0131s\u0131: <a href=\"https:\/\/redcert.eu\/RegistrierungSystemAuswahl.aspx\" target=\"_blank\" rel=\"noreferrer noopener\"><mark style=\"background-color:rgba(0, 0, 0, 0)\" class=\"has-inline-color has-custom-logo-color\">https:\/\/redcert.eu\/RegistrierungSystemAuswahl.aspx<\/mark><\/a><\/li>\n\n\n\n<li class=\"has-small-font-size\">Verilen sertifikalar i\u00e7in arama sayfas\u0131 ba\u011flant\u0131s\u0131: <a href=\"https:\/\/redcert.eu\/ZertifikateDatenAnzeige.aspx\" target=\"_blank\" rel=\"noreferrer noopener\"><mark style=\"background-color:rgba(0, 0, 0, 0)\" class=\"has-inline-color has-custom-logo-color\">https:\/\/redcert.eu\/ZertifikateDatenAnzeige.aspx<\/mark><\/a><\/li>\n<\/ul>","protected":false},"excerpt":{"rendered":"<p>Faydal\u0131 ba\u011flant\u0131lar:<\/p>","protected":false},"author":2,"featured_media":0,"parent":0,"menu_order":0,"comment_status":"closed","ping_status":"closed","template":"wp-custom-template-oferta-re-dcert-pe-nomocnictwo","meta":{"footnotes":""},"class_list":["post-3253","page","type-page","status-publish","hentry"],"yoast_head":"<!-- This site is optimized with the Yoast SEO plugin v27.5 - https:\/\/yoast.com\/product\/yoast-seo-wordpress\/ -->\n<title>REDcert EU - inne informacje - EVOCERT<\/title>\n<meta name=\"robots\" content=\"index, follow, max-snippet:-1, max-image-preview:large, max-video-preview:-1\" \/>\n<link rel=\"canonical\" href=\"https:\/\/evocert.pl\/tr\/redcert-inne-informacje\/\" \/>\n<meta property=\"og:locale\" content=\"tr_TR\" \/>\n<meta property=\"og:type\" content=\"article\" \/>\n<meta property=\"og:title\" content=\"REDcert EU - inne informacje - EVOCERT\" \/>\n<meta property=\"og:description\" content=\"Przydatne linki:\" \/>\n<meta property=\"og:url\" content=\"https:\/\/evocert.pl\/tr\/redcert-inne-informacje\/\" \/>\n<meta property=\"og:site_name\" content=\"EVOCERT\" \/>\n<meta property=\"article:modified_time\" content=\"2025-12-17T08:02:57+00:00\" \/>\n<meta property=\"og:image\" content=\"https:\/\/evocert.pl\/wp-content\/uploads\/2025\/01\/EVOCERT_logo_KOLOR_PNG.png\" \/>\n\t<meta property=\"og:image:width\" content=\"378\" \/>\n\t<meta property=\"og:image:height\" content=\"378\" \/>\n\t<meta property=\"og:image:type\" content=\"image\/png\" \/>\n<meta name=\"twitter:card\" content=\"summary_large_image\" \/>\n<meta name=\"twitter:label1\" content=\"Tahmini okuma s\u00fcresi\" \/>\n\t<meta name=\"twitter:data1\" content=\"1 dakika\" \/>\n<script type=\"application\/ld+json\" class=\"yoast-schema-graph\">{\"@context\":\"https:\\\/\\\/schema.org\",\"@graph\":[{\"@type\":\"WebPage\",\"@id\":\"https:\\\/\\\/evocert.pl\\\/redcert-inne-informacje\\\/\",\"url\":\"https:\\\/\\\/evocert.pl\\\/redcert-inne-informacje\\\/\",\"name\":\"REDcert EU - inne informacje - EVOCERT\",\"isPartOf\":{\"@id\":\"https:\\\/\\\/evocert.pl\\\/en\\\/#website\"},\"datePublished\":\"2025-01-17T10:58:13+00:00\",\"dateModified\":\"2025-12-17T08:02:57+00:00\",\"breadcrumb\":{\"@id\":\"https:\\\/\\\/evocert.pl\\\/redcert-inne-informacje\\\/#breadcrumb\"},\"inLanguage\":\"tr\",\"potentialAction\":[{\"@type\":\"ReadAction\",\"target\":[\"https:\\\/\\\/evocert.pl\\\/redcert-inne-informacje\\\/\"]}]},{\"@type\":\"BreadcrumbList\",\"@id\":\"https:\\\/\\\/evocert.pl\\\/redcert-inne-informacje\\\/#breadcrumb\",\"itemListElement\":[{\"@type\":\"ListItem\",\"position\":1,\"name\":\"Strona g\u0142\u00f3wna\",\"item\":\"https:\\\/\\\/evocert.pl\\\/en\\\/\"},{\"@type\":\"ListItem\",\"position\":2,\"name\":\"REDcert EU &#8211; inne informacje\"}]},{\"@type\":\"WebSite\",\"@id\":\"https:\\\/\\\/evocert.pl\\\/en\\\/#website\",\"url\":\"https:\\\/\\\/evocert.pl\\\/en\\\/\",\"name\":\"EVOCERT\",\"description\":\"Evolution in certification\",\"publisher\":{\"@id\":\"https:\\\/\\\/evocert.pl\\\/en\\\/#organization\"},\"potentialAction\":[{\"@type\":\"SearchAction\",\"target\":{\"@type\":\"EntryPoint\",\"urlTemplate\":\"https:\\\/\\\/evocert.pl\\\/en\\\/?s={search_term_string}\"},\"query-input\":{\"@type\":\"PropertyValueSpecification\",\"valueRequired\":true,\"valueName\":\"search_term_string\"}}],\"inLanguage\":\"tr\"},{\"@type\":\"Organization\",\"@id\":\"https:\\\/\\\/evocert.pl\\\/en\\\/#organization\",\"name\":\"EVOCERT\",\"url\":\"https:\\\/\\\/evocert.pl\\\/en\\\/\",\"logo\":{\"@type\":\"ImageObject\",\"inLanguage\":\"tr\",\"@id\":\"https:\\\/\\\/evocert.pl\\\/en\\\/#\\\/schema\\\/logo\\\/image\\\/\",\"url\":\"https:\\\/\\\/evocert.pl\\\/wp-content\\\/uploads\\\/2025\\\/01\\\/EVOCERT_logo_KOLOR_PNG.png\",\"contentUrl\":\"https:\\\/\\\/evocert.pl\\\/wp-content\\\/uploads\\\/2025\\\/01\\\/EVOCERT_logo_KOLOR_PNG.png\",\"width\":378,\"height\":378,\"caption\":\"EVOCERT\"},\"image\":{\"@id\":\"https:\\\/\\\/evocert.pl\\\/en\\\/#\\\/schema\\\/logo\\\/image\\\/\"},\"sameAs\":[\"https:\\\/\\\/www.linkedin.com\\\/company\\\/evocert-sp-z-o-o\"]}]}<\/script>\n<!-- \/ Yoast SEO plugin. -->","yoast_head_json":{"title":"REDcert EU - inne informacje - EVOCERT","robots":{"index":"index","follow":"follow","max-snippet":"max-snippet:-1","max-image-preview":"max-image-preview:large","max-video-preview":"max-video-preview:-1"},"canonical":"https:\/\/evocert.pl\/tr\/redcert-inne-informacje\/","og_locale":"tr_TR","og_type":"article","og_title":"REDcert EU - inne informacje - EVOCERT","og_description":"Przydatne linki:","og_url":"https:\/\/evocert.pl\/tr\/redcert-inne-informacje\/","og_site_name":"EVOCERT","article_modified_time":"2025-12-17T08:02:57+00:00","og_image":[{"width":378,"height":378,"url":"https:\/\/evocert.pl\/wp-content\/uploads\/2025\/01\/EVOCERT_logo_KOLOR_PNG.png","type":"image\/png"}],"twitter_card":"summary_large_image","twitter_misc":{"Tahmini okuma s\u00fcresi":"1 dakika"},"schema":{"@context":"https:\/\/schema.org","@graph":[{"@type":"WebPage","@id":"https:\/\/evocert.pl\/redcert-inne-informacje\/","url":"https:\/\/evocert.pl\/redcert-inne-informacje\/","name":"REDcert EU - inne informacje - EVOCERT","isPartOf":{"@id":"https:\/\/evocert.pl\/en\/#website"},"datePublished":"2025-01-17T10:58:13+00:00","dateModified":"2025-12-17T08:02:57+00:00","breadcrumb":{"@id":"https:\/\/evocert.pl\/redcert-inne-informacje\/#breadcrumb"},"inLanguage":"tr","potentialAction":[{"@type":"ReadAction","target":["https:\/\/evocert.pl\/redcert-inne-informacje\/"]}]},{"@type":"BreadcrumbList","@id":"https:\/\/evocert.pl\/redcert-inne-informacje\/#breadcrumb","itemListElement":[{"@type":"ListItem","position":1,"name":"Strona g\u0142\u00f3wna","item":"https:\/\/evocert.pl\/en\/"},{"@type":"ListItem","position":2,"name":"REDcert EU &#8211; inne informacje"}]},{"@type":"WebSite","@id":"https:\/\/evocert.pl\/en\/#website","url":"https:\/\/evocert.pl\/en\/","name":"EVOCERT","description":"Evolution in certification","publisher":{"@id":"https:\/\/evocert.pl\/en\/#organization"},"potentialAction":[{"@type":"SearchAction","target":{"@type":"EntryPoint","urlTemplate":"https:\/\/evocert.pl\/en\/?s={search_term_string}"},"query-input":{"@type":"PropertyValueSpecification","valueRequired":true,"valueName":"search_term_string"}}],"inLanguage":"tr"},{"@type":"Organization","@id":"https:\/\/evocert.pl\/en\/#organization","name":"EVOCERT","url":"https:\/\/evocert.pl\/en\/","logo":{"@type":"ImageObject","inLanguage":"tr","@id":"https:\/\/evocert.pl\/en\/#\/schema\/logo\/image\/","url":"https:\/\/evocert.pl\/wp-content\/uploads\/2025\/01\/EVOCERT_logo_KOLOR_PNG.png","contentUrl":"https:\/\/evocert.pl\/wp-content\/uploads\/2025\/01\/EVOCERT_logo_KOLOR_PNG.png","width":378,"height":378,"caption":"EVOCERT"},"image":{"@id":"https:\/\/evocert.pl\/en\/#\/schema\/logo\/image\/"},"sameAs":["https:\/\/www.linkedin.com\/company\/evocert-sp-z-o-o"]}]}},"_links":{"self":[{"href":"https:\/\/evocert.pl\/tr\/wp-json\/wp\/v2\/pages\/3253","targetHints":{"allow":["GET"]}}],"collection":[{"href":"https:\/\/evocert.pl\/tr\/wp-json\/wp\/v2\/pages"}],"about":[{"href":"https:\/\/evocert.pl\/tr\/wp-json\/wp\/v2\/types\/page"}],"author":[{"embeddable":true,"href":"https:\/\/evocert.pl\/tr\/wp-json\/wp\/v2\/users\/2"}],"replies":[{"embeddable":true,"href":"https:\/\/evocert.pl\/tr\/wp-json\/wp\/v2\/comments?post=3253"}],"version-history":[{"count":5,"href":"https:\/\/evocert.pl\/tr\/wp-json\/wp\/v2\/pages\/3253\/revisions"}],"predecessor-version":[{"id":5253,"href":"https:\/\/evocert.pl\/tr\/wp-json\/wp\/v2\/pages\/3253\/revisions\/5253"}],"wp:attachment":[{"href":"https:\/\/evocert.pl\/tr\/wp-json\/wp\/v2\/media?parent=3253"}],"curies":[{"name":"wp","href":"https:\/\/api.w.org\/{rel}","templated":true}]}}