{"id":3250,"date":"2025-01-17T11:58:03","date_gmt":"2025-01-17T10:58:03","guid":{"rendered":"https:\/\/evocert.pl\/?page_id=3250"},"modified":"2025-12-17T09:02:33","modified_gmt":"2025-12-17T08:02:33","slug":"redcert-certyfikacja-z-evocert","status":"publish","type":"page","link":"https:\/\/evocert.pl\/tr\/redcert-certyfikacja-z-evocert\/","title":{"rendered":"REDcert EU \u2013 EVOCERT ile sertifikasyon"},"content":{"rendered":"<h2 class=\"wp-block-heading has-custom-logo-color has-text-color has-link-color has-medium-font-size wp-elements-b6885664cbb567667613524f29a93637\">EVOCERT Yetkilendirmesi<\/h2>\n\n\n\n<p class=\"has-small-font-size\">Belgelendirme kurulu\u015fu <strong>EVOCERT, REDcert EU sertifikasyonunu <\/strong>y\u00fcr\u00fctmek \u00fczere yetkilendirilmi\u015f olup, onayl\u0131 belgelendirme kurulu\u015flar\u0131n\u0131n resm\u00ee <a href=\"https:\/\/www.redcert.org\/pl\/certyfikacja\/dopuszczone-jednostki-certyfikujace\/\"><mark style=\"background-color:rgba(0, 0, 0, 0)\" class=\"has-inline-color has-custom-logo-color\">listesine dahil edilmi\u015ftir<\/mark><\/a>.<\/p>\n\n\n\n<hr class=\"wp-block-separator has-text-color has-custom-logo-color has-alpha-channel-opacity has-custom-logo-background-color has-background is-style-wide\" style=\"margin-top:var(--wp--preset--spacing--60);margin-bottom:var(--wp--preset--spacing--60)\"\/>\n\n\n\n<h2 class=\"wp-block-heading has-custom-logo-color has-text-color has-link-color has-medium-font-size wp-elements-f9ebe012742a12b21b03fb503f7abfcd translation-block\">Gerekliliklerin g\u00fcncellenmesi<\/h2>\n\n\n\n<p class=\"has-small-font-size translation-block\">RED III gerekliliklerinin y\u00fcr\u00fcrl\u00fc\u011fe girmesiyle ba\u011flant\u0131l\u0131 olarak, sistem y\u00f6neticisinin portal\u0131nda yay\u0131mlanan yeni ba\u015fvuru formlar\u0131n\u0131 incelemenizi rica ederiz.\nBu formlar 21.05.2025 tarihinden itibaren zorunludur.<\/p>\n\n\n\n<hr class=\"wp-block-separator has-text-color has-custom-logo-color has-alpha-channel-opacity has-custom-logo-background-color has-background is-style-wide\" style=\"margin-top:var(--wp--preset--spacing--60);margin-bottom:var(--wp--preset--spacing--60)\"\/>\n\n\n\n<h2 class=\"wp-block-heading has-custom-logo-color has-text-color has-link-color has-medium-font-size wp-elements-cf45824383f605640280bcf44424fbb8\">REDcert EU sertifikasyonu ne kadara mal olur?<\/h2>\n\n\n\n<p class=\"has-small-font-size\">REDcert EU sertifikasyonunun maliyeti; faaliyetlerin \u00f6l\u00e7e\u011fi ve \u015firketinizdeki s\u00fcre\u00e7lerin karma\u015f\u0131kl\u0131k d\u00fczeyi gibi \u00e7e\u015fitli fakt\u00f6rlere ba\u011fl\u0131d\u0131r. \u0130htiya\u00e7lar\u0131n\u0131za \u00f6zel olarak haz\u0131rlanm\u0131\u015f bireysel ve ba\u011flay\u0131c\u0131 olmayan bir teklif sunmaktan memnuniyet duyar\u0131z.<\/p>\n\n\n\n<hr class=\"wp-block-separator has-text-color has-custom-logo-color has-alpha-channel-opacity has-custom-logo-background-color has-background is-style-wide\" style=\"margin-top:var(--wp--preset--spacing--60);margin-bottom:var(--wp--preset--spacing--60)\"\/>\n\n\n\n<div class=\"wp-block-group is-vertical is-content-justification-stretch is-layout-flex wp-container-core-group-is-layout-353c4f5a wp-block-group-is-layout-flex\">\n<h2 class=\"wp-block-heading has-custom-logo-color has-text-color has-link-color has-medium-font-size wp-elements-cf5346ce0a7125c6c2c669eba160c962\">\u0130lgileniyor musunuz?<\/h2>\n\n\n\n<p class=\"has-small-font-size\" style=\"padding-bottom:var(--wp--preset--spacing--40);line-height:1.7\">EVOCERT, size \u00f6zel bir teklif haz\u0131rlamaktan ve t\u00fcm sorular\u0131n\u0131z\u0131 yan\u0131tlamaktan memnuniyet duyar!<\/p>\n\n\n\n<div class=\"wp-block-buttons is-content-justification-center is-layout-flex wp-container-core-buttons-is-layout-c304233e wp-block-buttons-is-layout-flex\" style=\"margin-top:var(--wp--preset--spacing--20);margin-bottom:var(--wp--preset--spacing--30)\">\n<div class=\"wp-block-button has-custom-font-size has-body-text-font-size\"><a class=\"wp-block-button__link has-foreground-color has-custom-logo-background-color has-text-color has-background has-link-color wp-element-button\" href=\"http:\/\/evocert.pl\/tr\/?page_id=308\" style=\"padding-top:0.85rem;padding-right:2rem;padding-bottom:0.85rem;padding-left:2rem\"><strong>Bize Ula\u015f\u0131n<\/strong><\/a><\/div>\n<\/div>\n<\/div>","protected":false},"excerpt":{"rendered":"<p>Upowa\u017cnienie EVOCERT Jednostka certyfikuj\u0105ca EVOCERT zosta\u0142a upowa\u017cniona do prowadzenia certyfikacji REDcert EU i wpisana na oficjaln\u0105 list\u0119 dopuszczonych jednostek certyfikuj\u0105cych. Aktualizacja wymaga\u0144 W zwi\u0105zku z wej\u015bciem w \u017cycie wymaga\u0144 REDIII prosimy o zapoznanie si\u0119 z nowymi formularzami, kt\u00f3re s\u0105 zamieszczone na portalu administratora systemu i obowi\u0105zuj\u0105 od 21.05.2025 roku. Ile kosztuje certyfikacja REDcert EU? Koszt [&hellip;]<\/p>\n","protected":false},"author":2,"featured_media":0,"parent":0,"menu_order":0,"comment_status":"closed","ping_status":"closed","template":"wp-custom-template-oferta-re-dcert-wnioski","meta":{"footnotes":""},"class_list":["post-3250","page","type-page","status-publish","hentry"],"yoast_head":"<!-- This site is optimized with the Yoast SEO plugin v27.5 - https:\/\/yoast.com\/product\/yoast-seo-wordpress\/ -->\n<title>REDcert EU - certyfikacja z EVOCERT - EVOCERT<\/title>\n<meta name=\"robots\" content=\"index, follow, max-snippet:-1, max-image-preview:large, max-video-preview:-1\" \/>\n<link rel=\"canonical\" href=\"https:\/\/evocert.pl\/tr\/redcert-certyfikacja-z-evocert\/\" \/>\n<meta property=\"og:locale\" content=\"tr_TR\" \/>\n<meta property=\"og:type\" content=\"article\" \/>\n<meta property=\"og:title\" content=\"REDcert EU - certyfikacja z EVOCERT - EVOCERT\" \/>\n<meta property=\"og:description\" content=\"Upowa\u017cnienie EVOCERT Jednostka certyfikuj\u0105ca EVOCERT zosta\u0142a upowa\u017cniona do prowadzenia certyfikacji REDcert EU i wpisana na oficjaln\u0105 list\u0119 dopuszczonych jednostek certyfikuj\u0105cych. Aktualizacja wymaga\u0144 W zwi\u0105zku z wej\u015bciem w \u017cycie wymaga\u0144 REDIII prosimy o zapoznanie si\u0119 z nowymi formularzami, kt\u00f3re s\u0105 zamieszczone na portalu administratora systemu i obowi\u0105zuj\u0105 od 21.05.2025 roku. Ile kosztuje certyfikacja REDcert EU? Koszt [&hellip;]\" \/>\n<meta property=\"og:url\" content=\"https:\/\/evocert.pl\/tr\/redcert-certyfikacja-z-evocert\/\" \/>\n<meta property=\"og:site_name\" content=\"EVOCERT\" \/>\n<meta property=\"article:modified_time\" content=\"2025-12-17T08:02:33+00:00\" \/>\n<meta property=\"og:image\" content=\"https:\/\/evocert.pl\/wp-content\/uploads\/2025\/01\/EVOCERT_logo_KOLOR_PNG.png\" \/>\n\t<meta property=\"og:image:width\" content=\"378\" \/>\n\t<meta property=\"og:image:height\" content=\"378\" \/>\n\t<meta property=\"og:image:type\" content=\"image\/png\" \/>\n<meta name=\"twitter:card\" content=\"summary_large_image\" \/>\n<script type=\"application\/ld+json\" class=\"yoast-schema-graph\">{\"@context\":\"https:\\\/\\\/schema.org\",\"@graph\":[{\"@type\":\"WebPage\",\"@id\":\"https:\\\/\\\/evocert.pl\\\/redcert-certyfikacja-z-evocert\\\/\",\"url\":\"https:\\\/\\\/evocert.pl\\\/redcert-certyfikacja-z-evocert\\\/\",\"name\":\"REDcert EU - certyfikacja z EVOCERT - EVOCERT\",\"isPartOf\":{\"@id\":\"https:\\\/\\\/evocert.pl\\\/en\\\/#website\"},\"datePublished\":\"2025-01-17T10:58:03+00:00\",\"dateModified\":\"2025-12-17T08:02:33+00:00\",\"breadcrumb\":{\"@id\":\"https:\\\/\\\/evocert.pl\\\/redcert-certyfikacja-z-evocert\\\/#breadcrumb\"},\"inLanguage\":\"tr\",\"potentialAction\":[{\"@type\":\"ReadAction\",\"target\":[\"https:\\\/\\\/evocert.pl\\\/redcert-certyfikacja-z-evocert\\\/\"]}]},{\"@type\":\"BreadcrumbList\",\"@id\":\"https:\\\/\\\/evocert.pl\\\/redcert-certyfikacja-z-evocert\\\/#breadcrumb\",\"itemListElement\":[{\"@type\":\"ListItem\",\"position\":1,\"name\":\"Strona g\u0142\u00f3wna\",\"item\":\"https:\\\/\\\/evocert.pl\\\/en\\\/\"},{\"@type\":\"ListItem\",\"position\":2,\"name\":\"REDcert EU &#8211; certyfikacja z EVOCERT\"}]},{\"@type\":\"WebSite\",\"@id\":\"https:\\\/\\\/evocert.pl\\\/en\\\/#website\",\"url\":\"https:\\\/\\\/evocert.pl\\\/en\\\/\",\"name\":\"EVOCERT\",\"description\":\"Evolution in certification\",\"publisher\":{\"@id\":\"https:\\\/\\\/evocert.pl\\\/en\\\/#organization\"},\"potentialAction\":[{\"@type\":\"SearchAction\",\"target\":{\"@type\":\"EntryPoint\",\"urlTemplate\":\"https:\\\/\\\/evocert.pl\\\/en\\\/?s={search_term_string}\"},\"query-input\":{\"@type\":\"PropertyValueSpecification\",\"valueRequired\":true,\"valueName\":\"search_term_string\"}}],\"inLanguage\":\"tr\"},{\"@type\":\"Organization\",\"@id\":\"https:\\\/\\\/evocert.pl\\\/en\\\/#organization\",\"name\":\"EVOCERT\",\"url\":\"https:\\\/\\\/evocert.pl\\\/en\\\/\",\"logo\":{\"@type\":\"ImageObject\",\"inLanguage\":\"tr\",\"@id\":\"https:\\\/\\\/evocert.pl\\\/en\\\/#\\\/schema\\\/logo\\\/image\\\/\",\"url\":\"https:\\\/\\\/evocert.pl\\\/wp-content\\\/uploads\\\/2025\\\/01\\\/EVOCERT_logo_KOLOR_PNG.png\",\"contentUrl\":\"https:\\\/\\\/evocert.pl\\\/wp-content\\\/uploads\\\/2025\\\/01\\\/EVOCERT_logo_KOLOR_PNG.png\",\"width\":378,\"height\":378,\"caption\":\"EVOCERT\"},\"image\":{\"@id\":\"https:\\\/\\\/evocert.pl\\\/en\\\/#\\\/schema\\\/logo\\\/image\\\/\"},\"sameAs\":[\"https:\\\/\\\/www.linkedin.com\\\/company\\\/evocert-sp-z-o-o\"]}]}<\/script>\n<!-- \/ Yoast SEO plugin. -->","yoast_head_json":{"title":"REDcert EU - certyfikacja z EVOCERT - EVOCERT","robots":{"index":"index","follow":"follow","max-snippet":"max-snippet:-1","max-image-preview":"max-image-preview:large","max-video-preview":"max-video-preview:-1"},"canonical":"https:\/\/evocert.pl\/tr\/redcert-certyfikacja-z-evocert\/","og_locale":"tr_TR","og_type":"article","og_title":"REDcert EU - certyfikacja z EVOCERT - EVOCERT","og_description":"Upowa\u017cnienie EVOCERT Jednostka certyfikuj\u0105ca EVOCERT zosta\u0142a upowa\u017cniona do prowadzenia certyfikacji REDcert EU i wpisana na oficjaln\u0105 list\u0119 dopuszczonych jednostek certyfikuj\u0105cych. Aktualizacja wymaga\u0144 W zwi\u0105zku z wej\u015bciem w \u017cycie wymaga\u0144 REDIII prosimy o zapoznanie si\u0119 z nowymi formularzami, kt\u00f3re s\u0105 zamieszczone na portalu administratora systemu i obowi\u0105zuj\u0105 od 21.05.2025 roku. Ile kosztuje certyfikacja REDcert EU? Koszt [&hellip;]","og_url":"https:\/\/evocert.pl\/tr\/redcert-certyfikacja-z-evocert\/","og_site_name":"EVOCERT","article_modified_time":"2025-12-17T08:02:33+00:00","og_image":[{"width":378,"height":378,"url":"https:\/\/evocert.pl\/wp-content\/uploads\/2025\/01\/EVOCERT_logo_KOLOR_PNG.png","type":"image\/png"}],"twitter_card":"summary_large_image","schema":{"@context":"https:\/\/schema.org","@graph":[{"@type":"WebPage","@id":"https:\/\/evocert.pl\/redcert-certyfikacja-z-evocert\/","url":"https:\/\/evocert.pl\/redcert-certyfikacja-z-evocert\/","name":"REDcert EU - certyfikacja z EVOCERT - EVOCERT","isPartOf":{"@id":"https:\/\/evocert.pl\/en\/#website"},"datePublished":"2025-01-17T10:58:03+00:00","dateModified":"2025-12-17T08:02:33+00:00","breadcrumb":{"@id":"https:\/\/evocert.pl\/redcert-certyfikacja-z-evocert\/#breadcrumb"},"inLanguage":"tr","potentialAction":[{"@type":"ReadAction","target":["https:\/\/evocert.pl\/redcert-certyfikacja-z-evocert\/"]}]},{"@type":"BreadcrumbList","@id":"https:\/\/evocert.pl\/redcert-certyfikacja-z-evocert\/#breadcrumb","itemListElement":[{"@type":"ListItem","position":1,"name":"Strona g\u0142\u00f3wna","item":"https:\/\/evocert.pl\/en\/"},{"@type":"ListItem","position":2,"name":"REDcert EU &#8211; certyfikacja z EVOCERT"}]},{"@type":"WebSite","@id":"https:\/\/evocert.pl\/en\/#website","url":"https:\/\/evocert.pl\/en\/","name":"EVOCERT","description":"Evolution in certification","publisher":{"@id":"https:\/\/evocert.pl\/en\/#organization"},"potentialAction":[{"@type":"SearchAction","target":{"@type":"EntryPoint","urlTemplate":"https:\/\/evocert.pl\/en\/?s={search_term_string}"},"query-input":{"@type":"PropertyValueSpecification","valueRequired":true,"valueName":"search_term_string"}}],"inLanguage":"tr"},{"@type":"Organization","@id":"https:\/\/evocert.pl\/en\/#organization","name":"EVOCERT","url":"https:\/\/evocert.pl\/en\/","logo":{"@type":"ImageObject","inLanguage":"tr","@id":"https:\/\/evocert.pl\/en\/#\/schema\/logo\/image\/","url":"https:\/\/evocert.pl\/wp-content\/uploads\/2025\/01\/EVOCERT_logo_KOLOR_PNG.png","contentUrl":"https:\/\/evocert.pl\/wp-content\/uploads\/2025\/01\/EVOCERT_logo_KOLOR_PNG.png","width":378,"height":378,"caption":"EVOCERT"},"image":{"@id":"https:\/\/evocert.pl\/en\/#\/schema\/logo\/image\/"},"sameAs":["https:\/\/www.linkedin.com\/company\/evocert-sp-z-o-o"]}]}},"_links":{"self":[{"href":"https:\/\/evocert.pl\/tr\/wp-json\/wp\/v2\/pages\/3250","targetHints":{"allow":["GET"]}}],"collection":[{"href":"https:\/\/evocert.pl\/tr\/wp-json\/wp\/v2\/pages"}],"about":[{"href":"https:\/\/evocert.pl\/tr\/wp-json\/wp\/v2\/types\/page"}],"author":[{"embeddable":true,"href":"https:\/\/evocert.pl\/tr\/wp-json\/wp\/v2\/users\/2"}],"replies":[{"embeddable":true,"href":"https:\/\/evocert.pl\/tr\/wp-json\/wp\/v2\/comments?post=3250"}],"version-history":[{"count":7,"href":"https:\/\/evocert.pl\/tr\/wp-json\/wp\/v2\/pages\/3250\/revisions"}],"predecessor-version":[{"id":5252,"href":"https:\/\/evocert.pl\/tr\/wp-json\/wp\/v2\/pages\/3250\/revisions\/5252"}],"wp:attachment":[{"href":"https:\/\/evocert.pl\/tr\/wp-json\/wp\/v2\/media?parent=3250"}],"curies":[{"name":"wp","href":"https:\/\/api.w.org\/{rel}","templated":true}]}}