{"id":3247,"date":"2025-01-17T11:57:47","date_gmt":"2025-01-17T10:57:47","guid":{"rendered":"https:\/\/evocert.pl\/?page_id=3247"},"modified":"2025-12-17T09:01:57","modified_gmt":"2025-12-17T08:01:57","slug":"redcert-krok-po-kroku","status":"publish","type":"page","link":"https:\/\/evocert.pl\/tr\/redcert-krok-po-kroku\/","title":{"rendered":"REDcert EU \u2013 sertifikasyon s\u00fcreci ad\u0131m ad\u0131m"},"content":{"rendered":"<h2 class=\"wp-block-heading has-custom-logo-color has-text-color has-link-color has-medium-font-size wp-elements-fc7a4e7f9b966171e83fd4c878931adf\">1. REDcert EU sistemine ba\u015fvuru<\/h2>\n\n\n\n<p class=\"has-small-font-size\">\u015eirket, REDcert EU sistemine kat\u0131lma niyetini beyan eder.\nBa\u015fvuru formu a\u015fa\u011f\u0131daki internet adresinde doldurulur: <a href=\"https:\/\/redcert.eu\/RegistrierungSystemAuswahl.aspx\"><mark style=\"background-color:rgba(0, 0, 0, 0)\" class=\"has-inline-color has-custom-logo-color\">https:\/\/redcert.eu\/RegistrierungSystemAuswahl.aspx<\/mark><\/a>&nbsp;ve standart sahibine ait kat\u0131l\u0131m s\u00f6zle\u015fmesi imzalan\u0131r.<\/p>\n\n\n\n<hr class=\"wp-block-separator has-text-color has-custom-logo-color has-alpha-channel-opacity has-custom-logo-background-color has-background is-style-wide\" style=\"margin-top:var(--wp--preset--spacing--60);margin-bottom:var(--wp--preset--spacing--60)\"\/>\n\n\n\n<h2 class=\"wp-block-heading has-custom-logo-color has-text-color has-link-color has-medium-font-size wp-elements-781404d7b7780e6d1bc82d4434222aeb\">2. EVOCERT ile ileti\u015fim<\/h2>\n\n\n\n<p class=\"has-small-font-size\">\u015eirket, ba\u015fvuru dosyas\u0131n\u0131n tamamlanmas\u0131 ve REDcert EU gerekliliklerine uygunluk de\u011ferlendirme s\u00fcrecinin y\u00fcr\u00fct\u00fclmesine ili\u015fkin sertifikasyon s\u00f6zle\u015fmesinin imzalanmas\u0131 amac\u0131yla EVOCERT ile ileti\u015fime ge\u00e7er.<\/p>\n\n\n\n<hr class=\"wp-block-separator has-text-color has-custom-logo-color has-alpha-channel-opacity has-custom-logo-background-color has-background is-style-wide\" style=\"margin-top:var(--wp--preset--spacing--60);margin-bottom:var(--wp--preset--spacing--60)\"\/>\n\n\n\n<h2 class=\"wp-block-heading has-custom-logo-color has-text-color has-link-color has-medium-font-size wp-elements-213d3977168f197659cc3c6cb927b397\">3. Denetime haz\u0131rl\u0131k<\/h2>\n\n\n\n<p class=\"has-small-font-size\">\u015eirket gerekli dok\u00fcmantasyonu haz\u0131rlar; buna hammadde kay\u0131tlar\u0131, sera gaz\u0131 emisyonlar\u0131na ili\u015fkin veriler, arazi y\u00f6netimi, tedarik zinciri bilgileri, s\u00fcrd\u00fcr\u00fclebilirlik kriterlerine uygunluk vb. dahildir.<\/p>\n\n\n\n<hr class=\"wp-block-separator has-text-color has-custom-logo-color has-alpha-channel-opacity has-custom-logo-background-color has-background is-style-wide\" style=\"margin-top:var(--wp--preset--spacing--60);margin-bottom:var(--wp--preset--spacing--60)\"\/>\n\n\n\n<h2 class=\"wp-block-heading has-custom-logo-color has-text-color has-link-color has-medium-font-size wp-elements-ac5c9bf9a9ca99939d54ce3a39645ead\">4. Yerinde denetim<\/h2>\n\n\n\n<p class=\"has-small-font-size\">Denet\u00e7i, \u015firket merkezinde (gerekli durumlarda \u00fcretim veya depolama tesislerinde de) denetim ger\u00e7ekle\u015ftirir ve faaliyetlerin REDcert EU sisteminin gerekliliklerine uygunlu\u011funu do\u011frular.<\/p>\n\n\n\n<hr class=\"wp-block-separator has-text-color has-custom-logo-color has-alpha-channel-opacity has-custom-logo-background-color has-background is-style-wide\" style=\"margin-top:var(--wp--preset--spacing--60);margin-bottom:var(--wp--preset--spacing--60)\"\/>\n\n\n\n<h2 class=\"wp-block-heading has-custom-logo-color has-text-color has-link-color has-medium-font-size wp-elements-83280d56d7b104e631f4d9d7b80f6d97\">5. Denetim raporu ve uygunluk de\u011ferlendirmesi<\/h2>\n\n\n\n<p class=\"has-small-font-size\">Denetim sonucunda bir rapor haz\u0131rlan\u0131r. Uygunsuzluklar\u0131n tespit edilmesi halinde, sertifika d\u00fczenlenmeden \u00f6nce \u015firketin d\u00fczeltici faaliyetleri uygulamas\u0131 gerekmektedir.<\/p>\n\n\n\n<hr class=\"wp-block-separator has-text-color has-custom-logo-color has-alpha-channel-opacity has-custom-logo-background-color has-background is-style-wide\" style=\"margin-top:var(--wp--preset--spacing--60);margin-bottom:var(--wp--preset--spacing--60)\"\/>\n\n\n\n<h2 class=\"wp-block-heading has-custom-logo-color has-text-color has-link-color has-medium-font-size wp-elements-159801f407edc1556c5ce846a782a968\">6. REDcert sertifikas\u0131n\u0131n d\u00fczenlenmesi<\/h2>\n\n\n\n<p class=\"has-small-font-size\">Olumlu uygunluk de\u011ferlendirmesinin ard\u0131ndan, belgelendirme kurulu\u015fu 12 ay ge\u00e7erli olan REDcert EU sertifikas\u0131n\u0131 d\u00fczenler. Sertifika, <a href=\"https:\/\/redcert.eu\/ZertifikateDatenAnzeige.aspx\"><mark style=\"background-color:rgba(0, 0, 0, 0)\" class=\"has-inline-color has-custom-logo-color\">REDcert\u2019in internet sitesinde \u201cSertifikalar\u201d b\u00f6l\u00fcm\u00fcnde yay\u0131mlan\u0131r.<\/mark><\/a>.<\/p>\n\n\n\n<hr class=\"wp-block-separator has-text-color has-custom-logo-color has-alpha-channel-opacity has-custom-logo-background-color has-background is-style-wide\" style=\"margin-top:var(--wp--preset--spacing--60);margin-bottom:var(--wp--preset--spacing--60)\"\/>\n\n\n\n<h2 class=\"wp-block-heading has-custom-logo-color has-text-color has-link-color has-medium-font-size wp-elements-d1c0c9850d5b29d44c84501b684fbdb0\">7. Y\u0131ll\u0131k g\u00f6zetim denetimleri (yeniden sertifikasyon)<\/h2>\n\n\n\n<p class=\"has-small-font-size\">Sertifikasyonun devam\u0131 i\u00e7in \u015firket, sistem gerekliliklerinin s\u00fcrekli olarak kar\u015f\u0131land\u0131\u011f\u0131n\u0131 do\u011frulayan y\u0131ll\u0131k denetimlere tabi tutulur.<\/p>\n\n\n\n<hr class=\"wp-block-separator has-text-color has-custom-logo-color has-alpha-channel-opacity has-custom-logo-background-color has-background is-style-wide\" style=\"margin-top:var(--wp--preset--spacing--60);margin-bottom:var(--wp--preset--spacing--60)\"\/>\n\n\n\n<div class=\"wp-block-group is-vertical is-content-justification-stretch is-layout-flex wp-container-core-group-is-layout-353c4f5a wp-block-group-is-layout-flex\">\n<h2 class=\"wp-block-heading has-custom-logo-color has-text-color has-link-color has-medium-font-size wp-elements-6220a036404e1e175c1bdc39e07cf195\">Sertifikasyon s\u00fcrecine ba\u015flamaya haz\u0131r m\u0131s\u0131n\u0131z?<\/h2>\n\n\n\n<p class=\"has-small-font-size\" style=\"padding-bottom:var(--wp--preset--spacing--40);line-height:1.7\">EVOCERT size bir teklif haz\u0131rlamaktan ve sorular\u0131n\u0131z\u0131 yan\u0131tlamaktan mutluluk duyacakt\u0131r!<\/p>\n\n\n\n<div class=\"wp-block-buttons is-content-justification-center is-layout-flex wp-container-core-buttons-is-layout-c304233e wp-block-buttons-is-layout-flex\" style=\"margin-top:var(--wp--preset--spacing--20);margin-bottom:var(--wp--preset--spacing--30)\">\n<div class=\"wp-block-button has-custom-font-size has-body-text-font-size\"><a class=\"wp-block-button__link has-foreground-color has-custom-logo-background-color has-text-color has-background has-link-color wp-element-button\" href=\"http:\/\/evocert.pl\/tr\/?page_id=308\" style=\"padding-top:0.85rem;padding-right:2rem;padding-bottom:0.85rem;padding-left:2rem\"><strong>Bize Ula\u015f\u0131n<\/strong><\/a><\/div>\n<\/div>\n<\/div>","protected":false},"excerpt":{"rendered":"<p>1. Zg\u0142oszenie do systemu REDcert EU Przedsi\u0119biorstwo deklaruje ch\u0119\u0107 przyst\u0105pienia do systemu REDcert EU. Wype\u0142niany jest formularz zg\u0142oszeniowy na stronie internetowej po adresem https:\/\/redcert.eu\/RegistrierungSystemAuswahl.aspx&nbsp;i zawierana jest umowa uczestnictwa z w\u0142a\u015bcicielem standardu. 2. Kontakt z EVOCERT Firma kontaktuje si\u0119 z EVOCERT, w celu uzupe\u0142nienia wniosku aplikacyjnego i podpisania umowy certyfikacyjnej na przeprowadzenie procesu oceny zgodno\u015bci z [&hellip;]<\/p>\n","protected":false},"author":2,"featured_media":0,"parent":0,"menu_order":0,"comment_status":"closed","ping_status":"closed","template":"wp-custom-template-oferta-re-dcert-podstawy-prawne-wymagania","meta":{"footnotes":""},"class_list":["post-3247","page","type-page","status-publish","hentry"],"yoast_head":"<!-- This site is optimized with the Yoast SEO plugin v27.5 - https:\/\/yoast.com\/product\/yoast-seo-wordpress\/ -->\n<title>REDcert EU - proces certyfikacji krok po kroku - EVOCERT<\/title>\n<meta name=\"robots\" content=\"index, follow, max-snippet:-1, max-image-preview:large, max-video-preview:-1\" \/>\n<link rel=\"canonical\" href=\"https:\/\/evocert.pl\/tr\/redcert-krok-po-kroku\/\" \/>\n<meta property=\"og:locale\" content=\"tr_TR\" \/>\n<meta property=\"og:type\" content=\"article\" \/>\n<meta property=\"og:title\" content=\"REDcert EU - proces certyfikacji krok po kroku - EVOCERT\" \/>\n<meta property=\"og:description\" content=\"1. Zg\u0142oszenie do systemu REDcert EU Przedsi\u0119biorstwo deklaruje ch\u0119\u0107 przyst\u0105pienia do systemu REDcert EU. Wype\u0142niany jest formularz zg\u0142oszeniowy na stronie internetowej po adresem https:\/\/redcert.eu\/RegistrierungSystemAuswahl.aspx&nbsp;i zawierana jest umowa uczestnictwa z w\u0142a\u015bcicielem standardu. 2. Kontakt z EVOCERT Firma kontaktuje si\u0119 z EVOCERT, w celu uzupe\u0142nienia wniosku aplikacyjnego i podpisania umowy certyfikacyjnej na przeprowadzenie procesu oceny zgodno\u015bci z [&hellip;]\" \/>\n<meta property=\"og:url\" content=\"https:\/\/evocert.pl\/tr\/redcert-krok-po-kroku\/\" \/>\n<meta property=\"og:site_name\" content=\"EVOCERT\" \/>\n<meta property=\"article:modified_time\" content=\"2025-12-17T08:01:57+00:00\" \/>\n<meta property=\"og:image\" content=\"https:\/\/evocert.pl\/wp-content\/uploads\/2025\/01\/EVOCERT_logo_KOLOR_PNG.png\" \/>\n\t<meta property=\"og:image:width\" content=\"378\" \/>\n\t<meta property=\"og:image:height\" content=\"378\" \/>\n\t<meta property=\"og:image:type\" content=\"image\/png\" \/>\n<meta name=\"twitter:card\" content=\"summary_large_image\" \/>\n<meta name=\"twitter:label1\" content=\"Tahmini okuma s\u00fcresi\" \/>\n\t<meta name=\"twitter:data1\" content=\"3 dakika\" \/>\n<script type=\"application\/ld+json\" class=\"yoast-schema-graph\">{\"@context\":\"https:\\\/\\\/schema.org\",\"@graph\":[{\"@type\":\"WebPage\",\"@id\":\"https:\\\/\\\/evocert.pl\\\/redcert-krok-po-kroku\\\/\",\"url\":\"https:\\\/\\\/evocert.pl\\\/redcert-krok-po-kroku\\\/\",\"name\":\"REDcert EU - proces certyfikacji krok po kroku - EVOCERT\",\"isPartOf\":{\"@id\":\"https:\\\/\\\/evocert.pl\\\/en\\\/#website\"},\"datePublished\":\"2025-01-17T10:57:47+00:00\",\"dateModified\":\"2025-12-17T08:01:57+00:00\",\"breadcrumb\":{\"@id\":\"https:\\\/\\\/evocert.pl\\\/redcert-krok-po-kroku\\\/#breadcrumb\"},\"inLanguage\":\"tr\",\"potentialAction\":[{\"@type\":\"ReadAction\",\"target\":[\"https:\\\/\\\/evocert.pl\\\/redcert-krok-po-kroku\\\/\"]}]},{\"@type\":\"BreadcrumbList\",\"@id\":\"https:\\\/\\\/evocert.pl\\\/redcert-krok-po-kroku\\\/#breadcrumb\",\"itemListElement\":[{\"@type\":\"ListItem\",\"position\":1,\"name\":\"Strona g\u0142\u00f3wna\",\"item\":\"https:\\\/\\\/evocert.pl\\\/en\\\/\"},{\"@type\":\"ListItem\",\"position\":2,\"name\":\"REDcert EU &#8211; proces certyfikacji krok po kroku\"}]},{\"@type\":\"WebSite\",\"@id\":\"https:\\\/\\\/evocert.pl\\\/en\\\/#website\",\"url\":\"https:\\\/\\\/evocert.pl\\\/en\\\/\",\"name\":\"EVOCERT\",\"description\":\"Evolution in certification\",\"publisher\":{\"@id\":\"https:\\\/\\\/evocert.pl\\\/en\\\/#organization\"},\"potentialAction\":[{\"@type\":\"SearchAction\",\"target\":{\"@type\":\"EntryPoint\",\"urlTemplate\":\"https:\\\/\\\/evocert.pl\\\/en\\\/?s={search_term_string}\"},\"query-input\":{\"@type\":\"PropertyValueSpecification\",\"valueRequired\":true,\"valueName\":\"search_term_string\"}}],\"inLanguage\":\"tr\"},{\"@type\":\"Organization\",\"@id\":\"https:\\\/\\\/evocert.pl\\\/en\\\/#organization\",\"name\":\"EVOCERT\",\"url\":\"https:\\\/\\\/evocert.pl\\\/en\\\/\",\"logo\":{\"@type\":\"ImageObject\",\"inLanguage\":\"tr\",\"@id\":\"https:\\\/\\\/evocert.pl\\\/en\\\/#\\\/schema\\\/logo\\\/image\\\/\",\"url\":\"https:\\\/\\\/evocert.pl\\\/wp-content\\\/uploads\\\/2025\\\/01\\\/EVOCERT_logo_KOLOR_PNG.png\",\"contentUrl\":\"https:\\\/\\\/evocert.pl\\\/wp-content\\\/uploads\\\/2025\\\/01\\\/EVOCERT_logo_KOLOR_PNG.png\",\"width\":378,\"height\":378,\"caption\":\"EVOCERT\"},\"image\":{\"@id\":\"https:\\\/\\\/evocert.pl\\\/en\\\/#\\\/schema\\\/logo\\\/image\\\/\"},\"sameAs\":[\"https:\\\/\\\/www.linkedin.com\\\/company\\\/evocert-sp-z-o-o\"]}]}<\/script>\n<!-- \/ Yoast SEO plugin. -->","yoast_head_json":{"title":"REDcert EU - proces certyfikacji krok po kroku - EVOCERT","robots":{"index":"index","follow":"follow","max-snippet":"max-snippet:-1","max-image-preview":"max-image-preview:large","max-video-preview":"max-video-preview:-1"},"canonical":"https:\/\/evocert.pl\/tr\/redcert-krok-po-kroku\/","og_locale":"tr_TR","og_type":"article","og_title":"REDcert EU - proces certyfikacji krok po kroku - EVOCERT","og_description":"1. Zg\u0142oszenie do systemu REDcert EU Przedsi\u0119biorstwo deklaruje ch\u0119\u0107 przyst\u0105pienia do systemu REDcert EU. Wype\u0142niany jest formularz zg\u0142oszeniowy na stronie internetowej po adresem https:\/\/redcert.eu\/RegistrierungSystemAuswahl.aspx&nbsp;i zawierana jest umowa uczestnictwa z w\u0142a\u015bcicielem standardu. 2. Kontakt z EVOCERT Firma kontaktuje si\u0119 z EVOCERT, w celu uzupe\u0142nienia wniosku aplikacyjnego i podpisania umowy certyfikacyjnej na przeprowadzenie procesu oceny zgodno\u015bci z [&hellip;]","og_url":"https:\/\/evocert.pl\/tr\/redcert-krok-po-kroku\/","og_site_name":"EVOCERT","article_modified_time":"2025-12-17T08:01:57+00:00","og_image":[{"width":378,"height":378,"url":"https:\/\/evocert.pl\/wp-content\/uploads\/2025\/01\/EVOCERT_logo_KOLOR_PNG.png","type":"image\/png"}],"twitter_card":"summary_large_image","twitter_misc":{"Tahmini okuma s\u00fcresi":"3 dakika"},"schema":{"@context":"https:\/\/schema.org","@graph":[{"@type":"WebPage","@id":"https:\/\/evocert.pl\/redcert-krok-po-kroku\/","url":"https:\/\/evocert.pl\/redcert-krok-po-kroku\/","name":"REDcert EU - proces certyfikacji krok po kroku - EVOCERT","isPartOf":{"@id":"https:\/\/evocert.pl\/en\/#website"},"datePublished":"2025-01-17T10:57:47+00:00","dateModified":"2025-12-17T08:01:57+00:00","breadcrumb":{"@id":"https:\/\/evocert.pl\/redcert-krok-po-kroku\/#breadcrumb"},"inLanguage":"tr","potentialAction":[{"@type":"ReadAction","target":["https:\/\/evocert.pl\/redcert-krok-po-kroku\/"]}]},{"@type":"BreadcrumbList","@id":"https:\/\/evocert.pl\/redcert-krok-po-kroku\/#breadcrumb","itemListElement":[{"@type":"ListItem","position":1,"name":"Strona g\u0142\u00f3wna","item":"https:\/\/evocert.pl\/en\/"},{"@type":"ListItem","position":2,"name":"REDcert EU &#8211; proces certyfikacji krok po kroku"}]},{"@type":"WebSite","@id":"https:\/\/evocert.pl\/en\/#website","url":"https:\/\/evocert.pl\/en\/","name":"EVOCERT","description":"Evolution in certification","publisher":{"@id":"https:\/\/evocert.pl\/en\/#organization"},"potentialAction":[{"@type":"SearchAction","target":{"@type":"EntryPoint","urlTemplate":"https:\/\/evocert.pl\/en\/?s={search_term_string}"},"query-input":{"@type":"PropertyValueSpecification","valueRequired":true,"valueName":"search_term_string"}}],"inLanguage":"tr"},{"@type":"Organization","@id":"https:\/\/evocert.pl\/en\/#organization","name":"EVOCERT","url":"https:\/\/evocert.pl\/en\/","logo":{"@type":"ImageObject","inLanguage":"tr","@id":"https:\/\/evocert.pl\/en\/#\/schema\/logo\/image\/","url":"https:\/\/evocert.pl\/wp-content\/uploads\/2025\/01\/EVOCERT_logo_KOLOR_PNG.png","contentUrl":"https:\/\/evocert.pl\/wp-content\/uploads\/2025\/01\/EVOCERT_logo_KOLOR_PNG.png","width":378,"height":378,"caption":"EVOCERT"},"image":{"@id":"https:\/\/evocert.pl\/en\/#\/schema\/logo\/image\/"},"sameAs":["https:\/\/www.linkedin.com\/company\/evocert-sp-z-o-o"]}]}},"_links":{"self":[{"href":"https:\/\/evocert.pl\/tr\/wp-json\/wp\/v2\/pages\/3247","targetHints":{"allow":["GET"]}}],"collection":[{"href":"https:\/\/evocert.pl\/tr\/wp-json\/wp\/v2\/pages"}],"about":[{"href":"https:\/\/evocert.pl\/tr\/wp-json\/wp\/v2\/types\/page"}],"author":[{"embeddable":true,"href":"https:\/\/evocert.pl\/tr\/wp-json\/wp\/v2\/users\/2"}],"replies":[{"embeddable":true,"href":"https:\/\/evocert.pl\/tr\/wp-json\/wp\/v2\/comments?post=3247"}],"version-history":[{"count":7,"href":"https:\/\/evocert.pl\/tr\/wp-json\/wp\/v2\/pages\/3247\/revisions"}],"predecessor-version":[{"id":5251,"href":"https:\/\/evocert.pl\/tr\/wp-json\/wp\/v2\/pages\/3247\/revisions\/5251"}],"wp:attachment":[{"href":"https:\/\/evocert.pl\/tr\/wp-json\/wp\/v2\/media?parent=3247"}],"curies":[{"name":"wp","href":"https:\/\/api.w.org\/{rel}","templated":true}]}}