{"id":3244,"date":"2025-01-17T11:57:26","date_gmt":"2025-01-17T10:57:26","guid":{"rendered":"https:\/\/evocert.pl\/?page_id=3244"},"modified":"2025-12-17T09:56:16","modified_gmt":"2025-12-17T08:56:16","slug":"redcert","status":"publish","type":"page","link":"https:\/\/evocert.pl\/tr\/redcert\/","title":{"rendered":"REDcert EU"},"content":{"rendered":"<h2 class=\"wp-block-heading has-custom-logo-color has-text-color has-link-color has-medium-font-size wp-elements-fed2a05d3bf78df41cfa15eb8afdf73e\">REDcert Sistemi<\/h2>\n\n\n\n<p class=\"has-small-font-size\">REDcert sistemi, 2010 y\u0131l\u0131n\u0131n ba\u015f\u0131nda Almanya\u2019da tar\u0131m ve yak\u0131t sekt\u00f6rlerinin \u00f6nde gelen dernekleri ve kurulu\u015flar\u0131 taraf\u0131ndan olu\u015fturulmu\u015ftur. Ayn\u0131 y\u0131l i\u00e7erisinde REDcert sertifikasyon sistemi, 24 Temmuz 2012 tarihli kararla Almanya Federal Tar\u0131m ve G\u0131da Dairesi (Bundesanstalt f\u00fcr Landwirtschaft und Ern\u00e4hrung \u2013 BLE) taraf\u0131ndan tan\u0131nm\u0131\u015ft\u0131r.<\/p>\n\n\n\n<hr class=\"wp-block-separator has-text-color has-custom-logo-color has-alpha-channel-opacity has-custom-logo-background-color has-background is-style-wide\" style=\"margin-top:var(--wp--preset--spacing--60);margin-bottom:var(--wp--preset--spacing--60)\"\/>\n\n\n\n<h2 class=\"wp-block-heading has-custom-logo-color has-text-color has-link-color has-medium-font-size wp-elements-69b1a42a322fac2dd1eb04f278c33c2c\">REDcert Sertifikasyonu<\/h2>\n\n\n\n<p class=\"has-small-font-size\">REDcert-EU ve REDcert\u00b2, kurulu\u015flar taraf\u0131ndan desteklenen sertifikasyon sistemleridir. Bu sistemlerin geli\u015ftirilmesi, s\u00fcrd\u00fcr\u00fclebilir kalk\u0131nma ve \u00e7evre alanlar\u0131nda artan sertifikasyon ihtiyac\u0131na bir yan\u0131t olarak ortaya \u00e7\u0131km\u0131\u015ft\u0131r. G\u00fcn\u00fcm\u00fczde bu sertifikasyon sistemleri, Avrupa Birli\u011fi genelinde en yayg\u0131n olarak bilinen standartlard\u0131r.<\/p>\n\n\n\n<p class=\"has-small-font-size\">REDcert-EU, biyok\u00fctle ve biyoyak\u0131tlar\u0131n s\u00fcrd\u00fcr\u00fclebilir kullan\u0131m\u0131na y\u00f6nelik bir standartt\u0131r. REDcert\u00b2 ise \u00f6zellikle tar\u0131msal hammaddelerin g\u0131da ve yem sanayinde s\u00fcrd\u00fcr\u00fclebilir kullan\u0131m\u0131 ile biyok\u00fctlenin kimya end\u00fcstrisinde maddesel kullan\u0131m\u0131 i\u00e7in uygulanmaktad\u0131r. <\/p>\n\n\n\n<p class=\"has-small-font-size\">Sertifikasyon, bu sekt\u00f6rlerde faaliyet g\u00f6steren firmalara Avrupa biyoyak\u0131t pazar\u0131na ve buna ba\u011fl\u0131 te\u015fviklere daha kolay eri\u015fim sa\u011flamaktad\u0131r.<\/p>\n\n\n\n<hr class=\"wp-block-separator has-text-color has-custom-logo-color has-alpha-channel-opacity has-custom-logo-background-color has-background is-style-wide\" style=\"margin-top:var(--wp--preset--spacing--60);margin-bottom:var(--wp--preset--spacing--60)\"\/>\n\n\n\n<h2 class=\"wp-block-heading has-custom-logo-color has-text-color has-link-color has-medium-font-size wp-elements-83d385e1f92a9091b959b7e603c69a04\">REDcert sistemi kimler i\u00e7in uygundur?<\/h2>\n\n\n\n<p class=\"has-small-font-size\">REDcert sistemi, biyok\u00fctle ve biyoyak\u0131t \u00fcretiminin sertifikasyonuna y\u00f6nelik bir sistem olup, biyok\u00fctle ve biyoyak\u0131t \u00fcretimine kat\u0131lan her seviyedeki kurulu\u015flar i\u00e7in tasarlanm\u0131\u015ft\u0131r. Bunlar aras\u0131nda \u015funlar yer almaktad\u0131r:<\/p>\n\n\n\n<ul class=\"wp-block-list\">\n<li class=\"has-small-font-size\">tar\u0131msal hammaddelerden biyok\u00fctle \u00fcreten \u00e7iftlikler,<\/li>\n\n\n\n<li class=\"has-small-font-size\">\u00e7e\u015fitli biyok\u00fctle ve biyoyak\u0131t \u00fcreticileri,<\/li>\n\n\n\n<li class=\"has-small-font-size\">biyok\u00fctle ve biyoyak\u0131tlardan elektrik enerjisi \u00fcreten firmalar,<\/li>\n\n\n\n<li class=\"has-small-font-size\">daha ileri i\u015fleme amac\u0131yla biyok\u00fctle sat\u0131n alan al\u0131c\u0131lar,<\/li>\n\n\n\n<li class=\"has-small-font-size\">girdi, biyoyak\u0131t ve biyok\u00fctle tedarik\u00e7ileri,<\/li>\n\n\n\n<li class=\"has-small-font-size\">distrib\u00fct\u00f6rler.<\/li>\n<\/ul>\n\n\n\n<hr class=\"wp-block-separator has-text-color has-custom-logo-color has-alpha-channel-opacity has-custom-logo-background-color has-background is-style-wide\" style=\"margin-top:var(--wp--preset--spacing--60);margin-bottom:var(--wp--preset--spacing--60)\"\/>\n\n\n\n<h2 class=\"wp-block-heading has-custom-logo-color has-text-color has-link-color has-medium-font-size wp-elements-786a7fc48519acca41feb061823f8fb5\">REDcert sisteminin uygulanmas\u0131 ve sertifikasyonu ne gibi faydalar sa\u011flar?<\/h2>\n\n\n\n<ul class=\"wp-block-list\">\n<li class=\"has-small-font-size\">Faaliyetlerin \u00e7evre \u00fczerindeki etkisinin azalt\u0131lmas\u0131 (sera gaz\u0131 emisyonlar\u0131n\u0131n s\u0131n\u0131rland\u0131r\u0131lmas\u0131, biyosferin korunmas\u0131 ve s\u00fcrd\u00fcr\u00fclebilir arazi kullan\u0131m\u0131 d\u00e2hil);<\/li>\n\n\n\n<li class=\"has-small-font-size\">\u0130nsan haklar\u0131na ve \u00e7al\u0131\u015fan haklar\u0131na sayg\u0131;<\/li>\n\n\n\n<li class=\"has-small-font-size\">Biyok\u00fctle ve biyoyak\u0131t \u00fcretiminin uluslararas\u0131 standartlara uygun \u015fekilde y\u00f6netilmesi;<\/li>\n\n\n\n<li class=\"has-small-font-size\">S\u00fcrd\u00fcr\u00fclebilir kalk\u0131nma kriterlerinin ve 2009\/28\/EC say\u0131l\u0131 Yenilenebilir Enerji Direktifi (RED) gerekliliklerinin kar\u015f\u0131lanmas\u0131;<\/li>\n\n\n\n<li class=\"has-small-font-size\">Biyoyak\u0131t ve biyok\u00fctle pazar\u0131nda rekabet g\u00fcc\u00fcn\u00fcn art\u0131r\u0131lmas\u0131;<\/li>\n\n\n\n<li class=\"has-small-font-size\">Yerel topluluklar\u0131n sorumlu \u00fcretime olan g\u00fcveninin g\u00fc\u00e7lendirilmesi;<\/li>\n\n\n\n<li class=\"has-small-font-size\">\u015eirket imaj\u0131n\u0131n yurt i\u00e7inde ve yurt d\u0131\u015f\u0131nda iyile\u015ftirilmesi.<\/li>\n<\/ul>\n\n\n\n<hr class=\"wp-block-separator has-text-color has-custom-logo-color has-alpha-channel-opacity has-custom-logo-background-color has-background is-style-wide\" style=\"margin-top:var(--wp--preset--spacing--60);margin-bottom:var(--wp--preset--spacing--60)\"\/>\n\n\n\n<div class=\"wp-block-group is-vertical is-content-justification-stretch is-layout-flex wp-container-core-group-is-layout-353c4f5a wp-block-group-is-layout-flex\">\n<h2 class=\"wp-block-heading has-custom-logo-color has-text-color has-link-color has-medium-font-size wp-elements-7508ba807b5f054ec3b6f3807e9eaa03\">Sorular\u0131n\u0131z m\u0131 var?<\/h2>\n\n\n\n<p class=\"has-small-font-size\" style=\"padding-bottom:var(--wp--preset--spacing--40);line-height:1.7\">EVOCERT uzman ekibi, t\u00fcm sorular\u0131n\u0131z\u0131 ve teredd\u00fctlerinizi yan\u0131tlamaktan memnuniyet duyar.<\/p>\n\n\n\n<div class=\"wp-block-buttons is-content-justification-center is-layout-flex wp-container-core-buttons-is-layout-c304233e wp-block-buttons-is-layout-flex\" style=\"margin-top:var(--wp--preset--spacing--20);margin-bottom:var(--wp--preset--spacing--30)\">\n<div class=\"wp-block-button has-custom-font-size has-body-text-font-size\"><a class=\"wp-block-button__link has-foreground-color has-custom-logo-background-color has-text-color has-background has-link-color wp-element-button\" href=\"http:\/\/evocert.pl\/tr\/?page_id=308\" style=\"padding-top:0.85rem;padding-right:2rem;padding-bottom:0.85rem;padding-left:2rem\"><strong>Bize Ula\u015f\u0131n<\/strong><\/a><\/div>\n<\/div>\n<\/div>","protected":false},"excerpt":{"rendered":"<p>System REDcert System REDcert zosta\u0142 stworzony na pocz\u0105tku 2010 roku w Niemczech przez wiod\u0105ce stowarzyszenia i organizacje sektora rolnego i paliwowego. Jeszcze w tym samym roku system certyfikacji REDcert zosta\u0142 uznany przez Federaln\u0105 Agencj\u0119 ds. Rolnictwa i \u017bywno\u015bci (Bundesanstalt f\u00fcr Landwirtschaft und Ern\u00e4hrung \u2013 BLE). Decyzj\u0105 z dnia 24 lipca 2012r. Certyfikacja REDcert REDcert-EU i [&hellip;]<\/p>\n","protected":false},"author":2,"featured_media":0,"parent":0,"menu_order":0,"comment_status":"closed","ping_status":"closed","template":"wp-custom-template-oferta-re-dcert-og-lne","meta":{"footnotes":""},"class_list":["post-3244","page","type-page","status-publish","hentry"],"yoast_head":"<!-- This site is optimized with the Yoast SEO plugin v27.5 - https:\/\/yoast.com\/product\/yoast-seo-wordpress\/ -->\n<title>REDcert EU - EVOCERT<\/title>\n<meta name=\"robots\" content=\"index, follow, max-snippet:-1, max-image-preview:large, max-video-preview:-1\" \/>\n<link rel=\"canonical\" href=\"https:\/\/evocert.pl\/tr\/redcert\/\" \/>\n<meta property=\"og:locale\" content=\"tr_TR\" \/>\n<meta property=\"og:type\" content=\"article\" \/>\n<meta property=\"og:title\" content=\"REDcert EU - EVOCERT\" \/>\n<meta property=\"og:description\" content=\"System REDcert System REDcert zosta\u0142 stworzony na pocz\u0105tku 2010 roku w Niemczech przez wiod\u0105ce stowarzyszenia i organizacje sektora rolnego i paliwowego. Jeszcze w tym samym roku system certyfikacji REDcert zosta\u0142 uznany przez Federaln\u0105 Agencj\u0119 ds. Rolnictwa i \u017bywno\u015bci (Bundesanstalt f\u00fcr Landwirtschaft und Ern\u00e4hrung \u2013 BLE). Decyzj\u0105 z dnia 24 lipca 2012r. Certyfikacja REDcert REDcert-EU i [&hellip;]\" \/>\n<meta property=\"og:url\" content=\"https:\/\/evocert.pl\/tr\/redcert\/\" \/>\n<meta property=\"og:site_name\" content=\"EVOCERT\" \/>\n<meta property=\"article:modified_time\" content=\"2025-12-17T08:56:16+00:00\" \/>\n<meta property=\"og:image\" content=\"https:\/\/evocert.pl\/wp-content\/uploads\/2025\/01\/EVOCERT_logo_KOLOR_PNG.png\" \/>\n\t<meta property=\"og:image:width\" content=\"378\" \/>\n\t<meta property=\"og:image:height\" content=\"378\" \/>\n\t<meta property=\"og:image:type\" content=\"image\/png\" \/>\n<meta name=\"twitter:card\" content=\"summary_large_image\" \/>\n<meta name=\"twitter:label1\" content=\"Tahmini okuma s\u00fcresi\" \/>\n\t<meta name=\"twitter:data1\" content=\"4 dakika\" \/>\n<script type=\"application\/ld+json\" class=\"yoast-schema-graph\">{\"@context\":\"https:\\\/\\\/schema.org\",\"@graph\":[{\"@type\":\"WebPage\",\"@id\":\"https:\\\/\\\/evocert.pl\\\/redcert\\\/\",\"url\":\"https:\\\/\\\/evocert.pl\\\/redcert\\\/\",\"name\":\"REDcert EU - EVOCERT\",\"isPartOf\":{\"@id\":\"https:\\\/\\\/evocert.pl\\\/en\\\/#website\"},\"datePublished\":\"2025-01-17T10:57:26+00:00\",\"dateModified\":\"2025-12-17T08:56:16+00:00\",\"breadcrumb\":{\"@id\":\"https:\\\/\\\/evocert.pl\\\/redcert\\\/#breadcrumb\"},\"inLanguage\":\"tr\",\"potentialAction\":[{\"@type\":\"ReadAction\",\"target\":[\"https:\\\/\\\/evocert.pl\\\/redcert\\\/\"]}]},{\"@type\":\"BreadcrumbList\",\"@id\":\"https:\\\/\\\/evocert.pl\\\/redcert\\\/#breadcrumb\",\"itemListElement\":[{\"@type\":\"ListItem\",\"position\":1,\"name\":\"Strona g\u0142\u00f3wna\",\"item\":\"https:\\\/\\\/evocert.pl\\\/en\\\/\"},{\"@type\":\"ListItem\",\"position\":2,\"name\":\"REDcert EU\"}]},{\"@type\":\"WebSite\",\"@id\":\"https:\\\/\\\/evocert.pl\\\/en\\\/#website\",\"url\":\"https:\\\/\\\/evocert.pl\\\/en\\\/\",\"name\":\"EVOCERT\",\"description\":\"Evolution in certification\",\"publisher\":{\"@id\":\"https:\\\/\\\/evocert.pl\\\/en\\\/#organization\"},\"potentialAction\":[{\"@type\":\"SearchAction\",\"target\":{\"@type\":\"EntryPoint\",\"urlTemplate\":\"https:\\\/\\\/evocert.pl\\\/en\\\/?s={search_term_string}\"},\"query-input\":{\"@type\":\"PropertyValueSpecification\",\"valueRequired\":true,\"valueName\":\"search_term_string\"}}],\"inLanguage\":\"tr\"},{\"@type\":\"Organization\",\"@id\":\"https:\\\/\\\/evocert.pl\\\/en\\\/#organization\",\"name\":\"EVOCERT\",\"url\":\"https:\\\/\\\/evocert.pl\\\/en\\\/\",\"logo\":{\"@type\":\"ImageObject\",\"inLanguage\":\"tr\",\"@id\":\"https:\\\/\\\/evocert.pl\\\/en\\\/#\\\/schema\\\/logo\\\/image\\\/\",\"url\":\"https:\\\/\\\/evocert.pl\\\/wp-content\\\/uploads\\\/2025\\\/01\\\/EVOCERT_logo_KOLOR_PNG.png\",\"contentUrl\":\"https:\\\/\\\/evocert.pl\\\/wp-content\\\/uploads\\\/2025\\\/01\\\/EVOCERT_logo_KOLOR_PNG.png\",\"width\":378,\"height\":378,\"caption\":\"EVOCERT\"},\"image\":{\"@id\":\"https:\\\/\\\/evocert.pl\\\/en\\\/#\\\/schema\\\/logo\\\/image\\\/\"},\"sameAs\":[\"https:\\\/\\\/www.linkedin.com\\\/company\\\/evocert-sp-z-o-o\"]}]}<\/script>\n<!-- \/ Yoast SEO plugin. -->","yoast_head_json":{"title":"REDcert EU - EVOCERT","robots":{"index":"index","follow":"follow","max-snippet":"max-snippet:-1","max-image-preview":"max-image-preview:large","max-video-preview":"max-video-preview:-1"},"canonical":"https:\/\/evocert.pl\/tr\/redcert\/","og_locale":"tr_TR","og_type":"article","og_title":"REDcert EU - EVOCERT","og_description":"System REDcert System REDcert zosta\u0142 stworzony na pocz\u0105tku 2010 roku w Niemczech przez wiod\u0105ce stowarzyszenia i organizacje sektora rolnego i paliwowego. Jeszcze w tym samym roku system certyfikacji REDcert zosta\u0142 uznany przez Federaln\u0105 Agencj\u0119 ds. Rolnictwa i \u017bywno\u015bci (Bundesanstalt f\u00fcr Landwirtschaft und Ern\u00e4hrung \u2013 BLE). Decyzj\u0105 z dnia 24 lipca 2012r. Certyfikacja REDcert REDcert-EU i [&hellip;]","og_url":"https:\/\/evocert.pl\/tr\/redcert\/","og_site_name":"EVOCERT","article_modified_time":"2025-12-17T08:56:16+00:00","og_image":[{"width":378,"height":378,"url":"https:\/\/evocert.pl\/wp-content\/uploads\/2025\/01\/EVOCERT_logo_KOLOR_PNG.png","type":"image\/png"}],"twitter_card":"summary_large_image","twitter_misc":{"Tahmini okuma s\u00fcresi":"4 dakika"},"schema":{"@context":"https:\/\/schema.org","@graph":[{"@type":"WebPage","@id":"https:\/\/evocert.pl\/redcert\/","url":"https:\/\/evocert.pl\/redcert\/","name":"REDcert EU - EVOCERT","isPartOf":{"@id":"https:\/\/evocert.pl\/en\/#website"},"datePublished":"2025-01-17T10:57:26+00:00","dateModified":"2025-12-17T08:56:16+00:00","breadcrumb":{"@id":"https:\/\/evocert.pl\/redcert\/#breadcrumb"},"inLanguage":"tr","potentialAction":[{"@type":"ReadAction","target":["https:\/\/evocert.pl\/redcert\/"]}]},{"@type":"BreadcrumbList","@id":"https:\/\/evocert.pl\/redcert\/#breadcrumb","itemListElement":[{"@type":"ListItem","position":1,"name":"Strona g\u0142\u00f3wna","item":"https:\/\/evocert.pl\/en\/"},{"@type":"ListItem","position":2,"name":"REDcert EU"}]},{"@type":"WebSite","@id":"https:\/\/evocert.pl\/en\/#website","url":"https:\/\/evocert.pl\/en\/","name":"EVOCERT","description":"Evolution in certification","publisher":{"@id":"https:\/\/evocert.pl\/en\/#organization"},"potentialAction":[{"@type":"SearchAction","target":{"@type":"EntryPoint","urlTemplate":"https:\/\/evocert.pl\/en\/?s={search_term_string}"},"query-input":{"@type":"PropertyValueSpecification","valueRequired":true,"valueName":"search_term_string"}}],"inLanguage":"tr"},{"@type":"Organization","@id":"https:\/\/evocert.pl\/en\/#organization","name":"EVOCERT","url":"https:\/\/evocert.pl\/en\/","logo":{"@type":"ImageObject","inLanguage":"tr","@id":"https:\/\/evocert.pl\/en\/#\/schema\/logo\/image\/","url":"https:\/\/evocert.pl\/wp-content\/uploads\/2025\/01\/EVOCERT_logo_KOLOR_PNG.png","contentUrl":"https:\/\/evocert.pl\/wp-content\/uploads\/2025\/01\/EVOCERT_logo_KOLOR_PNG.png","width":378,"height":378,"caption":"EVOCERT"},"image":{"@id":"https:\/\/evocert.pl\/en\/#\/schema\/logo\/image\/"},"sameAs":["https:\/\/www.linkedin.com\/company\/evocert-sp-z-o-o"]}]}},"_links":{"self":[{"href":"https:\/\/evocert.pl\/tr\/wp-json\/wp\/v2\/pages\/3244","targetHints":{"allow":["GET"]}}],"collection":[{"href":"https:\/\/evocert.pl\/tr\/wp-json\/wp\/v2\/pages"}],"about":[{"href":"https:\/\/evocert.pl\/tr\/wp-json\/wp\/v2\/types\/page"}],"author":[{"embeddable":true,"href":"https:\/\/evocert.pl\/tr\/wp-json\/wp\/v2\/users\/2"}],"replies":[{"embeddable":true,"href":"https:\/\/evocert.pl\/tr\/wp-json\/wp\/v2\/comments?post=3244"}],"version-history":[{"count":8,"href":"https:\/\/evocert.pl\/tr\/wp-json\/wp\/v2\/pages\/3244\/revisions"}],"predecessor-version":[{"id":5263,"href":"https:\/\/evocert.pl\/tr\/wp-json\/wp\/v2\/pages\/3244\/revisions\/5263"}],"wp:attachment":[{"href":"https:\/\/evocert.pl\/tr\/wp-json\/wp\/v2\/media?parent=3244"}],"curies":[{"name":"wp","href":"https:\/\/api.w.org\/{rel}","templated":true}]}}