{"id":287,"date":"2024-12-13T21:01:48","date_gmt":"2024-12-13T20:01:48","guid":{"rendered":"http:\/\/evocert.pl\/?page_id=287"},"modified":"2025-11-24T10:10:02","modified_gmt":"2025-11-24T09:10:02","slug":"integrowana-produkcja-roslin","status":"publish","type":"page","link":"https:\/\/evocert.pl\/tr\/integrowana-produkcja-roslin\/","title":{"rendered":"Entegre tesis \u00fcretimi"},"content":{"rendered":"<div class=\"wp-block-group has-heading-color has-text-color has-link-color has-small-font-size wp-elements-ebc7109738b9b8378e6bf657c61915e4 is-vertical is-content-justification-stretch is-layout-flex wp-container-core-group-is-layout-a5b1d185 wp-block-group-is-layout-flex\" style=\"padding-right:var(--wp--preset--spacing--60);padding-bottom:var(--wp--preset--spacing--60);padding-left:var(--wp--preset--spacing--30);line-height:1.6\">\n<h2 class=\"wp-block-heading has-custom-logo-color has-text-color has-link-color has-medium-font-size wp-elements-3e9e96ca86686a311d406ea735c35c9d\">EVOCERT Sertifikasyonu<\/h2>\n\n\n\n<p>Entegre Bitkisel \u00dcretim, modern agroteknik \u00e7\u00f6z\u00fcmleri \u00e7evre koruma ilkeleriyle birle\u015ftiren bir yeti\u015ftirme sistemidir. Program, g\u00fcvenli, kaliteli ve \u00e7evre dostu g\u0131da \u00fcretmeyi ama\u00e7lamaktad\u0131r.<\/p>\n\n\n\n<p>Entegre Bitkisel \u00dcretimi kullanan \u00fcreticiler, t\u00fcketici sa\u011fl\u0131\u011f\u0131n\u0131 ve \u00e7iftliklerin s\u00fcrd\u00fcr\u00fclebilir kalk\u0131nmas\u0131n\u0131 sa\u011flarken, kimyasal bitki koruma \u00fcr\u00fcnlerinin bask\u0131s\u0131n\u0131 azaltmak i\u00e7in yenilik\u00e7i y\u00f6ntemler kullan\u0131yor.<\/p>\n\n\n\n<hr class=\"wp-block-separator has-text-color has-custom-logo-color has-alpha-channel-opacity has-custom-logo-background-color has-background is-style-wide\" style=\"margin-top:var(--wp--preset--spacing--40);margin-bottom:var(--wp--preset--spacing--40)\"\/>\n\n\n\n<p class=\"translation-block\">EVOCERT, Entegre Mahsul \u00dcretimi i\u00e7in PCA akreditasyonuna sahiptir. Akreditasyonun kapsam\u0131na <a href=\"https:\/\/www.pca.gov.pl\/akredytowane-podmioty\/akredytacje-aktywne\/jednostki-certyfikujace-wyroby\/AC254,podmiot.html\" target=\"_self\">burada<\/a> ula\u015fabilirsiniz.<\/p>\n\n\n\n<hr class=\"wp-block-separator has-text-color has-custom-logo-color has-alpha-channel-opacity has-custom-logo-background-color has-background is-style-wide\" style=\"margin-top:var(--wp--preset--spacing--40);margin-bottom:var(--wp--preset--spacing--40)\"\/>\n\n\n\n<p class=\"translation-block\">Sertifikasyon kurulu\u015fu <strong>EVOCERT<\/strong>, Pozna\u0144'daki WIORIN'den entegre bitkisel \u00fcretim alan\u0131nda sertifikasyon yapmak \u00fczere resmi yetki ald\u0131 ve bu yetki, sertifikasyon kurulu\u015flar\u0131na y\u00f6nelik y\u00fcksek standartlara uyumu teyit ediyor.<\/p>\n\n\n\n<p>Bu yetki \u015funlar\u0131 i\u00e7erir:<\/p>\n\n\n\n<ul class=\"wp-block-list\">\n<li>Entegre Bitkisel \u00dcretim kullanan \u00e7iftliklerde denetim yapma imk\u00e2n\u0131,<\/li>\n\n\n\n<li>sistem gereksinimlerine uyumu do\u011frulayan sertifikalar\u0131n verilmesi,<\/li>\n\n\n\n<li>\u00dcreticilerin faaliyetlerinin Entegre Bitkisel \u00dcretim metodolojilerine uygunlu\u011funun denetlenmesi.<\/li>\n<\/ul>\n\n\n\n<hr class=\"wp-block-separator has-text-color has-custom-logo-color has-alpha-channel-opacity has-custom-logo-background-color has-background is-style-wide\" style=\"margin-top:var(--wp--preset--spacing--40);margin-bottom:var(--wp--preset--spacing--40)\"\/>\n\n\n\n<p>EVOCERT, sertifikasyon s\u00fcrecinin g\u00fcvenilirli\u011fini, prosed\u00fcrlerin \u015feffafl\u0131\u011f\u0131n\u0131 ve zaman\u0131nda hizmet vermeyi garanti eder. Ekibimiz, tar\u0131m, bitki koruma ve g\u0131da kalitesi sertifikasyonunda deneyimli uzmanlardan olu\u015fmaktad\u0131r.<\/p>\n\n\n\n<p class=\"translation-block\">Sertifikasyon s\u00fcrecini ba\u015flatmak veya Entegre Bitki \u00dcretimi hakk\u0131nda daha fazla bilgi edinmek i\u00e7in <a href=\"https:\/\/evocert.pl\/tr\/kontakt\/\" target=\"_self\">bizimle ileti\u015fime ge\u00e7in<\/a>.<\/p>\n<\/div>","protected":false},"excerpt":{"rendered":"<p>Certyfikacja EVOCERT Integrowana Produkcja Ro\u015blin (IPR) to system uprawy, kt\u00f3ry \u0142\u0105czy nowoczesne rozwi\u0105zania agrotechniczne z zasadami ochrony \u015brodowiska. Celem programu jest produkcja \u017cywno\u015bci bezpiecznej, wysokiej jako\u015bci oraz przyjaznej naturze. Producenci stosuj\u0105cy IPR korzystaj\u0105 z innowacyjnych metod ograniczaj\u0105cych presj\u0119 chemicznych \u015brodk\u00f3w ochrony ro\u015blin, dbaj\u0105c jednocze\u015bnie o zdrowie konsument\u00f3w i zr\u00f3wnowa\u017cony rozw\u00f3j gospodarstw rolnych. EVOCERT posiada akredytacj\u0119 [&hellip;]<\/p>","protected":false},"author":2,"featured_media":0,"parent":0,"menu_order":0,"comment_status":"closed","ping_status":"closed","template":"wp-custom-template-oferta-ipr-og-lne-2","meta":{"footnotes":""},"class_list":["post-287","page","type-page","status-publish","hentry"],"yoast_head":"<!-- This site is optimized with the Yoast SEO plugin v26.3 - https:\/\/yoast.com\/wordpress\/plugins\/seo\/ -->\n<title>Integrowana produkcja ro\u015blin - EVOCERT<\/title>\n<meta name=\"robots\" content=\"index, follow, max-snippet:-1, max-image-preview:large, max-video-preview:-1\" \/>\n<link rel=\"canonical\" href=\"https:\/\/evocert.pl\/tr\/integrowana-produkcja-roslin\/\" \/>\n<meta property=\"og:locale\" content=\"tr_TR\" \/>\n<meta property=\"og:type\" content=\"article\" \/>\n<meta property=\"og:title\" content=\"Integrowana produkcja ro\u015blin - EVOCERT\" \/>\n<meta property=\"og:description\" content=\"Certyfikacja EVOCERT Integrowana Produkcja Ro\u015blin (IPR) to system uprawy, kt\u00f3ry \u0142\u0105czy nowoczesne rozwi\u0105zania agrotechniczne z zasadami ochrony \u015brodowiska. Celem programu jest produkcja \u017cywno\u015bci bezpiecznej, wysokiej jako\u015bci oraz przyjaznej naturze. Producenci stosuj\u0105cy IPR korzystaj\u0105 z innowacyjnych metod ograniczaj\u0105cych presj\u0119 chemicznych \u015brodk\u00f3w ochrony ro\u015blin, dbaj\u0105c jednocze\u015bnie o zdrowie konsument\u00f3w i zr\u00f3wnowa\u017cony rozw\u00f3j gospodarstw rolnych. EVOCERT posiada akredytacj\u0119 [&hellip;]\" \/>\n<meta property=\"og:url\" content=\"https:\/\/evocert.pl\/tr\/integrowana-produkcja-roslin\/\" \/>\n<meta property=\"og:site_name\" content=\"EVOCERT\" \/>\n<meta property=\"article:modified_time\" content=\"2025-11-24T09:10:02+00:00\" \/>\n<meta property=\"og:image\" content=\"https:\/\/evocert.pl\/wp-content\/uploads\/2025\/01\/EVOCERT_logo_KOLOR_PNG.png\" \/>\n\t<meta property=\"og:image:width\" content=\"378\" \/>\n\t<meta property=\"og:image:height\" content=\"378\" \/>\n\t<meta property=\"og:image:type\" content=\"image\/png\" \/>\n<meta name=\"twitter:card\" content=\"summary_large_image\" \/>\n<meta name=\"twitter:label1\" content=\"Tahmini okuma s\u00fcresi\" \/>\n\t<meta name=\"twitter:data1\" content=\"1 dakika\" \/>\n<script type=\"application\/ld+json\" class=\"yoast-schema-graph\">{\"@context\":\"https:\/\/schema.org\",\"@graph\":[{\"@type\":\"WebPage\",\"@id\":\"https:\/\/evocert.pl\/integrowana-produkcja-roslin\/\",\"url\":\"https:\/\/evocert.pl\/integrowana-produkcja-roslin\/\",\"name\":\"Integrowana produkcja ro\u015blin - EVOCERT\",\"isPartOf\":{\"@id\":\"https:\/\/evocert.pl\/en\/#website\"},\"datePublished\":\"2024-12-13T20:01:48+00:00\",\"dateModified\":\"2025-11-24T09:10:02+00:00\",\"breadcrumb\":{\"@id\":\"https:\/\/evocert.pl\/integrowana-produkcja-roslin\/#breadcrumb\"},\"inLanguage\":\"tr\",\"potentialAction\":[{\"@type\":\"ReadAction\",\"target\":[\"https:\/\/evocert.pl\/integrowana-produkcja-roslin\/\"]}]},{\"@type\":\"BreadcrumbList\",\"@id\":\"https:\/\/evocert.pl\/integrowana-produkcja-roslin\/#breadcrumb\",\"itemListElement\":[{\"@type\":\"ListItem\",\"position\":1,\"name\":\"Strona g\u0142\u00f3wna\",\"item\":\"https:\/\/evocert.pl\/en\/\"},{\"@type\":\"ListItem\",\"position\":2,\"name\":\"Integrowana produkcja ro\u015blin\"}]},{\"@type\":\"WebSite\",\"@id\":\"https:\/\/evocert.pl\/en\/#website\",\"url\":\"https:\/\/evocert.pl\/en\/\",\"name\":\"EVOCERT\",\"description\":\"Evolution in certification\",\"publisher\":{\"@id\":\"https:\/\/evocert.pl\/en\/#organization\"},\"potentialAction\":[{\"@type\":\"SearchAction\",\"target\":{\"@type\":\"EntryPoint\",\"urlTemplate\":\"https:\/\/evocert.pl\/en\/?s={search_term_string}\"},\"query-input\":{\"@type\":\"PropertyValueSpecification\",\"valueRequired\":true,\"valueName\":\"search_term_string\"}}],\"inLanguage\":\"tr\"},{\"@type\":\"Organization\",\"@id\":\"https:\/\/evocert.pl\/en\/#organization\",\"name\":\"EVOCERT\",\"url\":\"https:\/\/evocert.pl\/en\/\",\"logo\":{\"@type\":\"ImageObject\",\"inLanguage\":\"tr\",\"@id\":\"https:\/\/evocert.pl\/en\/#\/schema\/logo\/image\/\",\"url\":\"https:\/\/evocert.pl\/wp-content\/uploads\/2025\/01\/EVOCERT_logo_KOLOR_PNG.png\",\"contentUrl\":\"https:\/\/evocert.pl\/wp-content\/uploads\/2025\/01\/EVOCERT_logo_KOLOR_PNG.png\",\"width\":378,\"height\":378,\"caption\":\"EVOCERT\"},\"image\":{\"@id\":\"https:\/\/evocert.pl\/en\/#\/schema\/logo\/image\/\"},\"sameAs\":[\"https:\/\/www.linkedin.com\/company\/evocert-sp-z-o-o\"]}]}<\/script>\n<!-- \/ Yoast SEO plugin. -->","yoast_head_json":{"title":"Integrowana produkcja ro\u015blin - EVOCERT","robots":{"index":"index","follow":"follow","max-snippet":"max-snippet:-1","max-image-preview":"max-image-preview:large","max-video-preview":"max-video-preview:-1"},"canonical":"https:\/\/evocert.pl\/tr\/integrowana-produkcja-roslin\/","og_locale":"tr_TR","og_type":"article","og_title":"Integrowana produkcja ro\u015blin - EVOCERT","og_description":"Certyfikacja EVOCERT Integrowana Produkcja Ro\u015blin (IPR) to system uprawy, kt\u00f3ry \u0142\u0105czy nowoczesne rozwi\u0105zania agrotechniczne z zasadami ochrony \u015brodowiska. Celem programu jest produkcja \u017cywno\u015bci bezpiecznej, wysokiej jako\u015bci oraz przyjaznej naturze. Producenci stosuj\u0105cy IPR korzystaj\u0105 z innowacyjnych metod ograniczaj\u0105cych presj\u0119 chemicznych \u015brodk\u00f3w ochrony ro\u015blin, dbaj\u0105c jednocze\u015bnie o zdrowie konsument\u00f3w i zr\u00f3wnowa\u017cony rozw\u00f3j gospodarstw rolnych. EVOCERT posiada akredytacj\u0119 [&hellip;]","og_url":"https:\/\/evocert.pl\/tr\/integrowana-produkcja-roslin\/","og_site_name":"EVOCERT","article_modified_time":"2025-11-24T09:10:02+00:00","og_image":[{"width":378,"height":378,"url":"https:\/\/evocert.pl\/wp-content\/uploads\/2025\/01\/EVOCERT_logo_KOLOR_PNG.png","type":"image\/png"}],"twitter_card":"summary_large_image","twitter_misc":{"Tahmini okuma s\u00fcresi":"1 dakika"},"schema":{"@context":"https:\/\/schema.org","@graph":[{"@type":"WebPage","@id":"https:\/\/evocert.pl\/integrowana-produkcja-roslin\/","url":"https:\/\/evocert.pl\/integrowana-produkcja-roslin\/","name":"Integrowana produkcja ro\u015blin - EVOCERT","isPartOf":{"@id":"https:\/\/evocert.pl\/en\/#website"},"datePublished":"2024-12-13T20:01:48+00:00","dateModified":"2025-11-24T09:10:02+00:00","breadcrumb":{"@id":"https:\/\/evocert.pl\/integrowana-produkcja-roslin\/#breadcrumb"},"inLanguage":"tr","potentialAction":[{"@type":"ReadAction","target":["https:\/\/evocert.pl\/integrowana-produkcja-roslin\/"]}]},{"@type":"BreadcrumbList","@id":"https:\/\/evocert.pl\/integrowana-produkcja-roslin\/#breadcrumb","itemListElement":[{"@type":"ListItem","position":1,"name":"Strona g\u0142\u00f3wna","item":"https:\/\/evocert.pl\/en\/"},{"@type":"ListItem","position":2,"name":"Integrowana produkcja ro\u015blin"}]},{"@type":"WebSite","@id":"https:\/\/evocert.pl\/en\/#website","url":"https:\/\/evocert.pl\/en\/","name":"EVOCERT","description":"Evolution in certification","publisher":{"@id":"https:\/\/evocert.pl\/en\/#organization"},"potentialAction":[{"@type":"SearchAction","target":{"@type":"EntryPoint","urlTemplate":"https:\/\/evocert.pl\/en\/?s={search_term_string}"},"query-input":{"@type":"PropertyValueSpecification","valueRequired":true,"valueName":"search_term_string"}}],"inLanguage":"tr"},{"@type":"Organization","@id":"https:\/\/evocert.pl\/en\/#organization","name":"EVOCERT","url":"https:\/\/evocert.pl\/en\/","logo":{"@type":"ImageObject","inLanguage":"tr","@id":"https:\/\/evocert.pl\/en\/#\/schema\/logo\/image\/","url":"https:\/\/evocert.pl\/wp-content\/uploads\/2025\/01\/EVOCERT_logo_KOLOR_PNG.png","contentUrl":"https:\/\/evocert.pl\/wp-content\/uploads\/2025\/01\/EVOCERT_logo_KOLOR_PNG.png","width":378,"height":378,"caption":"EVOCERT"},"image":{"@id":"https:\/\/evocert.pl\/en\/#\/schema\/logo\/image\/"},"sameAs":["https:\/\/www.linkedin.com\/company\/evocert-sp-z-o-o"]}]}},"_links":{"self":[{"href":"https:\/\/evocert.pl\/tr\/wp-json\/wp\/v2\/pages\/287","targetHints":{"allow":["GET"]}}],"collection":[{"href":"https:\/\/evocert.pl\/tr\/wp-json\/wp\/v2\/pages"}],"about":[{"href":"https:\/\/evocert.pl\/tr\/wp-json\/wp\/v2\/types\/page"}],"author":[{"embeddable":true,"href":"https:\/\/evocert.pl\/tr\/wp-json\/wp\/v2\/users\/2"}],"replies":[{"embeddable":true,"href":"https:\/\/evocert.pl\/tr\/wp-json\/wp\/v2\/comments?post=287"}],"version-history":[{"count":4,"href":"https:\/\/evocert.pl\/tr\/wp-json\/wp\/v2\/pages\/287\/revisions"}],"predecessor-version":[{"id":5140,"href":"https:\/\/evocert.pl\/tr\/wp-json\/wp\/v2\/pages\/287\/revisions\/5140"}],"wp:attachment":[{"href":"https:\/\/evocert.pl\/tr\/wp-json\/wp\/v2\/media?parent=287"}],"curies":[{"name":"wp","href":"https:\/\/api.w.org\/{rel}","templated":true}]}}