{"id":2041,"date":"2025-01-03T09:14:06","date_gmt":"2025-01-03T08:14:06","guid":{"rendered":"https:\/\/evocert.pl\/?page_id=2041"},"modified":"2025-11-04T18:05:35","modified_gmt":"2025-11-04T17:05:35","slug":"brcgs-food-safety-srodki-i-sankcje","status":"publish","type":"page","link":"https:\/\/evocert.pl\/tr\/brcgs-food-safety-srodki-i-sankcje\/","title":{"rendered":"BRCGS Food Safety \u2013 kriz durumlar\u0131 \/ olaylar"},"content":{"rendered":"<div class=\"wp-block-group has-heading-color has-text-color has-link-color has-small-font-size wp-elements-412116e442b6b9c63276a810e195b6bf is-vertical is-content-justification-stretch is-layout-flex wp-container-core-group-is-layout-d8e33f2a wp-block-group-is-layout-flex\" style=\"padding-right:var(--wp--preset--spacing--60);padding-bottom:var(--wp--preset--spacing--70);padding-left:var(--wp--preset--spacing--30);line-height:1.6\">\n<h2 class=\"wp-block-heading has-custom-logo-color has-text-color has-link-color has-medium-font-size wp-elements-218daf327d4c370e10493de81747ca0b\">M\u00fc\u015fterinin Y\u00fck\u00fcml\u00fcl\u00fckleri<\/h2>\n\n\n\n<p>Tesis, EVOCERT'i a\u015fa\u011f\u0131dakiler hakk\u0131nda bilgilendirmekle y\u00fck\u00fcml\u00fcd\u00fcr:<\/p>\n\n\n\n<ul class=\"wp-block-list\">\n<li>\u00fcr\u00fcn g\u00fcvenli\u011fi veya yasall\u0131\u011f\u0131 ile ilgili yasal i\u015flemler veya tesisin i\u015fletimi \u00fczerinde \u00f6nemli bir etkisi olan olaylar,<\/li>\n\n\n\n<li>d\u00fczenleyici bir otoritenin \u00fcr\u00fcn g\u00fcvenli\u011fi veya yasal uyumlulukla ilgili endi\u015feler nedeniyle bir eylem emri (\u00f6rne\u011fin bir yapt\u0131r\u0131m emri yay\u0131nlayarak) vermesi durumunda herhangi bir durum,<\/li>\n\n\n\n<li>son BRCGS denetiminden bu yana \u00fcr\u00fcn geri \u00e7a\u011f\u0131rma,<\/li>\n\n\n\n<li>d\u00fczenleyici otoriteler taraf\u0131ndan tespit edilen \u00f6nemli kamu \u00fcr\u00fcn\u00fc g\u00fcvenli\u011fi olaylar\u0131 veya ciddi uyumsuzluklar,<\/li>\n\n\n\n<li>\u00fcr\u00fcn g\u00fcvenli\u011fiyle ilgili olumsuz medya ilgisi,<\/li>\n\n\n\n<li>t\u00fcketici i\u00e7in risk olu\u015fturabilecek bir \u00fcr\u00fcn g\u00fcvenli\u011fi olay\u0131,<\/li>\n\n\n\n<li>bitkiye ciddi zarar (\u00f6rne\u011fin sel veya yang\u0131n gibi do\u011fal afet),<\/li>\n\n\n\n<li>sahibinin de\u011fi\u015fmesi,<\/li>\n\n\n\n<li>faaliyet kapsam\u0131nda veya sertifikasyon kapsam\u0131nda herhangi bir \u00f6nemli de\u011fi\u015fiklik.<\/li>\n<\/ul>\n\n\n\n<h3 class=\"wp-block-heading has-custom-logo-color has-text-color has-link-color has-medium-font-size wp-elements-0499a3c58d8b1495e5e6a3654817c122\">\u00dcr\u00fcn G\u00fcvenli\u011fi Olaylar\u0131<\/h3>\n\n\n\n<p>M\u00fc\u015fterilerin, herhangi bir \u00fcr\u00fcn g\u00fcvenli\u011fi olay\u0131n\u0131, olay\u0131n veya \u00fcr\u00fcn\u00fcn geri \u00e7a\u011fr\u0131lmas\u0131n\u0131n tarihinden itibaren 3 i\u015f g\u00fcn\u00fc i\u00e7inde EVOCERT'e bildirmeleri gerekmektedir.<\/p>\n\n\n\n<p>M\u00fc\u015fteri, olaydan itibaren 21 takvim g\u00fcn\u00fc i\u00e7inde bir soru\u015fturma y\u00fcr\u00fctmeli ve ayr\u0131nt\u0131lar\u0131 EVOCERT'e bildirmelidir. Bu bilgiler \u015funlar\u0131 i\u00e7ermelidir:<\/p>\n\n\n\n<ul class=\"wp-block-list\">\n<li>d\u00fczeltici eylemler,<\/li>\n\n\n\n<li>k\u00f6k neden analizi,<\/li>\n\n\n\n<li>\u00f6nleyici eylem plan\u0131.<\/li>\n<\/ul>\n<\/div>","protected":false},"excerpt":{"rendered":"<p>Obowi\u0105zki Klienta Zak\u0142ad ma obowi\u0105zek poinformowa\u0107 EVOCERT o: Incydenty dotycz\u0105ce bezpiecze\u0144stwa produktu Klienci maj\u0105 obowi\u0105zek powiadamiania EVOCERT o ka\u017cdym incydencie dotycz\u0105cym bezpiecze\u0144stwa produktu w ci\u0105gu 3 dni roboczych od daty zdarzenia lub wycofania produktu z rynku. Klient ma obowi\u0105zek przeprowadzi\u0107 dochodzenie i przekaza\u0107 szczeg\u00f3\u0142y na jego temat do EVOCERT w ci\u0105gu 21 dni kalendarzowych od [&hellip;]<\/p>","protected":false},"author":2,"featured_media":0,"parent":0,"menu_order":0,"comment_status":"closed","ping_status":"closed","template":"wp-custom-template-oferta-brc-food-safety-rodki-sankcje","meta":{"footnotes":""},"class_list":["post-2041","page","type-page","status-publish","hentry"],"yoast_head":"<!-- This site is optimized with the Yoast SEO plugin v26.3 - https:\/\/yoast.com\/wordpress\/plugins\/seo\/ -->\n<title>BRCGS Food Safety - sytuacje kryzysowe \/ incydenty - EVOCERT<\/title>\n<meta name=\"robots\" content=\"index, follow, max-snippet:-1, max-image-preview:large, max-video-preview:-1\" \/>\n<link rel=\"canonical\" href=\"https:\/\/evocert.pl\/tr\/brcgs-food-safety-srodki-i-sankcje\/\" \/>\n<meta property=\"og:locale\" content=\"tr_TR\" \/>\n<meta property=\"og:type\" content=\"article\" \/>\n<meta property=\"og:title\" content=\"BRCGS Food Safety - sytuacje kryzysowe \/ incydenty - EVOCERT\" \/>\n<meta property=\"og:description\" content=\"Obowi\u0105zki Klienta Zak\u0142ad ma obowi\u0105zek poinformowa\u0107 EVOCERT o: Incydenty dotycz\u0105ce bezpiecze\u0144stwa produktu Klienci maj\u0105 obowi\u0105zek powiadamiania EVOCERT o ka\u017cdym incydencie dotycz\u0105cym bezpiecze\u0144stwa produktu w ci\u0105gu 3 dni roboczych od daty zdarzenia lub wycofania produktu z rynku. Klient ma obowi\u0105zek przeprowadzi\u0107 dochodzenie i przekaza\u0107 szczeg\u00f3\u0142y na jego temat do EVOCERT w ci\u0105gu 21 dni kalendarzowych od [&hellip;]\" \/>\n<meta property=\"og:url\" content=\"https:\/\/evocert.pl\/tr\/brcgs-food-safety-srodki-i-sankcje\/\" \/>\n<meta property=\"og:site_name\" content=\"EVOCERT\" \/>\n<meta property=\"article:modified_time\" content=\"2025-11-04T17:05:35+00:00\" \/>\n<meta property=\"og:image\" content=\"https:\/\/evocert.pl\/wp-content\/uploads\/2025\/01\/EVOCERT_logo_KOLOR_PNG.png\" \/>\n\t<meta property=\"og:image:width\" content=\"378\" \/>\n\t<meta property=\"og:image:height\" content=\"378\" \/>\n\t<meta property=\"og:image:type\" content=\"image\/png\" \/>\n<meta name=\"twitter:card\" content=\"summary_large_image\" \/>\n<meta name=\"twitter:label1\" content=\"Tahmini okuma s\u00fcresi\" \/>\n\t<meta name=\"twitter:data1\" content=\"1 dakika\" \/>\n<script type=\"application\/ld+json\" class=\"yoast-schema-graph\">{\"@context\":\"https:\/\/schema.org\",\"@graph\":[{\"@type\":\"WebPage\",\"@id\":\"https:\/\/evocert.pl\/brcgs-food-safety-srodki-i-sankcje\/\",\"url\":\"https:\/\/evocert.pl\/brcgs-food-safety-srodki-i-sankcje\/\",\"name\":\"BRCGS Food Safety - sytuacje kryzysowe \/ incydenty - EVOCERT\",\"isPartOf\":{\"@id\":\"https:\/\/evocert.pl\/en\/#website\"},\"datePublished\":\"2025-01-03T08:14:06+00:00\",\"dateModified\":\"2025-11-04T17:05:35+00:00\",\"breadcrumb\":{\"@id\":\"https:\/\/evocert.pl\/brcgs-food-safety-srodki-i-sankcje\/#breadcrumb\"},\"inLanguage\":\"tr\",\"potentialAction\":[{\"@type\":\"ReadAction\",\"target\":[\"https:\/\/evocert.pl\/brcgs-food-safety-srodki-i-sankcje\/\"]}]},{\"@type\":\"BreadcrumbList\",\"@id\":\"https:\/\/evocert.pl\/brcgs-food-safety-srodki-i-sankcje\/#breadcrumb\",\"itemListElement\":[{\"@type\":\"ListItem\",\"position\":1,\"name\":\"Strona g\u0142\u00f3wna\",\"item\":\"https:\/\/evocert.pl\/en\/\"},{\"@type\":\"ListItem\",\"position\":2,\"name\":\"BRCGS Food Safety &#8211; sytuacje kryzysowe \/ incydenty\"}]},{\"@type\":\"WebSite\",\"@id\":\"https:\/\/evocert.pl\/en\/#website\",\"url\":\"https:\/\/evocert.pl\/en\/\",\"name\":\"EVOCERT\",\"description\":\"Evolution in certification\",\"publisher\":{\"@id\":\"https:\/\/evocert.pl\/en\/#organization\"},\"potentialAction\":[{\"@type\":\"SearchAction\",\"target\":{\"@type\":\"EntryPoint\",\"urlTemplate\":\"https:\/\/evocert.pl\/en\/?s={search_term_string}\"},\"query-input\":{\"@type\":\"PropertyValueSpecification\",\"valueRequired\":true,\"valueName\":\"search_term_string\"}}],\"inLanguage\":\"tr\"},{\"@type\":\"Organization\",\"@id\":\"https:\/\/evocert.pl\/en\/#organization\",\"name\":\"EVOCERT\",\"url\":\"https:\/\/evocert.pl\/en\/\",\"logo\":{\"@type\":\"ImageObject\",\"inLanguage\":\"tr\",\"@id\":\"https:\/\/evocert.pl\/en\/#\/schema\/logo\/image\/\",\"url\":\"https:\/\/evocert.pl\/wp-content\/uploads\/2025\/01\/EVOCERT_logo_KOLOR_PNG.png\",\"contentUrl\":\"https:\/\/evocert.pl\/wp-content\/uploads\/2025\/01\/EVOCERT_logo_KOLOR_PNG.png\",\"width\":378,\"height\":378,\"caption\":\"EVOCERT\"},\"image\":{\"@id\":\"https:\/\/evocert.pl\/en\/#\/schema\/logo\/image\/\"},\"sameAs\":[\"https:\/\/www.linkedin.com\/company\/evocert-sp-z-o-o\"]}]}<\/script>\n<!-- \/ Yoast SEO plugin. -->","yoast_head_json":{"title":"BRCGS Food Safety - sytuacje kryzysowe \/ incydenty - EVOCERT","robots":{"index":"index","follow":"follow","max-snippet":"max-snippet:-1","max-image-preview":"max-image-preview:large","max-video-preview":"max-video-preview:-1"},"canonical":"https:\/\/evocert.pl\/tr\/brcgs-food-safety-srodki-i-sankcje\/","og_locale":"tr_TR","og_type":"article","og_title":"BRCGS Food Safety - sytuacje kryzysowe \/ incydenty - EVOCERT","og_description":"Obowi\u0105zki Klienta Zak\u0142ad ma obowi\u0105zek poinformowa\u0107 EVOCERT o: Incydenty dotycz\u0105ce bezpiecze\u0144stwa produktu Klienci maj\u0105 obowi\u0105zek powiadamiania EVOCERT o ka\u017cdym incydencie dotycz\u0105cym bezpiecze\u0144stwa produktu w ci\u0105gu 3 dni roboczych od daty zdarzenia lub wycofania produktu z rynku. Klient ma obowi\u0105zek przeprowadzi\u0107 dochodzenie i przekaza\u0107 szczeg\u00f3\u0142y na jego temat do EVOCERT w ci\u0105gu 21 dni kalendarzowych od [&hellip;]","og_url":"https:\/\/evocert.pl\/tr\/brcgs-food-safety-srodki-i-sankcje\/","og_site_name":"EVOCERT","article_modified_time":"2025-11-04T17:05:35+00:00","og_image":[{"width":378,"height":378,"url":"https:\/\/evocert.pl\/wp-content\/uploads\/2025\/01\/EVOCERT_logo_KOLOR_PNG.png","type":"image\/png"}],"twitter_card":"summary_large_image","twitter_misc":{"Tahmini okuma s\u00fcresi":"1 dakika"},"schema":{"@context":"https:\/\/schema.org","@graph":[{"@type":"WebPage","@id":"https:\/\/evocert.pl\/brcgs-food-safety-srodki-i-sankcje\/","url":"https:\/\/evocert.pl\/brcgs-food-safety-srodki-i-sankcje\/","name":"BRCGS Food Safety - sytuacje kryzysowe \/ incydenty - EVOCERT","isPartOf":{"@id":"https:\/\/evocert.pl\/en\/#website"},"datePublished":"2025-01-03T08:14:06+00:00","dateModified":"2025-11-04T17:05:35+00:00","breadcrumb":{"@id":"https:\/\/evocert.pl\/brcgs-food-safety-srodki-i-sankcje\/#breadcrumb"},"inLanguage":"tr","potentialAction":[{"@type":"ReadAction","target":["https:\/\/evocert.pl\/brcgs-food-safety-srodki-i-sankcje\/"]}]},{"@type":"BreadcrumbList","@id":"https:\/\/evocert.pl\/brcgs-food-safety-srodki-i-sankcje\/#breadcrumb","itemListElement":[{"@type":"ListItem","position":1,"name":"Strona g\u0142\u00f3wna","item":"https:\/\/evocert.pl\/en\/"},{"@type":"ListItem","position":2,"name":"BRCGS Food Safety &#8211; sytuacje kryzysowe \/ incydenty"}]},{"@type":"WebSite","@id":"https:\/\/evocert.pl\/en\/#website","url":"https:\/\/evocert.pl\/en\/","name":"EVOCERT","description":"Evolution in certification","publisher":{"@id":"https:\/\/evocert.pl\/en\/#organization"},"potentialAction":[{"@type":"SearchAction","target":{"@type":"EntryPoint","urlTemplate":"https:\/\/evocert.pl\/en\/?s={search_term_string}"},"query-input":{"@type":"PropertyValueSpecification","valueRequired":true,"valueName":"search_term_string"}}],"inLanguage":"tr"},{"@type":"Organization","@id":"https:\/\/evocert.pl\/en\/#organization","name":"EVOCERT","url":"https:\/\/evocert.pl\/en\/","logo":{"@type":"ImageObject","inLanguage":"tr","@id":"https:\/\/evocert.pl\/en\/#\/schema\/logo\/image\/","url":"https:\/\/evocert.pl\/wp-content\/uploads\/2025\/01\/EVOCERT_logo_KOLOR_PNG.png","contentUrl":"https:\/\/evocert.pl\/wp-content\/uploads\/2025\/01\/EVOCERT_logo_KOLOR_PNG.png","width":378,"height":378,"caption":"EVOCERT"},"image":{"@id":"https:\/\/evocert.pl\/en\/#\/schema\/logo\/image\/"},"sameAs":["https:\/\/www.linkedin.com\/company\/evocert-sp-z-o-o"]}]}},"_links":{"self":[{"href":"https:\/\/evocert.pl\/tr\/wp-json\/wp\/v2\/pages\/2041","targetHints":{"allow":["GET"]}}],"collection":[{"href":"https:\/\/evocert.pl\/tr\/wp-json\/wp\/v2\/pages"}],"about":[{"href":"https:\/\/evocert.pl\/tr\/wp-json\/wp\/v2\/types\/page"}],"author":[{"embeddable":true,"href":"https:\/\/evocert.pl\/tr\/wp-json\/wp\/v2\/users\/2"}],"replies":[{"embeddable":true,"href":"https:\/\/evocert.pl\/tr\/wp-json\/wp\/v2\/comments?post=2041"}],"version-history":[{"count":4,"href":"https:\/\/evocert.pl\/tr\/wp-json\/wp\/v2\/pages\/2041\/revisions"}],"predecessor-version":[{"id":5069,"href":"https:\/\/evocert.pl\/tr\/wp-json\/wp\/v2\/pages\/2041\/revisions\/5069"}],"wp:attachment":[{"href":"https:\/\/evocert.pl\/tr\/wp-json\/wp\/v2\/media?parent=2041"}],"curies":[{"name":"wp","href":"https:\/\/api.w.org\/{rel}","templated":true}]}}