{"id":2026,"date":"2025-01-03T09:12:38","date_gmt":"2025-01-03T08:12:38","guid":{"rendered":"https:\/\/evocert.pl\/?page_id=2026"},"modified":"2025-11-04T18:05:41","modified_gmt":"2025-11-04T17:05:41","slug":"brcgs-food-safety-podstawy-prawne-i-wymagania","status":"publish","type":"page","link":"https:\/\/evocert.pl\/tr\/brcgs-food-safety-podstawy-prawne-i-wymagania\/","title":{"rendered":"BRCGS Food Safety \u2013 gereksinimleri"},"content":{"rendered":"<div class=\"wp-block-group alignfull has-heading-color has-text-color has-link-color has-small-font-size wp-elements-6445b4f94758fd2b52fe2618df674888 is-vertical is-content-justification-stretch is-layout-flex wp-container-core-group-is-layout-d8e33f2a wp-block-group-is-layout-flex\" style=\"padding-right:var(--wp--preset--spacing--60);padding-bottom:var(--wp--preset--spacing--70);padding-left:var(--wp--preset--spacing--30);line-height:1.6\">\n<h2 class=\"wp-block-heading has-custom-logo-color has-text-color has-link-color has-medium-font-size wp-elements-005ed3d1473c7d13ea2fb6824ff94658\">BRCGS Food Safety v.9 sertifikas\u0131 hangi gerekliliklere dayanmaktad\u0131r?<\/h2>\n\n\n\n<p class=\"translation-block\">BRCGS Food Safety sertifikas\u0131n\u0131 alabilmek i\u00e7in, bir \u015firketin uluslararas\u0131 <strong>BRCGS BRCGS Food Safety v. 9<\/strong> standard\u0131nda belirtilen kriterleri kar\u015f\u0131lamas\u0131 gerekir. EVOCERT olarak, mevcut ve resmi gerekliliklere ve y\u00f6nergelere dayal\u0131 olarak uyumluluk de\u011ferlendirmeleri ger\u00e7ekle\u015ftiriyoruz.<\/p>\n\n\n\n<p>Sertifikasyon s\u00fcrecini \u015fu esaslara g\u00f6re y\u00fcr\u00fct\u00fcyoruz:<\/p>\n\n\n\n<ul class=\"wp-block-list\">\n<li class=\"translation-block\"><strong>BRCGS Food Safety Standard\u0131 v. 9<\/strong> \u2013 sertifikasyon s\u00fcrecinin y\u00f6netimi ve denetimi i\u00e7in gereklilikleri, denetim prosed\u00fcrlerini ve ilkeleri belirten, ek bilgiler ve terimlerin tan\u0131mlar\u0131yla desteklenen ana belge,<\/li>\n\n\n\n<li class=\"translation-block\"><strong>Konum Beyanlar\u0131<\/strong> \u2013 standarda ili\u015fkin resmi yorumlar\u0131 veya ekleri i\u00e7eren,<\/li>\n\n\n\n<li class=\"translation-block\"><strong>BRCGS K\u0131lavuzlar\u0131<\/strong> \u2013 standard\u0131n anla\u015f\u0131lmas\u0131n\u0131 ve uygulanmas\u0131n\u0131 kolayla\u015ft\u0131ran destekleyici belgeler,<\/li>\n\n\n\n<li class=\"translation-block\">Hijyen, g\u0131da g\u00fcvenli\u011fi ve kalite sistemlerine ili\u015fkin <strong>uygulanabilir yasal h\u00fck\u00fcmler<\/strong>.<\/li>\n<\/ul>\n\n\n\n<hr class=\"wp-block-separator has-text-color has-custom-logo-color has-alpha-channel-opacity has-custom-logo-background-color has-background is-style-wide\" style=\"margin-top:var(--wp--preset--spacing--40);margin-bottom:var(--wp--preset--spacing--40)\"\/>\n\n\n\n<h2 class=\"wp-block-heading has-custom-logo-color has-text-color has-link-color has-medium-font-size wp-elements-7f3cdbf2ca6a66a253ecca0ec65a5950\">Akl\u0131n\u0131za tak\u0131lan bir\u015fey mi var? <\/h2>\n\n\n\n<p class=\"translation-block\"><strong>EVOCERT<\/strong> ekibi size yard\u0131mc\u0131 olmaktan ve sorular\u0131n\u0131z\u0131 yan\u0131tlamaktan mutluluk duyacakt\u0131r; sertifikasyonun her a\u015famas\u0131nda yan\u0131n\u0131zday\u0131z.<\/p>\n\n\n\n<div class=\"wp-block-buttons is-content-justification-center is-layout-flex wp-container-core-buttons-is-layout-c304233e wp-block-buttons-is-layout-flex\" style=\"margin-top:var(--wp--preset--spacing--20);margin-bottom:var(--wp--preset--spacing--30)\">\n<div class=\"wp-block-button\"><a class=\"wp-block-button__link has-foreground-color has-custom-logo-background-color has-text-color has-background has-link-color has-body-text-font-size has-custom-font-size wp-element-button\" href=\"https:\/\/evocert.pl\/tr\/ifs-food-kontakt\/\" style=\"padding-top:0.85rem;padding-right:2rem;padding-bottom:0.85rem;padding-left:2rem\"><strong>Bize Ula\u015f\u0131n<\/strong><\/a><\/div>\n<\/div>\n<\/div>","protected":false},"excerpt":{"rendered":"<p>Na jakich wymaganiach opiera si\u0119 certyfikacja BRCGS Food Safety v. 9? Aby uzyska\u0107 certyfikat BRCGS Food Safety, firma musi spe\u0142ni\u0107 kryteria okre\u015blone w mi\u0119dzynarodowym standardzie BRCGS Food Safety v. 9. W EVOCERT przeprowadzamy ocen\u0119 zgodno\u015bci na podstawie aktualnych i oficjalnych wymaga\u0144 i wytycznych. Proces certyfikacji realizujemy w oparciu o: Masz w\u0105tpliwo\u015bci? Zesp\u00f3\u0142 EVOCERT ch\u0119tnie pomo\u017ce [&hellip;]<\/p>","protected":false},"author":2,"featured_media":0,"parent":0,"menu_order":0,"comment_status":"closed","ping_status":"closed","template":"wp-custom-template-oferta-brc-food-safety-podstawy-prawne-wymagania","meta":{"footnotes":""},"class_list":["post-2026","page","type-page","status-publish","hentry"],"yoast_head":"<!-- This site is optimized with the Yoast SEO plugin v26.3 - https:\/\/yoast.com\/wordpress\/plugins\/seo\/ -->\n<title>BRCGS Food Safety - wymagania - EVOCERT<\/title>\n<meta name=\"robots\" content=\"index, follow, max-snippet:-1, max-image-preview:large, max-video-preview:-1\" \/>\n<link rel=\"canonical\" href=\"https:\/\/evocert.pl\/tr\/brcgs-food-safety-podstawy-prawne-i-wymagania\/\" \/>\n<meta property=\"og:locale\" content=\"tr_TR\" \/>\n<meta property=\"og:type\" content=\"article\" \/>\n<meta property=\"og:title\" content=\"BRCGS Food Safety - wymagania - EVOCERT\" \/>\n<meta property=\"og:description\" content=\"Na jakich wymaganiach opiera si\u0119 certyfikacja BRCGS Food Safety v. 9? Aby uzyska\u0107 certyfikat BRCGS Food Safety, firma musi spe\u0142ni\u0107 kryteria okre\u015blone w mi\u0119dzynarodowym standardzie BRCGS Food Safety v. 9. W EVOCERT przeprowadzamy ocen\u0119 zgodno\u015bci na podstawie aktualnych i oficjalnych wymaga\u0144 i wytycznych. Proces certyfikacji realizujemy w oparciu o: Masz w\u0105tpliwo\u015bci? Zesp\u00f3\u0142 EVOCERT ch\u0119tnie pomo\u017ce [&hellip;]\" \/>\n<meta property=\"og:url\" content=\"https:\/\/evocert.pl\/tr\/brcgs-food-safety-podstawy-prawne-i-wymagania\/\" \/>\n<meta property=\"og:site_name\" content=\"EVOCERT\" \/>\n<meta property=\"article:modified_time\" content=\"2025-11-04T17:05:41+00:00\" \/>\n<meta property=\"og:image\" content=\"https:\/\/evocert.pl\/wp-content\/uploads\/2025\/01\/EVOCERT_logo_KOLOR_PNG.png\" \/>\n\t<meta property=\"og:image:width\" content=\"378\" \/>\n\t<meta property=\"og:image:height\" content=\"378\" \/>\n\t<meta property=\"og:image:type\" content=\"image\/png\" \/>\n<meta name=\"twitter:card\" content=\"summary_large_image\" \/>\n<meta name=\"twitter:label1\" content=\"Tahmini okuma s\u00fcresi\" \/>\n\t<meta name=\"twitter:data1\" content=\"1 dakika\" \/>\n<script type=\"application\/ld+json\" class=\"yoast-schema-graph\">{\"@context\":\"https:\/\/schema.org\",\"@graph\":[{\"@type\":\"WebPage\",\"@id\":\"https:\/\/evocert.pl\/brcgs-food-safety-podstawy-prawne-i-wymagania\/\",\"url\":\"https:\/\/evocert.pl\/brcgs-food-safety-podstawy-prawne-i-wymagania\/\",\"name\":\"BRCGS Food Safety - wymagania - EVOCERT\",\"isPartOf\":{\"@id\":\"https:\/\/evocert.pl\/en\/#website\"},\"datePublished\":\"2025-01-03T08:12:38+00:00\",\"dateModified\":\"2025-11-04T17:05:41+00:00\",\"breadcrumb\":{\"@id\":\"https:\/\/evocert.pl\/brcgs-food-safety-podstawy-prawne-i-wymagania\/#breadcrumb\"},\"inLanguage\":\"tr\",\"potentialAction\":[{\"@type\":\"ReadAction\",\"target\":[\"https:\/\/evocert.pl\/brcgs-food-safety-podstawy-prawne-i-wymagania\/\"]}]},{\"@type\":\"BreadcrumbList\",\"@id\":\"https:\/\/evocert.pl\/brcgs-food-safety-podstawy-prawne-i-wymagania\/#breadcrumb\",\"itemListElement\":[{\"@type\":\"ListItem\",\"position\":1,\"name\":\"Strona g\u0142\u00f3wna\",\"item\":\"https:\/\/evocert.pl\/en\/\"},{\"@type\":\"ListItem\",\"position\":2,\"name\":\"BRCGS Food Safety &#8211; wymagania\"}]},{\"@type\":\"WebSite\",\"@id\":\"https:\/\/evocert.pl\/en\/#website\",\"url\":\"https:\/\/evocert.pl\/en\/\",\"name\":\"EVOCERT\",\"description\":\"Evolution in certification\",\"publisher\":{\"@id\":\"https:\/\/evocert.pl\/en\/#organization\"},\"potentialAction\":[{\"@type\":\"SearchAction\",\"target\":{\"@type\":\"EntryPoint\",\"urlTemplate\":\"https:\/\/evocert.pl\/en\/?s={search_term_string}\"},\"query-input\":{\"@type\":\"PropertyValueSpecification\",\"valueRequired\":true,\"valueName\":\"search_term_string\"}}],\"inLanguage\":\"tr\"},{\"@type\":\"Organization\",\"@id\":\"https:\/\/evocert.pl\/en\/#organization\",\"name\":\"EVOCERT\",\"url\":\"https:\/\/evocert.pl\/en\/\",\"logo\":{\"@type\":\"ImageObject\",\"inLanguage\":\"tr\",\"@id\":\"https:\/\/evocert.pl\/en\/#\/schema\/logo\/image\/\",\"url\":\"https:\/\/evocert.pl\/wp-content\/uploads\/2025\/01\/EVOCERT_logo_KOLOR_PNG.png\",\"contentUrl\":\"https:\/\/evocert.pl\/wp-content\/uploads\/2025\/01\/EVOCERT_logo_KOLOR_PNG.png\",\"width\":378,\"height\":378,\"caption\":\"EVOCERT\"},\"image\":{\"@id\":\"https:\/\/evocert.pl\/en\/#\/schema\/logo\/image\/\"},\"sameAs\":[\"https:\/\/www.linkedin.com\/company\/evocert-sp-z-o-o\"]}]}<\/script>\n<!-- \/ Yoast SEO plugin. -->","yoast_head_json":{"title":"BRCGS Food Safety - wymagania - EVOCERT","robots":{"index":"index","follow":"follow","max-snippet":"max-snippet:-1","max-image-preview":"max-image-preview:large","max-video-preview":"max-video-preview:-1"},"canonical":"https:\/\/evocert.pl\/tr\/brcgs-food-safety-podstawy-prawne-i-wymagania\/","og_locale":"tr_TR","og_type":"article","og_title":"BRCGS Food Safety - wymagania - EVOCERT","og_description":"Na jakich wymaganiach opiera si\u0119 certyfikacja BRCGS Food Safety v. 9? Aby uzyska\u0107 certyfikat BRCGS Food Safety, firma musi spe\u0142ni\u0107 kryteria okre\u015blone w mi\u0119dzynarodowym standardzie BRCGS Food Safety v. 9. W EVOCERT przeprowadzamy ocen\u0119 zgodno\u015bci na podstawie aktualnych i oficjalnych wymaga\u0144 i wytycznych. Proces certyfikacji realizujemy w oparciu o: Masz w\u0105tpliwo\u015bci? Zesp\u00f3\u0142 EVOCERT ch\u0119tnie pomo\u017ce [&hellip;]","og_url":"https:\/\/evocert.pl\/tr\/brcgs-food-safety-podstawy-prawne-i-wymagania\/","og_site_name":"EVOCERT","article_modified_time":"2025-11-04T17:05:41+00:00","og_image":[{"width":378,"height":378,"url":"https:\/\/evocert.pl\/wp-content\/uploads\/2025\/01\/EVOCERT_logo_KOLOR_PNG.png","type":"image\/png"}],"twitter_card":"summary_large_image","twitter_misc":{"Tahmini okuma s\u00fcresi":"1 dakika"},"schema":{"@context":"https:\/\/schema.org","@graph":[{"@type":"WebPage","@id":"https:\/\/evocert.pl\/brcgs-food-safety-podstawy-prawne-i-wymagania\/","url":"https:\/\/evocert.pl\/brcgs-food-safety-podstawy-prawne-i-wymagania\/","name":"BRCGS Food Safety - wymagania - EVOCERT","isPartOf":{"@id":"https:\/\/evocert.pl\/en\/#website"},"datePublished":"2025-01-03T08:12:38+00:00","dateModified":"2025-11-04T17:05:41+00:00","breadcrumb":{"@id":"https:\/\/evocert.pl\/brcgs-food-safety-podstawy-prawne-i-wymagania\/#breadcrumb"},"inLanguage":"tr","potentialAction":[{"@type":"ReadAction","target":["https:\/\/evocert.pl\/brcgs-food-safety-podstawy-prawne-i-wymagania\/"]}]},{"@type":"BreadcrumbList","@id":"https:\/\/evocert.pl\/brcgs-food-safety-podstawy-prawne-i-wymagania\/#breadcrumb","itemListElement":[{"@type":"ListItem","position":1,"name":"Strona g\u0142\u00f3wna","item":"https:\/\/evocert.pl\/en\/"},{"@type":"ListItem","position":2,"name":"BRCGS Food Safety &#8211; wymagania"}]},{"@type":"WebSite","@id":"https:\/\/evocert.pl\/en\/#website","url":"https:\/\/evocert.pl\/en\/","name":"EVOCERT","description":"Evolution in certification","publisher":{"@id":"https:\/\/evocert.pl\/en\/#organization"},"potentialAction":[{"@type":"SearchAction","target":{"@type":"EntryPoint","urlTemplate":"https:\/\/evocert.pl\/en\/?s={search_term_string}"},"query-input":{"@type":"PropertyValueSpecification","valueRequired":true,"valueName":"search_term_string"}}],"inLanguage":"tr"},{"@type":"Organization","@id":"https:\/\/evocert.pl\/en\/#organization","name":"EVOCERT","url":"https:\/\/evocert.pl\/en\/","logo":{"@type":"ImageObject","inLanguage":"tr","@id":"https:\/\/evocert.pl\/en\/#\/schema\/logo\/image\/","url":"https:\/\/evocert.pl\/wp-content\/uploads\/2025\/01\/EVOCERT_logo_KOLOR_PNG.png","contentUrl":"https:\/\/evocert.pl\/wp-content\/uploads\/2025\/01\/EVOCERT_logo_KOLOR_PNG.png","width":378,"height":378,"caption":"EVOCERT"},"image":{"@id":"https:\/\/evocert.pl\/en\/#\/schema\/logo\/image\/"},"sameAs":["https:\/\/www.linkedin.com\/company\/evocert-sp-z-o-o"]}]}},"_links":{"self":[{"href":"https:\/\/evocert.pl\/tr\/wp-json\/wp\/v2\/pages\/2026","targetHints":{"allow":["GET"]}}],"collection":[{"href":"https:\/\/evocert.pl\/tr\/wp-json\/wp\/v2\/pages"}],"about":[{"href":"https:\/\/evocert.pl\/tr\/wp-json\/wp\/v2\/types\/page"}],"author":[{"embeddable":true,"href":"https:\/\/evocert.pl\/tr\/wp-json\/wp\/v2\/users\/2"}],"replies":[{"embeddable":true,"href":"https:\/\/evocert.pl\/tr\/wp-json\/wp\/v2\/comments?post=2026"}],"version-history":[{"count":4,"href":"https:\/\/evocert.pl\/tr\/wp-json\/wp\/v2\/pages\/2026\/revisions"}],"predecessor-version":[{"id":5071,"href":"https:\/\/evocert.pl\/tr\/wp-json\/wp\/v2\/pages\/2026\/revisions\/5071"}],"wp:attachment":[{"href":"https:\/\/evocert.pl\/tr\/wp-json\/wp\/v2\/media?parent=2026"}],"curies":[{"name":"wp","href":"https:\/\/api.w.org\/{rel}","templated":true}]}}