{"id":1776,"date":"2025-01-02T13:19:02","date_gmt":"2025-01-02T12:19:02","guid":{"rendered":"https:\/\/evocert.pl\/?page_id=1776"},"modified":"2025-10-24T10:00:34","modified_gmt":"2025-10-24T08:00:34","slug":"ifs-logistics-sytuacje-kryzysowe-incydenty","status":"publish","type":"page","link":"https:\/\/evocert.pl\/tr\/ifs-logistics-sytuacje-kryzysowe-incydenty\/","title":{"rendered":"IFS Logistics \u2013 kriz durumlar\u0131 \/ olaylar"},"content":{"rendered":"<div class=\"wp-block-group has-heading-color has-text-color has-link-color has-small-font-size wp-elements-909c4e492a97ef2e250050757edfcded is-vertical is-content-justification-stretch is-layout-flex wp-container-core-group-is-layout-d8e33f2a wp-block-group-is-layout-flex\" style=\"padding-right:var(--wp--preset--spacing--60);padding-bottom:var(--wp--preset--spacing--70);padding-left:var(--wp--preset--spacing--30);line-height:1.6\">\n<h2 class=\"wp-block-heading has-custom-logo-color has-text-color has-link-color has-medium-font-size wp-elements-218daf327d4c370e10493de81747ca0b\">M\u00fc\u015fterinin Y\u00fck\u00fcml\u00fcl\u00fckleri<\/h2>\n\n\n\n<p class=\"translation-block\">IFS Logistics standard\u0131na uyumu etkileyebilecek olaylar olmas\u0131 durumunda, M\u00fc\u015fteri EVOCERT'i <strong>derhal<\/strong> bilgilendirmelidir. Bu, hem acil durumlar (\u00fcr\u00fcn geri \u00e7a\u011f\u0131rmalar\u0131 gibi) hem de \u00f6nemli organizasyonel veya operasyonel de\u011fi\u015fiklikler i\u00e7in ge\u00e7erlidir.<\/p>\n\n\n\n<h3 class=\"wp-block-heading has-custom-logo-color has-text-color has-link-color has-medium-font-size wp-elements-317ec66494c218d6ac45a7a7df701c8c\">\u00d6zellikle a\u015fa\u011f\u0131daki durumlarda bildirim yap\u0131lmas\u0131 gerekmektedir:<\/h3>\n\n\n\n<ul class=\"wp-block-list\">\n<li>\u00dcr\u00fcn\u00fcn sahibi olan lojistik firmas\u0131ndan kaynaklanan \u00fcr\u00fcn iadesi\/piyasadan \u00e7ekilmesi,<\/li>\n\n\n\n<li>\u00dcr\u00fcn g\u00fcvenli\u011fi ve\/veya \u00fcr\u00fcn sahtekarl\u0131\u011f\u0131 ile ilgili zorunlu i\u015flemlere yol a\u00e7an denetim makamlar\u0131 taraf\u0131ndan yap\u0131lan ziyaretler.<\/li>\n<\/ul>\n\n\n\n<p>Her olay\u0131n derhal, yukar\u0131da belirtilenlerin ise en ge\u00e7 3 i\u015f g\u00fcn\u00fc i\u00e7erisinde bildirilmesi gerekmektedir.<\/p>\n<\/div>","protected":false},"excerpt":{"rendered":"<p>Obowi\u0105zki Klienta W przypadku wyst\u0105pienia zdarze\u0144 mog\u0105cych wp\u0142yn\u0105\u0107 na zgodno\u015b\u0107 z wymaganiami standardu IFS Logistics, Klient ma obowi\u0105zek niezw\u0142ocznie poinformowa\u0107 EVOCERT. Dotyczy to zar\u00f3wno sytuacji nadzwyczajnych (takich jak wycofanie produktu z rynku), jak i istotnych zmian organizacyjnych czy operacyjnych. Zg\u0142oszenia wymagane s\u0105 w szczeg\u00f3lno\u015bci w przypadku: Ka\u017cde zdarzenie powinno by\u0107 zg\u0142oszone bezzw\u0142ocznie, a te wymienione [&hellip;]<\/p>","protected":false},"author":2,"featured_media":0,"parent":0,"menu_order":0,"comment_status":"closed","ping_status":"closed","template":"wp-custom-template-oferta-ifs-logistics-rodki-sankcje","meta":{"footnotes":""},"class_list":["post-1776","page","type-page","status-publish","hentry"],"yoast_head":"<!-- This site is optimized with the Yoast SEO plugin v26.3 - https:\/\/yoast.com\/wordpress\/plugins\/seo\/ -->\n<title>IFS Logistics - sytuacje kryzysowe \/ incydenty - EVOCERT<\/title>\n<meta name=\"robots\" content=\"index, follow, max-snippet:-1, max-image-preview:large, max-video-preview:-1\" \/>\n<link rel=\"canonical\" href=\"https:\/\/evocert.pl\/tr\/ifs-logistics-sytuacje-kryzysowe-incydenty\/\" \/>\n<meta property=\"og:locale\" content=\"tr_TR\" \/>\n<meta property=\"og:type\" content=\"article\" \/>\n<meta property=\"og:title\" content=\"IFS Logistics - sytuacje kryzysowe \/ incydenty - EVOCERT\" \/>\n<meta property=\"og:description\" content=\"Obowi\u0105zki Klienta W przypadku wyst\u0105pienia zdarze\u0144 mog\u0105cych wp\u0142yn\u0105\u0107 na zgodno\u015b\u0107 z wymaganiami standardu IFS Logistics, Klient ma obowi\u0105zek niezw\u0142ocznie poinformowa\u0107 EVOCERT. Dotyczy to zar\u00f3wno sytuacji nadzwyczajnych (takich jak wycofanie produktu z rynku), jak i istotnych zmian organizacyjnych czy operacyjnych. Zg\u0142oszenia wymagane s\u0105 w szczeg\u00f3lno\u015bci w przypadku: Ka\u017cde zdarzenie powinno by\u0107 zg\u0142oszone bezzw\u0142ocznie, a te wymienione [&hellip;]\" \/>\n<meta property=\"og:url\" content=\"https:\/\/evocert.pl\/tr\/ifs-logistics-sytuacje-kryzysowe-incydenty\/\" \/>\n<meta property=\"og:site_name\" content=\"EVOCERT\" \/>\n<meta property=\"article:modified_time\" content=\"2025-10-24T08:00:34+00:00\" \/>\n<meta property=\"og:image\" content=\"https:\/\/evocert.pl\/wp-content\/uploads\/2025\/01\/EVOCERT_logo_KOLOR_PNG.png\" \/>\n\t<meta property=\"og:image:width\" content=\"378\" \/>\n\t<meta property=\"og:image:height\" content=\"378\" \/>\n\t<meta property=\"og:image:type\" content=\"image\/png\" \/>\n<meta name=\"twitter:card\" content=\"summary_large_image\" \/>\n<meta name=\"twitter:label1\" content=\"Tahmini okuma s\u00fcresi\" \/>\n\t<meta name=\"twitter:data1\" content=\"1 dakika\" \/>\n<script type=\"application\/ld+json\" class=\"yoast-schema-graph\">{\"@context\":\"https:\/\/schema.org\",\"@graph\":[{\"@type\":\"WebPage\",\"@id\":\"https:\/\/evocert.pl\/ifs-logistics-sytuacje-kryzysowe-incydenty\/\",\"url\":\"https:\/\/evocert.pl\/ifs-logistics-sytuacje-kryzysowe-incydenty\/\",\"name\":\"IFS Logistics - sytuacje kryzysowe \/ incydenty - EVOCERT\",\"isPartOf\":{\"@id\":\"https:\/\/evocert.pl\/en\/#website\"},\"datePublished\":\"2025-01-02T12:19:02+00:00\",\"dateModified\":\"2025-10-24T08:00:34+00:00\",\"breadcrumb\":{\"@id\":\"https:\/\/evocert.pl\/ifs-logistics-sytuacje-kryzysowe-incydenty\/#breadcrumb\"},\"inLanguage\":\"tr\",\"potentialAction\":[{\"@type\":\"ReadAction\",\"target\":[\"https:\/\/evocert.pl\/ifs-logistics-sytuacje-kryzysowe-incydenty\/\"]}]},{\"@type\":\"BreadcrumbList\",\"@id\":\"https:\/\/evocert.pl\/ifs-logistics-sytuacje-kryzysowe-incydenty\/#breadcrumb\",\"itemListElement\":[{\"@type\":\"ListItem\",\"position\":1,\"name\":\"Strona g\u0142\u00f3wna\",\"item\":\"https:\/\/evocert.pl\/en\/\"},{\"@type\":\"ListItem\",\"position\":2,\"name\":\"IFS Logistics &#8211; sytuacje kryzysowe \/ incydenty\"}]},{\"@type\":\"WebSite\",\"@id\":\"https:\/\/evocert.pl\/en\/#website\",\"url\":\"https:\/\/evocert.pl\/en\/\",\"name\":\"EVOCERT\",\"description\":\"Evolution in certification\",\"publisher\":{\"@id\":\"https:\/\/evocert.pl\/en\/#organization\"},\"potentialAction\":[{\"@type\":\"SearchAction\",\"target\":{\"@type\":\"EntryPoint\",\"urlTemplate\":\"https:\/\/evocert.pl\/en\/?s={search_term_string}\"},\"query-input\":{\"@type\":\"PropertyValueSpecification\",\"valueRequired\":true,\"valueName\":\"search_term_string\"}}],\"inLanguage\":\"tr\"},{\"@type\":\"Organization\",\"@id\":\"https:\/\/evocert.pl\/en\/#organization\",\"name\":\"EVOCERT\",\"url\":\"https:\/\/evocert.pl\/en\/\",\"logo\":{\"@type\":\"ImageObject\",\"inLanguage\":\"tr\",\"@id\":\"https:\/\/evocert.pl\/en\/#\/schema\/logo\/image\/\",\"url\":\"https:\/\/evocert.pl\/wp-content\/uploads\/2025\/01\/EVOCERT_logo_KOLOR_PNG.png\",\"contentUrl\":\"https:\/\/evocert.pl\/wp-content\/uploads\/2025\/01\/EVOCERT_logo_KOLOR_PNG.png\",\"width\":378,\"height\":378,\"caption\":\"EVOCERT\"},\"image\":{\"@id\":\"https:\/\/evocert.pl\/en\/#\/schema\/logo\/image\/\"},\"sameAs\":[\"https:\/\/www.linkedin.com\/company\/evocert-sp-z-o-o\"]}]}<\/script>\n<!-- \/ Yoast SEO plugin. -->","yoast_head_json":{"title":"IFS Logistics - sytuacje kryzysowe \/ incydenty - EVOCERT","robots":{"index":"index","follow":"follow","max-snippet":"max-snippet:-1","max-image-preview":"max-image-preview:large","max-video-preview":"max-video-preview:-1"},"canonical":"https:\/\/evocert.pl\/tr\/ifs-logistics-sytuacje-kryzysowe-incydenty\/","og_locale":"tr_TR","og_type":"article","og_title":"IFS Logistics - sytuacje kryzysowe \/ incydenty - EVOCERT","og_description":"Obowi\u0105zki Klienta W przypadku wyst\u0105pienia zdarze\u0144 mog\u0105cych wp\u0142yn\u0105\u0107 na zgodno\u015b\u0107 z wymaganiami standardu IFS Logistics, Klient ma obowi\u0105zek niezw\u0142ocznie poinformowa\u0107 EVOCERT. Dotyczy to zar\u00f3wno sytuacji nadzwyczajnych (takich jak wycofanie produktu z rynku), jak i istotnych zmian organizacyjnych czy operacyjnych. Zg\u0142oszenia wymagane s\u0105 w szczeg\u00f3lno\u015bci w przypadku: Ka\u017cde zdarzenie powinno by\u0107 zg\u0142oszone bezzw\u0142ocznie, a te wymienione [&hellip;]","og_url":"https:\/\/evocert.pl\/tr\/ifs-logistics-sytuacje-kryzysowe-incydenty\/","og_site_name":"EVOCERT","article_modified_time":"2025-10-24T08:00:34+00:00","og_image":[{"width":378,"height":378,"url":"https:\/\/evocert.pl\/wp-content\/uploads\/2025\/01\/EVOCERT_logo_KOLOR_PNG.png","type":"image\/png"}],"twitter_card":"summary_large_image","twitter_misc":{"Tahmini okuma s\u00fcresi":"1 dakika"},"schema":{"@context":"https:\/\/schema.org","@graph":[{"@type":"WebPage","@id":"https:\/\/evocert.pl\/ifs-logistics-sytuacje-kryzysowe-incydenty\/","url":"https:\/\/evocert.pl\/ifs-logistics-sytuacje-kryzysowe-incydenty\/","name":"IFS Logistics - sytuacje kryzysowe \/ incydenty - EVOCERT","isPartOf":{"@id":"https:\/\/evocert.pl\/en\/#website"},"datePublished":"2025-01-02T12:19:02+00:00","dateModified":"2025-10-24T08:00:34+00:00","breadcrumb":{"@id":"https:\/\/evocert.pl\/ifs-logistics-sytuacje-kryzysowe-incydenty\/#breadcrumb"},"inLanguage":"tr","potentialAction":[{"@type":"ReadAction","target":["https:\/\/evocert.pl\/ifs-logistics-sytuacje-kryzysowe-incydenty\/"]}]},{"@type":"BreadcrumbList","@id":"https:\/\/evocert.pl\/ifs-logistics-sytuacje-kryzysowe-incydenty\/#breadcrumb","itemListElement":[{"@type":"ListItem","position":1,"name":"Strona g\u0142\u00f3wna","item":"https:\/\/evocert.pl\/en\/"},{"@type":"ListItem","position":2,"name":"IFS Logistics &#8211; sytuacje kryzysowe \/ incydenty"}]},{"@type":"WebSite","@id":"https:\/\/evocert.pl\/en\/#website","url":"https:\/\/evocert.pl\/en\/","name":"EVOCERT","description":"Evolution in certification","publisher":{"@id":"https:\/\/evocert.pl\/en\/#organization"},"potentialAction":[{"@type":"SearchAction","target":{"@type":"EntryPoint","urlTemplate":"https:\/\/evocert.pl\/en\/?s={search_term_string}"},"query-input":{"@type":"PropertyValueSpecification","valueRequired":true,"valueName":"search_term_string"}}],"inLanguage":"tr"},{"@type":"Organization","@id":"https:\/\/evocert.pl\/en\/#organization","name":"EVOCERT","url":"https:\/\/evocert.pl\/en\/","logo":{"@type":"ImageObject","inLanguage":"tr","@id":"https:\/\/evocert.pl\/en\/#\/schema\/logo\/image\/","url":"https:\/\/evocert.pl\/wp-content\/uploads\/2025\/01\/EVOCERT_logo_KOLOR_PNG.png","contentUrl":"https:\/\/evocert.pl\/wp-content\/uploads\/2025\/01\/EVOCERT_logo_KOLOR_PNG.png","width":378,"height":378,"caption":"EVOCERT"},"image":{"@id":"https:\/\/evocert.pl\/en\/#\/schema\/logo\/image\/"},"sameAs":["https:\/\/www.linkedin.com\/company\/evocert-sp-z-o-o"]}]}},"_links":{"self":[{"href":"https:\/\/evocert.pl\/tr\/wp-json\/wp\/v2\/pages\/1776","targetHints":{"allow":["GET"]}}],"collection":[{"href":"https:\/\/evocert.pl\/tr\/wp-json\/wp\/v2\/pages"}],"about":[{"href":"https:\/\/evocert.pl\/tr\/wp-json\/wp\/v2\/types\/page"}],"author":[{"embeddable":true,"href":"https:\/\/evocert.pl\/tr\/wp-json\/wp\/v2\/users\/2"}],"replies":[{"embeddable":true,"href":"https:\/\/evocert.pl\/tr\/wp-json\/wp\/v2\/comments?post=1776"}],"version-history":[{"count":4,"href":"https:\/\/evocert.pl\/tr\/wp-json\/wp\/v2\/pages\/1776\/revisions"}],"predecessor-version":[{"id":4958,"href":"https:\/\/evocert.pl\/tr\/wp-json\/wp\/v2\/pages\/1776\/revisions\/4958"}],"wp:attachment":[{"href":"https:\/\/evocert.pl\/tr\/wp-json\/wp\/v2\/media?parent=1776"}],"curies":[{"name":"wp","href":"https:\/\/api.w.org\/{rel}","templated":true}]}}