{"id":1760,"date":"2025-01-02T13:16:59","date_gmt":"2025-01-02T12:16:59","guid":{"rendered":"https:\/\/evocert.pl\/?page_id=1760"},"modified":"2026-04-23T10:39:32","modified_gmt":"2026-04-23T08:39:32","slug":"ifs-logistics-wymagania","status":"publish","type":"page","link":"https:\/\/evocert.pl\/tr\/ifs-logistics-wymagania\/","title":{"rendered":"IFS Logistics \u2013 gereksinimler"},"content":{"rendered":"<div class=\"wp-block-group alignfull has-heading-color has-text-color has-link-color has-small-font-size wp-elements-35e6f338761746e212ae79fa1ba4e135 is-vertical is-content-justification-stretch is-layout-flex wp-container-core-group-is-layout-d8e33f2a wp-block-group-is-layout-flex\" style=\"padding-right:var(--wp--preset--spacing--60);padding-bottom:var(--wp--preset--spacing--70);padding-left:var(--wp--preset--spacing--30);line-height:1.6\">\n<h2 class=\"wp-block-heading has-custom-logo-color has-text-color has-link-color has-medium-font-size wp-elements-1970dacdf107f2a51810e527d4447a9c\">IFS Logistics v.3 sertifikas\u0131 hangi gerekliliklere dayanmaktad\u0131r?<\/h2>\n\n\n\n<p class=\"translation-block\">IFS Logistics sertifikas\u0131n\u0131 alabilmek i\u00e7in, bir \u015firketin uluslararas\u0131 <strong>IFS Lojistik v. 3<\/strong> standard\u0131nda belirtilen kriterleri kar\u015f\u0131lamas\u0131 gerekir. EVOCERT olarak, <strong>g\u00fcncel ve resmi gerekliliklere ve y\u00f6nergelere<\/strong> dayal\u0131 bir uyumluluk de\u011ferlendirmesi ger\u00e7ekle\u015ftiriyoruz.<\/p>\n\n\n\n<p>Sertifikasyon s\u00fcrecini \u015fu esaslara g\u00f6re y\u00fcr\u00fct\u00fcyoruz:<\/p>\n\n\n\n<ul class=\"wp-block-list\">\n<li class=\"translation-block\"><strong>IFS Logistics v. 3 Standard\u0131<\/strong> \u2013 \u00fcr\u00fcn g\u00fcvenli\u011fi ve kalitesi, y\u00f6netim yap\u0131s\u0131, s\u00fcre\u00e7ler ve kontrol sistemleri i\u00e7in gereklilikleri tan\u0131mlayan ana belge,<\/li>\n\n\n\n<li class=\"translation-block\"><strong>Doktrin v. 2 IFS Logistics v. 3<\/strong> \u2013 Standard\u0131n \u00fc\u00e7\u00fcnc\u00fc versiyonunun gerekliliklerinin uygulanmas\u0131na ili\u015fkin yorumlar ve a\u00e7\u0131klamalar,<\/li>\n\n\n\n<li class=\"translation-block\"><strong>Doktrin v. 3 IFS Logistics v. 3<\/strong> \u2013 23 Haziran 2026 tarihinden itibaren ge\u00e7erli doktrin g\u00fcncellemesi<\/li>\n\n\n\n<li class=\"translation-block\"><strong>IFS K\u0131lavuzlar\u0131<\/strong> \u2013 standard\u0131n anla\u015f\u0131lmas\u0131n\u0131 ve uygulanmas\u0131n\u0131 kolayla\u015ft\u0131ran destekleyici belgeler,<\/li>\n\n\n\n<li class=\"translation-block\">Hijyen, g\u0131da g\u00fcvenli\u011fi ve kalite sistemlerine ili\u015fkin <strong>uygulanabilir yasal h\u00fck\u00fcmler<\/strong>.<\/li>\n<\/ul>\n\n\n\n<hr class=\"wp-block-separator has-text-color has-custom-logo-color has-alpha-channel-opacity has-custom-logo-background-color has-background is-style-wide\" style=\"margin-top:var(--wp--preset--spacing--40);margin-bottom:var(--wp--preset--spacing--40)\"\/>\n\n\n\n<h2 class=\"wp-block-heading has-custom-logo-color has-text-color has-link-color has-medium-font-size wp-elements-6af26d3727be14fa7d1c2dc29a4afa26\">IFS D\u00fcr\u00fcstl\u00fck Program\u0131 hakk\u0131nda bilgi<br><\/h2>\n\n\n\n<p class=\"translation-block\"><strong>IFS \u00c7er\u00e7eve Anla\u015fmas\u0131 Ek 4<\/strong>'\u00fcn gerekliliklerine uygun olarak, IFS sertifikasyonunun bir par\u00e7as\u0131 olarak ger\u00e7ekle\u015ftirilen t\u00fcm denetimlerin <strong>IFS D\u00fcr\u00fcstl\u00fck Program\u0131<\/strong> kapsam\u0131nda denetime tabi olabilece\u011fini bildiririz.<\/p>\n\n\n\n<p>Bu program\u0131n bir par\u00e7as\u0131 olarak:<\/p>\n\n\n\n<ul class=\"wp-block-list\">\n<li class=\"translation-block\">IFS Y\u00f6netimi, sertifikal\u0131 tesislerde <strong>duyurulu veya duyurulmam\u0131\u015f<\/strong> Yerinde B\u00fct\u00fcnl\u00fck Kontrolleri ger\u00e7ekle\u015ftirir.<\/li>\n\n\n\n<li class=\"translation-block\">denet\u00e7iler <strong>denetimli denetimlere<\/strong> (D\u00fcr\u00fcstl\u00fck Tan\u0131\u011f\u0131 Denetimleri) tabi tutulabilir,<\/li>\n\n\n\n<li>belgelendirme kurulu\u015flar\u0131 ve denet\u00e7iler, IFS kurallar\u0131n\u0131n ihlali durumunda bir de\u011ferlendirme ve yapt\u0131r\u0131m sistemine tabi tutulurlar.<\/li>\n<\/ul>\n\n\n\n<p><strong>Bu sizin i\u00e7in ne anlama geliyor?<\/strong><\/p>\n\n\n\n<ul class=\"wp-block-list\">\n<li>Yerinde B\u00fct\u00fcnl\u00fck Kontrolleri, sertifikal\u0131 bir tesiste her zaman ger\u00e7ekle\u015ftirilebilir.<\/li>\n\n\n\n<li>Bu t\u00fcr denetimlerin sonu\u00e7lar\u0131 IFS G\u0131da sertifikas\u0131n\u0131n ge\u00e7erlili\u011fini etkileyebilir; \u00f6rne\u011fin, uygunsuzluk tespit edilirse, sertifika ask\u0131ya al\u0131nabilir.<\/li>\n\n\n\n<li>Ola\u011fan bir denetim s\u0131ras\u0131nda, \u015firketi de\u011ferlendirmekten ziyade ba\u015f denet\u00e7inin \u00e7al\u0131\u015fmalar\u0131n\u0131 de\u011ferlendirmekle g\u00f6revli ek bir denet\u00e7i-g\u00f6zlemci bulunabilir.<\/li>\n\n\n\n<li>IFS Y\u00f6netim denet\u00e7ilerinin, B\u00fct\u00fcnl\u00fck Yerinde Kontrol kapsam\u0131nda tesise girmelerine izin verilmemesi, bir sertifikasyon kurulu\u015funun (EVOCERT) denetimi reddetmesiyle ayn\u0131 \u015fekilde ele al\u0131n\u0131r ve ayn\u0131 sonu\u00e7lara yol a\u00e7ar.<\/li>\n<\/ul>\n\n\n\n<p>IFS D\u00fcr\u00fcstl\u00fck program\u0131, IFS sertifikasyonunun en y\u00fcksek kalite, g\u00fcvenilirlik ve itibar\u0131n\u0131 sa\u011flamay\u0131 ama\u00e7lamaktad\u0131r.<\/p>\n\n\n\n<p class=\"translation-block\">IFS B\u00fct\u00fcnl\u00fck Program\u0131n\u0131n ilkelerini a\u00e7\u0131klayan <strong>IFS \u00c7er\u00e7eve Anla\u015fmas\u0131 Ek 4<\/strong>'\u00fcn tam metnine <strong>\u0130ndirilenler<\/strong> sekmesinden ula\u015f\u0131labilir.<\/p>\n\n\n\n<hr class=\"wp-block-separator has-text-color has-custom-logo-color has-alpha-channel-opacity has-custom-logo-background-color has-background is-style-wide\" style=\"margin-top:var(--wp--preset--spacing--40);margin-bottom:var(--wp--preset--spacing--40)\"\/>\n\n\n\n<h2 class=\"wp-block-heading has-custom-logo-color has-text-color has-link-color has-medium-font-size wp-elements-6c52137fa0dc4b079d4c1fd154cc7474\">\u015eeffafl\u0131k ve eri\u015filebilirlik<\/h2>\n\n\n\n<p class=\"translation-block\">IFS Logistics v. 3 standard\u0131n\u0131n tam metni ve destekleyici belgelere resmi IFS web sitesinden ula\u015f\u0131labilir. Bu sayede m\u00fc\u015fterilerimiz de\u011ferlendirmenin nas\u0131l yap\u0131ld\u0131\u011f\u0131n\u0131 tam olarak anlayabilir.<\/p>\n\n\n\n<hr class=\"wp-block-separator has-text-color has-custom-logo-color has-alpha-channel-opacity has-custom-logo-background-color has-background is-style-wide\" style=\"margin-top:var(--wp--preset--spacing--40);margin-bottom:var(--wp--preset--spacing--40)\"\/>\n\n\n\n<h2 class=\"wp-block-heading has-custom-logo-color has-text-color has-link-color has-medium-font-size wp-elements-7f3cdbf2ca6a66a253ecca0ec65a5950\">Akl\u0131n\u0131za tak\u0131lan bir\u015fey mi var? <\/h2>\n\n\n\n<p class=\"translation-block\"><strong>EVOCERT<\/strong> ekibi size yard\u0131mc\u0131 olmaktan ve sorular\u0131n\u0131z\u0131 yan\u0131tlamaktan mutluluk duyacakt\u0131r; sertifikasyonun her a\u015famas\u0131nda yan\u0131n\u0131zday\u0131z.<\/p>\n\n\n\n<div class=\"wp-block-buttons is-content-justification-center is-layout-flex wp-container-core-buttons-is-layout-c304233e wp-block-buttons-is-layout-flex\" style=\"margin-top:var(--wp--preset--spacing--20);margin-bottom:var(--wp--preset--spacing--30)\">\n<div class=\"wp-block-button\"><a class=\"wp-block-button__link has-foreground-color has-custom-logo-background-color has-text-color has-background has-link-color has-body-text-font-size has-custom-font-size wp-element-button\" href=\"https:\/\/evocert.pl\/tr\/ifs-food-kontakt\/\" style=\"padding-top:0.85rem;padding-right:2rem;padding-bottom:0.85rem;padding-left:2rem\"><strong>Bize Ula\u015f\u0131n<\/strong><\/a><\/div>\n<\/div>\n<\/div>","protected":false},"excerpt":{"rendered":"<p>Na jakich wymaganiach opiera si\u0119 certyfikacja IFS Logistics v. 3? Aby uzyska\u0107 certyfikat IFS Logistics, firma musi spe\u0142ni\u0107 kryteria okre\u015blone w mi\u0119dzynarodowym standardzie IFS Logistics v. 3. W EVOCERT przeprowadzamy ocen\u0119 zgodno\u015bci na podstawie aktualnych i oficjalnych wymaga\u0144 i wytycznych. Proces certyfikacji realizujemy w oparciu o: Informacja o Programie IFS Integrity Zgodnie z wymaganiami Aneksu [&hellip;]<\/p>","protected":false},"author":2,"featured_media":0,"parent":0,"menu_order":0,"comment_status":"closed","ping_status":"closed","template":"wp-custom-template-oferta-ifs-logistics-podstawy-prawne-wymagania","meta":{"footnotes":""},"class_list":["post-1760","page","type-page","status-publish","hentry"],"yoast_head":"<!-- This site is optimized with the Yoast SEO plugin v26.3 - https:\/\/yoast.com\/wordpress\/plugins\/seo\/ -->\n<title>IFS Logistics - wymagania - EVOCERT<\/title>\n<meta name=\"robots\" content=\"index, follow, max-snippet:-1, max-image-preview:large, max-video-preview:-1\" \/>\n<link rel=\"canonical\" href=\"https:\/\/evocert.pl\/tr\/ifs-logistics-wymagania\/\" \/>\n<meta property=\"og:locale\" content=\"tr_TR\" \/>\n<meta property=\"og:type\" content=\"article\" \/>\n<meta property=\"og:title\" content=\"IFS Logistics - wymagania - EVOCERT\" \/>\n<meta property=\"og:description\" content=\"Na jakich wymaganiach opiera si\u0119 certyfikacja IFS Logistics v. 3? Aby uzyska\u0107 certyfikat IFS Logistics, firma musi spe\u0142ni\u0107 kryteria okre\u015blone w mi\u0119dzynarodowym standardzie IFS Logistics v. 3. W EVOCERT przeprowadzamy ocen\u0119 zgodno\u015bci na podstawie aktualnych i oficjalnych wymaga\u0144 i wytycznych. Proces certyfikacji realizujemy w oparciu o: Informacja o Programie IFS Integrity Zgodnie z wymaganiami Aneksu [&hellip;]\" \/>\n<meta property=\"og:url\" content=\"https:\/\/evocert.pl\/tr\/ifs-logistics-wymagania\/\" \/>\n<meta property=\"og:site_name\" content=\"EVOCERT\" \/>\n<meta property=\"article:modified_time\" content=\"2026-04-23T08:39:32+00:00\" \/>\n<meta property=\"og:image\" content=\"https:\/\/evocert.pl\/wp-content\/uploads\/2025\/01\/EVOCERT_logo_KOLOR_PNG.png\" \/>\n\t<meta property=\"og:image:width\" content=\"378\" \/>\n\t<meta property=\"og:image:height\" content=\"378\" \/>\n\t<meta property=\"og:image:type\" content=\"image\/png\" \/>\n<meta name=\"twitter:card\" content=\"summary_large_image\" \/>\n<meta name=\"twitter:label1\" content=\"Tahmini okuma s\u00fcresi\" \/>\n\t<meta name=\"twitter:data1\" content=\"5 dakika\" \/>\n<script type=\"application\/ld+json\" class=\"yoast-schema-graph\">{\"@context\":\"https:\/\/schema.org\",\"@graph\":[{\"@type\":\"WebPage\",\"@id\":\"https:\/\/evocert.pl\/ifs-logistics-wymagania\/\",\"url\":\"https:\/\/evocert.pl\/ifs-logistics-wymagania\/\",\"name\":\"IFS Logistics - wymagania - EVOCERT\",\"isPartOf\":{\"@id\":\"https:\/\/evocert.pl\/en\/#website\"},\"datePublished\":\"2025-01-02T12:16:59+00:00\",\"dateModified\":\"2026-04-23T08:39:32+00:00\",\"breadcrumb\":{\"@id\":\"https:\/\/evocert.pl\/ifs-logistics-wymagania\/#breadcrumb\"},\"inLanguage\":\"tr\",\"potentialAction\":[{\"@type\":\"ReadAction\",\"target\":[\"https:\/\/evocert.pl\/ifs-logistics-wymagania\/\"]}]},{\"@type\":\"BreadcrumbList\",\"@id\":\"https:\/\/evocert.pl\/ifs-logistics-wymagania\/#breadcrumb\",\"itemListElement\":[{\"@type\":\"ListItem\",\"position\":1,\"name\":\"Strona g\u0142\u00f3wna\",\"item\":\"https:\/\/evocert.pl\/en\/\"},{\"@type\":\"ListItem\",\"position\":2,\"name\":\"IFS Logistics &#8211; wymagania\"}]},{\"@type\":\"WebSite\",\"@id\":\"https:\/\/evocert.pl\/en\/#website\",\"url\":\"https:\/\/evocert.pl\/en\/\",\"name\":\"EVOCERT\",\"description\":\"Evolution in certification\",\"publisher\":{\"@id\":\"https:\/\/evocert.pl\/en\/#organization\"},\"potentialAction\":[{\"@type\":\"SearchAction\",\"target\":{\"@type\":\"EntryPoint\",\"urlTemplate\":\"https:\/\/evocert.pl\/en\/?s={search_term_string}\"},\"query-input\":{\"@type\":\"PropertyValueSpecification\",\"valueRequired\":true,\"valueName\":\"search_term_string\"}}],\"inLanguage\":\"tr\"},{\"@type\":\"Organization\",\"@id\":\"https:\/\/evocert.pl\/en\/#organization\",\"name\":\"EVOCERT\",\"url\":\"https:\/\/evocert.pl\/en\/\",\"logo\":{\"@type\":\"ImageObject\",\"inLanguage\":\"tr\",\"@id\":\"https:\/\/evocert.pl\/en\/#\/schema\/logo\/image\/\",\"url\":\"https:\/\/evocert.pl\/wp-content\/uploads\/2025\/01\/EVOCERT_logo_KOLOR_PNG.png\",\"contentUrl\":\"https:\/\/evocert.pl\/wp-content\/uploads\/2025\/01\/EVOCERT_logo_KOLOR_PNG.png\",\"width\":378,\"height\":378,\"caption\":\"EVOCERT\"},\"image\":{\"@id\":\"https:\/\/evocert.pl\/en\/#\/schema\/logo\/image\/\"},\"sameAs\":[\"https:\/\/www.linkedin.com\/company\/evocert-sp-z-o-o\"]}]}<\/script>\n<!-- \/ Yoast SEO plugin. -->","yoast_head_json":{"title":"IFS Logistics - wymagania - EVOCERT","robots":{"index":"index","follow":"follow","max-snippet":"max-snippet:-1","max-image-preview":"max-image-preview:large","max-video-preview":"max-video-preview:-1"},"canonical":"https:\/\/evocert.pl\/tr\/ifs-logistics-wymagania\/","og_locale":"tr_TR","og_type":"article","og_title":"IFS Logistics - wymagania - EVOCERT","og_description":"Na jakich wymaganiach opiera si\u0119 certyfikacja IFS Logistics v. 3? Aby uzyska\u0107 certyfikat IFS Logistics, firma musi spe\u0142ni\u0107 kryteria okre\u015blone w mi\u0119dzynarodowym standardzie IFS Logistics v. 3. W EVOCERT przeprowadzamy ocen\u0119 zgodno\u015bci na podstawie aktualnych i oficjalnych wymaga\u0144 i wytycznych. Proces certyfikacji realizujemy w oparciu o: Informacja o Programie IFS Integrity Zgodnie z wymaganiami Aneksu [&hellip;]","og_url":"https:\/\/evocert.pl\/tr\/ifs-logistics-wymagania\/","og_site_name":"EVOCERT","article_modified_time":"2026-04-23T08:39:32+00:00","og_image":[{"width":378,"height":378,"url":"https:\/\/evocert.pl\/wp-content\/uploads\/2025\/01\/EVOCERT_logo_KOLOR_PNG.png","type":"image\/png"}],"twitter_card":"summary_large_image","twitter_misc":{"Tahmini okuma s\u00fcresi":"5 dakika"},"schema":{"@context":"https:\/\/schema.org","@graph":[{"@type":"WebPage","@id":"https:\/\/evocert.pl\/ifs-logistics-wymagania\/","url":"https:\/\/evocert.pl\/ifs-logistics-wymagania\/","name":"IFS Logistics - wymagania - EVOCERT","isPartOf":{"@id":"https:\/\/evocert.pl\/en\/#website"},"datePublished":"2025-01-02T12:16:59+00:00","dateModified":"2026-04-23T08:39:32+00:00","breadcrumb":{"@id":"https:\/\/evocert.pl\/ifs-logistics-wymagania\/#breadcrumb"},"inLanguage":"tr","potentialAction":[{"@type":"ReadAction","target":["https:\/\/evocert.pl\/ifs-logistics-wymagania\/"]}]},{"@type":"BreadcrumbList","@id":"https:\/\/evocert.pl\/ifs-logistics-wymagania\/#breadcrumb","itemListElement":[{"@type":"ListItem","position":1,"name":"Strona g\u0142\u00f3wna","item":"https:\/\/evocert.pl\/en\/"},{"@type":"ListItem","position":2,"name":"IFS Logistics &#8211; wymagania"}]},{"@type":"WebSite","@id":"https:\/\/evocert.pl\/en\/#website","url":"https:\/\/evocert.pl\/en\/","name":"EVOCERT","description":"Evolution in certification","publisher":{"@id":"https:\/\/evocert.pl\/en\/#organization"},"potentialAction":[{"@type":"SearchAction","target":{"@type":"EntryPoint","urlTemplate":"https:\/\/evocert.pl\/en\/?s={search_term_string}"},"query-input":{"@type":"PropertyValueSpecification","valueRequired":true,"valueName":"search_term_string"}}],"inLanguage":"tr"},{"@type":"Organization","@id":"https:\/\/evocert.pl\/en\/#organization","name":"EVOCERT","url":"https:\/\/evocert.pl\/en\/","logo":{"@type":"ImageObject","inLanguage":"tr","@id":"https:\/\/evocert.pl\/en\/#\/schema\/logo\/image\/","url":"https:\/\/evocert.pl\/wp-content\/uploads\/2025\/01\/EVOCERT_logo_KOLOR_PNG.png","contentUrl":"https:\/\/evocert.pl\/wp-content\/uploads\/2025\/01\/EVOCERT_logo_KOLOR_PNG.png","width":378,"height":378,"caption":"EVOCERT"},"image":{"@id":"https:\/\/evocert.pl\/en\/#\/schema\/logo\/image\/"},"sameAs":["https:\/\/www.linkedin.com\/company\/evocert-sp-z-o-o"]}]}},"_links":{"self":[{"href":"https:\/\/evocert.pl\/tr\/wp-json\/wp\/v2\/pages\/1760","targetHints":{"allow":["GET"]}}],"collection":[{"href":"https:\/\/evocert.pl\/tr\/wp-json\/wp\/v2\/pages"}],"about":[{"href":"https:\/\/evocert.pl\/tr\/wp-json\/wp\/v2\/types\/page"}],"author":[{"embeddable":true,"href":"https:\/\/evocert.pl\/tr\/wp-json\/wp\/v2\/users\/2"}],"replies":[{"embeddable":true,"href":"https:\/\/evocert.pl\/tr\/wp-json\/wp\/v2\/comments?post=1760"}],"version-history":[{"count":5,"href":"https:\/\/evocert.pl\/tr\/wp-json\/wp\/v2\/pages\/1760\/revisions"}],"predecessor-version":[{"id":5326,"href":"https:\/\/evocert.pl\/tr\/wp-json\/wp\/v2\/pages\/1760\/revisions\/5326"}],"wp:attachment":[{"href":"https:\/\/evocert.pl\/tr\/wp-json\/wp\/v2\/media?parent=1760"}],"curies":[{"name":"wp","href":"https:\/\/api.w.org\/{rel}","templated":true}]}}