{"id":1696,"date":"2025-01-02T12:43:31","date_gmt":"2025-01-02T11:43:31","guid":{"rendered":"https:\/\/evocert.pl\/?page_id=1696"},"modified":"2025-11-03T13:45:23","modified_gmt":"2025-11-03T12:45:23","slug":"ifs-broker","status":"publish","type":"page","link":"https:\/\/evocert.pl\/tr\/ifs-broker\/","title":{"rendered":"IFS Broker"},"content":{"rendered":"<div class=\"wp-block-group has-heading-color has-text-color has-link-color has-small-font-size wp-elements-82f87778d4a35f91bd80b69beff67d06 is-vertical is-content-justification-stretch is-layout-flex wp-container-core-group-is-layout-a5b1d185 wp-block-group-is-layout-flex\" style=\"padding-right:var(--wp--preset--spacing--60);padding-bottom:var(--wp--preset--spacing--60);padding-left:var(--wp--preset--spacing--30);line-height:1.6\">\n<h2 class=\"wp-block-heading has-custom-logo-color has-text-color has-link-color has-medium-font-size wp-elements-6406006b54589d5430af35238da22365\">IFS Broker Nedir?<\/h2>\n\n\n\n<p class=\"translation-block\"><strong>IFS Broker v.3.2<\/strong>, g\u0131da, ev e\u015fyalar\u0131, ki\u015fisel bak\u0131m \u00fcr\u00fcnleri ve ambalaj malzemeleri gibi \u00fcr\u00fcnlerin ticaret arac\u0131l\u0131k, sat\u0131\u015f acenteli\u011fi ve ithalat\u0131nda faaliyet g\u00f6steren \u015firketleri de\u011ferlendirmek \u00fczere tasarlanm\u0131\u015f uluslararas\u0131 bir standartt\u0131r. Standart, genellikle \u00fcr\u00fcne fiziksel olarak dokunmayan, ancak tedarik zinciri boyunca kalitesinden ve g\u00fcvenli\u011finden sorumlu olan kurulu\u015flar i\u00e7in ge\u00e7erlidir.<\/p>\n\n\n\n<hr class=\"wp-block-separator has-text-color has-custom-logo-color has-alpha-channel-opacity has-custom-logo-background-color has-background is-style-wide\" style=\"margin-top:var(--wp--preset--spacing--40);margin-bottom:var(--wp--preset--spacing--40)\"\/>\n\n\n\n<p>IFS Broker'\u0131n amac\u0131, belirli bir \u015firket taraf\u0131ndan sa\u011flanan arac\u0131l\u0131k hizmetlerinin, ticareti yap\u0131lan \u00fcr\u00fcnlerin kalitesini, g\u00fcvenli\u011fini, orijinalli\u011fini ve yasall\u0131\u011f\u0131n\u0131 garanti alt\u0131na almas\u0131n\u0131 sa\u011flamakt\u0131r. De\u011ferlendirmeler, di\u011fer hususlar\u0131n yan\u0131 s\u0131ra, tedarik\u00e7i se\u00e7imi ve do\u011frulamas\u0131, hizmet sa\u011flay\u0131c\u0131lar\u0131n denetimi, olay ve \u015fikayetlere yan\u0131t verme ve bir tehdit durumunda \u00fcr\u00fcnleri piyasadan geri \u00e7a\u011f\u0131rma olana\u011f\u0131n\u0131 i\u00e7erir.<\/p>\n\n\n\n<hr class=\"wp-block-separator has-text-color has-custom-logo-color has-alpha-channel-opacity has-custom-logo-background-color has-background is-style-wide\" style=\"margin-top:var(--wp--preset--spacing--40);margin-bottom:var(--wp--preset--spacing--40)\"\/>\n\n\n\n<p class=\"translation-block\">Standart, kendi hesab\u0131na mal ticareti yapan arac\u0131, ticaret acentesi, ithalat\u00e7\u0131 veya t\u00fcccar olarak faaliyet g\u00f6steren \u015firketleri kapsamaktad\u0131r. Tedarik zinciri ili\u015fkilerinin etkili bir \u015fekilde y\u00f6netilmesi ve m\u00fc\u015fteri gereksinimlerine ve yasal d\u00fczenlemelere uyumun sa\u011flanmas\u0131 esast\u0131r.<\/p>\n\n\n\n<hr class=\"wp-block-separator has-text-color has-custom-logo-color has-alpha-channel-opacity has-custom-logo-background-color has-background is-style-wide\" style=\"margin-top:var(--wp--preset--spacing--40);margin-bottom:var(--wp--preset--spacing--40)\"\/>\n\n\n\n<p class=\"translation-block\">IFS Broker, \u00fcr\u00fcnlerin i\u015flenmesi, \u00fcretimi, depolanmas\u0131 veya ta\u015f\u0131nmas\u0131yla ilgili faaliyetler i\u00e7in ge\u00e7erli de\u011fildir. \u015eirket bu t\u00fcr faaliyetlerde bulunuyorsa, IFS Lojistik veya IFS G\u0131da gibi di\u011fer standartlar ge\u00e7erlidir.<\/p>\n\n\n\n<hr class=\"wp-block-separator has-text-color has-custom-logo-color has-alpha-channel-opacity has-custom-logo-background-color has-background is-style-wide\" style=\"margin-top:var(--wp--preset--spacing--40);margin-bottom:var(--wp--preset--spacing--40)\"\/>\n\n\n\n<h2 class=\"wp-block-heading has-custom-logo-color has-text-color has-link-color has-medium-font-size wp-elements-a45c88926cdc09c5f552115ff1521822\">EVOCERT ile Sertifikasyon<\/h2>\n\n\n\n<p>EVOCERT, ilk g\u00f6r\u00fc\u015fmeden, sorular\u0131n yan\u0131tlanmas\u0131na, kapsaml\u0131 bir denetim ger\u00e7ekle\u015ftirilmesine ve sertifikan\u0131n verilmesine kadar \u015firketinize t\u00fcm sertifikasyon s\u00fcreci boyunca rehberlik edecek deneyimli denet\u00e7i ve uzmanlardan olu\u015fan bir ekiptir. <\/p>\n\n\n\n<p class=\"translation-block\">IFS Broker standard\u0131n\u0131n <strong>g\u00fcvenilir de\u011ferlendirmesini<\/strong>, <strong>net gerekliliklerini<\/strong> ve <strong>uluslararas\u0131 prestijini<\/strong> se\u00e7in.<\/p>\n\n\n\n<p class=\"translation-block\">Sertifikasyon s\u00fcrecini ba\u015flatmak veya IFS Broker v. 3.2 gereksinimleri hakk\u0131nda daha fazla bilgi edinmek i\u00e7in <a href=\"https:\/\/evocert.pl\/tr\/kontakt\/\" target=\"_self\">bizimle ileti\u015fime ge\u00e7in<\/a>.<\/p>\n<\/div>","protected":false},"excerpt":{"rendered":"<p>Czym jest IFS Broker? IFS Broker v.3.2 to mi\u0119dzynarodowy standard przeznaczony do oceny firm zajmuj\u0105cych si\u0119 po\u015brednictwem handlowym, agencjami sprzeda\u017cy oraz importem produkt\u00f3w, takich jak \u017cywno\u015b\u0107, artyku\u0142y gospodarstwa domowego, produkty higieny osobistej czy materia\u0142y opakowaniowe. Standard dotyczy podmiot\u00f3w, kt\u00f3re najcz\u0119\u015bciej nie maj\u0105 fizycznego kontaktu z produktem, ale ponosz\u0105 odpowiedzialno\u015b\u0107 za jego jako\u015b\u0107 oraz bezpiecze\u0144stwo w [&hellip;]<\/p>","protected":false},"author":2,"featured_media":0,"parent":0,"menu_order":0,"comment_status":"closed","ping_status":"closed","template":"wp-custom-template-oferta-ifs-broker-og-lne","meta":{"footnotes":""},"class_list":["post-1696","page","type-page","status-publish","hentry"],"yoast_head":"<!-- This site is optimized with the Yoast SEO plugin v26.3 - https:\/\/yoast.com\/wordpress\/plugins\/seo\/ -->\n<title>IFS Broker - EVOCERT<\/title>\n<meta name=\"robots\" content=\"index, follow, max-snippet:-1, max-image-preview:large, max-video-preview:-1\" \/>\n<link rel=\"canonical\" href=\"https:\/\/evocert.pl\/tr\/ifs-broker\/\" \/>\n<meta property=\"og:locale\" content=\"tr_TR\" \/>\n<meta property=\"og:type\" content=\"article\" \/>\n<meta property=\"og:title\" content=\"IFS Broker - EVOCERT\" \/>\n<meta property=\"og:description\" content=\"Czym jest IFS Broker? IFS Broker v.3.2 to mi\u0119dzynarodowy standard przeznaczony do oceny firm zajmuj\u0105cych si\u0119 po\u015brednictwem handlowym, agencjami sprzeda\u017cy oraz importem produkt\u00f3w, takich jak \u017cywno\u015b\u0107, artyku\u0142y gospodarstwa domowego, produkty higieny osobistej czy materia\u0142y opakowaniowe. Standard dotyczy podmiot\u00f3w, kt\u00f3re najcz\u0119\u015bciej nie maj\u0105 fizycznego kontaktu z produktem, ale ponosz\u0105 odpowiedzialno\u015b\u0107 za jego jako\u015b\u0107 oraz bezpiecze\u0144stwo w [&hellip;]\" \/>\n<meta property=\"og:url\" content=\"https:\/\/evocert.pl\/tr\/ifs-broker\/\" \/>\n<meta property=\"og:site_name\" content=\"EVOCERT\" \/>\n<meta property=\"article:modified_time\" content=\"2025-11-03T12:45:23+00:00\" \/>\n<meta property=\"og:image\" content=\"https:\/\/evocert.pl\/wp-content\/uploads\/2025\/01\/EVOCERT_logo_KOLOR_PNG.png\" \/>\n\t<meta property=\"og:image:width\" content=\"378\" \/>\n\t<meta property=\"og:image:height\" content=\"378\" \/>\n\t<meta property=\"og:image:type\" content=\"image\/png\" \/>\n<meta name=\"twitter:card\" content=\"summary_large_image\" \/>\n<meta name=\"twitter:label1\" content=\"Tahmini okuma s\u00fcresi\" \/>\n\t<meta name=\"twitter:data1\" content=\"1 dakika\" \/>\n<script type=\"application\/ld+json\" class=\"yoast-schema-graph\">{\"@context\":\"https:\/\/schema.org\",\"@graph\":[{\"@type\":\"WebPage\",\"@id\":\"https:\/\/evocert.pl\/ifs-broker\/\",\"url\":\"https:\/\/evocert.pl\/ifs-broker\/\",\"name\":\"IFS Broker - EVOCERT\",\"isPartOf\":{\"@id\":\"https:\/\/evocert.pl\/en\/#website\"},\"datePublished\":\"2025-01-02T11:43:31+00:00\",\"dateModified\":\"2025-11-03T12:45:23+00:00\",\"breadcrumb\":{\"@id\":\"https:\/\/evocert.pl\/ifs-broker\/#breadcrumb\"},\"inLanguage\":\"tr\",\"potentialAction\":[{\"@type\":\"ReadAction\",\"target\":[\"https:\/\/evocert.pl\/ifs-broker\/\"]}]},{\"@type\":\"BreadcrumbList\",\"@id\":\"https:\/\/evocert.pl\/ifs-broker\/#breadcrumb\",\"itemListElement\":[{\"@type\":\"ListItem\",\"position\":1,\"name\":\"Strona g\u0142\u00f3wna\",\"item\":\"https:\/\/evocert.pl\/en\/\"},{\"@type\":\"ListItem\",\"position\":2,\"name\":\"IFS Broker\"}]},{\"@type\":\"WebSite\",\"@id\":\"https:\/\/evocert.pl\/en\/#website\",\"url\":\"https:\/\/evocert.pl\/en\/\",\"name\":\"EVOCERT\",\"description\":\"Evolution in certification\",\"publisher\":{\"@id\":\"https:\/\/evocert.pl\/en\/#organization\"},\"potentialAction\":[{\"@type\":\"SearchAction\",\"target\":{\"@type\":\"EntryPoint\",\"urlTemplate\":\"https:\/\/evocert.pl\/en\/?s={search_term_string}\"},\"query-input\":{\"@type\":\"PropertyValueSpecification\",\"valueRequired\":true,\"valueName\":\"search_term_string\"}}],\"inLanguage\":\"tr\"},{\"@type\":\"Organization\",\"@id\":\"https:\/\/evocert.pl\/en\/#organization\",\"name\":\"EVOCERT\",\"url\":\"https:\/\/evocert.pl\/en\/\",\"logo\":{\"@type\":\"ImageObject\",\"inLanguage\":\"tr\",\"@id\":\"https:\/\/evocert.pl\/en\/#\/schema\/logo\/image\/\",\"url\":\"https:\/\/evocert.pl\/wp-content\/uploads\/2025\/01\/EVOCERT_logo_KOLOR_PNG.png\",\"contentUrl\":\"https:\/\/evocert.pl\/wp-content\/uploads\/2025\/01\/EVOCERT_logo_KOLOR_PNG.png\",\"width\":378,\"height\":378,\"caption\":\"EVOCERT\"},\"image\":{\"@id\":\"https:\/\/evocert.pl\/en\/#\/schema\/logo\/image\/\"},\"sameAs\":[\"https:\/\/www.linkedin.com\/company\/evocert-sp-z-o-o\"]}]}<\/script>\n<!-- \/ Yoast SEO plugin. -->","yoast_head_json":{"title":"IFS Broker - EVOCERT","robots":{"index":"index","follow":"follow","max-snippet":"max-snippet:-1","max-image-preview":"max-image-preview:large","max-video-preview":"max-video-preview:-1"},"canonical":"https:\/\/evocert.pl\/tr\/ifs-broker\/","og_locale":"tr_TR","og_type":"article","og_title":"IFS Broker - EVOCERT","og_description":"Czym jest IFS Broker? IFS Broker v.3.2 to mi\u0119dzynarodowy standard przeznaczony do oceny firm zajmuj\u0105cych si\u0119 po\u015brednictwem handlowym, agencjami sprzeda\u017cy oraz importem produkt\u00f3w, takich jak \u017cywno\u015b\u0107, artyku\u0142y gospodarstwa domowego, produkty higieny osobistej czy materia\u0142y opakowaniowe. Standard dotyczy podmiot\u00f3w, kt\u00f3re najcz\u0119\u015bciej nie maj\u0105 fizycznego kontaktu z produktem, ale ponosz\u0105 odpowiedzialno\u015b\u0107 za jego jako\u015b\u0107 oraz bezpiecze\u0144stwo w [&hellip;]","og_url":"https:\/\/evocert.pl\/tr\/ifs-broker\/","og_site_name":"EVOCERT","article_modified_time":"2025-11-03T12:45:23+00:00","og_image":[{"width":378,"height":378,"url":"https:\/\/evocert.pl\/wp-content\/uploads\/2025\/01\/EVOCERT_logo_KOLOR_PNG.png","type":"image\/png"}],"twitter_card":"summary_large_image","twitter_misc":{"Tahmini okuma s\u00fcresi":"1 dakika"},"schema":{"@context":"https:\/\/schema.org","@graph":[{"@type":"WebPage","@id":"https:\/\/evocert.pl\/ifs-broker\/","url":"https:\/\/evocert.pl\/ifs-broker\/","name":"IFS Broker - EVOCERT","isPartOf":{"@id":"https:\/\/evocert.pl\/en\/#website"},"datePublished":"2025-01-02T11:43:31+00:00","dateModified":"2025-11-03T12:45:23+00:00","breadcrumb":{"@id":"https:\/\/evocert.pl\/ifs-broker\/#breadcrumb"},"inLanguage":"tr","potentialAction":[{"@type":"ReadAction","target":["https:\/\/evocert.pl\/ifs-broker\/"]}]},{"@type":"BreadcrumbList","@id":"https:\/\/evocert.pl\/ifs-broker\/#breadcrumb","itemListElement":[{"@type":"ListItem","position":1,"name":"Strona g\u0142\u00f3wna","item":"https:\/\/evocert.pl\/en\/"},{"@type":"ListItem","position":2,"name":"IFS Broker"}]},{"@type":"WebSite","@id":"https:\/\/evocert.pl\/en\/#website","url":"https:\/\/evocert.pl\/en\/","name":"EVOCERT","description":"Evolution in certification","publisher":{"@id":"https:\/\/evocert.pl\/en\/#organization"},"potentialAction":[{"@type":"SearchAction","target":{"@type":"EntryPoint","urlTemplate":"https:\/\/evocert.pl\/en\/?s={search_term_string}"},"query-input":{"@type":"PropertyValueSpecification","valueRequired":true,"valueName":"search_term_string"}}],"inLanguage":"tr"},{"@type":"Organization","@id":"https:\/\/evocert.pl\/en\/#organization","name":"EVOCERT","url":"https:\/\/evocert.pl\/en\/","logo":{"@type":"ImageObject","inLanguage":"tr","@id":"https:\/\/evocert.pl\/en\/#\/schema\/logo\/image\/","url":"https:\/\/evocert.pl\/wp-content\/uploads\/2025\/01\/EVOCERT_logo_KOLOR_PNG.png","contentUrl":"https:\/\/evocert.pl\/wp-content\/uploads\/2025\/01\/EVOCERT_logo_KOLOR_PNG.png","width":378,"height":378,"caption":"EVOCERT"},"image":{"@id":"https:\/\/evocert.pl\/en\/#\/schema\/logo\/image\/"},"sameAs":["https:\/\/www.linkedin.com\/company\/evocert-sp-z-o-o"]}]}},"_links":{"self":[{"href":"https:\/\/evocert.pl\/tr\/wp-json\/wp\/v2\/pages\/1696","targetHints":{"allow":["GET"]}}],"collection":[{"href":"https:\/\/evocert.pl\/tr\/wp-json\/wp\/v2\/pages"}],"about":[{"href":"https:\/\/evocert.pl\/tr\/wp-json\/wp\/v2\/types\/page"}],"author":[{"embeddable":true,"href":"https:\/\/evocert.pl\/tr\/wp-json\/wp\/v2\/users\/2"}],"replies":[{"embeddable":true,"href":"https:\/\/evocert.pl\/tr\/wp-json\/wp\/v2\/comments?post=1696"}],"version-history":[{"count":5,"href":"https:\/\/evocert.pl\/tr\/wp-json\/wp\/v2\/pages\/1696\/revisions"}],"predecessor-version":[{"id":5009,"href":"https:\/\/evocert.pl\/tr\/wp-json\/wp\/v2\/pages\/1696\/revisions\/5009"}],"wp:attachment":[{"href":"https:\/\/evocert.pl\/tr\/wp-json\/wp\/v2\/media?parent=1696"}],"curies":[{"name":"wp","href":"https:\/\/api.w.org\/{rel}","templated":true}]}}