{"id":1690,"date":"2025-01-02T12:43:05","date_gmt":"2025-01-02T11:43:05","guid":{"rendered":"https:\/\/evocert.pl\/?page_id=1690"},"modified":"2025-08-21T11:12:48","modified_gmt":"2025-08-21T09:12:48","slug":"ifs-food","status":"publish","type":"page","link":"https:\/\/evocert.pl\/tr\/ifs-food\/","title":{"rendered":"IFS Food"},"content":{"rendered":"<div class=\"wp-block-group has-heading-color has-text-color has-link-color has-small-font-size wp-elements-d7bee8eaf44b00b0ecba0cec248b2f04 is-vertical is-content-justification-stretch is-layout-flex wp-container-core-group-is-layout-a5b1d185 wp-block-group-is-layout-flex\" style=\"padding-right:var(--wp--preset--spacing--60);padding-bottom:var(--wp--preset--spacing--60);padding-left:var(--wp--preset--spacing--30);line-height:1.6\">\n<h2 class=\"wp-block-heading has-custom-logo-color has-text-color has-link-color has-medium-font-size wp-elements-157cb632afbf79e532757c68f73d4c66\">IFS Food Nedir?<\/h2>\n\n\n\n<p class=\"translation-block\"><strong>IFS Food v. 8<\/strong> standard\u0131, g\u0131da g\u00fcvenli\u011fi ve kalitesi i\u00e7in uluslararas\u0131 bir standartt\u0131r. <strong>G\u0131da \u00fcr\u00fcnlerinin g\u00fcvenli\u011fini ve kalitesini<\/strong> de\u011ferlendirmek i\u00e7in en tan\u0131nm\u0131\u015f ara\u00e7lardan biridir. Sekt\u00f6r uzmanlar\u0131, perakendeciler ve sertifikasyon kurulu\u015flar\u0131n\u0131n katk\u0131lar\u0131yla geli\u015ftirilen bu standart, g\u0131da \u00fcreticileri i\u00e7in kapsaml\u0131 bir \u00e7\u00f6z\u00fcm olarak K\u00fcresel G\u0131da G\u00fcvenli\u011fi Giri\u015fimi (GFSI) taraf\u0131ndan onaylanm\u0131\u015ft\u0131r.<\/p>\n\n\n\n<p class=\"translation-block\">IFS Food standard\u0131, g\u0131dan\u0131n <strong>i\u015flendi\u011fi<\/strong> veya <strong>birincil ambalajlama s\u0131ras\u0131nda kontaminasyon<\/strong> riski ta\u015f\u0131d\u0131\u011f\u0131 her yerde ge\u00e7erlidir. Bu standart, m\u00fc\u015fteri gereksinimlerine uyum ve s\u00fcre\u00e7 \u015feffafl\u0131\u011f\u0131n\u0131n \u00f6nemli oldu\u011fu \u00f6zel markalar i\u00e7in \u00fcretim yapan \u015firketler i\u00e7in \u00f6zellikle \u00f6nemlidir.<\/p>\n\n\n\n<p>Standard\u0131n gereklilikleri be\u015f temel alana odaklanmaktad\u0131r:<\/p>\n\n\n\n<ul class=\"wp-block-list\">\n<li>Y\u00f6netimin kalite sistemine ba\u011fl\u0131l\u0131\u011f\u0131 ve sorumlulu\u011fu<\/li>\n\n\n\n<li>G\u0131da kalitesi ve g\u00fcvenli\u011fi y\u00f6netim sistemi<\/li>\n\n\n\n<li>Kaynak y\u00f6netimi (personel, altyap\u0131, \u00e7al\u0131\u015fma ortam\u0131)<\/li>\n\n\n\n<li>\u00dcretim ve paketleme dahil operasyonel s\u00fcre\u00e7ler<\/li>\n\n\n\n<li>\u0130zleme, analiz ve s\u00fcrekli iyile\u015ftirme<\/li>\n<\/ul>\n\n\n\n<p>IFS Food sertifikas\u0131n\u0131n al\u0131nmas\u0131, bir \u015firketin IFS Food Standard\u0131 ilkelerini uygulad\u0131\u011f\u0131n\u0131, sekt\u00f6rdeki en iyi uygulamalara uygun olarak faaliyet g\u00f6sterdi\u011fini, pazar beklentilerini kar\u015f\u0131lad\u0131\u011f\u0131n\u0131 ve g\u0131da g\u00fcvenli\u011fini sa\u011flad\u0131\u011f\u0131n\u0131 teyit eder.<\/p>\n\n\n\n<hr class=\"wp-block-separator has-text-color has-custom-logo-color has-alpha-channel-opacity has-custom-logo-background-color has-background is-style-wide\" style=\"margin-top:var(--wp--preset--spacing--40);margin-bottom:var(--wp--preset--spacing--40)\"\/>\n\n\n\n<h2 class=\"wp-block-heading has-custom-logo-color has-text-color has-link-color has-medium-font-size wp-elements-a45c88926cdc09c5f552115ff1521822\">EVOCERT ile Sertifikasyon<\/h2>\n\n\n\n<p>EVOCERT, \u015firketinize ilk g\u00f6r\u00fc\u015fmeden kapsaml\u0131 bir denetime ve sertifikan\u0131n verilmesine kadar t\u00fcm sertifikasyon s\u00fcreci boyunca rehberlik edecek deneyimli denet\u00e7i ve uzmanlardan olu\u015fan bir ekiptir. Faaliyetlerimiz, IFS Food v. 8 standard\u0131n\u0131n en son s\u00fcr\u00fcm\u00fcyle uyumludur.<\/p>\n\n\n\n<p class=\"translation-block\">IFS Food standard\u0131n\u0131n <strong>g\u00fcvenilir de\u011ferlendirmesini<\/strong>, <strong>net gerekliliklerini<\/strong> ve <strong>uluslararas\u0131 prestijini<\/strong> se\u00e7in.<\/p>\n\n\n\n<p><a href=\"https:\/\/evocert.pl\/tr\/kontakt\/\">Bize Ula\u015f\u0131n<\/a>, aby rozpocz\u0105\u0107 proces certyfikacji lub dowiedzie\u0107 si\u0119 wi\u0119cej o wymaganiach IFS Food v. 8.<\/p>\n<\/div>","protected":false},"excerpt":{"rendered":"<p>Czym jest IFS Food? Standard IFS Food v. 8 to mi\u0119dzynarodowy standard bezpiecze\u0144stwa i jako\u015bci \u017cywno\u015bci. Stanowi jedno z najbardziej uznanych narz\u0119dzi s\u0142u\u017c\u0105cych do oceny bezpiecze\u0144stwa i jako\u015bci produkt\u00f3w spo\u017cywczych. Opracowany z udzia\u0142em ekspert\u00f3w bran\u017cy, detalist\u00f3w i jednostek certyfikuj\u0105cych, zosta\u0142 zatwierdzony przez Global Food Safety Initiative (GFSI) jako kompleksowe rozwi\u0105zanie dla producent\u00f3w \u017cywno\u015bci. Standard IFS [&hellip;]<\/p>","protected":false},"author":2,"featured_media":0,"parent":0,"menu_order":0,"comment_status":"closed","ping_status":"closed","template":"wp-custom-template-oferta-ifs-food-og-lne","meta":{"footnotes":""},"class_list":["post-1690","page","type-page","status-publish","hentry"],"yoast_head":"<!-- This site is optimized with the Yoast SEO plugin v26.3 - https:\/\/yoast.com\/wordpress\/plugins\/seo\/ -->\n<title>IFS Food - EVOCERT<\/title>\n<meta name=\"description\" content=\"Certyfikacja - Standard IFS Food v. 8 prowadzona przez EVOCERT: jak wygl\u0105da, jakie s\u0105 wymagania i co zrobi\u0107, aby uzyska\u0107 uznany certyfikat!\" \/>\n<meta name=\"robots\" content=\"index, follow, max-snippet:-1, max-image-preview:large, max-video-preview:-1\" \/>\n<link rel=\"canonical\" href=\"https:\/\/evocert.pl\/tr\/ifs-food\/\" \/>\n<meta property=\"og:locale\" content=\"tr_TR\" \/>\n<meta property=\"og:type\" content=\"article\" \/>\n<meta property=\"og:title\" content=\"IFS Food - EVOCERT\" \/>\n<meta property=\"og:description\" content=\"Certyfikacja - Standard IFS Food v. 8 prowadzona przez EVOCERT: jak wygl\u0105da, jakie s\u0105 wymagania i co zrobi\u0107, aby uzyska\u0107 uznany certyfikat!\" \/>\n<meta property=\"og:url\" content=\"https:\/\/evocert.pl\/tr\/ifs-food\/\" \/>\n<meta property=\"og:site_name\" content=\"EVOCERT\" \/>\n<meta property=\"article:modified_time\" content=\"2025-08-21T09:12:48+00:00\" \/>\n<meta property=\"og:image\" content=\"https:\/\/evocert.pl\/wp-content\/uploads\/2025\/01\/EVOCERT_logo_KOLOR_PNG.png\" \/>\n\t<meta property=\"og:image:width\" content=\"378\" \/>\n\t<meta property=\"og:image:height\" content=\"378\" \/>\n\t<meta property=\"og:image:type\" content=\"image\/png\" \/>\n<meta name=\"twitter:card\" content=\"summary_large_image\" \/>\n<meta name=\"twitter:label1\" content=\"Tahmini okuma s\u00fcresi\" \/>\n\t<meta name=\"twitter:data1\" content=\"2 dakika\" \/>\n<script type=\"application\/ld+json\" class=\"yoast-schema-graph\">{\"@context\":\"https:\/\/schema.org\",\"@graph\":[{\"@type\":\"WebPage\",\"@id\":\"https:\/\/evocert.pl\/ifs-food\/\",\"url\":\"https:\/\/evocert.pl\/ifs-food\/\",\"name\":\"IFS Food - EVOCERT\",\"isPartOf\":{\"@id\":\"https:\/\/evocert.pl\/en\/#website\"},\"datePublished\":\"2025-01-02T11:43:05+00:00\",\"dateModified\":\"2025-08-21T09:12:48+00:00\",\"description\":\"Certyfikacja - Standard IFS Food v. 8 prowadzona przez EVOCERT: jak wygl\u0105da, jakie s\u0105 wymagania i co zrobi\u0107, aby uzyska\u0107 uznany certyfikat!\",\"breadcrumb\":{\"@id\":\"https:\/\/evocert.pl\/ifs-food\/#breadcrumb\"},\"inLanguage\":\"tr\",\"potentialAction\":[{\"@type\":\"ReadAction\",\"target\":[\"https:\/\/evocert.pl\/ifs-food\/\"]}]},{\"@type\":\"BreadcrumbList\",\"@id\":\"https:\/\/evocert.pl\/ifs-food\/#breadcrumb\",\"itemListElement\":[{\"@type\":\"ListItem\",\"position\":1,\"name\":\"Strona g\u0142\u00f3wna\",\"item\":\"https:\/\/evocert.pl\/en\/\"},{\"@type\":\"ListItem\",\"position\":2,\"name\":\"IFS Food\"}]},{\"@type\":\"WebSite\",\"@id\":\"https:\/\/evocert.pl\/en\/#website\",\"url\":\"https:\/\/evocert.pl\/en\/\",\"name\":\"EVOCERT\",\"description\":\"Evolution in certification\",\"publisher\":{\"@id\":\"https:\/\/evocert.pl\/en\/#organization\"},\"potentialAction\":[{\"@type\":\"SearchAction\",\"target\":{\"@type\":\"EntryPoint\",\"urlTemplate\":\"https:\/\/evocert.pl\/en\/?s={search_term_string}\"},\"query-input\":{\"@type\":\"PropertyValueSpecification\",\"valueRequired\":true,\"valueName\":\"search_term_string\"}}],\"inLanguage\":\"tr\"},{\"@type\":\"Organization\",\"@id\":\"https:\/\/evocert.pl\/en\/#organization\",\"name\":\"EVOCERT\",\"url\":\"https:\/\/evocert.pl\/en\/\",\"logo\":{\"@type\":\"ImageObject\",\"inLanguage\":\"tr\",\"@id\":\"https:\/\/evocert.pl\/en\/#\/schema\/logo\/image\/\",\"url\":\"https:\/\/evocert.pl\/wp-content\/uploads\/2025\/01\/EVOCERT_logo_KOLOR_PNG.png\",\"contentUrl\":\"https:\/\/evocert.pl\/wp-content\/uploads\/2025\/01\/EVOCERT_logo_KOLOR_PNG.png\",\"width\":378,\"height\":378,\"caption\":\"EVOCERT\"},\"image\":{\"@id\":\"https:\/\/evocert.pl\/en\/#\/schema\/logo\/image\/\"},\"sameAs\":[\"https:\/\/www.linkedin.com\/company\/evocert-sp-z-o-o\"]}]}<\/script>\n<!-- \/ Yoast SEO plugin. -->","yoast_head_json":{"title":"IFS Food - EVOCERT","description":"Certyfikacja - Standard IFS Food v. 8 prowadzona przez EVOCERT: jak wygl\u0105da, jakie s\u0105 wymagania i co zrobi\u0107, aby uzyska\u0107 uznany certyfikat!","robots":{"index":"index","follow":"follow","max-snippet":"max-snippet:-1","max-image-preview":"max-image-preview:large","max-video-preview":"max-video-preview:-1"},"canonical":"https:\/\/evocert.pl\/tr\/ifs-food\/","og_locale":"tr_TR","og_type":"article","og_title":"IFS Food - EVOCERT","og_description":"Certyfikacja - Standard IFS Food v. 8 prowadzona przez EVOCERT: jak wygl\u0105da, jakie s\u0105 wymagania i co zrobi\u0107, aby uzyska\u0107 uznany certyfikat!","og_url":"https:\/\/evocert.pl\/tr\/ifs-food\/","og_site_name":"EVOCERT","article_modified_time":"2025-08-21T09:12:48+00:00","og_image":[{"width":378,"height":378,"url":"https:\/\/evocert.pl\/wp-content\/uploads\/2025\/01\/EVOCERT_logo_KOLOR_PNG.png","type":"image\/png"}],"twitter_card":"summary_large_image","twitter_misc":{"Tahmini okuma s\u00fcresi":"2 dakika"},"schema":{"@context":"https:\/\/schema.org","@graph":[{"@type":"WebPage","@id":"https:\/\/evocert.pl\/ifs-food\/","url":"https:\/\/evocert.pl\/ifs-food\/","name":"IFS Food - EVOCERT","isPartOf":{"@id":"https:\/\/evocert.pl\/en\/#website"},"datePublished":"2025-01-02T11:43:05+00:00","dateModified":"2025-08-21T09:12:48+00:00","description":"Certyfikacja - Standard IFS Food v. 8 prowadzona przez EVOCERT: jak wygl\u0105da, jakie s\u0105 wymagania i co zrobi\u0107, aby uzyska\u0107 uznany certyfikat!","breadcrumb":{"@id":"https:\/\/evocert.pl\/ifs-food\/#breadcrumb"},"inLanguage":"tr","potentialAction":[{"@type":"ReadAction","target":["https:\/\/evocert.pl\/ifs-food\/"]}]},{"@type":"BreadcrumbList","@id":"https:\/\/evocert.pl\/ifs-food\/#breadcrumb","itemListElement":[{"@type":"ListItem","position":1,"name":"Strona g\u0142\u00f3wna","item":"https:\/\/evocert.pl\/en\/"},{"@type":"ListItem","position":2,"name":"IFS Food"}]},{"@type":"WebSite","@id":"https:\/\/evocert.pl\/en\/#website","url":"https:\/\/evocert.pl\/en\/","name":"EVOCERT","description":"Evolution in certification","publisher":{"@id":"https:\/\/evocert.pl\/en\/#organization"},"potentialAction":[{"@type":"SearchAction","target":{"@type":"EntryPoint","urlTemplate":"https:\/\/evocert.pl\/en\/?s={search_term_string}"},"query-input":{"@type":"PropertyValueSpecification","valueRequired":true,"valueName":"search_term_string"}}],"inLanguage":"tr"},{"@type":"Organization","@id":"https:\/\/evocert.pl\/en\/#organization","name":"EVOCERT","url":"https:\/\/evocert.pl\/en\/","logo":{"@type":"ImageObject","inLanguage":"tr","@id":"https:\/\/evocert.pl\/en\/#\/schema\/logo\/image\/","url":"https:\/\/evocert.pl\/wp-content\/uploads\/2025\/01\/EVOCERT_logo_KOLOR_PNG.png","contentUrl":"https:\/\/evocert.pl\/wp-content\/uploads\/2025\/01\/EVOCERT_logo_KOLOR_PNG.png","width":378,"height":378,"caption":"EVOCERT"},"image":{"@id":"https:\/\/evocert.pl\/en\/#\/schema\/logo\/image\/"},"sameAs":["https:\/\/www.linkedin.com\/company\/evocert-sp-z-o-o"]}]}},"_links":{"self":[{"href":"https:\/\/evocert.pl\/tr\/wp-json\/wp\/v2\/pages\/1690","targetHints":{"allow":["GET"]}}],"collection":[{"href":"https:\/\/evocert.pl\/tr\/wp-json\/wp\/v2\/pages"}],"about":[{"href":"https:\/\/evocert.pl\/tr\/wp-json\/wp\/v2\/types\/page"}],"author":[{"embeddable":true,"href":"https:\/\/evocert.pl\/tr\/wp-json\/wp\/v2\/users\/2"}],"replies":[{"embeddable":true,"href":"https:\/\/evocert.pl\/tr\/wp-json\/wp\/v2\/comments?post=1690"}],"version-history":[{"count":15,"href":"https:\/\/evocert.pl\/tr\/wp-json\/wp\/v2\/pages\/1690\/revisions"}],"predecessor-version":[{"id":4818,"href":"https:\/\/evocert.pl\/tr\/wp-json\/wp\/v2\/pages\/1690\/revisions\/4818"}],"wp:attachment":[{"href":"https:\/\/evocert.pl\/tr\/wp-json\/wp\/v2\/media?parent=1690"}],"curies":[{"name":"wp","href":"https:\/\/api.w.org\/{rel}","templated":true}]}}