{"id":1684,"date":"2025-01-02T12:38:45","date_gmt":"2025-01-02T11:38:45","guid":{"rendered":"https:\/\/evocert.pl\/?page_id=1684"},"modified":"2025-11-04T18:05:13","modified_gmt":"2025-11-04T17:05:13","slug":"brcgs-food-safety","status":"publish","type":"page","link":"https:\/\/evocert.pl\/tr\/brcgs-food-safety\/","title":{"rendered":"BRCGS Food Safety"},"content":{"rendered":"<div class=\"wp-block-group has-heading-color has-text-color has-link-color has-small-font-size wp-elements-48f6d305c3d66b5b7f18c7966a106328 is-vertical is-content-justification-stretch is-layout-flex wp-container-core-group-is-layout-a5b1d185 wp-block-group-is-layout-flex\" style=\"padding-right:var(--wp--preset--spacing--60);padding-bottom:var(--wp--preset--spacing--60);padding-left:var(--wp--preset--spacing--30);line-height:1.6\">\n<h2 class=\"wp-block-heading has-custom-logo-color has-text-color has-link-color has-medium-font-size wp-elements-6fd18923cb04ac9067a76e776513cd4a\">BRCGS Food Safety Nedir?<\/h2>\n\n\n\n<p class=\"translation-block\"><strong>BRCGS Food Safety v.9<\/strong>, \u00fcretim tesislerinde \u00fcretilen g\u0131da \u00fcr\u00fcnlerinin g\u00fcvenli, orijinal, uyumlu ve y\u00fcksek kalitede olmas\u0131n\u0131 sa\u011flamak i\u00e7in tasarlanm\u0131\u015f uluslararas\u0131 bir g\u0131da g\u00fcvenli\u011fi standard\u0131d\u0131r. Standart, t\u00fcketicileri etkili bir \u015fekilde korumak ve m\u00fc\u015fteri g\u00fcvenini olu\u015fturmak i\u00e7in g\u0131da \u015firketlerinde uygulanmas\u0131 gereken ilkeleri, s\u00fcre\u00e7leri ve operasyonel kriterleri belirler.<\/p>\n\n\n\n<p class=\"translation-block\">BRCGS Food Safety standard\u0131, \u00f6zellikle a\u015fa\u011f\u0131dakilere odaklanarak hem \u00fcr\u00fcnleri hem de \u00fcretim s\u00fcre\u00e7lerini do\u011frular:<\/p>\n\n\n\n<ul class=\"wp-block-list\">\n<li>g\u0131da g\u00fcvenli\u011fi,<\/li>\n\n\n\n<li>\u00fcr\u00fcnlerin \u00f6zg\u00fcnl\u00fc\u011f\u00fc ve kalitesi,<\/li>\n\n\n\n<li>\u00fcretim s\u00fcre\u00e7lerinin kontrol\u00fc,<\/li>\n\n\n\n<li>uygun risk y\u00f6netimi.<\/li>\n<\/ul>\n\n\n\n<hr class=\"wp-block-separator has-text-color has-custom-logo-color has-alpha-channel-opacity has-custom-logo-background-color has-background is-style-wide\" style=\"margin-top:var(--wp--preset--spacing--40);margin-bottom:var(--wp--preset--spacing--40)\"\/>\n\n\n\n<h2 class=\"wp-block-heading has-custom-logo-color has-text-color has-link-color has-medium-font-size wp-elements-c35e1549effaf67c56b73f4153d55db5\">Bu standart kimlere uygulan\u0131r?<\/h2>\n\n\n\n<p>Standart, a\u015fa\u011f\u0131dakilerin \u00fcretimi, i\u015flenmesi veya paketlenmesinde faaliyet g\u00f6steren tesisler i\u00e7in ge\u00e7erlidir:<\/p>\n\n\n\n<ul class=\"wp-block-list\">\n<li>i\u015flenmi\u015f g\u0131da, hem kendi markan\u0131z alt\u0131nda hem de kendi markan\u0131z alt\u0131nda,<\/li>\n\n\n\n<li>catering \u015firketlerinin ve g\u0131da \u00fcreticilerinin ihtiya\u00e7lar\u0131na y\u00f6nelik bile\u015fenler veya hammaddeler,<\/li>\n\n\n\n<li>meyve ve sebze gibi temel g\u0131dalar,<\/li>\n\n\n\n<li>evcil hayvan mamas\u0131 ve hayvan yemi,<\/li>\n\n\n\n<li>hayvanlar\u0131n ilk i\u015flenmesinden elde edilen \u00fcr\u00fcnler.<\/li>\n<\/ul>\n\n\n\n<hr class=\"wp-block-separator has-text-color has-custom-logo-color has-alpha-channel-opacity has-custom-logo-background-color has-background is-style-wide\" style=\"margin-top:var(--wp--preset--spacing--40);margin-bottom:var(--wp--preset--spacing--40)\"\/>\n\n\n\n<h2 class=\"wp-block-heading has-custom-logo-color has-text-color has-link-color has-medium-font-size wp-elements-a45c88926cdc09c5f552115ff1521822\">EVOCERT ile Sertifikasyon<\/h2>\n\n\n\n<p>EVOCERT, ilk g\u00f6r\u00fc\u015fmeden, kapsaml\u0131 bir denetime ve sertifikan\u0131n verilmesine kadar t\u00fcm sertifikasyon s\u00fcrecinde \u015firketinize rehberlik etmekten mutluluk duyacak deneyimli denet\u00e7i ve uzmanlardan olu\u015fan bir ekiptir. <\/p>\n\n\n\n<p class=\"translation-block\"><strong>Prestijli, uluslararas\u0131<\/strong> BRCGS G\u0131da G\u00fcvenli\u011fi v.9 standard\u0131nda sertifikasyonu se\u00e7in ve EVOCERT'in profesyonelli\u011finden yararlan\u0131n.<\/p>\n\n\n\n<p><a href=\"https:\/\/evocert.pl\/tr\/kontakt\/\">Bize Ula\u015f\u0131n<\/a>, sertifikasyon s\u00fcrecini ba\u015flatmak veya BRCGS G\u0131da G\u00fcvenli\u011fi v.9 gereklilikleri hakk\u0131nda daha fazla bilgi edinmek i\u00e7in.<\/p>\n<\/div>","protected":false},"excerpt":{"rendered":"<p>Czym jest BRCGS Food Safety? BRCGS Food Safety v.9 to mi\u0119dzynarodowy standard bezpiecze\u0144stwa \u017cywno\u015bci, kt\u00f3rego celem jest zapewnienie, \u017ce produkty spo\u017cywcze wytwarzane w zak\u0142adach produkcyjnych s\u0105 bezpieczne, autentyczne, zgodne z wymaganiami oraz wysokiej jako\u015bci. Standard okre\u015bla zasady, procesy i kryteria operacyjne, kt\u00f3re musz\u0105 by\u0107 wdro\u017cone w firmach produkuj\u0105cych \u017cywno\u015b\u0107, aby skutecznie chroni\u0107 konsument\u00f3w i budowa\u0107 [&hellip;]<\/p>","protected":false},"author":2,"featured_media":0,"parent":0,"menu_order":0,"comment_status":"closed","ping_status":"closed","template":"wp-custom-template-oferta-brc-food-safety-og-lne","meta":{"footnotes":""},"class_list":["post-1684","page","type-page","status-publish","hentry"],"yoast_head":"<!-- This site is optimized with the Yoast SEO plugin v26.3 - https:\/\/yoast.com\/wordpress\/plugins\/seo\/ -->\n<title>BRCGS Food Safety - EVOCERT<\/title>\n<meta name=\"robots\" content=\"index, follow, max-snippet:-1, max-image-preview:large, max-video-preview:-1\" \/>\n<link rel=\"canonical\" href=\"https:\/\/evocert.pl\/tr\/brcgs-food-safety\/\" \/>\n<meta property=\"og:locale\" content=\"tr_TR\" \/>\n<meta property=\"og:type\" content=\"article\" \/>\n<meta property=\"og:title\" content=\"BRCGS Food Safety - EVOCERT\" \/>\n<meta property=\"og:description\" content=\"Czym jest BRCGS Food Safety? BRCGS Food Safety v.9 to mi\u0119dzynarodowy standard bezpiecze\u0144stwa \u017cywno\u015bci, kt\u00f3rego celem jest zapewnienie, \u017ce produkty spo\u017cywcze wytwarzane w zak\u0142adach produkcyjnych s\u0105 bezpieczne, autentyczne, zgodne z wymaganiami oraz wysokiej jako\u015bci. Standard okre\u015bla zasady, procesy i kryteria operacyjne, kt\u00f3re musz\u0105 by\u0107 wdro\u017cone w firmach produkuj\u0105cych \u017cywno\u015b\u0107, aby skutecznie chroni\u0107 konsument\u00f3w i budowa\u0107 [&hellip;]\" \/>\n<meta property=\"og:url\" content=\"https:\/\/evocert.pl\/tr\/brcgs-food-safety\/\" \/>\n<meta property=\"og:site_name\" content=\"EVOCERT\" \/>\n<meta property=\"article:modified_time\" content=\"2025-11-04T17:05:13+00:00\" \/>\n<meta property=\"og:image\" content=\"https:\/\/evocert.pl\/wp-content\/uploads\/2025\/01\/EVOCERT_logo_KOLOR_PNG.png\" \/>\n\t<meta property=\"og:image:width\" content=\"378\" \/>\n\t<meta property=\"og:image:height\" content=\"378\" \/>\n\t<meta property=\"og:image:type\" content=\"image\/png\" \/>\n<meta name=\"twitter:card\" content=\"summary_large_image\" \/>\n<meta name=\"twitter:label1\" content=\"Tahmini okuma s\u00fcresi\" \/>\n\t<meta name=\"twitter:data1\" content=\"1 dakika\" \/>\n<script type=\"application\/ld+json\" class=\"yoast-schema-graph\">{\"@context\":\"https:\/\/schema.org\",\"@graph\":[{\"@type\":\"WebPage\",\"@id\":\"https:\/\/evocert.pl\/brcgs-food-safety\/\",\"url\":\"https:\/\/evocert.pl\/brcgs-food-safety\/\",\"name\":\"BRCGS Food Safety - EVOCERT\",\"isPartOf\":{\"@id\":\"https:\/\/evocert.pl\/en\/#website\"},\"datePublished\":\"2025-01-02T11:38:45+00:00\",\"dateModified\":\"2025-11-04T17:05:13+00:00\",\"breadcrumb\":{\"@id\":\"https:\/\/evocert.pl\/brcgs-food-safety\/#breadcrumb\"},\"inLanguage\":\"tr\",\"potentialAction\":[{\"@type\":\"ReadAction\",\"target\":[\"https:\/\/evocert.pl\/brcgs-food-safety\/\"]}]},{\"@type\":\"BreadcrumbList\",\"@id\":\"https:\/\/evocert.pl\/brcgs-food-safety\/#breadcrumb\",\"itemListElement\":[{\"@type\":\"ListItem\",\"position\":1,\"name\":\"Strona g\u0142\u00f3wna\",\"item\":\"https:\/\/evocert.pl\/en\/\"},{\"@type\":\"ListItem\",\"position\":2,\"name\":\"BRCGS Food Safety\"}]},{\"@type\":\"WebSite\",\"@id\":\"https:\/\/evocert.pl\/en\/#website\",\"url\":\"https:\/\/evocert.pl\/en\/\",\"name\":\"EVOCERT\",\"description\":\"Evolution in certification\",\"publisher\":{\"@id\":\"https:\/\/evocert.pl\/en\/#organization\"},\"potentialAction\":[{\"@type\":\"SearchAction\",\"target\":{\"@type\":\"EntryPoint\",\"urlTemplate\":\"https:\/\/evocert.pl\/en\/?s={search_term_string}\"},\"query-input\":{\"@type\":\"PropertyValueSpecification\",\"valueRequired\":true,\"valueName\":\"search_term_string\"}}],\"inLanguage\":\"tr\"},{\"@type\":\"Organization\",\"@id\":\"https:\/\/evocert.pl\/en\/#organization\",\"name\":\"EVOCERT\",\"url\":\"https:\/\/evocert.pl\/en\/\",\"logo\":{\"@type\":\"ImageObject\",\"inLanguage\":\"tr\",\"@id\":\"https:\/\/evocert.pl\/en\/#\/schema\/logo\/image\/\",\"url\":\"https:\/\/evocert.pl\/wp-content\/uploads\/2025\/01\/EVOCERT_logo_KOLOR_PNG.png\",\"contentUrl\":\"https:\/\/evocert.pl\/wp-content\/uploads\/2025\/01\/EVOCERT_logo_KOLOR_PNG.png\",\"width\":378,\"height\":378,\"caption\":\"EVOCERT\"},\"image\":{\"@id\":\"https:\/\/evocert.pl\/en\/#\/schema\/logo\/image\/\"},\"sameAs\":[\"https:\/\/www.linkedin.com\/company\/evocert-sp-z-o-o\"]}]}<\/script>\n<!-- \/ Yoast SEO plugin. -->","yoast_head_json":{"title":"BRCGS Food Safety - EVOCERT","robots":{"index":"index","follow":"follow","max-snippet":"max-snippet:-1","max-image-preview":"max-image-preview:large","max-video-preview":"max-video-preview:-1"},"canonical":"https:\/\/evocert.pl\/tr\/brcgs-food-safety\/","og_locale":"tr_TR","og_type":"article","og_title":"BRCGS Food Safety - EVOCERT","og_description":"Czym jest BRCGS Food Safety? BRCGS Food Safety v.9 to mi\u0119dzynarodowy standard bezpiecze\u0144stwa \u017cywno\u015bci, kt\u00f3rego celem jest zapewnienie, \u017ce produkty spo\u017cywcze wytwarzane w zak\u0142adach produkcyjnych s\u0105 bezpieczne, autentyczne, zgodne z wymaganiami oraz wysokiej jako\u015bci. Standard okre\u015bla zasady, procesy i kryteria operacyjne, kt\u00f3re musz\u0105 by\u0107 wdro\u017cone w firmach produkuj\u0105cych \u017cywno\u015b\u0107, aby skutecznie chroni\u0107 konsument\u00f3w i budowa\u0107 [&hellip;]","og_url":"https:\/\/evocert.pl\/tr\/brcgs-food-safety\/","og_site_name":"EVOCERT","article_modified_time":"2025-11-04T17:05:13+00:00","og_image":[{"width":378,"height":378,"url":"https:\/\/evocert.pl\/wp-content\/uploads\/2025\/01\/EVOCERT_logo_KOLOR_PNG.png","type":"image\/png"}],"twitter_card":"summary_large_image","twitter_misc":{"Tahmini okuma s\u00fcresi":"1 dakika"},"schema":{"@context":"https:\/\/schema.org","@graph":[{"@type":"WebPage","@id":"https:\/\/evocert.pl\/brcgs-food-safety\/","url":"https:\/\/evocert.pl\/brcgs-food-safety\/","name":"BRCGS Food Safety - EVOCERT","isPartOf":{"@id":"https:\/\/evocert.pl\/en\/#website"},"datePublished":"2025-01-02T11:38:45+00:00","dateModified":"2025-11-04T17:05:13+00:00","breadcrumb":{"@id":"https:\/\/evocert.pl\/brcgs-food-safety\/#breadcrumb"},"inLanguage":"tr","potentialAction":[{"@type":"ReadAction","target":["https:\/\/evocert.pl\/brcgs-food-safety\/"]}]},{"@type":"BreadcrumbList","@id":"https:\/\/evocert.pl\/brcgs-food-safety\/#breadcrumb","itemListElement":[{"@type":"ListItem","position":1,"name":"Strona g\u0142\u00f3wna","item":"https:\/\/evocert.pl\/en\/"},{"@type":"ListItem","position":2,"name":"BRCGS Food Safety"}]},{"@type":"WebSite","@id":"https:\/\/evocert.pl\/en\/#website","url":"https:\/\/evocert.pl\/en\/","name":"EVOCERT","description":"Evolution in certification","publisher":{"@id":"https:\/\/evocert.pl\/en\/#organization"},"potentialAction":[{"@type":"SearchAction","target":{"@type":"EntryPoint","urlTemplate":"https:\/\/evocert.pl\/en\/?s={search_term_string}"},"query-input":{"@type":"PropertyValueSpecification","valueRequired":true,"valueName":"search_term_string"}}],"inLanguage":"tr"},{"@type":"Organization","@id":"https:\/\/evocert.pl\/en\/#organization","name":"EVOCERT","url":"https:\/\/evocert.pl\/en\/","logo":{"@type":"ImageObject","inLanguage":"tr","@id":"https:\/\/evocert.pl\/en\/#\/schema\/logo\/image\/","url":"https:\/\/evocert.pl\/wp-content\/uploads\/2025\/01\/EVOCERT_logo_KOLOR_PNG.png","contentUrl":"https:\/\/evocert.pl\/wp-content\/uploads\/2025\/01\/EVOCERT_logo_KOLOR_PNG.png","width":378,"height":378,"caption":"EVOCERT"},"image":{"@id":"https:\/\/evocert.pl\/en\/#\/schema\/logo\/image\/"},"sameAs":["https:\/\/www.linkedin.com\/company\/evocert-sp-z-o-o"]}]}},"_links":{"self":[{"href":"https:\/\/evocert.pl\/tr\/wp-json\/wp\/v2\/pages\/1684","targetHints":{"allow":["GET"]}}],"collection":[{"href":"https:\/\/evocert.pl\/tr\/wp-json\/wp\/v2\/pages"}],"about":[{"href":"https:\/\/evocert.pl\/tr\/wp-json\/wp\/v2\/types\/page"}],"author":[{"embeddable":true,"href":"https:\/\/evocert.pl\/tr\/wp-json\/wp\/v2\/users\/2"}],"replies":[{"embeddable":true,"href":"https:\/\/evocert.pl\/tr\/wp-json\/wp\/v2\/comments?post=1684"}],"version-history":[{"count":3,"href":"https:\/\/evocert.pl\/tr\/wp-json\/wp\/v2\/pages\/1684\/revisions"}],"predecessor-version":[{"id":5072,"href":"https:\/\/evocert.pl\/tr\/wp-json\/wp\/v2\/pages\/1684\/revisions\/5072"}],"wp:attachment":[{"href":"https:\/\/evocert.pl\/tr\/wp-json\/wp\/v2\/media?parent=1684"}],"curies":[{"name":"wp","href":"https:\/\/api.w.org\/{rel}","templated":true}]}}