{"id":1430,"date":"2024-12-31T10:39:32","date_gmt":"2024-12-31T09:39:32","guid":{"rendered":"https:\/\/evocert.pl\/?page_id=1430"},"modified":"2025-11-24T10:08:47","modified_gmt":"2025-11-24T09:08:47","slug":"integrowana-produkcja-roslin-jak_zaczac","status":"publish","type":"page","link":"https:\/\/evocert.pl\/tr\/integrowana-produkcja-roslin-jak_zaczac\/","title":{"rendered":"Entegre Bitkisel \u00dcretim \u2013 Nas\u0131l Ba\u015flan\u0131r?"},"content":{"rendered":"<div class=\"wp-block-group has-heading-color has-text-color has-link-color has-small-font-size wp-elements-bbfb15a841bdd8d573b605a0bcb43d2b is-vertical is-content-justification-stretch is-layout-flex wp-container-core-group-is-layout-a5b1d185 wp-block-group-is-layout-flex\" style=\"padding-right:var(--wp--preset--spacing--60);padding-bottom:var(--wp--preset--spacing--60);padding-left:var(--wp--preset--spacing--30);line-height:1.6\">\n<h2 class=\"wp-block-heading has-custom-logo-color has-text-color has-link-color has-medium-font-size wp-elements-88188f91ceb9241c40fdd15bea002dfd\">Nas\u0131l Ba\u015flan\u0131r?<\/h2>\n\n\n\n<p>EVOCERT\u2019ten Entegre Bitkisel \u00dcretim sertifikas\u0131n\u0131 almak i\u00e7in a\u015fa\u011f\u0131daki ad\u0131mlar\u0131 izleyin:<\/p>\n\n\n\n<ol class=\"wp-block-list\">\n<li>Sertifika ba\u015fvurunuzu EVOCERT'e g\u00f6nderin:\n<ul class=\"wp-block-list\">\n<li class=\"translation-block\">\"D\u00f6k\u00fcmanlar\" sekmesinde bulunan Kapsam Sertifikas\u0131 Ba\u015fvurusu formunu <strong>indirin<\/strong>.<\/li>\n\n\n\n<li class=\"translation-block\">Formu doldurun ve imzalay\u0131n.<\/li>\n\n\n\n<li><strong>Tamamlanm\u0131\u015f ve imzalanm\u0131\u015f ba\u015fvuruyu ilgili eklerle birlikte EVOCERT'e g\u00f6nderin<\/strong>. Belgeler \u015fu \u015fekilde g\u00f6nderilebilir:\n<ul class=\"wp-block-list\">\n<li>el yaz\u0131s\u0131 ile imzalanm\u0131\u015f olarak posta ile \u015fu adrese: ul. dr Franciszka Witaszka 6, 64-920 Pi\u0142a, Polska,<\/li>\n\n\n\n<li>nitelikli imza ile e-posta ile \u015fu adrese: kontakt@evocert.pl.<\/li>\n<\/ul>\n<\/li>\n<\/ul>\n<\/li>\n\n\n\n<li class=\"translation-block\"><strong>S\u00f6zle\u015fmenin imzalanmas\u0131<\/strong> \u2013 Ba\u015fvurunun do\u011frulanmas\u0131n\u0131n ard\u0131ndan sertifikasyon s\u00f6zle\u015fmesini haz\u0131rlay\u0131p g\u00f6nderece\u011fiz.<\/li>\n\n\n\n<li class=\"translation-block\"><strong>\u00c7iftlik Denetimi<\/strong> \u2013 Bir EVOCERT m\u00fcfetti\u015fi, denetimi IPR metodolojilerine g\u00f6re ger\u00e7ekle\u015ftirecektir. Olumlu bir de\u011ferlendirmenin ard\u0131ndan bir sertifika d\u00fczenleriz.<\/li>\n<\/ol>\n<\/div>","protected":false},"excerpt":{"rendered":"<p>Jak zacz\u0105\u0107? Aby uzyska\u0107 certyfikat IPR w EVOCERT, wykonaj poni\u017csze kroki:<\/p>","protected":false},"author":2,"featured_media":0,"parent":0,"menu_order":0,"comment_status":"closed","ping_status":"closed","template":"wp-custom-template-oferta-ipr-podstawy-prawne-wymagania","meta":{"footnotes":""},"class_list":["post-1430","page","type-page","status-publish","hentry"],"yoast_head":"<!-- This site is optimized with the Yoast SEO plugin v26.3 - https:\/\/yoast.com\/wordpress\/plugins\/seo\/ -->\n<title>Integrowana produkcja ro\u015blin - jak zacz\u0105\u0107 - EVOCERT<\/title>\n<meta name=\"robots\" content=\"index, follow, max-snippet:-1, max-image-preview:large, max-video-preview:-1\" \/>\n<link rel=\"canonical\" href=\"https:\/\/evocert.pl\/tr\/integrowana-produkcja-roslin-jak_zaczac\/\" \/>\n<meta property=\"og:locale\" content=\"tr_TR\" \/>\n<meta property=\"og:type\" content=\"article\" \/>\n<meta property=\"og:title\" content=\"Integrowana produkcja ro\u015blin - jak zacz\u0105\u0107 - EVOCERT\" \/>\n<meta property=\"og:description\" content=\"Jak zacz\u0105\u0107? Aby uzyska\u0107 certyfikat IPR w EVOCERT, wykonaj poni\u017csze kroki:\" \/>\n<meta property=\"og:url\" content=\"https:\/\/evocert.pl\/tr\/integrowana-produkcja-roslin-jak_zaczac\/\" \/>\n<meta property=\"og:site_name\" content=\"EVOCERT\" \/>\n<meta property=\"article:modified_time\" content=\"2025-11-24T09:08:47+00:00\" \/>\n<meta property=\"og:image\" content=\"https:\/\/evocert.pl\/wp-content\/uploads\/2025\/01\/EVOCERT_logo_KOLOR_PNG.png\" \/>\n\t<meta property=\"og:image:width\" content=\"378\" \/>\n\t<meta property=\"og:image:height\" content=\"378\" \/>\n\t<meta property=\"og:image:type\" content=\"image\/png\" \/>\n<meta name=\"twitter:card\" content=\"summary_large_image\" \/>\n<meta name=\"twitter:label1\" content=\"Tahmini okuma s\u00fcresi\" \/>\n\t<meta name=\"twitter:data1\" content=\"1 dakika\" \/>\n<script type=\"application\/ld+json\" class=\"yoast-schema-graph\">{\"@context\":\"https:\/\/schema.org\",\"@graph\":[{\"@type\":\"WebPage\",\"@id\":\"https:\/\/evocert.pl\/integrowana-produkcja-roslin-jak_zaczac\/\",\"url\":\"https:\/\/evocert.pl\/integrowana-produkcja-roslin-jak_zaczac\/\",\"name\":\"Integrowana produkcja ro\u015blin - jak zacz\u0105\u0107 - EVOCERT\",\"isPartOf\":{\"@id\":\"https:\/\/evocert.pl\/en\/#website\"},\"datePublished\":\"2024-12-31T09:39:32+00:00\",\"dateModified\":\"2025-11-24T09:08:47+00:00\",\"breadcrumb\":{\"@id\":\"https:\/\/evocert.pl\/integrowana-produkcja-roslin-jak_zaczac\/#breadcrumb\"},\"inLanguage\":\"tr\",\"potentialAction\":[{\"@type\":\"ReadAction\",\"target\":[\"https:\/\/evocert.pl\/integrowana-produkcja-roslin-jak_zaczac\/\"]}]},{\"@type\":\"BreadcrumbList\",\"@id\":\"https:\/\/evocert.pl\/integrowana-produkcja-roslin-jak_zaczac\/#breadcrumb\",\"itemListElement\":[{\"@type\":\"ListItem\",\"position\":1,\"name\":\"Strona g\u0142\u00f3wna\",\"item\":\"https:\/\/evocert.pl\/en\/\"},{\"@type\":\"ListItem\",\"position\":2,\"name\":\"Integrowana produkcja ro\u015blin &#8211; jak zacz\u0105\u0107\"}]},{\"@type\":\"WebSite\",\"@id\":\"https:\/\/evocert.pl\/en\/#website\",\"url\":\"https:\/\/evocert.pl\/en\/\",\"name\":\"EVOCERT\",\"description\":\"Evolution in certification\",\"publisher\":{\"@id\":\"https:\/\/evocert.pl\/en\/#organization\"},\"potentialAction\":[{\"@type\":\"SearchAction\",\"target\":{\"@type\":\"EntryPoint\",\"urlTemplate\":\"https:\/\/evocert.pl\/en\/?s={search_term_string}\"},\"query-input\":{\"@type\":\"PropertyValueSpecification\",\"valueRequired\":true,\"valueName\":\"search_term_string\"}}],\"inLanguage\":\"tr\"},{\"@type\":\"Organization\",\"@id\":\"https:\/\/evocert.pl\/en\/#organization\",\"name\":\"EVOCERT\",\"url\":\"https:\/\/evocert.pl\/en\/\",\"logo\":{\"@type\":\"ImageObject\",\"inLanguage\":\"tr\",\"@id\":\"https:\/\/evocert.pl\/en\/#\/schema\/logo\/image\/\",\"url\":\"https:\/\/evocert.pl\/wp-content\/uploads\/2025\/01\/EVOCERT_logo_KOLOR_PNG.png\",\"contentUrl\":\"https:\/\/evocert.pl\/wp-content\/uploads\/2025\/01\/EVOCERT_logo_KOLOR_PNG.png\",\"width\":378,\"height\":378,\"caption\":\"EVOCERT\"},\"image\":{\"@id\":\"https:\/\/evocert.pl\/en\/#\/schema\/logo\/image\/\"},\"sameAs\":[\"https:\/\/www.linkedin.com\/company\/evocert-sp-z-o-o\"]}]}<\/script>\n<!-- \/ Yoast SEO plugin. -->","yoast_head_json":{"title":"Integrowana produkcja ro\u015blin - jak zacz\u0105\u0107 - EVOCERT","robots":{"index":"index","follow":"follow","max-snippet":"max-snippet:-1","max-image-preview":"max-image-preview:large","max-video-preview":"max-video-preview:-1"},"canonical":"https:\/\/evocert.pl\/tr\/integrowana-produkcja-roslin-jak_zaczac\/","og_locale":"tr_TR","og_type":"article","og_title":"Integrowana produkcja ro\u015blin - jak zacz\u0105\u0107 - EVOCERT","og_description":"Jak zacz\u0105\u0107? Aby uzyska\u0107 certyfikat IPR w EVOCERT, wykonaj poni\u017csze kroki:","og_url":"https:\/\/evocert.pl\/tr\/integrowana-produkcja-roslin-jak_zaczac\/","og_site_name":"EVOCERT","article_modified_time":"2025-11-24T09:08:47+00:00","og_image":[{"width":378,"height":378,"url":"https:\/\/evocert.pl\/wp-content\/uploads\/2025\/01\/EVOCERT_logo_KOLOR_PNG.png","type":"image\/png"}],"twitter_card":"summary_large_image","twitter_misc":{"Tahmini okuma s\u00fcresi":"1 dakika"},"schema":{"@context":"https:\/\/schema.org","@graph":[{"@type":"WebPage","@id":"https:\/\/evocert.pl\/integrowana-produkcja-roslin-jak_zaczac\/","url":"https:\/\/evocert.pl\/integrowana-produkcja-roslin-jak_zaczac\/","name":"Integrowana produkcja ro\u015blin - jak zacz\u0105\u0107 - EVOCERT","isPartOf":{"@id":"https:\/\/evocert.pl\/en\/#website"},"datePublished":"2024-12-31T09:39:32+00:00","dateModified":"2025-11-24T09:08:47+00:00","breadcrumb":{"@id":"https:\/\/evocert.pl\/integrowana-produkcja-roslin-jak_zaczac\/#breadcrumb"},"inLanguage":"tr","potentialAction":[{"@type":"ReadAction","target":["https:\/\/evocert.pl\/integrowana-produkcja-roslin-jak_zaczac\/"]}]},{"@type":"BreadcrumbList","@id":"https:\/\/evocert.pl\/integrowana-produkcja-roslin-jak_zaczac\/#breadcrumb","itemListElement":[{"@type":"ListItem","position":1,"name":"Strona g\u0142\u00f3wna","item":"https:\/\/evocert.pl\/en\/"},{"@type":"ListItem","position":2,"name":"Integrowana produkcja ro\u015blin &#8211; jak zacz\u0105\u0107"}]},{"@type":"WebSite","@id":"https:\/\/evocert.pl\/en\/#website","url":"https:\/\/evocert.pl\/en\/","name":"EVOCERT","description":"Evolution in certification","publisher":{"@id":"https:\/\/evocert.pl\/en\/#organization"},"potentialAction":[{"@type":"SearchAction","target":{"@type":"EntryPoint","urlTemplate":"https:\/\/evocert.pl\/en\/?s={search_term_string}"},"query-input":{"@type":"PropertyValueSpecification","valueRequired":true,"valueName":"search_term_string"}}],"inLanguage":"tr"},{"@type":"Organization","@id":"https:\/\/evocert.pl\/en\/#organization","name":"EVOCERT","url":"https:\/\/evocert.pl\/en\/","logo":{"@type":"ImageObject","inLanguage":"tr","@id":"https:\/\/evocert.pl\/en\/#\/schema\/logo\/image\/","url":"https:\/\/evocert.pl\/wp-content\/uploads\/2025\/01\/EVOCERT_logo_KOLOR_PNG.png","contentUrl":"https:\/\/evocert.pl\/wp-content\/uploads\/2025\/01\/EVOCERT_logo_KOLOR_PNG.png","width":378,"height":378,"caption":"EVOCERT"},"image":{"@id":"https:\/\/evocert.pl\/en\/#\/schema\/logo\/image\/"},"sameAs":["https:\/\/www.linkedin.com\/company\/evocert-sp-z-o-o"]}]}},"_links":{"self":[{"href":"https:\/\/evocert.pl\/tr\/wp-json\/wp\/v2\/pages\/1430","targetHints":{"allow":["GET"]}}],"collection":[{"href":"https:\/\/evocert.pl\/tr\/wp-json\/wp\/v2\/pages"}],"about":[{"href":"https:\/\/evocert.pl\/tr\/wp-json\/wp\/v2\/types\/page"}],"author":[{"embeddable":true,"href":"https:\/\/evocert.pl\/tr\/wp-json\/wp\/v2\/users\/2"}],"replies":[{"embeddable":true,"href":"https:\/\/evocert.pl\/tr\/wp-json\/wp\/v2\/comments?post=1430"}],"version-history":[{"count":7,"href":"https:\/\/evocert.pl\/tr\/wp-json\/wp\/v2\/pages\/1430\/revisions"}],"predecessor-version":[{"id":5139,"href":"https:\/\/evocert.pl\/tr\/wp-json\/wp\/v2\/pages\/1430\/revisions\/5139"}],"wp:attachment":[{"href":"https:\/\/evocert.pl\/tr\/wp-json\/wp\/v2\/media?parent=1430"}],"curies":[{"name":"wp","href":"https:\/\/api.w.org\/{rel}","templated":true}]}}