{"id":92,"date":"2024-12-12T10:24:56","date_gmt":"2024-12-12T09:24:56","guid":{"rendered":"http:\/\/evocert.pl\/?page_id=92"},"modified":"2024-12-18T11:50:44","modified_gmt":"2024-12-18T10:50:44","slug":"strona-glowna","status":"publish","type":"page","link":"https:\/\/evocert.pl\/pl\/","title":{"rendered":"Strona g\u0142\u00f3wna"},"content":{"rendered":"\n<p>Evocert sp. z o.o. to dynamiczna jednostka certyfikuj\u0105ca, kt\u00f3rej misj\u0105 jest dostarczanie najwy\u017cszej jako\u015bci us\u0142ug w zakresie certyfikacji wyrob\u00f3w. Obs\u0142ugujemy klient\u00f3w z ca\u0142ego \u015bwiata, oferuj\u0105c profesjonalne wsparcie na ka\u017cdym etapie procesu certyfikacji. <\/p>\n\n\n\n<p>Nasz\u0105 si\u0142\u0105 jest zesp\u00f3\u0142 do\u015bwiadczonych specjalist\u00f3w, kt\u00f3rzy z pasj\u0105 i zaanga\u017cowaniem dbaj\u0105 o spe\u0142nienie Pa\u0144stwa oczekiwa\u0144. Evocert to synonim rzetelno\u015bci, precyzji i doskona\u0142ej obs\u0142ugi klienta.<\/p>\n\n\n\n<p>Zaufaj nam i odkryj nowe mo\u017cliwo\u015bci z Evocert!<\/p>\n\n\n\n<p><\/p>\n\n\n\n<p><\/p>\n","protected":false},"excerpt":{"rendered":"<p>Evocert sp. z o.o. to dynamiczna jednostka certyfikuj\u0105ca, kt\u00f3rej misj\u0105 jest dostarczanie najwy\u017cszej jako\u015bci us\u0142ug w zakresie certyfikacji wyrob\u00f3w. Obs\u0142ugujemy klient\u00f3w z ca\u0142ego \u015bwiata, oferuj\u0105c profesjonalne wsparcie na ka\u017cdym etapie procesu certyfikacji. Nasz\u0105 si\u0142\u0105 jest zesp\u00f3\u0142 do\u015bwiadczonych specjalist\u00f3w, kt\u00f3rzy z pasj\u0105 i zaanga\u017cowaniem dbaj\u0105 o spe\u0142nienie Pa\u0144stwa oczekiwa\u0144. Evocert to synonim rzetelno\u015bci, precyzji i doskona\u0142ej [&hellip;]<\/p>\n","protected":false},"author":2,"featured_media":0,"parent":0,"menu_order":0,"comment_status":"closed","ping_status":"closed","template":"front","meta":{"footnotes":""},"class_list":["post-92","page","type-page","status-publish","hentry"],"yoast_head":"<!-- This site is optimized with the Yoast SEO plugin v26.3 - https:\/\/yoast.com\/wordpress\/plugins\/seo\/ -->\n<title>Strona g\u0142\u00f3wna - EVOCERT<\/title>\n<meta name=\"robots\" content=\"index, follow, max-snippet:-1, max-image-preview:large, max-video-preview:-1\" \/>\n<link rel=\"canonical\" href=\"https:\/\/evocert.pl\/pl\/\" \/>\n<meta property=\"og:locale\" content=\"pl_PL\" \/>\n<meta property=\"og:type\" content=\"article\" \/>\n<meta property=\"og:title\" content=\"Strona g\u0142\u00f3wna - EVOCERT\" \/>\n<meta property=\"og:description\" content=\"Evocert sp. z o.o. to dynamiczna jednostka certyfikuj\u0105ca, kt\u00f3rej misj\u0105 jest dostarczanie najwy\u017cszej jako\u015bci us\u0142ug w zakresie certyfikacji wyrob\u00f3w. Obs\u0142ugujemy klient\u00f3w z ca\u0142ego \u015bwiata, oferuj\u0105c profesjonalne wsparcie na ka\u017cdym etapie procesu certyfikacji. Nasz\u0105 si\u0142\u0105 jest zesp\u00f3\u0142 do\u015bwiadczonych specjalist\u00f3w, kt\u00f3rzy z pasj\u0105 i zaanga\u017cowaniem dbaj\u0105 o spe\u0142nienie Pa\u0144stwa oczekiwa\u0144. Evocert to synonim rzetelno\u015bci, precyzji i doskona\u0142ej [&hellip;]\" \/>\n<meta property=\"og:url\" content=\"https:\/\/evocert.pl\/pl\/\" \/>\n<meta property=\"og:site_name\" content=\"EVOCERT\" \/>\n<meta property=\"article:modified_time\" content=\"2024-12-18T10:50:44+00:00\" \/>\n<meta property=\"og:image\" content=\"https:\/\/evocert.pl\/wp-content\/uploads\/2025\/01\/EVOCERT_logo_KOLOR_PNG.png\" \/>\n\t<meta property=\"og:image:width\" content=\"378\" \/>\n\t<meta property=\"og:image:height\" content=\"378\" \/>\n\t<meta property=\"og:image:type\" content=\"image\/png\" \/>\n<meta name=\"twitter:card\" content=\"summary_large_image\" \/>\n<script type=\"application\/ld+json\" class=\"yoast-schema-graph\">{\"@context\":\"https:\/\/schema.org\",\"@graph\":[{\"@type\":\"WebPage\",\"@id\":\"https:\/\/evocert.pl\/en\/\",\"url\":\"https:\/\/evocert.pl\/en\/\",\"name\":\"Strona g\u0142\u00f3wna - EVOCERT\",\"isPartOf\":{\"@id\":\"https:\/\/evocert.pl\/en\/#website\"},\"datePublished\":\"2024-12-12T09:24:56+00:00\",\"dateModified\":\"2024-12-18T10:50:44+00:00\",\"breadcrumb\":{\"@id\":\"https:\/\/evocert.pl\/en\/#breadcrumb\"},\"inLanguage\":\"pl-PL\",\"potentialAction\":[{\"@type\":\"ReadAction\",\"target\":[\"https:\/\/evocert.pl\/en\/\"]}]},{\"@type\":\"BreadcrumbList\",\"@id\":\"https:\/\/evocert.pl\/en\/#breadcrumb\",\"itemListElement\":[{\"@type\":\"ListItem\",\"position\":1,\"name\":\"Strona g\u0142\u00f3wna\",\"item\":\"https:\/\/evocert.pl\/en\/\"},{\"@type\":\"ListItem\",\"position\":2,\"name\":\"Strona g\u0142\u00f3wna\"}]},{\"@type\":\"WebSite\",\"@id\":\"https:\/\/evocert.pl\/en\/#website\",\"url\":\"https:\/\/evocert.pl\/en\/\",\"name\":\"EVOCERT\",\"description\":\"Evolution in certification\",\"publisher\":{\"@id\":\"https:\/\/evocert.pl\/en\/#organization\"},\"potentialAction\":[{\"@type\":\"SearchAction\",\"target\":{\"@type\":\"EntryPoint\",\"urlTemplate\":\"https:\/\/evocert.pl\/en\/?s={search_term_string}\"},\"query-input\":{\"@type\":\"PropertyValueSpecification\",\"valueRequired\":true,\"valueName\":\"search_term_string\"}}],\"inLanguage\":\"pl-PL\"},{\"@type\":\"Organization\",\"@id\":\"https:\/\/evocert.pl\/en\/#organization\",\"name\":\"EVOCERT\",\"url\":\"https:\/\/evocert.pl\/en\/\",\"logo\":{\"@type\":\"ImageObject\",\"inLanguage\":\"pl-PL\",\"@id\":\"https:\/\/evocert.pl\/en\/#\/schema\/logo\/image\/\",\"url\":\"https:\/\/evocert.pl\/wp-content\/uploads\/2025\/01\/EVOCERT_logo_KOLOR_PNG.png\",\"contentUrl\":\"https:\/\/evocert.pl\/wp-content\/uploads\/2025\/01\/EVOCERT_logo_KOLOR_PNG.png\",\"width\":378,\"height\":378,\"caption\":\"EVOCERT\"},\"image\":{\"@id\":\"https:\/\/evocert.pl\/en\/#\/schema\/logo\/image\/\"},\"sameAs\":[\"https:\/\/www.linkedin.com\/company\/evocert-sp-z-o-o\"]}]}<\/script>\n<!-- \/ Yoast SEO plugin. -->","yoast_head_json":{"title":"Strona g\u0142\u00f3wna - EVOCERT","robots":{"index":"index","follow":"follow","max-snippet":"max-snippet:-1","max-image-preview":"max-image-preview:large","max-video-preview":"max-video-preview:-1"},"canonical":"https:\/\/evocert.pl\/pl\/","og_locale":"pl_PL","og_type":"article","og_title":"Strona g\u0142\u00f3wna - EVOCERT","og_description":"Evocert sp. z o.o. to dynamiczna jednostka certyfikuj\u0105ca, kt\u00f3rej misj\u0105 jest dostarczanie najwy\u017cszej jako\u015bci us\u0142ug w zakresie certyfikacji wyrob\u00f3w. Obs\u0142ugujemy klient\u00f3w z ca\u0142ego \u015bwiata, oferuj\u0105c profesjonalne wsparcie na ka\u017cdym etapie procesu certyfikacji. Nasz\u0105 si\u0142\u0105 jest zesp\u00f3\u0142 do\u015bwiadczonych specjalist\u00f3w, kt\u00f3rzy z pasj\u0105 i zaanga\u017cowaniem dbaj\u0105 o spe\u0142nienie Pa\u0144stwa oczekiwa\u0144. Evocert to synonim rzetelno\u015bci, precyzji i doskona\u0142ej [&hellip;]","og_url":"https:\/\/evocert.pl\/pl\/","og_site_name":"EVOCERT","article_modified_time":"2024-12-18T10:50:44+00:00","og_image":[{"width":378,"height":378,"url":"https:\/\/evocert.pl\/wp-content\/uploads\/2025\/01\/EVOCERT_logo_KOLOR_PNG.png","type":"image\/png"}],"twitter_card":"summary_large_image","schema":{"@context":"https:\/\/schema.org","@graph":[{"@type":"WebPage","@id":"https:\/\/evocert.pl\/en\/","url":"https:\/\/evocert.pl\/en\/","name":"Strona g\u0142\u00f3wna - EVOCERT","isPartOf":{"@id":"https:\/\/evocert.pl\/en\/#website"},"datePublished":"2024-12-12T09:24:56+00:00","dateModified":"2024-12-18T10:50:44+00:00","breadcrumb":{"@id":"https:\/\/evocert.pl\/en\/#breadcrumb"},"inLanguage":"pl-PL","potentialAction":[{"@type":"ReadAction","target":["https:\/\/evocert.pl\/en\/"]}]},{"@type":"BreadcrumbList","@id":"https:\/\/evocert.pl\/en\/#breadcrumb","itemListElement":[{"@type":"ListItem","position":1,"name":"Strona g\u0142\u00f3wna","item":"https:\/\/evocert.pl\/en\/"},{"@type":"ListItem","position":2,"name":"Strona g\u0142\u00f3wna"}]},{"@type":"WebSite","@id":"https:\/\/evocert.pl\/en\/#website","url":"https:\/\/evocert.pl\/en\/","name":"EVOCERT","description":"Evolution in certification","publisher":{"@id":"https:\/\/evocert.pl\/en\/#organization"},"potentialAction":[{"@type":"SearchAction","target":{"@type":"EntryPoint","urlTemplate":"https:\/\/evocert.pl\/en\/?s={search_term_string}"},"query-input":{"@type":"PropertyValueSpecification","valueRequired":true,"valueName":"search_term_string"}}],"inLanguage":"pl-PL"},{"@type":"Organization","@id":"https:\/\/evocert.pl\/en\/#organization","name":"EVOCERT","url":"https:\/\/evocert.pl\/en\/","logo":{"@type":"ImageObject","inLanguage":"pl-PL","@id":"https:\/\/evocert.pl\/en\/#\/schema\/logo\/image\/","url":"https:\/\/evocert.pl\/wp-content\/uploads\/2025\/01\/EVOCERT_logo_KOLOR_PNG.png","contentUrl":"https:\/\/evocert.pl\/wp-content\/uploads\/2025\/01\/EVOCERT_logo_KOLOR_PNG.png","width":378,"height":378,"caption":"EVOCERT"},"image":{"@id":"https:\/\/evocert.pl\/en\/#\/schema\/logo\/image\/"},"sameAs":["https:\/\/www.linkedin.com\/company\/evocert-sp-z-o-o"]}]}},"_links":{"self":[{"href":"https:\/\/evocert.pl\/pl\/wp-json\/wp\/v2\/pages\/92","targetHints":{"allow":["GET"]}}],"collection":[{"href":"https:\/\/evocert.pl\/pl\/wp-json\/wp\/v2\/pages"}],"about":[{"href":"https:\/\/evocert.pl\/pl\/wp-json\/wp\/v2\/types\/page"}],"author":[{"embeddable":true,"href":"https:\/\/evocert.pl\/pl\/wp-json\/wp\/v2\/users\/2"}],"replies":[{"embeddable":true,"href":"https:\/\/evocert.pl\/pl\/wp-json\/wp\/v2\/comments?post=92"}],"version-history":[{"count":11,"href":"https:\/\/evocert.pl\/pl\/wp-json\/wp\/v2\/pages\/92\/revisions"}],"predecessor-version":[{"id":409,"href":"https:\/\/evocert.pl\/pl\/wp-json\/wp\/v2\/pages\/92\/revisions\/409"}],"wp:attachment":[{"href":"https:\/\/evocert.pl\/pl\/wp-json\/wp\/v2\/media?parent=92"}],"curies":[{"name":"wp","href":"https:\/\/api.w.org\/{rel}","templated":true}]}}