{"id":590,"date":"2024-12-23T10:05:41","date_gmt":"2024-12-23T09:05:41","guid":{"rendered":"https:\/\/evocert.pl\/?page_id=590"},"modified":"2025-08-05T10:21:38","modified_gmt":"2025-08-05T08:21:38","slug":"re_pl_podstawy-prawne_wymagania","status":"publish","type":"page","link":"https:\/\/evocert.pl\/pl\/re_pl_podstawy-prawne_wymagania\/","title":{"rendered":"Rolnictwo ekologiczne w Polsce &#8211; certyfikacja EVOCERT"},"content":{"rendered":"\n<div class=\"wp-block-group has-heading-color has-text-color has-link-color has-small-font-size wp-elements-3f06e9e294daceab41ff0a6fa463b8bd is-vertical is-content-justification-stretch is-layout-flex wp-container-core-group-is-layout-d715230f wp-block-group-is-layout-flex\" style=\"padding-right:var(--wp--preset--spacing--60);padding-left:var(--wp--preset--spacing--30);line-height:1.6\">\n<p>EVOCERT posiada akredytacj\u0119 na certyfikacj\u0119 produkcji ekologicznej i znakowania produkt\u00f3w ekologicznych. Certyfikat akredytacji jest dost\u0119pny poni\u017cej. Zakres akredytacji jest dost\u0119pny <a href=\"https:\/\/www.pca.gov.pl\/akredytowane-podmioty\/akredytacje-aktywne\/jednostki-certyfikujace-wyroby\/AC%20254,podmiot.html\">tutaj<\/a>.<\/p>\n\n\n\n<div class=\"wp-block-group has-medium-font-size is-nowrap is-layout-flex wp-container-core-group-is-layout-f0acb57f wp-block-group-is-layout-flex\" style=\"padding-right:0;padding-left:0\">\n<div class=\"wp-block-wpzoom-blocks-social-icons is-style-without-canvas\" style=\"--wpz-social-icons-block-item-font-size:25px;--wpz-social-icons-block-item-padding-horizontal:0px;--wpz-social-icons-block-item-padding-vertical:6px;--wpz-social-icons-block-item-margin-horizontal:0px;--wpz-social-icons-block-item-margin-vertical:5px;--wpz-social-icons-block-item-border-radius:5px;--wpz-social-icons-block-label-font-size:16px;--wpz-social-icons-block-label-color:#2e3131;--wpz-social-icons-block-label-color-hover:#2e3131;--wpz-social-icons-alignment:flex-end\"><a href=\"https:\/\/evocert.pl\/wp-content\/uploads\/2025\/01\/KZ1_00_00_05_Polityka_Prywatnosci_2025_01_05.pdf\" class=\"social-icon-link\" title=\"Download\" style=\"--wpz-social-icons-block-item-color:#107a10;--wpz-social-icons-block-item-color-hover:#107a10\"><span class=\"social-icon genericon genericon-download\"><\/span><\/a><\/div>\n\n\n\n<div class=\"wp-block-file has-link-color wp-elements-3d3942c6eb3b044910eef28424ebe12b\" style=\"margin-top:0;margin-left:0\"><a id=\"wp-block-file--media-dd5a8f18-92da-4f3c-a05f-4e36507e314d\" href=\"https:\/\/evocert.pl\/wp-content\/uploads\/2025\/06\/Certyfikat-akredytacji-AC254.pdf\">Certyfikat akredytacji AC254<\/a><\/div>\n<\/div>\n\n\n\n<p>EVOCERT mo\u017ce przeprowadza\u0107 kontrole urz\u0119dowe i wykonywa\u0107 inne czynno\u015bci urz\u0119dowe w odniesieniu do producent\u00f3w ekologicznych i grup producent\u00f3w zgodnie z decyzj\u0105 GIJHARS. <\/p>\n\n\n\n<p>EVOCERT zosta\u0142 umieszczony w <a href=\"https:\/\/www.gov.pl\/web\/ijhars\/jednostki-certyfikujace\">Rejestrze jednostek certyfikuj\u0105cych w rolnictwie ekologicznym<\/a> i otrzyma\u0142 kod<strong> PL-EKO-15<\/strong>.<\/p>\n\n\n\n<hr class=\"wp-block-separator has-text-color has-custom-logo-color has-alpha-channel-opacity has-custom-logo-background-color has-background is-style-wide\" style=\"margin-top:var(--wp--preset--spacing--40);margin-bottom:var(--wp--preset--spacing--40)\"\/>\n\n\n\n<p><strong>EVOCERT Sp. z o.o.<\/strong> oferuje certyfikacj\u0119 produkcji ekologicznej w szerokim zakresie dzia\u0142alno\u015bci i produkt\u00f3w. Zakres naszej certyfikacji obejmuje nast\u0119puj\u0105ce <strong>kategorie produkt\u00f3w<\/strong>:<\/p>\n\n\n\n<p>\u2013 nieprzetworzone ro\u015bliny i produkty ro\u015blinne, w tym nasiona i materia\u0142 do reprodukcji ro\u015blin,<br>\u2013 zwierz\u0119ta gospodarskie i nieprzetworzone produkty pochodzenia zwierz\u0119cego,<br>\u2013 przetworzone produkty rolne, w tym produkty akwakultury przeznaczone do spo\u017cycia,<br>\u2013 pasze,<br>\u2013 wino,<br>\u2013 inne produkty wymienione w za\u0142\u0105czniku I do Rozporz\u0105dzenia (UE) 2018\/848.<\/p>\n\n\n\n<p>Certyfikujemy zar\u00f3wno <strong>indywidualnych producent\u00f3w<\/strong>, jak i <strong>grupy producent\u00f3w<\/strong> \u2013 na ka\u017cdym etapie produkcji, przygotowania i dystrybucji. Dzi\u0119ki temu mo\u017cemy skutecznie <strong>wspiera\u0107 rozw\u00f3j ekologicznych gospodarstw i firm niezale\u017cnie od ich wielko\u015bci<\/strong>.<\/p>\n\n\n\n<hr class=\"wp-block-separator has-text-color has-custom-logo-color has-alpha-channel-opacity has-custom-logo-background-color has-background is-style-wide\" style=\"margin-top:var(--wp--preset--spacing--40);margin-bottom:var(--wp--preset--spacing--40)\"\/>\n\n\n\n<p>Szczeg\u00f3\u0142owy program certyfikacji w zakresie rolnictwa ekologicznego znajduje si\u0119 poni\u017cej. Dokument jest r\u00f3wnie\u017c dost\u0119pny w zak\u0142adce \u201eDo pobrania\u201d.<\/p>\n\n\n\n<div class=\"wp-block-group has-medium-font-size is-nowrap is-layout-flex wp-container-core-group-is-layout-f0acb57f wp-block-group-is-layout-flex\" style=\"padding-right:0;padding-left:0\">\n<div class=\"wp-block-wpzoom-blocks-social-icons is-style-without-canvas\" style=\"--wpz-social-icons-block-item-font-size:25px;--wpz-social-icons-block-item-padding-horizontal:0px;--wpz-social-icons-block-item-padding-vertical:6px;--wpz-social-icons-block-item-margin-horizontal:0px;--wpz-social-icons-block-item-margin-vertical:5px;--wpz-social-icons-block-item-border-radius:5px;--wpz-social-icons-block-label-font-size:16px;--wpz-social-icons-block-label-color:#2e3131;--wpz-social-icons-block-label-color-hover:#2e3131;--wpz-social-icons-alignment:flex-end\"><a href=\"https:\/\/evocert.pl\/wp-content\/uploads\/2025\/01\/KZ1_00_00_05_Polityka_Prywatnosci_2025_01_05.pdf\" class=\"social-icon-link\" title=\"Download\" style=\"--wpz-social-icons-block-item-color:#107a10;--wpz-social-icons-block-item-color-hover:#107a10\"><span class=\"social-icon genericon genericon-download\"><\/span><\/a><\/div>\n\n\n\n<div class=\"wp-block-file has-link-color wp-elements-1b8d6b32e37e8467074d311e6ae93b4b\" style=\"margin-top:0;margin-left:0\"><a id=\"wp-block-file--media-035a8fe7-232e-43d5-b251-d695e7a5bad8\" href=\"https:\/\/evocert.pl\/wp-content\/uploads\/2025\/06\/Program-Certyfikacji-Rolnictwa-Ekologicznego-w-Polsce.pdf\">Program Certyfikacji Rolnictwa Ekologicznego w Polsce<\/a><\/div>\n<\/div>\n<\/div>\n","protected":false},"excerpt":{"rendered":"<p>EVOCERT posiada akredytacj\u0119 na certyfikacj\u0119 produkcji ekologicznej i znakowania produkt\u00f3w ekologicznych. Certyfikat akredytacji jest dost\u0119pny poni\u017cej. Zakres akredytacji jest dost\u0119pny tutaj. EVOCERT mo\u017ce przeprowadza\u0107 kontrole urz\u0119dowe i wykonywa\u0107 inne czynno\u015bci urz\u0119dowe w odniesieniu do producent\u00f3w ekologicznych i grup producent\u00f3w zgodnie z decyzj\u0105 GIJHARS. EVOCERT zosta\u0142 umieszczony w Rejestrze jednostek certyfikuj\u0105cych w rolnictwie ekologicznym i otrzyma\u0142 [&hellip;]<\/p>\n","protected":false},"author":2,"featured_media":0,"parent":0,"menu_order":0,"comment_status":"closed","ping_status":"closed","template":"wp-custom-template-oferta-re-pl-podstawy-prawne-wymagania","meta":{"footnotes":""},"class_list":["post-590","page","type-page","status-publish","hentry"],"yoast_head":"<!-- This site is optimized with the Yoast SEO plugin v27.5 - https:\/\/yoast.com\/product\/yoast-seo-wordpress\/ -->\n<title>Rolnictwo ekologiczne w Polsce - certyfikacja EVOCERT - EVOCERT<\/title>\n<meta name=\"robots\" content=\"index, follow, max-snippet:-1, max-image-preview:large, max-video-preview:-1\" \/>\n<link rel=\"canonical\" href=\"https:\/\/evocert.pl\/pl\/re_pl_podstawy-prawne_wymagania\/\" \/>\n<meta property=\"og:locale\" content=\"pl_PL\" \/>\n<meta property=\"og:type\" content=\"article\" \/>\n<meta property=\"og:title\" content=\"Rolnictwo ekologiczne w Polsce - certyfikacja EVOCERT - EVOCERT\" \/>\n<meta property=\"og:description\" content=\"EVOCERT posiada akredytacj\u0119 na certyfikacj\u0119 produkcji ekologicznej i znakowania produkt\u00f3w ekologicznych. Certyfikat akredytacji jest dost\u0119pny poni\u017cej. Zakres akredytacji jest dost\u0119pny tutaj. EVOCERT mo\u017ce przeprowadza\u0107 kontrole urz\u0119dowe i wykonywa\u0107 inne czynno\u015bci urz\u0119dowe w odniesieniu do producent\u00f3w ekologicznych i grup producent\u00f3w zgodnie z decyzj\u0105 GIJHARS. EVOCERT zosta\u0142 umieszczony w Rejestrze jednostek certyfikuj\u0105cych w rolnictwie ekologicznym i otrzyma\u0142 [&hellip;]\" \/>\n<meta property=\"og:url\" content=\"https:\/\/evocert.pl\/pl\/re_pl_podstawy-prawne_wymagania\/\" \/>\n<meta property=\"og:site_name\" content=\"EVOCERT\" \/>\n<meta property=\"article:modified_time\" content=\"2025-08-05T08:21:38+00:00\" \/>\n<meta property=\"og:image\" content=\"https:\/\/evocert.pl\/wp-content\/uploads\/2025\/01\/EVOCERT_logo_KOLOR_PNG.png\" \/>\n\t<meta property=\"og:image:width\" content=\"378\" \/>\n\t<meta property=\"og:image:height\" content=\"378\" \/>\n\t<meta property=\"og:image:type\" content=\"image\/png\" \/>\n<meta name=\"twitter:card\" content=\"summary_large_image\" \/>\n<meta name=\"twitter:label1\" content=\"Szacowany czas czytania\" \/>\n\t<meta name=\"twitter:data1\" content=\"1 minuta\" \/>\n<script type=\"application\/ld+json\" class=\"yoast-schema-graph\">{\"@context\":\"https:\\\/\\\/schema.org\",\"@graph\":[{\"@type\":\"WebPage\",\"@id\":\"https:\\\/\\\/evocert.pl\\\/en\\\/re_pl_podstawy-prawne_wymagania\\\/\",\"url\":\"https:\\\/\\\/evocert.pl\\\/en\\\/re_pl_podstawy-prawne_wymagania\\\/\",\"name\":\"Rolnictwo ekologiczne w Polsce - certyfikacja EVOCERT - EVOCERT\",\"isPartOf\":{\"@id\":\"https:\\\/\\\/evocert.pl\\\/en\\\/#website\"},\"datePublished\":\"2024-12-23T09:05:41+00:00\",\"dateModified\":\"2025-08-05T08:21:38+00:00\",\"breadcrumb\":{\"@id\":\"https:\\\/\\\/evocert.pl\\\/en\\\/re_pl_podstawy-prawne_wymagania\\\/#breadcrumb\"},\"inLanguage\":\"pl-PL\",\"potentialAction\":[{\"@type\":\"ReadAction\",\"target\":[\"https:\\\/\\\/evocert.pl\\\/en\\\/re_pl_podstawy-prawne_wymagania\\\/\"]}]},{\"@type\":\"BreadcrumbList\",\"@id\":\"https:\\\/\\\/evocert.pl\\\/en\\\/re_pl_podstawy-prawne_wymagania\\\/#breadcrumb\",\"itemListElement\":[{\"@type\":\"ListItem\",\"position\":1,\"name\":\"Strona g\u0142\u00f3wna\",\"item\":\"https:\\\/\\\/evocert.pl\\\/en\\\/\"},{\"@type\":\"ListItem\",\"position\":2,\"name\":\"Rolnictwo ekologiczne w Polsce &#8211; certyfikacja EVOCERT\"}]},{\"@type\":\"WebSite\",\"@id\":\"https:\\\/\\\/evocert.pl\\\/en\\\/#website\",\"url\":\"https:\\\/\\\/evocert.pl\\\/en\\\/\",\"name\":\"EVOCERT\",\"description\":\"Evolution in certification\",\"publisher\":{\"@id\":\"https:\\\/\\\/evocert.pl\\\/en\\\/#organization\"},\"potentialAction\":[{\"@type\":\"SearchAction\",\"target\":{\"@type\":\"EntryPoint\",\"urlTemplate\":\"https:\\\/\\\/evocert.pl\\\/en\\\/?s={search_term_string}\"},\"query-input\":{\"@type\":\"PropertyValueSpecification\",\"valueRequired\":true,\"valueName\":\"search_term_string\"}}],\"inLanguage\":\"pl-PL\"},{\"@type\":\"Organization\",\"@id\":\"https:\\\/\\\/evocert.pl\\\/en\\\/#organization\",\"name\":\"EVOCERT\",\"url\":\"https:\\\/\\\/evocert.pl\\\/en\\\/\",\"logo\":{\"@type\":\"ImageObject\",\"inLanguage\":\"pl-PL\",\"@id\":\"https:\\\/\\\/evocert.pl\\\/en\\\/#\\\/schema\\\/logo\\\/image\\\/\",\"url\":\"https:\\\/\\\/evocert.pl\\\/wp-content\\\/uploads\\\/2025\\\/01\\\/EVOCERT_logo_KOLOR_PNG.png\",\"contentUrl\":\"https:\\\/\\\/evocert.pl\\\/wp-content\\\/uploads\\\/2025\\\/01\\\/EVOCERT_logo_KOLOR_PNG.png\",\"width\":378,\"height\":378,\"caption\":\"EVOCERT\"},\"image\":{\"@id\":\"https:\\\/\\\/evocert.pl\\\/en\\\/#\\\/schema\\\/logo\\\/image\\\/\"},\"sameAs\":[\"https:\\\/\\\/www.linkedin.com\\\/company\\\/evocert-sp-z-o-o\"]}]}<\/script>\n<!-- \/ Yoast SEO plugin. -->","yoast_head_json":{"title":"Rolnictwo ekologiczne w Polsce - certyfikacja EVOCERT - EVOCERT","robots":{"index":"index","follow":"follow","max-snippet":"max-snippet:-1","max-image-preview":"max-image-preview:large","max-video-preview":"max-video-preview:-1"},"canonical":"https:\/\/evocert.pl\/pl\/re_pl_podstawy-prawne_wymagania\/","og_locale":"pl_PL","og_type":"article","og_title":"Rolnictwo ekologiczne w Polsce - certyfikacja EVOCERT - EVOCERT","og_description":"EVOCERT posiada akredytacj\u0119 na certyfikacj\u0119 produkcji ekologicznej i znakowania produkt\u00f3w ekologicznych. Certyfikat akredytacji jest dost\u0119pny poni\u017cej. Zakres akredytacji jest dost\u0119pny tutaj. EVOCERT mo\u017ce przeprowadza\u0107 kontrole urz\u0119dowe i wykonywa\u0107 inne czynno\u015bci urz\u0119dowe w odniesieniu do producent\u00f3w ekologicznych i grup producent\u00f3w zgodnie z decyzj\u0105 GIJHARS. EVOCERT zosta\u0142 umieszczony w Rejestrze jednostek certyfikuj\u0105cych w rolnictwie ekologicznym i otrzyma\u0142 [&hellip;]","og_url":"https:\/\/evocert.pl\/pl\/re_pl_podstawy-prawne_wymagania\/","og_site_name":"EVOCERT","article_modified_time":"2025-08-05T08:21:38+00:00","og_image":[{"width":378,"height":378,"url":"https:\/\/evocert.pl\/wp-content\/uploads\/2025\/01\/EVOCERT_logo_KOLOR_PNG.png","type":"image\/png"}],"twitter_card":"summary_large_image","twitter_misc":{"Szacowany czas czytania":"1 minuta"},"schema":{"@context":"https:\/\/schema.org","@graph":[{"@type":"WebPage","@id":"https:\/\/evocert.pl\/en\/re_pl_podstawy-prawne_wymagania\/","url":"https:\/\/evocert.pl\/en\/re_pl_podstawy-prawne_wymagania\/","name":"Rolnictwo ekologiczne w Polsce - certyfikacja EVOCERT - EVOCERT","isPartOf":{"@id":"https:\/\/evocert.pl\/en\/#website"},"datePublished":"2024-12-23T09:05:41+00:00","dateModified":"2025-08-05T08:21:38+00:00","breadcrumb":{"@id":"https:\/\/evocert.pl\/en\/re_pl_podstawy-prawne_wymagania\/#breadcrumb"},"inLanguage":"pl-PL","potentialAction":[{"@type":"ReadAction","target":["https:\/\/evocert.pl\/en\/re_pl_podstawy-prawne_wymagania\/"]}]},{"@type":"BreadcrumbList","@id":"https:\/\/evocert.pl\/en\/re_pl_podstawy-prawne_wymagania\/#breadcrumb","itemListElement":[{"@type":"ListItem","position":1,"name":"Strona g\u0142\u00f3wna","item":"https:\/\/evocert.pl\/en\/"},{"@type":"ListItem","position":2,"name":"Rolnictwo ekologiczne w Polsce &#8211; certyfikacja EVOCERT"}]},{"@type":"WebSite","@id":"https:\/\/evocert.pl\/en\/#website","url":"https:\/\/evocert.pl\/en\/","name":"EVOCERT","description":"Evolution in certification","publisher":{"@id":"https:\/\/evocert.pl\/en\/#organization"},"potentialAction":[{"@type":"SearchAction","target":{"@type":"EntryPoint","urlTemplate":"https:\/\/evocert.pl\/en\/?s={search_term_string}"},"query-input":{"@type":"PropertyValueSpecification","valueRequired":true,"valueName":"search_term_string"}}],"inLanguage":"pl-PL"},{"@type":"Organization","@id":"https:\/\/evocert.pl\/en\/#organization","name":"EVOCERT","url":"https:\/\/evocert.pl\/en\/","logo":{"@type":"ImageObject","inLanguage":"pl-PL","@id":"https:\/\/evocert.pl\/en\/#\/schema\/logo\/image\/","url":"https:\/\/evocert.pl\/wp-content\/uploads\/2025\/01\/EVOCERT_logo_KOLOR_PNG.png","contentUrl":"https:\/\/evocert.pl\/wp-content\/uploads\/2025\/01\/EVOCERT_logo_KOLOR_PNG.png","width":378,"height":378,"caption":"EVOCERT"},"image":{"@id":"https:\/\/evocert.pl\/en\/#\/schema\/logo\/image\/"},"sameAs":["https:\/\/www.linkedin.com\/company\/evocert-sp-z-o-o"]}]}},"_links":{"self":[{"href":"https:\/\/evocert.pl\/pl\/wp-json\/wp\/v2\/pages\/590","targetHints":{"allow":["GET"]}}],"collection":[{"href":"https:\/\/evocert.pl\/pl\/wp-json\/wp\/v2\/pages"}],"about":[{"href":"https:\/\/evocert.pl\/pl\/wp-json\/wp\/v2\/types\/page"}],"author":[{"embeddable":true,"href":"https:\/\/evocert.pl\/pl\/wp-json\/wp\/v2\/users\/2"}],"replies":[{"embeddable":true,"href":"https:\/\/evocert.pl\/pl\/wp-json\/wp\/v2\/comments?post=590"}],"version-history":[{"count":31,"href":"https:\/\/evocert.pl\/pl\/wp-json\/wp\/v2\/pages\/590\/revisions"}],"predecessor-version":[{"id":4783,"href":"https:\/\/evocert.pl\/pl\/wp-json\/wp\/v2\/pages\/590\/revisions\/4783"}],"wp:attachment":[{"href":"https:\/\/evocert.pl\/pl\/wp-json\/wp\/v2\/media?parent=590"}],"curies":[{"name":"wp","href":"https:\/\/api.w.org\/{rel}","templated":true}]}}