{"id":4873,"date":"2025-09-30T08:36:02","date_gmt":"2025-09-30T06:36:02","guid":{"rendered":"https:\/\/evocert.pl\/?page_id=4873"},"modified":"2025-09-30T09:23:49","modified_gmt":"2025-09-30T07:23:49","slug":"eudr-etapy-oceny-stopnia-zgodnosci","status":"publish","type":"page","link":"https:\/\/evocert.pl\/pl\/eudr-etapy-oceny-stopnia-zgodnosci\/","title":{"rendered":"EUDR &#8211; etapy oceny stopnia zgodno\u015bci"},"content":{"rendered":"\n<p class=\"has-small-font-size\" style=\"line-height:1.7\">Proces oceny stopnia zgodno\u015bci z Rozporz\u0105dzeniem EUDR jest prowadzony w spos\u00f3b przejrzysty i jest dostosowany do wielko\u015bci i specyfiki przedsi\u0119biorstwa.<\/p>\n\n\n\n<hr class=\"wp-block-separator has-text-color has-custom-logo-color has-alpha-channel-opacity has-custom-logo-background-color has-background is-style-wide\" style=\"margin-top:var(--wp--preset--spacing--60);margin-bottom:var(--wp--preset--spacing--60)\"\/>\n\n\n\n<h2 class=\"wp-block-heading has-custom-logo-color has-text-color has-link-color has-medium-font-size wp-elements-c64663598177ea08ea8e492c379e5b0f\">Wniosek o ocen\u0119 stopnia zgodno\u015bci<\/h2>\n\n\n\n<p class=\"has-small-font-size\" style=\"line-height:1.7\">Klient wype\u0142nia wniosek o ocen\u0119 stopnia zgodno\u015bci stosuj\u0105c formularz EVOCERT.<\/p>\n\n\n\n<hr class=\"wp-block-separator has-text-color has-custom-logo-color has-alpha-channel-opacity has-custom-logo-background-color has-background is-style-wide\" style=\"margin-top:var(--wp--preset--spacing--60);margin-bottom:var(--wp--preset--spacing--60)\"\/>\n\n\n\n<h2 class=\"wp-block-heading has-custom-logo-color has-text-color has-link-color has-medium-font-size wp-elements-9d05f410d4c94095626b7b6c22fe5099\">Oferta<\/h2>\n\n\n\n<p class=\"has-small-font-size\" style=\"line-height:1.7\">W zale\u017cno\u015bci od wielko\u015bci i charakteru dzia\u0142alno\u015bci przedsi\u0119biorstwa, EVOCERT sporz\u0105dza i przesy\u0142a do Klienta ofert\u0119 ze wskazaniem cen i terminu realizacji.<\/p>\n\n\n\n<hr class=\"wp-block-separator has-text-color has-custom-logo-color has-alpha-channel-opacity has-custom-logo-background-color has-background is-style-wide\" style=\"margin-top:var(--wp--preset--spacing--60);margin-bottom:var(--wp--preset--spacing--60)\"\/>\n\n\n\n<h2 class=\"wp-block-heading has-custom-logo-color has-text-color has-link-color has-medium-font-size wp-elements-7343be771c9cf1667fad7783c1fe2b5f\">Audyt<\/h2>\n\n\n\n<p class=\"has-small-font-size\" style=\"line-height:1.7\">Wykwalifikowany audytor (lub zesp\u00f3\u0142 audytowy) przeprowadza audyt na zgodno\u015b\u0107 z wymaganiami Rozporz\u0105dzenia EUDR u Klienta na miejscu. Mo\u017cliwe jest tak\u017ce cz\u0119\u015bciowe prowadzenie czynno\u015bci audytowych w trybie mieszanym: na miejscu\/online.<\/p>\n\n\n\n<hr class=\"wp-block-separator has-text-color has-custom-logo-color has-alpha-channel-opacity has-custom-logo-background-color has-background is-style-wide\" style=\"margin-top:var(--wp--preset--spacing--60);margin-bottom:var(--wp--preset--spacing--60)\"\/>\n\n\n\n<h2 class=\"wp-block-heading has-custom-logo-color has-text-color has-link-color has-medium-font-size wp-elements-4f23e98ba4e56755b8a68d64e8386c34\">Raport z audytu<\/h2>\n\n\n\n<p class=\"has-small-font-size\" style=\"line-height:1.7\">Po zako\u0144czeniu czynno\u015bci audytowych, tj. zebraniu wszelkich niezb\u0119dnych danych, EVOCERT dokonuje weryfikacji raportu z audytu i przeprowadza ocen\u0119 stopnia zgodno\u015bci. Raport z audytu jest przekazywany po zatwierdzeniu Klientowi. Wynik stopnia zgodno\u015bci jest sk\u0142adow\u0105 raportu z audytu i opiera si\u0119 na kryteriach opracowanych do stosowania przez ekspert\u00f3w EVOCERT.<\/p>\n\n\n\n<hr class=\"wp-block-separator has-text-color has-custom-logo-color has-alpha-channel-opacity has-custom-logo-background-color has-background is-style-wide\" style=\"margin-top:var(--wp--preset--spacing--60);margin-bottom:var(--wp--preset--spacing--60)\"\/>\n\n\n\n<h2 class=\"wp-block-heading has-custom-logo-color has-text-color has-link-color has-medium-font-size wp-elements-c880b4469fab4a54ecc46d84f92e1d0b\">Za\u015bwiadczenie<\/h2>\n\n\n\n<p class=\"has-small-font-size\" style=\"line-height:1.7\">Po weryfikacji raportu EVOCERT wystawia Klientowi Za\u015bwiadczenie o stopniu spe\u0142niania wymaga\u0144 Rozporz\u0105dzenia EUDR.<\/p>\n\n\n\n<hr class=\"wp-block-separator has-text-color has-custom-logo-color has-alpha-channel-opacity has-custom-logo-background-color has-background is-style-wide\" style=\"margin-top:var(--wp--preset--spacing--60);margin-bottom:var(--wp--preset--spacing--60)\"\/>\n\n\n\n<h2 class=\"wp-block-heading has-custom-logo-color has-text-color has-link-color has-medium-font-size wp-elements-8c64554b1d2fe2d2cdb4fd372626c0b6\">Czy jeste\u015b gotowy na ocen\u0119 stopnia zgodno\u015bci?<\/h2>\n\n\n\n<p class=\"has-small-font-size\" style=\"line-height:1.7\">EVOCERT ch\u0119tnie przygotuje ofert\u0119 i udzieli odpowiedzi na wszelkie pytania.<\/p>\n","protected":false},"excerpt":{"rendered":"<p>Proces oceny stopnia zgodno\u015bci z Rozporz\u0105dzeniem EUDR jest prowadzony w spos\u00f3b przejrzysty i jest dostosowany do wielko\u015bci i specyfiki przedsi\u0119biorstwa. Wniosek o ocen\u0119 stopnia zgodno\u015bci Klient wype\u0142nia wniosek o ocen\u0119 stopnia zgodno\u015bci stosuj\u0105c formularz EVOCERT. Oferta W zale\u017cno\u015bci od wielko\u015bci i charakteru dzia\u0142alno\u015bci przedsi\u0119biorstwa, EVOCERT sporz\u0105dza i przesy\u0142a do Klienta ofert\u0119 ze wskazaniem cen i [&hellip;]<\/p>\n","protected":false},"author":2,"featured_media":0,"parent":0,"menu_order":0,"comment_status":"closed","ping_status":"closed","template":"wp-custom-template-oferta-eudr-etapy-oceny","meta":{"footnotes":""},"class_list":["post-4873","page","type-page","status-publish","hentry"],"yoast_head":"<!-- This site is optimized with the Yoast SEO plugin v27.5 - https:\/\/yoast.com\/product\/yoast-seo-wordpress\/ -->\n<title>EUDR - etapy oceny stopnia zgodno\u015bci - EVOCERT<\/title>\n<meta name=\"robots\" content=\"index, follow, max-snippet:-1, max-image-preview:large, max-video-preview:-1\" \/>\n<link rel=\"canonical\" href=\"https:\/\/evocert.pl\/pl\/eudr-etapy-oceny-stopnia-zgodnosci\/\" \/>\n<meta property=\"og:locale\" content=\"pl_PL\" \/>\n<meta property=\"og:type\" content=\"article\" \/>\n<meta property=\"og:title\" content=\"EUDR - etapy oceny stopnia zgodno\u015bci - EVOCERT\" \/>\n<meta property=\"og:description\" content=\"Proces oceny stopnia zgodno\u015bci z Rozporz\u0105dzeniem EUDR jest prowadzony w spos\u00f3b przejrzysty i jest dostosowany do wielko\u015bci i specyfiki przedsi\u0119biorstwa. Wniosek o ocen\u0119 stopnia zgodno\u015bci Klient wype\u0142nia wniosek o ocen\u0119 stopnia zgodno\u015bci stosuj\u0105c formularz EVOCERT. Oferta W zale\u017cno\u015bci od wielko\u015bci i charakteru dzia\u0142alno\u015bci przedsi\u0119biorstwa, EVOCERT sporz\u0105dza i przesy\u0142a do Klienta ofert\u0119 ze wskazaniem cen i [&hellip;]\" \/>\n<meta property=\"og:url\" content=\"https:\/\/evocert.pl\/pl\/eudr-etapy-oceny-stopnia-zgodnosci\/\" \/>\n<meta property=\"og:site_name\" content=\"EVOCERT\" \/>\n<meta property=\"article:modified_time\" content=\"2025-09-30T07:23:49+00:00\" \/>\n<meta property=\"og:image\" content=\"https:\/\/evocert.pl\/wp-content\/uploads\/2025\/01\/EVOCERT_logo_KOLOR_PNG.png\" \/>\n\t<meta property=\"og:image:width\" content=\"378\" \/>\n\t<meta property=\"og:image:height\" content=\"378\" \/>\n\t<meta property=\"og:image:type\" content=\"image\/png\" \/>\n<meta name=\"twitter:card\" content=\"summary_large_image\" \/>\n<script type=\"application\/ld+json\" class=\"yoast-schema-graph\">{\"@context\":\"https:\\\/\\\/schema.org\",\"@graph\":[{\"@type\":\"WebPage\",\"@id\":\"https:\\\/\\\/evocert.pl\\\/eudr-etapy-oceny-stopnia-zgodnosci\\\/\",\"url\":\"https:\\\/\\\/evocert.pl\\\/eudr-etapy-oceny-stopnia-zgodnosci\\\/\",\"name\":\"EUDR - etapy oceny stopnia zgodno\u015bci - EVOCERT\",\"isPartOf\":{\"@id\":\"https:\\\/\\\/evocert.pl\\\/en\\\/#website\"},\"datePublished\":\"2025-09-30T06:36:02+00:00\",\"dateModified\":\"2025-09-30T07:23:49+00:00\",\"breadcrumb\":{\"@id\":\"https:\\\/\\\/evocert.pl\\\/eudr-etapy-oceny-stopnia-zgodnosci\\\/#breadcrumb\"},\"inLanguage\":\"pl-PL\",\"potentialAction\":[{\"@type\":\"ReadAction\",\"target\":[\"https:\\\/\\\/evocert.pl\\\/eudr-etapy-oceny-stopnia-zgodnosci\\\/\"]}]},{\"@type\":\"BreadcrumbList\",\"@id\":\"https:\\\/\\\/evocert.pl\\\/eudr-etapy-oceny-stopnia-zgodnosci\\\/#breadcrumb\",\"itemListElement\":[{\"@type\":\"ListItem\",\"position\":1,\"name\":\"Strona g\u0142\u00f3wna\",\"item\":\"https:\\\/\\\/evocert.pl\\\/en\\\/\"},{\"@type\":\"ListItem\",\"position\":2,\"name\":\"EUDR &#8211; etapy oceny stopnia zgodno\u015bci\"}]},{\"@type\":\"WebSite\",\"@id\":\"https:\\\/\\\/evocert.pl\\\/en\\\/#website\",\"url\":\"https:\\\/\\\/evocert.pl\\\/en\\\/\",\"name\":\"EVOCERT\",\"description\":\"Evolution in certification\",\"publisher\":{\"@id\":\"https:\\\/\\\/evocert.pl\\\/en\\\/#organization\"},\"potentialAction\":[{\"@type\":\"SearchAction\",\"target\":{\"@type\":\"EntryPoint\",\"urlTemplate\":\"https:\\\/\\\/evocert.pl\\\/en\\\/?s={search_term_string}\"},\"query-input\":{\"@type\":\"PropertyValueSpecification\",\"valueRequired\":true,\"valueName\":\"search_term_string\"}}],\"inLanguage\":\"pl-PL\"},{\"@type\":\"Organization\",\"@id\":\"https:\\\/\\\/evocert.pl\\\/en\\\/#organization\",\"name\":\"EVOCERT\",\"url\":\"https:\\\/\\\/evocert.pl\\\/en\\\/\",\"logo\":{\"@type\":\"ImageObject\",\"inLanguage\":\"pl-PL\",\"@id\":\"https:\\\/\\\/evocert.pl\\\/en\\\/#\\\/schema\\\/logo\\\/image\\\/\",\"url\":\"https:\\\/\\\/evocert.pl\\\/wp-content\\\/uploads\\\/2025\\\/01\\\/EVOCERT_logo_KOLOR_PNG.png\",\"contentUrl\":\"https:\\\/\\\/evocert.pl\\\/wp-content\\\/uploads\\\/2025\\\/01\\\/EVOCERT_logo_KOLOR_PNG.png\",\"width\":378,\"height\":378,\"caption\":\"EVOCERT\"},\"image\":{\"@id\":\"https:\\\/\\\/evocert.pl\\\/en\\\/#\\\/schema\\\/logo\\\/image\\\/\"},\"sameAs\":[\"https:\\\/\\\/www.linkedin.com\\\/company\\\/evocert-sp-z-o-o\"]}]}<\/script>\n<!-- \/ Yoast SEO plugin. -->","yoast_head_json":{"title":"EUDR - etapy oceny stopnia zgodno\u015bci - EVOCERT","robots":{"index":"index","follow":"follow","max-snippet":"max-snippet:-1","max-image-preview":"max-image-preview:large","max-video-preview":"max-video-preview:-1"},"canonical":"https:\/\/evocert.pl\/pl\/eudr-etapy-oceny-stopnia-zgodnosci\/","og_locale":"pl_PL","og_type":"article","og_title":"EUDR - etapy oceny stopnia zgodno\u015bci - EVOCERT","og_description":"Proces oceny stopnia zgodno\u015bci z Rozporz\u0105dzeniem EUDR jest prowadzony w spos\u00f3b przejrzysty i jest dostosowany do wielko\u015bci i specyfiki przedsi\u0119biorstwa. Wniosek o ocen\u0119 stopnia zgodno\u015bci Klient wype\u0142nia wniosek o ocen\u0119 stopnia zgodno\u015bci stosuj\u0105c formularz EVOCERT. Oferta W zale\u017cno\u015bci od wielko\u015bci i charakteru dzia\u0142alno\u015bci przedsi\u0119biorstwa, EVOCERT sporz\u0105dza i przesy\u0142a do Klienta ofert\u0119 ze wskazaniem cen i [&hellip;]","og_url":"https:\/\/evocert.pl\/pl\/eudr-etapy-oceny-stopnia-zgodnosci\/","og_site_name":"EVOCERT","article_modified_time":"2025-09-30T07:23:49+00:00","og_image":[{"width":378,"height":378,"url":"https:\/\/evocert.pl\/wp-content\/uploads\/2025\/01\/EVOCERT_logo_KOLOR_PNG.png","type":"image\/png"}],"twitter_card":"summary_large_image","schema":{"@context":"https:\/\/schema.org","@graph":[{"@type":"WebPage","@id":"https:\/\/evocert.pl\/eudr-etapy-oceny-stopnia-zgodnosci\/","url":"https:\/\/evocert.pl\/eudr-etapy-oceny-stopnia-zgodnosci\/","name":"EUDR - etapy oceny stopnia zgodno\u015bci - EVOCERT","isPartOf":{"@id":"https:\/\/evocert.pl\/en\/#website"},"datePublished":"2025-09-30T06:36:02+00:00","dateModified":"2025-09-30T07:23:49+00:00","breadcrumb":{"@id":"https:\/\/evocert.pl\/eudr-etapy-oceny-stopnia-zgodnosci\/#breadcrumb"},"inLanguage":"pl-PL","potentialAction":[{"@type":"ReadAction","target":["https:\/\/evocert.pl\/eudr-etapy-oceny-stopnia-zgodnosci\/"]}]},{"@type":"BreadcrumbList","@id":"https:\/\/evocert.pl\/eudr-etapy-oceny-stopnia-zgodnosci\/#breadcrumb","itemListElement":[{"@type":"ListItem","position":1,"name":"Strona g\u0142\u00f3wna","item":"https:\/\/evocert.pl\/en\/"},{"@type":"ListItem","position":2,"name":"EUDR &#8211; etapy oceny stopnia zgodno\u015bci"}]},{"@type":"WebSite","@id":"https:\/\/evocert.pl\/en\/#website","url":"https:\/\/evocert.pl\/en\/","name":"EVOCERT","description":"Evolution in certification","publisher":{"@id":"https:\/\/evocert.pl\/en\/#organization"},"potentialAction":[{"@type":"SearchAction","target":{"@type":"EntryPoint","urlTemplate":"https:\/\/evocert.pl\/en\/?s={search_term_string}"},"query-input":{"@type":"PropertyValueSpecification","valueRequired":true,"valueName":"search_term_string"}}],"inLanguage":"pl-PL"},{"@type":"Organization","@id":"https:\/\/evocert.pl\/en\/#organization","name":"EVOCERT","url":"https:\/\/evocert.pl\/en\/","logo":{"@type":"ImageObject","inLanguage":"pl-PL","@id":"https:\/\/evocert.pl\/en\/#\/schema\/logo\/image\/","url":"https:\/\/evocert.pl\/wp-content\/uploads\/2025\/01\/EVOCERT_logo_KOLOR_PNG.png","contentUrl":"https:\/\/evocert.pl\/wp-content\/uploads\/2025\/01\/EVOCERT_logo_KOLOR_PNG.png","width":378,"height":378,"caption":"EVOCERT"},"image":{"@id":"https:\/\/evocert.pl\/en\/#\/schema\/logo\/image\/"},"sameAs":["https:\/\/www.linkedin.com\/company\/evocert-sp-z-o-o"]}]}},"_links":{"self":[{"href":"https:\/\/evocert.pl\/pl\/wp-json\/wp\/v2\/pages\/4873","targetHints":{"allow":["GET"]}}],"collection":[{"href":"https:\/\/evocert.pl\/pl\/wp-json\/wp\/v2\/pages"}],"about":[{"href":"https:\/\/evocert.pl\/pl\/wp-json\/wp\/v2\/types\/page"}],"author":[{"embeddable":true,"href":"https:\/\/evocert.pl\/pl\/wp-json\/wp\/v2\/users\/2"}],"replies":[{"embeddable":true,"href":"https:\/\/evocert.pl\/pl\/wp-json\/wp\/v2\/comments?post=4873"}],"version-history":[{"count":2,"href":"https:\/\/evocert.pl\/pl\/wp-json\/wp\/v2\/pages\/4873\/revisions"}],"predecessor-version":[{"id":4902,"href":"https:\/\/evocert.pl\/pl\/wp-json\/wp\/v2\/pages\/4873\/revisions\/4902"}],"wp:attachment":[{"href":"https:\/\/evocert.pl\/pl\/wp-json\/wp\/v2\/media?parent=4873"}],"curies":[{"name":"wp","href":"https:\/\/api.w.org\/{rel}","templated":true}]}}