{"id":4870,"date":"2025-09-30T08:32:39","date_gmt":"2025-09-30T06:32:39","guid":{"rendered":"https:\/\/evocert.pl\/?page_id=4870"},"modified":"2025-09-30T09:23:58","modified_gmt":"2025-09-30T07:23:58","slug":"eudr-wymagania","status":"publish","type":"page","link":"https:\/\/evocert.pl\/pl\/eudr-wymagania\/","title":{"rendered":"EUDR &#8211; wymagania"},"content":{"rendered":"\n<h2 class=\"wp-block-heading has-custom-logo-color has-text-color has-link-color has-medium-font-size wp-elements-81f4f9fcd6437c5554b88ea2d5073eff\">EUDR &#8211; European Union Deforestation Regulation<\/h2>\n\n\n\n<p class=\"has-small-font-size\" style=\"line-height:1.7\">Wymagania zosta\u0142y opisane w Rozporz\u0105dzeniu Parlamentu Europejskiego i Rady (UE) 2023\/1115 w sprawie udost\u0119pniania na rynku unijnym oraz wywozu z Unii niekt\u00f3rych towar\u00f3w i \u00a0produkt\u00f3w zwi\u0105zanych z wylesianiem i degradacj\u0105 las\u00f3w oraz uchylenia rozporz\u0105dzenia (UE) nr 995\/2010 (tzw.).<\/p>\n\n\n\n<p class=\"has-heading-color has-text-color has-link-color has-small-font-size wp-elements-391f2d2ebced97c16e68abb8f14668c8\" style=\"line-height:1.7\">Rozporz\u0105dzenie dost\u0119pne jest\u00a0<a href=\"https:\/\/eur-lex.europa.eu\/legal-content\/EN\/TXT\/?uri=CELEX%3A02023R1115-20241226\" target=\"_blank\" rel=\"noreferrer noopener\">na stronie EUR-lex.<\/a><\/p>\n","protected":false},"excerpt":{"rendered":"<p>EUDR &#8211; European Union Deforestation Regulation Wymagania zosta\u0142y opisane w Rozporz\u0105dzeniu Parlamentu Europejskiego i Rady (UE) 2023\/1115 w sprawie udost\u0119pniania na rynku unijnym oraz wywozu z Unii niekt\u00f3rych towar\u00f3w i \u00a0produkt\u00f3w zwi\u0105zanych z wylesianiem i degradacj\u0105 las\u00f3w oraz uchylenia rozporz\u0105dzenia (UE) nr 995\/2010 (tzw.). Rozporz\u0105dzenie dost\u0119pne jest\u00a0na stronie EUR-lex.<\/p>\n","protected":false},"author":2,"featured_media":0,"parent":0,"menu_order":0,"comment_status":"closed","ping_status":"closed","template":"wp-custom-template-oferta-eudr-wymagania","meta":{"footnotes":""},"class_list":["post-4870","page","type-page","status-publish","hentry"],"yoast_head":"<!-- This site is optimized with the Yoast SEO plugin v27.5 - https:\/\/yoast.com\/product\/yoast-seo-wordpress\/ -->\n<title>EUDR - wymagania - EVOCERT<\/title>\n<meta name=\"robots\" content=\"index, follow, max-snippet:-1, max-image-preview:large, max-video-preview:-1\" \/>\n<link rel=\"canonical\" href=\"https:\/\/evocert.pl\/pl\/eudr-wymagania\/\" \/>\n<meta property=\"og:locale\" content=\"pl_PL\" \/>\n<meta property=\"og:type\" content=\"article\" \/>\n<meta property=\"og:title\" content=\"EUDR - wymagania - EVOCERT\" \/>\n<meta property=\"og:description\" content=\"EUDR &#8211; European Union Deforestation Regulation Wymagania zosta\u0142y opisane w Rozporz\u0105dzeniu Parlamentu Europejskiego i Rady (UE) 2023\/1115 w sprawie udost\u0119pniania na rynku unijnym oraz wywozu z Unii niekt\u00f3rych towar\u00f3w i \u00a0produkt\u00f3w zwi\u0105zanych z wylesianiem i degradacj\u0105 las\u00f3w oraz uchylenia rozporz\u0105dzenia (UE) nr 995\/2010 (tzw.). Rozporz\u0105dzenie dost\u0119pne jest\u00a0na stronie EUR-lex.\" \/>\n<meta property=\"og:url\" content=\"https:\/\/evocert.pl\/pl\/eudr-wymagania\/\" \/>\n<meta property=\"og:site_name\" content=\"EVOCERT\" \/>\n<meta property=\"article:modified_time\" content=\"2025-09-30T07:23:58+00:00\" \/>\n<meta property=\"og:image\" content=\"https:\/\/evocert.pl\/wp-content\/uploads\/2025\/01\/EVOCERT_logo_KOLOR_PNG.png\" \/>\n\t<meta property=\"og:image:width\" content=\"378\" \/>\n\t<meta property=\"og:image:height\" content=\"378\" \/>\n\t<meta property=\"og:image:type\" content=\"image\/png\" \/>\n<meta name=\"twitter:card\" content=\"summary_large_image\" \/>\n<script type=\"application\/ld+json\" class=\"yoast-schema-graph\">{\"@context\":\"https:\\\/\\\/schema.org\",\"@graph\":[{\"@type\":\"WebPage\",\"@id\":\"https:\\\/\\\/evocert.pl\\\/eudr-wymagania\\\/\",\"url\":\"https:\\\/\\\/evocert.pl\\\/eudr-wymagania\\\/\",\"name\":\"EUDR - wymagania - EVOCERT\",\"isPartOf\":{\"@id\":\"https:\\\/\\\/evocert.pl\\\/en\\\/#website\"},\"datePublished\":\"2025-09-30T06:32:39+00:00\",\"dateModified\":\"2025-09-30T07:23:58+00:00\",\"breadcrumb\":{\"@id\":\"https:\\\/\\\/evocert.pl\\\/eudr-wymagania\\\/#breadcrumb\"},\"inLanguage\":\"pl-PL\",\"potentialAction\":[{\"@type\":\"ReadAction\",\"target\":[\"https:\\\/\\\/evocert.pl\\\/eudr-wymagania\\\/\"]}]},{\"@type\":\"BreadcrumbList\",\"@id\":\"https:\\\/\\\/evocert.pl\\\/eudr-wymagania\\\/#breadcrumb\",\"itemListElement\":[{\"@type\":\"ListItem\",\"position\":1,\"name\":\"Strona g\u0142\u00f3wna\",\"item\":\"https:\\\/\\\/evocert.pl\\\/en\\\/\"},{\"@type\":\"ListItem\",\"position\":2,\"name\":\"EUDR &#8211; wymagania\"}]},{\"@type\":\"WebSite\",\"@id\":\"https:\\\/\\\/evocert.pl\\\/en\\\/#website\",\"url\":\"https:\\\/\\\/evocert.pl\\\/en\\\/\",\"name\":\"EVOCERT\",\"description\":\"Evolution in certification\",\"publisher\":{\"@id\":\"https:\\\/\\\/evocert.pl\\\/en\\\/#organization\"},\"potentialAction\":[{\"@type\":\"SearchAction\",\"target\":{\"@type\":\"EntryPoint\",\"urlTemplate\":\"https:\\\/\\\/evocert.pl\\\/en\\\/?s={search_term_string}\"},\"query-input\":{\"@type\":\"PropertyValueSpecification\",\"valueRequired\":true,\"valueName\":\"search_term_string\"}}],\"inLanguage\":\"pl-PL\"},{\"@type\":\"Organization\",\"@id\":\"https:\\\/\\\/evocert.pl\\\/en\\\/#organization\",\"name\":\"EVOCERT\",\"url\":\"https:\\\/\\\/evocert.pl\\\/en\\\/\",\"logo\":{\"@type\":\"ImageObject\",\"inLanguage\":\"pl-PL\",\"@id\":\"https:\\\/\\\/evocert.pl\\\/en\\\/#\\\/schema\\\/logo\\\/image\\\/\",\"url\":\"https:\\\/\\\/evocert.pl\\\/wp-content\\\/uploads\\\/2025\\\/01\\\/EVOCERT_logo_KOLOR_PNG.png\",\"contentUrl\":\"https:\\\/\\\/evocert.pl\\\/wp-content\\\/uploads\\\/2025\\\/01\\\/EVOCERT_logo_KOLOR_PNG.png\",\"width\":378,\"height\":378,\"caption\":\"EVOCERT\"},\"image\":{\"@id\":\"https:\\\/\\\/evocert.pl\\\/en\\\/#\\\/schema\\\/logo\\\/image\\\/\"},\"sameAs\":[\"https:\\\/\\\/www.linkedin.com\\\/company\\\/evocert-sp-z-o-o\"]}]}<\/script>\n<!-- \/ Yoast SEO plugin. -->","yoast_head_json":{"title":"EUDR - wymagania - EVOCERT","robots":{"index":"index","follow":"follow","max-snippet":"max-snippet:-1","max-image-preview":"max-image-preview:large","max-video-preview":"max-video-preview:-1"},"canonical":"https:\/\/evocert.pl\/pl\/eudr-wymagania\/","og_locale":"pl_PL","og_type":"article","og_title":"EUDR - wymagania - EVOCERT","og_description":"EUDR &#8211; European Union Deforestation Regulation Wymagania zosta\u0142y opisane w Rozporz\u0105dzeniu Parlamentu Europejskiego i Rady (UE) 2023\/1115 w sprawie udost\u0119pniania na rynku unijnym oraz wywozu z Unii niekt\u00f3rych towar\u00f3w i \u00a0produkt\u00f3w zwi\u0105zanych z wylesianiem i degradacj\u0105 las\u00f3w oraz uchylenia rozporz\u0105dzenia (UE) nr 995\/2010 (tzw.). Rozporz\u0105dzenie dost\u0119pne jest\u00a0na stronie EUR-lex.","og_url":"https:\/\/evocert.pl\/pl\/eudr-wymagania\/","og_site_name":"EVOCERT","article_modified_time":"2025-09-30T07:23:58+00:00","og_image":[{"width":378,"height":378,"url":"https:\/\/evocert.pl\/wp-content\/uploads\/2025\/01\/EVOCERT_logo_KOLOR_PNG.png","type":"image\/png"}],"twitter_card":"summary_large_image","schema":{"@context":"https:\/\/schema.org","@graph":[{"@type":"WebPage","@id":"https:\/\/evocert.pl\/eudr-wymagania\/","url":"https:\/\/evocert.pl\/eudr-wymagania\/","name":"EUDR - wymagania - EVOCERT","isPartOf":{"@id":"https:\/\/evocert.pl\/en\/#website"},"datePublished":"2025-09-30T06:32:39+00:00","dateModified":"2025-09-30T07:23:58+00:00","breadcrumb":{"@id":"https:\/\/evocert.pl\/eudr-wymagania\/#breadcrumb"},"inLanguage":"pl-PL","potentialAction":[{"@type":"ReadAction","target":["https:\/\/evocert.pl\/eudr-wymagania\/"]}]},{"@type":"BreadcrumbList","@id":"https:\/\/evocert.pl\/eudr-wymagania\/#breadcrumb","itemListElement":[{"@type":"ListItem","position":1,"name":"Strona g\u0142\u00f3wna","item":"https:\/\/evocert.pl\/en\/"},{"@type":"ListItem","position":2,"name":"EUDR &#8211; wymagania"}]},{"@type":"WebSite","@id":"https:\/\/evocert.pl\/en\/#website","url":"https:\/\/evocert.pl\/en\/","name":"EVOCERT","description":"Evolution in certification","publisher":{"@id":"https:\/\/evocert.pl\/en\/#organization"},"potentialAction":[{"@type":"SearchAction","target":{"@type":"EntryPoint","urlTemplate":"https:\/\/evocert.pl\/en\/?s={search_term_string}"},"query-input":{"@type":"PropertyValueSpecification","valueRequired":true,"valueName":"search_term_string"}}],"inLanguage":"pl-PL"},{"@type":"Organization","@id":"https:\/\/evocert.pl\/en\/#organization","name":"EVOCERT","url":"https:\/\/evocert.pl\/en\/","logo":{"@type":"ImageObject","inLanguage":"pl-PL","@id":"https:\/\/evocert.pl\/en\/#\/schema\/logo\/image\/","url":"https:\/\/evocert.pl\/wp-content\/uploads\/2025\/01\/EVOCERT_logo_KOLOR_PNG.png","contentUrl":"https:\/\/evocert.pl\/wp-content\/uploads\/2025\/01\/EVOCERT_logo_KOLOR_PNG.png","width":378,"height":378,"caption":"EVOCERT"},"image":{"@id":"https:\/\/evocert.pl\/en\/#\/schema\/logo\/image\/"},"sameAs":["https:\/\/www.linkedin.com\/company\/evocert-sp-z-o-o"]}]}},"_links":{"self":[{"href":"https:\/\/evocert.pl\/pl\/wp-json\/wp\/v2\/pages\/4870","targetHints":{"allow":["GET"]}}],"collection":[{"href":"https:\/\/evocert.pl\/pl\/wp-json\/wp\/v2\/pages"}],"about":[{"href":"https:\/\/evocert.pl\/pl\/wp-json\/wp\/v2\/types\/page"}],"author":[{"embeddable":true,"href":"https:\/\/evocert.pl\/pl\/wp-json\/wp\/v2\/users\/2"}],"replies":[{"embeddable":true,"href":"https:\/\/evocert.pl\/pl\/wp-json\/wp\/v2\/comments?post=4870"}],"version-history":[{"count":3,"href":"https:\/\/evocert.pl\/pl\/wp-json\/wp\/v2\/pages\/4870\/revisions"}],"predecessor-version":[{"id":4901,"href":"https:\/\/evocert.pl\/pl\/wp-json\/wp\/v2\/pages\/4870\/revisions\/4901"}],"wp:attachment":[{"href":"https:\/\/evocert.pl\/pl\/wp-json\/wp\/v2\/media?parent=4870"}],"curies":[{"name":"wp","href":"https:\/\/api.w.org\/{rel}","templated":true}]}}