{"id":3247,"date":"2025-01-17T11:57:47","date_gmt":"2025-01-17T10:57:47","guid":{"rendered":"https:\/\/evocert.pl\/?page_id=3247"},"modified":"2025-12-17T09:01:57","modified_gmt":"2025-12-17T08:01:57","slug":"redcert-krok-po-kroku","status":"publish","type":"page","link":"https:\/\/evocert.pl\/pl\/redcert-krok-po-kroku\/","title":{"rendered":"REDcert EU &#8211; proces certyfikacji krok po kroku"},"content":{"rendered":"\n<h2 class=\"wp-block-heading has-custom-logo-color has-text-color has-link-color has-medium-font-size wp-elements-fc7a4e7f9b966171e83fd4c878931adf\">1. Zg\u0142oszenie do systemu REDcert EU<\/h2>\n\n\n\n<p class=\"has-small-font-size\">Przedsi\u0119biorstwo deklaruje ch\u0119\u0107 przyst\u0105pienia do systemu REDcert EU. Wype\u0142niany jest formularz zg\u0142oszeniowy na stronie internetowej po adresem <a href=\"https:\/\/redcert.eu\/RegistrierungSystemAuswahl.aspx\"><mark style=\"background-color:rgba(0, 0, 0, 0)\" class=\"has-inline-color has-custom-logo-color\">https:\/\/redcert.eu\/RegistrierungSystemAuswahl.aspx<\/mark><\/a>&nbsp;i zawierana jest umowa uczestnictwa z w\u0142a\u015bcicielem standardu.<\/p>\n\n\n\n<hr class=\"wp-block-separator has-text-color has-custom-logo-color has-alpha-channel-opacity has-custom-logo-background-color has-background is-style-wide\" style=\"margin-top:var(--wp--preset--spacing--60);margin-bottom:var(--wp--preset--spacing--60)\"\/>\n\n\n\n<h2 class=\"wp-block-heading has-custom-logo-color has-text-color has-link-color has-medium-font-size wp-elements-781404d7b7780e6d1bc82d4434222aeb\">2. Kontakt z EVOCERT<\/h2>\n\n\n\n<p class=\"has-small-font-size\">Firma kontaktuje si\u0119 z EVOCERT, w celu uzupe\u0142nienia wniosku aplikacyjnego i podpisania umowy certyfikacyjnej na przeprowadzenie procesu oceny zgodno\u015bci z wymaganiami REDcert EU.<\/p>\n\n\n\n<hr class=\"wp-block-separator has-text-color has-custom-logo-color has-alpha-channel-opacity has-custom-logo-background-color has-background is-style-wide\" style=\"margin-top:var(--wp--preset--spacing--60);margin-bottom:var(--wp--preset--spacing--60)\"\/>\n\n\n\n<h2 class=\"wp-block-heading has-custom-logo-color has-text-color has-link-color has-medium-font-size wp-elements-213d3977168f197659cc3c6cb927b397\">3. Przygotowanie do audytu<\/h2>\n\n\n\n<p class=\"has-small-font-size\">Przedsi\u0119biorstwo przygotowuje niezb\u0119dn\u0105 dokumentacj\u0119: rejestry surowc\u00f3w, dane dotycz\u0105ce emisji gaz\u00f3w cieplarnianych, zarz\u0105dzania gruntami, \u0142a\u0144cucha dostaw, zgodno\u015bci z kryteriami zr\u00f3wnowa\u017conego rozwoju itp.<\/p>\n\n\n\n<hr class=\"wp-block-separator has-text-color has-custom-logo-color has-alpha-channel-opacity has-custom-logo-background-color has-background is-style-wide\" style=\"margin-top:var(--wp--preset--spacing--60);margin-bottom:var(--wp--preset--spacing--60)\"\/>\n\n\n\n<h2 class=\"wp-block-heading has-custom-logo-color has-text-color has-link-color has-medium-font-size wp-elements-ac5c9bf9a9ca99939d54ce3a39645ead\">4. Audyt na miejscu<\/h2>\n\n\n\n<p class=\"has-small-font-size\">Audytor przeprowadza kontrol\u0119 w siedzibie firmy (oraz ewentualnie w lokalizacjach produkcyjnych lub magazynowych), weryfikuj\u0105c zgodno\u015b\u0107 dzia\u0142alno\u015bci z wymogami systemu REDcert EU.<\/p>\n\n\n\n<hr class=\"wp-block-separator has-text-color has-custom-logo-color has-alpha-channel-opacity has-custom-logo-background-color has-background is-style-wide\" style=\"margin-top:var(--wp--preset--spacing--60);margin-bottom:var(--wp--preset--spacing--60)\"\/>\n\n\n\n<h2 class=\"wp-block-heading has-custom-logo-color has-text-color has-link-color has-medium-font-size wp-elements-83280d56d7b104e631f4d9d7b80f6d97\">5. Raport z audytu i ocena zgodno\u015bci<\/h2>\n\n\n\n<p class=\"has-small-font-size\">Na podstawie audytu sporz\u0105dzany jest raport. Je\u015bli zostan\u0105 wykryte niezgodno\u015bci, przedsi\u0119biorstwo musi wdro\u017cy\u0107 dzia\u0142ania koryguj\u0105ce przed wydaniem certyfikatu.<\/p>\n\n\n\n<hr class=\"wp-block-separator has-text-color has-custom-logo-color has-alpha-channel-opacity has-custom-logo-background-color has-background is-style-wide\" style=\"margin-top:var(--wp--preset--spacing--60);margin-bottom:var(--wp--preset--spacing--60)\"\/>\n\n\n\n<h2 class=\"wp-block-heading has-custom-logo-color has-text-color has-link-color has-medium-font-size wp-elements-159801f407edc1556c5ce846a782a968\">6. Wydanie certyfikatu REDcert<\/h2>\n\n\n\n<p class=\"has-small-font-size\">Po pozytywnej ocenie zgodno\u015bci, jednostka certyfikuj\u0105ca wydaje certyfikat REDcert EU, kt\u00f3ry jest wa\u017cny przez 12 miesi\u0119cy. Certyfikat jest dost\u0119pny <a href=\"https:\/\/redcert.eu\/ZertifikateDatenAnzeige.aspx\"><mark style=\"background-color:rgba(0, 0, 0, 0)\" class=\"has-inline-color has-custom-logo-color\">na stronie internetowej REDcert w zak\u0142adce \u201eCertyfikaty\u201d<\/mark><\/a>.<\/p>\n\n\n\n<hr class=\"wp-block-separator has-text-color has-custom-logo-color has-alpha-channel-opacity has-custom-logo-background-color has-background is-style-wide\" style=\"margin-top:var(--wp--preset--spacing--60);margin-bottom:var(--wp--preset--spacing--60)\"\/>\n\n\n\n<h2 class=\"wp-block-heading has-custom-logo-color has-text-color has-link-color has-medium-font-size wp-elements-d1c0c9850d5b29d44c84501b684fbdb0\">7. Coroczne audyty kontrolne (recertyfikacja)<\/h2>\n\n\n\n<p class=\"has-small-font-size\">Aby utrzyma\u0107 certyfikacj\u0119, firma zobowi\u0105zana jest do corocznych audyt\u00f3w potwierdzaj\u0105cych ci\u0105g\u0142e spe\u0142nianie wymaga\u0144 systemu.<\/p>\n\n\n\n<hr class=\"wp-block-separator has-text-color has-custom-logo-color has-alpha-channel-opacity has-custom-logo-background-color has-background is-style-wide\" style=\"margin-top:var(--wp--preset--spacing--60);margin-bottom:var(--wp--preset--spacing--60)\"\/>\n\n\n\n<div class=\"wp-block-group is-vertical is-content-justification-stretch is-layout-flex wp-container-core-group-is-layout-353c4f5a wp-block-group-is-layout-flex\">\n<h2 class=\"wp-block-heading has-custom-logo-color has-text-color has-link-color has-medium-font-size wp-elements-6220a036404e1e175c1bdc39e07cf195\">Czy jeste\u015b gotowy rozpocz\u0105\u0107 proces certyfikacji?<\/h2>\n\n\n\n<p class=\"has-small-font-size\" style=\"padding-bottom:var(--wp--preset--spacing--40);line-height:1.7\">EVOCERT ch\u0119tnie przygotuje ofert\u0119 i udzieli odpowiedzi na wszelkie pytania!<\/p>\n\n\n\n<div class=\"wp-block-buttons is-content-justification-center is-layout-flex wp-container-core-buttons-is-layout-c304233e wp-block-buttons-is-layout-flex\" style=\"margin-top:var(--wp--preset--spacing--20);margin-bottom:var(--wp--preset--spacing--30)\">\n<div class=\"wp-block-button has-custom-font-size has-body-text-font-size\"><a class=\"wp-block-button__link has-foreground-color has-custom-logo-background-color has-text-color has-background has-link-color wp-element-button\" href=\"http:\/\/evocert.pl\/?page_id=308\" style=\"padding-top:0.85rem;padding-right:2rem;padding-bottom:0.85rem;padding-left:2rem\"><strong>Skontaktuj si\u0119 z nami<\/strong><\/a><\/div>\n<\/div>\n<\/div>\n","protected":false},"excerpt":{"rendered":"<p>1. Zg\u0142oszenie do systemu REDcert EU Przedsi\u0119biorstwo deklaruje ch\u0119\u0107 przyst\u0105pienia do systemu REDcert EU. Wype\u0142niany jest formularz zg\u0142oszeniowy na stronie internetowej po adresem https:\/\/redcert.eu\/RegistrierungSystemAuswahl.aspx&nbsp;i zawierana jest umowa uczestnictwa z w\u0142a\u015bcicielem standardu. 2. Kontakt z EVOCERT Firma kontaktuje si\u0119 z EVOCERT, w celu uzupe\u0142nienia wniosku aplikacyjnego i podpisania umowy certyfikacyjnej na przeprowadzenie procesu oceny zgodno\u015bci z [&hellip;]<\/p>\n","protected":false},"author":2,"featured_media":0,"parent":0,"menu_order":0,"comment_status":"closed","ping_status":"closed","template":"wp-custom-template-oferta-re-dcert-podstawy-prawne-wymagania","meta":{"footnotes":""},"class_list":["post-3247","page","type-page","status-publish","hentry"],"yoast_head":"<!-- This site is optimized with the Yoast SEO plugin v27.5 - https:\/\/yoast.com\/product\/yoast-seo-wordpress\/ -->\n<title>REDcert EU - proces certyfikacji krok po kroku - EVOCERT<\/title>\n<meta name=\"robots\" content=\"index, follow, max-snippet:-1, max-image-preview:large, max-video-preview:-1\" \/>\n<link rel=\"canonical\" href=\"https:\/\/evocert.pl\/pl\/redcert-krok-po-kroku\/\" \/>\n<meta property=\"og:locale\" content=\"pl_PL\" \/>\n<meta property=\"og:type\" content=\"article\" \/>\n<meta property=\"og:title\" content=\"REDcert EU - proces certyfikacji krok po kroku - EVOCERT\" \/>\n<meta property=\"og:description\" content=\"1. Zg\u0142oszenie do systemu REDcert EU Przedsi\u0119biorstwo deklaruje ch\u0119\u0107 przyst\u0105pienia do systemu REDcert EU. Wype\u0142niany jest formularz zg\u0142oszeniowy na stronie internetowej po adresem https:\/\/redcert.eu\/RegistrierungSystemAuswahl.aspx&nbsp;i zawierana jest umowa uczestnictwa z w\u0142a\u015bcicielem standardu. 2. Kontakt z EVOCERT Firma kontaktuje si\u0119 z EVOCERT, w celu uzupe\u0142nienia wniosku aplikacyjnego i podpisania umowy certyfikacyjnej na przeprowadzenie procesu oceny zgodno\u015bci z [&hellip;]\" \/>\n<meta property=\"og:url\" content=\"https:\/\/evocert.pl\/pl\/redcert-krok-po-kroku\/\" \/>\n<meta property=\"og:site_name\" content=\"EVOCERT\" \/>\n<meta property=\"article:modified_time\" content=\"2025-12-17T08:01:57+00:00\" \/>\n<meta property=\"og:image\" content=\"https:\/\/evocert.pl\/wp-content\/uploads\/2025\/01\/EVOCERT_logo_KOLOR_PNG.png\" \/>\n\t<meta property=\"og:image:width\" content=\"378\" \/>\n\t<meta property=\"og:image:height\" content=\"378\" \/>\n\t<meta property=\"og:image:type\" content=\"image\/png\" \/>\n<meta name=\"twitter:card\" content=\"summary_large_image\" \/>\n<meta name=\"twitter:label1\" content=\"Szacowany czas czytania\" \/>\n\t<meta name=\"twitter:data1\" content=\"3 minuty\" \/>\n<script type=\"application\/ld+json\" class=\"yoast-schema-graph\">{\"@context\":\"https:\\\/\\\/schema.org\",\"@graph\":[{\"@type\":\"WebPage\",\"@id\":\"https:\\\/\\\/evocert.pl\\\/redcert-krok-po-kroku\\\/\",\"url\":\"https:\\\/\\\/evocert.pl\\\/redcert-krok-po-kroku\\\/\",\"name\":\"REDcert EU - proces certyfikacji krok po kroku - EVOCERT\",\"isPartOf\":{\"@id\":\"https:\\\/\\\/evocert.pl\\\/en\\\/#website\"},\"datePublished\":\"2025-01-17T10:57:47+00:00\",\"dateModified\":\"2025-12-17T08:01:57+00:00\",\"breadcrumb\":{\"@id\":\"https:\\\/\\\/evocert.pl\\\/redcert-krok-po-kroku\\\/#breadcrumb\"},\"inLanguage\":\"pl-PL\",\"potentialAction\":[{\"@type\":\"ReadAction\",\"target\":[\"https:\\\/\\\/evocert.pl\\\/redcert-krok-po-kroku\\\/\"]}]},{\"@type\":\"BreadcrumbList\",\"@id\":\"https:\\\/\\\/evocert.pl\\\/redcert-krok-po-kroku\\\/#breadcrumb\",\"itemListElement\":[{\"@type\":\"ListItem\",\"position\":1,\"name\":\"Strona g\u0142\u00f3wna\",\"item\":\"https:\\\/\\\/evocert.pl\\\/en\\\/\"},{\"@type\":\"ListItem\",\"position\":2,\"name\":\"REDcert EU &#8211; proces certyfikacji krok po kroku\"}]},{\"@type\":\"WebSite\",\"@id\":\"https:\\\/\\\/evocert.pl\\\/en\\\/#website\",\"url\":\"https:\\\/\\\/evocert.pl\\\/en\\\/\",\"name\":\"EVOCERT\",\"description\":\"Evolution in certification\",\"publisher\":{\"@id\":\"https:\\\/\\\/evocert.pl\\\/en\\\/#organization\"},\"potentialAction\":[{\"@type\":\"SearchAction\",\"target\":{\"@type\":\"EntryPoint\",\"urlTemplate\":\"https:\\\/\\\/evocert.pl\\\/en\\\/?s={search_term_string}\"},\"query-input\":{\"@type\":\"PropertyValueSpecification\",\"valueRequired\":true,\"valueName\":\"search_term_string\"}}],\"inLanguage\":\"pl-PL\"},{\"@type\":\"Organization\",\"@id\":\"https:\\\/\\\/evocert.pl\\\/en\\\/#organization\",\"name\":\"EVOCERT\",\"url\":\"https:\\\/\\\/evocert.pl\\\/en\\\/\",\"logo\":{\"@type\":\"ImageObject\",\"inLanguage\":\"pl-PL\",\"@id\":\"https:\\\/\\\/evocert.pl\\\/en\\\/#\\\/schema\\\/logo\\\/image\\\/\",\"url\":\"https:\\\/\\\/evocert.pl\\\/wp-content\\\/uploads\\\/2025\\\/01\\\/EVOCERT_logo_KOLOR_PNG.png\",\"contentUrl\":\"https:\\\/\\\/evocert.pl\\\/wp-content\\\/uploads\\\/2025\\\/01\\\/EVOCERT_logo_KOLOR_PNG.png\",\"width\":378,\"height\":378,\"caption\":\"EVOCERT\"},\"image\":{\"@id\":\"https:\\\/\\\/evocert.pl\\\/en\\\/#\\\/schema\\\/logo\\\/image\\\/\"},\"sameAs\":[\"https:\\\/\\\/www.linkedin.com\\\/company\\\/evocert-sp-z-o-o\"]}]}<\/script>\n<!-- \/ Yoast SEO plugin. -->","yoast_head_json":{"title":"REDcert EU - proces certyfikacji krok po kroku - EVOCERT","robots":{"index":"index","follow":"follow","max-snippet":"max-snippet:-1","max-image-preview":"max-image-preview:large","max-video-preview":"max-video-preview:-1"},"canonical":"https:\/\/evocert.pl\/pl\/redcert-krok-po-kroku\/","og_locale":"pl_PL","og_type":"article","og_title":"REDcert EU - proces certyfikacji krok po kroku - EVOCERT","og_description":"1. Zg\u0142oszenie do systemu REDcert EU Przedsi\u0119biorstwo deklaruje ch\u0119\u0107 przyst\u0105pienia do systemu REDcert EU. Wype\u0142niany jest formularz zg\u0142oszeniowy na stronie internetowej po adresem https:\/\/redcert.eu\/RegistrierungSystemAuswahl.aspx&nbsp;i zawierana jest umowa uczestnictwa z w\u0142a\u015bcicielem standardu. 2. Kontakt z EVOCERT Firma kontaktuje si\u0119 z EVOCERT, w celu uzupe\u0142nienia wniosku aplikacyjnego i podpisania umowy certyfikacyjnej na przeprowadzenie procesu oceny zgodno\u015bci z [&hellip;]","og_url":"https:\/\/evocert.pl\/pl\/redcert-krok-po-kroku\/","og_site_name":"EVOCERT","article_modified_time":"2025-12-17T08:01:57+00:00","og_image":[{"width":378,"height":378,"url":"https:\/\/evocert.pl\/wp-content\/uploads\/2025\/01\/EVOCERT_logo_KOLOR_PNG.png","type":"image\/png"}],"twitter_card":"summary_large_image","twitter_misc":{"Szacowany czas czytania":"3 minuty"},"schema":{"@context":"https:\/\/schema.org","@graph":[{"@type":"WebPage","@id":"https:\/\/evocert.pl\/redcert-krok-po-kroku\/","url":"https:\/\/evocert.pl\/redcert-krok-po-kroku\/","name":"REDcert EU - proces certyfikacji krok po kroku - EVOCERT","isPartOf":{"@id":"https:\/\/evocert.pl\/en\/#website"},"datePublished":"2025-01-17T10:57:47+00:00","dateModified":"2025-12-17T08:01:57+00:00","breadcrumb":{"@id":"https:\/\/evocert.pl\/redcert-krok-po-kroku\/#breadcrumb"},"inLanguage":"pl-PL","potentialAction":[{"@type":"ReadAction","target":["https:\/\/evocert.pl\/redcert-krok-po-kroku\/"]}]},{"@type":"BreadcrumbList","@id":"https:\/\/evocert.pl\/redcert-krok-po-kroku\/#breadcrumb","itemListElement":[{"@type":"ListItem","position":1,"name":"Strona g\u0142\u00f3wna","item":"https:\/\/evocert.pl\/en\/"},{"@type":"ListItem","position":2,"name":"REDcert EU &#8211; proces certyfikacji krok po kroku"}]},{"@type":"WebSite","@id":"https:\/\/evocert.pl\/en\/#website","url":"https:\/\/evocert.pl\/en\/","name":"EVOCERT","description":"Evolution in certification","publisher":{"@id":"https:\/\/evocert.pl\/en\/#organization"},"potentialAction":[{"@type":"SearchAction","target":{"@type":"EntryPoint","urlTemplate":"https:\/\/evocert.pl\/en\/?s={search_term_string}"},"query-input":{"@type":"PropertyValueSpecification","valueRequired":true,"valueName":"search_term_string"}}],"inLanguage":"pl-PL"},{"@type":"Organization","@id":"https:\/\/evocert.pl\/en\/#organization","name":"EVOCERT","url":"https:\/\/evocert.pl\/en\/","logo":{"@type":"ImageObject","inLanguage":"pl-PL","@id":"https:\/\/evocert.pl\/en\/#\/schema\/logo\/image\/","url":"https:\/\/evocert.pl\/wp-content\/uploads\/2025\/01\/EVOCERT_logo_KOLOR_PNG.png","contentUrl":"https:\/\/evocert.pl\/wp-content\/uploads\/2025\/01\/EVOCERT_logo_KOLOR_PNG.png","width":378,"height":378,"caption":"EVOCERT"},"image":{"@id":"https:\/\/evocert.pl\/en\/#\/schema\/logo\/image\/"},"sameAs":["https:\/\/www.linkedin.com\/company\/evocert-sp-z-o-o"]}]}},"_links":{"self":[{"href":"https:\/\/evocert.pl\/pl\/wp-json\/wp\/v2\/pages\/3247","targetHints":{"allow":["GET"]}}],"collection":[{"href":"https:\/\/evocert.pl\/pl\/wp-json\/wp\/v2\/pages"}],"about":[{"href":"https:\/\/evocert.pl\/pl\/wp-json\/wp\/v2\/types\/page"}],"author":[{"embeddable":true,"href":"https:\/\/evocert.pl\/pl\/wp-json\/wp\/v2\/users\/2"}],"replies":[{"embeddable":true,"href":"https:\/\/evocert.pl\/pl\/wp-json\/wp\/v2\/comments?post=3247"}],"version-history":[{"count":7,"href":"https:\/\/evocert.pl\/pl\/wp-json\/wp\/v2\/pages\/3247\/revisions"}],"predecessor-version":[{"id":5251,"href":"https:\/\/evocert.pl\/pl\/wp-json\/wp\/v2\/pages\/3247\/revisions\/5251"}],"wp:attachment":[{"href":"https:\/\/evocert.pl\/pl\/wp-json\/wp\/v2\/media?parent=3247"}],"curies":[{"name":"wp","href":"https:\/\/api.w.org\/{rel}","templated":true}]}}