{"id":287,"date":"2024-12-13T21:01:48","date_gmt":"2024-12-13T20:01:48","guid":{"rendered":"http:\/\/evocert.pl\/?page_id=287"},"modified":"2025-11-24T10:10:02","modified_gmt":"2025-11-24T09:10:02","slug":"integrowana-produkcja-roslin","status":"publish","type":"page","link":"https:\/\/evocert.pl\/pl\/integrowana-produkcja-roslin\/","title":{"rendered":"Integrowana produkcja ro\u015blin"},"content":{"rendered":"\n<div class=\"wp-block-group has-heading-color has-text-color has-link-color has-small-font-size wp-elements-ebc7109738b9b8378e6bf657c61915e4 is-vertical is-content-justification-stretch is-layout-flex wp-container-core-group-is-layout-a5b1d185 wp-block-group-is-layout-flex\" style=\"padding-right:var(--wp--preset--spacing--60);padding-bottom:var(--wp--preset--spacing--60);padding-left:var(--wp--preset--spacing--30);line-height:1.6\">\n<h2 class=\"wp-block-heading has-custom-logo-color has-text-color has-link-color has-medium-font-size wp-elements-3e9e96ca86686a311d406ea735c35c9d\">Certyfikacja EVOCERT<\/h2>\n\n\n\n<p>Integrowana Produkcja Ro\u015blin (IPR) to system uprawy, kt\u00f3ry \u0142\u0105czy nowoczesne rozwi\u0105zania agrotechniczne z zasadami ochrony \u015brodowiska. Celem programu jest produkcja \u017cywno\u015bci bezpiecznej, wysokiej jako\u015bci oraz przyjaznej naturze.<\/p>\n\n\n\n<p>Producenci stosuj\u0105cy IPR korzystaj\u0105 z innowacyjnych metod ograniczaj\u0105cych presj\u0119 chemicznych \u015brodk\u00f3w ochrony ro\u015blin, dbaj\u0105c jednocze\u015bnie o zdrowie konsument\u00f3w i zr\u00f3wnowa\u017cony rozw\u00f3j gospodarstw rolnych.<\/p>\n\n\n\n<hr class=\"wp-block-separator has-text-color has-custom-logo-color has-alpha-channel-opacity has-custom-logo-background-color has-background is-style-wide\" style=\"margin-top:var(--wp--preset--spacing--40);margin-bottom:var(--wp--preset--spacing--40)\"\/>\n\n\n\n<p>EVOCERT posiada akredytacj\u0119 PCA w zakresie Integrowanej Produkcji Ro\u015blin. Zakres akredytacji jest dost\u0119pny&nbsp;<a href=\"https:\/\/www.pca.gov.pl\/akredytowane-podmioty\/akredytacje-aktywne\/jednostki-certyfikujace-wyroby\/AC%20254,podmiot.html\">tutaj<\/a>.<\/p>\n\n\n\n<hr class=\"wp-block-separator has-text-color has-custom-logo-color has-alpha-channel-opacity has-custom-logo-background-color has-background is-style-wide\" style=\"margin-top:var(--wp--preset--spacing--40);margin-bottom:var(--wp--preset--spacing--40)\"\/>\n\n\n\n<p>Jednostka certyfikuj\u0105ca <strong>EVOCERT<\/strong> uzyska\u0142a oficjalne upowa\u017cnienie od WIORIN w Poznaniu do prowadzenia certyfikacji w zakresie integrowanej produkcji ro\u015blin, co potwierdza spe\u0142nienie wysokich standard\u00f3w stawianych jednostkom certyfikuj\u0105cym.<\/p>\n\n\n\n<p>Upowa\u017cnienie to obejmuje:<\/p>\n\n\n\n<ul class=\"wp-block-list\">\n<li>mo\u017cliwo\u015b\u0107 prowadzenia kontroli w gospodarstwach stosuj\u0105cych Integrowan\u0105 Produkcj\u0119 Ro\u015blin,<\/li>\n\n\n\n<li>wydawanie certyfikat\u00f3w potwierdzaj\u0105cych spe\u0142nienie wymaga\u0144 systemu,<\/li>\n\n\n\n<li>nadz\u00f3r nad zgodno\u015bci\u0105 dzia\u0142a\u0144 producent\u00f3w z metodykami IPR.<\/li>\n<\/ul>\n\n\n\n<hr class=\"wp-block-separator has-text-color has-custom-logo-color has-alpha-channel-opacity has-custom-logo-background-color has-background is-style-wide\" style=\"margin-top:var(--wp--preset--spacing--40);margin-bottom:var(--wp--preset--spacing--40)\"\/>\n\n\n\n<p>EVOCERT zapewnia rzetelno\u015b\u0107 procesu certyfikacji, przejrzysto\u015b\u0107 procedur oraz terminowo\u015b\u0107 obs\u0142ugi. Nasz zesp\u00f3\u0142 to specjali\u015bci z do\u015bwiadczeniem w rolnictwie, ochronie ro\u015blin i certyfikacji jako\u015bci \u017cywno\u015bci.<\/p>\n\n\n\n<p><a href=\"https:\/\/evocert.pl\/pl\/kontakt\/\">Skontaktuj si\u0119 z nami<\/a>, aby rozpocz\u0105\u0107 proces certyfikacji lub dowiedzie\u0107 si\u0119 wi\u0119cej o Integrowanej produkcji ro\u015blin.<\/p>\n<\/div>\n","protected":false},"excerpt":{"rendered":"<p>Certyfikacja EVOCERT Integrowana Produkcja Ro\u015blin (IPR) to system uprawy, kt\u00f3ry \u0142\u0105czy nowoczesne rozwi\u0105zania agrotechniczne z zasadami ochrony \u015brodowiska. Celem programu jest produkcja \u017cywno\u015bci bezpiecznej, wysokiej jako\u015bci oraz przyjaznej naturze. Producenci stosuj\u0105cy IPR korzystaj\u0105 z innowacyjnych metod ograniczaj\u0105cych presj\u0119 chemicznych \u015brodk\u00f3w ochrony ro\u015blin, dbaj\u0105c jednocze\u015bnie o zdrowie konsument\u00f3w i zr\u00f3wnowa\u017cony rozw\u00f3j gospodarstw rolnych. EVOCERT posiada akredytacj\u0119 [&hellip;]<\/p>\n","protected":false},"author":2,"featured_media":0,"parent":0,"menu_order":0,"comment_status":"closed","ping_status":"closed","template":"wp-custom-template-oferta-ipr-og-lne-2","meta":{"footnotes":""},"class_list":["post-287","page","type-page","status-publish","hentry"],"yoast_head":"<!-- This site is optimized with the Yoast SEO plugin v26.3 - https:\/\/yoast.com\/wordpress\/plugins\/seo\/ -->\n<title>Integrowana produkcja ro\u015blin - EVOCERT<\/title>\n<meta name=\"robots\" content=\"index, follow, max-snippet:-1, max-image-preview:large, max-video-preview:-1\" \/>\n<link rel=\"canonical\" href=\"https:\/\/evocert.pl\/pl\/integrowana-produkcja-roslin\/\" \/>\n<meta property=\"og:locale\" content=\"pl_PL\" \/>\n<meta property=\"og:type\" content=\"article\" \/>\n<meta property=\"og:title\" content=\"Integrowana produkcja ro\u015blin - EVOCERT\" \/>\n<meta property=\"og:description\" content=\"Certyfikacja EVOCERT Integrowana Produkcja Ro\u015blin (IPR) to system uprawy, kt\u00f3ry \u0142\u0105czy nowoczesne rozwi\u0105zania agrotechniczne z zasadami ochrony \u015brodowiska. Celem programu jest produkcja \u017cywno\u015bci bezpiecznej, wysokiej jako\u015bci oraz przyjaznej naturze. Producenci stosuj\u0105cy IPR korzystaj\u0105 z innowacyjnych metod ograniczaj\u0105cych presj\u0119 chemicznych \u015brodk\u00f3w ochrony ro\u015blin, dbaj\u0105c jednocze\u015bnie o zdrowie konsument\u00f3w i zr\u00f3wnowa\u017cony rozw\u00f3j gospodarstw rolnych. EVOCERT posiada akredytacj\u0119 [&hellip;]\" \/>\n<meta property=\"og:url\" content=\"https:\/\/evocert.pl\/pl\/integrowana-produkcja-roslin\/\" \/>\n<meta property=\"og:site_name\" content=\"EVOCERT\" \/>\n<meta property=\"article:modified_time\" content=\"2025-11-24T09:10:02+00:00\" \/>\n<meta property=\"og:image\" content=\"https:\/\/evocert.pl\/wp-content\/uploads\/2025\/01\/EVOCERT_logo_KOLOR_PNG.png\" \/>\n\t<meta property=\"og:image:width\" content=\"378\" \/>\n\t<meta property=\"og:image:height\" content=\"378\" \/>\n\t<meta property=\"og:image:type\" content=\"image\/png\" \/>\n<meta name=\"twitter:card\" content=\"summary_large_image\" \/>\n<meta name=\"twitter:label1\" content=\"Szacowany czas czytania\" \/>\n\t<meta name=\"twitter:data1\" content=\"1 minuta\" \/>\n<script type=\"application\/ld+json\" class=\"yoast-schema-graph\">{\"@context\":\"https:\/\/schema.org\",\"@graph\":[{\"@type\":\"WebPage\",\"@id\":\"https:\/\/evocert.pl\/integrowana-produkcja-roslin\/\",\"url\":\"https:\/\/evocert.pl\/integrowana-produkcja-roslin\/\",\"name\":\"Integrowana produkcja ro\u015blin - EVOCERT\",\"isPartOf\":{\"@id\":\"https:\/\/evocert.pl\/en\/#website\"},\"datePublished\":\"2024-12-13T20:01:48+00:00\",\"dateModified\":\"2025-11-24T09:10:02+00:00\",\"breadcrumb\":{\"@id\":\"https:\/\/evocert.pl\/integrowana-produkcja-roslin\/#breadcrumb\"},\"inLanguage\":\"pl-PL\",\"potentialAction\":[{\"@type\":\"ReadAction\",\"target\":[\"https:\/\/evocert.pl\/integrowana-produkcja-roslin\/\"]}]},{\"@type\":\"BreadcrumbList\",\"@id\":\"https:\/\/evocert.pl\/integrowana-produkcja-roslin\/#breadcrumb\",\"itemListElement\":[{\"@type\":\"ListItem\",\"position\":1,\"name\":\"Strona g\u0142\u00f3wna\",\"item\":\"https:\/\/evocert.pl\/en\/\"},{\"@type\":\"ListItem\",\"position\":2,\"name\":\"Integrowana produkcja ro\u015blin\"}]},{\"@type\":\"WebSite\",\"@id\":\"https:\/\/evocert.pl\/en\/#website\",\"url\":\"https:\/\/evocert.pl\/en\/\",\"name\":\"EVOCERT\",\"description\":\"Evolution in certification\",\"publisher\":{\"@id\":\"https:\/\/evocert.pl\/en\/#organization\"},\"potentialAction\":[{\"@type\":\"SearchAction\",\"target\":{\"@type\":\"EntryPoint\",\"urlTemplate\":\"https:\/\/evocert.pl\/en\/?s={search_term_string}\"},\"query-input\":{\"@type\":\"PropertyValueSpecification\",\"valueRequired\":true,\"valueName\":\"search_term_string\"}}],\"inLanguage\":\"pl-PL\"},{\"@type\":\"Organization\",\"@id\":\"https:\/\/evocert.pl\/en\/#organization\",\"name\":\"EVOCERT\",\"url\":\"https:\/\/evocert.pl\/en\/\",\"logo\":{\"@type\":\"ImageObject\",\"inLanguage\":\"pl-PL\",\"@id\":\"https:\/\/evocert.pl\/en\/#\/schema\/logo\/image\/\",\"url\":\"https:\/\/evocert.pl\/wp-content\/uploads\/2025\/01\/EVOCERT_logo_KOLOR_PNG.png\",\"contentUrl\":\"https:\/\/evocert.pl\/wp-content\/uploads\/2025\/01\/EVOCERT_logo_KOLOR_PNG.png\",\"width\":378,\"height\":378,\"caption\":\"EVOCERT\"},\"image\":{\"@id\":\"https:\/\/evocert.pl\/en\/#\/schema\/logo\/image\/\"},\"sameAs\":[\"https:\/\/www.linkedin.com\/company\/evocert-sp-z-o-o\"]}]}<\/script>\n<!-- \/ Yoast SEO plugin. -->","yoast_head_json":{"title":"Integrowana produkcja ro\u015blin - EVOCERT","robots":{"index":"index","follow":"follow","max-snippet":"max-snippet:-1","max-image-preview":"max-image-preview:large","max-video-preview":"max-video-preview:-1"},"canonical":"https:\/\/evocert.pl\/pl\/integrowana-produkcja-roslin\/","og_locale":"pl_PL","og_type":"article","og_title":"Integrowana produkcja ro\u015blin - EVOCERT","og_description":"Certyfikacja EVOCERT Integrowana Produkcja Ro\u015blin (IPR) to system uprawy, kt\u00f3ry \u0142\u0105czy nowoczesne rozwi\u0105zania agrotechniczne z zasadami ochrony \u015brodowiska. Celem programu jest produkcja \u017cywno\u015bci bezpiecznej, wysokiej jako\u015bci oraz przyjaznej naturze. Producenci stosuj\u0105cy IPR korzystaj\u0105 z innowacyjnych metod ograniczaj\u0105cych presj\u0119 chemicznych \u015brodk\u00f3w ochrony ro\u015blin, dbaj\u0105c jednocze\u015bnie o zdrowie konsument\u00f3w i zr\u00f3wnowa\u017cony rozw\u00f3j gospodarstw rolnych. EVOCERT posiada akredytacj\u0119 [&hellip;]","og_url":"https:\/\/evocert.pl\/pl\/integrowana-produkcja-roslin\/","og_site_name":"EVOCERT","article_modified_time":"2025-11-24T09:10:02+00:00","og_image":[{"width":378,"height":378,"url":"https:\/\/evocert.pl\/wp-content\/uploads\/2025\/01\/EVOCERT_logo_KOLOR_PNG.png","type":"image\/png"}],"twitter_card":"summary_large_image","twitter_misc":{"Szacowany czas czytania":"1 minuta"},"schema":{"@context":"https:\/\/schema.org","@graph":[{"@type":"WebPage","@id":"https:\/\/evocert.pl\/integrowana-produkcja-roslin\/","url":"https:\/\/evocert.pl\/integrowana-produkcja-roslin\/","name":"Integrowana produkcja ro\u015blin - EVOCERT","isPartOf":{"@id":"https:\/\/evocert.pl\/en\/#website"},"datePublished":"2024-12-13T20:01:48+00:00","dateModified":"2025-11-24T09:10:02+00:00","breadcrumb":{"@id":"https:\/\/evocert.pl\/integrowana-produkcja-roslin\/#breadcrumb"},"inLanguage":"pl-PL","potentialAction":[{"@type":"ReadAction","target":["https:\/\/evocert.pl\/integrowana-produkcja-roslin\/"]}]},{"@type":"BreadcrumbList","@id":"https:\/\/evocert.pl\/integrowana-produkcja-roslin\/#breadcrumb","itemListElement":[{"@type":"ListItem","position":1,"name":"Strona g\u0142\u00f3wna","item":"https:\/\/evocert.pl\/en\/"},{"@type":"ListItem","position":2,"name":"Integrowana produkcja ro\u015blin"}]},{"@type":"WebSite","@id":"https:\/\/evocert.pl\/en\/#website","url":"https:\/\/evocert.pl\/en\/","name":"EVOCERT","description":"Evolution in certification","publisher":{"@id":"https:\/\/evocert.pl\/en\/#organization"},"potentialAction":[{"@type":"SearchAction","target":{"@type":"EntryPoint","urlTemplate":"https:\/\/evocert.pl\/en\/?s={search_term_string}"},"query-input":{"@type":"PropertyValueSpecification","valueRequired":true,"valueName":"search_term_string"}}],"inLanguage":"pl-PL"},{"@type":"Organization","@id":"https:\/\/evocert.pl\/en\/#organization","name":"EVOCERT","url":"https:\/\/evocert.pl\/en\/","logo":{"@type":"ImageObject","inLanguage":"pl-PL","@id":"https:\/\/evocert.pl\/en\/#\/schema\/logo\/image\/","url":"https:\/\/evocert.pl\/wp-content\/uploads\/2025\/01\/EVOCERT_logo_KOLOR_PNG.png","contentUrl":"https:\/\/evocert.pl\/wp-content\/uploads\/2025\/01\/EVOCERT_logo_KOLOR_PNG.png","width":378,"height":378,"caption":"EVOCERT"},"image":{"@id":"https:\/\/evocert.pl\/en\/#\/schema\/logo\/image\/"},"sameAs":["https:\/\/www.linkedin.com\/company\/evocert-sp-z-o-o"]}]}},"_links":{"self":[{"href":"https:\/\/evocert.pl\/pl\/wp-json\/wp\/v2\/pages\/287","targetHints":{"allow":["GET"]}}],"collection":[{"href":"https:\/\/evocert.pl\/pl\/wp-json\/wp\/v2\/pages"}],"about":[{"href":"https:\/\/evocert.pl\/pl\/wp-json\/wp\/v2\/types\/page"}],"author":[{"embeddable":true,"href":"https:\/\/evocert.pl\/pl\/wp-json\/wp\/v2\/users\/2"}],"replies":[{"embeddable":true,"href":"https:\/\/evocert.pl\/pl\/wp-json\/wp\/v2\/comments?post=287"}],"version-history":[{"count":4,"href":"https:\/\/evocert.pl\/pl\/wp-json\/wp\/v2\/pages\/287\/revisions"}],"predecessor-version":[{"id":5140,"href":"https:\/\/evocert.pl\/pl\/wp-json\/wp\/v2\/pages\/287\/revisions\/5140"}],"wp:attachment":[{"href":"https:\/\/evocert.pl\/pl\/wp-json\/wp\/v2\/media?parent=287"}],"curies":[{"name":"wp","href":"https:\/\/api.w.org\/{rel}","templated":true}]}}