{"id":256,"date":"2024-12-13T20:58:30","date_gmt":"2024-12-13T19:58:30","guid":{"rendered":"http:\/\/evocert.pl\/?page_id=256"},"modified":"2025-08-05T10:06:46","modified_gmt":"2025-08-05T08:06:46","slug":"rolnictwo-ekologiczne-w-polsce","status":"publish","type":"page","link":"https:\/\/evocert.pl\/pl\/rolnictwo-ekologiczne-w-polsce\/","title":{"rendered":"Rolnictwo ekologiczne w Polsce"},"content":{"rendered":"\n<div class=\"wp-block-group has-heading-color has-text-color has-link-color has-small-font-size wp-elements-73e6d90ac2944ebab96961c233f6ccb7 is-vertical is-content-justification-stretch is-layout-flex wp-container-core-group-is-layout-5fb9a226 wp-block-group-is-layout-flex\" style=\"border-radius:15px;margin-top:0;margin-bottom:0;padding-right:var(--wp--preset--spacing--60);padding-bottom:var(--wp--preset--spacing--40);padding-left:var(--wp--preset--spacing--30);font-style:normal;font-weight:400;line-height:1.7;box-shadow:none\">\n<p class=\"has-text-align-left has-heading-color has-text-color has-link-color wp-elements-7384bd993d4820f60b65f609377159af\"><strong>Rolnictwo ekologiczne<\/strong> to przyjazny dla \u015brodowiska spos\u00f3b uprawy i hodowli, kt\u00f3ry opiera si\u0119 na odpowiedzialnym korzystaniu z zasob\u00f3w naturalnych. Jego celem jest dostarczanie r\u00f3\u017cnorodnych, zdrowych i wysokiej jako\u015bci produkt\u00f3w spo\u017cywczych \u2013 bez szkody dla natury, a wr\u0119cz z korzy\u015bci\u0105 dla niej.<\/p>\n\n\n\n<p>W praktyce oznacza to m.in. ca\u0142kowit\u0105 rezygnacj\u0119 z chemicznych nawoz\u00f3w, sztucznych \u015brodk\u00f3w ochrony ro\u015blin, pasz przemys\u0142owych oraz organizm\u00f3w modyfikowanych genetycznie (GMO). Zamiast tego stosuje si\u0119 rozwi\u0105zania, kt\u00f3re <strong>wspieraj\u0105 naturalne procesy<\/strong> \u2013 takie jak p\u0142odozmian, mi\u0119dzyplony czy naturalne metody zwalczania szkodnik\u00f3w.<\/p>\n\n\n\n<p>Szczeg\u00f3lnie wa\u017cne w rolnictwie ekologicznym s\u0105 <strong>troska o bior\u00f3\u017cnorodno\u015b\u0107 ro\u015blin i wysoki dobrostan zwierz\u0105t<\/strong>. Wyb\u00f3r produkcji ekologicznej to wyraz troski o natur\u0119, ale r\u00f3wnie\u017c odpowied\u017a na rosn\u0105ce zainteresowanie konsument\u00f3w zdrow\u0105 i naturaln\u0105 \u017cywno\u015bci\u0105.<\/p>\n\n\n\n<hr class=\"wp-block-separator has-text-color has-custom-logo-color has-alpha-channel-opacity has-custom-logo-background-color has-background is-style-wide\" style=\"margin-top:var(--wp--preset--spacing--40);margin-bottom:var(--wp--preset--spacing--40)\"\/>\n\n\n\n<p>Uczestnictwo w systemie produkcji ekologicznej to <strong>szereg realnych korzy\u015bci<\/strong>:<\/p>\n\n\n\n<ul class=\"wp-block-list\">\n<li>rosn\u0105ce <strong>zainteresowanie konsument\u00f3w<\/strong> i <strong>wi\u0119kszy popyt<\/strong> na produkty ekologiczne,<\/li>\n\n\n\n<li>mo\u017cliwo\u015b\u0107 uzyskania <strong>certyfikatu <\/strong>potwierdzaj\u0105cego jako\u015b\u0107 i wiarygodno\u015b\u0107 produkcji,<\/li>\n\n\n\n<li>pozytywny wp\u0142yw na \u015brodowisko,<\/li>\n\n\n\n<li>poprawa \u017cyzno\u015bci gleby i zdrowia ekosystem\u00f3w,<\/li>\n\n\n\n<li>produkcja wyrob\u00f3w wolnych od pozosta\u0142o\u015bci chemicznych nawoz\u00f3w i pestycyd\u00f3w,<\/li>\n\n\n\n<li><strong>wsparcie finansowe<\/strong> w ramach Programu Rozwoju Obszar\u00f3w Wiejskich.<\/li>\n<\/ul>\n\n\n\n<hr class=\"wp-block-separator has-text-color has-custom-logo-color has-alpha-channel-opacity has-custom-logo-background-color has-background is-style-wide\" style=\"margin-top:var(--wp--preset--spacing--40);margin-bottom:var(--wp--preset--spacing--40)\"\/>\n\n\n\n<p><strong>Certyfikat rolnictwa ekologicznego<\/strong> to nie tylko potwierdzenie jako\u015bci i zgodno\u015bci z przepisami \u2013 dla wi\u0119kszo\u015bci uczestnik\u00f3w rynku jest on niezb\u0119dny, by m\u00f3c powo\u0142ywa\u0107 si\u0119 na produkcj\u0119 ekologiczn\u0105 i korzysta\u0107 z jej pe\u0142nych korzy\u015bci.<\/p>\n\n\n\n<p class=\"has-small-font-size\">Certyfikaty dla uczestnik\u00f3w rynku rolnictwa ekologicznego s\u0105 wystawiane i udost\u0119pniane w unijnym systemie informatycznym <strong>TRACES<\/strong>: <a href=\"https:\/\/webgate.ec.europa.eu\/tracesnt\/directory\/publication\/organic-operator\/index\">https:\/\/webgate.ec.europa.eu\/tracesnt\/directory\/publication\/organic-operator\/index<\/a><\/p>\n<\/div>\n","protected":false},"excerpt":{"rendered":"<p>Rolnictwo ekologiczne to przyjazny dla \u015brodowiska spos\u00f3b uprawy i hodowli, kt\u00f3ry opiera si\u0119 na odpowiedzialnym korzystaniu z zasob\u00f3w naturalnych. Jego celem jest dostarczanie r\u00f3\u017cnorodnych, zdrowych i wysokiej jako\u015bci produkt\u00f3w spo\u017cywczych \u2013 bez szkody dla natury, a wr\u0119cz z korzy\u015bci\u0105 dla niej. W praktyce oznacza to m.in. ca\u0142kowit\u0105 rezygnacj\u0119 z chemicznych nawoz\u00f3w, sztucznych \u015brodk\u00f3w ochrony ro\u015blin, [&hellip;]<\/p>\n","protected":false},"author":2,"featured_media":0,"parent":0,"menu_order":0,"comment_status":"closed","ping_status":"closed","template":"wp-custom-template-oferta-v2","meta":{"footnotes":""},"class_list":["post-256","page","type-page","status-publish","hentry"],"yoast_head":"<!-- This site is optimized with the Yoast SEO plugin v27.5 - https:\/\/yoast.com\/product\/yoast-seo-wordpress\/ -->\n<title>Rolnictwo ekologiczne w Polsce - EVOCERT<\/title>\n<meta name=\"robots\" content=\"index, follow, max-snippet:-1, max-image-preview:large, max-video-preview:-1\" \/>\n<link rel=\"canonical\" href=\"https:\/\/evocert.pl\/pl\/rolnictwo-ekologiczne-w-polsce\/\" \/>\n<meta property=\"og:locale\" content=\"pl_PL\" \/>\n<meta property=\"og:type\" content=\"article\" \/>\n<meta property=\"og:title\" content=\"Rolnictwo ekologiczne w Polsce - EVOCERT\" \/>\n<meta property=\"og:description\" content=\"Rolnictwo ekologiczne to przyjazny dla \u015brodowiska spos\u00f3b uprawy i hodowli, kt\u00f3ry opiera si\u0119 na odpowiedzialnym korzystaniu z zasob\u00f3w naturalnych. Jego celem jest dostarczanie r\u00f3\u017cnorodnych, zdrowych i wysokiej jako\u015bci produkt\u00f3w spo\u017cywczych \u2013 bez szkody dla natury, a wr\u0119cz z korzy\u015bci\u0105 dla niej. W praktyce oznacza to m.in. ca\u0142kowit\u0105 rezygnacj\u0119 z chemicznych nawoz\u00f3w, sztucznych \u015brodk\u00f3w ochrony ro\u015blin, [&hellip;]\" \/>\n<meta property=\"og:url\" content=\"https:\/\/evocert.pl\/pl\/rolnictwo-ekologiczne-w-polsce\/\" \/>\n<meta property=\"og:site_name\" content=\"EVOCERT\" \/>\n<meta property=\"article:modified_time\" content=\"2025-08-05T08:06:46+00:00\" \/>\n<meta property=\"og:image\" content=\"https:\/\/evocert.pl\/wp-content\/uploads\/2025\/01\/EVOCERT_logo_KOLOR_PNG.png\" \/>\n\t<meta property=\"og:image:width\" content=\"378\" \/>\n\t<meta property=\"og:image:height\" content=\"378\" \/>\n\t<meta property=\"og:image:type\" content=\"image\/png\" \/>\n<meta name=\"twitter:card\" content=\"summary_large_image\" \/>\n<meta name=\"twitter:label1\" content=\"Szacowany czas czytania\" \/>\n\t<meta name=\"twitter:data1\" content=\"1 minuta\" \/>\n<script type=\"application\/ld+json\" class=\"yoast-schema-graph\">{\"@context\":\"https:\\\/\\\/schema.org\",\"@graph\":[{\"@type\":\"WebPage\",\"@id\":\"https:\\\/\\\/evocert.pl\\\/en\\\/rolnictwo-ekologiczne-w-polsce\\\/\",\"url\":\"https:\\\/\\\/evocert.pl\\\/en\\\/rolnictwo-ekologiczne-w-polsce\\\/\",\"name\":\"Rolnictwo ekologiczne w Polsce - EVOCERT\",\"isPartOf\":{\"@id\":\"https:\\\/\\\/evocert.pl\\\/en\\\/#website\"},\"datePublished\":\"2024-12-13T19:58:30+00:00\",\"dateModified\":\"2025-08-05T08:06:46+00:00\",\"breadcrumb\":{\"@id\":\"https:\\\/\\\/evocert.pl\\\/en\\\/rolnictwo-ekologiczne-w-polsce\\\/#breadcrumb\"},\"inLanguage\":\"pl-PL\",\"potentialAction\":[{\"@type\":\"ReadAction\",\"target\":[\"https:\\\/\\\/evocert.pl\\\/en\\\/rolnictwo-ekologiczne-w-polsce\\\/\"]}]},{\"@type\":\"BreadcrumbList\",\"@id\":\"https:\\\/\\\/evocert.pl\\\/en\\\/rolnictwo-ekologiczne-w-polsce\\\/#breadcrumb\",\"itemListElement\":[{\"@type\":\"ListItem\",\"position\":1,\"name\":\"Strona g\u0142\u00f3wna\",\"item\":\"https:\\\/\\\/evocert.pl\\\/en\\\/\"},{\"@type\":\"ListItem\",\"position\":2,\"name\":\"Rolnictwo ekologiczne w Polsce\"}]},{\"@type\":\"WebSite\",\"@id\":\"https:\\\/\\\/evocert.pl\\\/en\\\/#website\",\"url\":\"https:\\\/\\\/evocert.pl\\\/en\\\/\",\"name\":\"EVOCERT\",\"description\":\"Evolution in certification\",\"publisher\":{\"@id\":\"https:\\\/\\\/evocert.pl\\\/en\\\/#organization\"},\"potentialAction\":[{\"@type\":\"SearchAction\",\"target\":{\"@type\":\"EntryPoint\",\"urlTemplate\":\"https:\\\/\\\/evocert.pl\\\/en\\\/?s={search_term_string}\"},\"query-input\":{\"@type\":\"PropertyValueSpecification\",\"valueRequired\":true,\"valueName\":\"search_term_string\"}}],\"inLanguage\":\"pl-PL\"},{\"@type\":\"Organization\",\"@id\":\"https:\\\/\\\/evocert.pl\\\/en\\\/#organization\",\"name\":\"EVOCERT\",\"url\":\"https:\\\/\\\/evocert.pl\\\/en\\\/\",\"logo\":{\"@type\":\"ImageObject\",\"inLanguage\":\"pl-PL\",\"@id\":\"https:\\\/\\\/evocert.pl\\\/en\\\/#\\\/schema\\\/logo\\\/image\\\/\",\"url\":\"https:\\\/\\\/evocert.pl\\\/wp-content\\\/uploads\\\/2025\\\/01\\\/EVOCERT_logo_KOLOR_PNG.png\",\"contentUrl\":\"https:\\\/\\\/evocert.pl\\\/wp-content\\\/uploads\\\/2025\\\/01\\\/EVOCERT_logo_KOLOR_PNG.png\",\"width\":378,\"height\":378,\"caption\":\"EVOCERT\"},\"image\":{\"@id\":\"https:\\\/\\\/evocert.pl\\\/en\\\/#\\\/schema\\\/logo\\\/image\\\/\"},\"sameAs\":[\"https:\\\/\\\/www.linkedin.com\\\/company\\\/evocert-sp-z-o-o\"]}]}<\/script>\n<!-- \/ Yoast SEO plugin. -->","yoast_head_json":{"title":"Rolnictwo ekologiczne w Polsce - EVOCERT","robots":{"index":"index","follow":"follow","max-snippet":"max-snippet:-1","max-image-preview":"max-image-preview:large","max-video-preview":"max-video-preview:-1"},"canonical":"https:\/\/evocert.pl\/pl\/rolnictwo-ekologiczne-w-polsce\/","og_locale":"pl_PL","og_type":"article","og_title":"Rolnictwo ekologiczne w Polsce - EVOCERT","og_description":"Rolnictwo ekologiczne to przyjazny dla \u015brodowiska spos\u00f3b uprawy i hodowli, kt\u00f3ry opiera si\u0119 na odpowiedzialnym korzystaniu z zasob\u00f3w naturalnych. Jego celem jest dostarczanie r\u00f3\u017cnorodnych, zdrowych i wysokiej jako\u015bci produkt\u00f3w spo\u017cywczych \u2013 bez szkody dla natury, a wr\u0119cz z korzy\u015bci\u0105 dla niej. W praktyce oznacza to m.in. ca\u0142kowit\u0105 rezygnacj\u0119 z chemicznych nawoz\u00f3w, sztucznych \u015brodk\u00f3w ochrony ro\u015blin, [&hellip;]","og_url":"https:\/\/evocert.pl\/pl\/rolnictwo-ekologiczne-w-polsce\/","og_site_name":"EVOCERT","article_modified_time":"2025-08-05T08:06:46+00:00","og_image":[{"width":378,"height":378,"url":"https:\/\/evocert.pl\/wp-content\/uploads\/2025\/01\/EVOCERT_logo_KOLOR_PNG.png","type":"image\/png"}],"twitter_card":"summary_large_image","twitter_misc":{"Szacowany czas czytania":"1 minuta"},"schema":{"@context":"https:\/\/schema.org","@graph":[{"@type":"WebPage","@id":"https:\/\/evocert.pl\/en\/rolnictwo-ekologiczne-w-polsce\/","url":"https:\/\/evocert.pl\/en\/rolnictwo-ekologiczne-w-polsce\/","name":"Rolnictwo ekologiczne w Polsce - EVOCERT","isPartOf":{"@id":"https:\/\/evocert.pl\/en\/#website"},"datePublished":"2024-12-13T19:58:30+00:00","dateModified":"2025-08-05T08:06:46+00:00","breadcrumb":{"@id":"https:\/\/evocert.pl\/en\/rolnictwo-ekologiczne-w-polsce\/#breadcrumb"},"inLanguage":"pl-PL","potentialAction":[{"@type":"ReadAction","target":["https:\/\/evocert.pl\/en\/rolnictwo-ekologiczne-w-polsce\/"]}]},{"@type":"BreadcrumbList","@id":"https:\/\/evocert.pl\/en\/rolnictwo-ekologiczne-w-polsce\/#breadcrumb","itemListElement":[{"@type":"ListItem","position":1,"name":"Strona g\u0142\u00f3wna","item":"https:\/\/evocert.pl\/en\/"},{"@type":"ListItem","position":2,"name":"Rolnictwo ekologiczne w Polsce"}]},{"@type":"WebSite","@id":"https:\/\/evocert.pl\/en\/#website","url":"https:\/\/evocert.pl\/en\/","name":"EVOCERT","description":"Evolution in certification","publisher":{"@id":"https:\/\/evocert.pl\/en\/#organization"},"potentialAction":[{"@type":"SearchAction","target":{"@type":"EntryPoint","urlTemplate":"https:\/\/evocert.pl\/en\/?s={search_term_string}"},"query-input":{"@type":"PropertyValueSpecification","valueRequired":true,"valueName":"search_term_string"}}],"inLanguage":"pl-PL"},{"@type":"Organization","@id":"https:\/\/evocert.pl\/en\/#organization","name":"EVOCERT","url":"https:\/\/evocert.pl\/en\/","logo":{"@type":"ImageObject","inLanguage":"pl-PL","@id":"https:\/\/evocert.pl\/en\/#\/schema\/logo\/image\/","url":"https:\/\/evocert.pl\/wp-content\/uploads\/2025\/01\/EVOCERT_logo_KOLOR_PNG.png","contentUrl":"https:\/\/evocert.pl\/wp-content\/uploads\/2025\/01\/EVOCERT_logo_KOLOR_PNG.png","width":378,"height":378,"caption":"EVOCERT"},"image":{"@id":"https:\/\/evocert.pl\/en\/#\/schema\/logo\/image\/"},"sameAs":["https:\/\/www.linkedin.com\/company\/evocert-sp-z-o-o"]}]}},"_links":{"self":[{"href":"https:\/\/evocert.pl\/pl\/wp-json\/wp\/v2\/pages\/256","targetHints":{"allow":["GET"]}}],"collection":[{"href":"https:\/\/evocert.pl\/pl\/wp-json\/wp\/v2\/pages"}],"about":[{"href":"https:\/\/evocert.pl\/pl\/wp-json\/wp\/v2\/types\/page"}],"author":[{"embeddable":true,"href":"https:\/\/evocert.pl\/pl\/wp-json\/wp\/v2\/users\/2"}],"replies":[{"embeddable":true,"href":"https:\/\/evocert.pl\/pl\/wp-json\/wp\/v2\/comments?post=256"}],"version-history":[{"count":57,"href":"https:\/\/evocert.pl\/pl\/wp-json\/wp\/v2\/pages\/256\/revisions"}],"predecessor-version":[{"id":4389,"href":"https:\/\/evocert.pl\/pl\/wp-json\/wp\/v2\/pages\/256\/revisions\/4389"}],"wp:attachment":[{"href":"https:\/\/evocert.pl\/pl\/wp-json\/wp\/v2\/media?parent=256"}],"curies":[{"name":"wp","href":"https:\/\/api.w.org\/{rel}","templated":true}]}}